{"id":1848638,"date":"2024-09-11T14:13:23","date_gmt":"2024-09-11T11:13:23","guid":{"rendered":"http:\/\/ruuby.ee\/?post_type=product&#038;p=1848638"},"modified":"2026-04-08T01:28:32","modified_gmt":"2026-04-07T22:28:32","slug":"nore-kuunal-jasmiin-iiris-nektariin-150g","status":"publish","type":"product","link":"http:\/\/ruuby.ee\/en\/pood\/kodusisustus\/kuunlad\/lohnakuunlad\/nore-kuunal-jasmiin-iiris-nektariin-150g\/","title":{"rendered":"NORE k\u00fc\u00fcnal &#8211; Jasmiin-iiris-nektariin, 150g"},"content":{"rendered":"<div class=\"woocommerce-product-details__short-description\">\n<div class=\"woocommerce-product-details__short-description\">\n<p><span class=\"OYPEnA text-decoration-none text-strikethrough-none\">K\u00fclluslik ja mahlane l\u00f5hnakombinatsioon, milles p\u00f5imuvad aromaatne jasmiin, delikaatne ja \u00f5rn iiris ning mahlane ja magus nektariin. L\u00f5hnakombinatsiooni t\u00e4iustavad mahe pirn, v\u00e4rskendav apelsini\u00f5is ja merevaik.<\/span><\/p>\n<p>Nore k\u00fc\u00fcnlad valmivad k\u00e4sit\u00f6\u00f6na k\u00f5rgekvaliteedilistest aroomi\u00f5lidest ning 100% taimsest kookos-rapsivahast, mis ei sisalda parafiini ega s\u00fcnteetilisi lisandeid. K\u00f5rge kookose sisaldus k\u00fc\u00fcnlavahas pikendab p\u00f5lemisaega ning tagab k\u00fc\u00fcnla puhta p\u00f5lemise.<\/p>\n<p>K\u00fc\u00fcnlal on kaunis alumiiniumist kaas, mis kaitseb k\u00fc\u00fcnalt tolmu eest ja v\u00f5imaldab selle tugevat aroomi kauem s\u00e4ilitada.<\/p>\n<\/div>\n<\/div>\n<p>P\u00f5leta k\u00fc\u00fcnalt alati kogu pealispinna sulamiseni, see tagab k\u00fc\u00fcnla \u00fchtlase sulamise. K\u00fc\u00fcnla kustutamiseks vajuta taht sulavaha sisse v\u00f5i kasuta k\u00fc\u00fcnlakustutajat. \u00c4ra puhu leeki \u00e4ra, nii v\u00e4ldid tahma tekkimist ja sulavaha laiali puhumist. L\u00f5ika alati enne uut kasutuskorda taht 5mm pikkuseks, nii v\u00e4ldid k\u00fc\u00fcnla eba\u00fchtlast p\u00f5lemist, tahma tekkimist ja k\u00fc\u00fcnlaklaasi \u00fclekuumenemist. \u00c4ra p\u00f5leta k\u00fc\u00fcnalt j\u00e4rjest \u00fcle 3 tunni, et v\u00e4ltida klaasi \u00fclekuumenemist. \u00c4ra p\u00f5leta k\u00fc\u00fcnalt j\u00e4relvalveta ega kergelt s\u00fcttivate esemete l\u00e4hedal. Hoia k\u00fc\u00fcnalt lastele ja loomadele k\u00e4ttesaamatus kohas.<\/p>\n<p>Tunne enda k\u00fc\u00fcnlast r\u00f5\u00f5mu!<\/p>\n<p>P\u00f5letamisaeg &#8211; 35h<\/p>","protected":false},"excerpt":{"rendered":"<p>K\u00fclluslik ja mahlane l\u00f5hnakombinatsioon, milles p\u00f5imuvad aromaatne jasmiin, delikaatne ja \u00f5rn iiris ning mahlane ja magus nektariin. L\u00f5hnakombinatsiooni t\u00e4iustavad mahe pirn, v\u00e4rskendav apelsini\u00f5is ja merevaik. Nore k\u00fc\u00fcnlad valmivad k\u00e4sit\u00f6\u00f6na k\u00f5rgekvaliteedilistest aroomi\u00f5lidest ning 100% taimsest kookos-rapsivahast, mis ei sisalda parafiini ega s\u00fcnteetilisi lisandeid. K\u00f5rge kookose sisaldus k\u00fc\u00fcnlavahas pikendab p\u00f5lemisaega ning tagab k\u00fc\u00fcnla puhta p\u00f5lemise. K\u00fc\u00fcnlal on [&hellip;]<\/p>\n","protected":false},"featured_media":1848639,"comment_status":"open","ping_status":"closed","template":"","meta":[],"product_brand":[],"product_cat":[54,739],"product_tag":[],"class_list":{"0":"post-1848638","1":"product","2":"type-product","3":"status-publish","4":"has-post-thumbnail","6":"product_cat-kuunlad","7":"product_cat-lohnakuunlad","9":"first","10":"instock","11":"taxable","12":"shipping-taxable","13":"purchasable","14":"product-type-simple"},"yoast_head":"<!-- This site is optimized with the Yoast SEO plugin v27.3 - https:\/\/yoast.com\/product\/yoast-seo-wordpress\/ -->\n<title>NORE k\u00fc\u00fcnal - Jasmiin-iiris-nektariin, 150g - RUUBY<\/title>\n<meta name=\"robots\" content=\"index, follow, max-snippet:-1, max-image-preview:large, max-video-preview:-1\" \/>\n<link rel=\"canonical\" href=\"https:\/\/ruuby.ee\/en\/pood\/kodusisustus\/kuunlad\/lohnakuunlad\/nore-kuunal-jasmiin-iiris-nektariin-150g\/\" \/>\n<meta property=\"og:locale\" content=\"en_GB\" \/>\n<meta property=\"og:type\" content=\"article\" \/>\n<meta property=\"og:title\" content=\"NORE k\u00fc\u00fcnal - Jasmiin-iiris-nektariin, 150g - RUUBY\" \/>\n<meta property=\"og:description\" content=\"K\u00fclluslik ja mahlane l\u00f5hnakombinatsioon, milles p\u00f5imuvad aromaatne jasmiin, delikaatne ja \u00f5rn iiris ning mahlane ja magus nektariin. L\u00f5hnakombinatsiooni t\u00e4iustavad mahe pirn, v\u00e4rskendav apelsini\u00f5is ja merevaik. Nore k\u00fc\u00fcnlad valmivad k\u00e4sit\u00f6\u00f6na k\u00f5rgekvaliteedilistest aroomi\u00f5lidest ning 100% taimsest kookos-rapsivahast, mis ei sisalda parafiini ega s\u00fcnteetilisi lisandeid. K\u00f5rge kookose sisaldus k\u00fc\u00fcnlavahas pikendab p\u00f5lemisaega ning tagab k\u00fc\u00fcnla puhta p\u00f5lemise. K\u00fc\u00fcnlal on [&hellip;]\" \/>\n<meta property=\"og:url\" content=\"https:\/\/ruuby.ee\/en\/pood\/kodusisustus\/kuunlad\/lohnakuunlad\/nore-kuunal-jasmiin-iiris-nektariin-150g\/\" \/>\n<meta property=\"og:site_name\" content=\"RUUBY\" \/>\n<meta property=\"article:publisher\" content=\"https:\/\/www.facebook.com\/ruubyconcept\" \/>\n<meta property=\"article:modified_time\" content=\"2026-04-07T22:28:32+00:00\" \/>\n<meta property=\"og:image\" content=\"https:\/\/ruuby.ee\/wp-content\/uploads\/2024\/09\/Screenshot-2024-09-11-at-14.13.35.png\" \/>\n\t<meta property=\"og:image:width\" content=\"892\" \/>\n\t<meta property=\"og:image:height\" content=\"1118\" \/>\n\t<meta property=\"og:image:type\" content=\"image\/png\" \/>\n<meta name=\"twitter:card\" content=\"summary_large_image\" \/>\n<meta name=\"twitter:label1\" content=\"Estimated reading time\" \/>\n\t<meta name=\"twitter:data1\" content=\"2 minutes\" \/>\n<script type=\"application\/ld+json\" class=\"yoast-schema-graph\">{\"@context\":\"https:\\\/\\\/schema.org\",\"@graph\":[{\"@type\":[\"WebPage\",\"ItemPage\"],\"@id\":\"https:\\\/\\\/ruuby.ee\\\/pood\\\/kodusisustus\\\/kuunlad\\\/lohnakuunlad\\\/nore-kuunal-jasmiin-iiris-nektariin-150g\\\/\",\"url\":\"https:\\\/\\\/ruuby.ee\\\/pood\\\/kodusisustus\\\/kuunlad\\\/lohnakuunlad\\\/nore-kuunal-jasmiin-iiris-nektariin-150g\\\/\",\"name\":\"NORE k\u00fc\u00fcnal - Jasmiin-iiris-nektariin, 150g - RUUBY\",\"isPartOf\":{\"@id\":\"http:\\\/\\\/ruuby.ee\\\/#website\"},\"primaryImageOfPage\":{\"@id\":\"https:\\\/\\\/ruuby.ee\\\/pood\\\/kodusisustus\\\/kuunlad\\\/lohnakuunlad\\\/nore-kuunal-jasmiin-iiris-nektariin-150g\\\/#primaryimage\"},\"image\":{\"@id\":\"https:\\\/\\\/ruuby.ee\\\/pood\\\/kodusisustus\\\/kuunlad\\\/lohnakuunlad\\\/nore-kuunal-jasmiin-iiris-nektariin-150g\\\/#primaryimage\"},\"thumbnailUrl\":\"http:\\\/\\\/ruuby.ee\\\/wp-content\\\/uploads\\\/2024\\\/09\\\/Screenshot-2024-09-11-at-14.13.35.png\",\"datePublished\":\"2024-09-11T11:13:23+00:00\",\"dateModified\":\"2026-04-07T22:28:32+00:00\",\"breadcrumb\":{\"@id\":\"https:\\\/\\\/ruuby.ee\\\/pood\\\/kodusisustus\\\/kuunlad\\\/lohnakuunlad\\\/nore-kuunal-jasmiin-iiris-nektariin-150g\\\/#breadcrumb\"},\"inLanguage\":\"en-GB\",\"potentialAction\":[{\"@type\":\"ReadAction\",\"target\":[\"https:\\\/\\\/ruuby.ee\\\/pood\\\/kodusisustus\\\/kuunlad\\\/lohnakuunlad\\\/nore-kuunal-jasmiin-iiris-nektariin-150g\\\/\"]}]},{\"@type\":\"ImageObject\",\"inLanguage\":\"en-GB\",\"@id\":\"https:\\\/\\\/ruuby.ee\\\/pood\\\/kodusisustus\\\/kuunlad\\\/lohnakuunlad\\\/nore-kuunal-jasmiin-iiris-nektariin-150g\\\/#primaryimage\",\"url\":\"http:\\\/\\\/ruuby.ee\\\/wp-content\\\/uploads\\\/2024\\\/09\\\/Screenshot-2024-09-11-at-14.13.35.png\",\"contentUrl\":\"http:\\\/\\\/ruuby.ee\\\/wp-content\\\/uploads\\\/2024\\\/09\\\/Screenshot-2024-09-11-at-14.13.35.png\",\"width\":892,\"height\":1118},{\"@type\":\"BreadcrumbList\",\"@id\":\"https:\\\/\\\/ruuby.ee\\\/pood\\\/kodusisustus\\\/kuunlad\\\/lohnakuunlad\\\/nore-kuunal-jasmiin-iiris-nektariin-150g\\\/#breadcrumb\",\"itemListElement\":[{\"@type\":\"ListItem\",\"position\":1,\"name\":\"Kdu\",\"item\":\"http:\\\/\\\/ruuby.ee\\\/\"},{\"@type\":\"ListItem\",\"position\":2,\"name\":\"Pood\",\"item\":\"http:\\\/\\\/ruuby.ee\\\/pood\\\/\"},{\"@type\":\"ListItem\",\"position\":3,\"name\":\"NORE k\u00fc\u00fcnal &#8211; Jasmiin-iiris-nektariin, 150g\"}]},{\"@type\":\"WebSite\",\"@id\":\"http:\\\/\\\/ruuby.ee\\\/#website\",\"url\":\"http:\\\/\\\/ruuby.ee\\\/\",\"name\":\"RUUBY\",\"description\":\"Ruubys on \u00fchendatud elustiil ja disain\",\"publisher\":{\"@id\":\"http:\\\/\\\/ruuby.ee\\\/#organization\"},\"alternateName\":\"Ruuby Disain\",\"potentialAction\":[{\"@type\":\"SearchAction\",\"target\":{\"@type\":\"EntryPoint\",\"urlTemplate\":\"http:\\\/\\\/ruuby.ee\\\/?s={search_term_string}\"},\"query-input\":{\"@type\":\"PropertyValueSpecification\",\"valueRequired\":true,\"valueName\":\"search_term_string\"}}],\"inLanguage\":\"en-GB\"},{\"@type\":\"Organization\",\"@id\":\"http:\\\/\\\/ruuby.ee\\\/#organization\",\"name\":\"Ruuby Disain O\u00dc\",\"alternateName\":\"Ruuby\",\"url\":\"http:\\\/\\\/ruuby.ee\\\/\",\"logo\":{\"@type\":\"ImageObject\",\"inLanguage\":\"en-GB\",\"@id\":\"http:\\\/\\\/ruuby.ee\\\/#\\\/schema\\\/logo\\\/image\\\/\",\"url\":\"http:\\\/\\\/ruuby.ee\\\/wp-content\\\/uploads\\\/2023\\\/06\\\/cropped-Black-White-Elegant-Circle-Signature-Fashion-Logo-12_large.png\",\"contentUrl\":\"http:\\\/\\\/ruuby.ee\\\/wp-content\\\/uploads\\\/2023\\\/06\\\/cropped-Black-White-Elegant-Circle-Signature-Fashion-Logo-12_large.png\",\"width\":1280,\"height\":747,\"caption\":\"Ruuby Disain O\u00dc\"},\"image\":{\"@id\":\"http:\\\/\\\/ruuby.ee\\\/#\\\/schema\\\/logo\\\/image\\\/\"},\"sameAs\":[\"https:\\\/\\\/www.facebook.com\\\/ruubyconcept\",\"https:\\\/\\\/www.instagram.com\\\/ruuby_concept\\\/\"]}]}<\/script>\n<!-- \/ Yoast SEO plugin. -->","yoast_head_json":{"title":"NORE k\u00fc\u00fcnal - Jasmiin-iiris-nektariin, 150g - RUUBY","robots":{"index":"index","follow":"follow","max-snippet":"max-snippet:-1","max-image-preview":"max-image-preview:large","max-video-preview":"max-video-preview:-1"},"canonical":"https:\/\/ruuby.ee\/en\/pood\/kodusisustus\/kuunlad\/lohnakuunlad\/nore-kuunal-jasmiin-iiris-nektariin-150g\/","og_locale":"en_GB","og_type":"article","og_title":"NORE k\u00fc\u00fcnal - Jasmiin-iiris-nektariin, 150g - RUUBY","og_description":"K\u00fclluslik ja mahlane l\u00f5hnakombinatsioon, milles p\u00f5imuvad aromaatne jasmiin, delikaatne ja \u00f5rn iiris ning mahlane ja magus nektariin. L\u00f5hnakombinatsiooni t\u00e4iustavad mahe pirn, v\u00e4rskendav apelsini\u00f5is ja merevaik. Nore k\u00fc\u00fcnlad valmivad k\u00e4sit\u00f6\u00f6na k\u00f5rgekvaliteedilistest aroomi\u00f5lidest ning 100% taimsest kookos-rapsivahast, mis ei sisalda parafiini ega s\u00fcnteetilisi lisandeid. K\u00f5rge kookose sisaldus k\u00fc\u00fcnlavahas pikendab p\u00f5lemisaega ning tagab k\u00fc\u00fcnla puhta p\u00f5lemise. K\u00fc\u00fcnlal on [&hellip;]","og_url":"https:\/\/ruuby.ee\/en\/pood\/kodusisustus\/kuunlad\/lohnakuunlad\/nore-kuunal-jasmiin-iiris-nektariin-150g\/","og_site_name":"RUUBY","article_publisher":"https:\/\/www.facebook.com\/ruubyconcept","article_modified_time":"2026-04-07T22:28:32+00:00","og_image":[{"width":892,"height":1118,"url":"https:\/\/ruuby.ee\/wp-content\/uploads\/2024\/09\/Screenshot-2024-09-11-at-14.13.35.png","type":"image\/png"}],"twitter_card":"summary_large_image","twitter_misc":{"Estimated reading time":"2 minutes"},"schema":{"@context":"https:\/\/schema.org","@graph":[{"@type":["WebPage","ItemPage"],"@id":"https:\/\/ruuby.ee\/pood\/kodusisustus\/kuunlad\/lohnakuunlad\/nore-kuunal-jasmiin-iiris-nektariin-150g\/","url":"https:\/\/ruuby.ee\/pood\/kodusisustus\/kuunlad\/lohnakuunlad\/nore-kuunal-jasmiin-iiris-nektariin-150g\/","name":"NORE k\u00fc\u00fcnal - Jasmiin-iiris-nektariin, 150g - RUUBY","isPartOf":{"@id":"http:\/\/ruuby.ee\/#website"},"primaryImageOfPage":{"@id":"https:\/\/ruuby.ee\/pood\/kodusisustus\/kuunlad\/lohnakuunlad\/nore-kuunal-jasmiin-iiris-nektariin-150g\/#primaryimage"},"image":{"@id":"https:\/\/ruuby.ee\/pood\/kodusisustus\/kuunlad\/lohnakuunlad\/nore-kuunal-jasmiin-iiris-nektariin-150g\/#primaryimage"},"thumbnailUrl":"http:\/\/ruuby.ee\/wp-content\/uploads\/2024\/09\/Screenshot-2024-09-11-at-14.13.35.png","datePublished":"2024-09-11T11:13:23+00:00","dateModified":"2026-04-07T22:28:32+00:00","breadcrumb":{"@id":"https:\/\/ruuby.ee\/pood\/kodusisustus\/kuunlad\/lohnakuunlad\/nore-kuunal-jasmiin-iiris-nektariin-150g\/#breadcrumb"},"inLanguage":"en-GB","potentialAction":[{"@type":"ReadAction","target":["https:\/\/ruuby.ee\/pood\/kodusisustus\/kuunlad\/lohnakuunlad\/nore-kuunal-jasmiin-iiris-nektariin-150g\/"]}]},{"@type":"ImageObject","inLanguage":"en-GB","@id":"https:\/\/ruuby.ee\/pood\/kodusisustus\/kuunlad\/lohnakuunlad\/nore-kuunal-jasmiin-iiris-nektariin-150g\/#primaryimage","url":"http:\/\/ruuby.ee\/wp-content\/uploads\/2024\/09\/Screenshot-2024-09-11-at-14.13.35.png","contentUrl":"http:\/\/ruuby.ee\/wp-content\/uploads\/2024\/09\/Screenshot-2024-09-11-at-14.13.35.png","width":892,"height":1118},{"@type":"BreadcrumbList","@id":"https:\/\/ruuby.ee\/pood\/kodusisustus\/kuunlad\/lohnakuunlad\/nore-kuunal-jasmiin-iiris-nektariin-150g\/#breadcrumb","itemListElement":[{"@type":"ListItem","position":1,"name":"Kdu","item":"http:\/\/ruuby.ee\/"},{"@type":"ListItem","position":2,"name":"Pood","item":"http:\/\/ruuby.ee\/pood\/"},{"@type":"ListItem","position":3,"name":"NORE k\u00fc\u00fcnal &#8211; Jasmiin-iiris-nektariin, 150g"}]},{"@type":"WebSite","@id":"http:\/\/ruuby.ee\/#website","url":"http:\/\/ruuby.ee\/","name":"RUUBY","description":"Ruubys on \u00fchendatud elustiil ja disain","publisher":{"@id":"http:\/\/ruuby.ee\/#organization"},"alternateName":"Ruuby Disain","potentialAction":[{"@type":"SearchAction","target":{"@type":"EntryPoint","urlTemplate":"http:\/\/ruuby.ee\/?s={search_term_string}"},"query-input":{"@type":"PropertyValueSpecification","valueRequired":true,"valueName":"search_term_string"}}],"inLanguage":"en-GB"},{"@type":"Organization","@id":"http:\/\/ruuby.ee\/#organization","name":"Ruuby Disain O\u00dc","alternateName":"Ruuby","url":"http:\/\/ruuby.ee\/","logo":{"@type":"ImageObject","inLanguage":"en-GB","@id":"http:\/\/ruuby.ee\/#\/schema\/logo\/image\/","url":"http:\/\/ruuby.ee\/wp-content\/uploads\/2023\/06\/cropped-Black-White-Elegant-Circle-Signature-Fashion-Logo-12_large.png","contentUrl":"http:\/\/ruuby.ee\/wp-content\/uploads\/2023\/06\/cropped-Black-White-Elegant-Circle-Signature-Fashion-Logo-12_large.png","width":1280,"height":747,"caption":"Ruuby Disain O\u00dc"},"image":{"@id":"http:\/\/ruuby.ee\/#\/schema\/logo\/image\/"},"sameAs":["https:\/\/www.facebook.com\/ruubyconcept","https:\/\/www.instagram.com\/ruuby_concept\/"]}]}},"jetpack_sharing_enabled":true,"_links":{"self":[{"href":"http:\/\/ruuby.ee\/en\/wp-json\/wp\/v2\/product\/1848638","targetHints":{"allow":["GET"]}}],"collection":[{"href":"http:\/\/ruuby.ee\/en\/wp-json\/wp\/v2\/product"}],"about":[{"href":"http:\/\/ruuby.ee\/en\/wp-json\/wp\/v2\/types\/product"}],"replies":[{"embeddable":true,"href":"http:\/\/ruuby.ee\/en\/wp-json\/wp\/v2\/comments?post=1848638"}],"wp:featuredmedia":[{"embeddable":true,"href":"http:\/\/ruuby.ee\/en\/wp-json\/wp\/v2\/media\/1848639"}],"wp:attachment":[{"href":"http:\/\/ruuby.ee\/en\/wp-json\/wp\/v2\/media?parent=1848638"}],"wp:term":[{"taxonomy":"product_brand","embeddable":true,"href":"http:\/\/ruuby.ee\/en\/wp-json\/wp\/v2\/product_brand?post=1848638"},{"taxonomy":"product_cat","embeddable":true,"href":"http:\/\/ruuby.ee\/en\/wp-json\/wp\/v2\/product_cat?post=1848638"},{"taxonomy":"product_tag","embeddable":true,"href":"http:\/\/ruuby.ee\/en\/wp-json\/wp\/v2\/product_tag?post=1848638"}],"curies":[{"name":"wp","href":"https:\/\/api.w.org\/{rel}","templated":true}]}}