{"id":1848587,"date":"2024-09-10T15:12:56","date_gmt":"2024-09-10T12:12:56","guid":{"rendered":"http:\/\/ruuby.ee\/?post_type=product&#038;p=1848587"},"modified":"2026-04-08T01:28:33","modified_gmt":"2026-04-07T22:28:33","slug":"ayaida-joogipudel-driftwood-350ml","status":"publish","type":"product","link":"http:\/\/ruuby.ee\/en\/pood\/aksessuaarid\/joogipudelid-ja-haara-kaasa-valik\/joogipudelid-joogipudelid-ja-haara-kaasa-valik\/ayaida-joogipudel-driftwood-350ml\/","title":{"rendered":"AYA&amp;IDA &#8211; joogipudel, Driftwood, 350ml"},"content":{"rendered":"<p style=\"font-weight: 400;\">See joogipudel sobib suurep\u00e4raselt lastele. See on hea suurus ka v\u00e4iksemate kottide jaoks liikvel olles.<\/p>\n<p style=\"font-weight: 400;\">AYA&amp;IDA joogipudeliga soovime, et meie kliendid jooksid stiilselt, aidates samal ajal planeedil paremini hingata.<\/p>\n<p style=\"font-weight: 400;\">Pudel hoiab teie joogid ideaalselt kuumana 12 tundi ja k\u00fclmana 24 tundi!<\/p>\n<p style=\"font-weight: 400;\">Ideaalne liikvel olles, olgu sul pudelis tee, kohv, limonaad v\u00f5i j\u00e4\u00e4k\u00fclm vesi.<\/p>\n<p style=\"font-weight: 400;\">Pudelid on 100% vabad BPA-st, ftalaatidest ja toksiinidest. Valmistatud vaakumisolatsiooniga toidukvaliteediga 18\/8 roostevabast terasest. Sisaldab vasekihti, nii et see on t\u00e4iesti kondensatsioonivaba.<\/p>\n<p style=\"font-weight: 400;\">Kui soovid oma joogipudelit \u00fcmber k\u00e4e paelaga hoida \u2013 siis otsa juurde AYA&amp;IDA pudelik\u00e4epidemed, sobivad k\u00f5ikidele AYA&amp;IDA pudelitele ja h\u00f5lbustavad pudeli kaasaskandmist. Toodetud plaatina silikoonist. Pudelik\u00e4epidemes leiad meie e-poest ja poes kohapeal.<\/p>\n<p style=\"font-weight: 400;\">Kaunis disain, ilusad pastelsed toonid ning kasuta j\u00e4lle ja j\u00e4lle!<\/p>\n<p>J\u00e4reltellitava toote tarne 10 t\u00f6\u00f6p\u00e4eva.<\/p>\n<p style=\"font-weight: 400;\">","protected":false},"excerpt":{"rendered":"<p>See joogipudel sobib suurep\u00e4raselt lastele. See on hea suurus ka v\u00e4iksemate kottide jaoks liikvel olles. AYA&amp;IDA joogipudeliga soovime, et meie kliendid jooksid stiilselt, aidates samal ajal planeedil paremini hingata. Pudel hoiab teie joogid ideaalselt kuumana 12 tundi ja k\u00fclmana 24 tundi! Ideaalne liikvel olles, olgu sul pudelis tee, kohv, limonaad v\u00f5i j\u00e4\u00e4k\u00fclm vesi. Pudelid on [&hellip;]<\/p>\n","protected":false},"featured_media":1848592,"comment_status":"open","ping_status":"closed","template":"","meta":[],"product_brand":[],"product_cat":[838,463],"product_tag":[],"class_list":{"0":"post-1848587","1":"product","2":"type-product","3":"status-publish","4":"has-post-thumbnail","6":"product_cat-joogipudelid-joogipudelid-ja-haara-kaasa-valik","7":"product_cat-joogipudelid-ja-haara-kaasa-valik","9":"first","10":"instock","11":"taxable","12":"shipping-taxable","13":"purchasable","14":"product-type-simple"},"yoast_head":"<!-- This site is optimized with the Yoast SEO plugin v27.3 - https:\/\/yoast.com\/product\/yoast-seo-wordpress\/ -->\n<title>AYA&amp;IDA - joogipudel, Driftwood, 350ml - RUUBY<\/title>\n<meta name=\"robots\" content=\"index, follow, max-snippet:-1, max-image-preview:large, max-video-preview:-1\" \/>\n<link rel=\"canonical\" href=\"http:\/\/ruuby.ee\/en\/pood\/aksessuaarid\/joogipudelid-ja-haara-kaasa-valik\/joogipudelid-joogipudelid-ja-haara-kaasa-valik\/ayaida-joogipudel-driftwood-350ml\/\" \/>\n<meta property=\"og:locale\" content=\"en_GB\" \/>\n<meta property=\"og:type\" content=\"article\" \/>\n<meta property=\"og:title\" content=\"AYA&amp;IDA - joogipudel, Driftwood, 350ml - RUUBY\" \/>\n<meta property=\"og:description\" content=\"See joogipudel sobib suurep\u00e4raselt lastele. See on hea suurus ka v\u00e4iksemate kottide jaoks liikvel olles. AYA&amp;IDA joogipudeliga soovime, et meie kliendid jooksid stiilselt, aidates samal ajal planeedil paremini hingata. Pudel hoiab teie joogid ideaalselt kuumana 12 tundi ja k\u00fclmana 24 tundi! Ideaalne liikvel olles, olgu sul pudelis tee, kohv, limonaad v\u00f5i j\u00e4\u00e4k\u00fclm vesi. Pudelid on [&hellip;]\" \/>\n<meta property=\"og:url\" content=\"http:\/\/ruuby.ee\/en\/pood\/aksessuaarid\/joogipudelid-ja-haara-kaasa-valik\/joogipudelid-joogipudelid-ja-haara-kaasa-valik\/ayaida-joogipudel-driftwood-350ml\/\" \/>\n<meta property=\"og:site_name\" content=\"RUUBY\" \/>\n<meta property=\"article:publisher\" content=\"https:\/\/www.facebook.com\/ruubyconcept\" \/>\n<meta property=\"article:modified_time\" content=\"2026-04-07T22:28:33+00:00\" \/>\n<meta property=\"og:image\" content=\"http:\/\/ruuby.ee\/wp-content\/uploads\/2024\/09\/1930-2-e1725970496725.png\" \/>\n\t<meta property=\"og:image:width\" content=\"1432\" \/>\n\t<meta property=\"og:image:height\" content=\"1242\" \/>\n\t<meta property=\"og:image:type\" content=\"image\/png\" \/>\n<meta name=\"twitter:card\" content=\"summary_large_image\" \/>\n<meta name=\"twitter:label1\" content=\"Estimated reading time\" \/>\n\t<meta name=\"twitter:data1\" content=\"1 minute\" \/>\n<script type=\"application\/ld+json\" class=\"yoast-schema-graph\">{\"@context\":\"https:\\\/\\\/schema.org\",\"@graph\":[{\"@type\":[\"WebPage\",\"ItemPage\"],\"@id\":\"http:\\\/\\\/ruuby.ee\\\/pood\\\/aksessuaarid\\\/joogipudelid-ja-haara-kaasa-valik\\\/joogipudelid-joogipudelid-ja-haara-kaasa-valik\\\/ayaida-joogipudel-driftwood-350ml\\\/\",\"url\":\"http:\\\/\\\/ruuby.ee\\\/pood\\\/aksessuaarid\\\/joogipudelid-ja-haara-kaasa-valik\\\/joogipudelid-joogipudelid-ja-haara-kaasa-valik\\\/ayaida-joogipudel-driftwood-350ml\\\/\",\"name\":\"AYA&amp;IDA - joogipudel, Driftwood, 350ml - RUUBY\",\"isPartOf\":{\"@id\":\"https:\\\/\\\/ruuby.ee\\\/en\\\/#website\"},\"primaryImageOfPage\":{\"@id\":\"http:\\\/\\\/ruuby.ee\\\/pood\\\/aksessuaarid\\\/joogipudelid-ja-haara-kaasa-valik\\\/joogipudelid-joogipudelid-ja-haara-kaasa-valik\\\/ayaida-joogipudel-driftwood-350ml\\\/#primaryimage\"},\"image\":{\"@id\":\"http:\\\/\\\/ruuby.ee\\\/pood\\\/aksessuaarid\\\/joogipudelid-ja-haara-kaasa-valik\\\/joogipudelid-joogipudelid-ja-haara-kaasa-valik\\\/ayaida-joogipudel-driftwood-350ml\\\/#primaryimage\"},\"thumbnailUrl\":\"http:\\\/\\\/ruuby.ee\\\/wp-content\\\/uploads\\\/2024\\\/09\\\/1930-2-e1725970496725.png\",\"datePublished\":\"2024-09-10T12:12:56+00:00\",\"dateModified\":\"2026-04-07T22:28:33+00:00\",\"breadcrumb\":{\"@id\":\"http:\\\/\\\/ruuby.ee\\\/pood\\\/aksessuaarid\\\/joogipudelid-ja-haara-kaasa-valik\\\/joogipudelid-joogipudelid-ja-haara-kaasa-valik\\\/ayaida-joogipudel-driftwood-350ml\\\/#breadcrumb\"},\"inLanguage\":\"en-GB\",\"potentialAction\":[{\"@type\":\"ReadAction\",\"target\":[\"http:\\\/\\\/ruuby.ee\\\/pood\\\/aksessuaarid\\\/joogipudelid-ja-haara-kaasa-valik\\\/joogipudelid-joogipudelid-ja-haara-kaasa-valik\\\/ayaida-joogipudel-driftwood-350ml\\\/\"]}]},{\"@type\":\"ImageObject\",\"inLanguage\":\"en-GB\",\"@id\":\"http:\\\/\\\/ruuby.ee\\\/pood\\\/aksessuaarid\\\/joogipudelid-ja-haara-kaasa-valik\\\/joogipudelid-joogipudelid-ja-haara-kaasa-valik\\\/ayaida-joogipudel-driftwood-350ml\\\/#primaryimage\",\"url\":\"http:\\\/\\\/ruuby.ee\\\/wp-content\\\/uploads\\\/2024\\\/09\\\/1930-2-e1725970496725.png\",\"contentUrl\":\"http:\\\/\\\/ruuby.ee\\\/wp-content\\\/uploads\\\/2024\\\/09\\\/1930-2-e1725970496725.png\",\"width\":1432,\"height\":1242},{\"@type\":\"BreadcrumbList\",\"@id\":\"http:\\\/\\\/ruuby.ee\\\/pood\\\/aksessuaarid\\\/joogipudelid-ja-haara-kaasa-valik\\\/joogipudelid-joogipudelid-ja-haara-kaasa-valik\\\/ayaida-joogipudel-driftwood-350ml\\\/#breadcrumb\",\"itemListElement\":[{\"@type\":\"ListItem\",\"position\":1,\"name\":\"Kdu\",\"item\":\"https:\\\/\\\/ruuby.ee\\\/en\\\/\"},{\"@type\":\"ListItem\",\"position\":2,\"name\":\"Pood\",\"item\":\"https:\\\/\\\/ruuby.ee\\\/en\\\/pood\\\/\"},{\"@type\":\"ListItem\",\"position\":3,\"name\":\"AYA&amp;IDA &#8211; joogipudel, Driftwood, 350ml\"}]},{\"@type\":\"WebSite\",\"@id\":\"https:\\\/\\\/ruuby.ee\\\/en\\\/#website\",\"url\":\"https:\\\/\\\/ruuby.ee\\\/en\\\/\",\"name\":\"RUUBY\",\"description\":\"Ruubys on \u00fchendatud elustiil ja disain\",\"publisher\":{\"@id\":\"https:\\\/\\\/ruuby.ee\\\/en\\\/#organization\"},\"alternateName\":\"Ruuby Disain\",\"potentialAction\":[{\"@type\":\"SearchAction\",\"target\":{\"@type\":\"EntryPoint\",\"urlTemplate\":\"https:\\\/\\\/ruuby.ee\\\/en\\\/?s={search_term_string}\"},\"query-input\":{\"@type\":\"PropertyValueSpecification\",\"valueRequired\":true,\"valueName\":\"search_term_string\"}}],\"inLanguage\":\"en-GB\"},{\"@type\":\"Organization\",\"@id\":\"https:\\\/\\\/ruuby.ee\\\/en\\\/#organization\",\"name\":\"Ruuby Disain O\u00dc\",\"alternateName\":\"Ruuby\",\"url\":\"https:\\\/\\\/ruuby.ee\\\/en\\\/\",\"logo\":{\"@type\":\"ImageObject\",\"inLanguage\":\"en-GB\",\"@id\":\"https:\\\/\\\/ruuby.ee\\\/en\\\/#\\\/schema\\\/logo\\\/image\\\/\",\"url\":\"http:\\\/\\\/ruuby.ee\\\/wp-content\\\/uploads\\\/2023\\\/06\\\/cropped-Black-White-Elegant-Circle-Signature-Fashion-Logo-12_large.png\",\"contentUrl\":\"http:\\\/\\\/ruuby.ee\\\/wp-content\\\/uploads\\\/2023\\\/06\\\/cropped-Black-White-Elegant-Circle-Signature-Fashion-Logo-12_large.png\",\"width\":1280,\"height\":747,\"caption\":\"Ruuby Disain O\u00dc\"},\"image\":{\"@id\":\"https:\\\/\\\/ruuby.ee\\\/en\\\/#\\\/schema\\\/logo\\\/image\\\/\"},\"sameAs\":[\"https:\\\/\\\/www.facebook.com\\\/ruubyconcept\",\"https:\\\/\\\/www.instagram.com\\\/ruuby_concept\\\/\"]}]}<\/script>\n<!-- \/ Yoast SEO plugin. -->","yoast_head_json":{"title":"AYA&amp;IDA - joogipudel, Driftwood, 350ml - RUUBY","robots":{"index":"index","follow":"follow","max-snippet":"max-snippet:-1","max-image-preview":"max-image-preview:large","max-video-preview":"max-video-preview:-1"},"canonical":"http:\/\/ruuby.ee\/en\/pood\/aksessuaarid\/joogipudelid-ja-haara-kaasa-valik\/joogipudelid-joogipudelid-ja-haara-kaasa-valik\/ayaida-joogipudel-driftwood-350ml\/","og_locale":"en_GB","og_type":"article","og_title":"AYA&amp;IDA - joogipudel, Driftwood, 350ml - RUUBY","og_description":"See joogipudel sobib suurep\u00e4raselt lastele. See on hea suurus ka v\u00e4iksemate kottide jaoks liikvel olles. AYA&amp;IDA joogipudeliga soovime, et meie kliendid jooksid stiilselt, aidates samal ajal planeedil paremini hingata. Pudel hoiab teie joogid ideaalselt kuumana 12 tundi ja k\u00fclmana 24 tundi! Ideaalne liikvel olles, olgu sul pudelis tee, kohv, limonaad v\u00f5i j\u00e4\u00e4k\u00fclm vesi. Pudelid on [&hellip;]","og_url":"http:\/\/ruuby.ee\/en\/pood\/aksessuaarid\/joogipudelid-ja-haara-kaasa-valik\/joogipudelid-joogipudelid-ja-haara-kaasa-valik\/ayaida-joogipudel-driftwood-350ml\/","og_site_name":"RUUBY","article_publisher":"https:\/\/www.facebook.com\/ruubyconcept","article_modified_time":"2026-04-07T22:28:33+00:00","og_image":[{"width":1432,"height":1242,"url":"http:\/\/ruuby.ee\/wp-content\/uploads\/2024\/09\/1930-2-e1725970496725.png","type":"image\/png"}],"twitter_card":"summary_large_image","twitter_misc":{"Estimated reading time":"1 minute"},"schema":{"@context":"https:\/\/schema.org","@graph":[{"@type":["WebPage","ItemPage"],"@id":"http:\/\/ruuby.ee\/pood\/aksessuaarid\/joogipudelid-ja-haara-kaasa-valik\/joogipudelid-joogipudelid-ja-haara-kaasa-valik\/ayaida-joogipudel-driftwood-350ml\/","url":"http:\/\/ruuby.ee\/pood\/aksessuaarid\/joogipudelid-ja-haara-kaasa-valik\/joogipudelid-joogipudelid-ja-haara-kaasa-valik\/ayaida-joogipudel-driftwood-350ml\/","name":"AYA&amp;IDA - joogipudel, Driftwood, 350ml - RUUBY","isPartOf":{"@id":"https:\/\/ruuby.ee\/en\/#website"},"primaryImageOfPage":{"@id":"http:\/\/ruuby.ee\/pood\/aksessuaarid\/joogipudelid-ja-haara-kaasa-valik\/joogipudelid-joogipudelid-ja-haara-kaasa-valik\/ayaida-joogipudel-driftwood-350ml\/#primaryimage"},"image":{"@id":"http:\/\/ruuby.ee\/pood\/aksessuaarid\/joogipudelid-ja-haara-kaasa-valik\/joogipudelid-joogipudelid-ja-haara-kaasa-valik\/ayaida-joogipudel-driftwood-350ml\/#primaryimage"},"thumbnailUrl":"http:\/\/ruuby.ee\/wp-content\/uploads\/2024\/09\/1930-2-e1725970496725.png","datePublished":"2024-09-10T12:12:56+00:00","dateModified":"2026-04-07T22:28:33+00:00","breadcrumb":{"@id":"http:\/\/ruuby.ee\/pood\/aksessuaarid\/joogipudelid-ja-haara-kaasa-valik\/joogipudelid-joogipudelid-ja-haara-kaasa-valik\/ayaida-joogipudel-driftwood-350ml\/#breadcrumb"},"inLanguage":"en-GB","potentialAction":[{"@type":"ReadAction","target":["http:\/\/ruuby.ee\/pood\/aksessuaarid\/joogipudelid-ja-haara-kaasa-valik\/joogipudelid-joogipudelid-ja-haara-kaasa-valik\/ayaida-joogipudel-driftwood-350ml\/"]}]},{"@type":"ImageObject","inLanguage":"en-GB","@id":"http:\/\/ruuby.ee\/pood\/aksessuaarid\/joogipudelid-ja-haara-kaasa-valik\/joogipudelid-joogipudelid-ja-haara-kaasa-valik\/ayaida-joogipudel-driftwood-350ml\/#primaryimage","url":"http:\/\/ruuby.ee\/wp-content\/uploads\/2024\/09\/1930-2-e1725970496725.png","contentUrl":"http:\/\/ruuby.ee\/wp-content\/uploads\/2024\/09\/1930-2-e1725970496725.png","width":1432,"height":1242},{"@type":"BreadcrumbList","@id":"http:\/\/ruuby.ee\/pood\/aksessuaarid\/joogipudelid-ja-haara-kaasa-valik\/joogipudelid-joogipudelid-ja-haara-kaasa-valik\/ayaida-joogipudel-driftwood-350ml\/#breadcrumb","itemListElement":[{"@type":"ListItem","position":1,"name":"Kdu","item":"https:\/\/ruuby.ee\/en\/"},{"@type":"ListItem","position":2,"name":"Pood","item":"https:\/\/ruuby.ee\/en\/pood\/"},{"@type":"ListItem","position":3,"name":"AYA&amp;IDA &#8211; joogipudel, Driftwood, 350ml"}]},{"@type":"WebSite","@id":"https:\/\/ruuby.ee\/en\/#website","url":"https:\/\/ruuby.ee\/en\/","name":"RUUBY","description":"Ruubys on \u00fchendatud elustiil ja disain","publisher":{"@id":"https:\/\/ruuby.ee\/en\/#organization"},"alternateName":"Ruuby Disain","potentialAction":[{"@type":"SearchAction","target":{"@type":"EntryPoint","urlTemplate":"https:\/\/ruuby.ee\/en\/?s={search_term_string}"},"query-input":{"@type":"PropertyValueSpecification","valueRequired":true,"valueName":"search_term_string"}}],"inLanguage":"en-GB"},{"@type":"Organization","@id":"https:\/\/ruuby.ee\/en\/#organization","name":"Ruuby Disain O\u00dc","alternateName":"Ruuby","url":"https:\/\/ruuby.ee\/en\/","logo":{"@type":"ImageObject","inLanguage":"en-GB","@id":"https:\/\/ruuby.ee\/en\/#\/schema\/logo\/image\/","url":"http:\/\/ruuby.ee\/wp-content\/uploads\/2023\/06\/cropped-Black-White-Elegant-Circle-Signature-Fashion-Logo-12_large.png","contentUrl":"http:\/\/ruuby.ee\/wp-content\/uploads\/2023\/06\/cropped-Black-White-Elegant-Circle-Signature-Fashion-Logo-12_large.png","width":1280,"height":747,"caption":"Ruuby Disain O\u00dc"},"image":{"@id":"https:\/\/ruuby.ee\/en\/#\/schema\/logo\/image\/"},"sameAs":["https:\/\/www.facebook.com\/ruubyconcept","https:\/\/www.instagram.com\/ruuby_concept\/"]}]}},"jetpack_sharing_enabled":true,"_links":{"self":[{"href":"http:\/\/ruuby.ee\/en\/wp-json\/wp\/v2\/product\/1848587","targetHints":{"allow":["GET"]}}],"collection":[{"href":"http:\/\/ruuby.ee\/en\/wp-json\/wp\/v2\/product"}],"about":[{"href":"http:\/\/ruuby.ee\/en\/wp-json\/wp\/v2\/types\/product"}],"replies":[{"embeddable":true,"href":"http:\/\/ruuby.ee\/en\/wp-json\/wp\/v2\/comments?post=1848587"}],"wp:featuredmedia":[{"embeddable":true,"href":"http:\/\/ruuby.ee\/en\/wp-json\/wp\/v2\/media\/1848592"}],"wp:attachment":[{"href":"http:\/\/ruuby.ee\/en\/wp-json\/wp\/v2\/media?parent=1848587"}],"wp:term":[{"taxonomy":"product_brand","embeddable":true,"href":"http:\/\/ruuby.ee\/en\/wp-json\/wp\/v2\/product_brand?post=1848587"},{"taxonomy":"product_cat","embeddable":true,"href":"http:\/\/ruuby.ee\/en\/wp-json\/wp\/v2\/product_cat?post=1848587"},{"taxonomy":"product_tag","embeddable":true,"href":"http:\/\/ruuby.ee\/en\/wp-json\/wp\/v2\/product_tag?post=1848587"}],"curies":[{"name":"wp","href":"https:\/\/api.w.org\/{rel}","templated":true}]}}