{"id":1846264,"date":"2024-08-09T15:07:49","date_gmt":"2024-08-09T12:07:49","guid":{"rendered":"http:\/\/ruuby.ee\/?post_type=product&#038;p=1846264"},"modified":"2026-04-08T01:28:33","modified_gmt":"2026-04-07T22:28:33","slug":"nore-kodulohnastaja-roheline-tee-sidrunhein-100ml","status":"publish","type":"product","link":"http:\/\/ruuby.ee\/en\/pood\/kodusisustus\/ruumilohnastajad\/nore-kodulohnastaja-roheline-tee-sidrunhein-100ml\/","title":{"rendered":"NORE kodul\u00f5hnastaja Roheline tee-sidrunhein 100ml"},"content":{"rendered":"<p><span class=\"OYPEnA text-decoration-none text-strikethrough-none\">V\u00e4rskendav ja rahustav kooslus, milles p\u00f5imuvad mahe ja \u00f5rnalt m\u00f5rkjas roheline tee ning s\u00e4rtsakas ja v\u00e4rske sidrunhein. L\u00f5hnakombinatsiooni s\u00fcgavamates kihtides avalduvad seeder ja valge muskus.<\/span><\/p>\n<p>Nore kodul\u00f5hnastajad valmivad k\u00e4sit\u00f6\u00f6na looduss\u00f5bralikest baas\u00f5lidest ning k\u00f5rgekvaliteedilistest aroomi\u00f5lidest.<\/p>\n<p>Eemaldage pudelilt kaitsekork ja asetage pulgad pudelisse. V\u00e4ikses ruumis kasutage v\u00e4hem pulki, suures rohkem. L\u00f5hn hakkab eralduma 24 tunni jooksul, kui vedelik on pulkadesse imbunud. Intensiivsema l\u00f5hna saamiseks soovitame \u00fcks kord n\u00e4dalas pulgad \u00fcmber keerata (kasutage selleks kaitsekindaid). Asetage anum alati stabiilsele alusele, vedelik v\u00f5ib kahjustada tekstiilist, klaasist, puidust v\u00f5i plastist pindasid. Hoida lastele ja loomadele k\u00e4ttesaamatus kohas.<\/p>","protected":false},"excerpt":{"rendered":"<p>V\u00e4rskendav ja rahustav kooslus, milles p\u00f5imuvad mahe ja \u00f5rnalt m\u00f5rkjas roheline tee ning s\u00e4rtsakas ja v\u00e4rske sidrunhein. L\u00f5hnakombinatsiooni s\u00fcgavamates kihtides avalduvad seeder ja valge muskus. Nore kodul\u00f5hnastajad valmivad k\u00e4sit\u00f6\u00f6na looduss\u00f5bralikest baas\u00f5lidest ning k\u00f5rgekvaliteedilistest aroomi\u00f5lidest. Eemaldage pudelilt kaitsekork ja asetage pulgad pudelisse. V\u00e4ikses ruumis kasutage v\u00e4hem pulki, suures rohkem. L\u00f5hn hakkab eralduma 24 tunni jooksul, kui [&hellip;]<\/p>\n","protected":false},"featured_media":1846265,"comment_status":"open","ping_status":"closed","template":"","meta":[],"product_brand":[],"product_cat":[44],"product_tag":[],"class_list":{"0":"post-1846264","1":"product","2":"type-product","3":"status-publish","4":"has-post-thumbnail","6":"product_cat-ruumilohnastajad","8":"first","9":"instock","10":"taxable","11":"shipping-taxable","12":"purchasable","13":"product-type-simple"},"yoast_head":"<!-- This site is optimized with the Yoast SEO plugin v27.3 - https:\/\/yoast.com\/product\/yoast-seo-wordpress\/ -->\n<title>NORE kodul\u00f5hnastaja Roheline tee-sidrunhein 100ml - RUUBY<\/title>\n<meta name=\"robots\" content=\"index, follow, max-snippet:-1, max-image-preview:large, max-video-preview:-1\" \/>\n<link rel=\"canonical\" href=\"http:\/\/ruuby.ee\/en\/pood\/kodusisustus\/ruumilohnastajad\/nore-kodulohnastaja-roheline-tee-sidrunhein-100ml\/\" \/>\n<meta property=\"og:locale\" content=\"en_GB\" \/>\n<meta property=\"og:type\" content=\"article\" \/>\n<meta property=\"og:title\" content=\"NORE kodul\u00f5hnastaja Roheline tee-sidrunhein 100ml - RUUBY\" \/>\n<meta property=\"og:description\" content=\"V\u00e4rskendav ja rahustav kooslus, milles p\u00f5imuvad mahe ja \u00f5rnalt m\u00f5rkjas roheline tee ning s\u00e4rtsakas ja v\u00e4rske sidrunhein. L\u00f5hnakombinatsiooni s\u00fcgavamates kihtides avalduvad seeder ja valge muskus. Nore kodul\u00f5hnastajad valmivad k\u00e4sit\u00f6\u00f6na looduss\u00f5bralikest baas\u00f5lidest ning k\u00f5rgekvaliteedilistest aroomi\u00f5lidest. Eemaldage pudelilt kaitsekork ja asetage pulgad pudelisse. V\u00e4ikses ruumis kasutage v\u00e4hem pulki, suures rohkem. L\u00f5hn hakkab eralduma 24 tunni jooksul, kui [&hellip;]\" \/>\n<meta property=\"og:url\" content=\"http:\/\/ruuby.ee\/en\/pood\/kodusisustus\/ruumilohnastajad\/nore-kodulohnastaja-roheline-tee-sidrunhein-100ml\/\" \/>\n<meta property=\"og:site_name\" content=\"RUUBY\" \/>\n<meta property=\"article:publisher\" content=\"https:\/\/www.facebook.com\/ruubyconcept\" \/>\n<meta property=\"article:modified_time\" content=\"2026-04-07T22:28:33+00:00\" \/>\n<meta property=\"og:image\" content=\"http:\/\/ruuby.ee\/wp-content\/uploads\/2024\/08\/Screenshot-2024-08-09-at-15.08.18.png\" \/>\n\t<meta property=\"og:image:width\" content=\"894\" \/>\n\t<meta property=\"og:image:height\" content=\"1130\" \/>\n\t<meta property=\"og:image:type\" content=\"image\/png\" \/>\n<meta name=\"twitter:card\" content=\"summary_large_image\" \/>\n<meta name=\"twitter:label1\" content=\"Estimated reading time\" \/>\n\t<meta name=\"twitter:data1\" content=\"1 minute\" \/>\n<script type=\"application\/ld+json\" class=\"yoast-schema-graph\">{\"@context\":\"https:\\\/\\\/schema.org\",\"@graph\":[{\"@type\":[\"WebPage\",\"ItemPage\"],\"@id\":\"http:\\\/\\\/ruuby.ee\\\/pood\\\/kodusisustus\\\/ruumilohnastajad\\\/nore-kodulohnastaja-roheline-tee-sidrunhein-100ml\\\/\",\"url\":\"http:\\\/\\\/ruuby.ee\\\/pood\\\/kodusisustus\\\/ruumilohnastajad\\\/nore-kodulohnastaja-roheline-tee-sidrunhein-100ml\\\/\",\"name\":\"NORE kodul\u00f5hnastaja Roheline tee-sidrunhein 100ml - RUUBY\",\"isPartOf\":{\"@id\":\"http:\\\/\\\/ruuby.ee\\\/en\\\/#website\"},\"primaryImageOfPage\":{\"@id\":\"http:\\\/\\\/ruuby.ee\\\/pood\\\/kodusisustus\\\/ruumilohnastajad\\\/nore-kodulohnastaja-roheline-tee-sidrunhein-100ml\\\/#primaryimage\"},\"image\":{\"@id\":\"http:\\\/\\\/ruuby.ee\\\/pood\\\/kodusisustus\\\/ruumilohnastajad\\\/nore-kodulohnastaja-roheline-tee-sidrunhein-100ml\\\/#primaryimage\"},\"thumbnailUrl\":\"http:\\\/\\\/ruuby.ee\\\/wp-content\\\/uploads\\\/2024\\\/08\\\/Screenshot-2024-08-09-at-15.08.18.png\",\"datePublished\":\"2024-08-09T12:07:49+00:00\",\"dateModified\":\"2026-04-07T22:28:33+00:00\",\"breadcrumb\":{\"@id\":\"http:\\\/\\\/ruuby.ee\\\/pood\\\/kodusisustus\\\/ruumilohnastajad\\\/nore-kodulohnastaja-roheline-tee-sidrunhein-100ml\\\/#breadcrumb\"},\"inLanguage\":\"en-GB\",\"potentialAction\":[{\"@type\":\"ReadAction\",\"target\":[\"http:\\\/\\\/ruuby.ee\\\/pood\\\/kodusisustus\\\/ruumilohnastajad\\\/nore-kodulohnastaja-roheline-tee-sidrunhein-100ml\\\/\"]}]},{\"@type\":\"ImageObject\",\"inLanguage\":\"en-GB\",\"@id\":\"http:\\\/\\\/ruuby.ee\\\/pood\\\/kodusisustus\\\/ruumilohnastajad\\\/nore-kodulohnastaja-roheline-tee-sidrunhein-100ml\\\/#primaryimage\",\"url\":\"http:\\\/\\\/ruuby.ee\\\/wp-content\\\/uploads\\\/2024\\\/08\\\/Screenshot-2024-08-09-at-15.08.18.png\",\"contentUrl\":\"http:\\\/\\\/ruuby.ee\\\/wp-content\\\/uploads\\\/2024\\\/08\\\/Screenshot-2024-08-09-at-15.08.18.png\",\"width\":894,\"height\":1130},{\"@type\":\"BreadcrumbList\",\"@id\":\"http:\\\/\\\/ruuby.ee\\\/pood\\\/kodusisustus\\\/ruumilohnastajad\\\/nore-kodulohnastaja-roheline-tee-sidrunhein-100ml\\\/#breadcrumb\",\"itemListElement\":[{\"@type\":\"ListItem\",\"position\":1,\"name\":\"Kdu\",\"item\":\"http:\\\/\\\/ruuby.ee\\\/en\\\/\"},{\"@type\":\"ListItem\",\"position\":2,\"name\":\"Pood\",\"item\":\"http:\\\/\\\/ruuby.ee\\\/en\\\/pood\\\/\"},{\"@type\":\"ListItem\",\"position\":3,\"name\":\"NORE kodul\u00f5hnastaja Roheline tee-sidrunhein 100ml\"}]},{\"@type\":\"WebSite\",\"@id\":\"http:\\\/\\\/ruuby.ee\\\/en\\\/#website\",\"url\":\"http:\\\/\\\/ruuby.ee\\\/en\\\/\",\"name\":\"RUUBY\",\"description\":\"Ruubys on \u00fchendatud elustiil ja disain\",\"publisher\":{\"@id\":\"http:\\\/\\\/ruuby.ee\\\/en\\\/#organization\"},\"alternateName\":\"Ruuby Disain\",\"potentialAction\":[{\"@type\":\"SearchAction\",\"target\":{\"@type\":\"EntryPoint\",\"urlTemplate\":\"http:\\\/\\\/ruuby.ee\\\/en\\\/?s={search_term_string}\"},\"query-input\":{\"@type\":\"PropertyValueSpecification\",\"valueRequired\":true,\"valueName\":\"search_term_string\"}}],\"inLanguage\":\"en-GB\"},{\"@type\":\"Organization\",\"@id\":\"http:\\\/\\\/ruuby.ee\\\/en\\\/#organization\",\"name\":\"Ruuby Disain O\u00dc\",\"alternateName\":\"Ruuby\",\"url\":\"http:\\\/\\\/ruuby.ee\\\/en\\\/\",\"logo\":{\"@type\":\"ImageObject\",\"inLanguage\":\"en-GB\",\"@id\":\"http:\\\/\\\/ruuby.ee\\\/en\\\/#\\\/schema\\\/logo\\\/image\\\/\",\"url\":\"http:\\\/\\\/ruuby.ee\\\/wp-content\\\/uploads\\\/2023\\\/06\\\/cropped-Black-White-Elegant-Circle-Signature-Fashion-Logo-12_large.png\",\"contentUrl\":\"http:\\\/\\\/ruuby.ee\\\/wp-content\\\/uploads\\\/2023\\\/06\\\/cropped-Black-White-Elegant-Circle-Signature-Fashion-Logo-12_large.png\",\"width\":1280,\"height\":747,\"caption\":\"Ruuby Disain O\u00dc\"},\"image\":{\"@id\":\"http:\\\/\\\/ruuby.ee\\\/en\\\/#\\\/schema\\\/logo\\\/image\\\/\"},\"sameAs\":[\"https:\\\/\\\/www.facebook.com\\\/ruubyconcept\",\"https:\\\/\\\/www.instagram.com\\\/ruuby_concept\\\/\"]}]}<\/script>\n<!-- \/ Yoast SEO plugin. -->","yoast_head_json":{"title":"NORE kodul\u00f5hnastaja Roheline tee-sidrunhein 100ml - RUUBY","robots":{"index":"index","follow":"follow","max-snippet":"max-snippet:-1","max-image-preview":"max-image-preview:large","max-video-preview":"max-video-preview:-1"},"canonical":"http:\/\/ruuby.ee\/en\/pood\/kodusisustus\/ruumilohnastajad\/nore-kodulohnastaja-roheline-tee-sidrunhein-100ml\/","og_locale":"en_GB","og_type":"article","og_title":"NORE kodul\u00f5hnastaja Roheline tee-sidrunhein 100ml - RUUBY","og_description":"V\u00e4rskendav ja rahustav kooslus, milles p\u00f5imuvad mahe ja \u00f5rnalt m\u00f5rkjas roheline tee ning s\u00e4rtsakas ja v\u00e4rske sidrunhein. L\u00f5hnakombinatsiooni s\u00fcgavamates kihtides avalduvad seeder ja valge muskus. Nore kodul\u00f5hnastajad valmivad k\u00e4sit\u00f6\u00f6na looduss\u00f5bralikest baas\u00f5lidest ning k\u00f5rgekvaliteedilistest aroomi\u00f5lidest. Eemaldage pudelilt kaitsekork ja asetage pulgad pudelisse. V\u00e4ikses ruumis kasutage v\u00e4hem pulki, suures rohkem. L\u00f5hn hakkab eralduma 24 tunni jooksul, kui [&hellip;]","og_url":"http:\/\/ruuby.ee\/en\/pood\/kodusisustus\/ruumilohnastajad\/nore-kodulohnastaja-roheline-tee-sidrunhein-100ml\/","og_site_name":"RUUBY","article_publisher":"https:\/\/www.facebook.com\/ruubyconcept","article_modified_time":"2026-04-07T22:28:33+00:00","og_image":[{"width":894,"height":1130,"url":"http:\/\/ruuby.ee\/wp-content\/uploads\/2024\/08\/Screenshot-2024-08-09-at-15.08.18.png","type":"image\/png"}],"twitter_card":"summary_large_image","twitter_misc":{"Estimated reading time":"1 minute"},"schema":{"@context":"https:\/\/schema.org","@graph":[{"@type":["WebPage","ItemPage"],"@id":"http:\/\/ruuby.ee\/pood\/kodusisustus\/ruumilohnastajad\/nore-kodulohnastaja-roheline-tee-sidrunhein-100ml\/","url":"http:\/\/ruuby.ee\/pood\/kodusisustus\/ruumilohnastajad\/nore-kodulohnastaja-roheline-tee-sidrunhein-100ml\/","name":"NORE kodul\u00f5hnastaja Roheline tee-sidrunhein 100ml - RUUBY","isPartOf":{"@id":"http:\/\/ruuby.ee\/en\/#website"},"primaryImageOfPage":{"@id":"http:\/\/ruuby.ee\/pood\/kodusisustus\/ruumilohnastajad\/nore-kodulohnastaja-roheline-tee-sidrunhein-100ml\/#primaryimage"},"image":{"@id":"http:\/\/ruuby.ee\/pood\/kodusisustus\/ruumilohnastajad\/nore-kodulohnastaja-roheline-tee-sidrunhein-100ml\/#primaryimage"},"thumbnailUrl":"http:\/\/ruuby.ee\/wp-content\/uploads\/2024\/08\/Screenshot-2024-08-09-at-15.08.18.png","datePublished":"2024-08-09T12:07:49+00:00","dateModified":"2026-04-07T22:28:33+00:00","breadcrumb":{"@id":"http:\/\/ruuby.ee\/pood\/kodusisustus\/ruumilohnastajad\/nore-kodulohnastaja-roheline-tee-sidrunhein-100ml\/#breadcrumb"},"inLanguage":"en-GB","potentialAction":[{"@type":"ReadAction","target":["http:\/\/ruuby.ee\/pood\/kodusisustus\/ruumilohnastajad\/nore-kodulohnastaja-roheline-tee-sidrunhein-100ml\/"]}]},{"@type":"ImageObject","inLanguage":"en-GB","@id":"http:\/\/ruuby.ee\/pood\/kodusisustus\/ruumilohnastajad\/nore-kodulohnastaja-roheline-tee-sidrunhein-100ml\/#primaryimage","url":"http:\/\/ruuby.ee\/wp-content\/uploads\/2024\/08\/Screenshot-2024-08-09-at-15.08.18.png","contentUrl":"http:\/\/ruuby.ee\/wp-content\/uploads\/2024\/08\/Screenshot-2024-08-09-at-15.08.18.png","width":894,"height":1130},{"@type":"BreadcrumbList","@id":"http:\/\/ruuby.ee\/pood\/kodusisustus\/ruumilohnastajad\/nore-kodulohnastaja-roheline-tee-sidrunhein-100ml\/#breadcrumb","itemListElement":[{"@type":"ListItem","position":1,"name":"Kdu","item":"http:\/\/ruuby.ee\/en\/"},{"@type":"ListItem","position":2,"name":"Pood","item":"http:\/\/ruuby.ee\/en\/pood\/"},{"@type":"ListItem","position":3,"name":"NORE kodul\u00f5hnastaja Roheline tee-sidrunhein 100ml"}]},{"@type":"WebSite","@id":"http:\/\/ruuby.ee\/en\/#website","url":"http:\/\/ruuby.ee\/en\/","name":"RUUBY","description":"Ruubys on \u00fchendatud elustiil ja disain","publisher":{"@id":"http:\/\/ruuby.ee\/en\/#organization"},"alternateName":"Ruuby Disain","potentialAction":[{"@type":"SearchAction","target":{"@type":"EntryPoint","urlTemplate":"http:\/\/ruuby.ee\/en\/?s={search_term_string}"},"query-input":{"@type":"PropertyValueSpecification","valueRequired":true,"valueName":"search_term_string"}}],"inLanguage":"en-GB"},{"@type":"Organization","@id":"http:\/\/ruuby.ee\/en\/#organization","name":"Ruuby Disain O\u00dc","alternateName":"Ruuby","url":"http:\/\/ruuby.ee\/en\/","logo":{"@type":"ImageObject","inLanguage":"en-GB","@id":"http:\/\/ruuby.ee\/en\/#\/schema\/logo\/image\/","url":"http:\/\/ruuby.ee\/wp-content\/uploads\/2023\/06\/cropped-Black-White-Elegant-Circle-Signature-Fashion-Logo-12_large.png","contentUrl":"http:\/\/ruuby.ee\/wp-content\/uploads\/2023\/06\/cropped-Black-White-Elegant-Circle-Signature-Fashion-Logo-12_large.png","width":1280,"height":747,"caption":"Ruuby Disain O\u00dc"},"image":{"@id":"http:\/\/ruuby.ee\/en\/#\/schema\/logo\/image\/"},"sameAs":["https:\/\/www.facebook.com\/ruubyconcept","https:\/\/www.instagram.com\/ruuby_concept\/"]}]}},"jetpack_sharing_enabled":true,"_links":{"self":[{"href":"http:\/\/ruuby.ee\/en\/wp-json\/wp\/v2\/product\/1846264","targetHints":{"allow":["GET"]}}],"collection":[{"href":"http:\/\/ruuby.ee\/en\/wp-json\/wp\/v2\/product"}],"about":[{"href":"http:\/\/ruuby.ee\/en\/wp-json\/wp\/v2\/types\/product"}],"replies":[{"embeddable":true,"href":"http:\/\/ruuby.ee\/en\/wp-json\/wp\/v2\/comments?post=1846264"}],"wp:featuredmedia":[{"embeddable":true,"href":"http:\/\/ruuby.ee\/en\/wp-json\/wp\/v2\/media\/1846265"}],"wp:attachment":[{"href":"http:\/\/ruuby.ee\/en\/wp-json\/wp\/v2\/media?parent=1846264"}],"wp:term":[{"taxonomy":"product_brand","embeddable":true,"href":"http:\/\/ruuby.ee\/en\/wp-json\/wp\/v2\/product_brand?post=1846264"},{"taxonomy":"product_cat","embeddable":true,"href":"http:\/\/ruuby.ee\/en\/wp-json\/wp\/v2\/product_cat?post=1846264"},{"taxonomy":"product_tag","embeddable":true,"href":"http:\/\/ruuby.ee\/en\/wp-json\/wp\/v2\/product_tag?post=1846264"}],"curies":[{"name":"wp","href":"https:\/\/api.w.org\/{rel}","templated":true}]}}