{"id":1846256,"date":"2024-08-09T14:37:46","date_gmt":"2024-08-09T11:37:46","guid":{"rendered":"http:\/\/ruuby.ee\/?post_type=product&#038;p=1846256"},"modified":"2026-04-08T01:28:33","modified_gmt":"2026-04-07T22:28:33","slug":"bloomingille-mini-ummargune-vaip-lune-nature","status":"publish","type":"product","link":"http:\/\/ruuby.ee\/en\/pood\/kodusisustus\/vaibad\/bloomingille-mini-ummargune-vaip-lune-nature\/","title":{"rendered":"Bloomingville MINI &#8211; \u00fcmmargune vaip, Lune Nature"},"content":{"rendered":"<p class=\"mb-1\">Bloomingville&#8217;i vaip Lune on valmistatud 100% d\u017euudist, mis on kootud mustade triipudega \u00fcmara kujuga. D\u017euudist materjal tagab teie jalgadele mugava tunde, pakkudes samal ajal loomulikku v\u00e4limust ja stiili. Ideaalne laua alla, hubasesse nurka v\u00f5i vannituppa hubase ja loomuliku puudutuse saamiseks \u2013 vaip lisab rahulikku ja l\u00f5\u00f5gastavat \u00f5hkkonda k\u00f5ikjal, kus te selle asetate.<\/p>\n<p>M\u00f5\u00f5dud: D120cm<\/p>\n<p>Materjalid: 100% d\u017euut<\/p>\n<p>&nbsp;<\/p>","protected":false},"excerpt":{"rendered":"<p>Bloomingville&#8217;i vaip Lune on valmistatud 100% d\u017euudist, mis on kootud mustade triipudega \u00fcmara kujuga. D\u017euudist materjal tagab teie jalgadele mugava tunde, pakkudes samal ajal loomulikku v\u00e4limust ja stiili. Ideaalne laua alla, hubasesse nurka v\u00f5i vannituppa hubase ja loomuliku puudutuse saamiseks \u2013 vaip lisab rahulikku ja l\u00f5\u00f5gastavat \u00f5hkkonda k\u00f5ikjal, kus te selle asetate. M\u00f5\u00f5dud: D120cm Materjalid: [&hellip;]<\/p>\n","protected":false},"featured_media":1846257,"comment_status":"closed","ping_status":"closed","template":"","meta":[],"product_brand":[],"product_cat":[42,795],"product_tag":[],"class_list":{"0":"post-1846256","1":"product","2":"type-product","3":"status-publish","4":"has-post-thumbnail","6":"product_cat-kodusisustus","7":"product_cat-vaibad","9":"first","10":"onbackorder","11":"taxable","12":"shipping-taxable","13":"purchasable","14":"product-type-simple"},"yoast_head":"<!-- This site is optimized with the Yoast SEO plugin v27.3 - https:\/\/yoast.com\/product\/yoast-seo-wordpress\/ -->\n<title>Bloomingville MINI - \u00fcmmargune vaip, Lune Nature - RUUBY<\/title>\n<meta name=\"robots\" content=\"index, follow, max-snippet:-1, max-image-preview:large, max-video-preview:-1\" \/>\n<link rel=\"canonical\" href=\"http:\/\/ruuby.ee\/en\/pood\/kodusisustus\/vaibad\/bloomingille-mini-ummargune-vaip-lune-nature\/\" \/>\n<meta property=\"og:locale\" content=\"en_GB\" \/>\n<meta property=\"og:type\" content=\"article\" \/>\n<meta property=\"og:title\" content=\"Bloomingville MINI - \u00fcmmargune vaip, Lune Nature - RUUBY\" \/>\n<meta property=\"og:description\" content=\"Bloomingville&#8217;i vaip Lune on valmistatud 100% d\u017euudist, mis on kootud mustade triipudega \u00fcmara kujuga. D\u017euudist materjal tagab teie jalgadele mugava tunde, pakkudes samal ajal loomulikku v\u00e4limust ja stiili. Ideaalne laua alla, hubasesse nurka v\u00f5i vannituppa hubase ja loomuliku puudutuse saamiseks \u2013 vaip lisab rahulikku ja l\u00f5\u00f5gastavat \u00f5hkkonda k\u00f5ikjal, kus te selle asetate. M\u00f5\u00f5dud: D120cm Materjalid: [&hellip;]\" \/>\n<meta property=\"og:url\" content=\"http:\/\/ruuby.ee\/en\/pood\/kodusisustus\/vaibad\/bloomingille-mini-ummargune-vaip-lune-nature\/\" \/>\n<meta property=\"og:site_name\" content=\"RUUBY\" \/>\n<meta property=\"article:publisher\" content=\"https:\/\/www.facebook.com\/ruubyconcept\" \/>\n<meta property=\"article:modified_time\" content=\"2026-04-07T22:28:33+00:00\" \/>\n<meta property=\"og:image\" content=\"http:\/\/ruuby.ee\/wp-content\/uploads\/2024\/08\/Screenshot-2024-08-09-at-14.39.09.png\" \/>\n\t<meta property=\"og:image:width\" content=\"1132\" \/>\n\t<meta property=\"og:image:height\" content=\"1126\" \/>\n\t<meta property=\"og:image:type\" content=\"image\/png\" \/>\n<meta name=\"twitter:card\" content=\"summary_large_image\" \/>\n<meta name=\"twitter:label1\" content=\"Estimated reading time\" \/>\n\t<meta name=\"twitter:data1\" content=\"1 minute\" \/>\n<script type=\"application\/ld+json\" class=\"yoast-schema-graph\">{\"@context\":\"https:\\\/\\\/schema.org\",\"@graph\":[{\"@type\":[\"WebPage\",\"ItemPage\"],\"@id\":\"http:\\\/\\\/ruuby.ee\\\/pood\\\/kodusisustus\\\/vaibad\\\/bloomingille-mini-ummargune-vaip-lune-nature\\\/\",\"url\":\"http:\\\/\\\/ruuby.ee\\\/pood\\\/kodusisustus\\\/vaibad\\\/bloomingille-mini-ummargune-vaip-lune-nature\\\/\",\"name\":\"Bloomingville MINI - \u00fcmmargune vaip, Lune Nature - RUUBY\",\"isPartOf\":{\"@id\":\"https:\\\/\\\/ruuby.ee\\\/en\\\/#website\"},\"primaryImageOfPage\":{\"@id\":\"http:\\\/\\\/ruuby.ee\\\/pood\\\/kodusisustus\\\/vaibad\\\/bloomingille-mini-ummargune-vaip-lune-nature\\\/#primaryimage\"},\"image\":{\"@id\":\"http:\\\/\\\/ruuby.ee\\\/pood\\\/kodusisustus\\\/vaibad\\\/bloomingille-mini-ummargune-vaip-lune-nature\\\/#primaryimage\"},\"thumbnailUrl\":\"http:\\\/\\\/ruuby.ee\\\/wp-content\\\/uploads\\\/2024\\\/08\\\/Screenshot-2024-08-09-at-14.39.09.png\",\"datePublished\":\"2024-08-09T11:37:46+00:00\",\"dateModified\":\"2026-04-07T22:28:33+00:00\",\"breadcrumb\":{\"@id\":\"http:\\\/\\\/ruuby.ee\\\/pood\\\/kodusisustus\\\/vaibad\\\/bloomingille-mini-ummargune-vaip-lune-nature\\\/#breadcrumb\"},\"inLanguage\":\"en-GB\",\"potentialAction\":[{\"@type\":\"ReadAction\",\"target\":[\"http:\\\/\\\/ruuby.ee\\\/pood\\\/kodusisustus\\\/vaibad\\\/bloomingille-mini-ummargune-vaip-lune-nature\\\/\"]}]},{\"@type\":\"ImageObject\",\"inLanguage\":\"en-GB\",\"@id\":\"http:\\\/\\\/ruuby.ee\\\/pood\\\/kodusisustus\\\/vaibad\\\/bloomingille-mini-ummargune-vaip-lune-nature\\\/#primaryimage\",\"url\":\"http:\\\/\\\/ruuby.ee\\\/wp-content\\\/uploads\\\/2024\\\/08\\\/Screenshot-2024-08-09-at-14.39.09.png\",\"contentUrl\":\"http:\\\/\\\/ruuby.ee\\\/wp-content\\\/uploads\\\/2024\\\/08\\\/Screenshot-2024-08-09-at-14.39.09.png\",\"width\":1132,\"height\":1126},{\"@type\":\"BreadcrumbList\",\"@id\":\"http:\\\/\\\/ruuby.ee\\\/pood\\\/kodusisustus\\\/vaibad\\\/bloomingille-mini-ummargune-vaip-lune-nature\\\/#breadcrumb\",\"itemListElement\":[{\"@type\":\"ListItem\",\"position\":1,\"name\":\"Kdu\",\"item\":\"https:\\\/\\\/ruuby.ee\\\/en\\\/\"},{\"@type\":\"ListItem\",\"position\":2,\"name\":\"Pood\",\"item\":\"http:\\\/\\\/ruuby.ee\\\/en\\\/pood\\\/\"},{\"@type\":\"ListItem\",\"position\":3,\"name\":\"Bloomingville MINI &#8211; \u00fcmmargune vaip, Lune Nature\"}]},{\"@type\":\"WebSite\",\"@id\":\"https:\\\/\\\/ruuby.ee\\\/en\\\/#website\",\"url\":\"https:\\\/\\\/ruuby.ee\\\/en\\\/\",\"name\":\"RUUBY\",\"description\":\"Ruubys on \u00fchendatud elustiil ja disain\",\"publisher\":{\"@id\":\"https:\\\/\\\/ruuby.ee\\\/en\\\/#organization\"},\"alternateName\":\"Ruuby Disain\",\"potentialAction\":[{\"@type\":\"SearchAction\",\"target\":{\"@type\":\"EntryPoint\",\"urlTemplate\":\"https:\\\/\\\/ruuby.ee\\\/en\\\/?s={search_term_string}\"},\"query-input\":{\"@type\":\"PropertyValueSpecification\",\"valueRequired\":true,\"valueName\":\"search_term_string\"}}],\"inLanguage\":\"en-GB\"},{\"@type\":\"Organization\",\"@id\":\"https:\\\/\\\/ruuby.ee\\\/en\\\/#organization\",\"name\":\"Ruuby Disain O\u00dc\",\"alternateName\":\"Ruuby\",\"url\":\"https:\\\/\\\/ruuby.ee\\\/en\\\/\",\"logo\":{\"@type\":\"ImageObject\",\"inLanguage\":\"en-GB\",\"@id\":\"https:\\\/\\\/ruuby.ee\\\/en\\\/#\\\/schema\\\/logo\\\/image\\\/\",\"url\":\"http:\\\/\\\/ruuby.ee\\\/wp-content\\\/uploads\\\/2023\\\/06\\\/cropped-Black-White-Elegant-Circle-Signature-Fashion-Logo-12_large.png\",\"contentUrl\":\"http:\\\/\\\/ruuby.ee\\\/wp-content\\\/uploads\\\/2023\\\/06\\\/cropped-Black-White-Elegant-Circle-Signature-Fashion-Logo-12_large.png\",\"width\":1280,\"height\":747,\"caption\":\"Ruuby Disain O\u00dc\"},\"image\":{\"@id\":\"https:\\\/\\\/ruuby.ee\\\/en\\\/#\\\/schema\\\/logo\\\/image\\\/\"},\"sameAs\":[\"https:\\\/\\\/www.facebook.com\\\/ruubyconcept\",\"https:\\\/\\\/www.instagram.com\\\/ruuby_concept\\\/\"]}]}<\/script>\n<!-- \/ Yoast SEO plugin. -->","yoast_head_json":{"title":"Bloomingville MINI - \u00fcmmargune vaip, Lune Nature - RUUBY","robots":{"index":"index","follow":"follow","max-snippet":"max-snippet:-1","max-image-preview":"max-image-preview:large","max-video-preview":"max-video-preview:-1"},"canonical":"http:\/\/ruuby.ee\/en\/pood\/kodusisustus\/vaibad\/bloomingille-mini-ummargune-vaip-lune-nature\/","og_locale":"en_GB","og_type":"article","og_title":"Bloomingville MINI - \u00fcmmargune vaip, Lune Nature - RUUBY","og_description":"Bloomingville&#8217;i vaip Lune on valmistatud 100% d\u017euudist, mis on kootud mustade triipudega \u00fcmara kujuga. D\u017euudist materjal tagab teie jalgadele mugava tunde, pakkudes samal ajal loomulikku v\u00e4limust ja stiili. Ideaalne laua alla, hubasesse nurka v\u00f5i vannituppa hubase ja loomuliku puudutuse saamiseks \u2013 vaip lisab rahulikku ja l\u00f5\u00f5gastavat \u00f5hkkonda k\u00f5ikjal, kus te selle asetate. M\u00f5\u00f5dud: D120cm Materjalid: [&hellip;]","og_url":"http:\/\/ruuby.ee\/en\/pood\/kodusisustus\/vaibad\/bloomingille-mini-ummargune-vaip-lune-nature\/","og_site_name":"RUUBY","article_publisher":"https:\/\/www.facebook.com\/ruubyconcept","article_modified_time":"2026-04-07T22:28:33+00:00","og_image":[{"width":1132,"height":1126,"url":"http:\/\/ruuby.ee\/wp-content\/uploads\/2024\/08\/Screenshot-2024-08-09-at-14.39.09.png","type":"image\/png"}],"twitter_card":"summary_large_image","twitter_misc":{"Estimated reading time":"1 minute"},"schema":{"@context":"https:\/\/schema.org","@graph":[{"@type":["WebPage","ItemPage"],"@id":"http:\/\/ruuby.ee\/pood\/kodusisustus\/vaibad\/bloomingille-mini-ummargune-vaip-lune-nature\/","url":"http:\/\/ruuby.ee\/pood\/kodusisustus\/vaibad\/bloomingille-mini-ummargune-vaip-lune-nature\/","name":"Bloomingville MINI - \u00fcmmargune vaip, Lune Nature - RUUBY","isPartOf":{"@id":"https:\/\/ruuby.ee\/en\/#website"},"primaryImageOfPage":{"@id":"http:\/\/ruuby.ee\/pood\/kodusisustus\/vaibad\/bloomingille-mini-ummargune-vaip-lune-nature\/#primaryimage"},"image":{"@id":"http:\/\/ruuby.ee\/pood\/kodusisustus\/vaibad\/bloomingille-mini-ummargune-vaip-lune-nature\/#primaryimage"},"thumbnailUrl":"http:\/\/ruuby.ee\/wp-content\/uploads\/2024\/08\/Screenshot-2024-08-09-at-14.39.09.png","datePublished":"2024-08-09T11:37:46+00:00","dateModified":"2026-04-07T22:28:33+00:00","breadcrumb":{"@id":"http:\/\/ruuby.ee\/pood\/kodusisustus\/vaibad\/bloomingille-mini-ummargune-vaip-lune-nature\/#breadcrumb"},"inLanguage":"en-GB","potentialAction":[{"@type":"ReadAction","target":["http:\/\/ruuby.ee\/pood\/kodusisustus\/vaibad\/bloomingille-mini-ummargune-vaip-lune-nature\/"]}]},{"@type":"ImageObject","inLanguage":"en-GB","@id":"http:\/\/ruuby.ee\/pood\/kodusisustus\/vaibad\/bloomingille-mini-ummargune-vaip-lune-nature\/#primaryimage","url":"http:\/\/ruuby.ee\/wp-content\/uploads\/2024\/08\/Screenshot-2024-08-09-at-14.39.09.png","contentUrl":"http:\/\/ruuby.ee\/wp-content\/uploads\/2024\/08\/Screenshot-2024-08-09-at-14.39.09.png","width":1132,"height":1126},{"@type":"BreadcrumbList","@id":"http:\/\/ruuby.ee\/pood\/kodusisustus\/vaibad\/bloomingille-mini-ummargune-vaip-lune-nature\/#breadcrumb","itemListElement":[{"@type":"ListItem","position":1,"name":"Kdu","item":"https:\/\/ruuby.ee\/en\/"},{"@type":"ListItem","position":2,"name":"Pood","item":"http:\/\/ruuby.ee\/en\/pood\/"},{"@type":"ListItem","position":3,"name":"Bloomingville MINI &#8211; \u00fcmmargune vaip, Lune Nature"}]},{"@type":"WebSite","@id":"https:\/\/ruuby.ee\/en\/#website","url":"https:\/\/ruuby.ee\/en\/","name":"RUUBY","description":"Ruubys on \u00fchendatud elustiil ja disain","publisher":{"@id":"https:\/\/ruuby.ee\/en\/#organization"},"alternateName":"Ruuby Disain","potentialAction":[{"@type":"SearchAction","target":{"@type":"EntryPoint","urlTemplate":"https:\/\/ruuby.ee\/en\/?s={search_term_string}"},"query-input":{"@type":"PropertyValueSpecification","valueRequired":true,"valueName":"search_term_string"}}],"inLanguage":"en-GB"},{"@type":"Organization","@id":"https:\/\/ruuby.ee\/en\/#organization","name":"Ruuby Disain O\u00dc","alternateName":"Ruuby","url":"https:\/\/ruuby.ee\/en\/","logo":{"@type":"ImageObject","inLanguage":"en-GB","@id":"https:\/\/ruuby.ee\/en\/#\/schema\/logo\/image\/","url":"http:\/\/ruuby.ee\/wp-content\/uploads\/2023\/06\/cropped-Black-White-Elegant-Circle-Signature-Fashion-Logo-12_large.png","contentUrl":"http:\/\/ruuby.ee\/wp-content\/uploads\/2023\/06\/cropped-Black-White-Elegant-Circle-Signature-Fashion-Logo-12_large.png","width":1280,"height":747,"caption":"Ruuby Disain O\u00dc"},"image":{"@id":"https:\/\/ruuby.ee\/en\/#\/schema\/logo\/image\/"},"sameAs":["https:\/\/www.facebook.com\/ruubyconcept","https:\/\/www.instagram.com\/ruuby_concept\/"]}]}},"jetpack_sharing_enabled":true,"_links":{"self":[{"href":"http:\/\/ruuby.ee\/en\/wp-json\/wp\/v2\/product\/1846256","targetHints":{"allow":["GET"]}}],"collection":[{"href":"http:\/\/ruuby.ee\/en\/wp-json\/wp\/v2\/product"}],"about":[{"href":"http:\/\/ruuby.ee\/en\/wp-json\/wp\/v2\/types\/product"}],"replies":[{"embeddable":true,"href":"http:\/\/ruuby.ee\/en\/wp-json\/wp\/v2\/comments?post=1846256"}],"wp:featuredmedia":[{"embeddable":true,"href":"http:\/\/ruuby.ee\/en\/wp-json\/wp\/v2\/media\/1846257"}],"wp:attachment":[{"href":"http:\/\/ruuby.ee\/en\/wp-json\/wp\/v2\/media?parent=1846256"}],"wp:term":[{"taxonomy":"product_brand","embeddable":true,"href":"http:\/\/ruuby.ee\/en\/wp-json\/wp\/v2\/product_brand?post=1846256"},{"taxonomy":"product_cat","embeddable":true,"href":"http:\/\/ruuby.ee\/en\/wp-json\/wp\/v2\/product_cat?post=1846256"},{"taxonomy":"product_tag","embeddable":true,"href":"http:\/\/ruuby.ee\/en\/wp-json\/wp\/v2\/product_tag?post=1846256"}],"curies":[{"name":"wp","href":"https:\/\/api.w.org\/{rel}","templated":true}]}}