{"id":1846241,"date":"2024-08-09T14:25:56","date_gmt":"2024-08-09T11:25:56","guid":{"rendered":"http:\/\/ruuby.ee\/?post_type=product&#038;p=1846241"},"modified":"2026-04-08T01:28:33","modified_gmt":"2026-04-07T22:28:33","slug":"bloomingille-mini-ummargune-vaip-lune-kopeeri","status":"publish","type":"product","link":"http:\/\/ruuby.ee\/en\/pood\/kodusisustus\/vaibad\/bloomingille-mini-ummargune-vaip-lune-kopeeri\/","title":{"rendered":"Bloomingville &#8211;  vaip, Volano"},"content":{"rendered":"<p class=\"mb-1\">Bloomingville&#8217;i Volano vaibal on voolav abstraktne muster, mis loob liikumistunde. Disain koosneb tumepruuni v\u00e4rvi kumeratest joontest, mis lainevad elegantselt \u00fcle vaiba pinna ja raamivad heledaid orgaanilisi kujundeid. Vaip on valmistatud bee\u017ei ja pruuni toonides, mis loob sooja ja k\u00fclalislahke \u00f5hkkonna.<\/p>\n<p>M\u00f5\u00f5dud: 150x90cm<\/p>\n<p>Materjalid: 80% Puuvill, 20% Pol\u00fcester<\/p>\n<p>&nbsp;<\/p>","protected":false},"excerpt":{"rendered":"<p>Bloomingville&#8217;i Volano vaibal on voolav abstraktne muster, mis loob liikumistunde. Disain koosneb tumepruuni v\u00e4rvi kumeratest joontest, mis lainevad elegantselt \u00fcle vaiba pinna ja raamivad heledaid orgaanilisi kujundeid. Vaip on valmistatud bee\u017ei ja pruuni toonides, mis loob sooja ja k\u00fclalislahke \u00f5hkkonna. M\u00f5\u00f5dud: 150x90cm Materjalid: 80% Puuvill, 20% Pol\u00fcester &nbsp;<\/p>","protected":false},"featured_media":1846242,"comment_status":"closed","ping_status":"closed","template":"","meta":[],"product_brand":[],"product_cat":[42,795],"product_tag":[],"class_list":{"0":"post-1846241","1":"product","2":"type-product","3":"status-publish","4":"has-post-thumbnail","6":"product_cat-kodusisustus","7":"product_cat-vaibad","9":"first","10":"onbackorder","11":"taxable","12":"shipping-taxable","13":"purchasable","14":"product-type-simple"},"yoast_head":"<!-- This site is optimized with the Yoast SEO plugin v27.3 - https:\/\/yoast.com\/product\/yoast-seo-wordpress\/ -->\n<title>Bloomingville - vaip, Volano - RUUBY<\/title>\n<meta name=\"robots\" content=\"index, follow, max-snippet:-1, max-image-preview:large, max-video-preview:-1\" \/>\n<link rel=\"canonical\" href=\"http:\/\/ruuby.ee\/en\/pood\/kodusisustus\/vaibad\/bloomingille-mini-ummargune-vaip-lune-kopeeri\/\" \/>\n<meta property=\"og:locale\" content=\"en_GB\" \/>\n<meta property=\"og:type\" content=\"article\" \/>\n<meta property=\"og:title\" content=\"Bloomingville - vaip, Volano - RUUBY\" \/>\n<meta property=\"og:description\" content=\"Bloomingville&#8217;i Volano vaibal on voolav abstraktne muster, mis loob liikumistunde. Disain koosneb tumepruuni v\u00e4rvi kumeratest joontest, mis lainevad elegantselt \u00fcle vaiba pinna ja raamivad heledaid orgaanilisi kujundeid. Vaip on valmistatud bee\u017ei ja pruuni toonides, mis loob sooja ja k\u00fclalislahke \u00f5hkkonna. M\u00f5\u00f5dud: 150x90cm Materjalid: 80% Puuvill, 20% Pol\u00fcester &nbsp;\" \/>\n<meta property=\"og:url\" content=\"http:\/\/ruuby.ee\/en\/pood\/kodusisustus\/vaibad\/bloomingille-mini-ummargune-vaip-lune-kopeeri\/\" \/>\n<meta property=\"og:site_name\" content=\"RUUBY\" \/>\n<meta property=\"article:publisher\" content=\"https:\/\/www.facebook.com\/ruubyconcept\" \/>\n<meta property=\"article:modified_time\" content=\"2026-04-07T22:28:33+00:00\" \/>\n<meta property=\"og:image\" content=\"http:\/\/ruuby.ee\/wp-content\/uploads\/2024\/08\/Screenshot-2024-08-09-at-14.25.34.png\" \/>\n\t<meta property=\"og:image:width\" content=\"1140\" \/>\n\t<meta property=\"og:image:height\" content=\"1140\" \/>\n\t<meta property=\"og:image:type\" content=\"image\/png\" \/>\n<meta name=\"twitter:card\" content=\"summary_large_image\" \/>\n<meta name=\"twitter:label1\" content=\"Estimated reading time\" \/>\n\t<meta name=\"twitter:data1\" content=\"1 minute\" \/>\n<script type=\"application\/ld+json\" class=\"yoast-schema-graph\">{\"@context\":\"https:\\\/\\\/schema.org\",\"@graph\":[{\"@type\":[\"WebPage\",\"ItemPage\"],\"@id\":\"http:\\\/\\\/ruuby.ee\\\/en\\\/pood\\\/kodusisustus\\\/vaibad\\\/bloomingille-mini-ummargune-vaip-lune-kopeeri\\\/\",\"url\":\"http:\\\/\\\/ruuby.ee\\\/en\\\/pood\\\/kodusisustus\\\/vaibad\\\/bloomingille-mini-ummargune-vaip-lune-kopeeri\\\/\",\"name\":\"Bloomingville - vaip, Volano - RUUBY\",\"isPartOf\":{\"@id\":\"https:\\\/\\\/ruuby.ee\\\/en\\\/#website\"},\"primaryImageOfPage\":{\"@id\":\"http:\\\/\\\/ruuby.ee\\\/en\\\/pood\\\/kodusisustus\\\/vaibad\\\/bloomingille-mini-ummargune-vaip-lune-kopeeri\\\/#primaryimage\"},\"image\":{\"@id\":\"http:\\\/\\\/ruuby.ee\\\/en\\\/pood\\\/kodusisustus\\\/vaibad\\\/bloomingille-mini-ummargune-vaip-lune-kopeeri\\\/#primaryimage\"},\"thumbnailUrl\":\"http:\\\/\\\/ruuby.ee\\\/wp-content\\\/uploads\\\/2024\\\/08\\\/Screenshot-2024-08-09-at-14.25.34.png\",\"datePublished\":\"2024-08-09T11:25:56+00:00\",\"dateModified\":\"2026-04-07T22:28:33+00:00\",\"breadcrumb\":{\"@id\":\"http:\\\/\\\/ruuby.ee\\\/en\\\/pood\\\/kodusisustus\\\/vaibad\\\/bloomingille-mini-ummargune-vaip-lune-kopeeri\\\/#breadcrumb\"},\"inLanguage\":\"en-GB\",\"potentialAction\":[{\"@type\":\"ReadAction\",\"target\":[\"http:\\\/\\\/ruuby.ee\\\/en\\\/pood\\\/kodusisustus\\\/vaibad\\\/bloomingille-mini-ummargune-vaip-lune-kopeeri\\\/\"]}]},{\"@type\":\"ImageObject\",\"inLanguage\":\"en-GB\",\"@id\":\"http:\\\/\\\/ruuby.ee\\\/en\\\/pood\\\/kodusisustus\\\/vaibad\\\/bloomingille-mini-ummargune-vaip-lune-kopeeri\\\/#primaryimage\",\"url\":\"http:\\\/\\\/ruuby.ee\\\/wp-content\\\/uploads\\\/2024\\\/08\\\/Screenshot-2024-08-09-at-14.25.34.png\",\"contentUrl\":\"http:\\\/\\\/ruuby.ee\\\/wp-content\\\/uploads\\\/2024\\\/08\\\/Screenshot-2024-08-09-at-14.25.34.png\",\"width\":1140,\"height\":1140},{\"@type\":\"BreadcrumbList\",\"@id\":\"http:\\\/\\\/ruuby.ee\\\/en\\\/pood\\\/kodusisustus\\\/vaibad\\\/bloomingille-mini-ummargune-vaip-lune-kopeeri\\\/#breadcrumb\",\"itemListElement\":[{\"@type\":\"ListItem\",\"position\":1,\"name\":\"Kdu\",\"item\":\"https:\\\/\\\/ruuby.ee\\\/en\\\/\"},{\"@type\":\"ListItem\",\"position\":2,\"name\":\"Pood\",\"item\":\"http:\\\/\\\/ruuby.ee\\\/en\\\/pood\\\/\"},{\"@type\":\"ListItem\",\"position\":3,\"name\":\"Bloomingville &#8211; vaip, Volano\"}]},{\"@type\":\"WebSite\",\"@id\":\"https:\\\/\\\/ruuby.ee\\\/en\\\/#website\",\"url\":\"https:\\\/\\\/ruuby.ee\\\/en\\\/\",\"name\":\"RUUBY\",\"description\":\"Ruubys on \u00fchendatud elustiil ja disain\",\"publisher\":{\"@id\":\"https:\\\/\\\/ruuby.ee\\\/en\\\/#organization\"},\"alternateName\":\"Ruuby Disain\",\"potentialAction\":[{\"@type\":\"SearchAction\",\"target\":{\"@type\":\"EntryPoint\",\"urlTemplate\":\"https:\\\/\\\/ruuby.ee\\\/en\\\/?s={search_term_string}\"},\"query-input\":{\"@type\":\"PropertyValueSpecification\",\"valueRequired\":true,\"valueName\":\"search_term_string\"}}],\"inLanguage\":\"en-GB\"},{\"@type\":\"Organization\",\"@id\":\"https:\\\/\\\/ruuby.ee\\\/en\\\/#organization\",\"name\":\"Ruuby Disain O\u00dc\",\"alternateName\":\"Ruuby\",\"url\":\"https:\\\/\\\/ruuby.ee\\\/en\\\/\",\"logo\":{\"@type\":\"ImageObject\",\"inLanguage\":\"en-GB\",\"@id\":\"https:\\\/\\\/ruuby.ee\\\/en\\\/#\\\/schema\\\/logo\\\/image\\\/\",\"url\":\"http:\\\/\\\/ruuby.ee\\\/wp-content\\\/uploads\\\/2023\\\/06\\\/cropped-Black-White-Elegant-Circle-Signature-Fashion-Logo-12_large.png\",\"contentUrl\":\"http:\\\/\\\/ruuby.ee\\\/wp-content\\\/uploads\\\/2023\\\/06\\\/cropped-Black-White-Elegant-Circle-Signature-Fashion-Logo-12_large.png\",\"width\":1280,\"height\":747,\"caption\":\"Ruuby Disain O\u00dc\"},\"image\":{\"@id\":\"https:\\\/\\\/ruuby.ee\\\/en\\\/#\\\/schema\\\/logo\\\/image\\\/\"},\"sameAs\":[\"https:\\\/\\\/www.facebook.com\\\/ruubyconcept\",\"https:\\\/\\\/www.instagram.com\\\/ruuby_concept\\\/\"]}]}<\/script>\n<!-- \/ Yoast SEO plugin. -->","yoast_head_json":{"title":"Bloomingville - vaip, Volano - RUUBY","robots":{"index":"index","follow":"follow","max-snippet":"max-snippet:-1","max-image-preview":"max-image-preview:large","max-video-preview":"max-video-preview:-1"},"canonical":"http:\/\/ruuby.ee\/en\/pood\/kodusisustus\/vaibad\/bloomingille-mini-ummargune-vaip-lune-kopeeri\/","og_locale":"en_GB","og_type":"article","og_title":"Bloomingville - vaip, Volano - RUUBY","og_description":"Bloomingville&#8217;i Volano vaibal on voolav abstraktne muster, mis loob liikumistunde. Disain koosneb tumepruuni v\u00e4rvi kumeratest joontest, mis lainevad elegantselt \u00fcle vaiba pinna ja raamivad heledaid orgaanilisi kujundeid. Vaip on valmistatud bee\u017ei ja pruuni toonides, mis loob sooja ja k\u00fclalislahke \u00f5hkkonna. M\u00f5\u00f5dud: 150x90cm Materjalid: 80% Puuvill, 20% Pol\u00fcester &nbsp;","og_url":"http:\/\/ruuby.ee\/en\/pood\/kodusisustus\/vaibad\/bloomingille-mini-ummargune-vaip-lune-kopeeri\/","og_site_name":"RUUBY","article_publisher":"https:\/\/www.facebook.com\/ruubyconcept","article_modified_time":"2026-04-07T22:28:33+00:00","og_image":[{"width":1140,"height":1140,"url":"http:\/\/ruuby.ee\/wp-content\/uploads\/2024\/08\/Screenshot-2024-08-09-at-14.25.34.png","type":"image\/png"}],"twitter_card":"summary_large_image","twitter_misc":{"Estimated reading time":"1 minute"},"schema":{"@context":"https:\/\/schema.org","@graph":[{"@type":["WebPage","ItemPage"],"@id":"http:\/\/ruuby.ee\/en\/pood\/kodusisustus\/vaibad\/bloomingille-mini-ummargune-vaip-lune-kopeeri\/","url":"http:\/\/ruuby.ee\/en\/pood\/kodusisustus\/vaibad\/bloomingille-mini-ummargune-vaip-lune-kopeeri\/","name":"Bloomingville - vaip, Volano - RUUBY","isPartOf":{"@id":"https:\/\/ruuby.ee\/en\/#website"},"primaryImageOfPage":{"@id":"http:\/\/ruuby.ee\/en\/pood\/kodusisustus\/vaibad\/bloomingille-mini-ummargune-vaip-lune-kopeeri\/#primaryimage"},"image":{"@id":"http:\/\/ruuby.ee\/en\/pood\/kodusisustus\/vaibad\/bloomingille-mini-ummargune-vaip-lune-kopeeri\/#primaryimage"},"thumbnailUrl":"http:\/\/ruuby.ee\/wp-content\/uploads\/2024\/08\/Screenshot-2024-08-09-at-14.25.34.png","datePublished":"2024-08-09T11:25:56+00:00","dateModified":"2026-04-07T22:28:33+00:00","breadcrumb":{"@id":"http:\/\/ruuby.ee\/en\/pood\/kodusisustus\/vaibad\/bloomingille-mini-ummargune-vaip-lune-kopeeri\/#breadcrumb"},"inLanguage":"en-GB","potentialAction":[{"@type":"ReadAction","target":["http:\/\/ruuby.ee\/en\/pood\/kodusisustus\/vaibad\/bloomingille-mini-ummargune-vaip-lune-kopeeri\/"]}]},{"@type":"ImageObject","inLanguage":"en-GB","@id":"http:\/\/ruuby.ee\/en\/pood\/kodusisustus\/vaibad\/bloomingille-mini-ummargune-vaip-lune-kopeeri\/#primaryimage","url":"http:\/\/ruuby.ee\/wp-content\/uploads\/2024\/08\/Screenshot-2024-08-09-at-14.25.34.png","contentUrl":"http:\/\/ruuby.ee\/wp-content\/uploads\/2024\/08\/Screenshot-2024-08-09-at-14.25.34.png","width":1140,"height":1140},{"@type":"BreadcrumbList","@id":"http:\/\/ruuby.ee\/en\/pood\/kodusisustus\/vaibad\/bloomingille-mini-ummargune-vaip-lune-kopeeri\/#breadcrumb","itemListElement":[{"@type":"ListItem","position":1,"name":"Kdu","item":"https:\/\/ruuby.ee\/en\/"},{"@type":"ListItem","position":2,"name":"Pood","item":"http:\/\/ruuby.ee\/en\/pood\/"},{"@type":"ListItem","position":3,"name":"Bloomingville &#8211; vaip, Volano"}]},{"@type":"WebSite","@id":"https:\/\/ruuby.ee\/en\/#website","url":"https:\/\/ruuby.ee\/en\/","name":"RUUBY","description":"Ruubys on \u00fchendatud elustiil ja disain","publisher":{"@id":"https:\/\/ruuby.ee\/en\/#organization"},"alternateName":"Ruuby Disain","potentialAction":[{"@type":"SearchAction","target":{"@type":"EntryPoint","urlTemplate":"https:\/\/ruuby.ee\/en\/?s={search_term_string}"},"query-input":{"@type":"PropertyValueSpecification","valueRequired":true,"valueName":"search_term_string"}}],"inLanguage":"en-GB"},{"@type":"Organization","@id":"https:\/\/ruuby.ee\/en\/#organization","name":"Ruuby Disain O\u00dc","alternateName":"Ruuby","url":"https:\/\/ruuby.ee\/en\/","logo":{"@type":"ImageObject","inLanguage":"en-GB","@id":"https:\/\/ruuby.ee\/en\/#\/schema\/logo\/image\/","url":"http:\/\/ruuby.ee\/wp-content\/uploads\/2023\/06\/cropped-Black-White-Elegant-Circle-Signature-Fashion-Logo-12_large.png","contentUrl":"http:\/\/ruuby.ee\/wp-content\/uploads\/2023\/06\/cropped-Black-White-Elegant-Circle-Signature-Fashion-Logo-12_large.png","width":1280,"height":747,"caption":"Ruuby Disain O\u00dc"},"image":{"@id":"https:\/\/ruuby.ee\/en\/#\/schema\/logo\/image\/"},"sameAs":["https:\/\/www.facebook.com\/ruubyconcept","https:\/\/www.instagram.com\/ruuby_concept\/"]}]}},"jetpack_sharing_enabled":true,"_links":{"self":[{"href":"http:\/\/ruuby.ee\/en\/wp-json\/wp\/v2\/product\/1846241","targetHints":{"allow":["GET"]}}],"collection":[{"href":"http:\/\/ruuby.ee\/en\/wp-json\/wp\/v2\/product"}],"about":[{"href":"http:\/\/ruuby.ee\/en\/wp-json\/wp\/v2\/types\/product"}],"replies":[{"embeddable":true,"href":"http:\/\/ruuby.ee\/en\/wp-json\/wp\/v2\/comments?post=1846241"}],"wp:featuredmedia":[{"embeddable":true,"href":"http:\/\/ruuby.ee\/en\/wp-json\/wp\/v2\/media\/1846242"}],"wp:attachment":[{"href":"http:\/\/ruuby.ee\/en\/wp-json\/wp\/v2\/media?parent=1846241"}],"wp:term":[{"taxonomy":"product_brand","embeddable":true,"href":"http:\/\/ruuby.ee\/en\/wp-json\/wp\/v2\/product_brand?post=1846241"},{"taxonomy":"product_cat","embeddable":true,"href":"http:\/\/ruuby.ee\/en\/wp-json\/wp\/v2\/product_cat?post=1846241"},{"taxonomy":"product_tag","embeddable":true,"href":"http:\/\/ruuby.ee\/en\/wp-json\/wp\/v2\/product_tag?post=1846241"}],"curies":[{"name":"wp","href":"https:\/\/api.w.org\/{rel}","templated":true}]}}