{"id":1846019,"date":"2024-07-23T16:26:34","date_gmt":"2024-07-23T13:26:34","guid":{"rendered":"http:\/\/ruuby.ee\/?post_type=product&#038;p=1846019"},"modified":"2026-04-08T01:28:33","modified_gmt":"2026-04-07T22:28:33","slug":"happy-socks-sokid-glass-of-wine-36-40","status":"publish","type":"product","link":"http:\/\/ruuby.ee\/en\/pood\/aksessuaarid\/sokid\/happy-socks-sokid-glass-of-wine-36-40\/","title":{"rendered":"HAPPY SOCKS &#8211; sokid, Glass of Wine, 36-40"},"content":{"rendered":"<p>\u00dcks l\u00f5bus kingitus v\u00f5i aksessuaar, mida oma seiklustel kanda.<\/p>\n<p>Koostis: 86% puuvill, 12% pol\u00fcamiid, 2% elastaan<\/p>\n<p>&nbsp;<\/p>\n<p>Mis ja kes on Happy Socks?<\/p>\n<p>Happy Socks on m\u00f5eldud k\u00f5igile, kes arvavad, et elu ei saa kunagi olla liiga v\u00e4rviline. Ja see t\u00f5eline \u00f5nn tuleneb vabadusest olla sina ise. Br\u00e4ndi visioon on tuua \u00f5nne ja v\u00e4rvi igasse maailma nurka \u2013 inspireerides autentset enesev\u00e4ljendust v\u00e4rvide, loovuse ja l\u00f5bususe kaudu. Br\u00e4nd l\u00e4htub lihtsast, kuid samas v\u00f5imsast p\u00f5him\u00f5ttest: iga uus kollektsioon peaks olema eelmisest parem. Leitakse pehmemaid, tugevamaid, l\u00e4ikivamaid ja s\u00e4\u00e4stvamaid materjale. Kujundatakse pilkup\u00fc\u00fcdvaid detaile ja uuenduslikke funktsioone, mida t\u00f6\u00f6stuses pole kunagi varem n\u00e4htud. Kasutatakse tipptasemel tehnikaid ja tootmisprotsesse, mis muudavad sokid ja need, kes neid armastavad, veelgi \u00f5nnelikumaks.<\/p>","protected":false},"excerpt":{"rendered":"<p>\u00dcks l\u00f5bus kingitus v\u00f5i aksessuaar, mida oma seiklustel kanda. Koostis: 86% puuvill, 12% pol\u00fcamiid, 2% elastaan &nbsp; Mis ja kes on Happy Socks? Happy Socks on m\u00f5eldud k\u00f5igile, kes arvavad, et elu ei saa kunagi olla liiga v\u00e4rviline. Ja see t\u00f5eline \u00f5nn tuleneb vabadusest olla sina ise. Br\u00e4ndi visioon on tuua \u00f5nne ja v\u00e4rvi igasse [&hellip;]<\/p>\n","protected":false},"featured_media":1846020,"comment_status":"closed","ping_status":"closed","template":"","meta":[],"product_brand":[],"product_cat":[792],"product_tag":[],"class_list":{"0":"post-1846019","1":"product","2":"type-product","3":"status-publish","4":"has-post-thumbnail","6":"product_cat-sokid","8":"first","9":"instock","10":"taxable","11":"shipping-taxable","12":"purchasable","13":"product-type-simple"},"yoast_head":"<!-- This site is optimized with the Yoast SEO plugin v27.3 - https:\/\/yoast.com\/product\/yoast-seo-wordpress\/ -->\n<title>HAPPY SOCKS - sokid, Glass of Wine, 36-40 - RUUBY<\/title>\n<meta name=\"robots\" content=\"index, follow, max-snippet:-1, max-image-preview:large, max-video-preview:-1\" \/>\n<link rel=\"canonical\" href=\"https:\/\/ruuby.ee\/en\/pood\/aksessuaarid\/sokid\/happy-socks-sokid-glass-of-wine-36-40\/\" \/>\n<meta property=\"og:locale\" content=\"en_GB\" \/>\n<meta property=\"og:type\" content=\"article\" \/>\n<meta property=\"og:title\" content=\"HAPPY SOCKS - sokid, Glass of Wine, 36-40 - RUUBY\" \/>\n<meta property=\"og:description\" content=\"\u00dcks l\u00f5bus kingitus v\u00f5i aksessuaar, mida oma seiklustel kanda. Koostis: 86% puuvill, 12% pol\u00fcamiid, 2% elastaan &nbsp; Mis ja kes on Happy Socks? Happy Socks on m\u00f5eldud k\u00f5igile, kes arvavad, et elu ei saa kunagi olla liiga v\u00e4rviline. Ja see t\u00f5eline \u00f5nn tuleneb vabadusest olla sina ise. Br\u00e4ndi visioon on tuua \u00f5nne ja v\u00e4rvi igasse [&hellip;]\" \/>\n<meta property=\"og:url\" content=\"https:\/\/ruuby.ee\/en\/pood\/aksessuaarid\/sokid\/happy-socks-sokid-glass-of-wine-36-40\/\" \/>\n<meta property=\"og:site_name\" content=\"RUUBY\" \/>\n<meta property=\"article:publisher\" content=\"https:\/\/www.facebook.com\/ruubyconcept\" \/>\n<meta property=\"article:modified_time\" content=\"2026-04-07T22:28:33+00:00\" \/>\n<meta property=\"og:image\" content=\"https:\/\/ruuby.ee\/wp-content\/uploads\/2024\/07\/Screenshot-2024-07-23-at-16.29.34.png\" \/>\n\t<meta property=\"og:image:width\" content=\"1366\" \/>\n\t<meta property=\"og:image:height\" content=\"1086\" \/>\n\t<meta property=\"og:image:type\" content=\"image\/png\" \/>\n<meta name=\"twitter:card\" content=\"summary_large_image\" \/>\n<meta name=\"twitter:label1\" content=\"Estimated reading time\" \/>\n\t<meta name=\"twitter:data1\" content=\"1 minute\" \/>\n<script type=\"application\/ld+json\" class=\"yoast-schema-graph\">{\"@context\":\"https:\\\/\\\/schema.org\",\"@graph\":[{\"@type\":[\"WebPage\",\"ItemPage\"],\"@id\":\"https:\\\/\\\/ruuby.ee\\\/en\\\/pood\\\/aksessuaarid\\\/sokid\\\/happy-socks-sokid-glass-of-wine-36-40\\\/\",\"url\":\"https:\\\/\\\/ruuby.ee\\\/en\\\/pood\\\/aksessuaarid\\\/sokid\\\/happy-socks-sokid-glass-of-wine-36-40\\\/\",\"name\":\"HAPPY SOCKS - sokid, Glass of Wine, 36-40 - RUUBY\",\"isPartOf\":{\"@id\":\"https:\\\/\\\/ruuby.ee\\\/en\\\/#website\"},\"primaryImageOfPage\":{\"@id\":\"https:\\\/\\\/ruuby.ee\\\/en\\\/pood\\\/aksessuaarid\\\/sokid\\\/happy-socks-sokid-glass-of-wine-36-40\\\/#primaryimage\"},\"image\":{\"@id\":\"https:\\\/\\\/ruuby.ee\\\/en\\\/pood\\\/aksessuaarid\\\/sokid\\\/happy-socks-sokid-glass-of-wine-36-40\\\/#primaryimage\"},\"thumbnailUrl\":\"http:\\\/\\\/ruuby.ee\\\/wp-content\\\/uploads\\\/2024\\\/07\\\/Screenshot-2024-07-23-at-16.29.34.png\",\"datePublished\":\"2024-07-23T13:26:34+00:00\",\"dateModified\":\"2026-04-07T22:28:33+00:00\",\"breadcrumb\":{\"@id\":\"https:\\\/\\\/ruuby.ee\\\/en\\\/pood\\\/aksessuaarid\\\/sokid\\\/happy-socks-sokid-glass-of-wine-36-40\\\/#breadcrumb\"},\"inLanguage\":\"en-GB\",\"potentialAction\":[{\"@type\":\"ReadAction\",\"target\":[\"https:\\\/\\\/ruuby.ee\\\/en\\\/pood\\\/aksessuaarid\\\/sokid\\\/happy-socks-sokid-glass-of-wine-36-40\\\/\"]}]},{\"@type\":\"ImageObject\",\"inLanguage\":\"en-GB\",\"@id\":\"https:\\\/\\\/ruuby.ee\\\/en\\\/pood\\\/aksessuaarid\\\/sokid\\\/happy-socks-sokid-glass-of-wine-36-40\\\/#primaryimage\",\"url\":\"http:\\\/\\\/ruuby.ee\\\/wp-content\\\/uploads\\\/2024\\\/07\\\/Screenshot-2024-07-23-at-16.29.34.png\",\"contentUrl\":\"http:\\\/\\\/ruuby.ee\\\/wp-content\\\/uploads\\\/2024\\\/07\\\/Screenshot-2024-07-23-at-16.29.34.png\",\"width\":1366,\"height\":1086},{\"@type\":\"BreadcrumbList\",\"@id\":\"https:\\\/\\\/ruuby.ee\\\/en\\\/pood\\\/aksessuaarid\\\/sokid\\\/happy-socks-sokid-glass-of-wine-36-40\\\/#breadcrumb\",\"itemListElement\":[{\"@type\":\"ListItem\",\"position\":1,\"name\":\"Kdu\",\"item\":\"https:\\\/\\\/ruuby.ee\\\/en\\\/\"},{\"@type\":\"ListItem\",\"position\":2,\"name\":\"Pood\",\"item\":\"http:\\\/\\\/ruuby.ee\\\/en\\\/pood\\\/\"},{\"@type\":\"ListItem\",\"position\":3,\"name\":\"HAPPY SOCKS &#8211; sokid, Glass of Wine, 36-40\"}]},{\"@type\":\"WebSite\",\"@id\":\"https:\\\/\\\/ruuby.ee\\\/en\\\/#website\",\"url\":\"https:\\\/\\\/ruuby.ee\\\/en\\\/\",\"name\":\"RUUBY\",\"description\":\"Ruubys on \u00fchendatud elustiil ja disain\",\"publisher\":{\"@id\":\"https:\\\/\\\/ruuby.ee\\\/en\\\/#organization\"},\"alternateName\":\"Ruuby Disain\",\"potentialAction\":[{\"@type\":\"SearchAction\",\"target\":{\"@type\":\"EntryPoint\",\"urlTemplate\":\"https:\\\/\\\/ruuby.ee\\\/en\\\/?s={search_term_string}\"},\"query-input\":{\"@type\":\"PropertyValueSpecification\",\"valueRequired\":true,\"valueName\":\"search_term_string\"}}],\"inLanguage\":\"en-GB\"},{\"@type\":\"Organization\",\"@id\":\"https:\\\/\\\/ruuby.ee\\\/en\\\/#organization\",\"name\":\"Ruuby Disain O\u00dc\",\"alternateName\":\"Ruuby\",\"url\":\"https:\\\/\\\/ruuby.ee\\\/en\\\/\",\"logo\":{\"@type\":\"ImageObject\",\"inLanguage\":\"en-GB\",\"@id\":\"https:\\\/\\\/ruuby.ee\\\/en\\\/#\\\/schema\\\/logo\\\/image\\\/\",\"url\":\"http:\\\/\\\/ruuby.ee\\\/wp-content\\\/uploads\\\/2023\\\/06\\\/cropped-Black-White-Elegant-Circle-Signature-Fashion-Logo-12_large.png\",\"contentUrl\":\"http:\\\/\\\/ruuby.ee\\\/wp-content\\\/uploads\\\/2023\\\/06\\\/cropped-Black-White-Elegant-Circle-Signature-Fashion-Logo-12_large.png\",\"width\":1280,\"height\":747,\"caption\":\"Ruuby Disain O\u00dc\"},\"image\":{\"@id\":\"https:\\\/\\\/ruuby.ee\\\/en\\\/#\\\/schema\\\/logo\\\/image\\\/\"},\"sameAs\":[\"https:\\\/\\\/www.facebook.com\\\/ruubyconcept\",\"https:\\\/\\\/www.instagram.com\\\/ruuby_concept\\\/\"]}]}<\/script>\n<!-- \/ Yoast SEO plugin. -->","yoast_head_json":{"title":"HAPPY SOCKS - sokid, Glass of Wine, 36-40 - RUUBY","robots":{"index":"index","follow":"follow","max-snippet":"max-snippet:-1","max-image-preview":"max-image-preview:large","max-video-preview":"max-video-preview:-1"},"canonical":"https:\/\/ruuby.ee\/en\/pood\/aksessuaarid\/sokid\/happy-socks-sokid-glass-of-wine-36-40\/","og_locale":"en_GB","og_type":"article","og_title":"HAPPY SOCKS - sokid, Glass of Wine, 36-40 - RUUBY","og_description":"\u00dcks l\u00f5bus kingitus v\u00f5i aksessuaar, mida oma seiklustel kanda. Koostis: 86% puuvill, 12% pol\u00fcamiid, 2% elastaan &nbsp; Mis ja kes on Happy Socks? Happy Socks on m\u00f5eldud k\u00f5igile, kes arvavad, et elu ei saa kunagi olla liiga v\u00e4rviline. Ja see t\u00f5eline \u00f5nn tuleneb vabadusest olla sina ise. Br\u00e4ndi visioon on tuua \u00f5nne ja v\u00e4rvi igasse [&hellip;]","og_url":"https:\/\/ruuby.ee\/en\/pood\/aksessuaarid\/sokid\/happy-socks-sokid-glass-of-wine-36-40\/","og_site_name":"RUUBY","article_publisher":"https:\/\/www.facebook.com\/ruubyconcept","article_modified_time":"2026-04-07T22:28:33+00:00","og_image":[{"width":1366,"height":1086,"url":"https:\/\/ruuby.ee\/wp-content\/uploads\/2024\/07\/Screenshot-2024-07-23-at-16.29.34.png","type":"image\/png"}],"twitter_card":"summary_large_image","twitter_misc":{"Estimated reading time":"1 minute"},"schema":{"@context":"https:\/\/schema.org","@graph":[{"@type":["WebPage","ItemPage"],"@id":"https:\/\/ruuby.ee\/en\/pood\/aksessuaarid\/sokid\/happy-socks-sokid-glass-of-wine-36-40\/","url":"https:\/\/ruuby.ee\/en\/pood\/aksessuaarid\/sokid\/happy-socks-sokid-glass-of-wine-36-40\/","name":"HAPPY SOCKS - sokid, Glass of Wine, 36-40 - RUUBY","isPartOf":{"@id":"https:\/\/ruuby.ee\/en\/#website"},"primaryImageOfPage":{"@id":"https:\/\/ruuby.ee\/en\/pood\/aksessuaarid\/sokid\/happy-socks-sokid-glass-of-wine-36-40\/#primaryimage"},"image":{"@id":"https:\/\/ruuby.ee\/en\/pood\/aksessuaarid\/sokid\/happy-socks-sokid-glass-of-wine-36-40\/#primaryimage"},"thumbnailUrl":"http:\/\/ruuby.ee\/wp-content\/uploads\/2024\/07\/Screenshot-2024-07-23-at-16.29.34.png","datePublished":"2024-07-23T13:26:34+00:00","dateModified":"2026-04-07T22:28:33+00:00","breadcrumb":{"@id":"https:\/\/ruuby.ee\/en\/pood\/aksessuaarid\/sokid\/happy-socks-sokid-glass-of-wine-36-40\/#breadcrumb"},"inLanguage":"en-GB","potentialAction":[{"@type":"ReadAction","target":["https:\/\/ruuby.ee\/en\/pood\/aksessuaarid\/sokid\/happy-socks-sokid-glass-of-wine-36-40\/"]}]},{"@type":"ImageObject","inLanguage":"en-GB","@id":"https:\/\/ruuby.ee\/en\/pood\/aksessuaarid\/sokid\/happy-socks-sokid-glass-of-wine-36-40\/#primaryimage","url":"http:\/\/ruuby.ee\/wp-content\/uploads\/2024\/07\/Screenshot-2024-07-23-at-16.29.34.png","contentUrl":"http:\/\/ruuby.ee\/wp-content\/uploads\/2024\/07\/Screenshot-2024-07-23-at-16.29.34.png","width":1366,"height":1086},{"@type":"BreadcrumbList","@id":"https:\/\/ruuby.ee\/en\/pood\/aksessuaarid\/sokid\/happy-socks-sokid-glass-of-wine-36-40\/#breadcrumb","itemListElement":[{"@type":"ListItem","position":1,"name":"Kdu","item":"https:\/\/ruuby.ee\/en\/"},{"@type":"ListItem","position":2,"name":"Pood","item":"http:\/\/ruuby.ee\/en\/pood\/"},{"@type":"ListItem","position":3,"name":"HAPPY SOCKS &#8211; sokid, Glass of Wine, 36-40"}]},{"@type":"WebSite","@id":"https:\/\/ruuby.ee\/en\/#website","url":"https:\/\/ruuby.ee\/en\/","name":"RUUBY","description":"Ruubys on \u00fchendatud elustiil ja disain","publisher":{"@id":"https:\/\/ruuby.ee\/en\/#organization"},"alternateName":"Ruuby Disain","potentialAction":[{"@type":"SearchAction","target":{"@type":"EntryPoint","urlTemplate":"https:\/\/ruuby.ee\/en\/?s={search_term_string}"},"query-input":{"@type":"PropertyValueSpecification","valueRequired":true,"valueName":"search_term_string"}}],"inLanguage":"en-GB"},{"@type":"Organization","@id":"https:\/\/ruuby.ee\/en\/#organization","name":"Ruuby Disain O\u00dc","alternateName":"Ruuby","url":"https:\/\/ruuby.ee\/en\/","logo":{"@type":"ImageObject","inLanguage":"en-GB","@id":"https:\/\/ruuby.ee\/en\/#\/schema\/logo\/image\/","url":"http:\/\/ruuby.ee\/wp-content\/uploads\/2023\/06\/cropped-Black-White-Elegant-Circle-Signature-Fashion-Logo-12_large.png","contentUrl":"http:\/\/ruuby.ee\/wp-content\/uploads\/2023\/06\/cropped-Black-White-Elegant-Circle-Signature-Fashion-Logo-12_large.png","width":1280,"height":747,"caption":"Ruuby Disain O\u00dc"},"image":{"@id":"https:\/\/ruuby.ee\/en\/#\/schema\/logo\/image\/"},"sameAs":["https:\/\/www.facebook.com\/ruubyconcept","https:\/\/www.instagram.com\/ruuby_concept\/"]}]}},"jetpack_sharing_enabled":true,"_links":{"self":[{"href":"http:\/\/ruuby.ee\/en\/wp-json\/wp\/v2\/product\/1846019","targetHints":{"allow":["GET"]}}],"collection":[{"href":"http:\/\/ruuby.ee\/en\/wp-json\/wp\/v2\/product"}],"about":[{"href":"http:\/\/ruuby.ee\/en\/wp-json\/wp\/v2\/types\/product"}],"replies":[{"embeddable":true,"href":"http:\/\/ruuby.ee\/en\/wp-json\/wp\/v2\/comments?post=1846019"}],"wp:featuredmedia":[{"embeddable":true,"href":"http:\/\/ruuby.ee\/en\/wp-json\/wp\/v2\/media\/1846020"}],"wp:attachment":[{"href":"http:\/\/ruuby.ee\/en\/wp-json\/wp\/v2\/media?parent=1846019"}],"wp:term":[{"taxonomy":"product_brand","embeddable":true,"href":"http:\/\/ruuby.ee\/en\/wp-json\/wp\/v2\/product_brand?post=1846019"},{"taxonomy":"product_cat","embeddable":true,"href":"http:\/\/ruuby.ee\/en\/wp-json\/wp\/v2\/product_cat?post=1846019"},{"taxonomy":"product_tag","embeddable":true,"href":"http:\/\/ruuby.ee\/en\/wp-json\/wp\/v2\/product_tag?post=1846019"}],"curies":[{"name":"wp","href":"https:\/\/api.w.org\/{rel}","templated":true}]}}