{"id":1845370,"date":"2024-05-25T14:34:57","date_gmt":"2024-05-25T11:34:57","guid":{"rendered":"http:\/\/ruuby.ee\/?post_type=product&#038;p=1845370"},"modified":"2026-04-04T01:24:58","modified_gmt":"2026-04-03T22:24:58","slug":"umage-valgusti-statiiv-lounge-around","status":"publish","type":"product","link":"http:\/\/ruuby.ee\/en\/pood\/kodusisustus\/diivanid-ja-paevavoodid\/umage-valgusti-statiiv-lounge-around\/","title":{"rendered":"Umage &#8211; valgusti statiiv, Lounge Around"},"content":{"rendered":"<p>Lounge Aroundi tarvikutega saate lisada Lounge Aroundi diivanile ja diivanvoodile lisafunktsionaalsust. T\u00e4iustage Lounge Aroundi \u00f5hkkonda Light Aroundi lambiga v\u00f5i suurendage mugavust lisapadjaga Side Pillow, mis on saadaval 5 erinevast kangast. Lisage \u00fcmarlaud, et teil oleks s\u00fclearvuti v\u00f5i teetassi jaoks l\u00e4hedal t\u00e4iendav abilaud. Side Pocket pakub hoiuruumi teie igan\u00e4dalaste ajalehtede ja ajakirjade jaoks.<\/p>\n<p>K\u00f5iki Lounge Aroundi tarvikuid saab moduleerida ja paigutada t\u00e4pselt sinna, kuhu vaja, kasutades selleks diivani ja diivanvoodi tagak\u00fcljel ja k\u00fclgedel olevaid auke. Kui auke Lounge Aroundi tarvikute jaoks ei kasutata, saab need katta Lounge Aroundi ostmisel kaasas olevate messingklambritega.<\/p>\n<p>M\u00f5\u00f5dud: D: 32.8 H: 112.6 cm<\/p>\n<p>Materjal: Alumiinium ja teras (plaaditud messing)<br \/>\nSealhulgas 2 m must tekstiilist pael<\/p>","protected":false},"excerpt":{"rendered":"<p>Lounge Aroundi tarvikutega saate lisada Lounge Aroundi diivanile ja diivanvoodile lisafunktsionaalsust. T\u00e4iustage Lounge Aroundi \u00f5hkkonda Light Aroundi lambiga v\u00f5i suurendage mugavust lisapadjaga Side Pillow, mis on saadaval 5 erinevast kangast. Lisage \u00fcmarlaud, et teil oleks s\u00fclearvuti v\u00f5i teetassi jaoks l\u00e4hedal t\u00e4iendav abilaud. Side Pocket pakub hoiuruumi teie igan\u00e4dalaste ajalehtede ja ajakirjade jaoks. K\u00f5iki Lounge Aroundi [&hellip;]<\/p>\n","protected":false},"featured_media":1845374,"comment_status":"closed","ping_status":"closed","template":"","meta":[],"product_brand":[],"product_cat":[744,42],"product_tag":[150,256],"class_list":{"0":"post-1845370","1":"product","2":"type-product","3":"status-publish","4":"has-post-thumbnail","6":"product_cat-diivanid-ja-paevavoodid","7":"product_cat-kodusisustus","8":"product_tag-umage","9":"product_tag-valgusti","11":"first","12":"onbackorder","13":"taxable","14":"shipping-taxable","15":"purchasable","16":"product-type-variable","17":"rtwpvs-product"},"yoast_head":"<!-- This site is optimized with the Yoast SEO plugin v27.2 - https:\/\/yoast.com\/product\/yoast-seo-wordpress\/ -->\n<title>Umage - valgusti statiiv, Lounge Around - RUUBY<\/title>\n<meta name=\"robots\" content=\"index, follow, max-snippet:-1, max-image-preview:large, max-video-preview:-1\" \/>\n<link rel=\"canonical\" href=\"https:\/\/ruuby.ee\/en\/pood\/kodusisustus\/diivanid-ja-paevavoodid\/umage-valgusti-statiiv-lounge-around\/\" \/>\n<meta property=\"og:locale\" content=\"en_GB\" \/>\n<meta property=\"og:type\" content=\"article\" \/>\n<meta property=\"og:title\" content=\"Umage - valgusti statiiv, Lounge Around - RUUBY\" \/>\n<meta property=\"og:description\" content=\"Lounge Aroundi tarvikutega saate lisada Lounge Aroundi diivanile ja diivanvoodile lisafunktsionaalsust. T\u00e4iustage Lounge Aroundi \u00f5hkkonda Light Aroundi lambiga v\u00f5i suurendage mugavust lisapadjaga Side Pillow, mis on saadaval 5 erinevast kangast. Lisage \u00fcmarlaud, et teil oleks s\u00fclearvuti v\u00f5i teetassi jaoks l\u00e4hedal t\u00e4iendav abilaud. Side Pocket pakub hoiuruumi teie igan\u00e4dalaste ajalehtede ja ajakirjade jaoks. K\u00f5iki Lounge Aroundi [&hellip;]\" \/>\n<meta property=\"og:url\" content=\"https:\/\/ruuby.ee\/en\/pood\/kodusisustus\/diivanid-ja-paevavoodid\/umage-valgusti-statiiv-lounge-around\/\" \/>\n<meta property=\"og:site_name\" content=\"RUUBY\" \/>\n<meta property=\"article:publisher\" content=\"https:\/\/www.facebook.com\/ruubyconcept\" \/>\n<meta property=\"article:modified_time\" content=\"2026-04-03T22:24:58+00:00\" \/>\n<meta property=\"og:image\" content=\"https:\/\/ruuby.ee\/wp-content\/uploads\/2024\/05\/Screenshot-2024-05-25-at-14.32.38.png\" \/>\n\t<meta property=\"og:image:width\" content=\"1050\" \/>\n\t<meta property=\"og:image:height\" content=\"1074\" \/>\n\t<meta property=\"og:image:type\" content=\"image\/png\" \/>\n<meta name=\"twitter:card\" content=\"summary_large_image\" \/>\n<meta name=\"twitter:label1\" content=\"Estimated reading time\" \/>\n\t<meta name=\"twitter:data1\" content=\"1 minute\" \/>\n<script type=\"application\/ld+json\" class=\"yoast-schema-graph\">{\"@context\":\"https:\/\/schema.org\",\"@graph\":[{\"@type\":[\"WebPage\",\"ItemPage\"],\"@id\":\"https:\/\/ruuby.ee\/en\/pood\/kodusisustus\/diivanid-ja-paevavoodid\/umage-valgusti-statiiv-lounge-around\/\",\"url\":\"https:\/\/ruuby.ee\/en\/pood\/kodusisustus\/diivanid-ja-paevavoodid\/umage-valgusti-statiiv-lounge-around\/\",\"name\":\"Umage - valgusti statiiv, Lounge Around - RUUBY\",\"isPartOf\":{\"@id\":\"https:\/\/ruuby.ee\/en\/#website\"},\"primaryImageOfPage\":{\"@id\":\"https:\/\/ruuby.ee\/en\/pood\/kodusisustus\/diivanid-ja-paevavoodid\/umage-valgusti-statiiv-lounge-around\/#primaryimage\"},\"image\":{\"@id\":\"https:\/\/ruuby.ee\/en\/pood\/kodusisustus\/diivanid-ja-paevavoodid\/umage-valgusti-statiiv-lounge-around\/#primaryimage\"},\"thumbnailUrl\":\"http:\/\/ruuby.ee\/wp-content\/uploads\/2024\/05\/Screenshot-2024-05-25-at-14.32.38.png\",\"datePublished\":\"2024-05-25T11:34:57+00:00\",\"dateModified\":\"2026-04-03T22:24:58+00:00\",\"breadcrumb\":{\"@id\":\"https:\/\/ruuby.ee\/en\/pood\/kodusisustus\/diivanid-ja-paevavoodid\/umage-valgusti-statiiv-lounge-around\/#breadcrumb\"},\"inLanguage\":\"en-GB\",\"potentialAction\":[{\"@type\":\"ReadAction\",\"target\":[\"https:\/\/ruuby.ee\/en\/pood\/kodusisustus\/diivanid-ja-paevavoodid\/umage-valgusti-statiiv-lounge-around\/\"]}]},{\"@type\":\"ImageObject\",\"inLanguage\":\"en-GB\",\"@id\":\"https:\/\/ruuby.ee\/en\/pood\/kodusisustus\/diivanid-ja-paevavoodid\/umage-valgusti-statiiv-lounge-around\/#primaryimage\",\"url\":\"http:\/\/ruuby.ee\/wp-content\/uploads\/2024\/05\/Screenshot-2024-05-25-at-14.32.38.png\",\"contentUrl\":\"http:\/\/ruuby.ee\/wp-content\/uploads\/2024\/05\/Screenshot-2024-05-25-at-14.32.38.png\",\"width\":1050,\"height\":1074},{\"@type\":\"BreadcrumbList\",\"@id\":\"https:\/\/ruuby.ee\/en\/pood\/kodusisustus\/diivanid-ja-paevavoodid\/umage-valgusti-statiiv-lounge-around\/#breadcrumb\",\"itemListElement\":[{\"@type\":\"ListItem\",\"position\":1,\"name\":\"Kdu\",\"item\":\"https:\/\/ruuby.ee\/en\/\"},{\"@type\":\"ListItem\",\"position\":2,\"name\":\"Pood\",\"item\":\"https:\/\/ruuby.ee\/pood\/\"},{\"@type\":\"ListItem\",\"position\":3,\"name\":\"Umage &#8211; valgusti statiiv, Lounge Around\"}]},{\"@type\":\"WebSite\",\"@id\":\"https:\/\/ruuby.ee\/en\/#website\",\"url\":\"https:\/\/ruuby.ee\/en\/\",\"name\":\"RUUBY\",\"description\":\"Ruubys on \u00fchendatud elustiil ja disain\",\"publisher\":{\"@id\":\"https:\/\/ruuby.ee\/en\/#organization\"},\"alternateName\":\"Ruuby Disain\",\"potentialAction\":[{\"@type\":\"SearchAction\",\"target\":{\"@type\":\"EntryPoint\",\"urlTemplate\":\"https:\/\/ruuby.ee\/en\/?s={search_term_string}\"},\"query-input\":{\"@type\":\"PropertyValueSpecification\",\"valueRequired\":true,\"valueName\":\"search_term_string\"}}],\"inLanguage\":\"en-GB\"},{\"@type\":\"Organization\",\"@id\":\"https:\/\/ruuby.ee\/en\/#organization\",\"name\":\"Ruuby Disain O\u00dc\",\"alternateName\":\"Ruuby\",\"url\":\"https:\/\/ruuby.ee\/en\/\",\"logo\":{\"@type\":\"ImageObject\",\"inLanguage\":\"en-GB\",\"@id\":\"https:\/\/ruuby.ee\/en\/#\/schema\/logo\/image\/\",\"url\":\"http:\/\/ruuby.ee\/wp-content\/uploads\/2023\/06\/cropped-Black-White-Elegant-Circle-Signature-Fashion-Logo-12_large.png\",\"contentUrl\":\"http:\/\/ruuby.ee\/wp-content\/uploads\/2023\/06\/cropped-Black-White-Elegant-Circle-Signature-Fashion-Logo-12_large.png\",\"width\":1280,\"height\":747,\"caption\":\"Ruuby Disain O\u00dc\"},\"image\":{\"@id\":\"https:\/\/ruuby.ee\/en\/#\/schema\/logo\/image\/\"},\"sameAs\":[\"https:\/\/www.facebook.com\/ruubyconcept\",\"https:\/\/www.instagram.com\/ruuby_concept\/\"]}]}<\/script>\n<!-- \/ Yoast SEO plugin. -->","yoast_head_json":{"title":"Umage - valgusti statiiv, Lounge Around - RUUBY","robots":{"index":"index","follow":"follow","max-snippet":"max-snippet:-1","max-image-preview":"max-image-preview:large","max-video-preview":"max-video-preview:-1"},"canonical":"https:\/\/ruuby.ee\/en\/pood\/kodusisustus\/diivanid-ja-paevavoodid\/umage-valgusti-statiiv-lounge-around\/","og_locale":"en_GB","og_type":"article","og_title":"Umage - valgusti statiiv, Lounge Around - RUUBY","og_description":"Lounge Aroundi tarvikutega saate lisada Lounge Aroundi diivanile ja diivanvoodile lisafunktsionaalsust. T\u00e4iustage Lounge Aroundi \u00f5hkkonda Light Aroundi lambiga v\u00f5i suurendage mugavust lisapadjaga Side Pillow, mis on saadaval 5 erinevast kangast. Lisage \u00fcmarlaud, et teil oleks s\u00fclearvuti v\u00f5i teetassi jaoks l\u00e4hedal t\u00e4iendav abilaud. Side Pocket pakub hoiuruumi teie igan\u00e4dalaste ajalehtede ja ajakirjade jaoks. K\u00f5iki Lounge Aroundi [&hellip;]","og_url":"https:\/\/ruuby.ee\/en\/pood\/kodusisustus\/diivanid-ja-paevavoodid\/umage-valgusti-statiiv-lounge-around\/","og_site_name":"RUUBY","article_publisher":"https:\/\/www.facebook.com\/ruubyconcept","article_modified_time":"2026-04-03T22:24:58+00:00","og_image":[{"width":1050,"height":1074,"url":"https:\/\/ruuby.ee\/wp-content\/uploads\/2024\/05\/Screenshot-2024-05-25-at-14.32.38.png","type":"image\/png"}],"twitter_card":"summary_large_image","twitter_misc":{"Estimated reading time":"1 minute"},"schema":{"@context":"https:\/\/schema.org","@graph":[{"@type":["WebPage","ItemPage"],"@id":"https:\/\/ruuby.ee\/en\/pood\/kodusisustus\/diivanid-ja-paevavoodid\/umage-valgusti-statiiv-lounge-around\/","url":"https:\/\/ruuby.ee\/en\/pood\/kodusisustus\/diivanid-ja-paevavoodid\/umage-valgusti-statiiv-lounge-around\/","name":"Umage - valgusti statiiv, Lounge Around - RUUBY","isPartOf":{"@id":"https:\/\/ruuby.ee\/en\/#website"},"primaryImageOfPage":{"@id":"https:\/\/ruuby.ee\/en\/pood\/kodusisustus\/diivanid-ja-paevavoodid\/umage-valgusti-statiiv-lounge-around\/#primaryimage"},"image":{"@id":"https:\/\/ruuby.ee\/en\/pood\/kodusisustus\/diivanid-ja-paevavoodid\/umage-valgusti-statiiv-lounge-around\/#primaryimage"},"thumbnailUrl":"http:\/\/ruuby.ee\/wp-content\/uploads\/2024\/05\/Screenshot-2024-05-25-at-14.32.38.png","datePublished":"2024-05-25T11:34:57+00:00","dateModified":"2026-04-03T22:24:58+00:00","breadcrumb":{"@id":"https:\/\/ruuby.ee\/en\/pood\/kodusisustus\/diivanid-ja-paevavoodid\/umage-valgusti-statiiv-lounge-around\/#breadcrumb"},"inLanguage":"en-GB","potentialAction":[{"@type":"ReadAction","target":["https:\/\/ruuby.ee\/en\/pood\/kodusisustus\/diivanid-ja-paevavoodid\/umage-valgusti-statiiv-lounge-around\/"]}]},{"@type":"ImageObject","inLanguage":"en-GB","@id":"https:\/\/ruuby.ee\/en\/pood\/kodusisustus\/diivanid-ja-paevavoodid\/umage-valgusti-statiiv-lounge-around\/#primaryimage","url":"http:\/\/ruuby.ee\/wp-content\/uploads\/2024\/05\/Screenshot-2024-05-25-at-14.32.38.png","contentUrl":"http:\/\/ruuby.ee\/wp-content\/uploads\/2024\/05\/Screenshot-2024-05-25-at-14.32.38.png","width":1050,"height":1074},{"@type":"BreadcrumbList","@id":"https:\/\/ruuby.ee\/en\/pood\/kodusisustus\/diivanid-ja-paevavoodid\/umage-valgusti-statiiv-lounge-around\/#breadcrumb","itemListElement":[{"@type":"ListItem","position":1,"name":"Kdu","item":"https:\/\/ruuby.ee\/en\/"},{"@type":"ListItem","position":2,"name":"Pood","item":"https:\/\/ruuby.ee\/pood\/"},{"@type":"ListItem","position":3,"name":"Umage &#8211; valgusti statiiv, Lounge Around"}]},{"@type":"WebSite","@id":"https:\/\/ruuby.ee\/en\/#website","url":"https:\/\/ruuby.ee\/en\/","name":"RUUBY","description":"Ruubys on \u00fchendatud elustiil ja disain","publisher":{"@id":"https:\/\/ruuby.ee\/en\/#organization"},"alternateName":"Ruuby Disain","potentialAction":[{"@type":"SearchAction","target":{"@type":"EntryPoint","urlTemplate":"https:\/\/ruuby.ee\/en\/?s={search_term_string}"},"query-input":{"@type":"PropertyValueSpecification","valueRequired":true,"valueName":"search_term_string"}}],"inLanguage":"en-GB"},{"@type":"Organization","@id":"https:\/\/ruuby.ee\/en\/#organization","name":"Ruuby Disain O\u00dc","alternateName":"Ruuby","url":"https:\/\/ruuby.ee\/en\/","logo":{"@type":"ImageObject","inLanguage":"en-GB","@id":"https:\/\/ruuby.ee\/en\/#\/schema\/logo\/image\/","url":"http:\/\/ruuby.ee\/wp-content\/uploads\/2023\/06\/cropped-Black-White-Elegant-Circle-Signature-Fashion-Logo-12_large.png","contentUrl":"http:\/\/ruuby.ee\/wp-content\/uploads\/2023\/06\/cropped-Black-White-Elegant-Circle-Signature-Fashion-Logo-12_large.png","width":1280,"height":747,"caption":"Ruuby Disain O\u00dc"},"image":{"@id":"https:\/\/ruuby.ee\/en\/#\/schema\/logo\/image\/"},"sameAs":["https:\/\/www.facebook.com\/ruubyconcept","https:\/\/www.instagram.com\/ruuby_concept\/"]}]}},"jetpack_sharing_enabled":true,"_links":{"self":[{"href":"http:\/\/ruuby.ee\/en\/wp-json\/wp\/v2\/product\/1845370","targetHints":{"allow":["GET"]}}],"collection":[{"href":"http:\/\/ruuby.ee\/en\/wp-json\/wp\/v2\/product"}],"about":[{"href":"http:\/\/ruuby.ee\/en\/wp-json\/wp\/v2\/types\/product"}],"replies":[{"embeddable":true,"href":"http:\/\/ruuby.ee\/en\/wp-json\/wp\/v2\/comments?post=1845370"}],"wp:featuredmedia":[{"embeddable":true,"href":"http:\/\/ruuby.ee\/en\/wp-json\/wp\/v2\/media\/1845374"}],"wp:attachment":[{"href":"http:\/\/ruuby.ee\/en\/wp-json\/wp\/v2\/media?parent=1845370"}],"wp:term":[{"taxonomy":"product_brand","embeddable":true,"href":"http:\/\/ruuby.ee\/en\/wp-json\/wp\/v2\/product_brand?post=1845370"},{"taxonomy":"product_cat","embeddable":true,"href":"http:\/\/ruuby.ee\/en\/wp-json\/wp\/v2\/product_cat?post=1845370"},{"taxonomy":"product_tag","embeddable":true,"href":"http:\/\/ruuby.ee\/en\/wp-json\/wp\/v2\/product_tag?post=1845370"}],"curies":[{"name":"wp","href":"https:\/\/api.w.org\/{rel}","templated":true}]}}