{"id":1845274,"date":"2024-05-25T13:49:36","date_gmt":"2024-05-25T10:49:36","guid":{"rendered":"http:\/\/ruuby.ee\/?post_type=product&#038;p=1845274"},"modified":"2026-04-04T01:24:58","modified_gmt":"2026-04-03T22:24:58","slug":"umage-diivan-lounge-around-3-kohaline","status":"publish","type":"product","link":"http:\/\/ruuby.ee\/en\/pood\/kodusisustus\/diivanid-ja-paevavoodid\/umage-diivan-lounge-around-3-kohaline\/","title":{"rendered":"Umage &#8211; diivan, Lounge Around, 3-kohaline"},"content":{"rendered":"<p>Lounge Around on multifunktsionaalne paindlik diivan, mis on loodud teie elutoa keskpunktiks. P\u00e4rast tegusat p\u00e4eva on see ideaalne koht l\u00f5\u00f5gastumiseks, l\u00f5\u00f5gastumiseks ja laadimiseks.<\/p>\n<p>Asendit muutvate patjade, seljatugede ja patjadega Lounge Around on t\u00e4ielikult kohandatav ja paindlik ning seda saab kohandada vastavalt k\u00f5ikidele seadistustele v\u00f5i olukordadele, muutes selle ideaalseks k\u00f5igis elutubades, magamistubades ja k\u00fclalistetubades \u2013 nii suurtes kui ka v\u00e4ikestes. Sobib ideaalselt kasutamiseks ka suvilas, hotelli diivanvoodina v\u00f5i diivanina vastuv\u00f5tu- v\u00f5i ooteruumis.<\/p>\n<p>\u00dchel kitsal istmepadjal on tagak\u00fcljel \u00f5huke kandik, mis v\u00f5imaldab kohvi v\u00f5i s\u00fclearvuti k\u00f5rvale panna.<\/p>\n<p>M\u00f5\u00f5dud: H \u00d7 W \u00d7 D: 40.3 \u00d7 231.6 \u00d7 74.5 cm<\/p>\n<p>Materjal: T\u00e4ispuidust tamm, MDF, teras (plaaditud messing) ja pol\u00fcester (Horizons S).<\/p>\n<p>Kaal: 58kg<\/p>","protected":false},"excerpt":{"rendered":"<p>Lounge Aroundi \u00f5huke suurus ja multifunktsionaalsus muudab selle ideaalseks k\u00f5ikv\u00f5imalikes elutubades, magamistubades ja k\u00fclalistetubades, olgu need suured v\u00f5i v\u00e4ikesed.<\/p>\n<p>&nbsp;<\/p>","protected":false},"featured_media":1845275,"comment_status":"closed","ping_status":"closed","template":"","meta":[],"product_brand":[],"product_cat":[744],"product_tag":[745,150],"class_list":{"0":"post-1845274","1":"product","2":"type-product","3":"status-publish","4":"has-post-thumbnail","6":"product_cat-diivanid-ja-paevavoodid","7":"product_tag-diivan","8":"product_tag-umage","10":"first","11":"onbackorder","12":"taxable","13":"shipping-taxable","14":"purchasable","15":"product-type-variable","16":"rtwpvs-product"},"yoast_head":"<!-- This site is optimized with the Yoast SEO plugin v27.2 - https:\/\/yoast.com\/product\/yoast-seo-wordpress\/ -->\n<title>Umage - diivan, Lounge Around, 3-kohaline - RUUBY<\/title>\n<meta name=\"robots\" content=\"index, follow, max-snippet:-1, max-image-preview:large, max-video-preview:-1\" \/>\n<link rel=\"canonical\" href=\"http:\/\/ruuby.ee\/en\/pood\/kodusisustus\/diivanid-ja-paevavoodid\/umage-diivan-lounge-around-3-kohaline\/\" \/>\n<meta property=\"og:locale\" content=\"en_GB\" \/>\n<meta property=\"og:type\" content=\"article\" \/>\n<meta property=\"og:title\" content=\"Umage - diivan, Lounge Around, 3-kohaline - RUUBY\" \/>\n<meta property=\"og:description\" content=\"Lounge Aroundi \u00f5huke suurus ja multifunktsionaalsus muudab selle ideaalseks k\u00f5ikv\u00f5imalikes elutubades, magamistubades ja k\u00fclalistetubades, olgu need suured v\u00f5i v\u00e4ikesed.  &nbsp;\" \/>\n<meta property=\"og:url\" content=\"http:\/\/ruuby.ee\/en\/pood\/kodusisustus\/diivanid-ja-paevavoodid\/umage-diivan-lounge-around-3-kohaline\/\" \/>\n<meta property=\"og:site_name\" content=\"RUUBY\" \/>\n<meta property=\"article:publisher\" content=\"https:\/\/www.facebook.com\/ruubyconcept\" \/>\n<meta property=\"article:modified_time\" content=\"2026-04-03T22:24:58+00:00\" \/>\n<meta property=\"og:image\" content=\"http:\/\/ruuby.ee\/wp-content\/uploads\/2024\/05\/Screenshot-2024-05-25-at-13.41.38.png\" \/>\n\t<meta property=\"og:image:width\" content=\"1746\" \/>\n\t<meta property=\"og:image:height\" content=\"1112\" \/>\n\t<meta property=\"og:image:type\" content=\"image\/png\" \/>\n<meta name=\"twitter:card\" content=\"summary_large_image\" \/>\n<meta name=\"twitter:label1\" content=\"Estimated reading time\" \/>\n\t<meta name=\"twitter:data1\" content=\"1 minute\" \/>\n<script type=\"application\/ld+json\" class=\"yoast-schema-graph\">{\"@context\":\"https:\/\/schema.org\",\"@graph\":[{\"@type\":[\"WebPage\",\"ItemPage\"],\"@id\":\"http:\/\/ruuby.ee\/en\/pood\/kodusisustus\/diivanid-ja-paevavoodid\/umage-diivan-lounge-around-3-kohaline\/\",\"url\":\"http:\/\/ruuby.ee\/en\/pood\/kodusisustus\/diivanid-ja-paevavoodid\/umage-diivan-lounge-around-3-kohaline\/\",\"name\":\"Umage - diivan, Lounge Around, 3-kohaline - RUUBY\",\"isPartOf\":{\"@id\":\"https:\/\/ruuby.ee\/en\/#website\"},\"primaryImageOfPage\":{\"@id\":\"http:\/\/ruuby.ee\/en\/pood\/kodusisustus\/diivanid-ja-paevavoodid\/umage-diivan-lounge-around-3-kohaline\/#primaryimage\"},\"image\":{\"@id\":\"http:\/\/ruuby.ee\/en\/pood\/kodusisustus\/diivanid-ja-paevavoodid\/umage-diivan-lounge-around-3-kohaline\/#primaryimage\"},\"thumbnailUrl\":\"http:\/\/ruuby.ee\/wp-content\/uploads\/2024\/05\/Screenshot-2024-05-25-at-13.41.38.png\",\"datePublished\":\"2024-05-25T10:49:36+00:00\",\"dateModified\":\"2026-04-03T22:24:58+00:00\",\"breadcrumb\":{\"@id\":\"http:\/\/ruuby.ee\/en\/pood\/kodusisustus\/diivanid-ja-paevavoodid\/umage-diivan-lounge-around-3-kohaline\/#breadcrumb\"},\"inLanguage\":\"en-GB\",\"potentialAction\":[{\"@type\":\"ReadAction\",\"target\":[\"http:\/\/ruuby.ee\/en\/pood\/kodusisustus\/diivanid-ja-paevavoodid\/umage-diivan-lounge-around-3-kohaline\/\"]}]},{\"@type\":\"ImageObject\",\"inLanguage\":\"en-GB\",\"@id\":\"http:\/\/ruuby.ee\/en\/pood\/kodusisustus\/diivanid-ja-paevavoodid\/umage-diivan-lounge-around-3-kohaline\/#primaryimage\",\"url\":\"http:\/\/ruuby.ee\/wp-content\/uploads\/2024\/05\/Screenshot-2024-05-25-at-13.41.38.png\",\"contentUrl\":\"http:\/\/ruuby.ee\/wp-content\/uploads\/2024\/05\/Screenshot-2024-05-25-at-13.41.38.png\",\"width\":1746,\"height\":1112},{\"@type\":\"BreadcrumbList\",\"@id\":\"http:\/\/ruuby.ee\/en\/pood\/kodusisustus\/diivanid-ja-paevavoodid\/umage-diivan-lounge-around-3-kohaline\/#breadcrumb\",\"itemListElement\":[{\"@type\":\"ListItem\",\"position\":1,\"name\":\"Kdu\",\"item\":\"https:\/\/ruuby.ee\/en\/\"},{\"@type\":\"ListItem\",\"position\":2,\"name\":\"Pood\",\"item\":\"https:\/\/ruuby.ee\/pood\/\"},{\"@type\":\"ListItem\",\"position\":3,\"name\":\"Umage &#8211; diivan, Lounge Around, 3-kohaline\"}]},{\"@type\":\"WebSite\",\"@id\":\"https:\/\/ruuby.ee\/en\/#website\",\"url\":\"https:\/\/ruuby.ee\/en\/\",\"name\":\"RUUBY\",\"description\":\"Ruubys on \u00fchendatud elustiil ja disain\",\"publisher\":{\"@id\":\"https:\/\/ruuby.ee\/en\/#organization\"},\"alternateName\":\"Ruuby Disain\",\"potentialAction\":[{\"@type\":\"SearchAction\",\"target\":{\"@type\":\"EntryPoint\",\"urlTemplate\":\"https:\/\/ruuby.ee\/en\/?s={search_term_string}\"},\"query-input\":{\"@type\":\"PropertyValueSpecification\",\"valueRequired\":true,\"valueName\":\"search_term_string\"}}],\"inLanguage\":\"en-GB\"},{\"@type\":\"Organization\",\"@id\":\"https:\/\/ruuby.ee\/en\/#organization\",\"name\":\"Ruuby Disain O\u00dc\",\"alternateName\":\"Ruuby\",\"url\":\"https:\/\/ruuby.ee\/en\/\",\"logo\":{\"@type\":\"ImageObject\",\"inLanguage\":\"en-GB\",\"@id\":\"https:\/\/ruuby.ee\/en\/#\/schema\/logo\/image\/\",\"url\":\"http:\/\/ruuby.ee\/wp-content\/uploads\/2023\/06\/cropped-Black-White-Elegant-Circle-Signature-Fashion-Logo-12_large.png\",\"contentUrl\":\"http:\/\/ruuby.ee\/wp-content\/uploads\/2023\/06\/cropped-Black-White-Elegant-Circle-Signature-Fashion-Logo-12_large.png\",\"width\":1280,\"height\":747,\"caption\":\"Ruuby Disain O\u00dc\"},\"image\":{\"@id\":\"https:\/\/ruuby.ee\/en\/#\/schema\/logo\/image\/\"},\"sameAs\":[\"https:\/\/www.facebook.com\/ruubyconcept\",\"https:\/\/www.instagram.com\/ruuby_concept\/\"]}]}<\/script>\n<!-- \/ Yoast SEO plugin. -->","yoast_head_json":{"title":"Umage - diivan, Lounge Around, 3-kohaline - RUUBY","robots":{"index":"index","follow":"follow","max-snippet":"max-snippet:-1","max-image-preview":"max-image-preview:large","max-video-preview":"max-video-preview:-1"},"canonical":"http:\/\/ruuby.ee\/en\/pood\/kodusisustus\/diivanid-ja-paevavoodid\/umage-diivan-lounge-around-3-kohaline\/","og_locale":"en_GB","og_type":"article","og_title":"Umage - diivan, Lounge Around, 3-kohaline - RUUBY","og_description":"Lounge Aroundi \u00f5huke suurus ja multifunktsionaalsus muudab selle ideaalseks k\u00f5ikv\u00f5imalikes elutubades, magamistubades ja k\u00fclalistetubades, olgu need suured v\u00f5i v\u00e4ikesed.  &nbsp;","og_url":"http:\/\/ruuby.ee\/en\/pood\/kodusisustus\/diivanid-ja-paevavoodid\/umage-diivan-lounge-around-3-kohaline\/","og_site_name":"RUUBY","article_publisher":"https:\/\/www.facebook.com\/ruubyconcept","article_modified_time":"2026-04-03T22:24:58+00:00","og_image":[{"width":1746,"height":1112,"url":"http:\/\/ruuby.ee\/wp-content\/uploads\/2024\/05\/Screenshot-2024-05-25-at-13.41.38.png","type":"image\/png"}],"twitter_card":"summary_large_image","twitter_misc":{"Estimated reading time":"1 minute"},"schema":{"@context":"https:\/\/schema.org","@graph":[{"@type":["WebPage","ItemPage"],"@id":"http:\/\/ruuby.ee\/en\/pood\/kodusisustus\/diivanid-ja-paevavoodid\/umage-diivan-lounge-around-3-kohaline\/","url":"http:\/\/ruuby.ee\/en\/pood\/kodusisustus\/diivanid-ja-paevavoodid\/umage-diivan-lounge-around-3-kohaline\/","name":"Umage - diivan, Lounge Around, 3-kohaline - RUUBY","isPartOf":{"@id":"https:\/\/ruuby.ee\/en\/#website"},"primaryImageOfPage":{"@id":"http:\/\/ruuby.ee\/en\/pood\/kodusisustus\/diivanid-ja-paevavoodid\/umage-diivan-lounge-around-3-kohaline\/#primaryimage"},"image":{"@id":"http:\/\/ruuby.ee\/en\/pood\/kodusisustus\/diivanid-ja-paevavoodid\/umage-diivan-lounge-around-3-kohaline\/#primaryimage"},"thumbnailUrl":"http:\/\/ruuby.ee\/wp-content\/uploads\/2024\/05\/Screenshot-2024-05-25-at-13.41.38.png","datePublished":"2024-05-25T10:49:36+00:00","dateModified":"2026-04-03T22:24:58+00:00","breadcrumb":{"@id":"http:\/\/ruuby.ee\/en\/pood\/kodusisustus\/diivanid-ja-paevavoodid\/umage-diivan-lounge-around-3-kohaline\/#breadcrumb"},"inLanguage":"en-GB","potentialAction":[{"@type":"ReadAction","target":["http:\/\/ruuby.ee\/en\/pood\/kodusisustus\/diivanid-ja-paevavoodid\/umage-diivan-lounge-around-3-kohaline\/"]}]},{"@type":"ImageObject","inLanguage":"en-GB","@id":"http:\/\/ruuby.ee\/en\/pood\/kodusisustus\/diivanid-ja-paevavoodid\/umage-diivan-lounge-around-3-kohaline\/#primaryimage","url":"http:\/\/ruuby.ee\/wp-content\/uploads\/2024\/05\/Screenshot-2024-05-25-at-13.41.38.png","contentUrl":"http:\/\/ruuby.ee\/wp-content\/uploads\/2024\/05\/Screenshot-2024-05-25-at-13.41.38.png","width":1746,"height":1112},{"@type":"BreadcrumbList","@id":"http:\/\/ruuby.ee\/en\/pood\/kodusisustus\/diivanid-ja-paevavoodid\/umage-diivan-lounge-around-3-kohaline\/#breadcrumb","itemListElement":[{"@type":"ListItem","position":1,"name":"Kdu","item":"https:\/\/ruuby.ee\/en\/"},{"@type":"ListItem","position":2,"name":"Pood","item":"https:\/\/ruuby.ee\/pood\/"},{"@type":"ListItem","position":3,"name":"Umage &#8211; diivan, Lounge Around, 3-kohaline"}]},{"@type":"WebSite","@id":"https:\/\/ruuby.ee\/en\/#website","url":"https:\/\/ruuby.ee\/en\/","name":"RUUBY","description":"Ruubys on \u00fchendatud elustiil ja disain","publisher":{"@id":"https:\/\/ruuby.ee\/en\/#organization"},"alternateName":"Ruuby Disain","potentialAction":[{"@type":"SearchAction","target":{"@type":"EntryPoint","urlTemplate":"https:\/\/ruuby.ee\/en\/?s={search_term_string}"},"query-input":{"@type":"PropertyValueSpecification","valueRequired":true,"valueName":"search_term_string"}}],"inLanguage":"en-GB"},{"@type":"Organization","@id":"https:\/\/ruuby.ee\/en\/#organization","name":"Ruuby Disain O\u00dc","alternateName":"Ruuby","url":"https:\/\/ruuby.ee\/en\/","logo":{"@type":"ImageObject","inLanguage":"en-GB","@id":"https:\/\/ruuby.ee\/en\/#\/schema\/logo\/image\/","url":"http:\/\/ruuby.ee\/wp-content\/uploads\/2023\/06\/cropped-Black-White-Elegant-Circle-Signature-Fashion-Logo-12_large.png","contentUrl":"http:\/\/ruuby.ee\/wp-content\/uploads\/2023\/06\/cropped-Black-White-Elegant-Circle-Signature-Fashion-Logo-12_large.png","width":1280,"height":747,"caption":"Ruuby Disain O\u00dc"},"image":{"@id":"https:\/\/ruuby.ee\/en\/#\/schema\/logo\/image\/"},"sameAs":["https:\/\/www.facebook.com\/ruubyconcept","https:\/\/www.instagram.com\/ruuby_concept\/"]}]}},"jetpack_sharing_enabled":true,"_links":{"self":[{"href":"http:\/\/ruuby.ee\/en\/wp-json\/wp\/v2\/product\/1845274","targetHints":{"allow":["GET"]}}],"collection":[{"href":"http:\/\/ruuby.ee\/en\/wp-json\/wp\/v2\/product"}],"about":[{"href":"http:\/\/ruuby.ee\/en\/wp-json\/wp\/v2\/types\/product"}],"replies":[{"embeddable":true,"href":"http:\/\/ruuby.ee\/en\/wp-json\/wp\/v2\/comments?post=1845274"}],"wp:featuredmedia":[{"embeddable":true,"href":"http:\/\/ruuby.ee\/en\/wp-json\/wp\/v2\/media\/1845275"}],"wp:attachment":[{"href":"http:\/\/ruuby.ee\/en\/wp-json\/wp\/v2\/media?parent=1845274"}],"wp:term":[{"taxonomy":"product_brand","embeddable":true,"href":"http:\/\/ruuby.ee\/en\/wp-json\/wp\/v2\/product_brand?post=1845274"},{"taxonomy":"product_cat","embeddable":true,"href":"http:\/\/ruuby.ee\/en\/wp-json\/wp\/v2\/product_cat?post=1845274"},{"taxonomy":"product_tag","embeddable":true,"href":"http:\/\/ruuby.ee\/en\/wp-json\/wp\/v2\/product_tag?post=1845274"}],"curies":[{"name":"wp","href":"https:\/\/api.w.org\/{rel}","templated":true}]}}