{"id":1845064,"date":"2024-05-18T15:38:22","date_gmt":"2024-05-18T12:38:22","guid":{"rendered":"http:\/\/ruuby.ee\/?post_type=product&#038;p=1845064"},"modified":"2026-04-08T01:28:34","modified_gmt":"2026-04-07T22:28:34","slug":"jesper-home-poorlev-soogitool-hofu","status":"publish","type":"product","link":"http:\/\/ruuby.ee\/en\/pood\/kodusisustus\/moobel\/toolid\/jesper-home-poorlev-soogitool-hofu\/","title":{"rendered":"Jesper Home &#8211; p\u00f6\u00f6rlev s\u00f6\u00f6gitool Hofu"},"content":{"rendered":"<p>Kui hindate p\u00fcsivat ja ajatut disaini, on Hofu tool teile ideaalne valik. Hofu tool paistab silma oma pehme ja siitlse disainiga ja on tool millest ei t\u00fcdine.<\/p>\n<p>Hofu tooli iste on polsterdatud kvaliteetse j\u00e4meda koega pol\u00fcesterkangaga ja saadaval kuues kaunis toonis.<\/p>\n<p>V\u00e4ikestest detailidest oleneb kodu \u00fcldmulje. Jesper Home kollektsiooni toolid on saadaval erineva tegumoega \u2013 vali \u00f5ige , v\u00e4rv ning jalgade toon. Nii on kindel, et leiad enda koju parimad s\u00f6\u00f6gitoolid. Hofu s\u00f6\u00f6gitooli on lihtne kokku panna.<\/p>\n<p>Sellel toolil on p\u00f6\u00f6ratav raam \u2013 180 kraadi p\u00f6\u00f6rde ja automaatse tagasip\u00f6\u00f6ramise funktsiooniga<\/p>\n<p><strong>M\u00f5\u00f5dud<\/strong><br \/>\nLaius: 59 cm<br \/>\nS\u00fcgavus: 59 cm<br \/>\nK\u00f5rgus: 82 cm<br \/>\nIstumisk\u00f5rgus: 48,5 cm<br \/>\nIstumiss\u00fcgavus: 43 cm<\/p>\n<p><strong>Materjal<\/strong><br \/>\nKangas: pol\u00fcester<br \/>\nJalad: metall, kuldne<\/p>","protected":false},"excerpt":{"rendered":"<p>Hofu s\u00f6\u00f6gitool on imeliselt mugav ja rahustava v\u00e4limusega. Seda tooli seloomustab pehme ja siitlne disain. Tool, millele v\u00f5ite toetuda ja millest ei t\u00fcdine.<\/p>","protected":false},"featured_media":1845069,"comment_status":"closed","ping_status":"closed","template":"","meta":[],"product_brand":[],"product_cat":[42,825,1016,555],"product_tag":[719,738,153,155],"class_list":{"0":"post-1845064","1":"product","2":"type-product","3":"status-publish","4":"has-post-thumbnail","6":"product_cat-kodusisustus","7":"product_cat-moobel","8":"product_cat-soogitoolid","9":"product_cat-toolid","10":"product_tag-jesper-home","11":"product_tag-poorlev-tool","12":"product_tag-soogitool","13":"product_tag-tool","15":"first","16":"onbackorder","17":"taxable","18":"shipping-taxable","19":"purchasable","20":"product-type-variable","21":"rtwpvs-product"},"yoast_head":"<!-- This site is optimized with the Yoast SEO plugin v27.3 - https:\/\/yoast.com\/product\/yoast-seo-wordpress\/ -->\n<title>Jesper Home - p\u00f6\u00f6rlev s\u00f6\u00f6gitool Hofu - RUUBY<\/title>\n<meta name=\"robots\" content=\"index, follow, max-snippet:-1, max-image-preview:large, max-video-preview:-1\" \/>\n<link rel=\"canonical\" href=\"http:\/\/ruuby.ee\/en\/pood\/kodusisustus\/moobel\/toolid\/jesper-home-poorlev-soogitool-hofu\/\" \/>\n<meta property=\"og:locale\" content=\"en_GB\" \/>\n<meta property=\"og:type\" content=\"article\" \/>\n<meta property=\"og:title\" content=\"Jesper Home - p\u00f6\u00f6rlev s\u00f6\u00f6gitool Hofu - RUUBY\" \/>\n<meta property=\"og:description\" content=\"Hofu s\u00f6\u00f6gitool on imeliselt mugav ja rahustava v\u00e4limusega. Seda tooli seloomustab pehme ja siitlne disain. Tool, millele v\u00f5ite toetuda ja millest ei t\u00fcdine.\" \/>\n<meta property=\"og:url\" content=\"http:\/\/ruuby.ee\/en\/pood\/kodusisustus\/moobel\/toolid\/jesper-home-poorlev-soogitool-hofu\/\" \/>\n<meta property=\"og:site_name\" content=\"RUUBY\" \/>\n<meta property=\"article:publisher\" content=\"https:\/\/www.facebook.com\/ruubyconcept\" \/>\n<meta property=\"article:modified_time\" content=\"2026-04-07T22:28:34+00:00\" \/>\n<meta property=\"og:image\" content=\"http:\/\/ruuby.ee\/wp-content\/uploads\/2024\/05\/Screenshot-2024-05-18-at-15.17.41.png\" \/>\n\t<meta property=\"og:image:width\" content=\"1494\" \/>\n\t<meta property=\"og:image:height\" content=\"1208\" \/>\n\t<meta property=\"og:image:type\" content=\"image\/png\" \/>\n<meta name=\"twitter:card\" content=\"summary_large_image\" \/>\n<meta name=\"twitter:label1\" content=\"Estimated reading time\" \/>\n\t<meta name=\"twitter:data1\" content=\"1 minute\" \/>\n<script type=\"application\/ld+json\" class=\"yoast-schema-graph\">{\"@context\":\"https:\\\/\\\/schema.org\",\"@graph\":[{\"@type\":[\"WebPage\",\"ItemPage\"],\"@id\":\"http:\\\/\\\/ruuby.ee\\\/pood\\\/kodusisustus\\\/moobel\\\/toolid\\\/jesper-home-poorlev-soogitool-hofu\\\/\",\"url\":\"http:\\\/\\\/ruuby.ee\\\/pood\\\/kodusisustus\\\/moobel\\\/toolid\\\/jesper-home-poorlev-soogitool-hofu\\\/\",\"name\":\"Jesper Home - p\u00f6\u00f6rlev s\u00f6\u00f6gitool Hofu - RUUBY\",\"isPartOf\":{\"@id\":\"https:\\\/\\\/ruuby.ee\\\/en\\\/#website\"},\"primaryImageOfPage\":{\"@id\":\"http:\\\/\\\/ruuby.ee\\\/pood\\\/kodusisustus\\\/moobel\\\/toolid\\\/jesper-home-poorlev-soogitool-hofu\\\/#primaryimage\"},\"image\":{\"@id\":\"http:\\\/\\\/ruuby.ee\\\/pood\\\/kodusisustus\\\/moobel\\\/toolid\\\/jesper-home-poorlev-soogitool-hofu\\\/#primaryimage\"},\"thumbnailUrl\":\"http:\\\/\\\/ruuby.ee\\\/wp-content\\\/uploads\\\/2024\\\/05\\\/Screenshot-2024-05-18-at-15.17.41.png\",\"datePublished\":\"2024-05-18T12:38:22+00:00\",\"dateModified\":\"2026-04-07T22:28:34+00:00\",\"breadcrumb\":{\"@id\":\"http:\\\/\\\/ruuby.ee\\\/pood\\\/kodusisustus\\\/moobel\\\/toolid\\\/jesper-home-poorlev-soogitool-hofu\\\/#breadcrumb\"},\"inLanguage\":\"en-GB\",\"potentialAction\":[{\"@type\":\"ReadAction\",\"target\":[\"http:\\\/\\\/ruuby.ee\\\/pood\\\/kodusisustus\\\/moobel\\\/toolid\\\/jesper-home-poorlev-soogitool-hofu\\\/\"]}]},{\"@type\":\"ImageObject\",\"inLanguage\":\"en-GB\",\"@id\":\"http:\\\/\\\/ruuby.ee\\\/pood\\\/kodusisustus\\\/moobel\\\/toolid\\\/jesper-home-poorlev-soogitool-hofu\\\/#primaryimage\",\"url\":\"http:\\\/\\\/ruuby.ee\\\/wp-content\\\/uploads\\\/2024\\\/05\\\/Screenshot-2024-05-18-at-15.17.41.png\",\"contentUrl\":\"http:\\\/\\\/ruuby.ee\\\/wp-content\\\/uploads\\\/2024\\\/05\\\/Screenshot-2024-05-18-at-15.17.41.png\",\"width\":1494,\"height\":1208},{\"@type\":\"BreadcrumbList\",\"@id\":\"http:\\\/\\\/ruuby.ee\\\/pood\\\/kodusisustus\\\/moobel\\\/toolid\\\/jesper-home-poorlev-soogitool-hofu\\\/#breadcrumb\",\"itemListElement\":[{\"@type\":\"ListItem\",\"position\":1,\"name\":\"Kdu\",\"item\":\"https:\\\/\\\/ruuby.ee\\\/en\\\/\"},{\"@type\":\"ListItem\",\"position\":2,\"name\":\"Pood\",\"item\":\"https:\\\/\\\/ruuby.ee\\\/en\\\/pood\\\/\"},{\"@type\":\"ListItem\",\"position\":3,\"name\":\"Jesper Home &#8211; p\u00f6\u00f6rlev s\u00f6\u00f6gitool Hofu\"}]},{\"@type\":\"WebSite\",\"@id\":\"https:\\\/\\\/ruuby.ee\\\/en\\\/#website\",\"url\":\"https:\\\/\\\/ruuby.ee\\\/en\\\/\",\"name\":\"RUUBY\",\"description\":\"Ruubys on \u00fchendatud elustiil ja disain\",\"publisher\":{\"@id\":\"https:\\\/\\\/ruuby.ee\\\/en\\\/#organization\"},\"alternateName\":\"Ruuby Disain\",\"potentialAction\":[{\"@type\":\"SearchAction\",\"target\":{\"@type\":\"EntryPoint\",\"urlTemplate\":\"https:\\\/\\\/ruuby.ee\\\/en\\\/?s={search_term_string}\"},\"query-input\":{\"@type\":\"PropertyValueSpecification\",\"valueRequired\":true,\"valueName\":\"search_term_string\"}}],\"inLanguage\":\"en-GB\"},{\"@type\":\"Organization\",\"@id\":\"https:\\\/\\\/ruuby.ee\\\/en\\\/#organization\",\"name\":\"Ruuby Disain O\u00dc\",\"alternateName\":\"Ruuby\",\"url\":\"https:\\\/\\\/ruuby.ee\\\/en\\\/\",\"logo\":{\"@type\":\"ImageObject\",\"inLanguage\":\"en-GB\",\"@id\":\"https:\\\/\\\/ruuby.ee\\\/en\\\/#\\\/schema\\\/logo\\\/image\\\/\",\"url\":\"http:\\\/\\\/ruuby.ee\\\/wp-content\\\/uploads\\\/2023\\\/06\\\/cropped-Black-White-Elegant-Circle-Signature-Fashion-Logo-12_large.png\",\"contentUrl\":\"http:\\\/\\\/ruuby.ee\\\/wp-content\\\/uploads\\\/2023\\\/06\\\/cropped-Black-White-Elegant-Circle-Signature-Fashion-Logo-12_large.png\",\"width\":1280,\"height\":747,\"caption\":\"Ruuby Disain O\u00dc\"},\"image\":{\"@id\":\"https:\\\/\\\/ruuby.ee\\\/en\\\/#\\\/schema\\\/logo\\\/image\\\/\"},\"sameAs\":[\"https:\\\/\\\/www.facebook.com\\\/ruubyconcept\",\"https:\\\/\\\/www.instagram.com\\\/ruuby_concept\\\/\"]}]}<\/script>\n<!-- \/ Yoast SEO plugin. -->","yoast_head_json":{"title":"Jesper Home - p\u00f6\u00f6rlev s\u00f6\u00f6gitool Hofu - RUUBY","robots":{"index":"index","follow":"follow","max-snippet":"max-snippet:-1","max-image-preview":"max-image-preview:large","max-video-preview":"max-video-preview:-1"},"canonical":"http:\/\/ruuby.ee\/en\/pood\/kodusisustus\/moobel\/toolid\/jesper-home-poorlev-soogitool-hofu\/","og_locale":"en_GB","og_type":"article","og_title":"Jesper Home - p\u00f6\u00f6rlev s\u00f6\u00f6gitool Hofu - RUUBY","og_description":"Hofu s\u00f6\u00f6gitool on imeliselt mugav ja rahustava v\u00e4limusega. Seda tooli seloomustab pehme ja siitlne disain. Tool, millele v\u00f5ite toetuda ja millest ei t\u00fcdine.","og_url":"http:\/\/ruuby.ee\/en\/pood\/kodusisustus\/moobel\/toolid\/jesper-home-poorlev-soogitool-hofu\/","og_site_name":"RUUBY","article_publisher":"https:\/\/www.facebook.com\/ruubyconcept","article_modified_time":"2026-04-07T22:28:34+00:00","og_image":[{"width":1494,"height":1208,"url":"http:\/\/ruuby.ee\/wp-content\/uploads\/2024\/05\/Screenshot-2024-05-18-at-15.17.41.png","type":"image\/png"}],"twitter_card":"summary_large_image","twitter_misc":{"Estimated reading time":"1 minute"},"schema":{"@context":"https:\/\/schema.org","@graph":[{"@type":["WebPage","ItemPage"],"@id":"http:\/\/ruuby.ee\/pood\/kodusisustus\/moobel\/toolid\/jesper-home-poorlev-soogitool-hofu\/","url":"http:\/\/ruuby.ee\/pood\/kodusisustus\/moobel\/toolid\/jesper-home-poorlev-soogitool-hofu\/","name":"Jesper Home - p\u00f6\u00f6rlev s\u00f6\u00f6gitool Hofu - RUUBY","isPartOf":{"@id":"https:\/\/ruuby.ee\/en\/#website"},"primaryImageOfPage":{"@id":"http:\/\/ruuby.ee\/pood\/kodusisustus\/moobel\/toolid\/jesper-home-poorlev-soogitool-hofu\/#primaryimage"},"image":{"@id":"http:\/\/ruuby.ee\/pood\/kodusisustus\/moobel\/toolid\/jesper-home-poorlev-soogitool-hofu\/#primaryimage"},"thumbnailUrl":"http:\/\/ruuby.ee\/wp-content\/uploads\/2024\/05\/Screenshot-2024-05-18-at-15.17.41.png","datePublished":"2024-05-18T12:38:22+00:00","dateModified":"2026-04-07T22:28:34+00:00","breadcrumb":{"@id":"http:\/\/ruuby.ee\/pood\/kodusisustus\/moobel\/toolid\/jesper-home-poorlev-soogitool-hofu\/#breadcrumb"},"inLanguage":"en-GB","potentialAction":[{"@type":"ReadAction","target":["http:\/\/ruuby.ee\/pood\/kodusisustus\/moobel\/toolid\/jesper-home-poorlev-soogitool-hofu\/"]}]},{"@type":"ImageObject","inLanguage":"en-GB","@id":"http:\/\/ruuby.ee\/pood\/kodusisustus\/moobel\/toolid\/jesper-home-poorlev-soogitool-hofu\/#primaryimage","url":"http:\/\/ruuby.ee\/wp-content\/uploads\/2024\/05\/Screenshot-2024-05-18-at-15.17.41.png","contentUrl":"http:\/\/ruuby.ee\/wp-content\/uploads\/2024\/05\/Screenshot-2024-05-18-at-15.17.41.png","width":1494,"height":1208},{"@type":"BreadcrumbList","@id":"http:\/\/ruuby.ee\/pood\/kodusisustus\/moobel\/toolid\/jesper-home-poorlev-soogitool-hofu\/#breadcrumb","itemListElement":[{"@type":"ListItem","position":1,"name":"Kdu","item":"https:\/\/ruuby.ee\/en\/"},{"@type":"ListItem","position":2,"name":"Pood","item":"https:\/\/ruuby.ee\/en\/pood\/"},{"@type":"ListItem","position":3,"name":"Jesper Home &#8211; p\u00f6\u00f6rlev s\u00f6\u00f6gitool Hofu"}]},{"@type":"WebSite","@id":"https:\/\/ruuby.ee\/en\/#website","url":"https:\/\/ruuby.ee\/en\/","name":"RUUBY","description":"Ruubys on \u00fchendatud elustiil ja disain","publisher":{"@id":"https:\/\/ruuby.ee\/en\/#organization"},"alternateName":"Ruuby Disain","potentialAction":[{"@type":"SearchAction","target":{"@type":"EntryPoint","urlTemplate":"https:\/\/ruuby.ee\/en\/?s={search_term_string}"},"query-input":{"@type":"PropertyValueSpecification","valueRequired":true,"valueName":"search_term_string"}}],"inLanguage":"en-GB"},{"@type":"Organization","@id":"https:\/\/ruuby.ee\/en\/#organization","name":"Ruuby Disain O\u00dc","alternateName":"Ruuby","url":"https:\/\/ruuby.ee\/en\/","logo":{"@type":"ImageObject","inLanguage":"en-GB","@id":"https:\/\/ruuby.ee\/en\/#\/schema\/logo\/image\/","url":"http:\/\/ruuby.ee\/wp-content\/uploads\/2023\/06\/cropped-Black-White-Elegant-Circle-Signature-Fashion-Logo-12_large.png","contentUrl":"http:\/\/ruuby.ee\/wp-content\/uploads\/2023\/06\/cropped-Black-White-Elegant-Circle-Signature-Fashion-Logo-12_large.png","width":1280,"height":747,"caption":"Ruuby Disain O\u00dc"},"image":{"@id":"https:\/\/ruuby.ee\/en\/#\/schema\/logo\/image\/"},"sameAs":["https:\/\/www.facebook.com\/ruubyconcept","https:\/\/www.instagram.com\/ruuby_concept\/"]}]}},"jetpack_sharing_enabled":true,"_links":{"self":[{"href":"http:\/\/ruuby.ee\/en\/wp-json\/wp\/v2\/product\/1845064","targetHints":{"allow":["GET"]}}],"collection":[{"href":"http:\/\/ruuby.ee\/en\/wp-json\/wp\/v2\/product"}],"about":[{"href":"http:\/\/ruuby.ee\/en\/wp-json\/wp\/v2\/types\/product"}],"replies":[{"embeddable":true,"href":"http:\/\/ruuby.ee\/en\/wp-json\/wp\/v2\/comments?post=1845064"}],"wp:featuredmedia":[{"embeddable":true,"href":"http:\/\/ruuby.ee\/en\/wp-json\/wp\/v2\/media\/1845069"}],"wp:attachment":[{"href":"http:\/\/ruuby.ee\/en\/wp-json\/wp\/v2\/media?parent=1845064"}],"wp:term":[{"taxonomy":"product_brand","embeddable":true,"href":"http:\/\/ruuby.ee\/en\/wp-json\/wp\/v2\/product_brand?post=1845064"},{"taxonomy":"product_cat","embeddable":true,"href":"http:\/\/ruuby.ee\/en\/wp-json\/wp\/v2\/product_cat?post=1845064"},{"taxonomy":"product_tag","embeddable":true,"href":"http:\/\/ruuby.ee\/en\/wp-json\/wp\/v2\/product_tag?post=1845064"}],"curies":[{"name":"wp","href":"https:\/\/api.w.org\/{rel}","templated":true}]}}