{"id":1845018,"date":"2024-05-18T13:55:09","date_gmt":"2024-05-18T10:55:09","guid":{"rendered":"http:\/\/ruuby.ee\/?post_type=product&#038;p=1845018"},"modified":"2026-04-04T01:24:58","modified_gmt":"2026-04-03T22:24:58","slug":"jesper-home-baaritool-yanai","status":"publish","type":"product","link":"http:\/\/ruuby.ee\/en\/pood\/kodusisustus\/moobel\/toolid\/jesper-home-baaritool-yanai\/","title":{"rendered":"Jesper Home &#8211; baaritool Yanai"},"content":{"rendered":"<p><strong>Kuus v\u00e4rvi: millise valite?<\/strong><\/p>\n<p>Kui hindad ajatut disaini, siis on Yanai baaripukk Sinu jaoks ideaalne valik. Sellel on elegantsed seljatoe jooned, mis on kombineeritud \u00fcmarate joontega s\u00e4lgus, mis loob veetleva kontrasti. Istmepolster on valmistatud kvaliteetsest pol\u00fcestrist, mis on valitud selle n\u00e4iliselt lihtsa, kuid peene v\u00e4limuse t\u00f5ttu.<\/p>\n<p>Yanai baaripukk on saadaval kuues v\u00e4rvitoonis: Pigeon (helehall), Biscuit Beach (pruunikas\/hall), Amazing Grey (tumehall), Toscan Terra (s\u00fcgav pronks), Soft Sage (heleroheline) ja Pink Punch (roosa). Need neutraalsed v\u00e4rvid t\u00e4iendavad vaevata teie interj\u00f6\u00f6ri olemasolevaid toone.<\/p>\n<p>Oma erinevate toonidega kangas on m\u00e4rkimisv\u00e4\u00e4rselt mitmek\u00fclgne ja ei lakka kunagi teie t\u00e4helepanu k\u00f6itmast. Yanai baaripukil on kindel iste, mis aitab teil istudes hoida p\u00fcstiasendit.<\/p>\n<p><strong>Saadaval kahes k\u00f5rguses: <\/strong><\/p>\n<ul>\n<li>Istme k\u00f5rgusega 65cm<\/li>\n<\/ul>\n<p><strong>M\u00f5\u00f5dud<\/strong><br \/>\nLaius: 50 cm<br \/>\nS\u00fcgavus: 51 cm<br \/>\nIstumiss\u00fcgavus: 37 cm<br \/>\nK\u00f5rgus: 91.5 cm<\/p>\n<p><strong>Materjal<\/strong><br \/>\nKangas: pol\u00fcester<br \/>\nJalad: v\u00e4rvitud metall, must<\/p>\n<ul>\n<li>Istme k\u00f5rgusega 75cm<\/li>\n<\/ul>\n<p><strong>M\u00f5\u00f5dud<\/strong><br \/>\nLaius: 50 cm<br \/>\nS\u00fcgavus: 51 cm<br \/>\nIstumiss\u00fcgavus: 37 cm<br \/>\nK\u00f5rgus: 101.5 cm<\/p>\n<p><strong>Materjal<\/strong><br \/>\nKangas: pol\u00fcester<br \/>\nJalad: v\u00e4rvitud metall, must<\/p>","protected":false},"excerpt":{"rendered":"<p>Yanai s\u00f6\u00f6gitoolil on kerge ja \u00f5huline disain, mida t\u00f5stab esile peen s\u00e4lk seljatoes. Selle tooli polster \u00f5hkub ajatut elegantsi koos keeruka v\u00e4rvide ja tekstuuride seguga. V\u00e4ga \u0161ikk.<\/p>","protected":false},"featured_media":1845043,"comment_status":"closed","ping_status":"closed","template":"","meta":[],"product_brand":[],"product_cat":[1015,42,825,555],"product_tag":[374,719,155],"class_list":{"0":"post-1845018","1":"product","2":"type-product","3":"status-publish","4":"has-post-thumbnail","6":"product_cat-baaritoolid","7":"product_cat-kodusisustus","8":"product_cat-moobel","9":"product_cat-toolid","10":"product_tag-baaritool","11":"product_tag-jesper-home","12":"product_tag-tool","14":"first","15":"onbackorder","16":"taxable","17":"shipping-taxable","18":"purchasable","19":"product-type-variable","20":"rtwpvs-product"},"yoast_head":"<!-- This site is optimized with the Yoast SEO plugin v27.2 - https:\/\/yoast.com\/product\/yoast-seo-wordpress\/ -->\n<title>Jesper Home - baaritool Yanai - RUUBY<\/title>\n<meta name=\"robots\" content=\"index, follow, max-snippet:-1, max-image-preview:large, max-video-preview:-1\" \/>\n<link rel=\"canonical\" href=\"https:\/\/ruuby.ee\/en\/pood\/kodusisustus\/moobel\/toolid\/jesper-home-baaritool-yanai\/\" \/>\n<meta property=\"og:locale\" content=\"en_GB\" \/>\n<meta property=\"og:type\" content=\"article\" \/>\n<meta property=\"og:title\" content=\"Jesper Home - baaritool Yanai - RUUBY\" \/>\n<meta property=\"og:description\" content=\"Yanai s\u00f6\u00f6gitoolil on kerge ja \u00f5huline disain, mida t\u00f5stab esile peen s\u00e4lk seljatoes. Selle tooli polster \u00f5hkub ajatut elegantsi koos keeruka v\u00e4rvide ja tekstuuride seguga. V\u00e4ga \u0161ikk.\" \/>\n<meta property=\"og:url\" content=\"https:\/\/ruuby.ee\/en\/pood\/kodusisustus\/moobel\/toolid\/jesper-home-baaritool-yanai\/\" \/>\n<meta property=\"og:site_name\" content=\"RUUBY\" \/>\n<meta property=\"article:publisher\" content=\"https:\/\/www.facebook.com\/ruubyconcept\" \/>\n<meta property=\"article:modified_time\" content=\"2026-04-03T22:24:58+00:00\" \/>\n<meta property=\"og:image\" content=\"https:\/\/ruuby.ee\/wp-content\/uploads\/2024\/05\/Screenshot-2024-05-18-at-14.03.49.png\" \/>\n\t<meta property=\"og:image:width\" content=\"1008\" \/>\n\t<meta property=\"og:image:height\" content=\"1178\" \/>\n\t<meta property=\"og:image:type\" content=\"image\/png\" \/>\n<meta name=\"twitter:card\" content=\"summary_large_image\" \/>\n<meta name=\"twitter:label1\" content=\"Estimated reading time\" \/>\n\t<meta name=\"twitter:data1\" content=\"2 minutes\" \/>\n<script type=\"application\/ld+json\" class=\"yoast-schema-graph\">{\"@context\":\"https:\/\/schema.org\",\"@graph\":[{\"@type\":[\"WebPage\",\"ItemPage\"],\"@id\":\"https:\/\/ruuby.ee\/en\/pood\/kodusisustus\/moobel\/toolid\/jesper-home-baaritool-yanai\/\",\"url\":\"https:\/\/ruuby.ee\/en\/pood\/kodusisustus\/moobel\/toolid\/jesper-home-baaritool-yanai\/\",\"name\":\"Jesper Home - baaritool Yanai - RUUBY\",\"isPartOf\":{\"@id\":\"https:\/\/ruuby.ee\/en\/#website\"},\"primaryImageOfPage\":{\"@id\":\"https:\/\/ruuby.ee\/en\/pood\/kodusisustus\/moobel\/toolid\/jesper-home-baaritool-yanai\/#primaryimage\"},\"image\":{\"@id\":\"https:\/\/ruuby.ee\/en\/pood\/kodusisustus\/moobel\/toolid\/jesper-home-baaritool-yanai\/#primaryimage\"},\"thumbnailUrl\":\"http:\/\/ruuby.ee\/wp-content\/uploads\/2024\/05\/Screenshot-2024-05-18-at-14.03.49.png\",\"datePublished\":\"2024-05-18T10:55:09+00:00\",\"dateModified\":\"2026-04-03T22:24:58+00:00\",\"breadcrumb\":{\"@id\":\"https:\/\/ruuby.ee\/en\/pood\/kodusisustus\/moobel\/toolid\/jesper-home-baaritool-yanai\/#breadcrumb\"},\"inLanguage\":\"en-GB\",\"potentialAction\":[{\"@type\":\"ReadAction\",\"target\":[\"https:\/\/ruuby.ee\/en\/pood\/kodusisustus\/moobel\/toolid\/jesper-home-baaritool-yanai\/\"]}]},{\"@type\":\"ImageObject\",\"inLanguage\":\"en-GB\",\"@id\":\"https:\/\/ruuby.ee\/en\/pood\/kodusisustus\/moobel\/toolid\/jesper-home-baaritool-yanai\/#primaryimage\",\"url\":\"http:\/\/ruuby.ee\/wp-content\/uploads\/2024\/05\/Screenshot-2024-05-18-at-14.03.49.png\",\"contentUrl\":\"http:\/\/ruuby.ee\/wp-content\/uploads\/2024\/05\/Screenshot-2024-05-18-at-14.03.49.png\",\"width\":1008,\"height\":1178},{\"@type\":\"BreadcrumbList\",\"@id\":\"https:\/\/ruuby.ee\/en\/pood\/kodusisustus\/moobel\/toolid\/jesper-home-baaritool-yanai\/#breadcrumb\",\"itemListElement\":[{\"@type\":\"ListItem\",\"position\":1,\"name\":\"Kdu\",\"item\":\"https:\/\/ruuby.ee\/en\/\"},{\"@type\":\"ListItem\",\"position\":2,\"name\":\"Pood\",\"item\":\"https:\/\/ruuby.ee\/pood\/\"},{\"@type\":\"ListItem\",\"position\":3,\"name\":\"Jesper Home &#8211; baaritool Yanai\"}]},{\"@type\":\"WebSite\",\"@id\":\"https:\/\/ruuby.ee\/en\/#website\",\"url\":\"https:\/\/ruuby.ee\/en\/\",\"name\":\"RUUBY\",\"description\":\"Ruubys on \u00fchendatud elustiil ja disain\",\"publisher\":{\"@id\":\"https:\/\/ruuby.ee\/en\/#organization\"},\"alternateName\":\"Ruuby Disain\",\"potentialAction\":[{\"@type\":\"SearchAction\",\"target\":{\"@type\":\"EntryPoint\",\"urlTemplate\":\"https:\/\/ruuby.ee\/en\/?s={search_term_string}\"},\"query-input\":{\"@type\":\"PropertyValueSpecification\",\"valueRequired\":true,\"valueName\":\"search_term_string\"}}],\"inLanguage\":\"en-GB\"},{\"@type\":\"Organization\",\"@id\":\"https:\/\/ruuby.ee\/en\/#organization\",\"name\":\"Ruuby Disain O\u00dc\",\"alternateName\":\"Ruuby\",\"url\":\"https:\/\/ruuby.ee\/en\/\",\"logo\":{\"@type\":\"ImageObject\",\"inLanguage\":\"en-GB\",\"@id\":\"https:\/\/ruuby.ee\/en\/#\/schema\/logo\/image\/\",\"url\":\"http:\/\/ruuby.ee\/wp-content\/uploads\/2023\/06\/cropped-Black-White-Elegant-Circle-Signature-Fashion-Logo-12_large.png\",\"contentUrl\":\"http:\/\/ruuby.ee\/wp-content\/uploads\/2023\/06\/cropped-Black-White-Elegant-Circle-Signature-Fashion-Logo-12_large.png\",\"width\":1280,\"height\":747,\"caption\":\"Ruuby Disain O\u00dc\"},\"image\":{\"@id\":\"https:\/\/ruuby.ee\/en\/#\/schema\/logo\/image\/\"},\"sameAs\":[\"https:\/\/www.facebook.com\/ruubyconcept\",\"https:\/\/www.instagram.com\/ruuby_concept\/\"]}]}<\/script>\n<!-- \/ Yoast SEO plugin. -->","yoast_head_json":{"title":"Jesper Home - baaritool Yanai - RUUBY","robots":{"index":"index","follow":"follow","max-snippet":"max-snippet:-1","max-image-preview":"max-image-preview:large","max-video-preview":"max-video-preview:-1"},"canonical":"https:\/\/ruuby.ee\/en\/pood\/kodusisustus\/moobel\/toolid\/jesper-home-baaritool-yanai\/","og_locale":"en_GB","og_type":"article","og_title":"Jesper Home - baaritool Yanai - RUUBY","og_description":"Yanai s\u00f6\u00f6gitoolil on kerge ja \u00f5huline disain, mida t\u00f5stab esile peen s\u00e4lk seljatoes. Selle tooli polster \u00f5hkub ajatut elegantsi koos keeruka v\u00e4rvide ja tekstuuride seguga. V\u00e4ga \u0161ikk.","og_url":"https:\/\/ruuby.ee\/en\/pood\/kodusisustus\/moobel\/toolid\/jesper-home-baaritool-yanai\/","og_site_name":"RUUBY","article_publisher":"https:\/\/www.facebook.com\/ruubyconcept","article_modified_time":"2026-04-03T22:24:58+00:00","og_image":[{"width":1008,"height":1178,"url":"https:\/\/ruuby.ee\/wp-content\/uploads\/2024\/05\/Screenshot-2024-05-18-at-14.03.49.png","type":"image\/png"}],"twitter_card":"summary_large_image","twitter_misc":{"Estimated reading time":"2 minutes"},"schema":{"@context":"https:\/\/schema.org","@graph":[{"@type":["WebPage","ItemPage"],"@id":"https:\/\/ruuby.ee\/en\/pood\/kodusisustus\/moobel\/toolid\/jesper-home-baaritool-yanai\/","url":"https:\/\/ruuby.ee\/en\/pood\/kodusisustus\/moobel\/toolid\/jesper-home-baaritool-yanai\/","name":"Jesper Home - baaritool Yanai - RUUBY","isPartOf":{"@id":"https:\/\/ruuby.ee\/en\/#website"},"primaryImageOfPage":{"@id":"https:\/\/ruuby.ee\/en\/pood\/kodusisustus\/moobel\/toolid\/jesper-home-baaritool-yanai\/#primaryimage"},"image":{"@id":"https:\/\/ruuby.ee\/en\/pood\/kodusisustus\/moobel\/toolid\/jesper-home-baaritool-yanai\/#primaryimage"},"thumbnailUrl":"http:\/\/ruuby.ee\/wp-content\/uploads\/2024\/05\/Screenshot-2024-05-18-at-14.03.49.png","datePublished":"2024-05-18T10:55:09+00:00","dateModified":"2026-04-03T22:24:58+00:00","breadcrumb":{"@id":"https:\/\/ruuby.ee\/en\/pood\/kodusisustus\/moobel\/toolid\/jesper-home-baaritool-yanai\/#breadcrumb"},"inLanguage":"en-GB","potentialAction":[{"@type":"ReadAction","target":["https:\/\/ruuby.ee\/en\/pood\/kodusisustus\/moobel\/toolid\/jesper-home-baaritool-yanai\/"]}]},{"@type":"ImageObject","inLanguage":"en-GB","@id":"https:\/\/ruuby.ee\/en\/pood\/kodusisustus\/moobel\/toolid\/jesper-home-baaritool-yanai\/#primaryimage","url":"http:\/\/ruuby.ee\/wp-content\/uploads\/2024\/05\/Screenshot-2024-05-18-at-14.03.49.png","contentUrl":"http:\/\/ruuby.ee\/wp-content\/uploads\/2024\/05\/Screenshot-2024-05-18-at-14.03.49.png","width":1008,"height":1178},{"@type":"BreadcrumbList","@id":"https:\/\/ruuby.ee\/en\/pood\/kodusisustus\/moobel\/toolid\/jesper-home-baaritool-yanai\/#breadcrumb","itemListElement":[{"@type":"ListItem","position":1,"name":"Kdu","item":"https:\/\/ruuby.ee\/en\/"},{"@type":"ListItem","position":2,"name":"Pood","item":"https:\/\/ruuby.ee\/pood\/"},{"@type":"ListItem","position":3,"name":"Jesper Home &#8211; baaritool Yanai"}]},{"@type":"WebSite","@id":"https:\/\/ruuby.ee\/en\/#website","url":"https:\/\/ruuby.ee\/en\/","name":"RUUBY","description":"Ruubys on \u00fchendatud elustiil ja disain","publisher":{"@id":"https:\/\/ruuby.ee\/en\/#organization"},"alternateName":"Ruuby Disain","potentialAction":[{"@type":"SearchAction","target":{"@type":"EntryPoint","urlTemplate":"https:\/\/ruuby.ee\/en\/?s={search_term_string}"},"query-input":{"@type":"PropertyValueSpecification","valueRequired":true,"valueName":"search_term_string"}}],"inLanguage":"en-GB"},{"@type":"Organization","@id":"https:\/\/ruuby.ee\/en\/#organization","name":"Ruuby Disain O\u00dc","alternateName":"Ruuby","url":"https:\/\/ruuby.ee\/en\/","logo":{"@type":"ImageObject","inLanguage":"en-GB","@id":"https:\/\/ruuby.ee\/en\/#\/schema\/logo\/image\/","url":"http:\/\/ruuby.ee\/wp-content\/uploads\/2023\/06\/cropped-Black-White-Elegant-Circle-Signature-Fashion-Logo-12_large.png","contentUrl":"http:\/\/ruuby.ee\/wp-content\/uploads\/2023\/06\/cropped-Black-White-Elegant-Circle-Signature-Fashion-Logo-12_large.png","width":1280,"height":747,"caption":"Ruuby Disain O\u00dc"},"image":{"@id":"https:\/\/ruuby.ee\/en\/#\/schema\/logo\/image\/"},"sameAs":["https:\/\/www.facebook.com\/ruubyconcept","https:\/\/www.instagram.com\/ruuby_concept\/"]}]}},"jetpack_sharing_enabled":true,"_links":{"self":[{"href":"http:\/\/ruuby.ee\/en\/wp-json\/wp\/v2\/product\/1845018","targetHints":{"allow":["GET"]}}],"collection":[{"href":"http:\/\/ruuby.ee\/en\/wp-json\/wp\/v2\/product"}],"about":[{"href":"http:\/\/ruuby.ee\/en\/wp-json\/wp\/v2\/types\/product"}],"replies":[{"embeddable":true,"href":"http:\/\/ruuby.ee\/en\/wp-json\/wp\/v2\/comments?post=1845018"}],"wp:featuredmedia":[{"embeddable":true,"href":"http:\/\/ruuby.ee\/en\/wp-json\/wp\/v2\/media\/1845043"}],"wp:attachment":[{"href":"http:\/\/ruuby.ee\/en\/wp-json\/wp\/v2\/media?parent=1845018"}],"wp:term":[{"taxonomy":"product_brand","embeddable":true,"href":"http:\/\/ruuby.ee\/en\/wp-json\/wp\/v2\/product_brand?post=1845018"},{"taxonomy":"product_cat","embeddable":true,"href":"http:\/\/ruuby.ee\/en\/wp-json\/wp\/v2\/product_cat?post=1845018"},{"taxonomy":"product_tag","embeddable":true,"href":"http:\/\/ruuby.ee\/en\/wp-json\/wp\/v2\/product_tag?post=1845018"}],"curies":[{"name":"wp","href":"https:\/\/api.w.org\/{rel}","templated":true}]}}