{"id":1844804,"date":"2024-05-08T15:37:20","date_gmt":"2024-05-08T12:37:20","guid":{"rendered":"http:\/\/ruuby.ee\/?post_type=product&#038;p=1844804"},"modified":"2026-04-08T01:28:34","modified_gmt":"2026-04-07T22:28:34","slug":"monk-anna-punutud-rannakott-tsue-urban-sunset","status":"publish","type":"product","link":"http:\/\/ruuby.ee\/en\/pood\/aksessuaarid\/kotid\/monk-anna-punutud-rannakott-tsue-urban-sunset\/","title":{"rendered":"Monk &amp; Anna punutud rannakott, Tsue URBAN SUNSET"},"content":{"rendered":"<p>T\u00f5eline suvelemmik, alati nii l\u00fchikese ajaga l\u00e4bi m\u00fc\u00fcdud. Kuid ta on tagasi ja veelgi parem ning heledamas toonis.<\/p>\n<p>Tsue shopper on linase voodriga ja seest leiate v\u00e4ikese lukuga tasku.<\/p>\n<p>Koti m\u00f5\u00f5dud &#8211; 51&#215;49 cm<br \/>\nSangad &#8211; 78 cm<\/p>\n<p>Materjal v\u00e4ljaspool &#8211; keerutatud j\u00f5upaber<br \/>\nMaterjal sees &#8211; linane<br \/>\n\u00dcmbriskott &#8211; lausriidest<\/p>\n<p>Kangekaelne plekk teie Monk &amp; Anna ostjal? Soovitame teil seda t\u00f6\u00f6delda vaid kergelt niiske lapiga. See ajab asja \u00e4ra! Me ei soovita teil seda pesumasinas puhastada ega kasutada tugevatoimelisi puhastusvahendeid.<\/p>\n<p>Monk &amp; Anna pakub v\u00e4ikeseid ilusate kaupade kollektsioone, mis on kujundatud suure hoolega ja milles on palju pisidetaile. K\u00f5ik tooted on oma pakendis, millel on oma lugu ja oma nimi. Looming minimalistlikust, ent esteetilisest maailmast, mis on t\u00e4idetud pehmetes maal\u00e4hedastes toonides ja erinevate tekstuuridega toodetega. Inspireeritud Jaapanist, loodusest, moest ja k\u00e4sit\u00f6\u00f6st \u00fcldiselt.<\/p>\n<p>Uus kollektsioon algab alati uute v\u00e4rvipalettide uurimisega ja tekstuuride hankimisega. Sealt edasi on loomingulised meeled vabad, et saada igap\u00e4evaelust inspiratsiooni. Nii j\u00e4\u00e4vad Monk &amp; Anna p\u00f5nevaks ja elavaks.<\/p>","protected":false},"excerpt":{"rendered":"<p>T\u00f5eline suvelemmik, alati nii l\u00fchikese ajaga l\u00e4bi m\u00fc\u00fcdud. Kuid ta on tagasi ja veelgi parem ning heledamas toonis. Tsue shopper on linase voodriga ja seest leiate v\u00e4ikese lukuga tasku. Koti m\u00f5\u00f5dud &#8211; 51&#215;49 cm Sangad &#8211; 78 cm Materjal v\u00e4ljaspool &#8211; keerutatud j\u00f5upaber Materjal sees &#8211; linane \u00dcmbriskott &#8211; lausriidest Kangekaelne plekk teie Monk &amp; [&hellip;]<\/p>\n","protected":false},"featured_media":1844806,"comment_status":"open","ping_status":"closed","template":"","meta":[],"product_brand":[],"product_cat":[43,670,33],"product_tag":[],"class_list":{"0":"post-1844804","1":"product","2":"type-product","3":"status-publish","4":"has-post-thumbnail","6":"product_cat-aksessuaarid","7":"product_cat-kandekott","8":"product_cat-kotid","10":"first","11":"outofstock","12":"taxable","13":"shipping-taxable","14":"purchasable","15":"product-type-simple"},"yoast_head":"<!-- This site is optimized with the Yoast SEO plugin v27.3 - https:\/\/yoast.com\/product\/yoast-seo-wordpress\/ -->\n<title>Monk &amp; Anna punutud rannakott, Tsue URBAN SUNSET - RUUBY<\/title>\n<meta name=\"robots\" content=\"index, follow, max-snippet:-1, max-image-preview:large, max-video-preview:-1\" \/>\n<link rel=\"canonical\" href=\"http:\/\/ruuby.ee\/en\/pood\/aksessuaarid\/kotid\/monk-anna-punutud-rannakott-tsue-urban-sunset\/\" \/>\n<meta property=\"og:locale\" content=\"en_GB\" \/>\n<meta property=\"og:type\" content=\"article\" \/>\n<meta property=\"og:title\" content=\"Monk &amp; Anna punutud rannakott, Tsue URBAN SUNSET - RUUBY\" \/>\n<meta property=\"og:description\" content=\"T\u00f5eline suvelemmik, alati nii l\u00fchikese ajaga l\u00e4bi m\u00fc\u00fcdud. Kuid ta on tagasi ja veelgi parem ning heledamas toonis. Tsue shopper on linase voodriga ja seest leiate v\u00e4ikese lukuga tasku. Koti m\u00f5\u00f5dud &#8211; 51&#215;49 cm Sangad &#8211; 78 cm Materjal v\u00e4ljaspool &#8211; keerutatud j\u00f5upaber Materjal sees &#8211; linane \u00dcmbriskott &#8211; lausriidest Kangekaelne plekk teie Monk &amp; [&hellip;]\" \/>\n<meta property=\"og:url\" content=\"http:\/\/ruuby.ee\/en\/pood\/aksessuaarid\/kotid\/monk-anna-punutud-rannakott-tsue-urban-sunset\/\" \/>\n<meta property=\"og:site_name\" content=\"RUUBY\" \/>\n<meta property=\"article:publisher\" content=\"https:\/\/www.facebook.com\/ruubyconcept\" \/>\n<meta property=\"article:modified_time\" content=\"2026-04-07T22:28:34+00:00\" \/>\n<meta property=\"og:image\" content=\"http:\/\/ruuby.ee\/wp-content\/uploads\/2024\/05\/Screenshot-2024-05-08-at-15.36.36.png\" \/>\n\t<meta property=\"og:image:width\" content=\"1052\" \/>\n\t<meta property=\"og:image:height\" content=\"1052\" \/>\n\t<meta property=\"og:image:type\" content=\"image\/png\" \/>\n<meta name=\"twitter:card\" content=\"summary_large_image\" \/>\n<meta name=\"twitter:label1\" content=\"Estimated reading time\" \/>\n\t<meta name=\"twitter:data1\" content=\"2 minutes\" \/>\n<script type=\"application\/ld+json\" class=\"yoast-schema-graph\">{\"@context\":\"https:\\\/\\\/schema.org\",\"@graph\":[{\"@type\":[\"WebPage\",\"ItemPage\"],\"@id\":\"http:\\\/\\\/ruuby.ee\\\/pood\\\/aksessuaarid\\\/kotid\\\/monk-anna-punutud-rannakott-tsue-urban-sunset\\\/\",\"url\":\"http:\\\/\\\/ruuby.ee\\\/pood\\\/aksessuaarid\\\/kotid\\\/monk-anna-punutud-rannakott-tsue-urban-sunset\\\/\",\"name\":\"Monk &amp; Anna punutud rannakott, Tsue URBAN SUNSET - RUUBY\",\"isPartOf\":{\"@id\":\"https:\\\/\\\/ruuby.ee\\\/en\\\/#website\"},\"primaryImageOfPage\":{\"@id\":\"http:\\\/\\\/ruuby.ee\\\/pood\\\/aksessuaarid\\\/kotid\\\/monk-anna-punutud-rannakott-tsue-urban-sunset\\\/#primaryimage\"},\"image\":{\"@id\":\"http:\\\/\\\/ruuby.ee\\\/pood\\\/aksessuaarid\\\/kotid\\\/monk-anna-punutud-rannakott-tsue-urban-sunset\\\/#primaryimage\"},\"thumbnailUrl\":\"http:\\\/\\\/ruuby.ee\\\/wp-content\\\/uploads\\\/2024\\\/05\\\/Screenshot-2024-05-08-at-15.36.36.png\",\"datePublished\":\"2024-05-08T12:37:20+00:00\",\"dateModified\":\"2026-04-07T22:28:34+00:00\",\"breadcrumb\":{\"@id\":\"http:\\\/\\\/ruuby.ee\\\/pood\\\/aksessuaarid\\\/kotid\\\/monk-anna-punutud-rannakott-tsue-urban-sunset\\\/#breadcrumb\"},\"inLanguage\":\"en-GB\",\"potentialAction\":[{\"@type\":\"ReadAction\",\"target\":[\"http:\\\/\\\/ruuby.ee\\\/pood\\\/aksessuaarid\\\/kotid\\\/monk-anna-punutud-rannakott-tsue-urban-sunset\\\/\"]}]},{\"@type\":\"ImageObject\",\"inLanguage\":\"en-GB\",\"@id\":\"http:\\\/\\\/ruuby.ee\\\/pood\\\/aksessuaarid\\\/kotid\\\/monk-anna-punutud-rannakott-tsue-urban-sunset\\\/#primaryimage\",\"url\":\"http:\\\/\\\/ruuby.ee\\\/wp-content\\\/uploads\\\/2024\\\/05\\\/Screenshot-2024-05-08-at-15.36.36.png\",\"contentUrl\":\"http:\\\/\\\/ruuby.ee\\\/wp-content\\\/uploads\\\/2024\\\/05\\\/Screenshot-2024-05-08-at-15.36.36.png\",\"width\":1052,\"height\":1052},{\"@type\":\"BreadcrumbList\",\"@id\":\"http:\\\/\\\/ruuby.ee\\\/pood\\\/aksessuaarid\\\/kotid\\\/monk-anna-punutud-rannakott-tsue-urban-sunset\\\/#breadcrumb\",\"itemListElement\":[{\"@type\":\"ListItem\",\"position\":1,\"name\":\"Kdu\",\"item\":\"https:\\\/\\\/ruuby.ee\\\/en\\\/\"},{\"@type\":\"ListItem\",\"position\":2,\"name\":\"Pood\",\"item\":\"https:\\\/\\\/ruuby.ee\\\/en\\\/pood\\\/\"},{\"@type\":\"ListItem\",\"position\":3,\"name\":\"Monk &amp; Anna punutud rannakott, Tsue URBAN SUNSET\"}]},{\"@type\":\"WebSite\",\"@id\":\"https:\\\/\\\/ruuby.ee\\\/en\\\/#website\",\"url\":\"https:\\\/\\\/ruuby.ee\\\/en\\\/\",\"name\":\"RUUBY\",\"description\":\"Ruubys on \u00fchendatud elustiil ja disain\",\"publisher\":{\"@id\":\"https:\\\/\\\/ruuby.ee\\\/en\\\/#organization\"},\"alternateName\":\"Ruuby Disain\",\"potentialAction\":[{\"@type\":\"SearchAction\",\"target\":{\"@type\":\"EntryPoint\",\"urlTemplate\":\"https:\\\/\\\/ruuby.ee\\\/en\\\/?s={search_term_string}\"},\"query-input\":{\"@type\":\"PropertyValueSpecification\",\"valueRequired\":true,\"valueName\":\"search_term_string\"}}],\"inLanguage\":\"en-GB\"},{\"@type\":\"Organization\",\"@id\":\"https:\\\/\\\/ruuby.ee\\\/en\\\/#organization\",\"name\":\"Ruuby Disain O\u00dc\",\"alternateName\":\"Ruuby\",\"url\":\"https:\\\/\\\/ruuby.ee\\\/en\\\/\",\"logo\":{\"@type\":\"ImageObject\",\"inLanguage\":\"en-GB\",\"@id\":\"https:\\\/\\\/ruuby.ee\\\/en\\\/#\\\/schema\\\/logo\\\/image\\\/\",\"url\":\"http:\\\/\\\/ruuby.ee\\\/wp-content\\\/uploads\\\/2023\\\/06\\\/cropped-Black-White-Elegant-Circle-Signature-Fashion-Logo-12_large.png\",\"contentUrl\":\"http:\\\/\\\/ruuby.ee\\\/wp-content\\\/uploads\\\/2023\\\/06\\\/cropped-Black-White-Elegant-Circle-Signature-Fashion-Logo-12_large.png\",\"width\":1280,\"height\":747,\"caption\":\"Ruuby Disain O\u00dc\"},\"image\":{\"@id\":\"https:\\\/\\\/ruuby.ee\\\/en\\\/#\\\/schema\\\/logo\\\/image\\\/\"},\"sameAs\":[\"https:\\\/\\\/www.facebook.com\\\/ruubyconcept\",\"https:\\\/\\\/www.instagram.com\\\/ruuby_concept\\\/\"]}]}<\/script>\n<!-- \/ Yoast SEO plugin. -->","yoast_head_json":{"title":"Monk &amp; Anna punutud rannakott, Tsue URBAN SUNSET - RUUBY","robots":{"index":"index","follow":"follow","max-snippet":"max-snippet:-1","max-image-preview":"max-image-preview:large","max-video-preview":"max-video-preview:-1"},"canonical":"http:\/\/ruuby.ee\/en\/pood\/aksessuaarid\/kotid\/monk-anna-punutud-rannakott-tsue-urban-sunset\/","og_locale":"en_GB","og_type":"article","og_title":"Monk &amp; Anna punutud rannakott, Tsue URBAN SUNSET - RUUBY","og_description":"T\u00f5eline suvelemmik, alati nii l\u00fchikese ajaga l\u00e4bi m\u00fc\u00fcdud. Kuid ta on tagasi ja veelgi parem ning heledamas toonis. Tsue shopper on linase voodriga ja seest leiate v\u00e4ikese lukuga tasku. Koti m\u00f5\u00f5dud &#8211; 51&#215;49 cm Sangad &#8211; 78 cm Materjal v\u00e4ljaspool &#8211; keerutatud j\u00f5upaber Materjal sees &#8211; linane \u00dcmbriskott &#8211; lausriidest Kangekaelne plekk teie Monk &amp; [&hellip;]","og_url":"http:\/\/ruuby.ee\/en\/pood\/aksessuaarid\/kotid\/monk-anna-punutud-rannakott-tsue-urban-sunset\/","og_site_name":"RUUBY","article_publisher":"https:\/\/www.facebook.com\/ruubyconcept","article_modified_time":"2026-04-07T22:28:34+00:00","og_image":[{"width":1052,"height":1052,"url":"http:\/\/ruuby.ee\/wp-content\/uploads\/2024\/05\/Screenshot-2024-05-08-at-15.36.36.png","type":"image\/png"}],"twitter_card":"summary_large_image","twitter_misc":{"Estimated reading time":"2 minutes"},"schema":{"@context":"https:\/\/schema.org","@graph":[{"@type":["WebPage","ItemPage"],"@id":"http:\/\/ruuby.ee\/pood\/aksessuaarid\/kotid\/monk-anna-punutud-rannakott-tsue-urban-sunset\/","url":"http:\/\/ruuby.ee\/pood\/aksessuaarid\/kotid\/monk-anna-punutud-rannakott-tsue-urban-sunset\/","name":"Monk &amp; Anna punutud rannakott, Tsue URBAN SUNSET - RUUBY","isPartOf":{"@id":"https:\/\/ruuby.ee\/en\/#website"},"primaryImageOfPage":{"@id":"http:\/\/ruuby.ee\/pood\/aksessuaarid\/kotid\/monk-anna-punutud-rannakott-tsue-urban-sunset\/#primaryimage"},"image":{"@id":"http:\/\/ruuby.ee\/pood\/aksessuaarid\/kotid\/monk-anna-punutud-rannakott-tsue-urban-sunset\/#primaryimage"},"thumbnailUrl":"http:\/\/ruuby.ee\/wp-content\/uploads\/2024\/05\/Screenshot-2024-05-08-at-15.36.36.png","datePublished":"2024-05-08T12:37:20+00:00","dateModified":"2026-04-07T22:28:34+00:00","breadcrumb":{"@id":"http:\/\/ruuby.ee\/pood\/aksessuaarid\/kotid\/monk-anna-punutud-rannakott-tsue-urban-sunset\/#breadcrumb"},"inLanguage":"en-GB","potentialAction":[{"@type":"ReadAction","target":["http:\/\/ruuby.ee\/pood\/aksessuaarid\/kotid\/monk-anna-punutud-rannakott-tsue-urban-sunset\/"]}]},{"@type":"ImageObject","inLanguage":"en-GB","@id":"http:\/\/ruuby.ee\/pood\/aksessuaarid\/kotid\/monk-anna-punutud-rannakott-tsue-urban-sunset\/#primaryimage","url":"http:\/\/ruuby.ee\/wp-content\/uploads\/2024\/05\/Screenshot-2024-05-08-at-15.36.36.png","contentUrl":"http:\/\/ruuby.ee\/wp-content\/uploads\/2024\/05\/Screenshot-2024-05-08-at-15.36.36.png","width":1052,"height":1052},{"@type":"BreadcrumbList","@id":"http:\/\/ruuby.ee\/pood\/aksessuaarid\/kotid\/monk-anna-punutud-rannakott-tsue-urban-sunset\/#breadcrumb","itemListElement":[{"@type":"ListItem","position":1,"name":"Kdu","item":"https:\/\/ruuby.ee\/en\/"},{"@type":"ListItem","position":2,"name":"Pood","item":"https:\/\/ruuby.ee\/en\/pood\/"},{"@type":"ListItem","position":3,"name":"Monk &amp; Anna punutud rannakott, Tsue URBAN SUNSET"}]},{"@type":"WebSite","@id":"https:\/\/ruuby.ee\/en\/#website","url":"https:\/\/ruuby.ee\/en\/","name":"RUUBY","description":"Ruubys on \u00fchendatud elustiil ja disain","publisher":{"@id":"https:\/\/ruuby.ee\/en\/#organization"},"alternateName":"Ruuby Disain","potentialAction":[{"@type":"SearchAction","target":{"@type":"EntryPoint","urlTemplate":"https:\/\/ruuby.ee\/en\/?s={search_term_string}"},"query-input":{"@type":"PropertyValueSpecification","valueRequired":true,"valueName":"search_term_string"}}],"inLanguage":"en-GB"},{"@type":"Organization","@id":"https:\/\/ruuby.ee\/en\/#organization","name":"Ruuby Disain O\u00dc","alternateName":"Ruuby","url":"https:\/\/ruuby.ee\/en\/","logo":{"@type":"ImageObject","inLanguage":"en-GB","@id":"https:\/\/ruuby.ee\/en\/#\/schema\/logo\/image\/","url":"http:\/\/ruuby.ee\/wp-content\/uploads\/2023\/06\/cropped-Black-White-Elegant-Circle-Signature-Fashion-Logo-12_large.png","contentUrl":"http:\/\/ruuby.ee\/wp-content\/uploads\/2023\/06\/cropped-Black-White-Elegant-Circle-Signature-Fashion-Logo-12_large.png","width":1280,"height":747,"caption":"Ruuby Disain O\u00dc"},"image":{"@id":"https:\/\/ruuby.ee\/en\/#\/schema\/logo\/image\/"},"sameAs":["https:\/\/www.facebook.com\/ruubyconcept","https:\/\/www.instagram.com\/ruuby_concept\/"]}]}},"jetpack_sharing_enabled":true,"_links":{"self":[{"href":"http:\/\/ruuby.ee\/en\/wp-json\/wp\/v2\/product\/1844804","targetHints":{"allow":["GET"]}}],"collection":[{"href":"http:\/\/ruuby.ee\/en\/wp-json\/wp\/v2\/product"}],"about":[{"href":"http:\/\/ruuby.ee\/en\/wp-json\/wp\/v2\/types\/product"}],"replies":[{"embeddable":true,"href":"http:\/\/ruuby.ee\/en\/wp-json\/wp\/v2\/comments?post=1844804"}],"wp:featuredmedia":[{"embeddable":true,"href":"http:\/\/ruuby.ee\/en\/wp-json\/wp\/v2\/media\/1844806"}],"wp:attachment":[{"href":"http:\/\/ruuby.ee\/en\/wp-json\/wp\/v2\/media?parent=1844804"}],"wp:term":[{"taxonomy":"product_brand","embeddable":true,"href":"http:\/\/ruuby.ee\/en\/wp-json\/wp\/v2\/product_brand?post=1844804"},{"taxonomy":"product_cat","embeddable":true,"href":"http:\/\/ruuby.ee\/en\/wp-json\/wp\/v2\/product_cat?post=1844804"},{"taxonomy":"product_tag","embeddable":true,"href":"http:\/\/ruuby.ee\/en\/wp-json\/wp\/v2\/product_tag?post=1844804"}],"curies":[{"name":"wp","href":"https:\/\/api.w.org\/{rel}","templated":true}]}}