{"id":1844796,"date":"2024-05-08T15:35:31","date_gmt":"2024-05-08T12:35:31","guid":{"rendered":"http:\/\/ruuby.ee\/?post_type=product&#038;p=1844796"},"modified":"2026-04-04T01:24:58","modified_gmt":"2026-04-03T22:24:58","slug":"monk-anna-punutud-rannakott-akeru-urban-sunset","status":"publish","type":"product","link":"http:\/\/ruuby.ee\/en\/pood\/aksessuaarid\/kotid\/monk-anna-punutud-rannakott-akeru-urban-sunset\/","title":{"rendered":"Monk &amp; Anna punutud rannakott, Akeru URBAN SUNSET"},"content":{"rendered":"<p>See Akeru punutud kott on eriv\u00e4ljaanne. Valmistatud keerutatud j\u00f5upaberist; eriline viis selle koti kergeks ja tugevaks muutmiseks.<\/p>\n<p>Ideaalne suvekott randa v\u00f5i parki piknikule kaasa v\u00f5tmiseks.<\/p>\n<p>V\u00f5ta oma teele kaasa varbad liiva sees v\u00f5i jalutada m\u00f6\u00f6da linna selle pilkup\u00fc\u00fcdva suvekotiga.<\/p>\n<p>Koti m\u00f5\u00f5dud &#8211; 43 x 35 cm<br \/>\nSangad &#8211; 61 cm<\/p>\n<p>&nbsp;<\/p>\n<p>Kangekaelne plekk teie Monk &amp; Anna ostjal? Soovitame teil seda t\u00f6\u00f6delda vaid kergelt niiske lapiga. See ajab asja \u00e4ra! Me ei soovita teil seda pesumasinas puhastada ega kasutada tugevatoimelisi puhastusvahendeid.<\/p>\n<p>Monk &amp; Anna pakub v\u00e4ikeseid ilusate kaupade kollektsioone, mis on kujundatud suure hoolega ja milles on palju pisidetaile. K\u00f5ik tooted on oma pakendis, millel on oma lugu ja oma nimi. Looming minimalistlikust, ent esteetilisest maailmast, mis on t\u00e4idetud pehmetes maal\u00e4hedastes toonides ja erinevate tekstuuridega toodetega. Inspireeritud Jaapanist, loodusest, moest ja k\u00e4sit\u00f6\u00f6st \u00fcldiselt.<\/p>\n<p>Uus kollektsioon algab alati uute v\u00e4rvipalettide uurimisega ja tekstuuride hankimisega. Sealt edasi on loomingulised meeled vabad, et saada igap\u00e4evaelust inspiratsiooni. Nii j\u00e4\u00e4vad Monk &amp; Anna p\u00f5nevaks ja elavaks.<\/p>","protected":false},"excerpt":{"rendered":"<p>See Akeru punutud kott on eriv\u00e4ljaanne. Valmistatud keerutatud j\u00f5upaberist; eriline viis selle koti kergeks ja tugevaks muutmiseks. Ideaalne suvekott randa v\u00f5i parki piknikule kaasa v\u00f5tmiseks. V\u00f5ta oma teele kaasa varbad liiva sees v\u00f5i jalutada m\u00f6\u00f6da linna selle pilkup\u00fc\u00fcdva suvekotiga. Koti m\u00f5\u00f5dud &#8211; 43 x 35 cm Sangad &#8211; 61 cm &nbsp; Kangekaelne plekk teie Monk [&hellip;]<\/p>\n","protected":false},"featured_media":1844797,"comment_status":"open","ping_status":"closed","template":"","meta":[],"product_brand":[],"product_cat":[43,670,33],"product_tag":[],"class_list":{"0":"post-1844796","1":"product","2":"type-product","3":"status-publish","4":"has-post-thumbnail","6":"product_cat-aksessuaarid","7":"product_cat-kandekott","8":"product_cat-kotid","10":"first","11":"outofstock","12":"taxable","13":"shipping-taxable","14":"purchasable","15":"product-type-simple"},"yoast_head":"<!-- This site is optimized with the Yoast SEO plugin v27.2 - https:\/\/yoast.com\/product\/yoast-seo-wordpress\/ -->\n<title>Monk &amp; Anna punutud rannakott, Akeru URBAN SUNSET - RUUBY<\/title>\n<meta name=\"robots\" content=\"index, follow, max-snippet:-1, max-image-preview:large, max-video-preview:-1\" \/>\n<link rel=\"canonical\" href=\"http:\/\/ruuby.ee\/en\/pood\/aksessuaarid\/kotid\/monk-anna-punutud-rannakott-akeru-urban-sunset\/\" \/>\n<meta property=\"og:locale\" content=\"en_GB\" \/>\n<meta property=\"og:type\" content=\"article\" \/>\n<meta property=\"og:title\" content=\"Monk &amp; Anna punutud rannakott, Akeru URBAN SUNSET - RUUBY\" \/>\n<meta property=\"og:description\" content=\"See Akeru punutud kott on eriv\u00e4ljaanne. Valmistatud keerutatud j\u00f5upaberist; eriline viis selle koti kergeks ja tugevaks muutmiseks. Ideaalne suvekott randa v\u00f5i parki piknikule kaasa v\u00f5tmiseks. V\u00f5ta oma teele kaasa varbad liiva sees v\u00f5i jalutada m\u00f6\u00f6da linna selle pilkup\u00fc\u00fcdva suvekotiga. Koti m\u00f5\u00f5dud &#8211; 43 x 35 cm Sangad &#8211; 61 cm &nbsp; Kangekaelne plekk teie Monk [&hellip;]\" \/>\n<meta property=\"og:url\" content=\"http:\/\/ruuby.ee\/en\/pood\/aksessuaarid\/kotid\/monk-anna-punutud-rannakott-akeru-urban-sunset\/\" \/>\n<meta property=\"og:site_name\" content=\"RUUBY\" \/>\n<meta property=\"article:publisher\" content=\"https:\/\/www.facebook.com\/ruubyconcept\" \/>\n<meta property=\"article:modified_time\" content=\"2026-04-03T22:24:58+00:00\" \/>\n<meta property=\"og:image\" content=\"http:\/\/ruuby.ee\/wp-content\/uploads\/2024\/05\/Screenshot-2024-05-08-at-15.19.56.png\" \/>\n\t<meta property=\"og:image:width\" content=\"964\" \/>\n\t<meta property=\"og:image:height\" content=\"974\" \/>\n\t<meta property=\"og:image:type\" content=\"image\/png\" \/>\n<meta name=\"twitter:card\" content=\"summary_large_image\" \/>\n<meta name=\"twitter:label1\" content=\"Estimated reading time\" \/>\n\t<meta name=\"twitter:data1\" content=\"2 minutes\" \/>\n<script type=\"application\/ld+json\" class=\"yoast-schema-graph\">{\"@context\":\"https:\/\/schema.org\",\"@graph\":[{\"@type\":[\"WebPage\",\"ItemPage\"],\"@id\":\"http:\/\/ruuby.ee\/en\/pood\/aksessuaarid\/kotid\/monk-anna-punutud-rannakott-akeru-urban-sunset\/\",\"url\":\"http:\/\/ruuby.ee\/en\/pood\/aksessuaarid\/kotid\/monk-anna-punutud-rannakott-akeru-urban-sunset\/\",\"name\":\"Monk &amp; Anna punutud rannakott, Akeru URBAN SUNSET - RUUBY\",\"isPartOf\":{\"@id\":\"https:\/\/ruuby.ee\/en\/#website\"},\"primaryImageOfPage\":{\"@id\":\"http:\/\/ruuby.ee\/en\/pood\/aksessuaarid\/kotid\/monk-anna-punutud-rannakott-akeru-urban-sunset\/#primaryimage\"},\"image\":{\"@id\":\"http:\/\/ruuby.ee\/en\/pood\/aksessuaarid\/kotid\/monk-anna-punutud-rannakott-akeru-urban-sunset\/#primaryimage\"},\"thumbnailUrl\":\"http:\/\/ruuby.ee\/wp-content\/uploads\/2024\/05\/Screenshot-2024-05-08-at-15.19.56.png\",\"datePublished\":\"2024-05-08T12:35:31+00:00\",\"dateModified\":\"2026-04-03T22:24:58+00:00\",\"breadcrumb\":{\"@id\":\"http:\/\/ruuby.ee\/en\/pood\/aksessuaarid\/kotid\/monk-anna-punutud-rannakott-akeru-urban-sunset\/#breadcrumb\"},\"inLanguage\":\"en-GB\",\"potentialAction\":[{\"@type\":\"ReadAction\",\"target\":[\"http:\/\/ruuby.ee\/en\/pood\/aksessuaarid\/kotid\/monk-anna-punutud-rannakott-akeru-urban-sunset\/\"]}]},{\"@type\":\"ImageObject\",\"inLanguage\":\"en-GB\",\"@id\":\"http:\/\/ruuby.ee\/en\/pood\/aksessuaarid\/kotid\/monk-anna-punutud-rannakott-akeru-urban-sunset\/#primaryimage\",\"url\":\"http:\/\/ruuby.ee\/wp-content\/uploads\/2024\/05\/Screenshot-2024-05-08-at-15.19.56.png\",\"contentUrl\":\"http:\/\/ruuby.ee\/wp-content\/uploads\/2024\/05\/Screenshot-2024-05-08-at-15.19.56.png\",\"width\":964,\"height\":974},{\"@type\":\"BreadcrumbList\",\"@id\":\"http:\/\/ruuby.ee\/en\/pood\/aksessuaarid\/kotid\/monk-anna-punutud-rannakott-akeru-urban-sunset\/#breadcrumb\",\"itemListElement\":[{\"@type\":\"ListItem\",\"position\":1,\"name\":\"Kdu\",\"item\":\"https:\/\/ruuby.ee\/en\/\"},{\"@type\":\"ListItem\",\"position\":2,\"name\":\"Pood\",\"item\":\"https:\/\/ruuby.ee\/pood\/\"},{\"@type\":\"ListItem\",\"position\":3,\"name\":\"Monk &amp; Anna punutud rannakott, Akeru URBAN SUNSET\"}]},{\"@type\":\"WebSite\",\"@id\":\"https:\/\/ruuby.ee\/en\/#website\",\"url\":\"https:\/\/ruuby.ee\/en\/\",\"name\":\"RUUBY\",\"description\":\"Ruubys on \u00fchendatud elustiil ja disain\",\"publisher\":{\"@id\":\"https:\/\/ruuby.ee\/en\/#organization\"},\"alternateName\":\"Ruuby Disain\",\"potentialAction\":[{\"@type\":\"SearchAction\",\"target\":{\"@type\":\"EntryPoint\",\"urlTemplate\":\"https:\/\/ruuby.ee\/en\/?s={search_term_string}\"},\"query-input\":{\"@type\":\"PropertyValueSpecification\",\"valueRequired\":true,\"valueName\":\"search_term_string\"}}],\"inLanguage\":\"en-GB\"},{\"@type\":\"Organization\",\"@id\":\"https:\/\/ruuby.ee\/en\/#organization\",\"name\":\"Ruuby Disain O\u00dc\",\"alternateName\":\"Ruuby\",\"url\":\"https:\/\/ruuby.ee\/en\/\",\"logo\":{\"@type\":\"ImageObject\",\"inLanguage\":\"en-GB\",\"@id\":\"https:\/\/ruuby.ee\/en\/#\/schema\/logo\/image\/\",\"url\":\"http:\/\/ruuby.ee\/wp-content\/uploads\/2023\/06\/cropped-Black-White-Elegant-Circle-Signature-Fashion-Logo-12_large.png\",\"contentUrl\":\"http:\/\/ruuby.ee\/wp-content\/uploads\/2023\/06\/cropped-Black-White-Elegant-Circle-Signature-Fashion-Logo-12_large.png\",\"width\":1280,\"height\":747,\"caption\":\"Ruuby Disain O\u00dc\"},\"image\":{\"@id\":\"https:\/\/ruuby.ee\/en\/#\/schema\/logo\/image\/\"},\"sameAs\":[\"https:\/\/www.facebook.com\/ruubyconcept\",\"https:\/\/www.instagram.com\/ruuby_concept\/\"]}]}<\/script>\n<!-- \/ Yoast SEO plugin. -->","yoast_head_json":{"title":"Monk &amp; Anna punutud rannakott, Akeru URBAN SUNSET - RUUBY","robots":{"index":"index","follow":"follow","max-snippet":"max-snippet:-1","max-image-preview":"max-image-preview:large","max-video-preview":"max-video-preview:-1"},"canonical":"http:\/\/ruuby.ee\/en\/pood\/aksessuaarid\/kotid\/monk-anna-punutud-rannakott-akeru-urban-sunset\/","og_locale":"en_GB","og_type":"article","og_title":"Monk &amp; Anna punutud rannakott, Akeru URBAN SUNSET - RUUBY","og_description":"See Akeru punutud kott on eriv\u00e4ljaanne. Valmistatud keerutatud j\u00f5upaberist; eriline viis selle koti kergeks ja tugevaks muutmiseks. Ideaalne suvekott randa v\u00f5i parki piknikule kaasa v\u00f5tmiseks. V\u00f5ta oma teele kaasa varbad liiva sees v\u00f5i jalutada m\u00f6\u00f6da linna selle pilkup\u00fc\u00fcdva suvekotiga. Koti m\u00f5\u00f5dud &#8211; 43 x 35 cm Sangad &#8211; 61 cm &nbsp; Kangekaelne plekk teie Monk [&hellip;]","og_url":"http:\/\/ruuby.ee\/en\/pood\/aksessuaarid\/kotid\/monk-anna-punutud-rannakott-akeru-urban-sunset\/","og_site_name":"RUUBY","article_publisher":"https:\/\/www.facebook.com\/ruubyconcept","article_modified_time":"2026-04-03T22:24:58+00:00","og_image":[{"width":964,"height":974,"url":"http:\/\/ruuby.ee\/wp-content\/uploads\/2024\/05\/Screenshot-2024-05-08-at-15.19.56.png","type":"image\/png"}],"twitter_card":"summary_large_image","twitter_misc":{"Estimated reading time":"2 minutes"},"schema":{"@context":"https:\/\/schema.org","@graph":[{"@type":["WebPage","ItemPage"],"@id":"http:\/\/ruuby.ee\/en\/pood\/aksessuaarid\/kotid\/monk-anna-punutud-rannakott-akeru-urban-sunset\/","url":"http:\/\/ruuby.ee\/en\/pood\/aksessuaarid\/kotid\/monk-anna-punutud-rannakott-akeru-urban-sunset\/","name":"Monk &amp; Anna punutud rannakott, Akeru URBAN SUNSET - RUUBY","isPartOf":{"@id":"https:\/\/ruuby.ee\/en\/#website"},"primaryImageOfPage":{"@id":"http:\/\/ruuby.ee\/en\/pood\/aksessuaarid\/kotid\/monk-anna-punutud-rannakott-akeru-urban-sunset\/#primaryimage"},"image":{"@id":"http:\/\/ruuby.ee\/en\/pood\/aksessuaarid\/kotid\/monk-anna-punutud-rannakott-akeru-urban-sunset\/#primaryimage"},"thumbnailUrl":"http:\/\/ruuby.ee\/wp-content\/uploads\/2024\/05\/Screenshot-2024-05-08-at-15.19.56.png","datePublished":"2024-05-08T12:35:31+00:00","dateModified":"2026-04-03T22:24:58+00:00","breadcrumb":{"@id":"http:\/\/ruuby.ee\/en\/pood\/aksessuaarid\/kotid\/monk-anna-punutud-rannakott-akeru-urban-sunset\/#breadcrumb"},"inLanguage":"en-GB","potentialAction":[{"@type":"ReadAction","target":["http:\/\/ruuby.ee\/en\/pood\/aksessuaarid\/kotid\/monk-anna-punutud-rannakott-akeru-urban-sunset\/"]}]},{"@type":"ImageObject","inLanguage":"en-GB","@id":"http:\/\/ruuby.ee\/en\/pood\/aksessuaarid\/kotid\/monk-anna-punutud-rannakott-akeru-urban-sunset\/#primaryimage","url":"http:\/\/ruuby.ee\/wp-content\/uploads\/2024\/05\/Screenshot-2024-05-08-at-15.19.56.png","contentUrl":"http:\/\/ruuby.ee\/wp-content\/uploads\/2024\/05\/Screenshot-2024-05-08-at-15.19.56.png","width":964,"height":974},{"@type":"BreadcrumbList","@id":"http:\/\/ruuby.ee\/en\/pood\/aksessuaarid\/kotid\/monk-anna-punutud-rannakott-akeru-urban-sunset\/#breadcrumb","itemListElement":[{"@type":"ListItem","position":1,"name":"Kdu","item":"https:\/\/ruuby.ee\/en\/"},{"@type":"ListItem","position":2,"name":"Pood","item":"https:\/\/ruuby.ee\/pood\/"},{"@type":"ListItem","position":3,"name":"Monk &amp; Anna punutud rannakott, Akeru URBAN SUNSET"}]},{"@type":"WebSite","@id":"https:\/\/ruuby.ee\/en\/#website","url":"https:\/\/ruuby.ee\/en\/","name":"RUUBY","description":"Ruubys on \u00fchendatud elustiil ja disain","publisher":{"@id":"https:\/\/ruuby.ee\/en\/#organization"},"alternateName":"Ruuby Disain","potentialAction":[{"@type":"SearchAction","target":{"@type":"EntryPoint","urlTemplate":"https:\/\/ruuby.ee\/en\/?s={search_term_string}"},"query-input":{"@type":"PropertyValueSpecification","valueRequired":true,"valueName":"search_term_string"}}],"inLanguage":"en-GB"},{"@type":"Organization","@id":"https:\/\/ruuby.ee\/en\/#organization","name":"Ruuby Disain O\u00dc","alternateName":"Ruuby","url":"https:\/\/ruuby.ee\/en\/","logo":{"@type":"ImageObject","inLanguage":"en-GB","@id":"https:\/\/ruuby.ee\/en\/#\/schema\/logo\/image\/","url":"http:\/\/ruuby.ee\/wp-content\/uploads\/2023\/06\/cropped-Black-White-Elegant-Circle-Signature-Fashion-Logo-12_large.png","contentUrl":"http:\/\/ruuby.ee\/wp-content\/uploads\/2023\/06\/cropped-Black-White-Elegant-Circle-Signature-Fashion-Logo-12_large.png","width":1280,"height":747,"caption":"Ruuby Disain O\u00dc"},"image":{"@id":"https:\/\/ruuby.ee\/en\/#\/schema\/logo\/image\/"},"sameAs":["https:\/\/www.facebook.com\/ruubyconcept","https:\/\/www.instagram.com\/ruuby_concept\/"]}]}},"jetpack_sharing_enabled":true,"_links":{"self":[{"href":"http:\/\/ruuby.ee\/en\/wp-json\/wp\/v2\/product\/1844796","targetHints":{"allow":["GET"]}}],"collection":[{"href":"http:\/\/ruuby.ee\/en\/wp-json\/wp\/v2\/product"}],"about":[{"href":"http:\/\/ruuby.ee\/en\/wp-json\/wp\/v2\/types\/product"}],"replies":[{"embeddable":true,"href":"http:\/\/ruuby.ee\/en\/wp-json\/wp\/v2\/comments?post=1844796"}],"wp:featuredmedia":[{"embeddable":true,"href":"http:\/\/ruuby.ee\/en\/wp-json\/wp\/v2\/media\/1844797"}],"wp:attachment":[{"href":"http:\/\/ruuby.ee\/en\/wp-json\/wp\/v2\/media?parent=1844796"}],"wp:term":[{"taxonomy":"product_brand","embeddable":true,"href":"http:\/\/ruuby.ee\/en\/wp-json\/wp\/v2\/product_brand?post=1844796"},{"taxonomy":"product_cat","embeddable":true,"href":"http:\/\/ruuby.ee\/en\/wp-json\/wp\/v2\/product_cat?post=1844796"},{"taxonomy":"product_tag","embeddable":true,"href":"http:\/\/ruuby.ee\/en\/wp-json\/wp\/v2\/product_tag?post=1844796"}],"curies":[{"name":"wp","href":"https:\/\/api.w.org\/{rel}","templated":true}]}}