{"id":1844756,"date":"2024-05-04T13:55:10","date_gmt":"2024-05-04T10:55:10","guid":{"rendered":"http:\/\/ruuby.ee\/?post_type=product&#038;p=1844756"},"modified":"2026-04-04T01:24:58","modified_gmt":"2026-04-03T22:24:58","slug":"luuv-pirni-kinkekomplekt-lastele","status":"publish","type":"product","link":"http:\/\/ruuby.ee\/en\/pood\/joulueri\/joulu-kinkekomplektid\/luuv-pirni-kinkekomplekt-lastele\/","title":{"rendered":"LUUV Laste lemmik pusapalsam ja vannivaht kinkekomplektis"},"content":{"rendered":"<p>Laste pusapalsam taltsuab ka k\u00f5ige t\u00f5rksamad pusad ja muudab laste juuksed tugevaks ja kaunilt l\u00e4ikivaks.<\/p>\n<ul>\n<li>Pusasprei on spetsiaalselt laste juustele v\u00e4lja t\u00f6\u00f6tatud ning loodud alistama k\u00f5ik pusad, s\u00f5lmed ja sasipuntrad. Palsam j\u00e4tab juuksed kergesti kammitavaks ja siidpehmeks ning selle mahlane pirniaroom on looduslik, allergeenivaba ja laste vaieldamatu lemmik.<\/li>\n<li>LUUV laste vannivaht pole mitte ainult sertifitseeritud \u00fcle maailma tunnustatud ECOCERT \/ COSMOS \u00f6kosertifikaadiga, vaid muudab ka iga vannisk\u00e4igu \u00fcheks toredaks vahuseks seikluseks. Rikkalik ja sametiselt pehme vaht, mis p\u00e4rineb hoolikalt valitud taimsetest pesuainetest, hellitab su pisikese \u00f5rna nahka ning ei p\u00f5hjusta \u00e4rritust ega kuivust. Vannivahu m\u00f5nusalt mahlane pirniaroom, mis on \u00fcdini looduslik ja allergeenivaba, loob aga veelgi imelisema vannielamuse.<\/li>\n<\/ul>\n<p>Tooted on valmistatud j\u00e4rgides head tootmistava ning on valmistatud Eestis. Toodetel on COSMOS ECOCERT sertifikaat, mis t\u00e4hendab, et mitmeid tootmise, koostisainete ja toodete aspekte kontrollib s\u00f5ltumatu p\u00e4dev asutus.<\/p>\n<p>J\u00e4tkusuutlikkus on LUUV-ile v\u00e4ga s\u00fcdamel\u00e4hedane teema ja teeme pidevat t\u00f6\u00f6d, et v\u00e4hendada enda jalaj\u00e4lge ja hoida loodust ja planeeti. Kasutame enda tuubitoodetes PCR (post-consumer recycled) plastikut ja mitmetel toodetel ka v\u00e4hendatud plastikumahuga pakendeid. Teeme koost\u00f6\u00f6d Tootjavastutusorganisatsiooniga, et meie pakendid j\u00f5uaksid \u00f5igetesse kogumiskonteineritesse ning neile saaks anda omakorda uue elu.<\/p>","protected":false},"excerpt":{"rendered":"<p>Kombosse kuuluvad <strong>Laste vannivaht ja pusasprei. <\/strong><\/p>\n<p>Laste pusapalsam taltsutab ka k\u00f5ige t\u00f5rksamad pusad ja muudab laste juuksed tugevaks ja kaunilt l\u00e4ikivaks.<\/p>\n<p>Vannivaht aga pakub toredat vannielamust- rikkalik ja sametiselt pehme vaht p\u00e4rineb hoolikalt valitud taimsetest pesuainetest ning ei p\u00f5hjusta \u00e4rritust ega kuivust.<\/p>\n<p>Luuvi lastesari on Ecocert\/Cosmos sertifikaadiga.<\/p>","protected":false},"featured_media":1857006,"comment_status":"open","ping_status":"closed","template":"","meta":[],"product_brand":[],"product_cat":[262,680,954,657,22],"product_tag":[700],"class_list":{"0":"post-1844756","1":"product","2":"type-product","3":"status-publish","4":"has-post-thumbnail","6":"product_cat-beebikaubad","7":"product_cat-hooldus","8":"product_cat-joulu-kinkekomplektid","9":"product_cat-kinkekomplektid","10":"product_cat-lapsed","11":"product_tag-luuv","13":"first","14":"instock","15":"taxable","16":"shipping-taxable","17":"purchasable","18":"product-type-simple"},"yoast_head":"<!-- This site is optimized with the Yoast SEO plugin v27.2 - https:\/\/yoast.com\/product\/yoast-seo-wordpress\/ -->\n<title>LUUV Laste lemmik pusapalsam ja vannivaht kinkekomplektis - RUUBY<\/title>\n<meta name=\"robots\" content=\"index, follow, max-snippet:-1, max-image-preview:large, max-video-preview:-1\" \/>\n<link rel=\"canonical\" href=\"https:\/\/ruuby.ee\/en\/pood\/joulueri\/joulu-kinkekomplektid\/luuv-pirni-kinkekomplekt-lastele\/\" \/>\n<meta property=\"og:locale\" content=\"en_GB\" \/>\n<meta property=\"og:type\" content=\"article\" \/>\n<meta property=\"og:title\" content=\"LUUV Laste lemmik pusapalsam ja vannivaht kinkekomplektis - RUUBY\" \/>\n<meta property=\"og:description\" content=\"Kombosse kuuluvad Laste vannivaht ja pusasprei.   Laste pusapalsam taltsutab ka k\u00f5ige t\u00f5rksamad pusad ja muudab laste juuksed tugevaks ja kaunilt l\u00e4ikivaks.  Vannivaht aga pakub toredat vannielamust- rikkalik ja sametiselt pehme vaht p\u00e4rineb hoolikalt valitud taimsetest pesuainetest ning ei p\u00f5hjusta \u00e4rritust ega kuivust.  Luuvi lastesari on Ecocert\/Cosmos sertifikaadiga.\" \/>\n<meta property=\"og:url\" content=\"https:\/\/ruuby.ee\/en\/pood\/joulueri\/joulu-kinkekomplektid\/luuv-pirni-kinkekomplekt-lastele\/\" \/>\n<meta property=\"og:site_name\" content=\"RUUBY\" \/>\n<meta property=\"article:publisher\" content=\"https:\/\/www.facebook.com\/ruubyconcept\" \/>\n<meta property=\"article:modified_time\" content=\"2026-04-03T22:24:58+00:00\" \/>\n<meta property=\"og:image\" content=\"https:\/\/ruuby.ee\/wp-content\/uploads\/2024\/05\/Screenshot-2025-10-27-at-11.24.34.png\" \/>\n\t<meta property=\"og:image:width\" content=\"840\" \/>\n\t<meta property=\"og:image:height\" content=\"1248\" \/>\n\t<meta property=\"og:image:type\" content=\"image\/png\" \/>\n<meta name=\"twitter:card\" content=\"summary_large_image\" \/>\n<meta name=\"twitter:label1\" content=\"Estimated reading time\" \/>\n\t<meta name=\"twitter:data1\" content=\"2 minutes\" \/>\n<script type=\"application\/ld+json\" class=\"yoast-schema-graph\">{\"@context\":\"https:\/\/schema.org\",\"@graph\":[{\"@type\":[\"WebPage\",\"ItemPage\"],\"@id\":\"https:\/\/ruuby.ee\/en\/pood\/joulueri\/joulu-kinkekomplektid\/luuv-pirni-kinkekomplekt-lastele\/\",\"url\":\"https:\/\/ruuby.ee\/en\/pood\/joulueri\/joulu-kinkekomplektid\/luuv-pirni-kinkekomplekt-lastele\/\",\"name\":\"LUUV Laste lemmik pusapalsam ja vannivaht kinkekomplektis - RUUBY\",\"isPartOf\":{\"@id\":\"https:\/\/ruuby.ee\/en\/#website\"},\"primaryImageOfPage\":{\"@id\":\"https:\/\/ruuby.ee\/en\/pood\/joulueri\/joulu-kinkekomplektid\/luuv-pirni-kinkekomplekt-lastele\/#primaryimage\"},\"image\":{\"@id\":\"https:\/\/ruuby.ee\/en\/pood\/joulueri\/joulu-kinkekomplektid\/luuv-pirni-kinkekomplekt-lastele\/#primaryimage\"},\"thumbnailUrl\":\"http:\/\/ruuby.ee\/wp-content\/uploads\/2024\/05\/Screenshot-2025-10-27-at-11.24.34.png\",\"datePublished\":\"2024-05-04T10:55:10+00:00\",\"dateModified\":\"2026-04-03T22:24:58+00:00\",\"breadcrumb\":{\"@id\":\"https:\/\/ruuby.ee\/en\/pood\/joulueri\/joulu-kinkekomplektid\/luuv-pirni-kinkekomplekt-lastele\/#breadcrumb\"},\"inLanguage\":\"en-GB\",\"potentialAction\":[{\"@type\":\"ReadAction\",\"target\":[\"https:\/\/ruuby.ee\/en\/pood\/joulueri\/joulu-kinkekomplektid\/luuv-pirni-kinkekomplekt-lastele\/\"]}]},{\"@type\":\"ImageObject\",\"inLanguage\":\"en-GB\",\"@id\":\"https:\/\/ruuby.ee\/en\/pood\/joulueri\/joulu-kinkekomplektid\/luuv-pirni-kinkekomplekt-lastele\/#primaryimage\",\"url\":\"http:\/\/ruuby.ee\/wp-content\/uploads\/2024\/05\/Screenshot-2025-10-27-at-11.24.34.png\",\"contentUrl\":\"http:\/\/ruuby.ee\/wp-content\/uploads\/2024\/05\/Screenshot-2025-10-27-at-11.24.34.png\",\"width\":840,\"height\":1248},{\"@type\":\"BreadcrumbList\",\"@id\":\"https:\/\/ruuby.ee\/en\/pood\/joulueri\/joulu-kinkekomplektid\/luuv-pirni-kinkekomplekt-lastele\/#breadcrumb\",\"itemListElement\":[{\"@type\":\"ListItem\",\"position\":1,\"name\":\"Kdu\",\"item\":\"https:\/\/ruuby.ee\/en\/\"},{\"@type\":\"ListItem\",\"position\":2,\"name\":\"Pood\",\"item\":\"https:\/\/ruuby.ee\/pood\/\"},{\"@type\":\"ListItem\",\"position\":3,\"name\":\"LUUV Laste lemmik pusapalsam ja vannivaht kinkekomplektis\"}]},{\"@type\":\"WebSite\",\"@id\":\"https:\/\/ruuby.ee\/en\/#website\",\"url\":\"https:\/\/ruuby.ee\/en\/\",\"name\":\"RUUBY\",\"description\":\"Ruubys on \u00fchendatud elustiil ja disain\",\"publisher\":{\"@id\":\"https:\/\/ruuby.ee\/en\/#organization\"},\"alternateName\":\"Ruuby Disain\",\"potentialAction\":[{\"@type\":\"SearchAction\",\"target\":{\"@type\":\"EntryPoint\",\"urlTemplate\":\"https:\/\/ruuby.ee\/en\/?s={search_term_string}\"},\"query-input\":{\"@type\":\"PropertyValueSpecification\",\"valueRequired\":true,\"valueName\":\"search_term_string\"}}],\"inLanguage\":\"en-GB\"},{\"@type\":\"Organization\",\"@id\":\"https:\/\/ruuby.ee\/en\/#organization\",\"name\":\"Ruuby Disain O\u00dc\",\"alternateName\":\"Ruuby\",\"url\":\"https:\/\/ruuby.ee\/en\/\",\"logo\":{\"@type\":\"ImageObject\",\"inLanguage\":\"en-GB\",\"@id\":\"https:\/\/ruuby.ee\/en\/#\/schema\/logo\/image\/\",\"url\":\"http:\/\/ruuby.ee\/wp-content\/uploads\/2023\/06\/cropped-Black-White-Elegant-Circle-Signature-Fashion-Logo-12_large.png\",\"contentUrl\":\"http:\/\/ruuby.ee\/wp-content\/uploads\/2023\/06\/cropped-Black-White-Elegant-Circle-Signature-Fashion-Logo-12_large.png\",\"width\":1280,\"height\":747,\"caption\":\"Ruuby Disain O\u00dc\"},\"image\":{\"@id\":\"https:\/\/ruuby.ee\/en\/#\/schema\/logo\/image\/\"},\"sameAs\":[\"https:\/\/www.facebook.com\/ruubyconcept\",\"https:\/\/www.instagram.com\/ruuby_concept\/\"]}]}<\/script>\n<!-- \/ Yoast SEO plugin. -->","yoast_head_json":{"title":"LUUV Laste lemmik pusapalsam ja vannivaht kinkekomplektis - RUUBY","robots":{"index":"index","follow":"follow","max-snippet":"max-snippet:-1","max-image-preview":"max-image-preview:large","max-video-preview":"max-video-preview:-1"},"canonical":"https:\/\/ruuby.ee\/en\/pood\/joulueri\/joulu-kinkekomplektid\/luuv-pirni-kinkekomplekt-lastele\/","og_locale":"en_GB","og_type":"article","og_title":"LUUV Laste lemmik pusapalsam ja vannivaht kinkekomplektis - RUUBY","og_description":"Kombosse kuuluvad Laste vannivaht ja pusasprei.   Laste pusapalsam taltsutab ka k\u00f5ige t\u00f5rksamad pusad ja muudab laste juuksed tugevaks ja kaunilt l\u00e4ikivaks.  Vannivaht aga pakub toredat vannielamust- rikkalik ja sametiselt pehme vaht p\u00e4rineb hoolikalt valitud taimsetest pesuainetest ning ei p\u00f5hjusta \u00e4rritust ega kuivust.  Luuvi lastesari on Ecocert\/Cosmos sertifikaadiga.","og_url":"https:\/\/ruuby.ee\/en\/pood\/joulueri\/joulu-kinkekomplektid\/luuv-pirni-kinkekomplekt-lastele\/","og_site_name":"RUUBY","article_publisher":"https:\/\/www.facebook.com\/ruubyconcept","article_modified_time":"2026-04-03T22:24:58+00:00","og_image":[{"width":840,"height":1248,"url":"https:\/\/ruuby.ee\/wp-content\/uploads\/2024\/05\/Screenshot-2025-10-27-at-11.24.34.png","type":"image\/png"}],"twitter_card":"summary_large_image","twitter_misc":{"Estimated reading time":"2 minutes"},"schema":{"@context":"https:\/\/schema.org","@graph":[{"@type":["WebPage","ItemPage"],"@id":"https:\/\/ruuby.ee\/en\/pood\/joulueri\/joulu-kinkekomplektid\/luuv-pirni-kinkekomplekt-lastele\/","url":"https:\/\/ruuby.ee\/en\/pood\/joulueri\/joulu-kinkekomplektid\/luuv-pirni-kinkekomplekt-lastele\/","name":"LUUV Laste lemmik pusapalsam ja vannivaht kinkekomplektis - RUUBY","isPartOf":{"@id":"https:\/\/ruuby.ee\/en\/#website"},"primaryImageOfPage":{"@id":"https:\/\/ruuby.ee\/en\/pood\/joulueri\/joulu-kinkekomplektid\/luuv-pirni-kinkekomplekt-lastele\/#primaryimage"},"image":{"@id":"https:\/\/ruuby.ee\/en\/pood\/joulueri\/joulu-kinkekomplektid\/luuv-pirni-kinkekomplekt-lastele\/#primaryimage"},"thumbnailUrl":"http:\/\/ruuby.ee\/wp-content\/uploads\/2024\/05\/Screenshot-2025-10-27-at-11.24.34.png","datePublished":"2024-05-04T10:55:10+00:00","dateModified":"2026-04-03T22:24:58+00:00","breadcrumb":{"@id":"https:\/\/ruuby.ee\/en\/pood\/joulueri\/joulu-kinkekomplektid\/luuv-pirni-kinkekomplekt-lastele\/#breadcrumb"},"inLanguage":"en-GB","potentialAction":[{"@type":"ReadAction","target":["https:\/\/ruuby.ee\/en\/pood\/joulueri\/joulu-kinkekomplektid\/luuv-pirni-kinkekomplekt-lastele\/"]}]},{"@type":"ImageObject","inLanguage":"en-GB","@id":"https:\/\/ruuby.ee\/en\/pood\/joulueri\/joulu-kinkekomplektid\/luuv-pirni-kinkekomplekt-lastele\/#primaryimage","url":"http:\/\/ruuby.ee\/wp-content\/uploads\/2024\/05\/Screenshot-2025-10-27-at-11.24.34.png","contentUrl":"http:\/\/ruuby.ee\/wp-content\/uploads\/2024\/05\/Screenshot-2025-10-27-at-11.24.34.png","width":840,"height":1248},{"@type":"BreadcrumbList","@id":"https:\/\/ruuby.ee\/en\/pood\/joulueri\/joulu-kinkekomplektid\/luuv-pirni-kinkekomplekt-lastele\/#breadcrumb","itemListElement":[{"@type":"ListItem","position":1,"name":"Kdu","item":"https:\/\/ruuby.ee\/en\/"},{"@type":"ListItem","position":2,"name":"Pood","item":"https:\/\/ruuby.ee\/pood\/"},{"@type":"ListItem","position":3,"name":"LUUV Laste lemmik pusapalsam ja vannivaht kinkekomplektis"}]},{"@type":"WebSite","@id":"https:\/\/ruuby.ee\/en\/#website","url":"https:\/\/ruuby.ee\/en\/","name":"RUUBY","description":"Ruubys on \u00fchendatud elustiil ja disain","publisher":{"@id":"https:\/\/ruuby.ee\/en\/#organization"},"alternateName":"Ruuby Disain","potentialAction":[{"@type":"SearchAction","target":{"@type":"EntryPoint","urlTemplate":"https:\/\/ruuby.ee\/en\/?s={search_term_string}"},"query-input":{"@type":"PropertyValueSpecification","valueRequired":true,"valueName":"search_term_string"}}],"inLanguage":"en-GB"},{"@type":"Organization","@id":"https:\/\/ruuby.ee\/en\/#organization","name":"Ruuby Disain O\u00dc","alternateName":"Ruuby","url":"https:\/\/ruuby.ee\/en\/","logo":{"@type":"ImageObject","inLanguage":"en-GB","@id":"https:\/\/ruuby.ee\/en\/#\/schema\/logo\/image\/","url":"http:\/\/ruuby.ee\/wp-content\/uploads\/2023\/06\/cropped-Black-White-Elegant-Circle-Signature-Fashion-Logo-12_large.png","contentUrl":"http:\/\/ruuby.ee\/wp-content\/uploads\/2023\/06\/cropped-Black-White-Elegant-Circle-Signature-Fashion-Logo-12_large.png","width":1280,"height":747,"caption":"Ruuby Disain O\u00dc"},"image":{"@id":"https:\/\/ruuby.ee\/en\/#\/schema\/logo\/image\/"},"sameAs":["https:\/\/www.facebook.com\/ruubyconcept","https:\/\/www.instagram.com\/ruuby_concept\/"]}]}},"jetpack_sharing_enabled":true,"_links":{"self":[{"href":"http:\/\/ruuby.ee\/en\/wp-json\/wp\/v2\/product\/1844756","targetHints":{"allow":["GET"]}}],"collection":[{"href":"http:\/\/ruuby.ee\/en\/wp-json\/wp\/v2\/product"}],"about":[{"href":"http:\/\/ruuby.ee\/en\/wp-json\/wp\/v2\/types\/product"}],"replies":[{"embeddable":true,"href":"http:\/\/ruuby.ee\/en\/wp-json\/wp\/v2\/comments?post=1844756"}],"wp:featuredmedia":[{"embeddable":true,"href":"http:\/\/ruuby.ee\/en\/wp-json\/wp\/v2\/media\/1857006"}],"wp:attachment":[{"href":"http:\/\/ruuby.ee\/en\/wp-json\/wp\/v2\/media?parent=1844756"}],"wp:term":[{"taxonomy":"product_brand","embeddable":true,"href":"http:\/\/ruuby.ee\/en\/wp-json\/wp\/v2\/product_brand?post=1844756"},{"taxonomy":"product_cat","embeddable":true,"href":"http:\/\/ruuby.ee\/en\/wp-json\/wp\/v2\/product_cat?post=1844756"},{"taxonomy":"product_tag","embeddable":true,"href":"http:\/\/ruuby.ee\/en\/wp-json\/wp\/v2\/product_tag?post=1844756"}],"curies":[{"name":"wp","href":"https:\/\/api.w.org\/{rel}","templated":true}]}}