{"id":1844742,"date":"2024-05-04T13:40:07","date_gmt":"2024-05-04T10:40:07","guid":{"rendered":"http:\/\/ruuby.ee\/?post_type=product&#038;p=1844742"},"modified":"2026-04-08T01:28:34","modified_gmt":"2026-04-07T22:28:34","slug":"luuv-isepruunistav-naoseerum-hualuroonhappega-20-ml","status":"publish","type":"product","link":"http:\/\/ruuby.ee\/en\/pood\/kosmeetika\/isepruunistad\/luuv-isepruunistav-naoseerum-hualuroonhappega-20-ml\/","title":{"rendered":"LUUV isepruunistav n\u00e4oseerum h\u00fcaluroonhappega, 20 ml"},"content":{"rendered":"<p>S\u00e4rava jume saavutamine pole kunagi olnud nii lihtne! LUUV isepruunistav n\u00e4oseerum toob esile Sinu loomuliku ilu, andes Sulle kauni ja tasakaalustatud jume, ilma kollakate alatoonideta. Seerumis sisalduv h\u00fcaluroonhape niisutab nahka s\u00fcgavuti. Skvalaan aitab aktiivainetel paremini imenduda ning suurendada naha niiskustaset veelgi. Seerumisse ei ole lisatud \u00fchtegi l\u00f5hanainet ning see on looduslik ja vegan kuni viimase koostisainena v\u00e4lja!<\/p>\n<p>Toode on ECOCERT\/COSMOS sertifitseeritud.<\/p>\n<p><strong>Auhinnad:<\/strong><br \/>\n2023 Global Makeup Awards \u2013 Best Fake Tan, pronksmedal<\/p>\n<p><strong>Kasutamine:<\/strong><\/p>\n<p>Esmalt puhasta oma n\u00e4gu, seej\u00e4rel kanna m\u00f5ned tilgad seerumit s\u00f5rmedele ning masseeri see \u00f5rnalt ja \u00fchtlaselt n\u00e4onahale. P\u00e4evituse intensiivsust saab reguleerida vastavalt soovile: kui soovid \u00f5rna s\u00e4ra, kanna nahale paar tilka v\u00f5i sega seerum oma p\u00e4evakreemi sisse. S\u00fcgava pronksja jume saavutamiseks lisa rohkem tilkasid.<\/p>\n<p>Sun-kissed jume s\u00e4ilitamiseks kasuta seerumit 1-2 korda n\u00e4dalas.<\/p>\n<p><strong>Toimeained:<\/strong><\/p>\n<p>H\u00fcaluroonhape (HA) on meie kehas loomulikult esinev aine, mis m\u00e4ngib olulist rolli naha nooruslikkuse ja elastsuse s\u00e4ilitamisel. HA on v\u00f5imeline vett siduma kuni 1000 korda rohkem oma kaalalust. LUUV\u2019i toodetes kasutame ainult k\u00f5rgekvaliteedilist taimset p\u00e4ritolu looduslikku HA-d, et tagada parim tulemus.<br \/>\nH\u00fcaluroonhape on:<\/p>\n<ul>\n<li><strong>Superniisutaja<\/strong>: \u00fcks h\u00fcaluroonhappe peamisi eeliseid on selle erakordne v\u00f5ime nahka niisutada.<\/li>\n<li><strong>Pinguldab nahka<\/strong>: vananedes kaotab nahk niiskust ja elastsust, mis tekitab kortsukesi ja naha l\u00f5tvumist. H\u00fcaluroonhape seob vett nahas, luues nn t\u00e4iteefekti.<\/li>\n<li><strong>Parandab naha kaitsefunktsiooni<\/strong>: oluline on kaitsta nahka keskkonnam\u00f5jude, UV-kiirguse ja niiskuse kadumise vastu. H\u00fcaluroonhape aitab tugevdada naha loomulikku barj\u00e4\u00e4ri.<\/li>\n<li><strong>Sobib k\u00f5igile nahat\u00fc\u00fcpidele<\/strong>: h\u00fcaluroonhape sobib k\u00f5ikidele nahat\u00fc\u00fcpidele, sealhulgas tundlikule ja aknelisele nahale. HA ei ummista poore, selle kergekaaluline ja mitte-rasvane koostis sobib nii kuiva kui ka rasuse naha hooldusesse.<\/li>\n<\/ul>\n<p><span data-sheets-root=\"1\" data-sheets-value=\"{&quot;1&quot;:2,&quot;2&quot;:&quot;Skvalaan saadud oliivi\u00f5list. V\u00e4ga niisutav, aitab tekitada naha kaitsebarj\u00e4\u00e4ri. H\u00e4sti omastatav, kannab edasi aktiivaineid. Tekitab v\u00e4ga pehme nahapinna, ei ole rasvane, v\u00e4ga hea laialikanduvus. T\u00f5estatud naha niiskustaseme t\u00f5stja nii l\u00fchi-kui pikaajaliselt.&quot;}\" data-sheets-userformat=\"{&quot;2&quot;:14716,&quot;5&quot;:{&quot;1&quot;:[{&quot;1&quot;:2,&quot;2&quot;:0,&quot;5&quot;:{&quot;1&quot;:2,&quot;2&quot;:0}},{&quot;1&quot;:0,&quot;2&quot;:0,&quot;3&quot;:3},{&quot;1&quot;:1,&quot;2&quot;:0,&quot;4&quot;:1}]},&quot;6&quot;:{&quot;1&quot;:[{&quot;1&quot;:2,&quot;2&quot;:0,&quot;5&quot;:{&quot;1&quot;:2,&quot;2&quot;:0}},{&quot;1&quot;:0,&quot;2&quot;:0,&quot;3&quot;:3},{&quot;1&quot;:1,&quot;2&quot;:0,&quot;4&quot;:1}]},&quot;7&quot;:{&quot;1&quot;:[{&quot;1&quot;:2,&quot;2&quot;:0,&quot;5&quot;:{&quot;1&quot;:2,&quot;2&quot;:0}},{&quot;1&quot;:0,&quot;2&quot;:0,&quot;3&quot;:3},{&quot;1&quot;:1,&quot;2&quot;:0,&quot;4&quot;:1}]},&quot;8&quot;:{&quot;1&quot;:[{&quot;1&quot;:2,&quot;2&quot;:0,&quot;5&quot;:{&quot;1&quot;:2,&quot;2&quot;:0}},{&quot;1&quot;:0,&quot;2&quot;:0,&quot;3&quot;:3},{&quot;1&quot;:1,&quot;2&quot;:0,&quot;4&quot;:1}]},&quot;9&quot;:0,&quot;11&quot;:4,&quot;14&quot;:{&quot;1&quot;:2,&quot;2&quot;:0},&quot;15&quot;:&quot;Inconsolata, monospace, arial, sans, sans-serif&quot;,&quot;16&quot;:11}\" data-sheets-formula=\"=VLOOKUP(R[0]C[-1],Tooraine!C[-1]:C[0],2,FALSE)\">Skvalaan on saadud oliivi\u00f5list. V\u00e4ga niisutav ja aitab tekitada naha kaitsebarj\u00e4\u00e4ri. H\u00e4sti omastatav, kannab edasi aktiivaineid. Tekitab v\u00e4ga pehme nahapinna, ei ole rasvane, v\u00e4ga hea laialikanduvus. T\u00f5estatud naha niiskustaseme t\u00f5stja nii l\u00fchi-kui pikaajaliselt.<\/span><\/p>\n<p><strong>Koostisosad:<\/strong><\/p>\n<p>INCI: Aqua, Propanediol, Dihydroxyacetone, Oryza Sativa (Rice) Starch, Squalane, Glycerin, Triethyl Citrate, Sodium Hyaluronate, Erythrulose, Xanthan Gum, Glyceryl Caprylate, Benzoic Acid<\/p>\n<p>Looduslikkuse protsent: <span data-sheets-root=\"1\" data-sheets-value=\"{&quot;1&quot;:3,&quot;3&quot;:0.99875}\" data-sheets-userformat=\"{&quot;2&quot;:17153,&quot;3&quot;:{&quot;1&quot;:3,&quot;2&quot;:&quot;0.000%&quot;,&quot;3&quot;:1},&quot;11&quot;:4,&quot;12&quot;:0,&quot;17&quot;:0}\">99.87%<\/span><br \/>\n100% vegan<\/p>\n<p>&nbsp;<\/p>\n<p>&nbsp;<\/p>\n<p>Toode on valmistatud Eestis ja toote valmimisel on j\u00e4rgitud head tootmistava. Tootel on COSMOS ECOCERT sertifikaat, mis t\u00e4hendab, et mitmeid tootmise, koostisainete ja toodete aspekte kontrollib s\u00f5ltumatu p\u00e4dev asutus.<\/p>\n<p>J\u00e4tkusuutlikkus on LUUV-ile v\u00e4ga s\u00fcdamel\u00e4hedane teema ja teeme pidevat t\u00f6\u00f6d, et v\u00e4hendada enda jalaj\u00e4lge ja hoida loodust ja planeeti. Kasutame enda tuubitoodetes PCR (post-consumer recycled) plastikut ja mitmetel toodetel ka v\u00e4hendatud plastikumahuga pakendeid. Teeme koost\u00f6\u00f6d Tootjavastutusorganisatsiooniga, et meie pakendid j\u00f5uaksid \u00f5igetesse kogumiskonteineritesse ning neile saaks anda omakorda uue elu.<\/p>\n","protected":false},"excerpt":{"rendered":"<ul>\n<li aria-level=\"1\">Saavuta loomulik \u00fchtlane p\u00e4evitus<\/li>\n<li>S\u00fcgavalt niisutava toimega<\/li>\n<li aria-level=\"1\">Ei sisalda l\u00f5hnaaineid<\/li>\n<li>ECOCERT\/COSMOS<\/li>\n<\/ul>","protected":false},"featured_media":1844743,"comment_status":"open","ping_status":"closed","template":"","meta":[],"product_brand":[],"product_cat":[689,25,691],"product_tag":[],"class_list":{"0":"post-1844742","1":"product","2":"type-product","3":"status-publish","4":"has-post-thumbnail","6":"product_cat-isepruunistad","7":"product_cat-kosmeetika","8":"product_cat-naohooldus","10":"first","11":"instock","12":"taxable","13":"shipping-taxable","14":"purchasable","15":"product-type-simple"},"yoast_head":"<!-- This site is optimized with the Yoast SEO plugin v27.3 - https:\/\/yoast.com\/product\/yoast-seo-wordpress\/ -->\n<title>LUUV isepruunistav n\u00e4oseerum h\u00fcaluroonhappega, 20 ml - RUUBY<\/title>\n<meta name=\"robots\" content=\"index, follow, max-snippet:-1, max-image-preview:large, max-video-preview:-1\" \/>\n<link rel=\"canonical\" href=\"https:\/\/ruuby.ee\/en\/pood\/kosmeetika\/isepruunistad\/luuv-isepruunistav-naoseerum-hualuroonhappega-20-ml\/\" \/>\n<meta property=\"og:locale\" content=\"en_GB\" \/>\n<meta property=\"og:type\" content=\"article\" \/>\n<meta property=\"og:title\" content=\"LUUV isepruunistav n\u00e4oseerum h\u00fcaluroonhappega, 20 ml - RUUBY\" \/>\n<meta property=\"og:description\" content=\"Saavuta loomulik \u00fchtlane p\u00e4evitus  S\u00fcgavalt niisutava toimega  Ei sisalda l\u00f5hnaaineid  ECOCERT\/COSMOS\" \/>\n<meta property=\"og:url\" content=\"https:\/\/ruuby.ee\/en\/pood\/kosmeetika\/isepruunistad\/luuv-isepruunistav-naoseerum-hualuroonhappega-20-ml\/\" \/>\n<meta property=\"og:site_name\" content=\"RUUBY\" \/>\n<meta property=\"article:publisher\" content=\"https:\/\/www.facebook.com\/ruubyconcept\" \/>\n<meta property=\"article:modified_time\" content=\"2026-04-07T22:28:34+00:00\" \/>\n<meta property=\"og:image\" content=\"https:\/\/ruuby.ee\/wp-content\/uploads\/2024\/05\/Screenshot-2024-05-04-at-13.34.43.png\" \/>\n\t<meta property=\"og:image:width\" content=\"1030\" \/>\n\t<meta property=\"og:image:height\" content=\"1126\" \/>\n\t<meta property=\"og:image:type\" content=\"image\/png\" \/>\n<meta name=\"twitter:card\" content=\"summary_large_image\" \/>\n<meta name=\"twitter:label1\" content=\"Estimated reading time\" \/>\n\t<meta name=\"twitter:data1\" content=\"3 minutes\" \/>\n<script type=\"application\/ld+json\" class=\"yoast-schema-graph\">{\"@context\":\"https:\\\/\\\/schema.org\",\"@graph\":[{\"@type\":[\"WebPage\",\"ItemPage\"],\"@id\":\"https:\\\/\\\/ruuby.ee\\\/pood\\\/kosmeetika\\\/isepruunistad\\\/luuv-isepruunistav-naoseerum-hualuroonhappega-20-ml\\\/\",\"url\":\"https:\\\/\\\/ruuby.ee\\\/pood\\\/kosmeetika\\\/isepruunistad\\\/luuv-isepruunistav-naoseerum-hualuroonhappega-20-ml\\\/\",\"name\":\"LUUV isepruunistav n\u00e4oseerum h\u00fcaluroonhappega, 20 ml - RUUBY\",\"isPartOf\":{\"@id\":\"http:\\\/\\\/ruuby.ee\\\/en\\\/#website\"},\"primaryImageOfPage\":{\"@id\":\"https:\\\/\\\/ruuby.ee\\\/pood\\\/kosmeetika\\\/isepruunistad\\\/luuv-isepruunistav-naoseerum-hualuroonhappega-20-ml\\\/#primaryimage\"},\"image\":{\"@id\":\"https:\\\/\\\/ruuby.ee\\\/pood\\\/kosmeetika\\\/isepruunistad\\\/luuv-isepruunistav-naoseerum-hualuroonhappega-20-ml\\\/#primaryimage\"},\"thumbnailUrl\":\"http:\\\/\\\/ruuby.ee\\\/wp-content\\\/uploads\\\/2024\\\/05\\\/Screenshot-2024-05-04-at-13.34.43.png\",\"datePublished\":\"2024-05-04T10:40:07+00:00\",\"dateModified\":\"2026-04-07T22:28:34+00:00\",\"breadcrumb\":{\"@id\":\"https:\\\/\\\/ruuby.ee\\\/pood\\\/kosmeetika\\\/isepruunistad\\\/luuv-isepruunistav-naoseerum-hualuroonhappega-20-ml\\\/#breadcrumb\"},\"inLanguage\":\"en-GB\",\"potentialAction\":[{\"@type\":\"ReadAction\",\"target\":[\"https:\\\/\\\/ruuby.ee\\\/pood\\\/kosmeetika\\\/isepruunistad\\\/luuv-isepruunistav-naoseerum-hualuroonhappega-20-ml\\\/\"]}]},{\"@type\":\"ImageObject\",\"inLanguage\":\"en-GB\",\"@id\":\"https:\\\/\\\/ruuby.ee\\\/pood\\\/kosmeetika\\\/isepruunistad\\\/luuv-isepruunistav-naoseerum-hualuroonhappega-20-ml\\\/#primaryimage\",\"url\":\"http:\\\/\\\/ruuby.ee\\\/wp-content\\\/uploads\\\/2024\\\/05\\\/Screenshot-2024-05-04-at-13.34.43.png\",\"contentUrl\":\"http:\\\/\\\/ruuby.ee\\\/wp-content\\\/uploads\\\/2024\\\/05\\\/Screenshot-2024-05-04-at-13.34.43.png\",\"width\":1030,\"height\":1126},{\"@type\":\"BreadcrumbList\",\"@id\":\"https:\\\/\\\/ruuby.ee\\\/pood\\\/kosmeetika\\\/isepruunistad\\\/luuv-isepruunistav-naoseerum-hualuroonhappega-20-ml\\\/#breadcrumb\",\"itemListElement\":[{\"@type\":\"ListItem\",\"position\":1,\"name\":\"Kdu\",\"item\":\"http:\\\/\\\/ruuby.ee\\\/en\\\/\"},{\"@type\":\"ListItem\",\"position\":2,\"name\":\"Pood\",\"item\":\"http:\\\/\\\/ruuby.ee\\\/en\\\/pood\\\/\"},{\"@type\":\"ListItem\",\"position\":3,\"name\":\"LUUV isepruunistav n\u00e4oseerum h\u00fcaluroonhappega, 20 ml\"}]},{\"@type\":\"WebSite\",\"@id\":\"http:\\\/\\\/ruuby.ee\\\/en\\\/#website\",\"url\":\"http:\\\/\\\/ruuby.ee\\\/en\\\/\",\"name\":\"RUUBY\",\"description\":\"Ruubys on \u00fchendatud elustiil ja disain\",\"publisher\":{\"@id\":\"http:\\\/\\\/ruuby.ee\\\/en\\\/#organization\"},\"alternateName\":\"Ruuby Disain\",\"potentialAction\":[{\"@type\":\"SearchAction\",\"target\":{\"@type\":\"EntryPoint\",\"urlTemplate\":\"http:\\\/\\\/ruuby.ee\\\/en\\\/?s={search_term_string}\"},\"query-input\":{\"@type\":\"PropertyValueSpecification\",\"valueRequired\":true,\"valueName\":\"search_term_string\"}}],\"inLanguage\":\"en-GB\"},{\"@type\":\"Organization\",\"@id\":\"http:\\\/\\\/ruuby.ee\\\/en\\\/#organization\",\"name\":\"Ruuby Disain O\u00dc\",\"alternateName\":\"Ruuby\",\"url\":\"http:\\\/\\\/ruuby.ee\\\/en\\\/\",\"logo\":{\"@type\":\"ImageObject\",\"inLanguage\":\"en-GB\",\"@id\":\"http:\\\/\\\/ruuby.ee\\\/en\\\/#\\\/schema\\\/logo\\\/image\\\/\",\"url\":\"http:\\\/\\\/ruuby.ee\\\/wp-content\\\/uploads\\\/2023\\\/06\\\/cropped-Black-White-Elegant-Circle-Signature-Fashion-Logo-12_large.png\",\"contentUrl\":\"http:\\\/\\\/ruuby.ee\\\/wp-content\\\/uploads\\\/2023\\\/06\\\/cropped-Black-White-Elegant-Circle-Signature-Fashion-Logo-12_large.png\",\"width\":1280,\"height\":747,\"caption\":\"Ruuby Disain O\u00dc\"},\"image\":{\"@id\":\"http:\\\/\\\/ruuby.ee\\\/en\\\/#\\\/schema\\\/logo\\\/image\\\/\"},\"sameAs\":[\"https:\\\/\\\/www.facebook.com\\\/ruubyconcept\",\"https:\\\/\\\/www.instagram.com\\\/ruuby_concept\\\/\"]}]}<\/script>\n<!-- \/ Yoast SEO plugin. -->","yoast_head_json":{"title":"LUUV isepruunistav n\u00e4oseerum h\u00fcaluroonhappega, 20 ml - RUUBY","robots":{"index":"index","follow":"follow","max-snippet":"max-snippet:-1","max-image-preview":"max-image-preview:large","max-video-preview":"max-video-preview:-1"},"canonical":"https:\/\/ruuby.ee\/en\/pood\/kosmeetika\/isepruunistad\/luuv-isepruunistav-naoseerum-hualuroonhappega-20-ml\/","og_locale":"en_GB","og_type":"article","og_title":"LUUV isepruunistav n\u00e4oseerum h\u00fcaluroonhappega, 20 ml - RUUBY","og_description":"Saavuta loomulik \u00fchtlane p\u00e4evitus  S\u00fcgavalt niisutava toimega  Ei sisalda l\u00f5hnaaineid  ECOCERT\/COSMOS","og_url":"https:\/\/ruuby.ee\/en\/pood\/kosmeetika\/isepruunistad\/luuv-isepruunistav-naoseerum-hualuroonhappega-20-ml\/","og_site_name":"RUUBY","article_publisher":"https:\/\/www.facebook.com\/ruubyconcept","article_modified_time":"2026-04-07T22:28:34+00:00","og_image":[{"width":1030,"height":1126,"url":"https:\/\/ruuby.ee\/wp-content\/uploads\/2024\/05\/Screenshot-2024-05-04-at-13.34.43.png","type":"image\/png"}],"twitter_card":"summary_large_image","twitter_misc":{"Estimated reading time":"3 minutes"},"schema":{"@context":"https:\/\/schema.org","@graph":[{"@type":["WebPage","ItemPage"],"@id":"https:\/\/ruuby.ee\/pood\/kosmeetika\/isepruunistad\/luuv-isepruunistav-naoseerum-hualuroonhappega-20-ml\/","url":"https:\/\/ruuby.ee\/pood\/kosmeetika\/isepruunistad\/luuv-isepruunistav-naoseerum-hualuroonhappega-20-ml\/","name":"LUUV isepruunistav n\u00e4oseerum h\u00fcaluroonhappega, 20 ml - RUUBY","isPartOf":{"@id":"http:\/\/ruuby.ee\/en\/#website"},"primaryImageOfPage":{"@id":"https:\/\/ruuby.ee\/pood\/kosmeetika\/isepruunistad\/luuv-isepruunistav-naoseerum-hualuroonhappega-20-ml\/#primaryimage"},"image":{"@id":"https:\/\/ruuby.ee\/pood\/kosmeetika\/isepruunistad\/luuv-isepruunistav-naoseerum-hualuroonhappega-20-ml\/#primaryimage"},"thumbnailUrl":"http:\/\/ruuby.ee\/wp-content\/uploads\/2024\/05\/Screenshot-2024-05-04-at-13.34.43.png","datePublished":"2024-05-04T10:40:07+00:00","dateModified":"2026-04-07T22:28:34+00:00","breadcrumb":{"@id":"https:\/\/ruuby.ee\/pood\/kosmeetika\/isepruunistad\/luuv-isepruunistav-naoseerum-hualuroonhappega-20-ml\/#breadcrumb"},"inLanguage":"en-GB","potentialAction":[{"@type":"ReadAction","target":["https:\/\/ruuby.ee\/pood\/kosmeetika\/isepruunistad\/luuv-isepruunistav-naoseerum-hualuroonhappega-20-ml\/"]}]},{"@type":"ImageObject","inLanguage":"en-GB","@id":"https:\/\/ruuby.ee\/pood\/kosmeetika\/isepruunistad\/luuv-isepruunistav-naoseerum-hualuroonhappega-20-ml\/#primaryimage","url":"http:\/\/ruuby.ee\/wp-content\/uploads\/2024\/05\/Screenshot-2024-05-04-at-13.34.43.png","contentUrl":"http:\/\/ruuby.ee\/wp-content\/uploads\/2024\/05\/Screenshot-2024-05-04-at-13.34.43.png","width":1030,"height":1126},{"@type":"BreadcrumbList","@id":"https:\/\/ruuby.ee\/pood\/kosmeetika\/isepruunistad\/luuv-isepruunistav-naoseerum-hualuroonhappega-20-ml\/#breadcrumb","itemListElement":[{"@type":"ListItem","position":1,"name":"Kdu","item":"http:\/\/ruuby.ee\/en\/"},{"@type":"ListItem","position":2,"name":"Pood","item":"http:\/\/ruuby.ee\/en\/pood\/"},{"@type":"ListItem","position":3,"name":"LUUV isepruunistav n\u00e4oseerum h\u00fcaluroonhappega, 20 ml"}]},{"@type":"WebSite","@id":"http:\/\/ruuby.ee\/en\/#website","url":"http:\/\/ruuby.ee\/en\/","name":"RUUBY","description":"Ruubys on \u00fchendatud elustiil ja disain","publisher":{"@id":"http:\/\/ruuby.ee\/en\/#organization"},"alternateName":"Ruuby Disain","potentialAction":[{"@type":"SearchAction","target":{"@type":"EntryPoint","urlTemplate":"http:\/\/ruuby.ee\/en\/?s={search_term_string}"},"query-input":{"@type":"PropertyValueSpecification","valueRequired":true,"valueName":"search_term_string"}}],"inLanguage":"en-GB"},{"@type":"Organization","@id":"http:\/\/ruuby.ee\/en\/#organization","name":"Ruuby Disain O\u00dc","alternateName":"Ruuby","url":"http:\/\/ruuby.ee\/en\/","logo":{"@type":"ImageObject","inLanguage":"en-GB","@id":"http:\/\/ruuby.ee\/en\/#\/schema\/logo\/image\/","url":"http:\/\/ruuby.ee\/wp-content\/uploads\/2023\/06\/cropped-Black-White-Elegant-Circle-Signature-Fashion-Logo-12_large.png","contentUrl":"http:\/\/ruuby.ee\/wp-content\/uploads\/2023\/06\/cropped-Black-White-Elegant-Circle-Signature-Fashion-Logo-12_large.png","width":1280,"height":747,"caption":"Ruuby Disain O\u00dc"},"image":{"@id":"http:\/\/ruuby.ee\/en\/#\/schema\/logo\/image\/"},"sameAs":["https:\/\/www.facebook.com\/ruubyconcept","https:\/\/www.instagram.com\/ruuby_concept\/"]}]}},"jetpack_sharing_enabled":true,"_links":{"self":[{"href":"http:\/\/ruuby.ee\/en\/wp-json\/wp\/v2\/product\/1844742","targetHints":{"allow":["GET"]}}],"collection":[{"href":"http:\/\/ruuby.ee\/en\/wp-json\/wp\/v2\/product"}],"about":[{"href":"http:\/\/ruuby.ee\/en\/wp-json\/wp\/v2\/types\/product"}],"replies":[{"embeddable":true,"href":"http:\/\/ruuby.ee\/en\/wp-json\/wp\/v2\/comments?post=1844742"}],"wp:featuredmedia":[{"embeddable":true,"href":"http:\/\/ruuby.ee\/en\/wp-json\/wp\/v2\/media\/1844743"}],"wp:attachment":[{"href":"http:\/\/ruuby.ee\/en\/wp-json\/wp\/v2\/media?parent=1844742"}],"wp:term":[{"taxonomy":"product_brand","embeddable":true,"href":"http:\/\/ruuby.ee\/en\/wp-json\/wp\/v2\/product_brand?post=1844742"},{"taxonomy":"product_cat","embeddable":true,"href":"http:\/\/ruuby.ee\/en\/wp-json\/wp\/v2\/product_cat?post=1844742"},{"taxonomy":"product_tag","embeddable":true,"href":"http:\/\/ruuby.ee\/en\/wp-json\/wp\/v2\/product_tag?post=1844742"}],"curies":[{"name":"wp","href":"https:\/\/api.w.org\/{rel}","templated":true}]}}