{"id":1844721,"date":"2024-05-04T10:54:11","date_gmt":"2024-05-04T07:54:11","guid":{"rendered":"http:\/\/ruuby.ee\/?post_type=product&#038;p=1844721"},"modified":"2026-04-08T01:28:34","modified_gmt":"2026-04-07T22:28:34","slug":"cooee-vaas-isla-linnen-suur","status":"publish","type":"product","link":"http:\/\/ruuby.ee\/en\/pood\/kodusisustus\/vaasid\/cooee-vaas-isla-linnen-suur\/","title":{"rendered":"COOEE &#8211; vaas, Isla Linnen, suur"},"content":{"rendered":"<p>Isla on unikaalse orgaanilise kujuga kaunis vaas, mis paneb m\u00f5tlema elule vee all.<\/p>\n<p>Kujundus on omane Soome kunstnikule Hanna Heinole, kes ammutab inspiratsiooni loodusest ja materjalidest, millega ta t\u00f6\u00f6tab. Soovi korral on Isla ideaalne v\u00e4ljapanek teie lemmiklilledele, kuid skulptuurne kuju t\u00f6\u00f6tab sama h\u00e4sti, kui selles pole midagi. Isla on saadaval musta ja linase v\u00e4rviga ning v\u00e4iksema ja suuremana. Hannal on t\u00fc\u00fcpiline saviga t\u00f6\u00f6tamise viis ja tema s\u00f5rmi on skulptuuri pinna korallilaadses struktuuris peaaegu tunda.<\/p>\n<p>Kaal: 1400g<\/p>\n<p>M\u00f5\u00f5dud: 15 \u00d7 22 \u00d7 32 cm<\/p>","protected":false},"excerpt":{"rendered":"<p>Isla on unikaalse orgaanilise kujuga kaunis vaas, mis paneb m\u00f5tlema elule vee all. Kujundus on omane Soome kunstnikule Hanna Heinole, kes ammutab inspiratsiooni loodusest ja materjalidest, millega ta t\u00f6\u00f6tab. Soovi korral on Isla ideaalne v\u00e4ljapanek teie lemmiklilledele, kuid skulptuurne kuju t\u00f6\u00f6tab sama h\u00e4sti, kui selles pole midagi. Isla on saadaval musta ja linase v\u00e4rviga ning [&hellip;]<\/p>\n","protected":false},"featured_media":1844725,"comment_status":"open","ping_status":"closed","template":"","meta":[],"product_brand":[],"product_cat":[62],"product_tag":[],"class_list":{"0":"post-1844721","1":"product","2":"type-product","3":"status-publish","4":"has-post-thumbnail","6":"product_cat-vaasid","8":"first","9":"instock","10":"taxable","11":"shipping-taxable","12":"purchasable","13":"product-type-simple"},"yoast_head":"<!-- This site is optimized with the Yoast SEO plugin v27.3 - https:\/\/yoast.com\/product\/yoast-seo-wordpress\/ -->\n<title>COOEE - vaas, Isla Linnen, suur - RUUBY<\/title>\n<meta name=\"robots\" content=\"index, follow, max-snippet:-1, max-image-preview:large, max-video-preview:-1\" \/>\n<link rel=\"canonical\" href=\"http:\/\/ruuby.ee\/en\/pood\/kodusisustus\/vaasid\/cooee-vaas-isla-linnen-suur\/\" \/>\n<meta property=\"og:locale\" content=\"en_GB\" \/>\n<meta property=\"og:type\" content=\"article\" \/>\n<meta property=\"og:title\" content=\"COOEE - vaas, Isla Linnen, suur - RUUBY\" \/>\n<meta property=\"og:description\" content=\"Isla on unikaalse orgaanilise kujuga kaunis vaas, mis paneb m\u00f5tlema elule vee all. Kujundus on omane Soome kunstnikule Hanna Heinole, kes ammutab inspiratsiooni loodusest ja materjalidest, millega ta t\u00f6\u00f6tab. Soovi korral on Isla ideaalne v\u00e4ljapanek teie lemmiklilledele, kuid skulptuurne kuju t\u00f6\u00f6tab sama h\u00e4sti, kui selles pole midagi. Isla on saadaval musta ja linase v\u00e4rviga ning [&hellip;]\" \/>\n<meta property=\"og:url\" content=\"http:\/\/ruuby.ee\/en\/pood\/kodusisustus\/vaasid\/cooee-vaas-isla-linnen-suur\/\" \/>\n<meta property=\"og:site_name\" content=\"RUUBY\" \/>\n<meta property=\"article:publisher\" content=\"https:\/\/www.facebook.com\/ruubyconcept\" \/>\n<meta property=\"article:modified_time\" content=\"2026-04-07T22:28:34+00:00\" \/>\n<meta property=\"og:image\" content=\"http:\/\/ruuby.ee\/wp-content\/uploads\/2024\/05\/Screenshot-2024-05-04-at-10.56.06.png\" \/>\n\t<meta property=\"og:image:width\" content=\"984\" \/>\n\t<meta property=\"og:image:height\" content=\"1358\" \/>\n\t<meta property=\"og:image:type\" content=\"image\/png\" \/>\n<meta name=\"twitter:card\" content=\"summary_large_image\" \/>\n<meta name=\"twitter:label1\" content=\"Estimated reading time\" \/>\n\t<meta name=\"twitter:data1\" content=\"1 minute\" \/>\n<script type=\"application\/ld+json\" class=\"yoast-schema-graph\">{\"@context\":\"https:\\\/\\\/schema.org\",\"@graph\":[{\"@type\":[\"WebPage\",\"ItemPage\"],\"@id\":\"http:\\\/\\\/ruuby.ee\\\/pood\\\/kodusisustus\\\/vaasid\\\/cooee-vaas-isla-linnen-suur\\\/\",\"url\":\"http:\\\/\\\/ruuby.ee\\\/pood\\\/kodusisustus\\\/vaasid\\\/cooee-vaas-isla-linnen-suur\\\/\",\"name\":\"COOEE - vaas, Isla Linnen, suur - RUUBY\",\"isPartOf\":{\"@id\":\"http:\\\/\\\/ruuby.ee\\\/en\\\/#website\"},\"primaryImageOfPage\":{\"@id\":\"http:\\\/\\\/ruuby.ee\\\/pood\\\/kodusisustus\\\/vaasid\\\/cooee-vaas-isla-linnen-suur\\\/#primaryimage\"},\"image\":{\"@id\":\"http:\\\/\\\/ruuby.ee\\\/pood\\\/kodusisustus\\\/vaasid\\\/cooee-vaas-isla-linnen-suur\\\/#primaryimage\"},\"thumbnailUrl\":\"http:\\\/\\\/ruuby.ee\\\/wp-content\\\/uploads\\\/2024\\\/05\\\/Screenshot-2024-05-04-at-10.56.06.png\",\"datePublished\":\"2024-05-04T07:54:11+00:00\",\"dateModified\":\"2026-04-07T22:28:34+00:00\",\"breadcrumb\":{\"@id\":\"http:\\\/\\\/ruuby.ee\\\/pood\\\/kodusisustus\\\/vaasid\\\/cooee-vaas-isla-linnen-suur\\\/#breadcrumb\"},\"inLanguage\":\"en-GB\",\"potentialAction\":[{\"@type\":\"ReadAction\",\"target\":[\"http:\\\/\\\/ruuby.ee\\\/pood\\\/kodusisustus\\\/vaasid\\\/cooee-vaas-isla-linnen-suur\\\/\"]}]},{\"@type\":\"ImageObject\",\"inLanguage\":\"en-GB\",\"@id\":\"http:\\\/\\\/ruuby.ee\\\/pood\\\/kodusisustus\\\/vaasid\\\/cooee-vaas-isla-linnen-suur\\\/#primaryimage\",\"url\":\"http:\\\/\\\/ruuby.ee\\\/wp-content\\\/uploads\\\/2024\\\/05\\\/Screenshot-2024-05-04-at-10.56.06.png\",\"contentUrl\":\"http:\\\/\\\/ruuby.ee\\\/wp-content\\\/uploads\\\/2024\\\/05\\\/Screenshot-2024-05-04-at-10.56.06.png\",\"width\":984,\"height\":1358},{\"@type\":\"BreadcrumbList\",\"@id\":\"http:\\\/\\\/ruuby.ee\\\/pood\\\/kodusisustus\\\/vaasid\\\/cooee-vaas-isla-linnen-suur\\\/#breadcrumb\",\"itemListElement\":[{\"@type\":\"ListItem\",\"position\":1,\"name\":\"Kdu\",\"item\":\"http:\\\/\\\/ruuby.ee\\\/en\\\/\"},{\"@type\":\"ListItem\",\"position\":2,\"name\":\"Pood\",\"item\":\"http:\\\/\\\/ruuby.ee\\\/en\\\/pood\\\/\"},{\"@type\":\"ListItem\",\"position\":3,\"name\":\"COOEE &#8211; vaas, Isla Linnen, suur\"}]},{\"@type\":\"WebSite\",\"@id\":\"http:\\\/\\\/ruuby.ee\\\/en\\\/#website\",\"url\":\"http:\\\/\\\/ruuby.ee\\\/en\\\/\",\"name\":\"RUUBY\",\"description\":\"Ruubys on \u00fchendatud elustiil ja disain\",\"publisher\":{\"@id\":\"http:\\\/\\\/ruuby.ee\\\/en\\\/#organization\"},\"alternateName\":\"Ruuby Disain\",\"potentialAction\":[{\"@type\":\"SearchAction\",\"target\":{\"@type\":\"EntryPoint\",\"urlTemplate\":\"http:\\\/\\\/ruuby.ee\\\/en\\\/?s={search_term_string}\"},\"query-input\":{\"@type\":\"PropertyValueSpecification\",\"valueRequired\":true,\"valueName\":\"search_term_string\"}}],\"inLanguage\":\"en-GB\"},{\"@type\":\"Organization\",\"@id\":\"http:\\\/\\\/ruuby.ee\\\/en\\\/#organization\",\"name\":\"Ruuby Disain O\u00dc\",\"alternateName\":\"Ruuby\",\"url\":\"http:\\\/\\\/ruuby.ee\\\/en\\\/\",\"logo\":{\"@type\":\"ImageObject\",\"inLanguage\":\"en-GB\",\"@id\":\"http:\\\/\\\/ruuby.ee\\\/en\\\/#\\\/schema\\\/logo\\\/image\\\/\",\"url\":\"http:\\\/\\\/ruuby.ee\\\/wp-content\\\/uploads\\\/2023\\\/06\\\/cropped-Black-White-Elegant-Circle-Signature-Fashion-Logo-12_large.png\",\"contentUrl\":\"http:\\\/\\\/ruuby.ee\\\/wp-content\\\/uploads\\\/2023\\\/06\\\/cropped-Black-White-Elegant-Circle-Signature-Fashion-Logo-12_large.png\",\"width\":1280,\"height\":747,\"caption\":\"Ruuby Disain O\u00dc\"},\"image\":{\"@id\":\"http:\\\/\\\/ruuby.ee\\\/en\\\/#\\\/schema\\\/logo\\\/image\\\/\"},\"sameAs\":[\"https:\\\/\\\/www.facebook.com\\\/ruubyconcept\",\"https:\\\/\\\/www.instagram.com\\\/ruuby_concept\\\/\"]}]}<\/script>\n<!-- \/ Yoast SEO plugin. -->","yoast_head_json":{"title":"COOEE - vaas, Isla Linnen, suur - RUUBY","robots":{"index":"index","follow":"follow","max-snippet":"max-snippet:-1","max-image-preview":"max-image-preview:large","max-video-preview":"max-video-preview:-1"},"canonical":"http:\/\/ruuby.ee\/en\/pood\/kodusisustus\/vaasid\/cooee-vaas-isla-linnen-suur\/","og_locale":"en_GB","og_type":"article","og_title":"COOEE - vaas, Isla Linnen, suur - RUUBY","og_description":"Isla on unikaalse orgaanilise kujuga kaunis vaas, mis paneb m\u00f5tlema elule vee all. Kujundus on omane Soome kunstnikule Hanna Heinole, kes ammutab inspiratsiooni loodusest ja materjalidest, millega ta t\u00f6\u00f6tab. Soovi korral on Isla ideaalne v\u00e4ljapanek teie lemmiklilledele, kuid skulptuurne kuju t\u00f6\u00f6tab sama h\u00e4sti, kui selles pole midagi. Isla on saadaval musta ja linase v\u00e4rviga ning [&hellip;]","og_url":"http:\/\/ruuby.ee\/en\/pood\/kodusisustus\/vaasid\/cooee-vaas-isla-linnen-suur\/","og_site_name":"RUUBY","article_publisher":"https:\/\/www.facebook.com\/ruubyconcept","article_modified_time":"2026-04-07T22:28:34+00:00","og_image":[{"width":984,"height":1358,"url":"http:\/\/ruuby.ee\/wp-content\/uploads\/2024\/05\/Screenshot-2024-05-04-at-10.56.06.png","type":"image\/png"}],"twitter_card":"summary_large_image","twitter_misc":{"Estimated reading time":"1 minute"},"schema":{"@context":"https:\/\/schema.org","@graph":[{"@type":["WebPage","ItemPage"],"@id":"http:\/\/ruuby.ee\/pood\/kodusisustus\/vaasid\/cooee-vaas-isla-linnen-suur\/","url":"http:\/\/ruuby.ee\/pood\/kodusisustus\/vaasid\/cooee-vaas-isla-linnen-suur\/","name":"COOEE - vaas, Isla Linnen, suur - RUUBY","isPartOf":{"@id":"http:\/\/ruuby.ee\/en\/#website"},"primaryImageOfPage":{"@id":"http:\/\/ruuby.ee\/pood\/kodusisustus\/vaasid\/cooee-vaas-isla-linnen-suur\/#primaryimage"},"image":{"@id":"http:\/\/ruuby.ee\/pood\/kodusisustus\/vaasid\/cooee-vaas-isla-linnen-suur\/#primaryimage"},"thumbnailUrl":"http:\/\/ruuby.ee\/wp-content\/uploads\/2024\/05\/Screenshot-2024-05-04-at-10.56.06.png","datePublished":"2024-05-04T07:54:11+00:00","dateModified":"2026-04-07T22:28:34+00:00","breadcrumb":{"@id":"http:\/\/ruuby.ee\/pood\/kodusisustus\/vaasid\/cooee-vaas-isla-linnen-suur\/#breadcrumb"},"inLanguage":"en-GB","potentialAction":[{"@type":"ReadAction","target":["http:\/\/ruuby.ee\/pood\/kodusisustus\/vaasid\/cooee-vaas-isla-linnen-suur\/"]}]},{"@type":"ImageObject","inLanguage":"en-GB","@id":"http:\/\/ruuby.ee\/pood\/kodusisustus\/vaasid\/cooee-vaas-isla-linnen-suur\/#primaryimage","url":"http:\/\/ruuby.ee\/wp-content\/uploads\/2024\/05\/Screenshot-2024-05-04-at-10.56.06.png","contentUrl":"http:\/\/ruuby.ee\/wp-content\/uploads\/2024\/05\/Screenshot-2024-05-04-at-10.56.06.png","width":984,"height":1358},{"@type":"BreadcrumbList","@id":"http:\/\/ruuby.ee\/pood\/kodusisustus\/vaasid\/cooee-vaas-isla-linnen-suur\/#breadcrumb","itemListElement":[{"@type":"ListItem","position":1,"name":"Kdu","item":"http:\/\/ruuby.ee\/en\/"},{"@type":"ListItem","position":2,"name":"Pood","item":"http:\/\/ruuby.ee\/en\/pood\/"},{"@type":"ListItem","position":3,"name":"COOEE &#8211; vaas, Isla Linnen, suur"}]},{"@type":"WebSite","@id":"http:\/\/ruuby.ee\/en\/#website","url":"http:\/\/ruuby.ee\/en\/","name":"RUUBY","description":"Ruubys on \u00fchendatud elustiil ja disain","publisher":{"@id":"http:\/\/ruuby.ee\/en\/#organization"},"alternateName":"Ruuby Disain","potentialAction":[{"@type":"SearchAction","target":{"@type":"EntryPoint","urlTemplate":"http:\/\/ruuby.ee\/en\/?s={search_term_string}"},"query-input":{"@type":"PropertyValueSpecification","valueRequired":true,"valueName":"search_term_string"}}],"inLanguage":"en-GB"},{"@type":"Organization","@id":"http:\/\/ruuby.ee\/en\/#organization","name":"Ruuby Disain O\u00dc","alternateName":"Ruuby","url":"http:\/\/ruuby.ee\/en\/","logo":{"@type":"ImageObject","inLanguage":"en-GB","@id":"http:\/\/ruuby.ee\/en\/#\/schema\/logo\/image\/","url":"http:\/\/ruuby.ee\/wp-content\/uploads\/2023\/06\/cropped-Black-White-Elegant-Circle-Signature-Fashion-Logo-12_large.png","contentUrl":"http:\/\/ruuby.ee\/wp-content\/uploads\/2023\/06\/cropped-Black-White-Elegant-Circle-Signature-Fashion-Logo-12_large.png","width":1280,"height":747,"caption":"Ruuby Disain O\u00dc"},"image":{"@id":"http:\/\/ruuby.ee\/en\/#\/schema\/logo\/image\/"},"sameAs":["https:\/\/www.facebook.com\/ruubyconcept","https:\/\/www.instagram.com\/ruuby_concept\/"]}]}},"jetpack_sharing_enabled":true,"_links":{"self":[{"href":"http:\/\/ruuby.ee\/en\/wp-json\/wp\/v2\/product\/1844721","targetHints":{"allow":["GET"]}}],"collection":[{"href":"http:\/\/ruuby.ee\/en\/wp-json\/wp\/v2\/product"}],"about":[{"href":"http:\/\/ruuby.ee\/en\/wp-json\/wp\/v2\/types\/product"}],"replies":[{"embeddable":true,"href":"http:\/\/ruuby.ee\/en\/wp-json\/wp\/v2\/comments?post=1844721"}],"wp:featuredmedia":[{"embeddable":true,"href":"http:\/\/ruuby.ee\/en\/wp-json\/wp\/v2\/media\/1844725"}],"wp:attachment":[{"href":"http:\/\/ruuby.ee\/en\/wp-json\/wp\/v2\/media?parent=1844721"}],"wp:term":[{"taxonomy":"product_brand","embeddable":true,"href":"http:\/\/ruuby.ee\/en\/wp-json\/wp\/v2\/product_brand?post=1844721"},{"taxonomy":"product_cat","embeddable":true,"href":"http:\/\/ruuby.ee\/en\/wp-json\/wp\/v2\/product_cat?post=1844721"},{"taxonomy":"product_tag","embeddable":true,"href":"http:\/\/ruuby.ee\/en\/wp-json\/wp\/v2\/product_tag?post=1844721"}],"curies":[{"name":"wp","href":"https:\/\/api.w.org\/{rel}","templated":true}]}}