{"id":1844672,"date":"2024-04-30T14:03:09","date_gmt":"2024-04-30T11:03:09","guid":{"rendered":"http:\/\/ruuby.ee\/?post_type=product&#038;p=1844672"},"modified":"2026-04-08T01:28:34","modified_gmt":"2026-04-07T22:28:34","slug":"ciao-naturaalne-deodorant","status":"publish","type":"product","link":"http:\/\/ruuby.ee\/en\/pood\/kosmeetika\/deodorandid\/ciao-naturaalne-deodorant\/","title":{"rendered":"CIAO naturaalne deodorant"},"content":{"rendered":"<p>Naturaalne deodorant, mis on hea sinu kehale ja \u00f5rn keskkonnale. Valmistatud puhastest koostisosadest, pakub efektiivset kaitset, soodustades samal ajal keha naturaalset tasakaalu. Hoolitse oma keha eest naturaalsel viisil ning tunne end v\u00e4rskelt ja enesekindlalt negatiivsete k\u00f5rvalm\u00f5judeta.<\/p>\n<p>1 purk kestab 2-3 kuud.<\/p>\n<p><strong>Kirjeldus:<\/strong><\/p>\n<p>CIAO kreemdeodorant on valmistatud k\u00f5ige puhtamatest looduslikest koostisosadest, et tagada Sulle v\u00e4rskus kogu p\u00e4evaks. Deodorandi koostisesse lisatud sooda ja magneesiumh\u00fcdroksiid neutraliseerivad ebameeldiva l\u00f5hna ning maisit\u00e4rklis ja nooljuurejahu imavad liigse niiskuse. Looduslikud \u00f5lid ja vahad tagavad, et nahk oleks niisutatud.<\/p>\n<p>Deodoranti ei ole lisatud kunstlikke v\u00e4rv- ega l\u00f5hnaaineid ning on alumiiniumi- ja parabeenivaba.<\/p>\n<p><strong>Koostisained:<\/strong> Zea Mays (Corn) Starch, Sodium Bicarbonate, Butyrospermum Parkii (Shea) Butter, Magnesium Hydroxide<br \/>\nHelianthus Annuus (Sunflower) Seed Oil, Coco-Caprylate\/Caprate, Capric \/ Caprylic Triglyceride, Glycerin, Simmondsia, Chinensis (Jojoba) Seed Oil, Cocos Nucifera (Coconut) Oil, Maranta Arundinacea Root Powder, Olea Europaea (Olive) Fruit Oil, Triethyl citrate, Zinc Ricinoleate, Helianthus Annuus Seed Cera, Ascorbyl Palmitate, Tocopherol, Bisabolol, Glyceryl Caprylate, Stearyl Alcohol, Cymbopogon Flexuosus Oil, Rosmarinus Officinalis (Rosemary) Leaf Oil, Citral, Limonene, Geraniol<\/p>\n<p><strong>Kuidas kasutada: <\/strong><\/p>\n<p>Kanna sobiv kogus deodoranti puhtale nahale kaenla alla ning m\u00e4\u00e4ri kreem \u00f5rnalt \u00fchtlase kihina naha sisse.<\/p>\n<p>T\u00e4htsama s\u00fcndmuse v\u00f5i aktiivse p\u00e4eva korral v\u00f5ib toodet peale m\u00e4\u00e4rida suuremas koguses. Nii on selle toime veelgi kindlam.<\/p>\n<p>Deodorandis sisalduvad eeterlikud \u00f5lid v\u00f5ivad p\u00f5hjustada kerget \u00f5hetustunnet.<\/p>\n<p>NB! Mitte kasuta deodoranti vahetult p\u00e4rast raseerimist.<br \/>\nToode v\u00f5ib tumedatele riietele j\u00e4tta j\u00e4lgi.<\/p>","protected":false},"excerpt":{"rendered":"<p>Naturaalne deodorant, mis on hea sinu kehale ja \u00f5rn keskkonnale. Valmistatud puhastest koostisosadest, pakub efektiivset kaitset, soodustades samal ajal keha naturaalset tasakaalu. Hoolitse oma keha eest naturaalsel viisil ning tunne end v\u00e4rskelt ja enesekindlalt negatiivsete k\u00f5rvalm\u00f5judeta. 1 purk kestab 2-3 kuud. Kirjeldus: CIAO kreemdeodorant on valmistatud k\u00f5ige puhtamatest looduslikest koostisosadest, et tagada Sulle v\u00e4rskus kogu [&hellip;]<\/p>\n","protected":false},"featured_media":1844675,"comment_status":"open","ping_status":"closed","template":"","meta":[],"product_brand":[],"product_cat":[686,25],"product_tag":[],"class_list":{"0":"post-1844672","1":"product","2":"type-product","3":"status-publish","4":"has-post-thumbnail","6":"product_cat-deodorandid","7":"product_cat-kosmeetika","9":"first","10":"outofstock","11":"taxable","12":"shipping-taxable","13":"purchasable","14":"product-type-simple"},"yoast_head":"<!-- This site is optimized with the Yoast SEO plugin v27.3 - https:\/\/yoast.com\/product\/yoast-seo-wordpress\/ -->\n<title>CIAO naturaalne deodorant - RUUBY<\/title>\n<meta name=\"robots\" content=\"index, follow, max-snippet:-1, max-image-preview:large, max-video-preview:-1\" \/>\n<link rel=\"canonical\" href=\"http:\/\/ruuby.ee\/en\/pood\/kosmeetika\/deodorandid\/ciao-naturaalne-deodorant\/\" \/>\n<meta property=\"og:locale\" content=\"en_GB\" \/>\n<meta property=\"og:type\" content=\"article\" \/>\n<meta property=\"og:title\" content=\"CIAO naturaalne deodorant - RUUBY\" \/>\n<meta property=\"og:description\" content=\"Naturaalne deodorant, mis on hea sinu kehale ja \u00f5rn keskkonnale. Valmistatud puhastest koostisosadest, pakub efektiivset kaitset, soodustades samal ajal keha naturaalset tasakaalu. Hoolitse oma keha eest naturaalsel viisil ning tunne end v\u00e4rskelt ja enesekindlalt negatiivsete k\u00f5rvalm\u00f5judeta. 1 purk kestab 2-3 kuud. Kirjeldus: CIAO kreemdeodorant on valmistatud k\u00f5ige puhtamatest looduslikest koostisosadest, et tagada Sulle v\u00e4rskus kogu [&hellip;]\" \/>\n<meta property=\"og:url\" content=\"http:\/\/ruuby.ee\/en\/pood\/kosmeetika\/deodorandid\/ciao-naturaalne-deodorant\/\" \/>\n<meta property=\"og:site_name\" content=\"RUUBY\" \/>\n<meta property=\"article:publisher\" content=\"https:\/\/www.facebook.com\/ruubyconcept\" \/>\n<meta property=\"article:modified_time\" content=\"2026-04-07T22:28:34+00:00\" \/>\n<meta property=\"og:image\" content=\"http:\/\/ruuby.ee\/wp-content\/uploads\/2024\/04\/Screenshot-2024-04-30-at-14.01.35.png\" \/>\n\t<meta property=\"og:image:width\" content=\"800\" \/>\n\t<meta property=\"og:image:height\" content=\"1086\" \/>\n\t<meta property=\"og:image:type\" content=\"image\/png\" \/>\n<meta name=\"twitter:card\" content=\"summary_large_image\" \/>\n<meta name=\"twitter:label1\" content=\"Estimated reading time\" \/>\n\t<meta name=\"twitter:data1\" content=\"2 minutes\" \/>\n<script type=\"application\/ld+json\" class=\"yoast-schema-graph\">{\"@context\":\"https:\\\/\\\/schema.org\",\"@graph\":[{\"@type\":[\"WebPage\",\"ItemPage\"],\"@id\":\"http:\\\/\\\/ruuby.ee\\\/en\\\/pood\\\/kosmeetika\\\/deodorandid\\\/ciao-naturaalne-deodorant\\\/\",\"url\":\"http:\\\/\\\/ruuby.ee\\\/en\\\/pood\\\/kosmeetika\\\/deodorandid\\\/ciao-naturaalne-deodorant\\\/\",\"name\":\"CIAO naturaalne deodorant - RUUBY\",\"isPartOf\":{\"@id\":\"http:\\\/\\\/ruuby.ee\\\/#website\"},\"primaryImageOfPage\":{\"@id\":\"http:\\\/\\\/ruuby.ee\\\/en\\\/pood\\\/kosmeetika\\\/deodorandid\\\/ciao-naturaalne-deodorant\\\/#primaryimage\"},\"image\":{\"@id\":\"http:\\\/\\\/ruuby.ee\\\/en\\\/pood\\\/kosmeetika\\\/deodorandid\\\/ciao-naturaalne-deodorant\\\/#primaryimage\"},\"thumbnailUrl\":\"http:\\\/\\\/ruuby.ee\\\/wp-content\\\/uploads\\\/2024\\\/04\\\/Screenshot-2024-04-30-at-14.01.35.png\",\"datePublished\":\"2024-04-30T11:03:09+00:00\",\"dateModified\":\"2026-04-07T22:28:34+00:00\",\"breadcrumb\":{\"@id\":\"http:\\\/\\\/ruuby.ee\\\/en\\\/pood\\\/kosmeetika\\\/deodorandid\\\/ciao-naturaalne-deodorant\\\/#breadcrumb\"},\"inLanguage\":\"en-GB\",\"potentialAction\":[{\"@type\":\"ReadAction\",\"target\":[\"http:\\\/\\\/ruuby.ee\\\/en\\\/pood\\\/kosmeetika\\\/deodorandid\\\/ciao-naturaalne-deodorant\\\/\"]}]},{\"@type\":\"ImageObject\",\"inLanguage\":\"en-GB\",\"@id\":\"http:\\\/\\\/ruuby.ee\\\/en\\\/pood\\\/kosmeetika\\\/deodorandid\\\/ciao-naturaalne-deodorant\\\/#primaryimage\",\"url\":\"http:\\\/\\\/ruuby.ee\\\/wp-content\\\/uploads\\\/2024\\\/04\\\/Screenshot-2024-04-30-at-14.01.35.png\",\"contentUrl\":\"http:\\\/\\\/ruuby.ee\\\/wp-content\\\/uploads\\\/2024\\\/04\\\/Screenshot-2024-04-30-at-14.01.35.png\",\"width\":800,\"height\":1086},{\"@type\":\"BreadcrumbList\",\"@id\":\"http:\\\/\\\/ruuby.ee\\\/en\\\/pood\\\/kosmeetika\\\/deodorandid\\\/ciao-naturaalne-deodorant\\\/#breadcrumb\",\"itemListElement\":[{\"@type\":\"ListItem\",\"position\":1,\"name\":\"Kdu\",\"item\":\"http:\\\/\\\/ruuby.ee\\\/\"},{\"@type\":\"ListItem\",\"position\":2,\"name\":\"Pood\",\"item\":\"http:\\\/\\\/ruuby.ee\\\/pood\\\/\"},{\"@type\":\"ListItem\",\"position\":3,\"name\":\"CIAO naturaalne deodorant\"}]},{\"@type\":\"WebSite\",\"@id\":\"http:\\\/\\\/ruuby.ee\\\/#website\",\"url\":\"http:\\\/\\\/ruuby.ee\\\/\",\"name\":\"RUUBY\",\"description\":\"Ruubys on \u00fchendatud elustiil ja disain\",\"publisher\":{\"@id\":\"http:\\\/\\\/ruuby.ee\\\/#organization\"},\"alternateName\":\"Ruuby Disain\",\"potentialAction\":[{\"@type\":\"SearchAction\",\"target\":{\"@type\":\"EntryPoint\",\"urlTemplate\":\"http:\\\/\\\/ruuby.ee\\\/?s={search_term_string}\"},\"query-input\":{\"@type\":\"PropertyValueSpecification\",\"valueRequired\":true,\"valueName\":\"search_term_string\"}}],\"inLanguage\":\"en-GB\"},{\"@type\":\"Organization\",\"@id\":\"http:\\\/\\\/ruuby.ee\\\/#organization\",\"name\":\"Ruuby Disain O\u00dc\",\"alternateName\":\"Ruuby\",\"url\":\"http:\\\/\\\/ruuby.ee\\\/\",\"logo\":{\"@type\":\"ImageObject\",\"inLanguage\":\"en-GB\",\"@id\":\"http:\\\/\\\/ruuby.ee\\\/#\\\/schema\\\/logo\\\/image\\\/\",\"url\":\"http:\\\/\\\/ruuby.ee\\\/wp-content\\\/uploads\\\/2023\\\/06\\\/cropped-Black-White-Elegant-Circle-Signature-Fashion-Logo-12_large.png\",\"contentUrl\":\"http:\\\/\\\/ruuby.ee\\\/wp-content\\\/uploads\\\/2023\\\/06\\\/cropped-Black-White-Elegant-Circle-Signature-Fashion-Logo-12_large.png\",\"width\":1280,\"height\":747,\"caption\":\"Ruuby Disain O\u00dc\"},\"image\":{\"@id\":\"http:\\\/\\\/ruuby.ee\\\/#\\\/schema\\\/logo\\\/image\\\/\"},\"sameAs\":[\"https:\\\/\\\/www.facebook.com\\\/ruubyconcept\",\"https:\\\/\\\/www.instagram.com\\\/ruuby_concept\\\/\"]}]}<\/script>\n<!-- \/ Yoast SEO plugin. -->","yoast_head_json":{"title":"CIAO naturaalne deodorant - RUUBY","robots":{"index":"index","follow":"follow","max-snippet":"max-snippet:-1","max-image-preview":"max-image-preview:large","max-video-preview":"max-video-preview:-1"},"canonical":"http:\/\/ruuby.ee\/en\/pood\/kosmeetika\/deodorandid\/ciao-naturaalne-deodorant\/","og_locale":"en_GB","og_type":"article","og_title":"CIAO naturaalne deodorant - RUUBY","og_description":"Naturaalne deodorant, mis on hea sinu kehale ja \u00f5rn keskkonnale. Valmistatud puhastest koostisosadest, pakub efektiivset kaitset, soodustades samal ajal keha naturaalset tasakaalu. Hoolitse oma keha eest naturaalsel viisil ning tunne end v\u00e4rskelt ja enesekindlalt negatiivsete k\u00f5rvalm\u00f5judeta. 1 purk kestab 2-3 kuud. Kirjeldus: CIAO kreemdeodorant on valmistatud k\u00f5ige puhtamatest looduslikest koostisosadest, et tagada Sulle v\u00e4rskus kogu [&hellip;]","og_url":"http:\/\/ruuby.ee\/en\/pood\/kosmeetika\/deodorandid\/ciao-naturaalne-deodorant\/","og_site_name":"RUUBY","article_publisher":"https:\/\/www.facebook.com\/ruubyconcept","article_modified_time":"2026-04-07T22:28:34+00:00","og_image":[{"width":800,"height":1086,"url":"http:\/\/ruuby.ee\/wp-content\/uploads\/2024\/04\/Screenshot-2024-04-30-at-14.01.35.png","type":"image\/png"}],"twitter_card":"summary_large_image","twitter_misc":{"Estimated reading time":"2 minutes"},"schema":{"@context":"https:\/\/schema.org","@graph":[{"@type":["WebPage","ItemPage"],"@id":"http:\/\/ruuby.ee\/en\/pood\/kosmeetika\/deodorandid\/ciao-naturaalne-deodorant\/","url":"http:\/\/ruuby.ee\/en\/pood\/kosmeetika\/deodorandid\/ciao-naturaalne-deodorant\/","name":"CIAO naturaalne deodorant - RUUBY","isPartOf":{"@id":"http:\/\/ruuby.ee\/#website"},"primaryImageOfPage":{"@id":"http:\/\/ruuby.ee\/en\/pood\/kosmeetika\/deodorandid\/ciao-naturaalne-deodorant\/#primaryimage"},"image":{"@id":"http:\/\/ruuby.ee\/en\/pood\/kosmeetika\/deodorandid\/ciao-naturaalne-deodorant\/#primaryimage"},"thumbnailUrl":"http:\/\/ruuby.ee\/wp-content\/uploads\/2024\/04\/Screenshot-2024-04-30-at-14.01.35.png","datePublished":"2024-04-30T11:03:09+00:00","dateModified":"2026-04-07T22:28:34+00:00","breadcrumb":{"@id":"http:\/\/ruuby.ee\/en\/pood\/kosmeetika\/deodorandid\/ciao-naturaalne-deodorant\/#breadcrumb"},"inLanguage":"en-GB","potentialAction":[{"@type":"ReadAction","target":["http:\/\/ruuby.ee\/en\/pood\/kosmeetika\/deodorandid\/ciao-naturaalne-deodorant\/"]}]},{"@type":"ImageObject","inLanguage":"en-GB","@id":"http:\/\/ruuby.ee\/en\/pood\/kosmeetika\/deodorandid\/ciao-naturaalne-deodorant\/#primaryimage","url":"http:\/\/ruuby.ee\/wp-content\/uploads\/2024\/04\/Screenshot-2024-04-30-at-14.01.35.png","contentUrl":"http:\/\/ruuby.ee\/wp-content\/uploads\/2024\/04\/Screenshot-2024-04-30-at-14.01.35.png","width":800,"height":1086},{"@type":"BreadcrumbList","@id":"http:\/\/ruuby.ee\/en\/pood\/kosmeetika\/deodorandid\/ciao-naturaalne-deodorant\/#breadcrumb","itemListElement":[{"@type":"ListItem","position":1,"name":"Kdu","item":"http:\/\/ruuby.ee\/"},{"@type":"ListItem","position":2,"name":"Pood","item":"http:\/\/ruuby.ee\/pood\/"},{"@type":"ListItem","position":3,"name":"CIAO naturaalne deodorant"}]},{"@type":"WebSite","@id":"http:\/\/ruuby.ee\/#website","url":"http:\/\/ruuby.ee\/","name":"RUUBY","description":"Ruubys on \u00fchendatud elustiil ja disain","publisher":{"@id":"http:\/\/ruuby.ee\/#organization"},"alternateName":"Ruuby Disain","potentialAction":[{"@type":"SearchAction","target":{"@type":"EntryPoint","urlTemplate":"http:\/\/ruuby.ee\/?s={search_term_string}"},"query-input":{"@type":"PropertyValueSpecification","valueRequired":true,"valueName":"search_term_string"}}],"inLanguage":"en-GB"},{"@type":"Organization","@id":"http:\/\/ruuby.ee\/#organization","name":"Ruuby Disain O\u00dc","alternateName":"Ruuby","url":"http:\/\/ruuby.ee\/","logo":{"@type":"ImageObject","inLanguage":"en-GB","@id":"http:\/\/ruuby.ee\/#\/schema\/logo\/image\/","url":"http:\/\/ruuby.ee\/wp-content\/uploads\/2023\/06\/cropped-Black-White-Elegant-Circle-Signature-Fashion-Logo-12_large.png","contentUrl":"http:\/\/ruuby.ee\/wp-content\/uploads\/2023\/06\/cropped-Black-White-Elegant-Circle-Signature-Fashion-Logo-12_large.png","width":1280,"height":747,"caption":"Ruuby Disain O\u00dc"},"image":{"@id":"http:\/\/ruuby.ee\/#\/schema\/logo\/image\/"},"sameAs":["https:\/\/www.facebook.com\/ruubyconcept","https:\/\/www.instagram.com\/ruuby_concept\/"]}]}},"jetpack_sharing_enabled":true,"_links":{"self":[{"href":"http:\/\/ruuby.ee\/en\/wp-json\/wp\/v2\/product\/1844672","targetHints":{"allow":["GET"]}}],"collection":[{"href":"http:\/\/ruuby.ee\/en\/wp-json\/wp\/v2\/product"}],"about":[{"href":"http:\/\/ruuby.ee\/en\/wp-json\/wp\/v2\/types\/product"}],"replies":[{"embeddable":true,"href":"http:\/\/ruuby.ee\/en\/wp-json\/wp\/v2\/comments?post=1844672"}],"wp:featuredmedia":[{"embeddable":true,"href":"http:\/\/ruuby.ee\/en\/wp-json\/wp\/v2\/media\/1844675"}],"wp:attachment":[{"href":"http:\/\/ruuby.ee\/en\/wp-json\/wp\/v2\/media?parent=1844672"}],"wp:term":[{"taxonomy":"product_brand","embeddable":true,"href":"http:\/\/ruuby.ee\/en\/wp-json\/wp\/v2\/product_brand?post=1844672"},{"taxonomy":"product_cat","embeddable":true,"href":"http:\/\/ruuby.ee\/en\/wp-json\/wp\/v2\/product_cat?post=1844672"},{"taxonomy":"product_tag","embeddable":true,"href":"http:\/\/ruuby.ee\/en\/wp-json\/wp\/v2\/product_tag?post=1844672"}],"curies":[{"name":"wp","href":"https:\/\/api.w.org\/{rel}","templated":true}]}}