{"id":1844528,"date":"2024-04-19T15:52:18","date_gmt":"2024-04-19T12:52:18","guid":{"rendered":"http:\/\/ruuby.ee\/?post_type=product&#038;p=1844528"},"modified":"2026-04-04T01:24:58","modified_gmt":"2026-04-03T22:24:58","slug":"elensen-pikk-kohvilaud-tray","status":"publish","type":"product","link":"http:\/\/ruuby.ee\/en\/pood\/kodusisustus\/moobel\/lauad\/elensen-pikk-kohvilaud-tray\/","title":{"rendered":"ELENSEN &#8211; pikk kohvilaud, TRAY"},"content":{"rendered":"<p>Tray pikk kohvilaud \u00fchendab atraktiivsed klassikalised materjalid kaasaegse disainiga, luues \u0161iki kombinatsiooni, mida soovite kasutada veel aastaid.<\/p>\n<p>Laua pinnaks saab valida suurep\u00e4rase kvaliteediga v\u00e4rvitud tamme, et laud omandaks graatsilised v\u00e4rvid v\u00f5i hoolikalt lakitud lauaplaadi, et puidu loomulik ilu esile tuleks.<\/p>\n<p>Laua p\u00f5hi asetatakse pulberv\u00e4rvitud terasest nurga all olevale alusele. See loob elegantse kolmem\u00f5\u00f5tmelise kuju, mis sobib igasse ruumi. Vastavalt oma maitsele ja kodusele interj\u00f6\u00f6rile saad valida kahe klassikalise v\u00e4rvitooni vahel: must v\u00f5i naturaalne tamm.<br \/>\nProovige kombineerida kohvilauda Tray ja abilaua Tray, et luua \u00fclimoodne sisekujundus, kasutades samu v\u00e4rve v\u00f5i mitut erinevat tooni, mis \u00fcksteist t\u00e4iendavad.<\/p>\n<p>Materjalid: Lakitud tamm, pulberv\u00e4rvitud teras<br \/>\nV\u00e4rvid: Matt tammepuidust lauaplaat, must raam<\/p>\n<p>M\u00f5\u00f5dud: pikkus:120cm, s\u00fcgavus: 60cm, k\u00f5rgus: 40cm<\/p>","protected":false},"excerpt":{"rendered":"<p>Tray pikk kohvilaud \u00fchendab atraktiivsed klassikalised materjalid kaasaegse disainiga, luues \u0161iki kombinatsiooni, mida soovite kasutada veel aastaid. Laua pinnaks saab valida suurep\u00e4rase kvaliteediga v\u00e4rvitud tamme, et laud omandaks graatsilised v\u00e4rvid v\u00f5i hoolikalt lakitud lauaplaadi, et puidu loomulik ilu esile tuleks. Laua p\u00f5hi asetatakse pulberv\u00e4rvitud terasest nurga all olevale alusele. See loob elegantse kolmem\u00f5\u00f5tmelise kuju, mis [&hellip;]<\/p>\n","protected":false},"featured_media":1844531,"comment_status":"open","ping_status":"closed","template":"","meta":[],"product_brand":[],"product_cat":[556],"product_tag":[638,327,357,639,640],"class_list":{"0":"post-1844528","1":"product","2":"type-product","3":"status-publish","4":"has-post-thumbnail","6":"product_cat-lauad","7":"product_tag-abilaud","8":"product_tag-elensen","9":"product_tag-kohvilaud","10":"product_tag-ookapp","11":"product_tag-tray","13":"first","14":"onbackorder","15":"taxable","16":"shipping-taxable","17":"purchasable","18":"product-type-variable","19":"rtwpvs-product"},"yoast_head":"<!-- This site is optimized with the Yoast SEO plugin v27.2 - https:\/\/yoast.com\/product\/yoast-seo-wordpress\/ -->\n<title>ELENSEN - pikk kohvilaud, TRAY - RUUBY<\/title>\n<meta name=\"robots\" content=\"index, follow, max-snippet:-1, max-image-preview:large, max-video-preview:-1\" \/>\n<link rel=\"canonical\" href=\"https:\/\/ruuby.ee\/en\/pood\/kodusisustus\/moobel\/lauad\/elensen-pikk-kohvilaud-tray\/\" \/>\n<meta property=\"og:locale\" content=\"en_GB\" \/>\n<meta property=\"og:type\" content=\"article\" \/>\n<meta property=\"og:title\" content=\"ELENSEN - pikk kohvilaud, TRAY - RUUBY\" \/>\n<meta property=\"og:description\" content=\"Tray pikk kohvilaud \u00fchendab atraktiivsed klassikalised materjalid kaasaegse disainiga, luues \u0161iki kombinatsiooni, mida soovite kasutada veel aastaid. Laua pinnaks saab valida suurep\u00e4rase kvaliteediga v\u00e4rvitud tamme, et laud omandaks graatsilised v\u00e4rvid v\u00f5i hoolikalt lakitud lauaplaadi, et puidu loomulik ilu esile tuleks. Laua p\u00f5hi asetatakse pulberv\u00e4rvitud terasest nurga all olevale alusele. See loob elegantse kolmem\u00f5\u00f5tmelise kuju, mis [&hellip;]\" \/>\n<meta property=\"og:url\" content=\"https:\/\/ruuby.ee\/en\/pood\/kodusisustus\/moobel\/lauad\/elensen-pikk-kohvilaud-tray\/\" \/>\n<meta property=\"og:site_name\" content=\"RUUBY\" \/>\n<meta property=\"article:publisher\" content=\"https:\/\/www.facebook.com\/ruubyconcept\" \/>\n<meta property=\"article:modified_time\" content=\"2026-04-03T22:24:58+00:00\" \/>\n<meta property=\"og:image\" content=\"https:\/\/ruuby.ee\/wp-content\/uploads\/2024\/04\/Screenshot-2024-04-19-at-15.52.11.png\" \/>\n\t<meta property=\"og:image:width\" content=\"1690\" \/>\n\t<meta property=\"og:image:height\" content=\"1136\" \/>\n\t<meta property=\"og:image:type\" content=\"image\/png\" \/>\n<meta name=\"twitter:card\" content=\"summary_large_image\" \/>\n<meta name=\"twitter:label1\" content=\"Estimated reading time\" \/>\n\t<meta name=\"twitter:data1\" content=\"1 minute\" \/>\n<script type=\"application\/ld+json\" class=\"yoast-schema-graph\">{\"@context\":\"https:\/\/schema.org\",\"@graph\":[{\"@type\":[\"WebPage\",\"ItemPage\"],\"@id\":\"https:\/\/ruuby.ee\/pood\/kodusisustus\/moobel\/lauad\/elensen-pikk-kohvilaud-tray\/\",\"url\":\"https:\/\/ruuby.ee\/pood\/kodusisustus\/moobel\/lauad\/elensen-pikk-kohvilaud-tray\/\",\"name\":\"ELENSEN - pikk kohvilaud, TRAY - RUUBY\",\"isPartOf\":{\"@id\":\"https:\/\/ruuby.ee\/en\/#website\"},\"primaryImageOfPage\":{\"@id\":\"https:\/\/ruuby.ee\/pood\/kodusisustus\/moobel\/lauad\/elensen-pikk-kohvilaud-tray\/#primaryimage\"},\"image\":{\"@id\":\"https:\/\/ruuby.ee\/pood\/kodusisustus\/moobel\/lauad\/elensen-pikk-kohvilaud-tray\/#primaryimage\"},\"thumbnailUrl\":\"http:\/\/ruuby.ee\/wp-content\/uploads\/2024\/04\/Screenshot-2024-04-19-at-15.52.11.png\",\"datePublished\":\"2024-04-19T12:52:18+00:00\",\"dateModified\":\"2026-04-03T22:24:58+00:00\",\"breadcrumb\":{\"@id\":\"https:\/\/ruuby.ee\/pood\/kodusisustus\/moobel\/lauad\/elensen-pikk-kohvilaud-tray\/#breadcrumb\"},\"inLanguage\":\"en-GB\",\"potentialAction\":[{\"@type\":\"ReadAction\",\"target\":[\"https:\/\/ruuby.ee\/pood\/kodusisustus\/moobel\/lauad\/elensen-pikk-kohvilaud-tray\/\"]}]},{\"@type\":\"ImageObject\",\"inLanguage\":\"en-GB\",\"@id\":\"https:\/\/ruuby.ee\/pood\/kodusisustus\/moobel\/lauad\/elensen-pikk-kohvilaud-tray\/#primaryimage\",\"url\":\"http:\/\/ruuby.ee\/wp-content\/uploads\/2024\/04\/Screenshot-2024-04-19-at-15.52.11.png\",\"contentUrl\":\"http:\/\/ruuby.ee\/wp-content\/uploads\/2024\/04\/Screenshot-2024-04-19-at-15.52.11.png\",\"width\":1690,\"height\":1136},{\"@type\":\"BreadcrumbList\",\"@id\":\"https:\/\/ruuby.ee\/pood\/kodusisustus\/moobel\/lauad\/elensen-pikk-kohvilaud-tray\/#breadcrumb\",\"itemListElement\":[{\"@type\":\"ListItem\",\"position\":1,\"name\":\"Kdu\",\"item\":\"https:\/\/ruuby.ee\/en\/\"},{\"@type\":\"ListItem\",\"position\":2,\"name\":\"Pood\",\"item\":\"https:\/\/ruuby.ee\/pood\/\"},{\"@type\":\"ListItem\",\"position\":3,\"name\":\"ELENSEN &#8211; pikk kohvilaud, TRAY\"}]},{\"@type\":\"WebSite\",\"@id\":\"https:\/\/ruuby.ee\/en\/#website\",\"url\":\"https:\/\/ruuby.ee\/en\/\",\"name\":\"RUUBY\",\"description\":\"Ruubys on \u00fchendatud elustiil ja disain\",\"publisher\":{\"@id\":\"https:\/\/ruuby.ee\/en\/#organization\"},\"alternateName\":\"Ruuby Disain\",\"potentialAction\":[{\"@type\":\"SearchAction\",\"target\":{\"@type\":\"EntryPoint\",\"urlTemplate\":\"https:\/\/ruuby.ee\/en\/?s={search_term_string}\"},\"query-input\":{\"@type\":\"PropertyValueSpecification\",\"valueRequired\":true,\"valueName\":\"search_term_string\"}}],\"inLanguage\":\"en-GB\"},{\"@type\":\"Organization\",\"@id\":\"https:\/\/ruuby.ee\/en\/#organization\",\"name\":\"Ruuby Disain O\u00dc\",\"alternateName\":\"Ruuby\",\"url\":\"https:\/\/ruuby.ee\/en\/\",\"logo\":{\"@type\":\"ImageObject\",\"inLanguage\":\"en-GB\",\"@id\":\"https:\/\/ruuby.ee\/en\/#\/schema\/logo\/image\/\",\"url\":\"http:\/\/ruuby.ee\/wp-content\/uploads\/2023\/06\/cropped-Black-White-Elegant-Circle-Signature-Fashion-Logo-12_large.png\",\"contentUrl\":\"http:\/\/ruuby.ee\/wp-content\/uploads\/2023\/06\/cropped-Black-White-Elegant-Circle-Signature-Fashion-Logo-12_large.png\",\"width\":1280,\"height\":747,\"caption\":\"Ruuby Disain O\u00dc\"},\"image\":{\"@id\":\"https:\/\/ruuby.ee\/en\/#\/schema\/logo\/image\/\"},\"sameAs\":[\"https:\/\/www.facebook.com\/ruubyconcept\",\"https:\/\/www.instagram.com\/ruuby_concept\/\"]}]}<\/script>\n<!-- \/ Yoast SEO plugin. -->","yoast_head_json":{"title":"ELENSEN - pikk kohvilaud, TRAY - RUUBY","robots":{"index":"index","follow":"follow","max-snippet":"max-snippet:-1","max-image-preview":"max-image-preview:large","max-video-preview":"max-video-preview:-1"},"canonical":"https:\/\/ruuby.ee\/en\/pood\/kodusisustus\/moobel\/lauad\/elensen-pikk-kohvilaud-tray\/","og_locale":"en_GB","og_type":"article","og_title":"ELENSEN - pikk kohvilaud, TRAY - RUUBY","og_description":"Tray pikk kohvilaud \u00fchendab atraktiivsed klassikalised materjalid kaasaegse disainiga, luues \u0161iki kombinatsiooni, mida soovite kasutada veel aastaid. Laua pinnaks saab valida suurep\u00e4rase kvaliteediga v\u00e4rvitud tamme, et laud omandaks graatsilised v\u00e4rvid v\u00f5i hoolikalt lakitud lauaplaadi, et puidu loomulik ilu esile tuleks. Laua p\u00f5hi asetatakse pulberv\u00e4rvitud terasest nurga all olevale alusele. See loob elegantse kolmem\u00f5\u00f5tmelise kuju, mis [&hellip;]","og_url":"https:\/\/ruuby.ee\/en\/pood\/kodusisustus\/moobel\/lauad\/elensen-pikk-kohvilaud-tray\/","og_site_name":"RUUBY","article_publisher":"https:\/\/www.facebook.com\/ruubyconcept","article_modified_time":"2026-04-03T22:24:58+00:00","og_image":[{"width":1690,"height":1136,"url":"https:\/\/ruuby.ee\/wp-content\/uploads\/2024\/04\/Screenshot-2024-04-19-at-15.52.11.png","type":"image\/png"}],"twitter_card":"summary_large_image","twitter_misc":{"Estimated reading time":"1 minute"},"schema":{"@context":"https:\/\/schema.org","@graph":[{"@type":["WebPage","ItemPage"],"@id":"https:\/\/ruuby.ee\/pood\/kodusisustus\/moobel\/lauad\/elensen-pikk-kohvilaud-tray\/","url":"https:\/\/ruuby.ee\/pood\/kodusisustus\/moobel\/lauad\/elensen-pikk-kohvilaud-tray\/","name":"ELENSEN - pikk kohvilaud, TRAY - RUUBY","isPartOf":{"@id":"https:\/\/ruuby.ee\/en\/#website"},"primaryImageOfPage":{"@id":"https:\/\/ruuby.ee\/pood\/kodusisustus\/moobel\/lauad\/elensen-pikk-kohvilaud-tray\/#primaryimage"},"image":{"@id":"https:\/\/ruuby.ee\/pood\/kodusisustus\/moobel\/lauad\/elensen-pikk-kohvilaud-tray\/#primaryimage"},"thumbnailUrl":"http:\/\/ruuby.ee\/wp-content\/uploads\/2024\/04\/Screenshot-2024-04-19-at-15.52.11.png","datePublished":"2024-04-19T12:52:18+00:00","dateModified":"2026-04-03T22:24:58+00:00","breadcrumb":{"@id":"https:\/\/ruuby.ee\/pood\/kodusisustus\/moobel\/lauad\/elensen-pikk-kohvilaud-tray\/#breadcrumb"},"inLanguage":"en-GB","potentialAction":[{"@type":"ReadAction","target":["https:\/\/ruuby.ee\/pood\/kodusisustus\/moobel\/lauad\/elensen-pikk-kohvilaud-tray\/"]}]},{"@type":"ImageObject","inLanguage":"en-GB","@id":"https:\/\/ruuby.ee\/pood\/kodusisustus\/moobel\/lauad\/elensen-pikk-kohvilaud-tray\/#primaryimage","url":"http:\/\/ruuby.ee\/wp-content\/uploads\/2024\/04\/Screenshot-2024-04-19-at-15.52.11.png","contentUrl":"http:\/\/ruuby.ee\/wp-content\/uploads\/2024\/04\/Screenshot-2024-04-19-at-15.52.11.png","width":1690,"height":1136},{"@type":"BreadcrumbList","@id":"https:\/\/ruuby.ee\/pood\/kodusisustus\/moobel\/lauad\/elensen-pikk-kohvilaud-tray\/#breadcrumb","itemListElement":[{"@type":"ListItem","position":1,"name":"Kdu","item":"https:\/\/ruuby.ee\/en\/"},{"@type":"ListItem","position":2,"name":"Pood","item":"https:\/\/ruuby.ee\/pood\/"},{"@type":"ListItem","position":3,"name":"ELENSEN &#8211; pikk kohvilaud, TRAY"}]},{"@type":"WebSite","@id":"https:\/\/ruuby.ee\/en\/#website","url":"https:\/\/ruuby.ee\/en\/","name":"RUUBY","description":"Ruubys on \u00fchendatud elustiil ja disain","publisher":{"@id":"https:\/\/ruuby.ee\/en\/#organization"},"alternateName":"Ruuby Disain","potentialAction":[{"@type":"SearchAction","target":{"@type":"EntryPoint","urlTemplate":"https:\/\/ruuby.ee\/en\/?s={search_term_string}"},"query-input":{"@type":"PropertyValueSpecification","valueRequired":true,"valueName":"search_term_string"}}],"inLanguage":"en-GB"},{"@type":"Organization","@id":"https:\/\/ruuby.ee\/en\/#organization","name":"Ruuby Disain O\u00dc","alternateName":"Ruuby","url":"https:\/\/ruuby.ee\/en\/","logo":{"@type":"ImageObject","inLanguage":"en-GB","@id":"https:\/\/ruuby.ee\/en\/#\/schema\/logo\/image\/","url":"http:\/\/ruuby.ee\/wp-content\/uploads\/2023\/06\/cropped-Black-White-Elegant-Circle-Signature-Fashion-Logo-12_large.png","contentUrl":"http:\/\/ruuby.ee\/wp-content\/uploads\/2023\/06\/cropped-Black-White-Elegant-Circle-Signature-Fashion-Logo-12_large.png","width":1280,"height":747,"caption":"Ruuby Disain O\u00dc"},"image":{"@id":"https:\/\/ruuby.ee\/en\/#\/schema\/logo\/image\/"},"sameAs":["https:\/\/www.facebook.com\/ruubyconcept","https:\/\/www.instagram.com\/ruuby_concept\/"]}]}},"jetpack_sharing_enabled":true,"_links":{"self":[{"href":"http:\/\/ruuby.ee\/en\/wp-json\/wp\/v2\/product\/1844528","targetHints":{"allow":["GET"]}}],"collection":[{"href":"http:\/\/ruuby.ee\/en\/wp-json\/wp\/v2\/product"}],"about":[{"href":"http:\/\/ruuby.ee\/en\/wp-json\/wp\/v2\/types\/product"}],"replies":[{"embeddable":true,"href":"http:\/\/ruuby.ee\/en\/wp-json\/wp\/v2\/comments?post=1844528"}],"wp:featuredmedia":[{"embeddable":true,"href":"http:\/\/ruuby.ee\/en\/wp-json\/wp\/v2\/media\/1844531"}],"wp:attachment":[{"href":"http:\/\/ruuby.ee\/en\/wp-json\/wp\/v2\/media?parent=1844528"}],"wp:term":[{"taxonomy":"product_brand","embeddable":true,"href":"http:\/\/ruuby.ee\/en\/wp-json\/wp\/v2\/product_brand?post=1844528"},{"taxonomy":"product_cat","embeddable":true,"href":"http:\/\/ruuby.ee\/en\/wp-json\/wp\/v2\/product_cat?post=1844528"},{"taxonomy":"product_tag","embeddable":true,"href":"http:\/\/ruuby.ee\/en\/wp-json\/wp\/v2\/product_tag?post=1844528"}],"curies":[{"name":"wp","href":"https:\/\/api.w.org\/{rel}","templated":true}]}}