{"id":1844253,"date":"2024-04-11T21:39:42","date_gmt":"2024-04-11T18:39:42","guid":{"rendered":"http:\/\/ruuby.ee\/?post_type=product&#038;p=1844253"},"modified":"2026-04-04T01:24:58","modified_gmt":"2026-04-03T22:24:58","slug":"umage-time-flies-horizons-baaritool","status":"publish","type":"product","link":"http:\/\/ruuby.ee\/en\/pood\/kodusisustus\/moobel\/toolid\/umage-time-flies-horizons-baaritool\/","title":{"rendered":"UMAGE &#8211; Time Flies, Horizons baaritool"},"content":{"rendered":"<p>Mugav koht istumiseks on suurep\u00e4rase vestluse parim algus. Kindla selja ja jalgade kombinatsioon jalatoega muudab tooli mitte ainult stiilseks ja paindlikuks istumislahenduseks, vaid ka mugavaks \u2013 sobib mitmesse seadistusse, kus vajate veidi lisak\u00f5rgust.<\/p>\n<p>Toolil on kunstiline piirjoon, mille seljatugi libiseb k\u00e4etugedeks, tagades pehme ja kindla seljatoe igast k\u00fcljest. Polsterdatud Time Flies tool v\u00f5imaldab polstri ise vahetada m\u00f5ne minutiga, v\u00f5imaldades kohandada visuaalset stiili ja v\u00e4rvi ilma t\u00e4iesti uut tooli ostmata \u2013 tagades disaini j\u00e4tkusuutliku eluea.<\/p>\n<p>Time Flies baaritool on saadaval messingist, kroomist ja mustast jalast 17 hoolikalt valitud v\u00e4rvitoonis 100% taaskasutatud Horizonsi tekstiilist ning kaisupruuni ja kaisuvalgega Teddy bear kangaste kollektsioonist.<\/p>\n<p>M\u00f5\u00f5dud: H \u00d7 W \u00d7 D: 102 \u00d7 51 \u00d7 56 cm<\/p>\n<p>Kaal: 13.5kg<\/p>\n<p>Materjal: Teras ja pol\u00fcester<\/p>","protected":false},"excerpt":{"rendered":"<p>Mugav koht istumiseks on suurep\u00e4rase vestluse parim algus. Kindla selja ja jalgade kombinatsioon jalatoega muudab tooli mitte ainult stiilseks ja paindlikuks istumislahenduseks, vaid ka mugavaks \u2013 sobib mitmesse seadistusse, kus vajate veidi lisak\u00f5rgust. Toolil on kunstiline piirjoon, mille seljatugi libiseb k\u00e4etugedeks, tagades pehme ja kindla seljatoe igast k\u00fcljest. Polsterdatud Time Flies tool v\u00f5imaldab polstri ise [&hellip;]<\/p>\n","protected":false},"featured_media":1844306,"comment_status":"open","ping_status":"closed","template":"","meta":[],"product_brand":[],"product_cat":[1015,825,555],"product_tag":[374,156,373,150],"class_list":{"0":"post-1844253","1":"product","2":"type-product","3":"status-publish","4":"has-post-thumbnail","6":"product_cat-baaritoolid","7":"product_cat-moobel","8":"product_cat-toolid","9":"product_tag-baaritool","10":"product_tag-moobel","11":"product_tag-toolid","12":"product_tag-umage","14":"first","15":"onbackorder","16":"taxable","17":"shipping-taxable","18":"purchasable","19":"product-type-variable","20":"rtwpvs-product"},"yoast_head":"<!-- This site is optimized with the Yoast SEO plugin v27.2 - https:\/\/yoast.com\/product\/yoast-seo-wordpress\/ -->\n<title>UMAGE - Time Flies, Horizons baaritool - RUUBY<\/title>\n<meta name=\"robots\" content=\"index, follow, max-snippet:-1, max-image-preview:large, max-video-preview:-1\" \/>\n<link rel=\"canonical\" href=\"http:\/\/ruuby.ee\/en\/pood\/kodusisustus\/moobel\/toolid\/umage-time-flies-horizons-baaritool\/\" \/>\n<meta property=\"og:locale\" content=\"en_GB\" \/>\n<meta property=\"og:type\" content=\"article\" \/>\n<meta property=\"og:title\" content=\"UMAGE - Time Flies, Horizons baaritool - RUUBY\" \/>\n<meta property=\"og:description\" content=\"Mugav koht istumiseks on suurep\u00e4rase vestluse parim algus. Kindla selja ja jalgade kombinatsioon jalatoega muudab tooli mitte ainult stiilseks ja paindlikuks istumislahenduseks, vaid ka mugavaks \u2013 sobib mitmesse seadistusse, kus vajate veidi lisak\u00f5rgust. Toolil on kunstiline piirjoon, mille seljatugi libiseb k\u00e4etugedeks, tagades pehme ja kindla seljatoe igast k\u00fcljest. Polsterdatud Time Flies tool v\u00f5imaldab polstri ise [&hellip;]\" \/>\n<meta property=\"og:url\" content=\"http:\/\/ruuby.ee\/en\/pood\/kodusisustus\/moobel\/toolid\/umage-time-flies-horizons-baaritool\/\" \/>\n<meta property=\"og:site_name\" content=\"RUUBY\" \/>\n<meta property=\"article:publisher\" content=\"https:\/\/www.facebook.com\/ruubyconcept\" \/>\n<meta property=\"article:modified_time\" content=\"2026-04-03T22:24:58+00:00\" \/>\n<meta property=\"og:image\" content=\"http:\/\/ruuby.ee\/wp-content\/uploads\/2024\/04\/Screenshot-2024-04-11-at-16.43.19.png\" \/>\n\t<meta property=\"og:image:width\" content=\"1080\" \/>\n\t<meta property=\"og:image:height\" content=\"954\" \/>\n\t<meta property=\"og:image:type\" content=\"image\/png\" \/>\n<meta name=\"twitter:card\" content=\"summary_large_image\" \/>\n<meta name=\"twitter:label1\" content=\"Estimated reading time\" \/>\n\t<meta name=\"twitter:data1\" content=\"1 minute\" \/>\n<script type=\"application\/ld+json\" class=\"yoast-schema-graph\">{\"@context\":\"https:\/\/schema.org\",\"@graph\":[{\"@type\":[\"WebPage\",\"ItemPage\"],\"@id\":\"http:\/\/ruuby.ee\/en\/pood\/kodusisustus\/moobel\/toolid\/umage-time-flies-horizons-baaritool\/\",\"url\":\"http:\/\/ruuby.ee\/en\/pood\/kodusisustus\/moobel\/toolid\/umage-time-flies-horizons-baaritool\/\",\"name\":\"UMAGE - Time Flies, Horizons baaritool - RUUBY\",\"isPartOf\":{\"@id\":\"https:\/\/ruuby.ee\/en\/#website\"},\"primaryImageOfPage\":{\"@id\":\"http:\/\/ruuby.ee\/en\/pood\/kodusisustus\/moobel\/toolid\/umage-time-flies-horizons-baaritool\/#primaryimage\"},\"image\":{\"@id\":\"http:\/\/ruuby.ee\/en\/pood\/kodusisustus\/moobel\/toolid\/umage-time-flies-horizons-baaritool\/#primaryimage\"},\"thumbnailUrl\":\"http:\/\/ruuby.ee\/wp-content\/uploads\/2024\/04\/Screenshot-2024-04-11-at-16.43.19.png\",\"datePublished\":\"2024-04-11T18:39:42+00:00\",\"dateModified\":\"2026-04-03T22:24:58+00:00\",\"breadcrumb\":{\"@id\":\"http:\/\/ruuby.ee\/en\/pood\/kodusisustus\/moobel\/toolid\/umage-time-flies-horizons-baaritool\/#breadcrumb\"},\"inLanguage\":\"en-GB\",\"potentialAction\":[{\"@type\":\"ReadAction\",\"target\":[\"http:\/\/ruuby.ee\/en\/pood\/kodusisustus\/moobel\/toolid\/umage-time-flies-horizons-baaritool\/\"]}]},{\"@type\":\"ImageObject\",\"inLanguage\":\"en-GB\",\"@id\":\"http:\/\/ruuby.ee\/en\/pood\/kodusisustus\/moobel\/toolid\/umage-time-flies-horizons-baaritool\/#primaryimage\",\"url\":\"http:\/\/ruuby.ee\/wp-content\/uploads\/2024\/04\/Screenshot-2024-04-11-at-16.43.19.png\",\"contentUrl\":\"http:\/\/ruuby.ee\/wp-content\/uploads\/2024\/04\/Screenshot-2024-04-11-at-16.43.19.png\",\"width\":1080,\"height\":954},{\"@type\":\"BreadcrumbList\",\"@id\":\"http:\/\/ruuby.ee\/en\/pood\/kodusisustus\/moobel\/toolid\/umage-time-flies-horizons-baaritool\/#breadcrumb\",\"itemListElement\":[{\"@type\":\"ListItem\",\"position\":1,\"name\":\"Kdu\",\"item\":\"https:\/\/ruuby.ee\/en\/\"},{\"@type\":\"ListItem\",\"position\":2,\"name\":\"Pood\",\"item\":\"https:\/\/ruuby.ee\/pood\/\"},{\"@type\":\"ListItem\",\"position\":3,\"name\":\"UMAGE &#8211; Time Flies, Horizons baaritool\"}]},{\"@type\":\"WebSite\",\"@id\":\"https:\/\/ruuby.ee\/en\/#website\",\"url\":\"https:\/\/ruuby.ee\/en\/\",\"name\":\"RUUBY\",\"description\":\"Ruubys on \u00fchendatud elustiil ja disain\",\"publisher\":{\"@id\":\"https:\/\/ruuby.ee\/en\/#organization\"},\"alternateName\":\"Ruuby Disain\",\"potentialAction\":[{\"@type\":\"SearchAction\",\"target\":{\"@type\":\"EntryPoint\",\"urlTemplate\":\"https:\/\/ruuby.ee\/en\/?s={search_term_string}\"},\"query-input\":{\"@type\":\"PropertyValueSpecification\",\"valueRequired\":true,\"valueName\":\"search_term_string\"}}],\"inLanguage\":\"en-GB\"},{\"@type\":\"Organization\",\"@id\":\"https:\/\/ruuby.ee\/en\/#organization\",\"name\":\"Ruuby Disain O\u00dc\",\"alternateName\":\"Ruuby\",\"url\":\"https:\/\/ruuby.ee\/en\/\",\"logo\":{\"@type\":\"ImageObject\",\"inLanguage\":\"en-GB\",\"@id\":\"https:\/\/ruuby.ee\/en\/#\/schema\/logo\/image\/\",\"url\":\"http:\/\/ruuby.ee\/wp-content\/uploads\/2023\/06\/cropped-Black-White-Elegant-Circle-Signature-Fashion-Logo-12_large.png\",\"contentUrl\":\"http:\/\/ruuby.ee\/wp-content\/uploads\/2023\/06\/cropped-Black-White-Elegant-Circle-Signature-Fashion-Logo-12_large.png\",\"width\":1280,\"height\":747,\"caption\":\"Ruuby Disain O\u00dc\"},\"image\":{\"@id\":\"https:\/\/ruuby.ee\/en\/#\/schema\/logo\/image\/\"},\"sameAs\":[\"https:\/\/www.facebook.com\/ruubyconcept\",\"https:\/\/www.instagram.com\/ruuby_concept\/\"]}]}<\/script>\n<!-- \/ Yoast SEO plugin. -->","yoast_head_json":{"title":"UMAGE - Time Flies, Horizons baaritool - RUUBY","robots":{"index":"index","follow":"follow","max-snippet":"max-snippet:-1","max-image-preview":"max-image-preview:large","max-video-preview":"max-video-preview:-1"},"canonical":"http:\/\/ruuby.ee\/en\/pood\/kodusisustus\/moobel\/toolid\/umage-time-flies-horizons-baaritool\/","og_locale":"en_GB","og_type":"article","og_title":"UMAGE - Time Flies, Horizons baaritool - RUUBY","og_description":"Mugav koht istumiseks on suurep\u00e4rase vestluse parim algus. Kindla selja ja jalgade kombinatsioon jalatoega muudab tooli mitte ainult stiilseks ja paindlikuks istumislahenduseks, vaid ka mugavaks \u2013 sobib mitmesse seadistusse, kus vajate veidi lisak\u00f5rgust. Toolil on kunstiline piirjoon, mille seljatugi libiseb k\u00e4etugedeks, tagades pehme ja kindla seljatoe igast k\u00fcljest. Polsterdatud Time Flies tool v\u00f5imaldab polstri ise [&hellip;]","og_url":"http:\/\/ruuby.ee\/en\/pood\/kodusisustus\/moobel\/toolid\/umage-time-flies-horizons-baaritool\/","og_site_name":"RUUBY","article_publisher":"https:\/\/www.facebook.com\/ruubyconcept","article_modified_time":"2026-04-03T22:24:58+00:00","og_image":[{"width":1080,"height":954,"url":"http:\/\/ruuby.ee\/wp-content\/uploads\/2024\/04\/Screenshot-2024-04-11-at-16.43.19.png","type":"image\/png"}],"twitter_card":"summary_large_image","twitter_misc":{"Estimated reading time":"1 minute"},"schema":{"@context":"https:\/\/schema.org","@graph":[{"@type":["WebPage","ItemPage"],"@id":"http:\/\/ruuby.ee\/en\/pood\/kodusisustus\/moobel\/toolid\/umage-time-flies-horizons-baaritool\/","url":"http:\/\/ruuby.ee\/en\/pood\/kodusisustus\/moobel\/toolid\/umage-time-flies-horizons-baaritool\/","name":"UMAGE - Time Flies, Horizons baaritool - RUUBY","isPartOf":{"@id":"https:\/\/ruuby.ee\/en\/#website"},"primaryImageOfPage":{"@id":"http:\/\/ruuby.ee\/en\/pood\/kodusisustus\/moobel\/toolid\/umage-time-flies-horizons-baaritool\/#primaryimage"},"image":{"@id":"http:\/\/ruuby.ee\/en\/pood\/kodusisustus\/moobel\/toolid\/umage-time-flies-horizons-baaritool\/#primaryimage"},"thumbnailUrl":"http:\/\/ruuby.ee\/wp-content\/uploads\/2024\/04\/Screenshot-2024-04-11-at-16.43.19.png","datePublished":"2024-04-11T18:39:42+00:00","dateModified":"2026-04-03T22:24:58+00:00","breadcrumb":{"@id":"http:\/\/ruuby.ee\/en\/pood\/kodusisustus\/moobel\/toolid\/umage-time-flies-horizons-baaritool\/#breadcrumb"},"inLanguage":"en-GB","potentialAction":[{"@type":"ReadAction","target":["http:\/\/ruuby.ee\/en\/pood\/kodusisustus\/moobel\/toolid\/umage-time-flies-horizons-baaritool\/"]}]},{"@type":"ImageObject","inLanguage":"en-GB","@id":"http:\/\/ruuby.ee\/en\/pood\/kodusisustus\/moobel\/toolid\/umage-time-flies-horizons-baaritool\/#primaryimage","url":"http:\/\/ruuby.ee\/wp-content\/uploads\/2024\/04\/Screenshot-2024-04-11-at-16.43.19.png","contentUrl":"http:\/\/ruuby.ee\/wp-content\/uploads\/2024\/04\/Screenshot-2024-04-11-at-16.43.19.png","width":1080,"height":954},{"@type":"BreadcrumbList","@id":"http:\/\/ruuby.ee\/en\/pood\/kodusisustus\/moobel\/toolid\/umage-time-flies-horizons-baaritool\/#breadcrumb","itemListElement":[{"@type":"ListItem","position":1,"name":"Kdu","item":"https:\/\/ruuby.ee\/en\/"},{"@type":"ListItem","position":2,"name":"Pood","item":"https:\/\/ruuby.ee\/pood\/"},{"@type":"ListItem","position":3,"name":"UMAGE &#8211; Time Flies, Horizons baaritool"}]},{"@type":"WebSite","@id":"https:\/\/ruuby.ee\/en\/#website","url":"https:\/\/ruuby.ee\/en\/","name":"RUUBY","description":"Ruubys on \u00fchendatud elustiil ja disain","publisher":{"@id":"https:\/\/ruuby.ee\/en\/#organization"},"alternateName":"Ruuby Disain","potentialAction":[{"@type":"SearchAction","target":{"@type":"EntryPoint","urlTemplate":"https:\/\/ruuby.ee\/en\/?s={search_term_string}"},"query-input":{"@type":"PropertyValueSpecification","valueRequired":true,"valueName":"search_term_string"}}],"inLanguage":"en-GB"},{"@type":"Organization","@id":"https:\/\/ruuby.ee\/en\/#organization","name":"Ruuby Disain O\u00dc","alternateName":"Ruuby","url":"https:\/\/ruuby.ee\/en\/","logo":{"@type":"ImageObject","inLanguage":"en-GB","@id":"https:\/\/ruuby.ee\/en\/#\/schema\/logo\/image\/","url":"http:\/\/ruuby.ee\/wp-content\/uploads\/2023\/06\/cropped-Black-White-Elegant-Circle-Signature-Fashion-Logo-12_large.png","contentUrl":"http:\/\/ruuby.ee\/wp-content\/uploads\/2023\/06\/cropped-Black-White-Elegant-Circle-Signature-Fashion-Logo-12_large.png","width":1280,"height":747,"caption":"Ruuby Disain O\u00dc"},"image":{"@id":"https:\/\/ruuby.ee\/en\/#\/schema\/logo\/image\/"},"sameAs":["https:\/\/www.facebook.com\/ruubyconcept","https:\/\/www.instagram.com\/ruuby_concept\/"]}]}},"jetpack_sharing_enabled":true,"_links":{"self":[{"href":"http:\/\/ruuby.ee\/en\/wp-json\/wp\/v2\/product\/1844253","targetHints":{"allow":["GET"]}}],"collection":[{"href":"http:\/\/ruuby.ee\/en\/wp-json\/wp\/v2\/product"}],"about":[{"href":"http:\/\/ruuby.ee\/en\/wp-json\/wp\/v2\/types\/product"}],"replies":[{"embeddable":true,"href":"http:\/\/ruuby.ee\/en\/wp-json\/wp\/v2\/comments?post=1844253"}],"wp:featuredmedia":[{"embeddable":true,"href":"http:\/\/ruuby.ee\/en\/wp-json\/wp\/v2\/media\/1844306"}],"wp:attachment":[{"href":"http:\/\/ruuby.ee\/en\/wp-json\/wp\/v2\/media?parent=1844253"}],"wp:term":[{"taxonomy":"product_brand","embeddable":true,"href":"http:\/\/ruuby.ee\/en\/wp-json\/wp\/v2\/product_brand?post=1844253"},{"taxonomy":"product_cat","embeddable":true,"href":"http:\/\/ruuby.ee\/en\/wp-json\/wp\/v2\/product_cat?post=1844253"},{"taxonomy":"product_tag","embeddable":true,"href":"http:\/\/ruuby.ee\/en\/wp-json\/wp\/v2\/product_tag?post=1844253"}],"curies":[{"name":"wp","href":"https:\/\/api.w.org\/{rel}","templated":true}]}}