{"id":1844144,"date":"2024-04-09T13:56:20","date_gmt":"2024-04-09T10:56:20","guid":{"rendered":"http:\/\/ruuby.ee\/?post_type=product&#038;p=1844144"},"modified":"2026-04-03T01:24:36","modified_gmt":"2026-04-02T22:24:36","slug":"umage-2-uksega-kapp-treasures","status":"publish","type":"product","link":"http:\/\/ruuby.ee\/en\/pood\/kodusisustus\/moobel\/kapid\/umage-2-uksega-kapp-treasures\/","title":{"rendered":"UMAGE &#8211; 2 uksega kapp Treasures"},"content":{"rendered":"<p>Treasures on kohandatav p\u00f5hjamaise ilmega kapp. Kapp on valmistatud spoonitud tammepuidust ja kapi kumeratel k\u00fclgedel on kohandatav kate, mis annab Treasuresile pehme puudutuse.<\/p>\n<p>Kapi k\u00fcljed avanevad tiibadena, mis hoiavad elegantselt teie peent lik\u00f6\u00f6ri v\u00f5i raamatuid. Kapi keskel asuvates panipaikades on \u00fcks riiul, mis teeb sellest ideaalse lahenduse teie keraamika ja portselani hoidmiseks.<\/p>\n<p>Saadaval tamme, tumeda tamme ja musta tammena. Kapi k\u00fclgi saab kohandada veneetsia suhkrurooga, mis on \u00fcks neljast hoolikalt valitud 100% taaskasutatud Horizonsi tekstiilist v\u00f5i pruunist kunstnahast. Treasuresi uksed on vahetatavad, mis t\u00e4hendab, et saate polstrit lihtsalt ise vahetada ja disainile uut elu lisada ilma, et peaksite ostma t\u00e4iesti uut m\u00f6\u00f6blit\u00fckki, s\u00e4\u00e4stes sellega maailma ressursse.<\/p>\n<p>M\u00f5\u00f5dud:\u00a0<strong>H: 75 W: 109 D: 43 cm<\/strong><\/p>\n<p>Kaal: 36kg<\/p>","protected":false},"excerpt":{"rendered":"<p>Treasures on kohandatav p\u00f5hjamaise ilmega kapp. Kapp on valmistatud spoonitud tammepuidust ja kapi kumeratel k\u00fclgedel on kohandatav kate, mis annab Treasuresile pehme puudutuse. Kapi k\u00fcljed avanevad tiibadena, mis hoiavad elegantselt teie peent lik\u00f6\u00f6ri v\u00f5i raamatuid. Kapi keskel asuvates panipaikades on \u00fcks riiul, mis teeb sellest ideaalse lahenduse teie keraamika ja portselani hoidmiseks. Saadaval tamme, tumeda [&hellip;]<\/p>\n","protected":false},"featured_media":1844147,"comment_status":"open","ping_status":"closed","template":"","meta":[],"product_brand":[],"product_cat":[56,42],"product_tag":[353,156,150],"class_list":{"0":"post-1844144","1":"product","2":"type-product","3":"status-publish","4":"has-post-thumbnail","6":"product_cat-kapid","7":"product_cat-kodusisustus","8":"product_tag-kapp","9":"product_tag-moobel","10":"product_tag-umage","12":"first","13":"onbackorder","14":"taxable","15":"shipping-taxable","16":"purchasable","17":"product-type-variable","18":"rtwpvs-product"},"yoast_head":"<!-- This site is optimized with the Yoast SEO plugin v27.2 - https:\/\/yoast.com\/product\/yoast-seo-wordpress\/ -->\n<title>UMAGE - 2 uksega kapp Treasures - RUUBY<\/title>\n<meta name=\"robots\" content=\"index, follow, max-snippet:-1, max-image-preview:large, max-video-preview:-1\" \/>\n<link rel=\"canonical\" href=\"http:\/\/ruuby.ee\/en\/pood\/kodusisustus\/moobel\/kapid\/umage-2-uksega-kapp-treasures\/\" \/>\n<meta property=\"og:locale\" content=\"en_GB\" \/>\n<meta property=\"og:type\" content=\"article\" \/>\n<meta property=\"og:title\" content=\"UMAGE - 2 uksega kapp Treasures - RUUBY\" \/>\n<meta property=\"og:description\" content=\"Treasures on kohandatav p\u00f5hjamaise ilmega kapp. Kapp on valmistatud spoonitud tammepuidust ja kapi kumeratel k\u00fclgedel on kohandatav kate, mis annab Treasuresile pehme puudutuse. Kapi k\u00fcljed avanevad tiibadena, mis hoiavad elegantselt teie peent lik\u00f6\u00f6ri v\u00f5i raamatuid. Kapi keskel asuvates panipaikades on \u00fcks riiul, mis teeb sellest ideaalse lahenduse teie keraamika ja portselani hoidmiseks. Saadaval tamme, tumeda [&hellip;]\" \/>\n<meta property=\"og:url\" content=\"http:\/\/ruuby.ee\/en\/pood\/kodusisustus\/moobel\/kapid\/umage-2-uksega-kapp-treasures\/\" \/>\n<meta property=\"og:site_name\" content=\"RUUBY\" \/>\n<meta property=\"article:publisher\" content=\"https:\/\/www.facebook.com\/ruubyconcept\" \/>\n<meta property=\"article:modified_time\" content=\"2026-04-02T22:24:36+00:00\" \/>\n<meta property=\"og:image\" content=\"http:\/\/ruuby.ee\/wp-content\/uploads\/2024\/04\/Screenshot-2024-04-09-at-13.41.56.png\" \/>\n\t<meta property=\"og:image:width\" content=\"750\" \/>\n\t<meta property=\"og:image:height\" content=\"1118\" \/>\n\t<meta property=\"og:image:type\" content=\"image\/png\" \/>\n<meta name=\"twitter:card\" content=\"summary_large_image\" \/>\n<meta name=\"twitter:label1\" content=\"Estimated reading time\" \/>\n\t<meta name=\"twitter:data1\" content=\"1 minute\" \/>\n<script type=\"application\/ld+json\" class=\"yoast-schema-graph\">{\"@context\":\"https:\/\/schema.org\",\"@graph\":[{\"@type\":[\"WebPage\",\"ItemPage\"],\"@id\":\"http:\/\/ruuby.ee\/en\/pood\/kodusisustus\/moobel\/kapid\/umage-2-uksega-kapp-treasures\/\",\"url\":\"http:\/\/ruuby.ee\/en\/pood\/kodusisustus\/moobel\/kapid\/umage-2-uksega-kapp-treasures\/\",\"name\":\"UMAGE - 2 uksega kapp Treasures - RUUBY\",\"isPartOf\":{\"@id\":\"https:\/\/ruuby.ee\/en\/#website\"},\"primaryImageOfPage\":{\"@id\":\"http:\/\/ruuby.ee\/en\/pood\/kodusisustus\/moobel\/kapid\/umage-2-uksega-kapp-treasures\/#primaryimage\"},\"image\":{\"@id\":\"http:\/\/ruuby.ee\/en\/pood\/kodusisustus\/moobel\/kapid\/umage-2-uksega-kapp-treasures\/#primaryimage\"},\"thumbnailUrl\":\"http:\/\/ruuby.ee\/wp-content\/uploads\/2024\/04\/Screenshot-2024-04-09-at-13.41.56.png\",\"datePublished\":\"2024-04-09T10:56:20+00:00\",\"dateModified\":\"2026-04-02T22:24:36+00:00\",\"breadcrumb\":{\"@id\":\"http:\/\/ruuby.ee\/en\/pood\/kodusisustus\/moobel\/kapid\/umage-2-uksega-kapp-treasures\/#breadcrumb\"},\"inLanguage\":\"en-GB\",\"potentialAction\":[{\"@type\":\"ReadAction\",\"target\":[\"http:\/\/ruuby.ee\/en\/pood\/kodusisustus\/moobel\/kapid\/umage-2-uksega-kapp-treasures\/\"]}]},{\"@type\":\"ImageObject\",\"inLanguage\":\"en-GB\",\"@id\":\"http:\/\/ruuby.ee\/en\/pood\/kodusisustus\/moobel\/kapid\/umage-2-uksega-kapp-treasures\/#primaryimage\",\"url\":\"http:\/\/ruuby.ee\/wp-content\/uploads\/2024\/04\/Screenshot-2024-04-09-at-13.41.56.png\",\"contentUrl\":\"http:\/\/ruuby.ee\/wp-content\/uploads\/2024\/04\/Screenshot-2024-04-09-at-13.41.56.png\",\"width\":750,\"height\":1118},{\"@type\":\"BreadcrumbList\",\"@id\":\"http:\/\/ruuby.ee\/en\/pood\/kodusisustus\/moobel\/kapid\/umage-2-uksega-kapp-treasures\/#breadcrumb\",\"itemListElement\":[{\"@type\":\"ListItem\",\"position\":1,\"name\":\"Kdu\",\"item\":\"https:\/\/ruuby.ee\/en\/\"},{\"@type\":\"ListItem\",\"position\":2,\"name\":\"Pood\",\"item\":\"https:\/\/ruuby.ee\/pood\/\"},{\"@type\":\"ListItem\",\"position\":3,\"name\":\"UMAGE &#8211; 2 uksega kapp Treasures\"}]},{\"@type\":\"WebSite\",\"@id\":\"https:\/\/ruuby.ee\/en\/#website\",\"url\":\"https:\/\/ruuby.ee\/en\/\",\"name\":\"RUUBY\",\"description\":\"Ruubys on \u00fchendatud elustiil ja disain\",\"publisher\":{\"@id\":\"https:\/\/ruuby.ee\/en\/#organization\"},\"alternateName\":\"Ruuby Disain\",\"potentialAction\":[{\"@type\":\"SearchAction\",\"target\":{\"@type\":\"EntryPoint\",\"urlTemplate\":\"https:\/\/ruuby.ee\/en\/?s={search_term_string}\"},\"query-input\":{\"@type\":\"PropertyValueSpecification\",\"valueRequired\":true,\"valueName\":\"search_term_string\"}}],\"inLanguage\":\"en-GB\"},{\"@type\":\"Organization\",\"@id\":\"https:\/\/ruuby.ee\/en\/#organization\",\"name\":\"Ruuby Disain O\u00dc\",\"alternateName\":\"Ruuby\",\"url\":\"https:\/\/ruuby.ee\/en\/\",\"logo\":{\"@type\":\"ImageObject\",\"inLanguage\":\"en-GB\",\"@id\":\"https:\/\/ruuby.ee\/en\/#\/schema\/logo\/image\/\",\"url\":\"http:\/\/ruuby.ee\/wp-content\/uploads\/2023\/06\/cropped-Black-White-Elegant-Circle-Signature-Fashion-Logo-12_large.png\",\"contentUrl\":\"http:\/\/ruuby.ee\/wp-content\/uploads\/2023\/06\/cropped-Black-White-Elegant-Circle-Signature-Fashion-Logo-12_large.png\",\"width\":1280,\"height\":747,\"caption\":\"Ruuby Disain O\u00dc\"},\"image\":{\"@id\":\"https:\/\/ruuby.ee\/en\/#\/schema\/logo\/image\/\"},\"sameAs\":[\"https:\/\/www.facebook.com\/ruubyconcept\",\"https:\/\/www.instagram.com\/ruuby_concept\/\"]}]}<\/script>\n<!-- \/ Yoast SEO plugin. -->","yoast_head_json":{"title":"UMAGE - 2 uksega kapp Treasures - RUUBY","robots":{"index":"index","follow":"follow","max-snippet":"max-snippet:-1","max-image-preview":"max-image-preview:large","max-video-preview":"max-video-preview:-1"},"canonical":"http:\/\/ruuby.ee\/en\/pood\/kodusisustus\/moobel\/kapid\/umage-2-uksega-kapp-treasures\/","og_locale":"en_GB","og_type":"article","og_title":"UMAGE - 2 uksega kapp Treasures - RUUBY","og_description":"Treasures on kohandatav p\u00f5hjamaise ilmega kapp. Kapp on valmistatud spoonitud tammepuidust ja kapi kumeratel k\u00fclgedel on kohandatav kate, mis annab Treasuresile pehme puudutuse. Kapi k\u00fcljed avanevad tiibadena, mis hoiavad elegantselt teie peent lik\u00f6\u00f6ri v\u00f5i raamatuid. Kapi keskel asuvates panipaikades on \u00fcks riiul, mis teeb sellest ideaalse lahenduse teie keraamika ja portselani hoidmiseks. Saadaval tamme, tumeda [&hellip;]","og_url":"http:\/\/ruuby.ee\/en\/pood\/kodusisustus\/moobel\/kapid\/umage-2-uksega-kapp-treasures\/","og_site_name":"RUUBY","article_publisher":"https:\/\/www.facebook.com\/ruubyconcept","article_modified_time":"2026-04-02T22:24:36+00:00","og_image":[{"width":750,"height":1118,"url":"http:\/\/ruuby.ee\/wp-content\/uploads\/2024\/04\/Screenshot-2024-04-09-at-13.41.56.png","type":"image\/png"}],"twitter_card":"summary_large_image","twitter_misc":{"Estimated reading time":"1 minute"},"schema":{"@context":"https:\/\/schema.org","@graph":[{"@type":["WebPage","ItemPage"],"@id":"http:\/\/ruuby.ee\/en\/pood\/kodusisustus\/moobel\/kapid\/umage-2-uksega-kapp-treasures\/","url":"http:\/\/ruuby.ee\/en\/pood\/kodusisustus\/moobel\/kapid\/umage-2-uksega-kapp-treasures\/","name":"UMAGE - 2 uksega kapp Treasures - RUUBY","isPartOf":{"@id":"https:\/\/ruuby.ee\/en\/#website"},"primaryImageOfPage":{"@id":"http:\/\/ruuby.ee\/en\/pood\/kodusisustus\/moobel\/kapid\/umage-2-uksega-kapp-treasures\/#primaryimage"},"image":{"@id":"http:\/\/ruuby.ee\/en\/pood\/kodusisustus\/moobel\/kapid\/umage-2-uksega-kapp-treasures\/#primaryimage"},"thumbnailUrl":"http:\/\/ruuby.ee\/wp-content\/uploads\/2024\/04\/Screenshot-2024-04-09-at-13.41.56.png","datePublished":"2024-04-09T10:56:20+00:00","dateModified":"2026-04-02T22:24:36+00:00","breadcrumb":{"@id":"http:\/\/ruuby.ee\/en\/pood\/kodusisustus\/moobel\/kapid\/umage-2-uksega-kapp-treasures\/#breadcrumb"},"inLanguage":"en-GB","potentialAction":[{"@type":"ReadAction","target":["http:\/\/ruuby.ee\/en\/pood\/kodusisustus\/moobel\/kapid\/umage-2-uksega-kapp-treasures\/"]}]},{"@type":"ImageObject","inLanguage":"en-GB","@id":"http:\/\/ruuby.ee\/en\/pood\/kodusisustus\/moobel\/kapid\/umage-2-uksega-kapp-treasures\/#primaryimage","url":"http:\/\/ruuby.ee\/wp-content\/uploads\/2024\/04\/Screenshot-2024-04-09-at-13.41.56.png","contentUrl":"http:\/\/ruuby.ee\/wp-content\/uploads\/2024\/04\/Screenshot-2024-04-09-at-13.41.56.png","width":750,"height":1118},{"@type":"BreadcrumbList","@id":"http:\/\/ruuby.ee\/en\/pood\/kodusisustus\/moobel\/kapid\/umage-2-uksega-kapp-treasures\/#breadcrumb","itemListElement":[{"@type":"ListItem","position":1,"name":"Kdu","item":"https:\/\/ruuby.ee\/en\/"},{"@type":"ListItem","position":2,"name":"Pood","item":"https:\/\/ruuby.ee\/pood\/"},{"@type":"ListItem","position":3,"name":"UMAGE &#8211; 2 uksega kapp Treasures"}]},{"@type":"WebSite","@id":"https:\/\/ruuby.ee\/en\/#website","url":"https:\/\/ruuby.ee\/en\/","name":"RUUBY","description":"Ruubys on \u00fchendatud elustiil ja disain","publisher":{"@id":"https:\/\/ruuby.ee\/en\/#organization"},"alternateName":"Ruuby Disain","potentialAction":[{"@type":"SearchAction","target":{"@type":"EntryPoint","urlTemplate":"https:\/\/ruuby.ee\/en\/?s={search_term_string}"},"query-input":{"@type":"PropertyValueSpecification","valueRequired":true,"valueName":"search_term_string"}}],"inLanguage":"en-GB"},{"@type":"Organization","@id":"https:\/\/ruuby.ee\/en\/#organization","name":"Ruuby Disain O\u00dc","alternateName":"Ruuby","url":"https:\/\/ruuby.ee\/en\/","logo":{"@type":"ImageObject","inLanguage":"en-GB","@id":"https:\/\/ruuby.ee\/en\/#\/schema\/logo\/image\/","url":"http:\/\/ruuby.ee\/wp-content\/uploads\/2023\/06\/cropped-Black-White-Elegant-Circle-Signature-Fashion-Logo-12_large.png","contentUrl":"http:\/\/ruuby.ee\/wp-content\/uploads\/2023\/06\/cropped-Black-White-Elegant-Circle-Signature-Fashion-Logo-12_large.png","width":1280,"height":747,"caption":"Ruuby Disain O\u00dc"},"image":{"@id":"https:\/\/ruuby.ee\/en\/#\/schema\/logo\/image\/"},"sameAs":["https:\/\/www.facebook.com\/ruubyconcept","https:\/\/www.instagram.com\/ruuby_concept\/"]}]}},"jetpack_sharing_enabled":true,"_links":{"self":[{"href":"http:\/\/ruuby.ee\/en\/wp-json\/wp\/v2\/product\/1844144","targetHints":{"allow":["GET"]}}],"collection":[{"href":"http:\/\/ruuby.ee\/en\/wp-json\/wp\/v2\/product"}],"about":[{"href":"http:\/\/ruuby.ee\/en\/wp-json\/wp\/v2\/types\/product"}],"replies":[{"embeddable":true,"href":"http:\/\/ruuby.ee\/en\/wp-json\/wp\/v2\/comments?post=1844144"}],"wp:featuredmedia":[{"embeddable":true,"href":"http:\/\/ruuby.ee\/en\/wp-json\/wp\/v2\/media\/1844147"}],"wp:attachment":[{"href":"http:\/\/ruuby.ee\/en\/wp-json\/wp\/v2\/media?parent=1844144"}],"wp:term":[{"taxonomy":"product_brand","embeddable":true,"href":"http:\/\/ruuby.ee\/en\/wp-json\/wp\/v2\/product_brand?post=1844144"},{"taxonomy":"product_cat","embeddable":true,"href":"http:\/\/ruuby.ee\/en\/wp-json\/wp\/v2\/product_cat?post=1844144"},{"taxonomy":"product_tag","embeddable":true,"href":"http:\/\/ruuby.ee\/en\/wp-json\/wp\/v2\/product_tag?post=1844144"}],"curies":[{"name":"wp","href":"https:\/\/api.w.org\/{rel}","templated":true}]}}