{"id":1843709,"date":"2024-03-13T15:05:02","date_gmt":"2024-03-13T13:05:02","guid":{"rendered":"http:\/\/ruuby.ee\/?post_type=product&#038;p=1843709"},"modified":"2026-04-08T01:28:35","modified_gmt":"2026-04-07T22:28:35","slug":"wouf-rannakott-menorca","status":"publish","type":"product","link":"http:\/\/ruuby.ee\/en\/pood\/aksessuaarid\/kotid\/wouf-rannakott-menorca\/","title":{"rendered":"WOUF &#8211; Rannakott, Tenerife"},"content":{"rendered":"<p>Orgaanilisest puuvillast kangas on ruumikas ja stiilne aksessuaar, mis \u00fchendab funktsionaalsuse pingevaba suveh\u00f5nguga.<\/p>\n<p>Sellel kotil on suur p\u00f5hisahtel, mis pakub piisavalt ruumi teile randa minekuks v\u00f5i mahutab igap\u00e4evased asjad. Tenerife kandekott on ideaalne kaaslane suvisteks v\u00e4ljas\u00f5itudeks ja rannaseiklusteks.<\/p>\n<p>M\u00f5\u00f5dud: 35 x 33 x 35 cm<br \/>\nMahutavus: 40L<br \/>\nRihmade pikkus: 60 cm<\/p>\n<p>100% orgaaniline puuvillane froteekangas \u017eakaarkangas.<br \/>\nOrgaanilise puuvilla etikett.<br \/>\nV\u00e4rvimis- ja viimistlusprotsess on sertifitseeritud GRS standarditega.<\/p>\n<p>Hooldusjuhised: K\u00e4sitsi pesta k\u00fclmas vees neutraalse seebiga.<\/p>\n<p>Valmistatud Hispaanias.<\/p>","protected":false},"excerpt":{"rendered":"<p>Tenerife suur kandekott, mis on valmistatud pehmest r\u00e4tikulaadsest 100% orgaanilisest puuvillakangast, on mahukas ja stiilne aksessuaar, mis \u00fchendab funktsionaalsuse l\u00f5\u00f5gastava suvise meeleoluga.<\/p>","protected":false},"featured_media":1853147,"comment_status":"open","ping_status":"closed","template":"","meta":[],"product_brand":[],"product_cat":[670,33],"product_tag":[],"class_list":{"0":"post-1843709","1":"product","2":"type-product","3":"status-publish","4":"has-post-thumbnail","6":"product_cat-kandekott","7":"product_cat-kotid","9":"first","10":"outofstock","11":"taxable","12":"shipping-taxable","13":"purchasable","14":"product-type-simple"},"yoast_head":"<!-- This site is optimized with the Yoast SEO plugin v27.3 - https:\/\/yoast.com\/product\/yoast-seo-wordpress\/ -->\n<title>WOUF - Rannakott, Tenerife - RUUBY<\/title>\n<meta name=\"robots\" content=\"index, follow, max-snippet:-1, max-image-preview:large, max-video-preview:-1\" \/>\n<link rel=\"canonical\" href=\"http:\/\/ruuby.ee\/en\/pood\/aksessuaarid\/kotid\/wouf-rannakott-menorca\/\" \/>\n<meta property=\"og:locale\" content=\"en_GB\" \/>\n<meta property=\"og:type\" content=\"article\" \/>\n<meta property=\"og:title\" content=\"WOUF - Rannakott, Tenerife - RUUBY\" \/>\n<meta property=\"og:description\" content=\"Tenerife suur kandekott, mis on valmistatud pehmest r\u00e4tikulaadsest 100% orgaanilisest puuvillakangast, on mahukas ja stiilne aksessuaar, mis \u00fchendab funktsionaalsuse l\u00f5\u00f5gastava suvise meeleoluga.\" \/>\n<meta property=\"og:url\" content=\"http:\/\/ruuby.ee\/en\/pood\/aksessuaarid\/kotid\/wouf-rannakott-menorca\/\" \/>\n<meta property=\"og:site_name\" content=\"RUUBY\" \/>\n<meta property=\"article:publisher\" content=\"https:\/\/www.facebook.com\/ruubyconcept\" \/>\n<meta property=\"article:modified_time\" content=\"2026-04-07T22:28:35+00:00\" \/>\n<meta property=\"og:image\" content=\"http:\/\/ruuby.ee\/wp-content\/uploads\/2024\/03\/Screenshot-2025-05-05-at-12.08.05.png\" \/>\n\t<meta property=\"og:image:width\" content=\"934\" \/>\n\t<meta property=\"og:image:height\" content=\"1180\" \/>\n\t<meta property=\"og:image:type\" content=\"image\/png\" \/>\n<meta name=\"twitter:card\" content=\"summary_large_image\" \/>\n<meta name=\"twitter:label1\" content=\"Estimated reading time\" \/>\n\t<meta name=\"twitter:data1\" content=\"1 minute\" \/>\n<script type=\"application\/ld+json\" class=\"yoast-schema-graph\">{\"@context\":\"https:\\\/\\\/schema.org\",\"@graph\":[{\"@type\":[\"WebPage\",\"ItemPage\"],\"@id\":\"http:\\\/\\\/ruuby.ee\\\/pood\\\/aksessuaarid\\\/kotid\\\/wouf-rannakott-menorca\\\/\",\"url\":\"http:\\\/\\\/ruuby.ee\\\/pood\\\/aksessuaarid\\\/kotid\\\/wouf-rannakott-menorca\\\/\",\"name\":\"WOUF - Rannakott, Tenerife - RUUBY\",\"isPartOf\":{\"@id\":\"http:\\\/\\\/ruuby.ee\\\/#website\"},\"primaryImageOfPage\":{\"@id\":\"http:\\\/\\\/ruuby.ee\\\/pood\\\/aksessuaarid\\\/kotid\\\/wouf-rannakott-menorca\\\/#primaryimage\"},\"image\":{\"@id\":\"http:\\\/\\\/ruuby.ee\\\/pood\\\/aksessuaarid\\\/kotid\\\/wouf-rannakott-menorca\\\/#primaryimage\"},\"thumbnailUrl\":\"http:\\\/\\\/ruuby.ee\\\/wp-content\\\/uploads\\\/2024\\\/03\\\/Screenshot-2025-05-05-at-12.08.05.png\",\"datePublished\":\"2024-03-13T13:05:02+00:00\",\"dateModified\":\"2026-04-07T22:28:35+00:00\",\"breadcrumb\":{\"@id\":\"http:\\\/\\\/ruuby.ee\\\/pood\\\/aksessuaarid\\\/kotid\\\/wouf-rannakott-menorca\\\/#breadcrumb\"},\"inLanguage\":\"en-GB\",\"potentialAction\":[{\"@type\":\"ReadAction\",\"target\":[\"http:\\\/\\\/ruuby.ee\\\/pood\\\/aksessuaarid\\\/kotid\\\/wouf-rannakott-menorca\\\/\"]}]},{\"@type\":\"ImageObject\",\"inLanguage\":\"en-GB\",\"@id\":\"http:\\\/\\\/ruuby.ee\\\/pood\\\/aksessuaarid\\\/kotid\\\/wouf-rannakott-menorca\\\/#primaryimage\",\"url\":\"http:\\\/\\\/ruuby.ee\\\/wp-content\\\/uploads\\\/2024\\\/03\\\/Screenshot-2025-05-05-at-12.08.05.png\",\"contentUrl\":\"http:\\\/\\\/ruuby.ee\\\/wp-content\\\/uploads\\\/2024\\\/03\\\/Screenshot-2025-05-05-at-12.08.05.png\",\"width\":934,\"height\":1180},{\"@type\":\"BreadcrumbList\",\"@id\":\"http:\\\/\\\/ruuby.ee\\\/pood\\\/aksessuaarid\\\/kotid\\\/wouf-rannakott-menorca\\\/#breadcrumb\",\"itemListElement\":[{\"@type\":\"ListItem\",\"position\":1,\"name\":\"Kdu\",\"item\":\"http:\\\/\\\/ruuby.ee\\\/\"},{\"@type\":\"ListItem\",\"position\":2,\"name\":\"Pood\",\"item\":\"http:\\\/\\\/ruuby.ee\\\/pood\\\/\"},{\"@type\":\"ListItem\",\"position\":3,\"name\":\"WOUF &#8211; Rannakott, Tenerife\"}]},{\"@type\":\"WebSite\",\"@id\":\"http:\\\/\\\/ruuby.ee\\\/#website\",\"url\":\"http:\\\/\\\/ruuby.ee\\\/\",\"name\":\"RUUBY\",\"description\":\"Ruubys on \u00fchendatud elustiil ja disain\",\"publisher\":{\"@id\":\"http:\\\/\\\/ruuby.ee\\\/#organization\"},\"alternateName\":\"Ruuby Disain\",\"potentialAction\":[{\"@type\":\"SearchAction\",\"target\":{\"@type\":\"EntryPoint\",\"urlTemplate\":\"http:\\\/\\\/ruuby.ee\\\/?s={search_term_string}\"},\"query-input\":{\"@type\":\"PropertyValueSpecification\",\"valueRequired\":true,\"valueName\":\"search_term_string\"}}],\"inLanguage\":\"en-GB\"},{\"@type\":\"Organization\",\"@id\":\"http:\\\/\\\/ruuby.ee\\\/#organization\",\"name\":\"Ruuby Disain O\u00dc\",\"alternateName\":\"Ruuby\",\"url\":\"http:\\\/\\\/ruuby.ee\\\/\",\"logo\":{\"@type\":\"ImageObject\",\"inLanguage\":\"en-GB\",\"@id\":\"http:\\\/\\\/ruuby.ee\\\/#\\\/schema\\\/logo\\\/image\\\/\",\"url\":\"http:\\\/\\\/ruuby.ee\\\/wp-content\\\/uploads\\\/2023\\\/06\\\/cropped-Black-White-Elegant-Circle-Signature-Fashion-Logo-12_large.png\",\"contentUrl\":\"http:\\\/\\\/ruuby.ee\\\/wp-content\\\/uploads\\\/2023\\\/06\\\/cropped-Black-White-Elegant-Circle-Signature-Fashion-Logo-12_large.png\",\"width\":1280,\"height\":747,\"caption\":\"Ruuby Disain O\u00dc\"},\"image\":{\"@id\":\"http:\\\/\\\/ruuby.ee\\\/#\\\/schema\\\/logo\\\/image\\\/\"},\"sameAs\":[\"https:\\\/\\\/www.facebook.com\\\/ruubyconcept\",\"https:\\\/\\\/www.instagram.com\\\/ruuby_concept\\\/\"]}]}<\/script>\n<!-- \/ Yoast SEO plugin. -->","yoast_head_json":{"title":"WOUF - Rannakott, Tenerife - RUUBY","robots":{"index":"index","follow":"follow","max-snippet":"max-snippet:-1","max-image-preview":"max-image-preview:large","max-video-preview":"max-video-preview:-1"},"canonical":"http:\/\/ruuby.ee\/en\/pood\/aksessuaarid\/kotid\/wouf-rannakott-menorca\/","og_locale":"en_GB","og_type":"article","og_title":"WOUF - Rannakott, Tenerife - RUUBY","og_description":"Tenerife suur kandekott, mis on valmistatud pehmest r\u00e4tikulaadsest 100% orgaanilisest puuvillakangast, on mahukas ja stiilne aksessuaar, mis \u00fchendab funktsionaalsuse l\u00f5\u00f5gastava suvise meeleoluga.","og_url":"http:\/\/ruuby.ee\/en\/pood\/aksessuaarid\/kotid\/wouf-rannakott-menorca\/","og_site_name":"RUUBY","article_publisher":"https:\/\/www.facebook.com\/ruubyconcept","article_modified_time":"2026-04-07T22:28:35+00:00","og_image":[{"width":934,"height":1180,"url":"http:\/\/ruuby.ee\/wp-content\/uploads\/2024\/03\/Screenshot-2025-05-05-at-12.08.05.png","type":"image\/png"}],"twitter_card":"summary_large_image","twitter_misc":{"Estimated reading time":"1 minute"},"schema":{"@context":"https:\/\/schema.org","@graph":[{"@type":["WebPage","ItemPage"],"@id":"http:\/\/ruuby.ee\/pood\/aksessuaarid\/kotid\/wouf-rannakott-menorca\/","url":"http:\/\/ruuby.ee\/pood\/aksessuaarid\/kotid\/wouf-rannakott-menorca\/","name":"WOUF - Rannakott, Tenerife - RUUBY","isPartOf":{"@id":"http:\/\/ruuby.ee\/#website"},"primaryImageOfPage":{"@id":"http:\/\/ruuby.ee\/pood\/aksessuaarid\/kotid\/wouf-rannakott-menorca\/#primaryimage"},"image":{"@id":"http:\/\/ruuby.ee\/pood\/aksessuaarid\/kotid\/wouf-rannakott-menorca\/#primaryimage"},"thumbnailUrl":"http:\/\/ruuby.ee\/wp-content\/uploads\/2024\/03\/Screenshot-2025-05-05-at-12.08.05.png","datePublished":"2024-03-13T13:05:02+00:00","dateModified":"2026-04-07T22:28:35+00:00","breadcrumb":{"@id":"http:\/\/ruuby.ee\/pood\/aksessuaarid\/kotid\/wouf-rannakott-menorca\/#breadcrumb"},"inLanguage":"en-GB","potentialAction":[{"@type":"ReadAction","target":["http:\/\/ruuby.ee\/pood\/aksessuaarid\/kotid\/wouf-rannakott-menorca\/"]}]},{"@type":"ImageObject","inLanguage":"en-GB","@id":"http:\/\/ruuby.ee\/pood\/aksessuaarid\/kotid\/wouf-rannakott-menorca\/#primaryimage","url":"http:\/\/ruuby.ee\/wp-content\/uploads\/2024\/03\/Screenshot-2025-05-05-at-12.08.05.png","contentUrl":"http:\/\/ruuby.ee\/wp-content\/uploads\/2024\/03\/Screenshot-2025-05-05-at-12.08.05.png","width":934,"height":1180},{"@type":"BreadcrumbList","@id":"http:\/\/ruuby.ee\/pood\/aksessuaarid\/kotid\/wouf-rannakott-menorca\/#breadcrumb","itemListElement":[{"@type":"ListItem","position":1,"name":"Kdu","item":"http:\/\/ruuby.ee\/"},{"@type":"ListItem","position":2,"name":"Pood","item":"http:\/\/ruuby.ee\/pood\/"},{"@type":"ListItem","position":3,"name":"WOUF &#8211; Rannakott, Tenerife"}]},{"@type":"WebSite","@id":"http:\/\/ruuby.ee\/#website","url":"http:\/\/ruuby.ee\/","name":"RUUBY","description":"Ruubys on \u00fchendatud elustiil ja disain","publisher":{"@id":"http:\/\/ruuby.ee\/#organization"},"alternateName":"Ruuby Disain","potentialAction":[{"@type":"SearchAction","target":{"@type":"EntryPoint","urlTemplate":"http:\/\/ruuby.ee\/?s={search_term_string}"},"query-input":{"@type":"PropertyValueSpecification","valueRequired":true,"valueName":"search_term_string"}}],"inLanguage":"en-GB"},{"@type":"Organization","@id":"http:\/\/ruuby.ee\/#organization","name":"Ruuby Disain O\u00dc","alternateName":"Ruuby","url":"http:\/\/ruuby.ee\/","logo":{"@type":"ImageObject","inLanguage":"en-GB","@id":"http:\/\/ruuby.ee\/#\/schema\/logo\/image\/","url":"http:\/\/ruuby.ee\/wp-content\/uploads\/2023\/06\/cropped-Black-White-Elegant-Circle-Signature-Fashion-Logo-12_large.png","contentUrl":"http:\/\/ruuby.ee\/wp-content\/uploads\/2023\/06\/cropped-Black-White-Elegant-Circle-Signature-Fashion-Logo-12_large.png","width":1280,"height":747,"caption":"Ruuby Disain O\u00dc"},"image":{"@id":"http:\/\/ruuby.ee\/#\/schema\/logo\/image\/"},"sameAs":["https:\/\/www.facebook.com\/ruubyconcept","https:\/\/www.instagram.com\/ruuby_concept\/"]}]}},"jetpack_sharing_enabled":true,"_links":{"self":[{"href":"http:\/\/ruuby.ee\/en\/wp-json\/wp\/v2\/product\/1843709","targetHints":{"allow":["GET"]}}],"collection":[{"href":"http:\/\/ruuby.ee\/en\/wp-json\/wp\/v2\/product"}],"about":[{"href":"http:\/\/ruuby.ee\/en\/wp-json\/wp\/v2\/types\/product"}],"replies":[{"embeddable":true,"href":"http:\/\/ruuby.ee\/en\/wp-json\/wp\/v2\/comments?post=1843709"}],"wp:featuredmedia":[{"embeddable":true,"href":"http:\/\/ruuby.ee\/en\/wp-json\/wp\/v2\/media\/1853147"}],"wp:attachment":[{"href":"http:\/\/ruuby.ee\/en\/wp-json\/wp\/v2\/media?parent=1843709"}],"wp:term":[{"taxonomy":"product_brand","embeddable":true,"href":"http:\/\/ruuby.ee\/en\/wp-json\/wp\/v2\/product_brand?post=1843709"},{"taxonomy":"product_cat","embeddable":true,"href":"http:\/\/ruuby.ee\/en\/wp-json\/wp\/v2\/product_cat?post=1843709"},{"taxonomy":"product_tag","embeddable":true,"href":"http:\/\/ruuby.ee\/en\/wp-json\/wp\/v2\/product_tag?post=1843709"}],"curies":[{"name":"wp","href":"https:\/\/api.w.org\/{rel}","templated":true}]}}