{"id":1843564,"date":"2024-02-24T16:24:05","date_gmt":"2024-02-24T14:24:05","guid":{"rendered":"http:\/\/ruuby.ee\/?post_type=product&#038;p=1843564"},"modified":"2026-04-04T01:24:59","modified_gmt":"2026-04-03T22:24:59","slug":"umage-rosette-mini","status":"publish","type":"product","link":"http:\/\/ruuby.ee\/en\/pood\/kodusisustus\/valgustus\/lisad\/umage-rosette-mini\/","title":{"rendered":"UMAGE &#8211; Rosette Mini"},"content":{"rendered":"<p>Rosette mini\u2122 on 1, 3 v\u00f5i 5 G4 pistikupesaga sokli juhtmekomplekt, mis v\u00f5imaldab luua elavaid kobaraid koos meie uue Forget Me Not\u2122 lambivarjuga. Lambivarju ja soklit m\u00fc\u00fcakse eraldi, mis v\u00f5imaldab teil aja jooksul vahetada teise lambivarju v\u00f5i -suuruse vastu \u2013 seda ei piira tulevased ja minevad trendid.<\/p>\n<p>M\u00f5\u00f5dud:<\/p>\n<p>Rosette Mini single \u00d8: 10 H: 2.7 cm<br \/>\nRosette Mini cluster 3 \u00d8: 20 H: 3.2 cm<br \/>\nRosette Mini cluster 5 \u00d8: 20 H:3.2 cm<\/p>\n<p>Materjal: Teras ja pol\u00fcprop\u00fcleen, sh. 3 m \/ 9\u20198&#8243; must juhe, metallist varikatus ja hajutikorgid<\/p>\n<p>&nbsp;<\/p>","protected":false},"excerpt":{"rendered":"<p>Rosette mini\u2122 on 1, 3 v\u00f5i 5 G4 pistikupesaga sokli juhtmekomplekt, mis v\u00f5imaldab luua elavaid kobaraid koos meie uue Forget Me Not\u2122 lambivarjuga. Lambivarju ja soklit m\u00fc\u00fcakse eraldi, mis v\u00f5imaldab teil aja jooksul vahetada teise lambivarju v\u00f5i -suuruse vastu \u2013 seda ei piira tulevased ja minevad trendid. M\u00f5\u00f5dud: Rosette Mini single \u00d8: 10 H: 2.7 [&hellip;]<\/p>\n","protected":false},"featured_media":1843568,"comment_status":"open","ping_status":"closed","template":"","meta":[],"product_brand":[],"product_cat":[800,59],"product_tag":[803,150],"class_list":{"0":"post-1843564","1":"product","2":"type-product","3":"status-publish","4":"has-post-thumbnail","6":"product_cat-lisad","7":"product_cat-valgustus","8":"product_tag-rosette","9":"product_tag-umage","11":"first","12":"onbackorder","13":"taxable","14":"shipping-taxable","15":"purchasable","16":"product-type-variable","17":"rtwpvs-product"},"yoast_head":"<!-- This site is optimized with the Yoast SEO plugin v27.2 - https:\/\/yoast.com\/product\/yoast-seo-wordpress\/ -->\n<title>UMAGE - Rosette Mini - RUUBY<\/title>\n<meta name=\"robots\" content=\"index, follow, max-snippet:-1, max-image-preview:large, max-video-preview:-1\" \/>\n<link rel=\"canonical\" href=\"http:\/\/ruuby.ee\/en\/pood\/kodusisustus\/valgustus\/lisad\/umage-rosette-mini\/\" \/>\n<meta property=\"og:locale\" content=\"en_GB\" \/>\n<meta property=\"og:type\" content=\"article\" \/>\n<meta property=\"og:title\" content=\"UMAGE - Rosette Mini - RUUBY\" \/>\n<meta property=\"og:description\" content=\"Rosette mini\u2122 on 1, 3 v\u00f5i 5 G4 pistikupesaga sokli juhtmekomplekt, mis v\u00f5imaldab luua elavaid kobaraid koos meie uue Forget Me Not\u2122 lambivarjuga. Lambivarju ja soklit m\u00fc\u00fcakse eraldi, mis v\u00f5imaldab teil aja jooksul vahetada teise lambivarju v\u00f5i -suuruse vastu \u2013 seda ei piira tulevased ja minevad trendid. M\u00f5\u00f5dud: Rosette Mini single \u00d8: 10 H: 2.7 [&hellip;]\" \/>\n<meta property=\"og:url\" content=\"http:\/\/ruuby.ee\/en\/pood\/kodusisustus\/valgustus\/lisad\/umage-rosette-mini\/\" \/>\n<meta property=\"og:site_name\" content=\"RUUBY\" \/>\n<meta property=\"article:publisher\" content=\"https:\/\/www.facebook.com\/ruubyconcept\" \/>\n<meta property=\"article:modified_time\" content=\"2026-04-03T22:24:59+00:00\" \/>\n<meta property=\"og:image\" content=\"http:\/\/ruuby.ee\/wp-content\/uploads\/2024\/02\/Screenshot-2024-02-24-at-14.20.09.png\" \/>\n\t<meta property=\"og:image:width\" content=\"912\" \/>\n\t<meta property=\"og:image:height\" content=\"942\" \/>\n\t<meta property=\"og:image:type\" content=\"image\/png\" \/>\n<meta name=\"twitter:card\" content=\"summary_large_image\" \/>\n<meta name=\"twitter:label1\" content=\"Estimated reading time\" \/>\n\t<meta name=\"twitter:data1\" content=\"1 minute\" \/>\n<script type=\"application\/ld+json\" class=\"yoast-schema-graph\">{\"@context\":\"https:\/\/schema.org\",\"@graph\":[{\"@type\":[\"WebPage\",\"ItemPage\"],\"@id\":\"http:\/\/ruuby.ee\/en\/pood\/kodusisustus\/valgustus\/lisad\/umage-rosette-mini\/\",\"url\":\"http:\/\/ruuby.ee\/en\/pood\/kodusisustus\/valgustus\/lisad\/umage-rosette-mini\/\",\"name\":\"UMAGE - Rosette Mini - RUUBY\",\"isPartOf\":{\"@id\":\"https:\/\/ruuby.ee\/en\/#website\"},\"primaryImageOfPage\":{\"@id\":\"http:\/\/ruuby.ee\/en\/pood\/kodusisustus\/valgustus\/lisad\/umage-rosette-mini\/#primaryimage\"},\"image\":{\"@id\":\"http:\/\/ruuby.ee\/en\/pood\/kodusisustus\/valgustus\/lisad\/umage-rosette-mini\/#primaryimage\"},\"thumbnailUrl\":\"http:\/\/ruuby.ee\/wp-content\/uploads\/2024\/02\/Screenshot-2024-02-24-at-14.20.09.png\",\"datePublished\":\"2024-02-24T14:24:05+00:00\",\"dateModified\":\"2026-04-03T22:24:59+00:00\",\"breadcrumb\":{\"@id\":\"http:\/\/ruuby.ee\/en\/pood\/kodusisustus\/valgustus\/lisad\/umage-rosette-mini\/#breadcrumb\"},\"inLanguage\":\"en-GB\",\"potentialAction\":[{\"@type\":\"ReadAction\",\"target\":[\"http:\/\/ruuby.ee\/en\/pood\/kodusisustus\/valgustus\/lisad\/umage-rosette-mini\/\"]}]},{\"@type\":\"ImageObject\",\"inLanguage\":\"en-GB\",\"@id\":\"http:\/\/ruuby.ee\/en\/pood\/kodusisustus\/valgustus\/lisad\/umage-rosette-mini\/#primaryimage\",\"url\":\"http:\/\/ruuby.ee\/wp-content\/uploads\/2024\/02\/Screenshot-2024-02-24-at-14.20.09.png\",\"contentUrl\":\"http:\/\/ruuby.ee\/wp-content\/uploads\/2024\/02\/Screenshot-2024-02-24-at-14.20.09.png\",\"width\":912,\"height\":942},{\"@type\":\"BreadcrumbList\",\"@id\":\"http:\/\/ruuby.ee\/en\/pood\/kodusisustus\/valgustus\/lisad\/umage-rosette-mini\/#breadcrumb\",\"itemListElement\":[{\"@type\":\"ListItem\",\"position\":1,\"name\":\"Kdu\",\"item\":\"https:\/\/ruuby.ee\/en\/\"},{\"@type\":\"ListItem\",\"position\":2,\"name\":\"Pood\",\"item\":\"https:\/\/ruuby.ee\/pood\/\"},{\"@type\":\"ListItem\",\"position\":3,\"name\":\"UMAGE &#8211; Rosette Mini\"}]},{\"@type\":\"WebSite\",\"@id\":\"https:\/\/ruuby.ee\/en\/#website\",\"url\":\"https:\/\/ruuby.ee\/en\/\",\"name\":\"RUUBY\",\"description\":\"Ruubys on \u00fchendatud elustiil ja disain\",\"publisher\":{\"@id\":\"https:\/\/ruuby.ee\/en\/#organization\"},\"alternateName\":\"Ruuby Disain\",\"potentialAction\":[{\"@type\":\"SearchAction\",\"target\":{\"@type\":\"EntryPoint\",\"urlTemplate\":\"https:\/\/ruuby.ee\/en\/?s={search_term_string}\"},\"query-input\":{\"@type\":\"PropertyValueSpecification\",\"valueRequired\":true,\"valueName\":\"search_term_string\"}}],\"inLanguage\":\"en-GB\"},{\"@type\":\"Organization\",\"@id\":\"https:\/\/ruuby.ee\/en\/#organization\",\"name\":\"Ruuby Disain O\u00dc\",\"alternateName\":\"Ruuby\",\"url\":\"https:\/\/ruuby.ee\/en\/\",\"logo\":{\"@type\":\"ImageObject\",\"inLanguage\":\"en-GB\",\"@id\":\"https:\/\/ruuby.ee\/en\/#\/schema\/logo\/image\/\",\"url\":\"http:\/\/ruuby.ee\/wp-content\/uploads\/2023\/06\/cropped-Black-White-Elegant-Circle-Signature-Fashion-Logo-12_large.png\",\"contentUrl\":\"http:\/\/ruuby.ee\/wp-content\/uploads\/2023\/06\/cropped-Black-White-Elegant-Circle-Signature-Fashion-Logo-12_large.png\",\"width\":1280,\"height\":747,\"caption\":\"Ruuby Disain O\u00dc\"},\"image\":{\"@id\":\"https:\/\/ruuby.ee\/en\/#\/schema\/logo\/image\/\"},\"sameAs\":[\"https:\/\/www.facebook.com\/ruubyconcept\",\"https:\/\/www.instagram.com\/ruuby_concept\/\"]}]}<\/script>\n<!-- \/ Yoast SEO plugin. -->","yoast_head_json":{"title":"UMAGE - Rosette Mini - RUUBY","robots":{"index":"index","follow":"follow","max-snippet":"max-snippet:-1","max-image-preview":"max-image-preview:large","max-video-preview":"max-video-preview:-1"},"canonical":"http:\/\/ruuby.ee\/en\/pood\/kodusisustus\/valgustus\/lisad\/umage-rosette-mini\/","og_locale":"en_GB","og_type":"article","og_title":"UMAGE - Rosette Mini - RUUBY","og_description":"Rosette mini\u2122 on 1, 3 v\u00f5i 5 G4 pistikupesaga sokli juhtmekomplekt, mis v\u00f5imaldab luua elavaid kobaraid koos meie uue Forget Me Not\u2122 lambivarjuga. Lambivarju ja soklit m\u00fc\u00fcakse eraldi, mis v\u00f5imaldab teil aja jooksul vahetada teise lambivarju v\u00f5i -suuruse vastu \u2013 seda ei piira tulevased ja minevad trendid. M\u00f5\u00f5dud: Rosette Mini single \u00d8: 10 H: 2.7 [&hellip;]","og_url":"http:\/\/ruuby.ee\/en\/pood\/kodusisustus\/valgustus\/lisad\/umage-rosette-mini\/","og_site_name":"RUUBY","article_publisher":"https:\/\/www.facebook.com\/ruubyconcept","article_modified_time":"2026-04-03T22:24:59+00:00","og_image":[{"width":912,"height":942,"url":"http:\/\/ruuby.ee\/wp-content\/uploads\/2024\/02\/Screenshot-2024-02-24-at-14.20.09.png","type":"image\/png"}],"twitter_card":"summary_large_image","twitter_misc":{"Estimated reading time":"1 minute"},"schema":{"@context":"https:\/\/schema.org","@graph":[{"@type":["WebPage","ItemPage"],"@id":"http:\/\/ruuby.ee\/en\/pood\/kodusisustus\/valgustus\/lisad\/umage-rosette-mini\/","url":"http:\/\/ruuby.ee\/en\/pood\/kodusisustus\/valgustus\/lisad\/umage-rosette-mini\/","name":"UMAGE - Rosette Mini - RUUBY","isPartOf":{"@id":"https:\/\/ruuby.ee\/en\/#website"},"primaryImageOfPage":{"@id":"http:\/\/ruuby.ee\/en\/pood\/kodusisustus\/valgustus\/lisad\/umage-rosette-mini\/#primaryimage"},"image":{"@id":"http:\/\/ruuby.ee\/en\/pood\/kodusisustus\/valgustus\/lisad\/umage-rosette-mini\/#primaryimage"},"thumbnailUrl":"http:\/\/ruuby.ee\/wp-content\/uploads\/2024\/02\/Screenshot-2024-02-24-at-14.20.09.png","datePublished":"2024-02-24T14:24:05+00:00","dateModified":"2026-04-03T22:24:59+00:00","breadcrumb":{"@id":"http:\/\/ruuby.ee\/en\/pood\/kodusisustus\/valgustus\/lisad\/umage-rosette-mini\/#breadcrumb"},"inLanguage":"en-GB","potentialAction":[{"@type":"ReadAction","target":["http:\/\/ruuby.ee\/en\/pood\/kodusisustus\/valgustus\/lisad\/umage-rosette-mini\/"]}]},{"@type":"ImageObject","inLanguage":"en-GB","@id":"http:\/\/ruuby.ee\/en\/pood\/kodusisustus\/valgustus\/lisad\/umage-rosette-mini\/#primaryimage","url":"http:\/\/ruuby.ee\/wp-content\/uploads\/2024\/02\/Screenshot-2024-02-24-at-14.20.09.png","contentUrl":"http:\/\/ruuby.ee\/wp-content\/uploads\/2024\/02\/Screenshot-2024-02-24-at-14.20.09.png","width":912,"height":942},{"@type":"BreadcrumbList","@id":"http:\/\/ruuby.ee\/en\/pood\/kodusisustus\/valgustus\/lisad\/umage-rosette-mini\/#breadcrumb","itemListElement":[{"@type":"ListItem","position":1,"name":"Kdu","item":"https:\/\/ruuby.ee\/en\/"},{"@type":"ListItem","position":2,"name":"Pood","item":"https:\/\/ruuby.ee\/pood\/"},{"@type":"ListItem","position":3,"name":"UMAGE &#8211; Rosette Mini"}]},{"@type":"WebSite","@id":"https:\/\/ruuby.ee\/en\/#website","url":"https:\/\/ruuby.ee\/en\/","name":"RUUBY","description":"Ruubys on \u00fchendatud elustiil ja disain","publisher":{"@id":"https:\/\/ruuby.ee\/en\/#organization"},"alternateName":"Ruuby Disain","potentialAction":[{"@type":"SearchAction","target":{"@type":"EntryPoint","urlTemplate":"https:\/\/ruuby.ee\/en\/?s={search_term_string}"},"query-input":{"@type":"PropertyValueSpecification","valueRequired":true,"valueName":"search_term_string"}}],"inLanguage":"en-GB"},{"@type":"Organization","@id":"https:\/\/ruuby.ee\/en\/#organization","name":"Ruuby Disain O\u00dc","alternateName":"Ruuby","url":"https:\/\/ruuby.ee\/en\/","logo":{"@type":"ImageObject","inLanguage":"en-GB","@id":"https:\/\/ruuby.ee\/en\/#\/schema\/logo\/image\/","url":"http:\/\/ruuby.ee\/wp-content\/uploads\/2023\/06\/cropped-Black-White-Elegant-Circle-Signature-Fashion-Logo-12_large.png","contentUrl":"http:\/\/ruuby.ee\/wp-content\/uploads\/2023\/06\/cropped-Black-White-Elegant-Circle-Signature-Fashion-Logo-12_large.png","width":1280,"height":747,"caption":"Ruuby Disain O\u00dc"},"image":{"@id":"https:\/\/ruuby.ee\/en\/#\/schema\/logo\/image\/"},"sameAs":["https:\/\/www.facebook.com\/ruubyconcept","https:\/\/www.instagram.com\/ruuby_concept\/"]}]}},"jetpack_sharing_enabled":true,"_links":{"self":[{"href":"http:\/\/ruuby.ee\/en\/wp-json\/wp\/v2\/product\/1843564","targetHints":{"allow":["GET"]}}],"collection":[{"href":"http:\/\/ruuby.ee\/en\/wp-json\/wp\/v2\/product"}],"about":[{"href":"http:\/\/ruuby.ee\/en\/wp-json\/wp\/v2\/types\/product"}],"replies":[{"embeddable":true,"href":"http:\/\/ruuby.ee\/en\/wp-json\/wp\/v2\/comments?post=1843564"}],"wp:featuredmedia":[{"embeddable":true,"href":"http:\/\/ruuby.ee\/en\/wp-json\/wp\/v2\/media\/1843568"}],"wp:attachment":[{"href":"http:\/\/ruuby.ee\/en\/wp-json\/wp\/v2\/media?parent=1843564"}],"wp:term":[{"taxonomy":"product_brand","embeddable":true,"href":"http:\/\/ruuby.ee\/en\/wp-json\/wp\/v2\/product_brand?post=1843564"},{"taxonomy":"product_cat","embeddable":true,"href":"http:\/\/ruuby.ee\/en\/wp-json\/wp\/v2\/product_cat?post=1843564"},{"taxonomy":"product_tag","embeddable":true,"href":"http:\/\/ruuby.ee\/en\/wp-json\/wp\/v2\/product_tag?post=1843564"}],"curies":[{"name":"wp","href":"https:\/\/api.w.org\/{rel}","templated":true}]}}