{"id":1843533,"date":"2024-02-24T15:58:17","date_gmt":"2024-02-24T13:58:17","guid":{"rendered":"http:\/\/ruuby.ee\/?post_type=product&#038;p=1843533"},"modified":"2026-04-08T01:28:35","modified_gmt":"2026-04-07T22:28:35","slug":"umage-clava-up","status":"publish","type":"product","link":"http:\/\/ruuby.ee\/en\/pood\/kodusisustus\/valgustus\/seinalambid\/umage-clava-up\/","title":{"rendered":"UMAGE &#8211; Clava Up"},"content":{"rendered":"<p>Clava Up puit on laseriga l\u00f5igatud puidust lamellidest valmistatud seinavalgusti, mis on loodud valgustama kodu \u00fcmbritseva ruumi seintel m\u00e4nguliste valguskiirtega.<\/p>\n<p>Clava Up puit on saadaval kahes erinevas suuruses tamme, tumeda tamme ja musta tammena. Seinavalgustist saab t\u00e4iuslik lisand kaunile galeriiseinale v\u00f5i rippuma k\u00f5rvuti pikas koridoris.<\/p>\n<p>M\u00f5\u00f5dud:<\/p>\n<p>Suur: \u00d8: 49 cm x K: 16,6 cm<br \/>\nKeskmine: \u00d8: 35 cm x K: 16,6 cm<\/p>\n<p>Materjal:<\/p>\n<p>Tamm, saar, lamineeritud spoon&#8217;<\/p>\n<p>Pinnapealne lamp<br \/>\n\u00dchildub E26 \/ E27-ga &#8211; max 15W LED G40 (ei kuulu komplekti)<\/p>","protected":false},"excerpt":{"rendered":"<p>Clava Up puit on laseriga l\u00f5igatud puidust lamellidest valmistatud seinavalgusti, mis on loodud valgustama kodu \u00fcmbritseva ruumi seintel m\u00e4nguliste valguskiirtega. Clava Up puit on saadaval kahes erinevas suuruses tamme, tumeda tamme ja musta tammena. Seinavalgustist saab t\u00e4iuslik lisand kaunile galeriiseinale v\u00f5i rippuma k\u00f5rvuti pikas koridoris. M\u00f5\u00f5dud: Suur: \u00d8: 49 cm x K: 16,6 cm Keskmine: [&hellip;]<\/p>\n","protected":false},"featured_media":1843539,"comment_status":"open","ping_status":"closed","template":"","meta":[],"product_brand":[],"product_cat":[799,59],"product_tag":[257,522,150,256],"class_list":{"0":"post-1843533","1":"product","2":"type-product","3":"status-publish","4":"has-post-thumbnail","6":"product_cat-seinalambid","7":"product_cat-valgustus","8":"product_tag-laevalgusti","9":"product_tag-seinalamp","10":"product_tag-umage","11":"product_tag-valgusti","13":"first","14":"instock","15":"taxable","16":"shipping-taxable","17":"purchasable","18":"product-type-variable","19":"rtwpvs-product"},"yoast_head":"<!-- This site is optimized with the Yoast SEO plugin v27.3 - https:\/\/yoast.com\/product\/yoast-seo-wordpress\/ -->\n<title>UMAGE - Clava Up - RUUBY<\/title>\n<meta name=\"robots\" content=\"index, follow, max-snippet:-1, max-image-preview:large, max-video-preview:-1\" \/>\n<link rel=\"canonical\" href=\"http:\/\/ruuby.ee\/en\/pood\/kodusisustus\/valgustus\/seinalambid\/umage-clava-up\/\" \/>\n<meta property=\"og:locale\" content=\"en_GB\" \/>\n<meta property=\"og:type\" content=\"article\" \/>\n<meta property=\"og:title\" content=\"UMAGE - Clava Up - RUUBY\" \/>\n<meta property=\"og:description\" content=\"Clava Up puit on laseriga l\u00f5igatud puidust lamellidest valmistatud seinavalgusti, mis on loodud valgustama kodu \u00fcmbritseva ruumi seintel m\u00e4nguliste valguskiirtega. Clava Up puit on saadaval kahes erinevas suuruses tamme, tumeda tamme ja musta tammena. Seinavalgustist saab t\u00e4iuslik lisand kaunile galeriiseinale v\u00f5i rippuma k\u00f5rvuti pikas koridoris. M\u00f5\u00f5dud: Suur: \u00d8: 49 cm x K: 16,6 cm Keskmine: [&hellip;]\" \/>\n<meta property=\"og:url\" content=\"http:\/\/ruuby.ee\/en\/pood\/kodusisustus\/valgustus\/seinalambid\/umage-clava-up\/\" \/>\n<meta property=\"og:site_name\" content=\"RUUBY\" \/>\n<meta property=\"article:publisher\" content=\"https:\/\/www.facebook.com\/ruubyconcept\" \/>\n<meta property=\"article:modified_time\" content=\"2026-04-07T22:28:35+00:00\" \/>\n<meta property=\"og:image\" content=\"http:\/\/ruuby.ee\/wp-content\/uploads\/2024\/02\/Screenshot-2024-02-24-at-13.47.44.png\" \/>\n\t<meta property=\"og:image:width\" content=\"966\" \/>\n\t<meta property=\"og:image:height\" content=\"1038\" \/>\n\t<meta property=\"og:image:type\" content=\"image\/png\" \/>\n<meta name=\"twitter:card\" content=\"summary_large_image\" \/>\n<meta name=\"twitter:label1\" content=\"Estimated reading time\" \/>\n\t<meta name=\"twitter:data1\" content=\"1 minute\" \/>\n<script type=\"application\/ld+json\" class=\"yoast-schema-graph\">{\"@context\":\"https:\\\/\\\/schema.org\",\"@graph\":[{\"@type\":[\"WebPage\",\"ItemPage\"],\"@id\":\"http:\\\/\\\/ruuby.ee\\\/pood\\\/kodusisustus\\\/valgustus\\\/seinalambid\\\/umage-clava-up\\\/\",\"url\":\"http:\\\/\\\/ruuby.ee\\\/pood\\\/kodusisustus\\\/valgustus\\\/seinalambid\\\/umage-clava-up\\\/\",\"name\":\"UMAGE - Clava Up - RUUBY\",\"isPartOf\":{\"@id\":\"https:\\\/\\\/ruuby.ee\\\/en\\\/#website\"},\"primaryImageOfPage\":{\"@id\":\"http:\\\/\\\/ruuby.ee\\\/pood\\\/kodusisustus\\\/valgustus\\\/seinalambid\\\/umage-clava-up\\\/#primaryimage\"},\"image\":{\"@id\":\"http:\\\/\\\/ruuby.ee\\\/pood\\\/kodusisustus\\\/valgustus\\\/seinalambid\\\/umage-clava-up\\\/#primaryimage\"},\"thumbnailUrl\":\"http:\\\/\\\/ruuby.ee\\\/wp-content\\\/uploads\\\/2024\\\/02\\\/Screenshot-2024-02-24-at-13.47.44.png\",\"datePublished\":\"2024-02-24T13:58:17+00:00\",\"dateModified\":\"2026-04-07T22:28:35+00:00\",\"breadcrumb\":{\"@id\":\"http:\\\/\\\/ruuby.ee\\\/pood\\\/kodusisustus\\\/valgustus\\\/seinalambid\\\/umage-clava-up\\\/#breadcrumb\"},\"inLanguage\":\"en-GB\",\"potentialAction\":[{\"@type\":\"ReadAction\",\"target\":[\"http:\\\/\\\/ruuby.ee\\\/pood\\\/kodusisustus\\\/valgustus\\\/seinalambid\\\/umage-clava-up\\\/\"]}]},{\"@type\":\"ImageObject\",\"inLanguage\":\"en-GB\",\"@id\":\"http:\\\/\\\/ruuby.ee\\\/pood\\\/kodusisustus\\\/valgustus\\\/seinalambid\\\/umage-clava-up\\\/#primaryimage\",\"url\":\"http:\\\/\\\/ruuby.ee\\\/wp-content\\\/uploads\\\/2024\\\/02\\\/Screenshot-2024-02-24-at-13.47.44.png\",\"contentUrl\":\"http:\\\/\\\/ruuby.ee\\\/wp-content\\\/uploads\\\/2024\\\/02\\\/Screenshot-2024-02-24-at-13.47.44.png\",\"width\":966,\"height\":1038},{\"@type\":\"BreadcrumbList\",\"@id\":\"http:\\\/\\\/ruuby.ee\\\/pood\\\/kodusisustus\\\/valgustus\\\/seinalambid\\\/umage-clava-up\\\/#breadcrumb\",\"itemListElement\":[{\"@type\":\"ListItem\",\"position\":1,\"name\":\"Kdu\",\"item\":\"https:\\\/\\\/ruuby.ee\\\/en\\\/\"},{\"@type\":\"ListItem\",\"position\":2,\"name\":\"Pood\",\"item\":\"https:\\\/\\\/ruuby.ee\\\/en\\\/pood\\\/\"},{\"@type\":\"ListItem\",\"position\":3,\"name\":\"UMAGE &#8211; Clava Up\"}]},{\"@type\":\"WebSite\",\"@id\":\"https:\\\/\\\/ruuby.ee\\\/en\\\/#website\",\"url\":\"https:\\\/\\\/ruuby.ee\\\/en\\\/\",\"name\":\"RUUBY\",\"description\":\"Ruubys on \u00fchendatud elustiil ja disain\",\"publisher\":{\"@id\":\"https:\\\/\\\/ruuby.ee\\\/en\\\/#organization\"},\"alternateName\":\"Ruuby Disain\",\"potentialAction\":[{\"@type\":\"SearchAction\",\"target\":{\"@type\":\"EntryPoint\",\"urlTemplate\":\"https:\\\/\\\/ruuby.ee\\\/en\\\/?s={search_term_string}\"},\"query-input\":{\"@type\":\"PropertyValueSpecification\",\"valueRequired\":true,\"valueName\":\"search_term_string\"}}],\"inLanguage\":\"en-GB\"},{\"@type\":\"Organization\",\"@id\":\"https:\\\/\\\/ruuby.ee\\\/en\\\/#organization\",\"name\":\"Ruuby Disain O\u00dc\",\"alternateName\":\"Ruuby\",\"url\":\"https:\\\/\\\/ruuby.ee\\\/en\\\/\",\"logo\":{\"@type\":\"ImageObject\",\"inLanguage\":\"en-GB\",\"@id\":\"https:\\\/\\\/ruuby.ee\\\/en\\\/#\\\/schema\\\/logo\\\/image\\\/\",\"url\":\"http:\\\/\\\/ruuby.ee\\\/wp-content\\\/uploads\\\/2023\\\/06\\\/cropped-Black-White-Elegant-Circle-Signature-Fashion-Logo-12_large.png\",\"contentUrl\":\"http:\\\/\\\/ruuby.ee\\\/wp-content\\\/uploads\\\/2023\\\/06\\\/cropped-Black-White-Elegant-Circle-Signature-Fashion-Logo-12_large.png\",\"width\":1280,\"height\":747,\"caption\":\"Ruuby Disain O\u00dc\"},\"image\":{\"@id\":\"https:\\\/\\\/ruuby.ee\\\/en\\\/#\\\/schema\\\/logo\\\/image\\\/\"},\"sameAs\":[\"https:\\\/\\\/www.facebook.com\\\/ruubyconcept\",\"https:\\\/\\\/www.instagram.com\\\/ruuby_concept\\\/\"]}]}<\/script>\n<!-- \/ Yoast SEO plugin. -->","yoast_head_json":{"title":"UMAGE - Clava Up - RUUBY","robots":{"index":"index","follow":"follow","max-snippet":"max-snippet:-1","max-image-preview":"max-image-preview:large","max-video-preview":"max-video-preview:-1"},"canonical":"http:\/\/ruuby.ee\/en\/pood\/kodusisustus\/valgustus\/seinalambid\/umage-clava-up\/","og_locale":"en_GB","og_type":"article","og_title":"UMAGE - Clava Up - RUUBY","og_description":"Clava Up puit on laseriga l\u00f5igatud puidust lamellidest valmistatud seinavalgusti, mis on loodud valgustama kodu \u00fcmbritseva ruumi seintel m\u00e4nguliste valguskiirtega. Clava Up puit on saadaval kahes erinevas suuruses tamme, tumeda tamme ja musta tammena. Seinavalgustist saab t\u00e4iuslik lisand kaunile galeriiseinale v\u00f5i rippuma k\u00f5rvuti pikas koridoris. M\u00f5\u00f5dud: Suur: \u00d8: 49 cm x K: 16,6 cm Keskmine: [&hellip;]","og_url":"http:\/\/ruuby.ee\/en\/pood\/kodusisustus\/valgustus\/seinalambid\/umage-clava-up\/","og_site_name":"RUUBY","article_publisher":"https:\/\/www.facebook.com\/ruubyconcept","article_modified_time":"2026-04-07T22:28:35+00:00","og_image":[{"width":966,"height":1038,"url":"http:\/\/ruuby.ee\/wp-content\/uploads\/2024\/02\/Screenshot-2024-02-24-at-13.47.44.png","type":"image\/png"}],"twitter_card":"summary_large_image","twitter_misc":{"Estimated reading time":"1 minute"},"schema":{"@context":"https:\/\/schema.org","@graph":[{"@type":["WebPage","ItemPage"],"@id":"http:\/\/ruuby.ee\/pood\/kodusisustus\/valgustus\/seinalambid\/umage-clava-up\/","url":"http:\/\/ruuby.ee\/pood\/kodusisustus\/valgustus\/seinalambid\/umage-clava-up\/","name":"UMAGE - Clava Up - RUUBY","isPartOf":{"@id":"https:\/\/ruuby.ee\/en\/#website"},"primaryImageOfPage":{"@id":"http:\/\/ruuby.ee\/pood\/kodusisustus\/valgustus\/seinalambid\/umage-clava-up\/#primaryimage"},"image":{"@id":"http:\/\/ruuby.ee\/pood\/kodusisustus\/valgustus\/seinalambid\/umage-clava-up\/#primaryimage"},"thumbnailUrl":"http:\/\/ruuby.ee\/wp-content\/uploads\/2024\/02\/Screenshot-2024-02-24-at-13.47.44.png","datePublished":"2024-02-24T13:58:17+00:00","dateModified":"2026-04-07T22:28:35+00:00","breadcrumb":{"@id":"http:\/\/ruuby.ee\/pood\/kodusisustus\/valgustus\/seinalambid\/umage-clava-up\/#breadcrumb"},"inLanguage":"en-GB","potentialAction":[{"@type":"ReadAction","target":["http:\/\/ruuby.ee\/pood\/kodusisustus\/valgustus\/seinalambid\/umage-clava-up\/"]}]},{"@type":"ImageObject","inLanguage":"en-GB","@id":"http:\/\/ruuby.ee\/pood\/kodusisustus\/valgustus\/seinalambid\/umage-clava-up\/#primaryimage","url":"http:\/\/ruuby.ee\/wp-content\/uploads\/2024\/02\/Screenshot-2024-02-24-at-13.47.44.png","contentUrl":"http:\/\/ruuby.ee\/wp-content\/uploads\/2024\/02\/Screenshot-2024-02-24-at-13.47.44.png","width":966,"height":1038},{"@type":"BreadcrumbList","@id":"http:\/\/ruuby.ee\/pood\/kodusisustus\/valgustus\/seinalambid\/umage-clava-up\/#breadcrumb","itemListElement":[{"@type":"ListItem","position":1,"name":"Kdu","item":"https:\/\/ruuby.ee\/en\/"},{"@type":"ListItem","position":2,"name":"Pood","item":"https:\/\/ruuby.ee\/en\/pood\/"},{"@type":"ListItem","position":3,"name":"UMAGE &#8211; Clava Up"}]},{"@type":"WebSite","@id":"https:\/\/ruuby.ee\/en\/#website","url":"https:\/\/ruuby.ee\/en\/","name":"RUUBY","description":"Ruubys on \u00fchendatud elustiil ja disain","publisher":{"@id":"https:\/\/ruuby.ee\/en\/#organization"},"alternateName":"Ruuby Disain","potentialAction":[{"@type":"SearchAction","target":{"@type":"EntryPoint","urlTemplate":"https:\/\/ruuby.ee\/en\/?s={search_term_string}"},"query-input":{"@type":"PropertyValueSpecification","valueRequired":true,"valueName":"search_term_string"}}],"inLanguage":"en-GB"},{"@type":"Organization","@id":"https:\/\/ruuby.ee\/en\/#organization","name":"Ruuby Disain O\u00dc","alternateName":"Ruuby","url":"https:\/\/ruuby.ee\/en\/","logo":{"@type":"ImageObject","inLanguage":"en-GB","@id":"https:\/\/ruuby.ee\/en\/#\/schema\/logo\/image\/","url":"http:\/\/ruuby.ee\/wp-content\/uploads\/2023\/06\/cropped-Black-White-Elegant-Circle-Signature-Fashion-Logo-12_large.png","contentUrl":"http:\/\/ruuby.ee\/wp-content\/uploads\/2023\/06\/cropped-Black-White-Elegant-Circle-Signature-Fashion-Logo-12_large.png","width":1280,"height":747,"caption":"Ruuby Disain O\u00dc"},"image":{"@id":"https:\/\/ruuby.ee\/en\/#\/schema\/logo\/image\/"},"sameAs":["https:\/\/www.facebook.com\/ruubyconcept","https:\/\/www.instagram.com\/ruuby_concept\/"]}]}},"jetpack_sharing_enabled":true,"_links":{"self":[{"href":"http:\/\/ruuby.ee\/en\/wp-json\/wp\/v2\/product\/1843533","targetHints":{"allow":["GET"]}}],"collection":[{"href":"http:\/\/ruuby.ee\/en\/wp-json\/wp\/v2\/product"}],"about":[{"href":"http:\/\/ruuby.ee\/en\/wp-json\/wp\/v2\/types\/product"}],"replies":[{"embeddable":true,"href":"http:\/\/ruuby.ee\/en\/wp-json\/wp\/v2\/comments?post=1843533"}],"wp:featuredmedia":[{"embeddable":true,"href":"http:\/\/ruuby.ee\/en\/wp-json\/wp\/v2\/media\/1843539"}],"wp:attachment":[{"href":"http:\/\/ruuby.ee\/en\/wp-json\/wp\/v2\/media?parent=1843533"}],"wp:term":[{"taxonomy":"product_brand","embeddable":true,"href":"http:\/\/ruuby.ee\/en\/wp-json\/wp\/v2\/product_brand?post=1843533"},{"taxonomy":"product_cat","embeddable":true,"href":"http:\/\/ruuby.ee\/en\/wp-json\/wp\/v2\/product_cat?post=1843533"},{"taxonomy":"product_tag","embeddable":true,"href":"http:\/\/ruuby.ee\/en\/wp-json\/wp\/v2\/product_tag?post=1843533"}],"curies":[{"name":"wp","href":"https:\/\/api.w.org\/{rel}","templated":true}]}}