{"id":1843441,"date":"2024-02-22T15:41:42","date_gmt":"2024-02-22T13:41:42","guid":{"rendered":"http:\/\/ruuby.ee\/?post_type=product&#038;p=1843441"},"modified":"2026-04-04T01:24:59","modified_gmt":"2026-04-03T22:24:59","slug":"umage-brighter-days","status":"publish","type":"product","link":"http:\/\/ruuby.ee\/en\/pood\/kodusisustus\/valgustus\/laelambid\/umage-brighter-days\/","title":{"rendered":"UMAGE &#8211; Brighter Days"},"content":{"rendered":"<p>Kolmest h\u00fcpnotiseerivast erineva kujuga geomeetrilisest lambivarjust koosnev kollektsioon \u00fchendab endas ehitud ja k\u00fcllusliku ilme soliidse ja staatilise siluetiga, luues kontrasti t\u00e4is disaini. Brighter Days tabab ajatu ilu ja kontrastide olemust, maandades kodu k\u00fctkestavasse atmosf\u00e4\u00e4ri.<\/p>\n<p>M\u00e4ngige lambivarjude ilmega ja kombineerige erinevaid kujundeid kolme- v\u00f5i viiepealises varikatuses, kasutades meie Rosette Mini suurt soklit v\u00f5i riputage need eraldi v\u00f5i k\u00f5rvuti, kasutades Rosette Mini \u00fcksikuid sokleid. Brighter Daysi lambivarjud lisavad eksklusiivse ilme ja muudavad kodu heledamaks.<\/p>\n<p>Brighter Days on saadaval terasest ja massiivsest messingist. Pange t\u00e4hele, et sarnaselt Kopenhaageni ajalooliste osade hoonete kaunitele, vaskv\u00e4rvidega katustele muutub ka Brighter Daysi messingist lambivari aja jooksul, kuna massiivne messing loomulikult patineerub, j\u00e4ttes ilusaid m\u00e4rke imelisest elust.<\/p>\n<p>M\u00f5\u00f5dud:<\/p>\n<p>Quadra: H: 8.7 W: 4.3 D: 4.3 cm<br \/>\nPenta: H: 8.7 W: 4.5 D: 4.5 cm<br \/>\nHexa: H: 8.7 W: 4.9 D: 4.9 cm<\/p>\n<p>Kaal:<\/p>\n<p>Quadra: 0.25 g<br \/>\nPenta: 0.3 kg<br \/>\nHexa: 0.3 kg<\/p>\n<p>Materjal: Tahke messing<\/p>\n<p>Rippuv lambivari \u00fchildub Rosette Mini G4 juhtmekomplektiga ja Tiny Ideaga (ei kuulu komplekti).<\/p>\n<p>&nbsp;<\/p>","protected":false},"excerpt":{"rendered":"<div class=\"woocommerce-product-details__short-description\">\n<p>&nbsp;<\/p>\n<\/div>\n<form class=\"variations_form cart wvs-loaded\" style=\"box-sizing: border-box; margin-bottom: 1.618em; padding: 1em 0px; caret-color: #1b1b1b; color: #1b1b1b; font-family: 'Source Sans Pro', HelveticaNeue-Light, 'Helvetica Neue Light', 'Helvetica Neue', Helvetica, Arial, 'Lucida Grande', sans-serif; font-style: normal; font-variant-caps: normal; font-weight: 400; letter-spacing: normal; orphans: auto; text-align: start; text-indent: 0px; text-transform: none; white-space: normal; widows: auto; word-spacing: 0px; -webkit-text-stroke-width: 0px; text-decoration: none;\" action=\"https:\/\/koopia.ruuby.ee\/pood\/kodusisustus\/valgustus\/umage-komorebi-square\/\" enctype=\"multipart\/form-data\" method=\"post\" data-product_id=\"1843606\" data-product_variations=\"[{&quot;attributes&quot;:{&quot;attribute_pa_valik&quot;:&quot;keskmine&quot;,&quot;attribute_pa_varv&quot;:&quot;tamm&quot;},&quot;availability_html&quot;:&quot;&lt;p class=&quot;stock available-on-backorder&quot;&gt;Saadaval ju00e4reltellimisel&lt;\/p&gt;\\n&quot;,&quot;backorders_allowed&quot;:true,&quot;dimensions&quot;:{&quot;length&quot;:&quot;&quot;,&quot;width&quot;:&quot;&quot;,&quot;height&quot;:&quot;&quot;},&quot;dimensions_html&quot;:&quot;-&quot;,&quot;display_price&quot;:215.19999999999998863131622783839702606201171875,&quot;display_regular_price&quot;:269,&quot;image&quot;:{&quot;title&quot;:&quot;Screenshot 2024-02-24 at 22.20.24&quot;,&quot;caption&quot;:&quot;&quot;,&quot;url&quot;:&quot;http:\/\/ruuby.ee\/wp-content\/uploads\/2024\/02\/Screenshot-2024-02-24-at-22.20.24.png&quot;,&quot;alt&quot;:&quot;Screenshot 2024-02-24 at 22.20.24&quot;,&quot;src&quot;:&quot;http:\/\/ruuby.ee\/wp-content\/uploads\/2024\/02\/Screenshot-2024-02-24-at-22.20.24-416x409.png&quot;,&quot;srcset&quot;:&quot;http:\/\/ruuby.ee\/wp-content\/uploads\/2024\/02\/Screenshot-2024-02-24-at-22.20.24-416x409.png 416w, http:\/\/ruuby.ee\/wp-content\/uploads\/2024\/02\/Screenshot-2024-02-24-at-22.20.24-300x295.png 300w, http:\/\/ruuby.ee\/wp-content\/uploads\/2024\/02\/Screenshot-2024-02-24-at-22.20.24-768x755.png 768w, http:\/\/ruuby.ee\/wp-content\/uploads\/2024\/02\/Screenshot-2024-02-24-at-22.20.24-50x50.png 50w, http:\/\/ruuby.ee\/wp-content\/uploads\/2024\/02\/Screenshot-2024-02-24-at-22.20.24-64x63.png 64w, http:\/\/ruuby.ee\/wp-content\/uploads\/2024\/02\/Screenshot-2024-02-24-at-22.20.24.png 928w&quot;,&quot;sizes&quot;:&quot;(max-width: 416px) 100vw, 416px&quot;,&quot;full_src&quot;:&quot;http:\/\/ruuby.ee\/wp-content\/uploads\/2024\/02\/Screenshot-2024-02-24-at-22.20.24.png&quot;,&quot;full_src_w&quot;:928,&quot;full_src_h&quot;:912,&quot;gallery_thumbnail_src&quot;:&quot;http:\/\/ruuby.ee\/wp-content\/uploads\/2024\/02\/Screenshot-2024-02-24-at-22.20.24-100x100.png&quot;,&quot;gallery_thumbnail_src_w&quot;:100,&quot;gallery_thumbnail_src_h&quot;:100,&quot;thumb_src&quot;:&quot;http:\/\/ruuby.ee\/wp-content\/uploads\/2024\/02\/Screenshot-2024-02-24-at-22.20.24-324x324.png&quot;,&quot;thumb_src_w&quot;:324,&quot;thumb_src_h&quot;:324,&quot;src_w&quot;:416,&quot;src_h&quot;:409},&quot;image_id&quot;:1843611,&quot;is_downloadable&quot;:false,&quot;is_in_stock&quot;:true,&quot;is_purchasable&quot;:true,&quot;is_sold_individually&quot;:&quot;no&quot;,&quot;is_virtual&quot;:false,&quot;max_qty&quot;:&quot;&quot;,&quot;min_qty&quot;:1,&quot;price_html&quot;:&quot;&lt;span class=&quot;price&quot;&gt;&lt;del aria-hidden=&quot;true&quot;&gt;&lt;span class=&quot;woocommerce-Price-amount amount&quot;&gt;&lt;bdi&gt;&lt;span class=&quot;woocommerce-Price-currencySymbol&quot;&gt;&amp;euro;&lt;\/span&gt;269.00&lt;\/bdi&gt;&lt;\/span&gt;&lt;\/del&gt; &lt;span class=&quot;screen-reader-text&quot;&gt;Original price was: &amp;euro;269.00.&lt;\/span&gt;&lt;ins aria-hidden=&quot;true&quot;&gt;&lt;span class=&quot;woocommerce-Price-amount amount&quot;&gt;&lt;bdi&gt;&lt;span class=&quot;woocommerce-Price-currencySymbol&quot;&gt;&amp;euro;&lt;\/span&gt;215.20&lt;\/bdi&gt;&lt;\/span&gt;&lt;\/ins&gt;&lt;span class=&quot;screen-reader-text&quot;&gt;Current price is: &amp;euro;215.20.&lt;\/span&gt;&lt;\/span&gt;&quot;,&quot;sku&quot;:&quot;&quot;,&quot;variation_description&quot;:&quot;&quot;,&quot;variation_id&quot;:1843607,&quot;variation_is_active&quot;:true,&quot;variation_is_visible&quot;:true,&quot;weight&quot;:&quot;&quot;,&quot;weight_html&quot;:&quot;-&quot;},{&quot;attributes&quot;:{&quot;attribute_pa_valik&quot;:&quot;keskmine&quot;,&quot;attribute_pa_varv&quot;:&quot;tumepruun&quot;},&quot;availability_html&quot;:&quot;&lt;p class=&quot;stock available-on-backorder&quot;&gt;Saadaval ju00e4reltellimisel&lt;\/p&gt;\\n&quot;,&quot;backorders_allowed&quot;:true,&quot;dimensions&quot;:{&quot;length&quot;:&quot;&quot;,&quot;width&quot;:&quot;&quot;,&quot;height&quot;:&quot;&quot;},&quot;dimensions_html&quot;:&quot;-&quot;,&quot;display_price&quot;:215.19999999999998863131622783839702606201171875,&quot;display_regular_price&quot;:269,&quot;image&quot;:{&quot;title&quot;:&quot;Screenshot 2024-02-24 at 22.20.37&quot;,&quot;caption&quot;:&quot;&quot;,&quot;url&quot;:&quot;http:\/\/ruuby.ee\/wp-content\/uploads\/2024\/02\/Screenshot-2024-02-24-at-22.20.37.png&quot;,&quot;alt&quot;:&quot;Screenshot 2024-02-24 at 22.20.37&quot;,&quot;src&quot;:&quot;http:\/\/ruuby.ee\/wp-content\/uploads\/2024\/02\/Screenshot-2024-02-24-at-22.20.37-416x386.png&quot;,&quot;srcset&quot;:&quot;http:\/\/ruuby.ee\/wp-content\/uploads\/2024\/02\/Screenshot-2024-02-24-at-22.20.37-416x386.png 416w, http:\/\/ruuby.ee\/wp-content\/uploads\/2024\/02\/Screenshot-2024-02-24-at-22.20.37-300x278.png 300w, http:\/\/ruuby.ee\/wp-content\/uploads\/2024\/02\/Screenshot-2024-02-24-at-22.20.37-768x712.png 768w, http:\/\/ruuby.ee\/wp-content\/uploads\/2024\/02\/Screenshot-2024-02-24-at-22.20.37-64x59.png 64w, http:\/\/ruuby.ee\/wp-content\/uploads\/2024\/02\/Screenshot-2024-02-24-at-22.20.37.png 928w&quot;,&quot;sizes&quot;:&quot;(max-width: 416px) 100vw, 416px&quot;,&quot;full_src&quot;:&quot;http:\/\/ruuby.ee\/wp-content\/uploads\/2024\/02\/Screenshot-2024-02-24-at-22.20.37.png&quot;,&quot;full_src_w&quot;:928,&quot;full_src_h&quot;:860,&quot;gallery_thumbnail_src&quot;:&quot;http:\/\/ruuby.ee\/wp-content\/uploads\/2024\/02\/Screenshot-2024-02-24-at-22.20.37-100x100.png&quot;,&quot;gallery_thumbnail_src_w&quot;:100,&quot;gallery_thumbnail_src_h&quot;:100,&quot;thumb_src&quot;:&quot;http:\/\/ruuby.ee\/wp-content\/uploads\/2024\/02\/Screenshot-2024-02-24-at-22.20.37-324x324.png&quot;,&quot;thumb_src_w&quot;:324,&quot;thumb_src_h&quot;:324,&quot;src_w&quot;:416,&quot;src_h&quot;:386},&quot;image_id&quot;:1843615,&quot;is_downloadable&quot;:false,&quot;is_in_stock&quot;:true,&quot;is_purchasable&quot;:true,&quot;is_sold_individually&quot;:&quot;no&quot;,&quot;is_virtual&quot;:false,&quot;max_qty&quot;:&quot;&quot;,&quot;min_qty&quot;:1,&quot;price_html&quot;:&quot;&lt;span class=&quot;price&quot;&gt;&lt;del aria-hidden=&quot;true&quot;&gt;&lt;span class=&quot;woocommerce-Price-amount amount&quot;&gt;&lt;bdi&gt;&lt;span class=&quot;woocommerce-Price-currencySymbol&quot;&gt;&amp;euro;&lt;\/span&gt;269.00&lt;\/bdi&gt;&lt;\/span&gt;&lt;\/del&gt; &lt;span class=&quot;screen-reader-text&quot;&gt;Original price was: &amp;euro;269.00.&lt;\/span&gt;&lt;ins aria-hidden=&quot;true&quot;&gt;&lt;span class=&quot;woocommerce-Price-amount amount&quot;&gt;&lt;bdi&gt;&lt;span class=&quot;woocommerce-Price-currencySymbol&quot;&gt;&amp;euro;&lt;\/span&gt;215.20&lt;\/bdi&gt;&lt;\/span&gt;&lt;\/ins&gt;&lt;span class=&quot;screen-reader-text&quot;&gt;Current price is: &amp;euro;215.20.&lt;\/span&gt;&lt;\/span&gt;&quot;,&quot;sku&quot;:&quot;&quot;,&quot;variation_description&quot;:&quot;&quot;,&quot;variation_id&quot;:1843608,&quot;variation_is_active&quot;:true,&quot;variation_is_visible&quot;:true,&quot;weight&quot;:&quot;&quot;,&quot;weight_html&quot;:&quot;-&quot;},{&quot;attributes&quot;:{&quot;attribute_pa_valik&quot;:&quot;suur&quot;,&quot;attribute_pa_varv&quot;:&quot;tamm&quot;},&quot;availability_html&quot;:&quot;&lt;p class=&quot;stock available-on-backorder&quot;&gt;Saadaval ju00e4reltellimisel&lt;\/p&gt;\\n&quot;,&quot;backorders_allowed&quot;:true,&quot;dimensions&quot;:{&quot;length&quot;:&quot;&quot;,&quot;width&quot;:&quot;&quot;,&quot;height&quot;:&quot;&quot;},&quot;dimensions_html&quot;:&quot;-&quot;,&quot;display_price&quot;:319.19999999999998863131622783839702606201171875,&quot;display_regular_price&quot;:399,&quot;image&quot;:{&quot;title&quot;:&quot;Screenshot 2024-02-24 at 22.20.44&quot;,&quot;caption&quot;:&quot;&quot;,&quot;url&quot;:&quot;http:\/\/ruuby.ee\/wp-content\/uploads\/2024\/02\/Screenshot-2024-02-24-at-22.20.44.png&quot;,&quot;alt&quot;:&quot;Screenshot 2024-02-24 at 22.20.44&quot;,&quot;src&quot;:&quot;http:\/\/ruuby.ee\/wp-content\/uploads\/2024\/02\/Screenshot-2024-02-24-at-22.20.44-416x338.png&quot;,&quot;srcset&quot;:&quot;http:\/\/ruuby.ee\/wp-content\/uploads\/2024\/02\/Screenshot-2024-02-24-at-22.20.44-416x338.png 416w, http:\/\/ruuby.ee\/wp-content\/uploads\/2024\/02\/Screenshot-2024-02-24-at-22.20.44-300x244.png 300w, http:\/\/ruuby.ee\/wp-content\/uploads\/2024\/02\/Screenshot-2024-02-24-at-22.20.44-1024x832.png 1024w, http:\/\/ruuby.ee\/wp-content\/uploads\/2024\/02\/Screenshot-2024-02-24-at-22.20.44-768x624.png 768w, http:\/\/ruuby.ee\/wp-content\/uploads\/2024\/02\/Screenshot-2024-02-24-at-22.20.44-64x52.png 64w, http:\/\/ruuby.ee\/wp-content\/uploads\/2024\/02\/Screenshot-2024-02-24-at-22.20.44.png 1088w&quot;,&quot;sizes&quot;:&quot;(max-width: 416px) 100vw, 416px&quot;,&quot;full_src&quot;:&quot;http:\/\/ruuby.ee\/wp-content\/uploads\/2024\/02\/Screenshot-2024-02-24-at-22.20.44.png&quot;,&quot;full_src_w&quot;:1088,&quot;full_src_h&quot;:884,&quot;gallery_thumbnail_src&quot;:&quot;http:\/\/ruuby.ee\/wp-content\/uploads\/2024\/02\/Screenshot-2024-02-24-at-22.20.44-100x100.png&quot;,&quot;gallery_thumbnail_src_w&quot;:100,&quot;gallery_thumbnail_src_h&quot;:100,&quot;thumb_src&quot;:&quot;http:\/\/ruuby.ee\/wp-content\/uploads\/2024\/02\/Screenshot-2024-02-24-at-22.20.44-324x324.png&quot;,&quot;thumb_src_w&quot;:324,&quot;thumb_src_h&quot;:324,&quot;src_w&quot;:416,&quot;src_h&quot;:338},&quot;image_id&quot;:1843614,&quot;is_downloadable&quot;:false,&quot;is_in_stock&quot;:true,&quot;is_purchasable&quot;:true,&quot;is_sold_individually&quot;:&quot;no&quot;,&quot;is_virtual&quot;:false,&quot;max_qty&quot;:&quot;&quot;,&quot;min_qty&quot;:1,&quot;price_html&quot;:&quot;&lt;span class=&quot;price&quot;&gt;&lt;del aria-hidden=&quot;true&quot;&gt;&lt;span class=&quot;woocommerce-Price-amount amount&quot;&gt;&lt;bdi&gt;&lt;span class=&quot;woocommerce-Price-currencySymbol&quot;&gt;&amp;euro;&lt;\/span&gt;399.00&lt;\/bdi&gt;&lt;\/span&gt;&lt;\/del&gt; &lt;span class=&quot;screen-reader-text&quot;&gt;Original price was: &amp;euro;399.00.&lt;\/span&gt;&lt;ins aria-hidden=&quot;true&quot;&gt;&lt;span class=&quot;woocommerce-Price-amount amount&quot;&gt;&lt;bdi&gt;&lt;span class=&quot;woocommerce-Price-currencySymbol&quot;&gt;&amp;euro;&lt;\/span&gt;319.20&lt;\/bdi&gt;&lt;\/span&gt;&lt;\/ins&gt;&lt;span class=&quot;screen-reader-text&quot;&gt;Current price is: &amp;euro;319.20.&lt;\/span&gt;&lt;\/span&gt;&quot;,&quot;sku&quot;:&quot;&quot;,&quot;variation_description&quot;:&quot;&quot;,&quot;variation_id&quot;:1843609,&quot;variation_is_active&quot;:true,&quot;variation_is_visible&quot;:true,&quot;weight&quot;:&quot;&quot;,&quot;weight_html&quot;:&quot;-&quot;},{&quot;attributes&quot;:{&quot;attribute_pa_valik&quot;:&quot;suur&quot;,&quot;attribute_pa_varv&quot;:&quot;tumepruun&quot;},&quot;availability_html&quot;:&quot;&lt;p class=&quot;stock available-on-backorder&quot;&gt;Saadaval ju00e4reltellimisel&lt;\/p&gt;\\n&quot;,&quot;backorders_allowed&quot;:true,&quot;dimensions&quot;:{&quot;length&quot;:&quot;&quot;,&quot;width&quot;:&quot;&quot;,&quot;height&quot;:&quot;&quot;},&quot;dimensions_html&quot;:&quot;-&quot;,&quot;display_price&quot;:319.19999999999998863131622783839702606201171875,&quot;display_regular_price&quot;:399,&quot;image&quot;:{&quot;title&quot;:&quot;Screenshot 2024-02-24 at 22.04.23&quot;,&quot;caption&quot;:&quot;&quot;,&quot;url&quot;:&quot;http:\/\/ruuby.ee\/wp-content\/uploads\/2024\/02\/Screenshot-2024-02-24-at-22.04.23.png&quot;,&quot;alt&quot;:&quot;Screenshot 2024-02-24 at 22.04.23&quot;,&quot;src&quot;:&quot;http:\/\/ruuby.ee\/wp-content\/uploads\/2024\/02\/Screenshot-2024-02-24-at-22.04.23-416x327.png&quot;,&quot;srcset&quot;:&quot;http:\/\/ruuby.ee\/wp-content\/uploads\/2024\/02\/Screenshot-2024-02-24-at-22.04.23-416x327.png 416w, http:\/\/ruuby.ee\/wp-content\/uploads\/2024\/02\/Screenshot-2024-02-24-at-22.04.23-300x236.png 300w, http:\/\/ruuby.ee\/wp-content\/uploads\/2024\/02\/Screenshot-2024-02-24-at-22.04.23-1024x806.png 1024w, http:\/\/ruuby.ee\/wp-content\/uploads\/2024\/02\/Screenshot-2024-02-24-at-22.04.23-768x605.png 768w, http:\/\/ruuby.ee\/wp-content\/uploads\/2024\/02\/Screenshot-2024-02-24-at-22.04.23-64x50.png 64w, http:\/\/ruuby.ee\/wp-content\/uploads\/2024\/02\/Screenshot-2024-02-24-at-22.04.23.png 1090w&quot;,&quot;sizes&quot;:&quot;(max-width: 416px) 100vw, 416px&quot;,&quot;full_src&quot;:&quot;http:\/\/ruuby.ee\/wp-content\/uploads\/2024\/02\/Screenshot-2024-02-24-at-22.04.23.png&quot;,&quot;full_src_w&quot;:1090,&quot;full_src_h&quot;:858,&quot;gallery_thumbnail_src&quot;:&quot;http:\/\/ruuby.ee\/wp-content\/uploads\/2024\/02\/Screenshot-2024-02-24-at-22.04.23-100x100.png&quot;,&quot;gallery_thumbnail_src_w&quot;:100,&quot;gallery_thumbnail_src_h&quot;:100,&quot;thumb_src&quot;:&quot;http:\/\/ruuby.ee\/wp-content\/uploads\/2024\/02\/Screenshot-2024-02-24-at-22.04.23-324x324.png&quot;,&quot;thumb_src_w&quot;:324,&quot;thumb_src_h&quot;:324,&quot;src_w&quot;:416,&quot;src_h&quot;:327},&quot;image_id&quot;:1843577,&quot;is_downloadable&quot;:false,&quot;is_in_stock&quot;:true,&quot;is_purchasable&quot;:true,&quot;is_sold_individually&quot;:&quot;no&quot;,&quot;is_virtual&quot;:false,&quot;max_qty&quot;:&quot;&quot;,&quot;min_qty&quot;:1,&quot;price_html&quot;:&quot;&lt;span class=&quot;price&quot;&gt;&lt;del aria-hidden=&quot;true&quot;&gt;&lt;span class=&quot;woocommerce-Price-amount amount&quot;&gt;&lt;bdi&gt;&lt;span class=&quot;woocommerce-Price-currencySymbol&quot;&gt;&amp;euro;&lt;\/span&gt;399.00&lt;\/bdi&gt;&lt;\/span&gt;&lt;\/del&gt; &lt;span class=&quot;screen-reader-text&quot;&gt;Original price was: &amp;euro;399.00.&lt;\/span&gt;&lt;ins aria-hidden=&quot;true&quot;&gt;&lt;span class=&quot;woocommerce-Price-amount amount&quot;&gt;&lt;bdi&gt;&lt;span class=&quot;woocommerce-Price-currencySymbol&quot;&gt;&amp;euro;&lt;\/span&gt;319.20&lt;\/bdi&gt;&lt;\/span&gt;&lt;\/ins&gt;&lt;span class=&quot;screen-reader-text&quot;&gt;Current price is: &amp;euro;319.20.&lt;\/span&gt;&lt;\/span&gt;&quot;,&quot;sku&quot;:&quot;&quot;,&quot;variation_description&quot;:&quot;&quot;,&quot;variation_id&quot;:1843610,&quot;variation_is_active&quot;:true,&quot;variation_is_visible&quot;:true,&quot;weight&quot;:&quot;&quot;,&quot;weight_html&quot;:&quot;-&quot;}]\">\n<div data-product_id=\"1843606\" data-threshold_min=\"30\" data-threshold_max=\"100\" data-total=\"4\"><\/div>\n<\/form>\n","protected":false},"featured_media":1843454,"comment_status":"open","ping_status":"closed","template":"","meta":[],"product_brand":[],"product_cat":[798,59],"product_tag":[351,150,256],"class_list":{"0":"post-1843441","1":"product","2":"type-product","3":"status-publish","4":"has-post-thumbnail","6":"product_cat-laelambid","7":"product_cat-valgustus","8":"product_tag-rippvalgusti","9":"product_tag-umage","10":"product_tag-valgusti","12":"first","13":"onbackorder","14":"taxable","15":"shipping-taxable","16":"purchasable","17":"product-type-variable","18":"rtwpvs-product"},"yoast_head":"<!-- This site is optimized with the Yoast SEO plugin v27.2 - https:\/\/yoast.com\/product\/yoast-seo-wordpress\/ -->\n<title>UMAGE - Brighter Days - RUUBY<\/title>\n<meta name=\"robots\" content=\"index, follow, max-snippet:-1, max-image-preview:large, max-video-preview:-1\" \/>\n<link rel=\"canonical\" href=\"https:\/\/ruuby.ee\/en\/pood\/kodusisustus\/valgustus\/laelambid\/umage-brighter-days\/\" \/>\n<meta property=\"og:locale\" content=\"en_GB\" \/>\n<meta property=\"og:type\" content=\"article\" \/>\n<meta property=\"og:title\" content=\"UMAGE - Brighter Days - RUUBY\" \/>\n<meta property=\"og:description\" content=\"&nbsp;\" \/>\n<meta property=\"og:url\" content=\"https:\/\/ruuby.ee\/en\/pood\/kodusisustus\/valgustus\/laelambid\/umage-brighter-days\/\" \/>\n<meta property=\"og:site_name\" content=\"RUUBY\" \/>\n<meta property=\"article:publisher\" content=\"https:\/\/www.facebook.com\/ruubyconcept\" \/>\n<meta property=\"article:modified_time\" content=\"2026-04-03T22:24:59+00:00\" \/>\n<meta property=\"og:image\" content=\"https:\/\/ruuby.ee\/wp-content\/uploads\/2024\/02\/Screenshot-2024-02-22-at-13.31.06.png\" \/>\n\t<meta property=\"og:image:width\" content=\"916\" \/>\n\t<meta property=\"og:image:height\" content=\"1088\" \/>\n\t<meta property=\"og:image:type\" content=\"image\/png\" \/>\n<meta name=\"twitter:card\" content=\"summary_large_image\" \/>\n<meta name=\"twitter:label1\" content=\"Estimated reading time\" \/>\n\t<meta name=\"twitter:data1\" content=\"2 minutes\" \/>\n<script type=\"application\/ld+json\" class=\"yoast-schema-graph\">{\"@context\":\"https:\/\/schema.org\",\"@graph\":[{\"@type\":[\"WebPage\",\"ItemPage\"],\"@id\":\"https:\/\/ruuby.ee\/pood\/kodusisustus\/valgustus\/laelambid\/umage-brighter-days\/\",\"url\":\"https:\/\/ruuby.ee\/pood\/kodusisustus\/valgustus\/laelambid\/umage-brighter-days\/\",\"name\":\"UMAGE - Brighter Days - RUUBY\",\"isPartOf\":{\"@id\":\"https:\/\/ruuby.ee\/en\/#website\"},\"primaryImageOfPage\":{\"@id\":\"https:\/\/ruuby.ee\/pood\/kodusisustus\/valgustus\/laelambid\/umage-brighter-days\/#primaryimage\"},\"image\":{\"@id\":\"https:\/\/ruuby.ee\/pood\/kodusisustus\/valgustus\/laelambid\/umage-brighter-days\/#primaryimage\"},\"thumbnailUrl\":\"http:\/\/ruuby.ee\/wp-content\/uploads\/2024\/02\/Screenshot-2024-02-22-at-13.31.06.png\",\"datePublished\":\"2024-02-22T13:41:42+00:00\",\"dateModified\":\"2026-04-03T22:24:59+00:00\",\"breadcrumb\":{\"@id\":\"https:\/\/ruuby.ee\/pood\/kodusisustus\/valgustus\/laelambid\/umage-brighter-days\/#breadcrumb\"},\"inLanguage\":\"en-GB\",\"potentialAction\":[{\"@type\":\"ReadAction\",\"target\":[\"https:\/\/ruuby.ee\/pood\/kodusisustus\/valgustus\/laelambid\/umage-brighter-days\/\"]}]},{\"@type\":\"ImageObject\",\"inLanguage\":\"en-GB\",\"@id\":\"https:\/\/ruuby.ee\/pood\/kodusisustus\/valgustus\/laelambid\/umage-brighter-days\/#primaryimage\",\"url\":\"http:\/\/ruuby.ee\/wp-content\/uploads\/2024\/02\/Screenshot-2024-02-22-at-13.31.06.png\",\"contentUrl\":\"http:\/\/ruuby.ee\/wp-content\/uploads\/2024\/02\/Screenshot-2024-02-22-at-13.31.06.png\",\"width\":916,\"height\":1088},{\"@type\":\"BreadcrumbList\",\"@id\":\"https:\/\/ruuby.ee\/pood\/kodusisustus\/valgustus\/laelambid\/umage-brighter-days\/#breadcrumb\",\"itemListElement\":[{\"@type\":\"ListItem\",\"position\":1,\"name\":\"Kdu\",\"item\":\"https:\/\/ruuby.ee\/en\/\"},{\"@type\":\"ListItem\",\"position\":2,\"name\":\"Pood\",\"item\":\"https:\/\/ruuby.ee\/pood\/\"},{\"@type\":\"ListItem\",\"position\":3,\"name\":\"UMAGE &#8211; Brighter Days\"}]},{\"@type\":\"WebSite\",\"@id\":\"https:\/\/ruuby.ee\/en\/#website\",\"url\":\"https:\/\/ruuby.ee\/en\/\",\"name\":\"RUUBY\",\"description\":\"Ruubys on \u00fchendatud elustiil ja disain\",\"publisher\":{\"@id\":\"https:\/\/ruuby.ee\/en\/#organization\"},\"alternateName\":\"Ruuby Disain\",\"potentialAction\":[{\"@type\":\"SearchAction\",\"target\":{\"@type\":\"EntryPoint\",\"urlTemplate\":\"https:\/\/ruuby.ee\/en\/?s={search_term_string}\"},\"query-input\":{\"@type\":\"PropertyValueSpecification\",\"valueRequired\":true,\"valueName\":\"search_term_string\"}}],\"inLanguage\":\"en-GB\"},{\"@type\":\"Organization\",\"@id\":\"https:\/\/ruuby.ee\/en\/#organization\",\"name\":\"Ruuby Disain O\u00dc\",\"alternateName\":\"Ruuby\",\"url\":\"https:\/\/ruuby.ee\/en\/\",\"logo\":{\"@type\":\"ImageObject\",\"inLanguage\":\"en-GB\",\"@id\":\"https:\/\/ruuby.ee\/en\/#\/schema\/logo\/image\/\",\"url\":\"http:\/\/ruuby.ee\/wp-content\/uploads\/2023\/06\/cropped-Black-White-Elegant-Circle-Signature-Fashion-Logo-12_large.png\",\"contentUrl\":\"http:\/\/ruuby.ee\/wp-content\/uploads\/2023\/06\/cropped-Black-White-Elegant-Circle-Signature-Fashion-Logo-12_large.png\",\"width\":1280,\"height\":747,\"caption\":\"Ruuby Disain O\u00dc\"},\"image\":{\"@id\":\"https:\/\/ruuby.ee\/en\/#\/schema\/logo\/image\/\"},\"sameAs\":[\"https:\/\/www.facebook.com\/ruubyconcept\",\"https:\/\/www.instagram.com\/ruuby_concept\/\"]}]}<\/script>\n<!-- \/ Yoast SEO plugin. -->","yoast_head_json":{"title":"UMAGE - Brighter Days - RUUBY","robots":{"index":"index","follow":"follow","max-snippet":"max-snippet:-1","max-image-preview":"max-image-preview:large","max-video-preview":"max-video-preview:-1"},"canonical":"https:\/\/ruuby.ee\/en\/pood\/kodusisustus\/valgustus\/laelambid\/umage-brighter-days\/","og_locale":"en_GB","og_type":"article","og_title":"UMAGE - Brighter Days - RUUBY","og_description":"&nbsp;","og_url":"https:\/\/ruuby.ee\/en\/pood\/kodusisustus\/valgustus\/laelambid\/umage-brighter-days\/","og_site_name":"RUUBY","article_publisher":"https:\/\/www.facebook.com\/ruubyconcept","article_modified_time":"2026-04-03T22:24:59+00:00","og_image":[{"width":916,"height":1088,"url":"https:\/\/ruuby.ee\/wp-content\/uploads\/2024\/02\/Screenshot-2024-02-22-at-13.31.06.png","type":"image\/png"}],"twitter_card":"summary_large_image","twitter_misc":{"Estimated reading time":"2 minutes"},"schema":{"@context":"https:\/\/schema.org","@graph":[{"@type":["WebPage","ItemPage"],"@id":"https:\/\/ruuby.ee\/pood\/kodusisustus\/valgustus\/laelambid\/umage-brighter-days\/","url":"https:\/\/ruuby.ee\/pood\/kodusisustus\/valgustus\/laelambid\/umage-brighter-days\/","name":"UMAGE - Brighter Days - RUUBY","isPartOf":{"@id":"https:\/\/ruuby.ee\/en\/#website"},"primaryImageOfPage":{"@id":"https:\/\/ruuby.ee\/pood\/kodusisustus\/valgustus\/laelambid\/umage-brighter-days\/#primaryimage"},"image":{"@id":"https:\/\/ruuby.ee\/pood\/kodusisustus\/valgustus\/laelambid\/umage-brighter-days\/#primaryimage"},"thumbnailUrl":"http:\/\/ruuby.ee\/wp-content\/uploads\/2024\/02\/Screenshot-2024-02-22-at-13.31.06.png","datePublished":"2024-02-22T13:41:42+00:00","dateModified":"2026-04-03T22:24:59+00:00","breadcrumb":{"@id":"https:\/\/ruuby.ee\/pood\/kodusisustus\/valgustus\/laelambid\/umage-brighter-days\/#breadcrumb"},"inLanguage":"en-GB","potentialAction":[{"@type":"ReadAction","target":["https:\/\/ruuby.ee\/pood\/kodusisustus\/valgustus\/laelambid\/umage-brighter-days\/"]}]},{"@type":"ImageObject","inLanguage":"en-GB","@id":"https:\/\/ruuby.ee\/pood\/kodusisustus\/valgustus\/laelambid\/umage-brighter-days\/#primaryimage","url":"http:\/\/ruuby.ee\/wp-content\/uploads\/2024\/02\/Screenshot-2024-02-22-at-13.31.06.png","contentUrl":"http:\/\/ruuby.ee\/wp-content\/uploads\/2024\/02\/Screenshot-2024-02-22-at-13.31.06.png","width":916,"height":1088},{"@type":"BreadcrumbList","@id":"https:\/\/ruuby.ee\/pood\/kodusisustus\/valgustus\/laelambid\/umage-brighter-days\/#breadcrumb","itemListElement":[{"@type":"ListItem","position":1,"name":"Kdu","item":"https:\/\/ruuby.ee\/en\/"},{"@type":"ListItem","position":2,"name":"Pood","item":"https:\/\/ruuby.ee\/pood\/"},{"@type":"ListItem","position":3,"name":"UMAGE &#8211; Brighter Days"}]},{"@type":"WebSite","@id":"https:\/\/ruuby.ee\/en\/#website","url":"https:\/\/ruuby.ee\/en\/","name":"RUUBY","description":"Ruubys on \u00fchendatud elustiil ja disain","publisher":{"@id":"https:\/\/ruuby.ee\/en\/#organization"},"alternateName":"Ruuby Disain","potentialAction":[{"@type":"SearchAction","target":{"@type":"EntryPoint","urlTemplate":"https:\/\/ruuby.ee\/en\/?s={search_term_string}"},"query-input":{"@type":"PropertyValueSpecification","valueRequired":true,"valueName":"search_term_string"}}],"inLanguage":"en-GB"},{"@type":"Organization","@id":"https:\/\/ruuby.ee\/en\/#organization","name":"Ruuby Disain O\u00dc","alternateName":"Ruuby","url":"https:\/\/ruuby.ee\/en\/","logo":{"@type":"ImageObject","inLanguage":"en-GB","@id":"https:\/\/ruuby.ee\/en\/#\/schema\/logo\/image\/","url":"http:\/\/ruuby.ee\/wp-content\/uploads\/2023\/06\/cropped-Black-White-Elegant-Circle-Signature-Fashion-Logo-12_large.png","contentUrl":"http:\/\/ruuby.ee\/wp-content\/uploads\/2023\/06\/cropped-Black-White-Elegant-Circle-Signature-Fashion-Logo-12_large.png","width":1280,"height":747,"caption":"Ruuby Disain O\u00dc"},"image":{"@id":"https:\/\/ruuby.ee\/en\/#\/schema\/logo\/image\/"},"sameAs":["https:\/\/www.facebook.com\/ruubyconcept","https:\/\/www.instagram.com\/ruuby_concept\/"]}]}},"jetpack_sharing_enabled":true,"_links":{"self":[{"href":"http:\/\/ruuby.ee\/en\/wp-json\/wp\/v2\/product\/1843441","targetHints":{"allow":["GET"]}}],"collection":[{"href":"http:\/\/ruuby.ee\/en\/wp-json\/wp\/v2\/product"}],"about":[{"href":"http:\/\/ruuby.ee\/en\/wp-json\/wp\/v2\/types\/product"}],"replies":[{"embeddable":true,"href":"http:\/\/ruuby.ee\/en\/wp-json\/wp\/v2\/comments?post=1843441"}],"wp:featuredmedia":[{"embeddable":true,"href":"http:\/\/ruuby.ee\/en\/wp-json\/wp\/v2\/media\/1843454"}],"wp:attachment":[{"href":"http:\/\/ruuby.ee\/en\/wp-json\/wp\/v2\/media?parent=1843441"}],"wp:term":[{"taxonomy":"product_brand","embeddable":true,"href":"http:\/\/ruuby.ee\/en\/wp-json\/wp\/v2\/product_brand?post=1843441"},{"taxonomy":"product_cat","embeddable":true,"href":"http:\/\/ruuby.ee\/en\/wp-json\/wp\/v2\/product_cat?post=1843441"},{"taxonomy":"product_tag","embeddable":true,"href":"http:\/\/ruuby.ee\/en\/wp-json\/wp\/v2\/product_tag?post=1843441"}],"curies":[{"name":"wp","href":"https:\/\/api.w.org\/{rel}","templated":true}]}}