{"id":1843400,"date":"2024-02-15T14:53:10","date_gmt":"2024-02-15T12:53:10","guid":{"rendered":"http:\/\/ruuby.ee\/?post_type=product&#038;p=1843400"},"modified":"2026-04-08T01:28:36","modified_gmt":"2026-04-07T22:28:36","slug":"ayaida-joogipudel-matte-black-500ml-2","status":"publish","type":"product","link":"http:\/\/ruuby.ee\/en\/pood\/aksessuaarid\/joogipudelid-ja-haara-kaasa-valik\/joogipudelid-joogipudelid-ja-haara-kaasa-valik\/ayaida-joogipudel-matte-black-500ml-2\/","title":{"rendered":"AYA&amp;IDA &#8211; joogipudel, Matte Black, 500ml"},"content":{"rendered":"<p style=\"font-weight: 400;\">AYA&amp;IDA joogipudeliga soovime, et meie kliendid jooksid stiilselt, aidates samal ajal planeedil paremini hingata.<\/p>\n<p style=\"font-weight: 400;\">Pudel hoiab teie joogid ideaalselt kuumana 12 tundi ja k\u00fclmana 24 tundi!<\/p>\n<p style=\"font-weight: 400;\">Ideaalne liikvel olles, olgu sul pudelis tee, kohv, limonaad v\u00f5i j\u00e4\u00e4k\u00fclm vesi.<\/p>\n<p style=\"font-weight: 400;\">Pudelid on 100% vabad BPA-st, ftalaatidest ja toksiinidest. Valmistatud vaakumisolatsiooniga toidukvaliteediga 18\/8 roostevabast terasest.<\/p>\n<p style=\"font-weight: 400;\">Kui soovid oma joogipudelit \u00fcmber k\u00e4e paelaga hoida \u2013 siis otsa juurde AYA&amp;IDA pudelik\u00e4epidemed, sobivad k\u00f5ikidele AYA&amp;IDA pudelitele ja h\u00f5lbustavad pudeli kaasaskandmist. Toodetud plaatina silikoonist. Pudelik\u00e4epidemes leiad meie e-poest ja poes kohapeal.<\/p>\n<p style=\"font-weight: 400;\">Kaunis disain, ilusad pastelsed toonid ning kasuta j\u00e4lle ja j\u00e4lle!<\/p>\n<p>J\u00e4reltellitava toote tarne 10 t\u00f6\u00f6p\u00e4eva.<\/p>\n<p style=\"font-weight: 400;\">","protected":false},"excerpt":{"rendered":"<p>AYA&amp;IDA joogipudeliga soovime, et meie kliendid jooksid stiilselt, aidates samal ajal planeedil paremini hingata. Pudel hoiab teie joogid ideaalselt kuumana 12 tundi ja k\u00fclmana 24 tundi! Ideaalne liikvel olles, olgu sul pudelis tee, kohv, limonaad v\u00f5i j\u00e4\u00e4k\u00fclm vesi. Pudelid on 100% vabad BPA-st, ftalaatidest ja toksiinidest. Valmistatud vaakumisolatsiooniga toidukvaliteediga 18\/8 roostevabast terasest. Kui soovid oma [&hellip;]<\/p>\n","protected":false},"featured_media":1843403,"comment_status":"open","ping_status":"closed","template":"","meta":[],"product_brand":[],"product_cat":[838,463],"product_tag":[],"class_list":{"0":"post-1843400","1":"product","2":"type-product","3":"status-publish","4":"has-post-thumbnail","6":"product_cat-joogipudelid-joogipudelid-ja-haara-kaasa-valik","7":"product_cat-joogipudelid-ja-haara-kaasa-valik","9":"first","10":"instock","11":"taxable","12":"shipping-taxable","13":"purchasable","14":"product-type-simple"},"yoast_head":"<!-- This site is optimized with the Yoast SEO plugin v27.3 - https:\/\/yoast.com\/product\/yoast-seo-wordpress\/ -->\n<title>AYA&amp;IDA - joogipudel, Matte Black, 500ml - RUUBY<\/title>\n<meta name=\"robots\" content=\"index, follow, max-snippet:-1, max-image-preview:large, max-video-preview:-1\" \/>\n<link rel=\"canonical\" href=\"https:\/\/ruuby.ee\/en\/pood\/aksessuaarid\/joogipudelid-ja-haara-kaasa-valik\/joogipudelid-joogipudelid-ja-haara-kaasa-valik\/ayaida-joogipudel-matte-black-500ml-2\/\" \/>\n<meta property=\"og:locale\" content=\"en_GB\" \/>\n<meta property=\"og:type\" content=\"article\" \/>\n<meta property=\"og:title\" content=\"AYA&amp;IDA - joogipudel, Matte Black, 500ml - RUUBY\" \/>\n<meta property=\"og:description\" content=\"AYA&amp;IDA joogipudeliga soovime, et meie kliendid jooksid stiilselt, aidates samal ajal planeedil paremini hingata. Pudel hoiab teie joogid ideaalselt kuumana 12 tundi ja k\u00fclmana 24 tundi! Ideaalne liikvel olles, olgu sul pudelis tee, kohv, limonaad v\u00f5i j\u00e4\u00e4k\u00fclm vesi. Pudelid on 100% vabad BPA-st, ftalaatidest ja toksiinidest. Valmistatud vaakumisolatsiooniga toidukvaliteediga 18\/8 roostevabast terasest. Kui soovid oma [&hellip;]\" \/>\n<meta property=\"og:url\" content=\"https:\/\/ruuby.ee\/en\/pood\/aksessuaarid\/joogipudelid-ja-haara-kaasa-valik\/joogipudelid-joogipudelid-ja-haara-kaasa-valik\/ayaida-joogipudel-matte-black-500ml-2\/\" \/>\n<meta property=\"og:site_name\" content=\"RUUBY\" \/>\n<meta property=\"article:publisher\" content=\"https:\/\/www.facebook.com\/ruubyconcept\" \/>\n<meta property=\"article:modified_time\" content=\"2026-04-07T22:28:36+00:00\" \/>\n<meta property=\"og:image\" content=\"https:\/\/ruuby.ee\/wp-content\/uploads\/2024\/02\/Screenshot-2024-02-15-at-14.53.26.png\" \/>\n\t<meta property=\"og:image:width\" content=\"1356\" \/>\n\t<meta property=\"og:image:height\" content=\"1300\" \/>\n\t<meta property=\"og:image:type\" content=\"image\/png\" \/>\n<meta name=\"twitter:card\" content=\"summary_large_image\" \/>\n<meta name=\"twitter:label1\" content=\"Estimated reading time\" \/>\n\t<meta name=\"twitter:data1\" content=\"1 minute\" \/>\n<script type=\"application\/ld+json\" class=\"yoast-schema-graph\">{\"@context\":\"https:\\\/\\\/schema.org\",\"@graph\":[{\"@type\":[\"WebPage\",\"ItemPage\"],\"@id\":\"https:\\\/\\\/ruuby.ee\\\/pood\\\/aksessuaarid\\\/joogipudelid-ja-haara-kaasa-valik\\\/joogipudelid-joogipudelid-ja-haara-kaasa-valik\\\/ayaida-joogipudel-matte-black-500ml-2\\\/\",\"url\":\"https:\\\/\\\/ruuby.ee\\\/pood\\\/aksessuaarid\\\/joogipudelid-ja-haara-kaasa-valik\\\/joogipudelid-joogipudelid-ja-haara-kaasa-valik\\\/ayaida-joogipudel-matte-black-500ml-2\\\/\",\"name\":\"AYA&amp;IDA - joogipudel, Matte Black, 500ml - RUUBY\",\"isPartOf\":{\"@id\":\"https:\\\/\\\/ruuby.ee\\\/en\\\/#website\"},\"primaryImageOfPage\":{\"@id\":\"https:\\\/\\\/ruuby.ee\\\/pood\\\/aksessuaarid\\\/joogipudelid-ja-haara-kaasa-valik\\\/joogipudelid-joogipudelid-ja-haara-kaasa-valik\\\/ayaida-joogipudel-matte-black-500ml-2\\\/#primaryimage\"},\"image\":{\"@id\":\"https:\\\/\\\/ruuby.ee\\\/pood\\\/aksessuaarid\\\/joogipudelid-ja-haara-kaasa-valik\\\/joogipudelid-joogipudelid-ja-haara-kaasa-valik\\\/ayaida-joogipudel-matte-black-500ml-2\\\/#primaryimage\"},\"thumbnailUrl\":\"http:\\\/\\\/ruuby.ee\\\/wp-content\\\/uploads\\\/2024\\\/02\\\/Screenshot-2024-02-15-at-14.53.26.png\",\"datePublished\":\"2024-02-15T12:53:10+00:00\",\"dateModified\":\"2026-04-07T22:28:36+00:00\",\"breadcrumb\":{\"@id\":\"https:\\\/\\\/ruuby.ee\\\/pood\\\/aksessuaarid\\\/joogipudelid-ja-haara-kaasa-valik\\\/joogipudelid-joogipudelid-ja-haara-kaasa-valik\\\/ayaida-joogipudel-matte-black-500ml-2\\\/#breadcrumb\"},\"inLanguage\":\"en-GB\",\"potentialAction\":[{\"@type\":\"ReadAction\",\"target\":[\"https:\\\/\\\/ruuby.ee\\\/pood\\\/aksessuaarid\\\/joogipudelid-ja-haara-kaasa-valik\\\/joogipudelid-joogipudelid-ja-haara-kaasa-valik\\\/ayaida-joogipudel-matte-black-500ml-2\\\/\"]}]},{\"@type\":\"ImageObject\",\"inLanguage\":\"en-GB\",\"@id\":\"https:\\\/\\\/ruuby.ee\\\/pood\\\/aksessuaarid\\\/joogipudelid-ja-haara-kaasa-valik\\\/joogipudelid-joogipudelid-ja-haara-kaasa-valik\\\/ayaida-joogipudel-matte-black-500ml-2\\\/#primaryimage\",\"url\":\"http:\\\/\\\/ruuby.ee\\\/wp-content\\\/uploads\\\/2024\\\/02\\\/Screenshot-2024-02-15-at-14.53.26.png\",\"contentUrl\":\"http:\\\/\\\/ruuby.ee\\\/wp-content\\\/uploads\\\/2024\\\/02\\\/Screenshot-2024-02-15-at-14.53.26.png\",\"width\":1356,\"height\":1300},{\"@type\":\"BreadcrumbList\",\"@id\":\"https:\\\/\\\/ruuby.ee\\\/pood\\\/aksessuaarid\\\/joogipudelid-ja-haara-kaasa-valik\\\/joogipudelid-joogipudelid-ja-haara-kaasa-valik\\\/ayaida-joogipudel-matte-black-500ml-2\\\/#breadcrumb\",\"itemListElement\":[{\"@type\":\"ListItem\",\"position\":1,\"name\":\"Kdu\",\"item\":\"https:\\\/\\\/ruuby.ee\\\/en\\\/\"},{\"@type\":\"ListItem\",\"position\":2,\"name\":\"Pood\",\"item\":\"https:\\\/\\\/ruuby.ee\\\/en\\\/pood\\\/\"},{\"@type\":\"ListItem\",\"position\":3,\"name\":\"AYA&amp;IDA &#8211; joogipudel, Matte Black, 500ml\"}]},{\"@type\":\"WebSite\",\"@id\":\"https:\\\/\\\/ruuby.ee\\\/en\\\/#website\",\"url\":\"https:\\\/\\\/ruuby.ee\\\/en\\\/\",\"name\":\"RUUBY\",\"description\":\"Ruubys on \u00fchendatud elustiil ja disain\",\"publisher\":{\"@id\":\"https:\\\/\\\/ruuby.ee\\\/en\\\/#organization\"},\"alternateName\":\"Ruuby Disain\",\"potentialAction\":[{\"@type\":\"SearchAction\",\"target\":{\"@type\":\"EntryPoint\",\"urlTemplate\":\"https:\\\/\\\/ruuby.ee\\\/en\\\/?s={search_term_string}\"},\"query-input\":{\"@type\":\"PropertyValueSpecification\",\"valueRequired\":true,\"valueName\":\"search_term_string\"}}],\"inLanguage\":\"en-GB\"},{\"@type\":\"Organization\",\"@id\":\"https:\\\/\\\/ruuby.ee\\\/en\\\/#organization\",\"name\":\"Ruuby Disain O\u00dc\",\"alternateName\":\"Ruuby\",\"url\":\"https:\\\/\\\/ruuby.ee\\\/en\\\/\",\"logo\":{\"@type\":\"ImageObject\",\"inLanguage\":\"en-GB\",\"@id\":\"https:\\\/\\\/ruuby.ee\\\/en\\\/#\\\/schema\\\/logo\\\/image\\\/\",\"url\":\"http:\\\/\\\/ruuby.ee\\\/wp-content\\\/uploads\\\/2023\\\/06\\\/cropped-Black-White-Elegant-Circle-Signature-Fashion-Logo-12_large.png\",\"contentUrl\":\"http:\\\/\\\/ruuby.ee\\\/wp-content\\\/uploads\\\/2023\\\/06\\\/cropped-Black-White-Elegant-Circle-Signature-Fashion-Logo-12_large.png\",\"width\":1280,\"height\":747,\"caption\":\"Ruuby Disain O\u00dc\"},\"image\":{\"@id\":\"https:\\\/\\\/ruuby.ee\\\/en\\\/#\\\/schema\\\/logo\\\/image\\\/\"},\"sameAs\":[\"https:\\\/\\\/www.facebook.com\\\/ruubyconcept\",\"https:\\\/\\\/www.instagram.com\\\/ruuby_concept\\\/\"]}]}<\/script>\n<!-- \/ Yoast SEO plugin. -->","yoast_head_json":{"title":"AYA&amp;IDA - joogipudel, Matte Black, 500ml - RUUBY","robots":{"index":"index","follow":"follow","max-snippet":"max-snippet:-1","max-image-preview":"max-image-preview:large","max-video-preview":"max-video-preview:-1"},"canonical":"https:\/\/ruuby.ee\/en\/pood\/aksessuaarid\/joogipudelid-ja-haara-kaasa-valik\/joogipudelid-joogipudelid-ja-haara-kaasa-valik\/ayaida-joogipudel-matte-black-500ml-2\/","og_locale":"en_GB","og_type":"article","og_title":"AYA&amp;IDA - joogipudel, Matte Black, 500ml - RUUBY","og_description":"AYA&amp;IDA joogipudeliga soovime, et meie kliendid jooksid stiilselt, aidates samal ajal planeedil paremini hingata. Pudel hoiab teie joogid ideaalselt kuumana 12 tundi ja k\u00fclmana 24 tundi! Ideaalne liikvel olles, olgu sul pudelis tee, kohv, limonaad v\u00f5i j\u00e4\u00e4k\u00fclm vesi. Pudelid on 100% vabad BPA-st, ftalaatidest ja toksiinidest. Valmistatud vaakumisolatsiooniga toidukvaliteediga 18\/8 roostevabast terasest. Kui soovid oma [&hellip;]","og_url":"https:\/\/ruuby.ee\/en\/pood\/aksessuaarid\/joogipudelid-ja-haara-kaasa-valik\/joogipudelid-joogipudelid-ja-haara-kaasa-valik\/ayaida-joogipudel-matte-black-500ml-2\/","og_site_name":"RUUBY","article_publisher":"https:\/\/www.facebook.com\/ruubyconcept","article_modified_time":"2026-04-07T22:28:36+00:00","og_image":[{"width":1356,"height":1300,"url":"https:\/\/ruuby.ee\/wp-content\/uploads\/2024\/02\/Screenshot-2024-02-15-at-14.53.26.png","type":"image\/png"}],"twitter_card":"summary_large_image","twitter_misc":{"Estimated reading time":"1 minute"},"schema":{"@context":"https:\/\/schema.org","@graph":[{"@type":["WebPage","ItemPage"],"@id":"https:\/\/ruuby.ee\/pood\/aksessuaarid\/joogipudelid-ja-haara-kaasa-valik\/joogipudelid-joogipudelid-ja-haara-kaasa-valik\/ayaida-joogipudel-matte-black-500ml-2\/","url":"https:\/\/ruuby.ee\/pood\/aksessuaarid\/joogipudelid-ja-haara-kaasa-valik\/joogipudelid-joogipudelid-ja-haara-kaasa-valik\/ayaida-joogipudel-matte-black-500ml-2\/","name":"AYA&amp;IDA - joogipudel, Matte Black, 500ml - RUUBY","isPartOf":{"@id":"https:\/\/ruuby.ee\/en\/#website"},"primaryImageOfPage":{"@id":"https:\/\/ruuby.ee\/pood\/aksessuaarid\/joogipudelid-ja-haara-kaasa-valik\/joogipudelid-joogipudelid-ja-haara-kaasa-valik\/ayaida-joogipudel-matte-black-500ml-2\/#primaryimage"},"image":{"@id":"https:\/\/ruuby.ee\/pood\/aksessuaarid\/joogipudelid-ja-haara-kaasa-valik\/joogipudelid-joogipudelid-ja-haara-kaasa-valik\/ayaida-joogipudel-matte-black-500ml-2\/#primaryimage"},"thumbnailUrl":"http:\/\/ruuby.ee\/wp-content\/uploads\/2024\/02\/Screenshot-2024-02-15-at-14.53.26.png","datePublished":"2024-02-15T12:53:10+00:00","dateModified":"2026-04-07T22:28:36+00:00","breadcrumb":{"@id":"https:\/\/ruuby.ee\/pood\/aksessuaarid\/joogipudelid-ja-haara-kaasa-valik\/joogipudelid-joogipudelid-ja-haara-kaasa-valik\/ayaida-joogipudel-matte-black-500ml-2\/#breadcrumb"},"inLanguage":"en-GB","potentialAction":[{"@type":"ReadAction","target":["https:\/\/ruuby.ee\/pood\/aksessuaarid\/joogipudelid-ja-haara-kaasa-valik\/joogipudelid-joogipudelid-ja-haara-kaasa-valik\/ayaida-joogipudel-matte-black-500ml-2\/"]}]},{"@type":"ImageObject","inLanguage":"en-GB","@id":"https:\/\/ruuby.ee\/pood\/aksessuaarid\/joogipudelid-ja-haara-kaasa-valik\/joogipudelid-joogipudelid-ja-haara-kaasa-valik\/ayaida-joogipudel-matte-black-500ml-2\/#primaryimage","url":"http:\/\/ruuby.ee\/wp-content\/uploads\/2024\/02\/Screenshot-2024-02-15-at-14.53.26.png","contentUrl":"http:\/\/ruuby.ee\/wp-content\/uploads\/2024\/02\/Screenshot-2024-02-15-at-14.53.26.png","width":1356,"height":1300},{"@type":"BreadcrumbList","@id":"https:\/\/ruuby.ee\/pood\/aksessuaarid\/joogipudelid-ja-haara-kaasa-valik\/joogipudelid-joogipudelid-ja-haara-kaasa-valik\/ayaida-joogipudel-matte-black-500ml-2\/#breadcrumb","itemListElement":[{"@type":"ListItem","position":1,"name":"Kdu","item":"https:\/\/ruuby.ee\/en\/"},{"@type":"ListItem","position":2,"name":"Pood","item":"https:\/\/ruuby.ee\/en\/pood\/"},{"@type":"ListItem","position":3,"name":"AYA&amp;IDA &#8211; joogipudel, Matte Black, 500ml"}]},{"@type":"WebSite","@id":"https:\/\/ruuby.ee\/en\/#website","url":"https:\/\/ruuby.ee\/en\/","name":"RUUBY","description":"Ruubys on \u00fchendatud elustiil ja disain","publisher":{"@id":"https:\/\/ruuby.ee\/en\/#organization"},"alternateName":"Ruuby Disain","potentialAction":[{"@type":"SearchAction","target":{"@type":"EntryPoint","urlTemplate":"https:\/\/ruuby.ee\/en\/?s={search_term_string}"},"query-input":{"@type":"PropertyValueSpecification","valueRequired":true,"valueName":"search_term_string"}}],"inLanguage":"en-GB"},{"@type":"Organization","@id":"https:\/\/ruuby.ee\/en\/#organization","name":"Ruuby Disain O\u00dc","alternateName":"Ruuby","url":"https:\/\/ruuby.ee\/en\/","logo":{"@type":"ImageObject","inLanguage":"en-GB","@id":"https:\/\/ruuby.ee\/en\/#\/schema\/logo\/image\/","url":"http:\/\/ruuby.ee\/wp-content\/uploads\/2023\/06\/cropped-Black-White-Elegant-Circle-Signature-Fashion-Logo-12_large.png","contentUrl":"http:\/\/ruuby.ee\/wp-content\/uploads\/2023\/06\/cropped-Black-White-Elegant-Circle-Signature-Fashion-Logo-12_large.png","width":1280,"height":747,"caption":"Ruuby Disain O\u00dc"},"image":{"@id":"https:\/\/ruuby.ee\/en\/#\/schema\/logo\/image\/"},"sameAs":["https:\/\/www.facebook.com\/ruubyconcept","https:\/\/www.instagram.com\/ruuby_concept\/"]}]}},"jetpack_sharing_enabled":true,"_links":{"self":[{"href":"http:\/\/ruuby.ee\/en\/wp-json\/wp\/v2\/product\/1843400","targetHints":{"allow":["GET"]}}],"collection":[{"href":"http:\/\/ruuby.ee\/en\/wp-json\/wp\/v2\/product"}],"about":[{"href":"http:\/\/ruuby.ee\/en\/wp-json\/wp\/v2\/types\/product"}],"replies":[{"embeddable":true,"href":"http:\/\/ruuby.ee\/en\/wp-json\/wp\/v2\/comments?post=1843400"}],"wp:featuredmedia":[{"embeddable":true,"href":"http:\/\/ruuby.ee\/en\/wp-json\/wp\/v2\/media\/1843403"}],"wp:attachment":[{"href":"http:\/\/ruuby.ee\/en\/wp-json\/wp\/v2\/media?parent=1843400"}],"wp:term":[{"taxonomy":"product_brand","embeddable":true,"href":"http:\/\/ruuby.ee\/en\/wp-json\/wp\/v2\/product_brand?post=1843400"},{"taxonomy":"product_cat","embeddable":true,"href":"http:\/\/ruuby.ee\/en\/wp-json\/wp\/v2\/product_cat?post=1843400"},{"taxonomy":"product_tag","embeddable":true,"href":"http:\/\/ruuby.ee\/en\/wp-json\/wp\/v2\/product_tag?post=1843400"}],"curies":[{"name":"wp","href":"https:\/\/api.w.org\/{rel}","templated":true}]}}