{"id":1843387,"date":"2024-02-15T14:39:28","date_gmt":"2024-02-15T12:39:28","guid":{"rendered":"http:\/\/ruuby.ee\/?post_type=product&#038;p=1843387"},"modified":"2026-04-08T01:28:36","modified_gmt":"2026-04-07T22:28:36","slug":"ayaida-soogitermos-foodie-matte-black-500ml","status":"publish","type":"product","link":"http:\/\/ruuby.ee\/en\/pood\/aksessuaarid\/joogipudelid-ja-haara-kaasa-valik\/soogitarvikud\/ayaida-soogitermos-foodie-matte-black-500ml\/","title":{"rendered":"AYA&amp;IDA &#8211; S\u00f6\u00f6gitermos, Foodie, Dark Grey, 500ml"},"content":{"rendered":"<p>Hoia oma toitu soojas 8 tundi ja k\u00fclmas 12 tundi.<\/p>\n<p>Ideaalne liikvel olles \u2013 saab kasutada n\u00e4iteks hommikupudru, pastaroogade, vokiroogade, suppide, jogurti, imikutoidu v\u00f5i isegi j\u00e4\u00e4kuubikute valmistamiseks. S\u00f6\u00f6ge lihtsalt \u2013 Food&#8217;ie on valmistatud 1. klassi roostevabast terasest 18\/8, mis ei puutu teie toiduga kokku. Boonus: taaskasutatava Food&#8217;ie abil saate aktiivselt aidata v\u00e4hendada pakendij\u00e4\u00e4tmeid ja peatada toidu raiskamist. Aitate kaitsta meie loodust.<\/p>\n<p>Sina ja sinu lapsed saavad nautida n\u00fc\u00fcd oma l\u00f5unas\u00f6\u00f6ki igal ajal ja igas kohas &#8211; \u00a0alates suppidest, riisipudrust kuni pastani lihakastmega. See hoiab toidu soojas ja on tohutu aja ja raha kokkuhoid.<\/p>\n<p>Labor sertifitseeritud LFGB (toiduga kokkupuutumise kvaliteedi testimine) n\u00f5uetele vastavaks.<\/p>\n<p>Iga kord, kui ostate AYA&amp;IDA toote, annetame UNICEF-i kaudu abivajavatele lastele 100 liitrit vett.<\/p>\n<p>Maht: 500 ml<br \/>\nAva: 7 cm<br \/>\nL\u00e4bim\u00f5\u00f5t: 10 cm<br \/>\nK\u00f5rgus: 16 cm<br \/>\nKaal: 374 g<\/p>\n<p><strong>Kuidas Food&#8217;ie&#8217;d kasutada:<\/strong><\/p>\n<p>Bakterid kasvavad temperatuuril 20\u201340 \u00b0C. Soovitame toidu enne Food&#8217;ie&#8217;sse panemist keemiseni kuumutada. N\u00e4iteks kui paned kaerahelbed sisse temperatuuril 75 \u00b0C, siis 7,5 tunni p\u00e4rast on need jahtunud temperatuurini 52 \u00b0C. Kui aga plaanid suppi s\u00fc\u00fca juba 4 tunni p\u00e4rast, v\u00f5ib see 90 \u00b0C juures lisatuna olla liiga kuum, seega soovitame sellel enne hoiustamist veidi jahtuda lasta.<\/p>","protected":false},"excerpt":{"rendered":"<p>Sinu s\u00f6\u00f6k p\u00fcsib t\u00f5esti nii soe, kui k\u00fclm ja seda teve p\u00e4eva!<\/p>\n<p>Suurep\u00e4rane viis oma s\u00f6\u00f6gi kaasa v\u00f5tmiseks!<\/p>","protected":false},"featured_media":1859269,"comment_status":"open","ping_status":"closed","template":"","meta":[],"product_brand":[],"product_cat":[262,463,681,842],"product_tag":[],"class_list":{"0":"post-1843387","1":"product","2":"type-product","3":"status-publish","4":"has-post-thumbnail","6":"product_cat-beebikaubad","7":"product_cat-joogipudelid-ja-haara-kaasa-valik","8":"product_cat-soogiaeg","9":"product_cat-soogitarvikud","11":"first","12":"instock","13":"taxable","14":"shipping-taxable","15":"purchasable","16":"product-type-simple"},"yoast_head":"<!-- This site is optimized with the Yoast SEO plugin v27.3 - https:\/\/yoast.com\/product\/yoast-seo-wordpress\/ -->\n<title>AYA&amp;IDA - S\u00f6\u00f6gitermos, Foodie, Dark Grey, 500ml - RUUBY<\/title>\n<meta name=\"robots\" content=\"index, follow, max-snippet:-1, max-image-preview:large, max-video-preview:-1\" \/>\n<link rel=\"canonical\" href=\"https:\/\/ruuby.ee\/en\/pood\/aksessuaarid\/joogipudelid-ja-haara-kaasa-valik\/soogitarvikud\/ayaida-soogitermos-foodie-matte-black-500ml\/\" \/>\n<meta property=\"og:locale\" content=\"en_GB\" \/>\n<meta property=\"og:type\" content=\"article\" \/>\n<meta property=\"og:title\" content=\"AYA&amp;IDA - S\u00f6\u00f6gitermos, Foodie, Dark Grey, 500ml - RUUBY\" \/>\n<meta property=\"og:description\" content=\"Sinu s\u00f6\u00f6k p\u00fcsib t\u00f5esti nii soe, kui k\u00fclm ja seda teve p\u00e4eva!  Suurep\u00e4rane viis oma s\u00f6\u00f6gi kaasa v\u00f5tmiseks!\" \/>\n<meta property=\"og:url\" content=\"https:\/\/ruuby.ee\/en\/pood\/aksessuaarid\/joogipudelid-ja-haara-kaasa-valik\/soogitarvikud\/ayaida-soogitermos-foodie-matte-black-500ml\/\" \/>\n<meta property=\"og:site_name\" content=\"RUUBY\" \/>\n<meta property=\"article:publisher\" content=\"https:\/\/www.facebook.com\/ruubyconcept\" \/>\n<meta property=\"article:modified_time\" content=\"2026-04-07T22:28:36+00:00\" \/>\n<meta property=\"og:image\" content=\"https:\/\/ruuby.ee\/wp-content\/uploads\/2024\/02\/Screenshot-2026-03-17-at-11.17.14-724x1024.png\" \/>\n\t<meta property=\"og:image:width\" content=\"724\" \/>\n\t<meta property=\"og:image:height\" content=\"1024\" \/>\n\t<meta property=\"og:image:type\" content=\"image\/png\" \/>\n<meta name=\"twitter:card\" content=\"summary_large_image\" \/>\n<meta name=\"twitter:label1\" content=\"Estimated reading time\" \/>\n\t<meta name=\"twitter:data1\" content=\"2 minutes\" \/>\n<script type=\"application\/ld+json\" class=\"yoast-schema-graph\">{\"@context\":\"https:\\\/\\\/schema.org\",\"@graph\":[{\"@type\":[\"WebPage\",\"ItemPage\"],\"@id\":\"https:\\\/\\\/ruuby.ee\\\/pood\\\/aksessuaarid\\\/joogipudelid-ja-haara-kaasa-valik\\\/soogitarvikud\\\/ayaida-soogitermos-foodie-matte-black-500ml\\\/\",\"url\":\"https:\\\/\\\/ruuby.ee\\\/pood\\\/aksessuaarid\\\/joogipudelid-ja-haara-kaasa-valik\\\/soogitarvikud\\\/ayaida-soogitermos-foodie-matte-black-500ml\\\/\",\"name\":\"AYA&amp;IDA - S\u00f6\u00f6gitermos, Foodie, Dark Grey, 500ml - RUUBY\",\"isPartOf\":{\"@id\":\"https:\\\/\\\/ruuby.ee\\\/en\\\/#website\"},\"primaryImageOfPage\":{\"@id\":\"https:\\\/\\\/ruuby.ee\\\/pood\\\/aksessuaarid\\\/joogipudelid-ja-haara-kaasa-valik\\\/soogitarvikud\\\/ayaida-soogitermos-foodie-matte-black-500ml\\\/#primaryimage\"},\"image\":{\"@id\":\"https:\\\/\\\/ruuby.ee\\\/pood\\\/aksessuaarid\\\/joogipudelid-ja-haara-kaasa-valik\\\/soogitarvikud\\\/ayaida-soogitermos-foodie-matte-black-500ml\\\/#primaryimage\"},\"thumbnailUrl\":\"http:\\\/\\\/ruuby.ee\\\/wp-content\\\/uploads\\\/2024\\\/02\\\/Screenshot-2026-03-17-at-11.17.14.png\",\"datePublished\":\"2024-02-15T12:39:28+00:00\",\"dateModified\":\"2026-04-07T22:28:36+00:00\",\"breadcrumb\":{\"@id\":\"https:\\\/\\\/ruuby.ee\\\/pood\\\/aksessuaarid\\\/joogipudelid-ja-haara-kaasa-valik\\\/soogitarvikud\\\/ayaida-soogitermos-foodie-matte-black-500ml\\\/#breadcrumb\"},\"inLanguage\":\"en-GB\",\"potentialAction\":[{\"@type\":\"ReadAction\",\"target\":[\"https:\\\/\\\/ruuby.ee\\\/pood\\\/aksessuaarid\\\/joogipudelid-ja-haara-kaasa-valik\\\/soogitarvikud\\\/ayaida-soogitermos-foodie-matte-black-500ml\\\/\"]}]},{\"@type\":\"ImageObject\",\"inLanguage\":\"en-GB\",\"@id\":\"https:\\\/\\\/ruuby.ee\\\/pood\\\/aksessuaarid\\\/joogipudelid-ja-haara-kaasa-valik\\\/soogitarvikud\\\/ayaida-soogitermos-foodie-matte-black-500ml\\\/#primaryimage\",\"url\":\"http:\\\/\\\/ruuby.ee\\\/wp-content\\\/uploads\\\/2024\\\/02\\\/Screenshot-2026-03-17-at-11.17.14.png\",\"contentUrl\":\"http:\\\/\\\/ruuby.ee\\\/wp-content\\\/uploads\\\/2024\\\/02\\\/Screenshot-2026-03-17-at-11.17.14.png\",\"width\":1124,\"height\":1590},{\"@type\":\"BreadcrumbList\",\"@id\":\"https:\\\/\\\/ruuby.ee\\\/pood\\\/aksessuaarid\\\/joogipudelid-ja-haara-kaasa-valik\\\/soogitarvikud\\\/ayaida-soogitermos-foodie-matte-black-500ml\\\/#breadcrumb\",\"itemListElement\":[{\"@type\":\"ListItem\",\"position\":1,\"name\":\"Kdu\",\"item\":\"https:\\\/\\\/ruuby.ee\\\/en\\\/\"},{\"@type\":\"ListItem\",\"position\":2,\"name\":\"Pood\",\"item\":\"https:\\\/\\\/ruuby.ee\\\/en\\\/pood\\\/\"},{\"@type\":\"ListItem\",\"position\":3,\"name\":\"AYA&amp;IDA &#8211; S\u00f6\u00f6gitermos, Foodie, Dark Grey, 500ml\"}]},{\"@type\":\"WebSite\",\"@id\":\"https:\\\/\\\/ruuby.ee\\\/en\\\/#website\",\"url\":\"https:\\\/\\\/ruuby.ee\\\/en\\\/\",\"name\":\"RUUBY\",\"description\":\"Ruubys on \u00fchendatud elustiil ja disain\",\"publisher\":{\"@id\":\"https:\\\/\\\/ruuby.ee\\\/en\\\/#organization\"},\"alternateName\":\"Ruuby Disain\",\"potentialAction\":[{\"@type\":\"SearchAction\",\"target\":{\"@type\":\"EntryPoint\",\"urlTemplate\":\"https:\\\/\\\/ruuby.ee\\\/en\\\/?s={search_term_string}\"},\"query-input\":{\"@type\":\"PropertyValueSpecification\",\"valueRequired\":true,\"valueName\":\"search_term_string\"}}],\"inLanguage\":\"en-GB\"},{\"@type\":\"Organization\",\"@id\":\"https:\\\/\\\/ruuby.ee\\\/en\\\/#organization\",\"name\":\"Ruuby Disain O\u00dc\",\"alternateName\":\"Ruuby\",\"url\":\"https:\\\/\\\/ruuby.ee\\\/en\\\/\",\"logo\":{\"@type\":\"ImageObject\",\"inLanguage\":\"en-GB\",\"@id\":\"https:\\\/\\\/ruuby.ee\\\/en\\\/#\\\/schema\\\/logo\\\/image\\\/\",\"url\":\"http:\\\/\\\/ruuby.ee\\\/wp-content\\\/uploads\\\/2023\\\/06\\\/cropped-Black-White-Elegant-Circle-Signature-Fashion-Logo-12_large.png\",\"contentUrl\":\"http:\\\/\\\/ruuby.ee\\\/wp-content\\\/uploads\\\/2023\\\/06\\\/cropped-Black-White-Elegant-Circle-Signature-Fashion-Logo-12_large.png\",\"width\":1280,\"height\":747,\"caption\":\"Ruuby Disain O\u00dc\"},\"image\":{\"@id\":\"https:\\\/\\\/ruuby.ee\\\/en\\\/#\\\/schema\\\/logo\\\/image\\\/\"},\"sameAs\":[\"https:\\\/\\\/www.facebook.com\\\/ruubyconcept\",\"https:\\\/\\\/www.instagram.com\\\/ruuby_concept\\\/\"]}]}<\/script>\n<!-- \/ Yoast SEO plugin. -->","yoast_head_json":{"title":"AYA&amp;IDA - S\u00f6\u00f6gitermos, Foodie, Dark Grey, 500ml - RUUBY","robots":{"index":"index","follow":"follow","max-snippet":"max-snippet:-1","max-image-preview":"max-image-preview:large","max-video-preview":"max-video-preview:-1"},"canonical":"https:\/\/ruuby.ee\/en\/pood\/aksessuaarid\/joogipudelid-ja-haara-kaasa-valik\/soogitarvikud\/ayaida-soogitermos-foodie-matte-black-500ml\/","og_locale":"en_GB","og_type":"article","og_title":"AYA&amp;IDA - S\u00f6\u00f6gitermos, Foodie, Dark Grey, 500ml - RUUBY","og_description":"Sinu s\u00f6\u00f6k p\u00fcsib t\u00f5esti nii soe, kui k\u00fclm ja seda teve p\u00e4eva!  Suurep\u00e4rane viis oma s\u00f6\u00f6gi kaasa v\u00f5tmiseks!","og_url":"https:\/\/ruuby.ee\/en\/pood\/aksessuaarid\/joogipudelid-ja-haara-kaasa-valik\/soogitarvikud\/ayaida-soogitermos-foodie-matte-black-500ml\/","og_site_name":"RUUBY","article_publisher":"https:\/\/www.facebook.com\/ruubyconcept","article_modified_time":"2026-04-07T22:28:36+00:00","og_image":[{"width":724,"height":1024,"url":"https:\/\/ruuby.ee\/wp-content\/uploads\/2024\/02\/Screenshot-2026-03-17-at-11.17.14-724x1024.png","type":"image\/png"}],"twitter_card":"summary_large_image","twitter_misc":{"Estimated reading time":"2 minutes"},"schema":{"@context":"https:\/\/schema.org","@graph":[{"@type":["WebPage","ItemPage"],"@id":"https:\/\/ruuby.ee\/pood\/aksessuaarid\/joogipudelid-ja-haara-kaasa-valik\/soogitarvikud\/ayaida-soogitermos-foodie-matte-black-500ml\/","url":"https:\/\/ruuby.ee\/pood\/aksessuaarid\/joogipudelid-ja-haara-kaasa-valik\/soogitarvikud\/ayaida-soogitermos-foodie-matte-black-500ml\/","name":"AYA&amp;IDA - S\u00f6\u00f6gitermos, Foodie, Dark Grey, 500ml - RUUBY","isPartOf":{"@id":"https:\/\/ruuby.ee\/en\/#website"},"primaryImageOfPage":{"@id":"https:\/\/ruuby.ee\/pood\/aksessuaarid\/joogipudelid-ja-haara-kaasa-valik\/soogitarvikud\/ayaida-soogitermos-foodie-matte-black-500ml\/#primaryimage"},"image":{"@id":"https:\/\/ruuby.ee\/pood\/aksessuaarid\/joogipudelid-ja-haara-kaasa-valik\/soogitarvikud\/ayaida-soogitermos-foodie-matte-black-500ml\/#primaryimage"},"thumbnailUrl":"http:\/\/ruuby.ee\/wp-content\/uploads\/2024\/02\/Screenshot-2026-03-17-at-11.17.14.png","datePublished":"2024-02-15T12:39:28+00:00","dateModified":"2026-04-07T22:28:36+00:00","breadcrumb":{"@id":"https:\/\/ruuby.ee\/pood\/aksessuaarid\/joogipudelid-ja-haara-kaasa-valik\/soogitarvikud\/ayaida-soogitermos-foodie-matte-black-500ml\/#breadcrumb"},"inLanguage":"en-GB","potentialAction":[{"@type":"ReadAction","target":["https:\/\/ruuby.ee\/pood\/aksessuaarid\/joogipudelid-ja-haara-kaasa-valik\/soogitarvikud\/ayaida-soogitermos-foodie-matte-black-500ml\/"]}]},{"@type":"ImageObject","inLanguage":"en-GB","@id":"https:\/\/ruuby.ee\/pood\/aksessuaarid\/joogipudelid-ja-haara-kaasa-valik\/soogitarvikud\/ayaida-soogitermos-foodie-matte-black-500ml\/#primaryimage","url":"http:\/\/ruuby.ee\/wp-content\/uploads\/2024\/02\/Screenshot-2026-03-17-at-11.17.14.png","contentUrl":"http:\/\/ruuby.ee\/wp-content\/uploads\/2024\/02\/Screenshot-2026-03-17-at-11.17.14.png","width":1124,"height":1590},{"@type":"BreadcrumbList","@id":"https:\/\/ruuby.ee\/pood\/aksessuaarid\/joogipudelid-ja-haara-kaasa-valik\/soogitarvikud\/ayaida-soogitermos-foodie-matte-black-500ml\/#breadcrumb","itemListElement":[{"@type":"ListItem","position":1,"name":"Kdu","item":"https:\/\/ruuby.ee\/en\/"},{"@type":"ListItem","position":2,"name":"Pood","item":"https:\/\/ruuby.ee\/en\/pood\/"},{"@type":"ListItem","position":3,"name":"AYA&amp;IDA &#8211; S\u00f6\u00f6gitermos, Foodie, Dark Grey, 500ml"}]},{"@type":"WebSite","@id":"https:\/\/ruuby.ee\/en\/#website","url":"https:\/\/ruuby.ee\/en\/","name":"RUUBY","description":"Ruubys on \u00fchendatud elustiil ja disain","publisher":{"@id":"https:\/\/ruuby.ee\/en\/#organization"},"alternateName":"Ruuby Disain","potentialAction":[{"@type":"SearchAction","target":{"@type":"EntryPoint","urlTemplate":"https:\/\/ruuby.ee\/en\/?s={search_term_string}"},"query-input":{"@type":"PropertyValueSpecification","valueRequired":true,"valueName":"search_term_string"}}],"inLanguage":"en-GB"},{"@type":"Organization","@id":"https:\/\/ruuby.ee\/en\/#organization","name":"Ruuby Disain O\u00dc","alternateName":"Ruuby","url":"https:\/\/ruuby.ee\/en\/","logo":{"@type":"ImageObject","inLanguage":"en-GB","@id":"https:\/\/ruuby.ee\/en\/#\/schema\/logo\/image\/","url":"http:\/\/ruuby.ee\/wp-content\/uploads\/2023\/06\/cropped-Black-White-Elegant-Circle-Signature-Fashion-Logo-12_large.png","contentUrl":"http:\/\/ruuby.ee\/wp-content\/uploads\/2023\/06\/cropped-Black-White-Elegant-Circle-Signature-Fashion-Logo-12_large.png","width":1280,"height":747,"caption":"Ruuby Disain O\u00dc"},"image":{"@id":"https:\/\/ruuby.ee\/en\/#\/schema\/logo\/image\/"},"sameAs":["https:\/\/www.facebook.com\/ruubyconcept","https:\/\/www.instagram.com\/ruuby_concept\/"]}]}},"jetpack_sharing_enabled":true,"_links":{"self":[{"href":"http:\/\/ruuby.ee\/en\/wp-json\/wp\/v2\/product\/1843387","targetHints":{"allow":["GET"]}}],"collection":[{"href":"http:\/\/ruuby.ee\/en\/wp-json\/wp\/v2\/product"}],"about":[{"href":"http:\/\/ruuby.ee\/en\/wp-json\/wp\/v2\/types\/product"}],"replies":[{"embeddable":true,"href":"http:\/\/ruuby.ee\/en\/wp-json\/wp\/v2\/comments?post=1843387"}],"wp:featuredmedia":[{"embeddable":true,"href":"http:\/\/ruuby.ee\/en\/wp-json\/wp\/v2\/media\/1859269"}],"wp:attachment":[{"href":"http:\/\/ruuby.ee\/en\/wp-json\/wp\/v2\/media?parent=1843387"}],"wp:term":[{"taxonomy":"product_brand","embeddable":true,"href":"http:\/\/ruuby.ee\/en\/wp-json\/wp\/v2\/product_brand?post=1843387"},{"taxonomy":"product_cat","embeddable":true,"href":"http:\/\/ruuby.ee\/en\/wp-json\/wp\/v2\/product_cat?post=1843387"},{"taxonomy":"product_tag","embeddable":true,"href":"http:\/\/ruuby.ee\/en\/wp-json\/wp\/v2\/product_tag?post=1843387"}],"curies":[{"name":"wp","href":"https:\/\/api.w.org\/{rel}","templated":true}]}}