{"id":1842334,"date":"2024-01-12T15:29:34","date_gmt":"2024-01-12T13:29:34","guid":{"rendered":"http:\/\/ruuby.ee\/?post_type=product&#038;p=1842334"},"modified":"2026-04-04T01:24:59","modified_gmt":"2026-04-03T22:24:59","slug":"umage-time-flies-horizons-tool","status":"publish","type":"product","link":"http:\/\/ruuby.ee\/en\/pood\/kodusisustus\/moobel\/toolid\/umage-time-flies-horizons-tool\/","title":{"rendered":"UMAGE &#8211; Time Flies, Horizons tool"},"content":{"rendered":"<p>Time Flies on kunstilise kontuuriga tool. Polsterdatud tool on kohandatav ja pakub polstri ise vahetamise paindlikkust, nii et saate visuaalset stiili muuta ilma uut tooli ostmata, tagades disaini j\u00e4tkusuutliku eluea.<\/p>\n<p>Saadaval 17 hoolikalt valitud v\u00e4rvitoonis 100% taaskasutatud Horizonsi tekstiilist messingist, kroomist v\u00f5i mustadest jalgadest.<\/p>\n<p>M\u00f5\u00f5dud: H \u00d7 W \u00d7 D: 83 \u00d7 57 \u00d7 59 cm<\/p>\n<p>Kaal: 10,2kg<\/p>\n<p>Materjal: Teras ja pol\u00fcester<\/p>","protected":false},"excerpt":{"rendered":"<p><strong>Salongi n\u00e4idis m\u00fc\u00fcgil hinnaga 100\u20ac<\/strong> \/ musta jalaga \/ white sands kangas<\/p>\n<p>Tule vaata \u00fcle tool meie showroomis!<\/p>\n<p>&nbsp;<\/p>","protected":false},"featured_media":1842386,"comment_status":"open","ping_status":"closed","template":"","meta":[],"product_brand":[],"product_cat":[1210,1016,555],"product_tag":[156,593,373,150],"class_list":{"0":"post-1842334","1":"product","2":"type-product","3":"status-publish","4":"has-post-thumbnail","6":"product_cat-naidised","7":"product_cat-soogitoolid","8":"product_cat-toolid","9":"product_tag-moobel","10":"product_tag-soogitoolid","11":"product_tag-toolid","12":"product_tag-umage","14":"first","15":"onbackorder","16":"sale","17":"taxable","18":"shipping-taxable","19":"purchasable","20":"product-type-variable","21":"rtwpvs-product"},"yoast_head":"<!-- This site is optimized with the Yoast SEO plugin v27.2 - https:\/\/yoast.com\/product\/yoast-seo-wordpress\/ -->\n<title>UMAGE - Time Flies, Horizons tool - RUUBY<\/title>\n<meta name=\"robots\" content=\"index, follow, max-snippet:-1, max-image-preview:large, max-video-preview:-1\" \/>\n<link rel=\"canonical\" href=\"http:\/\/ruuby.ee\/en\/pood\/kodusisustus\/moobel\/toolid\/umage-time-flies-horizons-tool\/\" \/>\n<meta property=\"og:locale\" content=\"en_GB\" \/>\n<meta property=\"og:type\" content=\"article\" \/>\n<meta property=\"og:title\" content=\"UMAGE - Time Flies, Horizons tool - RUUBY\" \/>\n<meta property=\"og:description\" content=\"Salongi n\u00e4idis m\u00fc\u00fcgil hinnaga 100\u20ac \/ musta jalaga \/ white sands kangas  Tule vaata \u00fcle tool meie showroomis!  &nbsp;\" \/>\n<meta property=\"og:url\" content=\"http:\/\/ruuby.ee\/en\/pood\/kodusisustus\/moobel\/toolid\/umage-time-flies-horizons-tool\/\" \/>\n<meta property=\"og:site_name\" content=\"RUUBY\" \/>\n<meta property=\"article:publisher\" content=\"https:\/\/www.facebook.com\/ruubyconcept\" \/>\n<meta property=\"article:modified_time\" content=\"2026-04-03T22:24:59+00:00\" \/>\n<meta property=\"og:image\" content=\"http:\/\/ruuby.ee\/wp-content\/uploads\/2024\/01\/Screenshot-2024-01-12-at-14.05.07.png\" \/>\n\t<meta property=\"og:image:width\" content=\"1060\" \/>\n\t<meta property=\"og:image:height\" content=\"1286\" \/>\n\t<meta property=\"og:image:type\" content=\"image\/png\" \/>\n<meta name=\"twitter:card\" content=\"summary_large_image\" \/>\n<meta name=\"twitter:label1\" content=\"Estimated reading time\" \/>\n\t<meta name=\"twitter:data1\" content=\"1 minute\" \/>\n<script type=\"application\/ld+json\" class=\"yoast-schema-graph\">{\"@context\":\"https:\/\/schema.org\",\"@graph\":[{\"@type\":[\"WebPage\",\"ItemPage\"],\"@id\":\"http:\/\/ruuby.ee\/pood\/kodusisustus\/moobel\/toolid\/umage-time-flies-horizons-tool\/\",\"url\":\"http:\/\/ruuby.ee\/pood\/kodusisustus\/moobel\/toolid\/umage-time-flies-horizons-tool\/\",\"name\":\"UMAGE - Time Flies, Horizons tool - RUUBY\",\"isPartOf\":{\"@id\":\"https:\/\/ruuby.ee\/en\/#website\"},\"primaryImageOfPage\":{\"@id\":\"http:\/\/ruuby.ee\/pood\/kodusisustus\/moobel\/toolid\/umage-time-flies-horizons-tool\/#primaryimage\"},\"image\":{\"@id\":\"http:\/\/ruuby.ee\/pood\/kodusisustus\/moobel\/toolid\/umage-time-flies-horizons-tool\/#primaryimage\"},\"thumbnailUrl\":\"http:\/\/ruuby.ee\/wp-content\/uploads\/2024\/01\/Screenshot-2024-01-12-at-14.05.07.png\",\"datePublished\":\"2024-01-12T13:29:34+00:00\",\"dateModified\":\"2026-04-03T22:24:59+00:00\",\"breadcrumb\":{\"@id\":\"http:\/\/ruuby.ee\/pood\/kodusisustus\/moobel\/toolid\/umage-time-flies-horizons-tool\/#breadcrumb\"},\"inLanguage\":\"en-GB\",\"potentialAction\":[{\"@type\":\"ReadAction\",\"target\":[\"http:\/\/ruuby.ee\/pood\/kodusisustus\/moobel\/toolid\/umage-time-flies-horizons-tool\/\"]}]},{\"@type\":\"ImageObject\",\"inLanguage\":\"en-GB\",\"@id\":\"http:\/\/ruuby.ee\/pood\/kodusisustus\/moobel\/toolid\/umage-time-flies-horizons-tool\/#primaryimage\",\"url\":\"http:\/\/ruuby.ee\/wp-content\/uploads\/2024\/01\/Screenshot-2024-01-12-at-14.05.07.png\",\"contentUrl\":\"http:\/\/ruuby.ee\/wp-content\/uploads\/2024\/01\/Screenshot-2024-01-12-at-14.05.07.png\",\"width\":1060,\"height\":1286},{\"@type\":\"BreadcrumbList\",\"@id\":\"http:\/\/ruuby.ee\/pood\/kodusisustus\/moobel\/toolid\/umage-time-flies-horizons-tool\/#breadcrumb\",\"itemListElement\":[{\"@type\":\"ListItem\",\"position\":1,\"name\":\"Kdu\",\"item\":\"https:\/\/ruuby.ee\/en\/\"},{\"@type\":\"ListItem\",\"position\":2,\"name\":\"Pood\",\"item\":\"https:\/\/ruuby.ee\/pood\/\"},{\"@type\":\"ListItem\",\"position\":3,\"name\":\"UMAGE &#8211; Time Flies, Horizons tool\"}]},{\"@type\":\"WebSite\",\"@id\":\"https:\/\/ruuby.ee\/en\/#website\",\"url\":\"https:\/\/ruuby.ee\/en\/\",\"name\":\"RUUBY\",\"description\":\"Ruubys on \u00fchendatud elustiil ja disain\",\"publisher\":{\"@id\":\"https:\/\/ruuby.ee\/en\/#organization\"},\"alternateName\":\"Ruuby Disain\",\"potentialAction\":[{\"@type\":\"SearchAction\",\"target\":{\"@type\":\"EntryPoint\",\"urlTemplate\":\"https:\/\/ruuby.ee\/en\/?s={search_term_string}\"},\"query-input\":{\"@type\":\"PropertyValueSpecification\",\"valueRequired\":true,\"valueName\":\"search_term_string\"}}],\"inLanguage\":\"en-GB\"},{\"@type\":\"Organization\",\"@id\":\"https:\/\/ruuby.ee\/en\/#organization\",\"name\":\"Ruuby Disain O\u00dc\",\"alternateName\":\"Ruuby\",\"url\":\"https:\/\/ruuby.ee\/en\/\",\"logo\":{\"@type\":\"ImageObject\",\"inLanguage\":\"en-GB\",\"@id\":\"https:\/\/ruuby.ee\/en\/#\/schema\/logo\/image\/\",\"url\":\"http:\/\/ruuby.ee\/wp-content\/uploads\/2023\/06\/cropped-Black-White-Elegant-Circle-Signature-Fashion-Logo-12_large.png\",\"contentUrl\":\"http:\/\/ruuby.ee\/wp-content\/uploads\/2023\/06\/cropped-Black-White-Elegant-Circle-Signature-Fashion-Logo-12_large.png\",\"width\":1280,\"height\":747,\"caption\":\"Ruuby Disain O\u00dc\"},\"image\":{\"@id\":\"https:\/\/ruuby.ee\/en\/#\/schema\/logo\/image\/\"},\"sameAs\":[\"https:\/\/www.facebook.com\/ruubyconcept\",\"https:\/\/www.instagram.com\/ruuby_concept\/\"]}]}<\/script>\n<!-- \/ Yoast SEO plugin. -->","yoast_head_json":{"title":"UMAGE - Time Flies, Horizons tool - RUUBY","robots":{"index":"index","follow":"follow","max-snippet":"max-snippet:-1","max-image-preview":"max-image-preview:large","max-video-preview":"max-video-preview:-1"},"canonical":"http:\/\/ruuby.ee\/en\/pood\/kodusisustus\/moobel\/toolid\/umage-time-flies-horizons-tool\/","og_locale":"en_GB","og_type":"article","og_title":"UMAGE - Time Flies, Horizons tool - RUUBY","og_description":"Salongi n\u00e4idis m\u00fc\u00fcgil hinnaga 100\u20ac \/ musta jalaga \/ white sands kangas  Tule vaata \u00fcle tool meie showroomis!  &nbsp;","og_url":"http:\/\/ruuby.ee\/en\/pood\/kodusisustus\/moobel\/toolid\/umage-time-flies-horizons-tool\/","og_site_name":"RUUBY","article_publisher":"https:\/\/www.facebook.com\/ruubyconcept","article_modified_time":"2026-04-03T22:24:59+00:00","og_image":[{"width":1060,"height":1286,"url":"http:\/\/ruuby.ee\/wp-content\/uploads\/2024\/01\/Screenshot-2024-01-12-at-14.05.07.png","type":"image\/png"}],"twitter_card":"summary_large_image","twitter_misc":{"Estimated reading time":"1 minute"},"schema":{"@context":"https:\/\/schema.org","@graph":[{"@type":["WebPage","ItemPage"],"@id":"http:\/\/ruuby.ee\/pood\/kodusisustus\/moobel\/toolid\/umage-time-flies-horizons-tool\/","url":"http:\/\/ruuby.ee\/pood\/kodusisustus\/moobel\/toolid\/umage-time-flies-horizons-tool\/","name":"UMAGE - Time Flies, Horizons tool - RUUBY","isPartOf":{"@id":"https:\/\/ruuby.ee\/en\/#website"},"primaryImageOfPage":{"@id":"http:\/\/ruuby.ee\/pood\/kodusisustus\/moobel\/toolid\/umage-time-flies-horizons-tool\/#primaryimage"},"image":{"@id":"http:\/\/ruuby.ee\/pood\/kodusisustus\/moobel\/toolid\/umage-time-flies-horizons-tool\/#primaryimage"},"thumbnailUrl":"http:\/\/ruuby.ee\/wp-content\/uploads\/2024\/01\/Screenshot-2024-01-12-at-14.05.07.png","datePublished":"2024-01-12T13:29:34+00:00","dateModified":"2026-04-03T22:24:59+00:00","breadcrumb":{"@id":"http:\/\/ruuby.ee\/pood\/kodusisustus\/moobel\/toolid\/umage-time-flies-horizons-tool\/#breadcrumb"},"inLanguage":"en-GB","potentialAction":[{"@type":"ReadAction","target":["http:\/\/ruuby.ee\/pood\/kodusisustus\/moobel\/toolid\/umage-time-flies-horizons-tool\/"]}]},{"@type":"ImageObject","inLanguage":"en-GB","@id":"http:\/\/ruuby.ee\/pood\/kodusisustus\/moobel\/toolid\/umage-time-flies-horizons-tool\/#primaryimage","url":"http:\/\/ruuby.ee\/wp-content\/uploads\/2024\/01\/Screenshot-2024-01-12-at-14.05.07.png","contentUrl":"http:\/\/ruuby.ee\/wp-content\/uploads\/2024\/01\/Screenshot-2024-01-12-at-14.05.07.png","width":1060,"height":1286},{"@type":"BreadcrumbList","@id":"http:\/\/ruuby.ee\/pood\/kodusisustus\/moobel\/toolid\/umage-time-flies-horizons-tool\/#breadcrumb","itemListElement":[{"@type":"ListItem","position":1,"name":"Kdu","item":"https:\/\/ruuby.ee\/en\/"},{"@type":"ListItem","position":2,"name":"Pood","item":"https:\/\/ruuby.ee\/pood\/"},{"@type":"ListItem","position":3,"name":"UMAGE &#8211; Time Flies, Horizons tool"}]},{"@type":"WebSite","@id":"https:\/\/ruuby.ee\/en\/#website","url":"https:\/\/ruuby.ee\/en\/","name":"RUUBY","description":"Ruubys on \u00fchendatud elustiil ja disain","publisher":{"@id":"https:\/\/ruuby.ee\/en\/#organization"},"alternateName":"Ruuby Disain","potentialAction":[{"@type":"SearchAction","target":{"@type":"EntryPoint","urlTemplate":"https:\/\/ruuby.ee\/en\/?s={search_term_string}"},"query-input":{"@type":"PropertyValueSpecification","valueRequired":true,"valueName":"search_term_string"}}],"inLanguage":"en-GB"},{"@type":"Organization","@id":"https:\/\/ruuby.ee\/en\/#organization","name":"Ruuby Disain O\u00dc","alternateName":"Ruuby","url":"https:\/\/ruuby.ee\/en\/","logo":{"@type":"ImageObject","inLanguage":"en-GB","@id":"https:\/\/ruuby.ee\/en\/#\/schema\/logo\/image\/","url":"http:\/\/ruuby.ee\/wp-content\/uploads\/2023\/06\/cropped-Black-White-Elegant-Circle-Signature-Fashion-Logo-12_large.png","contentUrl":"http:\/\/ruuby.ee\/wp-content\/uploads\/2023\/06\/cropped-Black-White-Elegant-Circle-Signature-Fashion-Logo-12_large.png","width":1280,"height":747,"caption":"Ruuby Disain O\u00dc"},"image":{"@id":"https:\/\/ruuby.ee\/en\/#\/schema\/logo\/image\/"},"sameAs":["https:\/\/www.facebook.com\/ruubyconcept","https:\/\/www.instagram.com\/ruuby_concept\/"]}]}},"jetpack_sharing_enabled":true,"_links":{"self":[{"href":"http:\/\/ruuby.ee\/en\/wp-json\/wp\/v2\/product\/1842334","targetHints":{"allow":["GET"]}}],"collection":[{"href":"http:\/\/ruuby.ee\/en\/wp-json\/wp\/v2\/product"}],"about":[{"href":"http:\/\/ruuby.ee\/en\/wp-json\/wp\/v2\/types\/product"}],"replies":[{"embeddable":true,"href":"http:\/\/ruuby.ee\/en\/wp-json\/wp\/v2\/comments?post=1842334"}],"wp:featuredmedia":[{"embeddable":true,"href":"http:\/\/ruuby.ee\/en\/wp-json\/wp\/v2\/media\/1842386"}],"wp:attachment":[{"href":"http:\/\/ruuby.ee\/en\/wp-json\/wp\/v2\/media?parent=1842334"}],"wp:term":[{"taxonomy":"product_brand","embeddable":true,"href":"http:\/\/ruuby.ee\/en\/wp-json\/wp\/v2\/product_brand?post=1842334"},{"taxonomy":"product_cat","embeddable":true,"href":"http:\/\/ruuby.ee\/en\/wp-json\/wp\/v2\/product_cat?post=1842334"},{"taxonomy":"product_tag","embeddable":true,"href":"http:\/\/ruuby.ee\/en\/wp-json\/wp\/v2\/product_tag?post=1842334"}],"curies":[{"name":"wp","href":"https:\/\/api.w.org\/{rel}","templated":true}]}}