{"id":1842108,"date":"2024-01-05T14:02:09","date_gmt":"2024-01-05T12:02:09","guid":{"rendered":"http:\/\/ruuby.ee\/?post_type=product&#038;p=1842108"},"modified":"2026-04-08T01:28:36","modified_gmt":"2026-04-07T22:28:36","slug":"the-mallows-orgaanilised-vahukommid-90g-sudamed-valge-shokolaadi-ja-vaarikaga","status":"publish","type":"product","link":"http:\/\/ruuby.ee\/en\/pood\/gurmee\/maiustused\/the-mallows-orgaanilised-vahukommid-90g-sudamed-valge-shokolaadi-ja-vaarikaga\/","title":{"rendered":"The Mallows Orgaanilised vahukommid (90g) s\u00fcdamed, valge shokolaadi ja vaarikaga"},"content":{"rendered":"<p>Vaarika ja valge shokolaadiga vahukomm on orgaaniline vaniljevahukomm, mis on kaetud k\u00f5ige siledama ja peeneima Belgia valge \u0161okolaadiga.<\/p>\n<p>Armas, s\u00e4rtsakas punane p\u00e4rineb \u00f5rnast vaarikakihist. Maitses on tunda teravat sidrunit, mis loob maitsemeeltele v\u00e4rskendava ja piduliku tunde. Ideaalne kellegagi erilisega jagamiseks.<\/p>\n<p>Koostis: 51,9% valge \u0161okolaad (EU) (suhkur, kakaov\u00f5i, t\u00e4ispiimapulber, emulgaator: sojaletsitiin, vanilje looduslik aroom), 43% vahukommi (gl\u00fckoosi-fruktoosisiirup, suhkur, vesi, \u017eelatiin, dekstroos, maisit\u00e4rklis), 2,6% vaarikas (k\u00fclmkuivatatud) (EU), naturaalne vanilje aroom. V\u00e4hemalt 30% kakao kuivainet<\/p>","protected":false},"excerpt":{"rendered":"<p>Vaarika ja valge shokolaadiga vahukomm on orgaaniline vaniljevahukomm, mis on kaetud k\u00f5ige siledama ja peeneima Belgia valge \u0161okolaadiga. Armas, s\u00e4rtsakas punane p\u00e4rineb \u00f5rnast vaarikakihist. Maitses on tunda teravat sidrunit, mis loob maitsemeeltele v\u00e4rskendava ja piduliku tunde. Ideaalne kellegagi erilisega jagamiseks. Koostis: 51,9% valge \u0161okolaad (EU) (suhkur, kakaov\u00f5i, t\u00e4ispiimapulber, emulgaator: sojaletsitiin, vanilje looduslik aroom), 43% vahukommi [&hellip;]<\/p>\n","protected":false},"featured_media":1852904,"comment_status":"open","ping_status":"closed","template":"","meta":[],"product_brand":[],"product_cat":[26,644],"product_tag":[],"class_list":{"0":"post-1842108","1":"product","2":"type-product","3":"status-publish","4":"has-post-thumbnail","6":"product_cat-gurmee","7":"product_cat-maiustused","9":"first","10":"outofstock","11":"taxable","12":"shipping-taxable","13":"purchasable","14":"product-type-simple"},"yoast_head":"<!-- This site is optimized with the Yoast SEO plugin v27.3 - https:\/\/yoast.com\/product\/yoast-seo-wordpress\/ -->\n<title>The Mallows Orgaanilised vahukommid (90g) s\u00fcdamed, valge shokolaadi ja vaarikaga - RUUBY<\/title>\n<meta name=\"robots\" content=\"index, follow, max-snippet:-1, max-image-preview:large, max-video-preview:-1\" \/>\n<link rel=\"canonical\" href=\"http:\/\/ruuby.ee\/en\/pood\/gurmee\/maiustused\/the-mallows-orgaanilised-vahukommid-90g-sudamed-valge-shokolaadi-ja-vaarikaga\/\" \/>\n<meta property=\"og:locale\" content=\"en_GB\" \/>\n<meta property=\"og:type\" content=\"article\" \/>\n<meta property=\"og:title\" content=\"The Mallows Orgaanilised vahukommid (90g) s\u00fcdamed, valge shokolaadi ja vaarikaga - RUUBY\" \/>\n<meta property=\"og:description\" content=\"Vaarika ja valge shokolaadiga vahukomm on orgaaniline vaniljevahukomm, mis on kaetud k\u00f5ige siledama ja peeneima Belgia valge \u0161okolaadiga. Armas, s\u00e4rtsakas punane p\u00e4rineb \u00f5rnast vaarikakihist. Maitses on tunda teravat sidrunit, mis loob maitsemeeltele v\u00e4rskendava ja piduliku tunde. Ideaalne kellegagi erilisega jagamiseks. Koostis: 51,9% valge \u0161okolaad (EU) (suhkur, kakaov\u00f5i, t\u00e4ispiimapulber, emulgaator: sojaletsitiin, vanilje looduslik aroom), 43% vahukommi [&hellip;]\" \/>\n<meta property=\"og:url\" content=\"http:\/\/ruuby.ee\/en\/pood\/gurmee\/maiustused\/the-mallows-orgaanilised-vahukommid-90g-sudamed-valge-shokolaadi-ja-vaarikaga\/\" \/>\n<meta property=\"og:site_name\" content=\"RUUBY\" \/>\n<meta property=\"article:publisher\" content=\"https:\/\/www.facebook.com\/ruubyconcept\" \/>\n<meta property=\"article:modified_time\" content=\"2026-04-07T22:28:36+00:00\" \/>\n<meta property=\"og:image\" content=\"http:\/\/ruuby.ee\/wp-content\/uploads\/2024\/01\/Screenshot-2025-04-24-at-21.51.32.png\" \/>\n\t<meta property=\"og:image:width\" content=\"1386\" \/>\n\t<meta property=\"og:image:height\" content=\"1300\" \/>\n\t<meta property=\"og:image:type\" content=\"image\/png\" \/>\n<meta name=\"twitter:card\" content=\"summary_large_image\" \/>\n<meta name=\"twitter:label1\" content=\"Estimated reading time\" \/>\n\t<meta name=\"twitter:data1\" content=\"1 minute\" \/>\n<script type=\"application\/ld+json\" class=\"yoast-schema-graph\">{\"@context\":\"https:\\\/\\\/schema.org\",\"@graph\":[{\"@type\":[\"WebPage\",\"ItemPage\"],\"@id\":\"http:\\\/\\\/ruuby.ee\\\/pood\\\/gurmee\\\/maiustused\\\/the-mallows-orgaanilised-vahukommid-90g-sudamed-valge-shokolaadi-ja-vaarikaga\\\/\",\"url\":\"http:\\\/\\\/ruuby.ee\\\/pood\\\/gurmee\\\/maiustused\\\/the-mallows-orgaanilised-vahukommid-90g-sudamed-valge-shokolaadi-ja-vaarikaga\\\/\",\"name\":\"The Mallows Orgaanilised vahukommid (90g) s\u00fcdamed, valge shokolaadi ja vaarikaga - RUUBY\",\"isPartOf\":{\"@id\":\"http:\\\/\\\/ruuby.ee\\\/en\\\/#website\"},\"primaryImageOfPage\":{\"@id\":\"http:\\\/\\\/ruuby.ee\\\/pood\\\/gurmee\\\/maiustused\\\/the-mallows-orgaanilised-vahukommid-90g-sudamed-valge-shokolaadi-ja-vaarikaga\\\/#primaryimage\"},\"image\":{\"@id\":\"http:\\\/\\\/ruuby.ee\\\/pood\\\/gurmee\\\/maiustused\\\/the-mallows-orgaanilised-vahukommid-90g-sudamed-valge-shokolaadi-ja-vaarikaga\\\/#primaryimage\"},\"thumbnailUrl\":\"http:\\\/\\\/ruuby.ee\\\/wp-content\\\/uploads\\\/2024\\\/01\\\/Screenshot-2025-04-24-at-21.51.32.png\",\"datePublished\":\"2024-01-05T12:02:09+00:00\",\"dateModified\":\"2026-04-07T22:28:36+00:00\",\"breadcrumb\":{\"@id\":\"http:\\\/\\\/ruuby.ee\\\/pood\\\/gurmee\\\/maiustused\\\/the-mallows-orgaanilised-vahukommid-90g-sudamed-valge-shokolaadi-ja-vaarikaga\\\/#breadcrumb\"},\"inLanguage\":\"en-GB\",\"potentialAction\":[{\"@type\":\"ReadAction\",\"target\":[\"http:\\\/\\\/ruuby.ee\\\/pood\\\/gurmee\\\/maiustused\\\/the-mallows-orgaanilised-vahukommid-90g-sudamed-valge-shokolaadi-ja-vaarikaga\\\/\"]}]},{\"@type\":\"ImageObject\",\"inLanguage\":\"en-GB\",\"@id\":\"http:\\\/\\\/ruuby.ee\\\/pood\\\/gurmee\\\/maiustused\\\/the-mallows-orgaanilised-vahukommid-90g-sudamed-valge-shokolaadi-ja-vaarikaga\\\/#primaryimage\",\"url\":\"http:\\\/\\\/ruuby.ee\\\/wp-content\\\/uploads\\\/2024\\\/01\\\/Screenshot-2025-04-24-at-21.51.32.png\",\"contentUrl\":\"http:\\\/\\\/ruuby.ee\\\/wp-content\\\/uploads\\\/2024\\\/01\\\/Screenshot-2025-04-24-at-21.51.32.png\",\"width\":1386,\"height\":1300},{\"@type\":\"BreadcrumbList\",\"@id\":\"http:\\\/\\\/ruuby.ee\\\/pood\\\/gurmee\\\/maiustused\\\/the-mallows-orgaanilised-vahukommid-90g-sudamed-valge-shokolaadi-ja-vaarikaga\\\/#breadcrumb\",\"itemListElement\":[{\"@type\":\"ListItem\",\"position\":1,\"name\":\"Kdu\",\"item\":\"http:\\\/\\\/ruuby.ee\\\/en\\\/\"},{\"@type\":\"ListItem\",\"position\":2,\"name\":\"Pood\",\"item\":\"http:\\\/\\\/ruuby.ee\\\/en\\\/pood\\\/\"},{\"@type\":\"ListItem\",\"position\":3,\"name\":\"The Mallows Orgaanilised vahukommid (90g) s\u00fcdamed, valge shokolaadi ja vaarikaga\"}]},{\"@type\":\"WebSite\",\"@id\":\"http:\\\/\\\/ruuby.ee\\\/en\\\/#website\",\"url\":\"http:\\\/\\\/ruuby.ee\\\/en\\\/\",\"name\":\"RUUBY\",\"description\":\"Ruubys on \u00fchendatud elustiil ja disain\",\"publisher\":{\"@id\":\"http:\\\/\\\/ruuby.ee\\\/en\\\/#organization\"},\"alternateName\":\"Ruuby Disain\",\"potentialAction\":[{\"@type\":\"SearchAction\",\"target\":{\"@type\":\"EntryPoint\",\"urlTemplate\":\"http:\\\/\\\/ruuby.ee\\\/en\\\/?s={search_term_string}\"},\"query-input\":{\"@type\":\"PropertyValueSpecification\",\"valueRequired\":true,\"valueName\":\"search_term_string\"}}],\"inLanguage\":\"en-GB\"},{\"@type\":\"Organization\",\"@id\":\"http:\\\/\\\/ruuby.ee\\\/en\\\/#organization\",\"name\":\"Ruuby Disain O\u00dc\",\"alternateName\":\"Ruuby\",\"url\":\"http:\\\/\\\/ruuby.ee\\\/en\\\/\",\"logo\":{\"@type\":\"ImageObject\",\"inLanguage\":\"en-GB\",\"@id\":\"http:\\\/\\\/ruuby.ee\\\/en\\\/#\\\/schema\\\/logo\\\/image\\\/\",\"url\":\"http:\\\/\\\/ruuby.ee\\\/wp-content\\\/uploads\\\/2023\\\/06\\\/cropped-Black-White-Elegant-Circle-Signature-Fashion-Logo-12_large.png\",\"contentUrl\":\"http:\\\/\\\/ruuby.ee\\\/wp-content\\\/uploads\\\/2023\\\/06\\\/cropped-Black-White-Elegant-Circle-Signature-Fashion-Logo-12_large.png\",\"width\":1280,\"height\":747,\"caption\":\"Ruuby Disain O\u00dc\"},\"image\":{\"@id\":\"http:\\\/\\\/ruuby.ee\\\/en\\\/#\\\/schema\\\/logo\\\/image\\\/\"},\"sameAs\":[\"https:\\\/\\\/www.facebook.com\\\/ruubyconcept\",\"https:\\\/\\\/www.instagram.com\\\/ruuby_concept\\\/\"]}]}<\/script>\n<!-- \/ Yoast SEO plugin. -->","yoast_head_json":{"title":"The Mallows Orgaanilised vahukommid (90g) s\u00fcdamed, valge shokolaadi ja vaarikaga - RUUBY","robots":{"index":"index","follow":"follow","max-snippet":"max-snippet:-1","max-image-preview":"max-image-preview:large","max-video-preview":"max-video-preview:-1"},"canonical":"http:\/\/ruuby.ee\/en\/pood\/gurmee\/maiustused\/the-mallows-orgaanilised-vahukommid-90g-sudamed-valge-shokolaadi-ja-vaarikaga\/","og_locale":"en_GB","og_type":"article","og_title":"The Mallows Orgaanilised vahukommid (90g) s\u00fcdamed, valge shokolaadi ja vaarikaga - RUUBY","og_description":"Vaarika ja valge shokolaadiga vahukomm on orgaaniline vaniljevahukomm, mis on kaetud k\u00f5ige siledama ja peeneima Belgia valge \u0161okolaadiga. Armas, s\u00e4rtsakas punane p\u00e4rineb \u00f5rnast vaarikakihist. Maitses on tunda teravat sidrunit, mis loob maitsemeeltele v\u00e4rskendava ja piduliku tunde. Ideaalne kellegagi erilisega jagamiseks. Koostis: 51,9% valge \u0161okolaad (EU) (suhkur, kakaov\u00f5i, t\u00e4ispiimapulber, emulgaator: sojaletsitiin, vanilje looduslik aroom), 43% vahukommi [&hellip;]","og_url":"http:\/\/ruuby.ee\/en\/pood\/gurmee\/maiustused\/the-mallows-orgaanilised-vahukommid-90g-sudamed-valge-shokolaadi-ja-vaarikaga\/","og_site_name":"RUUBY","article_publisher":"https:\/\/www.facebook.com\/ruubyconcept","article_modified_time":"2026-04-07T22:28:36+00:00","og_image":[{"width":1386,"height":1300,"url":"http:\/\/ruuby.ee\/wp-content\/uploads\/2024\/01\/Screenshot-2025-04-24-at-21.51.32.png","type":"image\/png"}],"twitter_card":"summary_large_image","twitter_misc":{"Estimated reading time":"1 minute"},"schema":{"@context":"https:\/\/schema.org","@graph":[{"@type":["WebPage","ItemPage"],"@id":"http:\/\/ruuby.ee\/pood\/gurmee\/maiustused\/the-mallows-orgaanilised-vahukommid-90g-sudamed-valge-shokolaadi-ja-vaarikaga\/","url":"http:\/\/ruuby.ee\/pood\/gurmee\/maiustused\/the-mallows-orgaanilised-vahukommid-90g-sudamed-valge-shokolaadi-ja-vaarikaga\/","name":"The Mallows Orgaanilised vahukommid (90g) s\u00fcdamed, valge shokolaadi ja vaarikaga - RUUBY","isPartOf":{"@id":"http:\/\/ruuby.ee\/en\/#website"},"primaryImageOfPage":{"@id":"http:\/\/ruuby.ee\/pood\/gurmee\/maiustused\/the-mallows-orgaanilised-vahukommid-90g-sudamed-valge-shokolaadi-ja-vaarikaga\/#primaryimage"},"image":{"@id":"http:\/\/ruuby.ee\/pood\/gurmee\/maiustused\/the-mallows-orgaanilised-vahukommid-90g-sudamed-valge-shokolaadi-ja-vaarikaga\/#primaryimage"},"thumbnailUrl":"http:\/\/ruuby.ee\/wp-content\/uploads\/2024\/01\/Screenshot-2025-04-24-at-21.51.32.png","datePublished":"2024-01-05T12:02:09+00:00","dateModified":"2026-04-07T22:28:36+00:00","breadcrumb":{"@id":"http:\/\/ruuby.ee\/pood\/gurmee\/maiustused\/the-mallows-orgaanilised-vahukommid-90g-sudamed-valge-shokolaadi-ja-vaarikaga\/#breadcrumb"},"inLanguage":"en-GB","potentialAction":[{"@type":"ReadAction","target":["http:\/\/ruuby.ee\/pood\/gurmee\/maiustused\/the-mallows-orgaanilised-vahukommid-90g-sudamed-valge-shokolaadi-ja-vaarikaga\/"]}]},{"@type":"ImageObject","inLanguage":"en-GB","@id":"http:\/\/ruuby.ee\/pood\/gurmee\/maiustused\/the-mallows-orgaanilised-vahukommid-90g-sudamed-valge-shokolaadi-ja-vaarikaga\/#primaryimage","url":"http:\/\/ruuby.ee\/wp-content\/uploads\/2024\/01\/Screenshot-2025-04-24-at-21.51.32.png","contentUrl":"http:\/\/ruuby.ee\/wp-content\/uploads\/2024\/01\/Screenshot-2025-04-24-at-21.51.32.png","width":1386,"height":1300},{"@type":"BreadcrumbList","@id":"http:\/\/ruuby.ee\/pood\/gurmee\/maiustused\/the-mallows-orgaanilised-vahukommid-90g-sudamed-valge-shokolaadi-ja-vaarikaga\/#breadcrumb","itemListElement":[{"@type":"ListItem","position":1,"name":"Kdu","item":"http:\/\/ruuby.ee\/en\/"},{"@type":"ListItem","position":2,"name":"Pood","item":"http:\/\/ruuby.ee\/en\/pood\/"},{"@type":"ListItem","position":3,"name":"The Mallows Orgaanilised vahukommid (90g) s\u00fcdamed, valge shokolaadi ja vaarikaga"}]},{"@type":"WebSite","@id":"http:\/\/ruuby.ee\/en\/#website","url":"http:\/\/ruuby.ee\/en\/","name":"RUUBY","description":"Ruubys on \u00fchendatud elustiil ja disain","publisher":{"@id":"http:\/\/ruuby.ee\/en\/#organization"},"alternateName":"Ruuby Disain","potentialAction":[{"@type":"SearchAction","target":{"@type":"EntryPoint","urlTemplate":"http:\/\/ruuby.ee\/en\/?s={search_term_string}"},"query-input":{"@type":"PropertyValueSpecification","valueRequired":true,"valueName":"search_term_string"}}],"inLanguage":"en-GB"},{"@type":"Organization","@id":"http:\/\/ruuby.ee\/en\/#organization","name":"Ruuby Disain O\u00dc","alternateName":"Ruuby","url":"http:\/\/ruuby.ee\/en\/","logo":{"@type":"ImageObject","inLanguage":"en-GB","@id":"http:\/\/ruuby.ee\/en\/#\/schema\/logo\/image\/","url":"http:\/\/ruuby.ee\/wp-content\/uploads\/2023\/06\/cropped-Black-White-Elegant-Circle-Signature-Fashion-Logo-12_large.png","contentUrl":"http:\/\/ruuby.ee\/wp-content\/uploads\/2023\/06\/cropped-Black-White-Elegant-Circle-Signature-Fashion-Logo-12_large.png","width":1280,"height":747,"caption":"Ruuby Disain O\u00dc"},"image":{"@id":"http:\/\/ruuby.ee\/en\/#\/schema\/logo\/image\/"},"sameAs":["https:\/\/www.facebook.com\/ruubyconcept","https:\/\/www.instagram.com\/ruuby_concept\/"]}]}},"jetpack_sharing_enabled":true,"_links":{"self":[{"href":"http:\/\/ruuby.ee\/en\/wp-json\/wp\/v2\/product\/1842108","targetHints":{"allow":["GET"]}}],"collection":[{"href":"http:\/\/ruuby.ee\/en\/wp-json\/wp\/v2\/product"}],"about":[{"href":"http:\/\/ruuby.ee\/en\/wp-json\/wp\/v2\/types\/product"}],"replies":[{"embeddable":true,"href":"http:\/\/ruuby.ee\/en\/wp-json\/wp\/v2\/comments?post=1842108"}],"wp:featuredmedia":[{"embeddable":true,"href":"http:\/\/ruuby.ee\/en\/wp-json\/wp\/v2\/media\/1852904"}],"wp:attachment":[{"href":"http:\/\/ruuby.ee\/en\/wp-json\/wp\/v2\/media?parent=1842108"}],"wp:term":[{"taxonomy":"product_brand","embeddable":true,"href":"http:\/\/ruuby.ee\/en\/wp-json\/wp\/v2\/product_brand?post=1842108"},{"taxonomy":"product_cat","embeddable":true,"href":"http:\/\/ruuby.ee\/en\/wp-json\/wp\/v2\/product_cat?post=1842108"},{"taxonomy":"product_tag","embeddable":true,"href":"http:\/\/ruuby.ee\/en\/wp-json\/wp\/v2\/product_tag?post=1842108"}],"curies":[{"name":"wp","href":"https:\/\/api.w.org\/{rel}","templated":true}]}}