{"id":1841782,"date":"2023-12-22T13:40:50","date_gmt":"2023-12-22T11:40:50","guid":{"rendered":"http:\/\/ruuby.ee\/?post_type=product&#038;p=1841782"},"modified":"2026-04-08T01:28:36","modified_gmt":"2026-04-07T22:28:36","slug":"cooee-kuivatatud-lilled-lagurus-ash","status":"publish","type":"product","link":"http:\/\/ruuby.ee\/en\/pood\/kodusisustus\/vaasid\/cooee-kuivatatud-lilled-lagurus-ash\/","title":{"rendered":"COOEE &#8211; kuivatatud lilled, Lagurus Ash"},"content":{"rendered":"<p>Meie kuivatatud lilled on ideaalne t\u00e4iendus Cooee toodetele!<\/p>\n<p>Neid on nii v\u00e4rvilistes kui ka maal\u00e4hedastes v\u00e4rvides. Kuna tegemist on loodusliku taimega, v\u00f5ib \u00f5itel olla v\u00e4rvierinevusi. Kui te oma lilli s\u00e4tite, v\u00f5ib neil variseda ebemeid, mis on kuivatatud lillede puhul loomulik.<\/p>\n<p>Vart on v\u00f5imalik l\u00f5igata vastavalt vaasi pikkusele.<\/p>\n<p>Kaal: 200g<\/p>\n<p>M\u00f5\u00f5dud: 64 \u00d7 10.5 \u00d7 6 cm<\/p>\n<p>&nbsp;<\/p>","protected":false},"excerpt":{"rendered":"<p>Meie kuivatatud lilled on ideaalne t\u00e4iendus Cooee toodetele! Neid on nii v\u00e4rvilistes kui ka maal\u00e4hedastes v\u00e4rvides. Kuna tegemist on loodusliku taimega, v\u00f5ib \u00f5itel olla v\u00e4rvierinevusi. Kui te oma lilli s\u00e4tite, v\u00f5ib neil variseda ebemeid, mis on kuivatatud lillede puhul loomulik. Vart on v\u00f5imalik l\u00f5igata vastavalt vaasi pikkusele. Kaal: 200g M\u00f5\u00f5dud: 64 \u00d7 10.5 \u00d7 6 [&hellip;]<\/p>\n","protected":false},"featured_media":1841783,"comment_status":"open","ping_status":"closed","template":"","meta":[],"product_brand":[],"product_cat":[62],"product_tag":[],"class_list":{"0":"post-1841782","1":"product","2":"type-product","3":"status-publish","4":"has-post-thumbnail","6":"product_cat-vaasid","8":"first","9":"instock","10":"taxable","11":"shipping-taxable","12":"purchasable","13":"product-type-simple"},"yoast_head":"<!-- This site is optimized with the Yoast SEO plugin v27.3 - https:\/\/yoast.com\/product\/yoast-seo-wordpress\/ -->\n<title>COOEE - kuivatatud lilled, Lagurus Ash - RUUBY<\/title>\n<meta name=\"robots\" content=\"index, follow, max-snippet:-1, max-image-preview:large, max-video-preview:-1\" \/>\n<link rel=\"canonical\" href=\"http:\/\/ruuby.ee\/en\/pood\/kodusisustus\/vaasid\/cooee-kuivatatud-lilled-lagurus-ash\/\" \/>\n<meta property=\"og:locale\" content=\"en_GB\" \/>\n<meta property=\"og:type\" content=\"article\" \/>\n<meta property=\"og:title\" content=\"COOEE - kuivatatud lilled, Lagurus Ash - RUUBY\" \/>\n<meta property=\"og:description\" content=\"Meie kuivatatud lilled on ideaalne t\u00e4iendus Cooee toodetele! Neid on nii v\u00e4rvilistes kui ka maal\u00e4hedastes v\u00e4rvides. Kuna tegemist on loodusliku taimega, v\u00f5ib \u00f5itel olla v\u00e4rvierinevusi. Kui te oma lilli s\u00e4tite, v\u00f5ib neil variseda ebemeid, mis on kuivatatud lillede puhul loomulik. Vart on v\u00f5imalik l\u00f5igata vastavalt vaasi pikkusele. Kaal: 200g M\u00f5\u00f5dud: 64 \u00d7 10.5 \u00d7 6 [&hellip;]\" \/>\n<meta property=\"og:url\" content=\"http:\/\/ruuby.ee\/en\/pood\/kodusisustus\/vaasid\/cooee-kuivatatud-lilled-lagurus-ash\/\" \/>\n<meta property=\"og:site_name\" content=\"RUUBY\" \/>\n<meta property=\"article:publisher\" content=\"https:\/\/www.facebook.com\/ruubyconcept\" \/>\n<meta property=\"article:modified_time\" content=\"2026-04-07T22:28:36+00:00\" \/>\n<meta property=\"og:image\" content=\"http:\/\/ruuby.ee\/wp-content\/uploads\/2023\/12\/Screenshot-2023-12-22-at-13.46.02-1022x1024.png\" \/>\n\t<meta property=\"og:image:width\" content=\"1022\" \/>\n\t<meta property=\"og:image:height\" content=\"1024\" \/>\n\t<meta property=\"og:image:type\" content=\"image\/png\" \/>\n<meta name=\"twitter:card\" content=\"summary_large_image\" \/>\n<meta name=\"twitter:label1\" content=\"Estimated reading time\" \/>\n\t<meta name=\"twitter:data1\" content=\"1 minute\" \/>\n<script type=\"application\/ld+json\" class=\"yoast-schema-graph\">{\"@context\":\"https:\\\/\\\/schema.org\",\"@graph\":[{\"@type\":[\"WebPage\",\"ItemPage\"],\"@id\":\"http:\\\/\\\/ruuby.ee\\\/pood\\\/kodusisustus\\\/vaasid\\\/cooee-kuivatatud-lilled-lagurus-ash\\\/\",\"url\":\"http:\\\/\\\/ruuby.ee\\\/pood\\\/kodusisustus\\\/vaasid\\\/cooee-kuivatatud-lilled-lagurus-ash\\\/\",\"name\":\"COOEE - kuivatatud lilled, Lagurus Ash - RUUBY\",\"isPartOf\":{\"@id\":\"http:\\\/\\\/ruuby.ee\\\/en\\\/#website\"},\"primaryImageOfPage\":{\"@id\":\"http:\\\/\\\/ruuby.ee\\\/pood\\\/kodusisustus\\\/vaasid\\\/cooee-kuivatatud-lilled-lagurus-ash\\\/#primaryimage\"},\"image\":{\"@id\":\"http:\\\/\\\/ruuby.ee\\\/pood\\\/kodusisustus\\\/vaasid\\\/cooee-kuivatatud-lilled-lagurus-ash\\\/#primaryimage\"},\"thumbnailUrl\":\"http:\\\/\\\/ruuby.ee\\\/wp-content\\\/uploads\\\/2023\\\/12\\\/Screenshot-2023-12-22-at-13.46.02.png\",\"datePublished\":\"2023-12-22T11:40:50+00:00\",\"dateModified\":\"2026-04-07T22:28:36+00:00\",\"breadcrumb\":{\"@id\":\"http:\\\/\\\/ruuby.ee\\\/pood\\\/kodusisustus\\\/vaasid\\\/cooee-kuivatatud-lilled-lagurus-ash\\\/#breadcrumb\"},\"inLanguage\":\"en-GB\",\"potentialAction\":[{\"@type\":\"ReadAction\",\"target\":[\"http:\\\/\\\/ruuby.ee\\\/pood\\\/kodusisustus\\\/vaasid\\\/cooee-kuivatatud-lilled-lagurus-ash\\\/\"]}]},{\"@type\":\"ImageObject\",\"inLanguage\":\"en-GB\",\"@id\":\"http:\\\/\\\/ruuby.ee\\\/pood\\\/kodusisustus\\\/vaasid\\\/cooee-kuivatatud-lilled-lagurus-ash\\\/#primaryimage\",\"url\":\"http:\\\/\\\/ruuby.ee\\\/wp-content\\\/uploads\\\/2023\\\/12\\\/Screenshot-2023-12-22-at-13.46.02.png\",\"contentUrl\":\"http:\\\/\\\/ruuby.ee\\\/wp-content\\\/uploads\\\/2023\\\/12\\\/Screenshot-2023-12-22-at-13.46.02.png\",\"width\":1220,\"height\":1222},{\"@type\":\"BreadcrumbList\",\"@id\":\"http:\\\/\\\/ruuby.ee\\\/pood\\\/kodusisustus\\\/vaasid\\\/cooee-kuivatatud-lilled-lagurus-ash\\\/#breadcrumb\",\"itemListElement\":[{\"@type\":\"ListItem\",\"position\":1,\"name\":\"Kdu\",\"item\":\"http:\\\/\\\/ruuby.ee\\\/en\\\/\"},{\"@type\":\"ListItem\",\"position\":2,\"name\":\"Pood\",\"item\":\"http:\\\/\\\/ruuby.ee\\\/en\\\/pood\\\/\"},{\"@type\":\"ListItem\",\"position\":3,\"name\":\"COOEE &#8211; kuivatatud lilled, Lagurus Ash\"}]},{\"@type\":\"WebSite\",\"@id\":\"http:\\\/\\\/ruuby.ee\\\/en\\\/#website\",\"url\":\"http:\\\/\\\/ruuby.ee\\\/en\\\/\",\"name\":\"RUUBY\",\"description\":\"Ruubys on \u00fchendatud elustiil ja disain\",\"publisher\":{\"@id\":\"http:\\\/\\\/ruuby.ee\\\/en\\\/#organization\"},\"alternateName\":\"Ruuby Disain\",\"potentialAction\":[{\"@type\":\"SearchAction\",\"target\":{\"@type\":\"EntryPoint\",\"urlTemplate\":\"http:\\\/\\\/ruuby.ee\\\/en\\\/?s={search_term_string}\"},\"query-input\":{\"@type\":\"PropertyValueSpecification\",\"valueRequired\":true,\"valueName\":\"search_term_string\"}}],\"inLanguage\":\"en-GB\"},{\"@type\":\"Organization\",\"@id\":\"http:\\\/\\\/ruuby.ee\\\/en\\\/#organization\",\"name\":\"Ruuby Disain O\u00dc\",\"alternateName\":\"Ruuby\",\"url\":\"http:\\\/\\\/ruuby.ee\\\/en\\\/\",\"logo\":{\"@type\":\"ImageObject\",\"inLanguage\":\"en-GB\",\"@id\":\"http:\\\/\\\/ruuby.ee\\\/en\\\/#\\\/schema\\\/logo\\\/image\\\/\",\"url\":\"http:\\\/\\\/ruuby.ee\\\/wp-content\\\/uploads\\\/2023\\\/06\\\/cropped-Black-White-Elegant-Circle-Signature-Fashion-Logo-12_large.png\",\"contentUrl\":\"http:\\\/\\\/ruuby.ee\\\/wp-content\\\/uploads\\\/2023\\\/06\\\/cropped-Black-White-Elegant-Circle-Signature-Fashion-Logo-12_large.png\",\"width\":1280,\"height\":747,\"caption\":\"Ruuby Disain O\u00dc\"},\"image\":{\"@id\":\"http:\\\/\\\/ruuby.ee\\\/en\\\/#\\\/schema\\\/logo\\\/image\\\/\"},\"sameAs\":[\"https:\\\/\\\/www.facebook.com\\\/ruubyconcept\",\"https:\\\/\\\/www.instagram.com\\\/ruuby_concept\\\/\"]}]}<\/script>\n<!-- \/ Yoast SEO plugin. -->","yoast_head_json":{"title":"COOEE - kuivatatud lilled, Lagurus Ash - RUUBY","robots":{"index":"index","follow":"follow","max-snippet":"max-snippet:-1","max-image-preview":"max-image-preview:large","max-video-preview":"max-video-preview:-1"},"canonical":"http:\/\/ruuby.ee\/en\/pood\/kodusisustus\/vaasid\/cooee-kuivatatud-lilled-lagurus-ash\/","og_locale":"en_GB","og_type":"article","og_title":"COOEE - kuivatatud lilled, Lagurus Ash - RUUBY","og_description":"Meie kuivatatud lilled on ideaalne t\u00e4iendus Cooee toodetele! Neid on nii v\u00e4rvilistes kui ka maal\u00e4hedastes v\u00e4rvides. Kuna tegemist on loodusliku taimega, v\u00f5ib \u00f5itel olla v\u00e4rvierinevusi. Kui te oma lilli s\u00e4tite, v\u00f5ib neil variseda ebemeid, mis on kuivatatud lillede puhul loomulik. Vart on v\u00f5imalik l\u00f5igata vastavalt vaasi pikkusele. Kaal: 200g M\u00f5\u00f5dud: 64 \u00d7 10.5 \u00d7 6 [&hellip;]","og_url":"http:\/\/ruuby.ee\/en\/pood\/kodusisustus\/vaasid\/cooee-kuivatatud-lilled-lagurus-ash\/","og_site_name":"RUUBY","article_publisher":"https:\/\/www.facebook.com\/ruubyconcept","article_modified_time":"2026-04-07T22:28:36+00:00","og_image":[{"width":1022,"height":1024,"url":"http:\/\/ruuby.ee\/wp-content\/uploads\/2023\/12\/Screenshot-2023-12-22-at-13.46.02-1022x1024.png","type":"image\/png"}],"twitter_card":"summary_large_image","twitter_misc":{"Estimated reading time":"1 minute"},"schema":{"@context":"https:\/\/schema.org","@graph":[{"@type":["WebPage","ItemPage"],"@id":"http:\/\/ruuby.ee\/pood\/kodusisustus\/vaasid\/cooee-kuivatatud-lilled-lagurus-ash\/","url":"http:\/\/ruuby.ee\/pood\/kodusisustus\/vaasid\/cooee-kuivatatud-lilled-lagurus-ash\/","name":"COOEE - kuivatatud lilled, Lagurus Ash - RUUBY","isPartOf":{"@id":"http:\/\/ruuby.ee\/en\/#website"},"primaryImageOfPage":{"@id":"http:\/\/ruuby.ee\/pood\/kodusisustus\/vaasid\/cooee-kuivatatud-lilled-lagurus-ash\/#primaryimage"},"image":{"@id":"http:\/\/ruuby.ee\/pood\/kodusisustus\/vaasid\/cooee-kuivatatud-lilled-lagurus-ash\/#primaryimage"},"thumbnailUrl":"http:\/\/ruuby.ee\/wp-content\/uploads\/2023\/12\/Screenshot-2023-12-22-at-13.46.02.png","datePublished":"2023-12-22T11:40:50+00:00","dateModified":"2026-04-07T22:28:36+00:00","breadcrumb":{"@id":"http:\/\/ruuby.ee\/pood\/kodusisustus\/vaasid\/cooee-kuivatatud-lilled-lagurus-ash\/#breadcrumb"},"inLanguage":"en-GB","potentialAction":[{"@type":"ReadAction","target":["http:\/\/ruuby.ee\/pood\/kodusisustus\/vaasid\/cooee-kuivatatud-lilled-lagurus-ash\/"]}]},{"@type":"ImageObject","inLanguage":"en-GB","@id":"http:\/\/ruuby.ee\/pood\/kodusisustus\/vaasid\/cooee-kuivatatud-lilled-lagurus-ash\/#primaryimage","url":"http:\/\/ruuby.ee\/wp-content\/uploads\/2023\/12\/Screenshot-2023-12-22-at-13.46.02.png","contentUrl":"http:\/\/ruuby.ee\/wp-content\/uploads\/2023\/12\/Screenshot-2023-12-22-at-13.46.02.png","width":1220,"height":1222},{"@type":"BreadcrumbList","@id":"http:\/\/ruuby.ee\/pood\/kodusisustus\/vaasid\/cooee-kuivatatud-lilled-lagurus-ash\/#breadcrumb","itemListElement":[{"@type":"ListItem","position":1,"name":"Kdu","item":"http:\/\/ruuby.ee\/en\/"},{"@type":"ListItem","position":2,"name":"Pood","item":"http:\/\/ruuby.ee\/en\/pood\/"},{"@type":"ListItem","position":3,"name":"COOEE &#8211; kuivatatud lilled, Lagurus Ash"}]},{"@type":"WebSite","@id":"http:\/\/ruuby.ee\/en\/#website","url":"http:\/\/ruuby.ee\/en\/","name":"RUUBY","description":"Ruubys on \u00fchendatud elustiil ja disain","publisher":{"@id":"http:\/\/ruuby.ee\/en\/#organization"},"alternateName":"Ruuby Disain","potentialAction":[{"@type":"SearchAction","target":{"@type":"EntryPoint","urlTemplate":"http:\/\/ruuby.ee\/en\/?s={search_term_string}"},"query-input":{"@type":"PropertyValueSpecification","valueRequired":true,"valueName":"search_term_string"}}],"inLanguage":"en-GB"},{"@type":"Organization","@id":"http:\/\/ruuby.ee\/en\/#organization","name":"Ruuby Disain O\u00dc","alternateName":"Ruuby","url":"http:\/\/ruuby.ee\/en\/","logo":{"@type":"ImageObject","inLanguage":"en-GB","@id":"http:\/\/ruuby.ee\/en\/#\/schema\/logo\/image\/","url":"http:\/\/ruuby.ee\/wp-content\/uploads\/2023\/06\/cropped-Black-White-Elegant-Circle-Signature-Fashion-Logo-12_large.png","contentUrl":"http:\/\/ruuby.ee\/wp-content\/uploads\/2023\/06\/cropped-Black-White-Elegant-Circle-Signature-Fashion-Logo-12_large.png","width":1280,"height":747,"caption":"Ruuby Disain O\u00dc"},"image":{"@id":"http:\/\/ruuby.ee\/en\/#\/schema\/logo\/image\/"},"sameAs":["https:\/\/www.facebook.com\/ruubyconcept","https:\/\/www.instagram.com\/ruuby_concept\/"]}]}},"jetpack_sharing_enabled":true,"_links":{"self":[{"href":"http:\/\/ruuby.ee\/en\/wp-json\/wp\/v2\/product\/1841782","targetHints":{"allow":["GET"]}}],"collection":[{"href":"http:\/\/ruuby.ee\/en\/wp-json\/wp\/v2\/product"}],"about":[{"href":"http:\/\/ruuby.ee\/en\/wp-json\/wp\/v2\/types\/product"}],"replies":[{"embeddable":true,"href":"http:\/\/ruuby.ee\/en\/wp-json\/wp\/v2\/comments?post=1841782"}],"wp:featuredmedia":[{"embeddable":true,"href":"http:\/\/ruuby.ee\/en\/wp-json\/wp\/v2\/media\/1841783"}],"wp:attachment":[{"href":"http:\/\/ruuby.ee\/en\/wp-json\/wp\/v2\/media?parent=1841782"}],"wp:term":[{"taxonomy":"product_brand","embeddable":true,"href":"http:\/\/ruuby.ee\/en\/wp-json\/wp\/v2\/product_brand?post=1841782"},{"taxonomy":"product_cat","embeddable":true,"href":"http:\/\/ruuby.ee\/en\/wp-json\/wp\/v2\/product_cat?post=1841782"},{"taxonomy":"product_tag","embeddable":true,"href":"http:\/\/ruuby.ee\/en\/wp-json\/wp\/v2\/product_tag?post=1841782"}],"curies":[{"name":"wp","href":"https:\/\/api.w.org\/{rel}","templated":true}]}}