{"id":1841779,"date":"2023-12-22T13:38:29","date_gmt":"2023-12-22T11:38:29","guid":{"rendered":"http:\/\/ruuby.ee\/?post_type=product&#038;p=1841779"},"modified":"2026-04-08T01:28:36","modified_gmt":"2026-04-07T22:28:36","slug":"cooee-vaas-kaia-linnen-15cm","status":"publish","type":"product","link":"http:\/\/ruuby.ee\/en\/pood\/kodusisustus\/vaasid\/cooee-vaas-kaia-linnen-15cm\/","title":{"rendered":"COOEE &#8211; vaas, Kaia Linnen, 15cm"},"content":{"rendered":"<p>Kaia kuulub samasse kollektsiooni imearmsa Isla vaasiga.<\/p>\n<p>Kujundus on omane Soome kunstnikule Hanna Heinole, kes ammutab inspiratsiooni loodusest ja toorainest, millega ta t\u00f6\u00f6tab. Hannal on intuitiivne viis saviga t\u00f6\u00f6tamiseks ja vaasi pinna korallilaadses struktuuris on tema s\u00f5rmi peaaegu tunda.<\/p>\n<p>Kaal: 800g<\/p>\n<p>M\u00f5\u00f5dud: 15.5 \u00d7 15.5 \u00d7 15 cm<\/p>","protected":false},"excerpt":{"rendered":"<p>Kaia kuulub samasse kollektsiooni imearmsa Isla vaasiga. Kujundus on omane Soome kunstnikule Hanna Heinole, kes ammutab inspiratsiooni loodusest ja toorainest, millega ta t\u00f6\u00f6tab. Hannal on intuitiivne viis saviga t\u00f6\u00f6tamiseks ja vaasi pinna korallilaadses struktuuris on tema s\u00f5rmi peaaegu tunda. Kaal: 800g M\u00f5\u00f5dud: 15.5 \u00d7 15.5 \u00d7 15 cm<\/p>","protected":false},"featured_media":1841781,"comment_status":"open","ping_status":"closed","template":"","meta":[],"product_brand":[],"product_cat":[62],"product_tag":[],"class_list":{"0":"post-1841779","1":"product","2":"type-product","3":"status-publish","4":"has-post-thumbnail","6":"product_cat-vaasid","8":"first","9":"instock","10":"taxable","11":"shipping-taxable","12":"purchasable","13":"product-type-simple"},"yoast_head":"<!-- This site is optimized with the Yoast SEO plugin v27.3 - https:\/\/yoast.com\/product\/yoast-seo-wordpress\/ -->\n<title>COOEE - vaas, Kaia Linnen, 15cm - RUUBY<\/title>\n<meta name=\"robots\" content=\"index, follow, max-snippet:-1, max-image-preview:large, max-video-preview:-1\" \/>\n<link rel=\"canonical\" href=\"https:\/\/ruuby.ee\/en\/pood\/kodusisustus\/vaasid\/cooee-vaas-kaia-linnen-15cm\/\" \/>\n<meta property=\"og:locale\" content=\"en_GB\" \/>\n<meta property=\"og:type\" content=\"article\" \/>\n<meta property=\"og:title\" content=\"COOEE - vaas, Kaia Linnen, 15cm - RUUBY\" \/>\n<meta property=\"og:description\" content=\"Kaia kuulub samasse kollektsiooni imearmsa Isla vaasiga. Kujundus on omane Soome kunstnikule Hanna Heinole, kes ammutab inspiratsiooni loodusest ja toorainest, millega ta t\u00f6\u00f6tab. Hannal on intuitiivne viis saviga t\u00f6\u00f6tamiseks ja vaasi pinna korallilaadses struktuuris on tema s\u00f5rmi peaaegu tunda. Kaal: 800g M\u00f5\u00f5dud: 15.5 \u00d7 15.5 \u00d7 15 cm\" \/>\n<meta property=\"og:url\" content=\"https:\/\/ruuby.ee\/en\/pood\/kodusisustus\/vaasid\/cooee-vaas-kaia-linnen-15cm\/\" \/>\n<meta property=\"og:site_name\" content=\"RUUBY\" \/>\n<meta property=\"article:publisher\" content=\"https:\/\/www.facebook.com\/ruubyconcept\" \/>\n<meta property=\"article:modified_time\" content=\"2026-04-07T22:28:36+00:00\" \/>\n<meta property=\"og:image\" content=\"https:\/\/ruuby.ee\/wp-content\/uploads\/2023\/12\/Screenshot-2023-12-22-at-13.38.16.png\" \/>\n\t<meta property=\"og:image:width\" content=\"962\" \/>\n\t<meta property=\"og:image:height\" content=\"1106\" \/>\n\t<meta property=\"og:image:type\" content=\"image\/png\" \/>\n<meta name=\"twitter:card\" content=\"summary_large_image\" \/>\n<meta name=\"twitter:label1\" content=\"Estimated reading time\" \/>\n\t<meta name=\"twitter:data1\" content=\"1 minute\" \/>\n<script type=\"application\/ld+json\" class=\"yoast-schema-graph\">{\"@context\":\"https:\\\/\\\/schema.org\",\"@graph\":[{\"@type\":[\"WebPage\",\"ItemPage\"],\"@id\":\"https:\\\/\\\/ruuby.ee\\\/pood\\\/kodusisustus\\\/vaasid\\\/cooee-vaas-kaia-linnen-15cm\\\/\",\"url\":\"https:\\\/\\\/ruuby.ee\\\/pood\\\/kodusisustus\\\/vaasid\\\/cooee-vaas-kaia-linnen-15cm\\\/\",\"name\":\"COOEE - vaas, Kaia Linnen, 15cm - RUUBY\",\"isPartOf\":{\"@id\":\"http:\\\/\\\/ruuby.ee\\\/#website\"},\"primaryImageOfPage\":{\"@id\":\"https:\\\/\\\/ruuby.ee\\\/pood\\\/kodusisustus\\\/vaasid\\\/cooee-vaas-kaia-linnen-15cm\\\/#primaryimage\"},\"image\":{\"@id\":\"https:\\\/\\\/ruuby.ee\\\/pood\\\/kodusisustus\\\/vaasid\\\/cooee-vaas-kaia-linnen-15cm\\\/#primaryimage\"},\"thumbnailUrl\":\"http:\\\/\\\/ruuby.ee\\\/wp-content\\\/uploads\\\/2023\\\/12\\\/Screenshot-2023-12-22-at-13.38.16.png\",\"datePublished\":\"2023-12-22T11:38:29+00:00\",\"dateModified\":\"2026-04-07T22:28:36+00:00\",\"breadcrumb\":{\"@id\":\"https:\\\/\\\/ruuby.ee\\\/pood\\\/kodusisustus\\\/vaasid\\\/cooee-vaas-kaia-linnen-15cm\\\/#breadcrumb\"},\"inLanguage\":\"en-GB\",\"potentialAction\":[{\"@type\":\"ReadAction\",\"target\":[\"https:\\\/\\\/ruuby.ee\\\/pood\\\/kodusisustus\\\/vaasid\\\/cooee-vaas-kaia-linnen-15cm\\\/\"]}]},{\"@type\":\"ImageObject\",\"inLanguage\":\"en-GB\",\"@id\":\"https:\\\/\\\/ruuby.ee\\\/pood\\\/kodusisustus\\\/vaasid\\\/cooee-vaas-kaia-linnen-15cm\\\/#primaryimage\",\"url\":\"http:\\\/\\\/ruuby.ee\\\/wp-content\\\/uploads\\\/2023\\\/12\\\/Screenshot-2023-12-22-at-13.38.16.png\",\"contentUrl\":\"http:\\\/\\\/ruuby.ee\\\/wp-content\\\/uploads\\\/2023\\\/12\\\/Screenshot-2023-12-22-at-13.38.16.png\",\"width\":962,\"height\":1106},{\"@type\":\"BreadcrumbList\",\"@id\":\"https:\\\/\\\/ruuby.ee\\\/pood\\\/kodusisustus\\\/vaasid\\\/cooee-vaas-kaia-linnen-15cm\\\/#breadcrumb\",\"itemListElement\":[{\"@type\":\"ListItem\",\"position\":1,\"name\":\"Kdu\",\"item\":\"http:\\\/\\\/ruuby.ee\\\/\"},{\"@type\":\"ListItem\",\"position\":2,\"name\":\"Pood\",\"item\":\"http:\\\/\\\/ruuby.ee\\\/pood\\\/\"},{\"@type\":\"ListItem\",\"position\":3,\"name\":\"COOEE &#8211; vaas, Kaia Linnen, 15cm\"}]},{\"@type\":\"WebSite\",\"@id\":\"http:\\\/\\\/ruuby.ee\\\/#website\",\"url\":\"http:\\\/\\\/ruuby.ee\\\/\",\"name\":\"RUUBY\",\"description\":\"Ruubys on \u00fchendatud elustiil ja disain\",\"publisher\":{\"@id\":\"http:\\\/\\\/ruuby.ee\\\/#organization\"},\"alternateName\":\"Ruuby Disain\",\"potentialAction\":[{\"@type\":\"SearchAction\",\"target\":{\"@type\":\"EntryPoint\",\"urlTemplate\":\"http:\\\/\\\/ruuby.ee\\\/?s={search_term_string}\"},\"query-input\":{\"@type\":\"PropertyValueSpecification\",\"valueRequired\":true,\"valueName\":\"search_term_string\"}}],\"inLanguage\":\"en-GB\"},{\"@type\":\"Organization\",\"@id\":\"http:\\\/\\\/ruuby.ee\\\/#organization\",\"name\":\"Ruuby Disain O\u00dc\",\"alternateName\":\"Ruuby\",\"url\":\"http:\\\/\\\/ruuby.ee\\\/\",\"logo\":{\"@type\":\"ImageObject\",\"inLanguage\":\"en-GB\",\"@id\":\"http:\\\/\\\/ruuby.ee\\\/#\\\/schema\\\/logo\\\/image\\\/\",\"url\":\"http:\\\/\\\/ruuby.ee\\\/wp-content\\\/uploads\\\/2023\\\/06\\\/cropped-Black-White-Elegant-Circle-Signature-Fashion-Logo-12_large.png\",\"contentUrl\":\"http:\\\/\\\/ruuby.ee\\\/wp-content\\\/uploads\\\/2023\\\/06\\\/cropped-Black-White-Elegant-Circle-Signature-Fashion-Logo-12_large.png\",\"width\":1280,\"height\":747,\"caption\":\"Ruuby Disain O\u00dc\"},\"image\":{\"@id\":\"http:\\\/\\\/ruuby.ee\\\/#\\\/schema\\\/logo\\\/image\\\/\"},\"sameAs\":[\"https:\\\/\\\/www.facebook.com\\\/ruubyconcept\",\"https:\\\/\\\/www.instagram.com\\\/ruuby_concept\\\/\"]}]}<\/script>\n<!-- \/ Yoast SEO plugin. -->","yoast_head_json":{"title":"COOEE - vaas, Kaia Linnen, 15cm - RUUBY","robots":{"index":"index","follow":"follow","max-snippet":"max-snippet:-1","max-image-preview":"max-image-preview:large","max-video-preview":"max-video-preview:-1"},"canonical":"https:\/\/ruuby.ee\/en\/pood\/kodusisustus\/vaasid\/cooee-vaas-kaia-linnen-15cm\/","og_locale":"en_GB","og_type":"article","og_title":"COOEE - vaas, Kaia Linnen, 15cm - RUUBY","og_description":"Kaia kuulub samasse kollektsiooni imearmsa Isla vaasiga. Kujundus on omane Soome kunstnikule Hanna Heinole, kes ammutab inspiratsiooni loodusest ja toorainest, millega ta t\u00f6\u00f6tab. Hannal on intuitiivne viis saviga t\u00f6\u00f6tamiseks ja vaasi pinna korallilaadses struktuuris on tema s\u00f5rmi peaaegu tunda. Kaal: 800g M\u00f5\u00f5dud: 15.5 \u00d7 15.5 \u00d7 15 cm","og_url":"https:\/\/ruuby.ee\/en\/pood\/kodusisustus\/vaasid\/cooee-vaas-kaia-linnen-15cm\/","og_site_name":"RUUBY","article_publisher":"https:\/\/www.facebook.com\/ruubyconcept","article_modified_time":"2026-04-07T22:28:36+00:00","og_image":[{"width":962,"height":1106,"url":"https:\/\/ruuby.ee\/wp-content\/uploads\/2023\/12\/Screenshot-2023-12-22-at-13.38.16.png","type":"image\/png"}],"twitter_card":"summary_large_image","twitter_misc":{"Estimated reading time":"1 minute"},"schema":{"@context":"https:\/\/schema.org","@graph":[{"@type":["WebPage","ItemPage"],"@id":"https:\/\/ruuby.ee\/pood\/kodusisustus\/vaasid\/cooee-vaas-kaia-linnen-15cm\/","url":"https:\/\/ruuby.ee\/pood\/kodusisustus\/vaasid\/cooee-vaas-kaia-linnen-15cm\/","name":"COOEE - vaas, Kaia Linnen, 15cm - RUUBY","isPartOf":{"@id":"http:\/\/ruuby.ee\/#website"},"primaryImageOfPage":{"@id":"https:\/\/ruuby.ee\/pood\/kodusisustus\/vaasid\/cooee-vaas-kaia-linnen-15cm\/#primaryimage"},"image":{"@id":"https:\/\/ruuby.ee\/pood\/kodusisustus\/vaasid\/cooee-vaas-kaia-linnen-15cm\/#primaryimage"},"thumbnailUrl":"http:\/\/ruuby.ee\/wp-content\/uploads\/2023\/12\/Screenshot-2023-12-22-at-13.38.16.png","datePublished":"2023-12-22T11:38:29+00:00","dateModified":"2026-04-07T22:28:36+00:00","breadcrumb":{"@id":"https:\/\/ruuby.ee\/pood\/kodusisustus\/vaasid\/cooee-vaas-kaia-linnen-15cm\/#breadcrumb"},"inLanguage":"en-GB","potentialAction":[{"@type":"ReadAction","target":["https:\/\/ruuby.ee\/pood\/kodusisustus\/vaasid\/cooee-vaas-kaia-linnen-15cm\/"]}]},{"@type":"ImageObject","inLanguage":"en-GB","@id":"https:\/\/ruuby.ee\/pood\/kodusisustus\/vaasid\/cooee-vaas-kaia-linnen-15cm\/#primaryimage","url":"http:\/\/ruuby.ee\/wp-content\/uploads\/2023\/12\/Screenshot-2023-12-22-at-13.38.16.png","contentUrl":"http:\/\/ruuby.ee\/wp-content\/uploads\/2023\/12\/Screenshot-2023-12-22-at-13.38.16.png","width":962,"height":1106},{"@type":"BreadcrumbList","@id":"https:\/\/ruuby.ee\/pood\/kodusisustus\/vaasid\/cooee-vaas-kaia-linnen-15cm\/#breadcrumb","itemListElement":[{"@type":"ListItem","position":1,"name":"Kdu","item":"http:\/\/ruuby.ee\/"},{"@type":"ListItem","position":2,"name":"Pood","item":"http:\/\/ruuby.ee\/pood\/"},{"@type":"ListItem","position":3,"name":"COOEE &#8211; vaas, Kaia Linnen, 15cm"}]},{"@type":"WebSite","@id":"http:\/\/ruuby.ee\/#website","url":"http:\/\/ruuby.ee\/","name":"RUUBY","description":"Ruubys on \u00fchendatud elustiil ja disain","publisher":{"@id":"http:\/\/ruuby.ee\/#organization"},"alternateName":"Ruuby Disain","potentialAction":[{"@type":"SearchAction","target":{"@type":"EntryPoint","urlTemplate":"http:\/\/ruuby.ee\/?s={search_term_string}"},"query-input":{"@type":"PropertyValueSpecification","valueRequired":true,"valueName":"search_term_string"}}],"inLanguage":"en-GB"},{"@type":"Organization","@id":"http:\/\/ruuby.ee\/#organization","name":"Ruuby Disain O\u00dc","alternateName":"Ruuby","url":"http:\/\/ruuby.ee\/","logo":{"@type":"ImageObject","inLanguage":"en-GB","@id":"http:\/\/ruuby.ee\/#\/schema\/logo\/image\/","url":"http:\/\/ruuby.ee\/wp-content\/uploads\/2023\/06\/cropped-Black-White-Elegant-Circle-Signature-Fashion-Logo-12_large.png","contentUrl":"http:\/\/ruuby.ee\/wp-content\/uploads\/2023\/06\/cropped-Black-White-Elegant-Circle-Signature-Fashion-Logo-12_large.png","width":1280,"height":747,"caption":"Ruuby Disain O\u00dc"},"image":{"@id":"http:\/\/ruuby.ee\/#\/schema\/logo\/image\/"},"sameAs":["https:\/\/www.facebook.com\/ruubyconcept","https:\/\/www.instagram.com\/ruuby_concept\/"]}]}},"jetpack_sharing_enabled":true,"_links":{"self":[{"href":"http:\/\/ruuby.ee\/en\/wp-json\/wp\/v2\/product\/1841779","targetHints":{"allow":["GET"]}}],"collection":[{"href":"http:\/\/ruuby.ee\/en\/wp-json\/wp\/v2\/product"}],"about":[{"href":"http:\/\/ruuby.ee\/en\/wp-json\/wp\/v2\/types\/product"}],"replies":[{"embeddable":true,"href":"http:\/\/ruuby.ee\/en\/wp-json\/wp\/v2\/comments?post=1841779"}],"wp:featuredmedia":[{"embeddable":true,"href":"http:\/\/ruuby.ee\/en\/wp-json\/wp\/v2\/media\/1841781"}],"wp:attachment":[{"href":"http:\/\/ruuby.ee\/en\/wp-json\/wp\/v2\/media?parent=1841779"}],"wp:term":[{"taxonomy":"product_brand","embeddable":true,"href":"http:\/\/ruuby.ee\/en\/wp-json\/wp\/v2\/product_brand?post=1841779"},{"taxonomy":"product_cat","embeddable":true,"href":"http:\/\/ruuby.ee\/en\/wp-json\/wp\/v2\/product_cat?post=1841779"},{"taxonomy":"product_tag","embeddable":true,"href":"http:\/\/ruuby.ee\/en\/wp-json\/wp\/v2\/product_tag?post=1841779"}],"curies":[{"name":"wp","href":"https:\/\/api.w.org\/{rel}","templated":true}]}}