{"id":1841498,"date":"2023-12-14T16:23:55","date_gmt":"2023-12-14T14:23:55","guid":{"rendered":"http:\/\/ruuby.ee\/?post_type=product&#038;p=1841498"},"modified":"2026-04-08T01:28:37","modified_gmt":"2026-04-07T22:28:37","slug":"omy-hiiglaslik-plakat-baby-pop","status":"publish","type":"product","link":"http:\/\/ruuby.ee\/en\/pood\/lapsed\/meisterdamine\/varviplakatid\/omy-hiiglaslik-plakat-baby-pop\/","title":{"rendered":"OMY &#8211; hiiglaslik plakat, BABY POP"},"content":{"rendered":"<p>Lihtne v\u00e4ikelaste v\u00e4rvimine!<\/p>\n<p>Ilusas v\u00e4rvilises taskus kokkuvoldituna on see l\u00f5bus, omap\u00e4rane ja graafiline plakat, mida saab jagada k\u00f5ikidele p\u00f5lvkondadele! Liin t\u00e4is huumorit ja palju detaile, t\u00f5eline graafiline teekond, mida jagada k\u00f5igi p\u00f5lvkondade vahel.<br \/>\nPiiramatu kunstiline ruum \u00fcksi v\u00f5i koos teistega v\u00e4rvimiseks, p\u00f5randal lahtivoltimiseks, seinale riputamiseks v\u00f5i laudlina kasutamiseks.<\/p>\n<p>Lihtne raamida..<\/p>\n<p>VANUSED 3+<\/p>\n<p>Sisu 1 plakat<br \/>\nFormaat lahtivolditult: 70 x 100 cm<br \/>\nKoostis ekstra valge paber 120 gr<br \/>\nDisainitud ja toodetud Prantsusmaal OMY poolt<\/p>","protected":false},"excerpt":{"rendered":"<p>Lihtne v\u00e4ikelaste v\u00e4rvimine! Ilusas v\u00e4rvilises taskus kokkuvoldituna on see l\u00f5bus, omap\u00e4rane ja graafiline plakat, mida saab jagada k\u00f5ikidele p\u00f5lvkondadele! Liin t\u00e4is huumorit ja palju detaile, t\u00f5eline graafiline teekond, mida jagada k\u00f5igi p\u00f5lvkondade vahel. Piiramatu kunstiline ruum \u00fcksi v\u00f5i koos teistega v\u00e4rvimiseks, p\u00f5randal lahtivoltimiseks, seinale riputamiseks v\u00f5i laudlina kasutamiseks. Lihtne raamida.. VANUSED 3+ Sisu 1 plakat [&hellip;]<\/p>\n","protected":false},"featured_media":1841499,"comment_status":"open","ping_status":"closed","template":"","meta":[],"product_brand":[],"product_cat":[67,659],"product_tag":[],"class_list":{"0":"post-1841498","1":"product","2":"type-product","3":"status-publish","4":"has-post-thumbnail","6":"product_cat-meisterdamine","7":"product_cat-varviplakatid","9":"first","10":"instock","11":"taxable","12":"shipping-taxable","13":"purchasable","14":"product-type-simple"},"yoast_head":"<!-- This site is optimized with the Yoast SEO plugin v27.3 - https:\/\/yoast.com\/product\/yoast-seo-wordpress\/ -->\n<title>OMY - hiiglaslik plakat, BABY POP - RUUBY<\/title>\n<meta name=\"robots\" content=\"index, follow, max-snippet:-1, max-image-preview:large, max-video-preview:-1\" \/>\n<link rel=\"canonical\" href=\"http:\/\/ruuby.ee\/en\/pood\/lapsed\/meisterdamine\/varviplakatid\/omy-hiiglaslik-plakat-baby-pop\/\" \/>\n<meta property=\"og:locale\" content=\"en_GB\" \/>\n<meta property=\"og:type\" content=\"article\" \/>\n<meta property=\"og:title\" content=\"OMY - hiiglaslik plakat, BABY POP - RUUBY\" \/>\n<meta property=\"og:description\" content=\"Lihtne v\u00e4ikelaste v\u00e4rvimine! Ilusas v\u00e4rvilises taskus kokkuvoldituna on see l\u00f5bus, omap\u00e4rane ja graafiline plakat, mida saab jagada k\u00f5ikidele p\u00f5lvkondadele! Liin t\u00e4is huumorit ja palju detaile, t\u00f5eline graafiline teekond, mida jagada k\u00f5igi p\u00f5lvkondade vahel. Piiramatu kunstiline ruum \u00fcksi v\u00f5i koos teistega v\u00e4rvimiseks, p\u00f5randal lahtivoltimiseks, seinale riputamiseks v\u00f5i laudlina kasutamiseks. Lihtne raamida.. VANUSED 3+ Sisu 1 plakat [&hellip;]\" \/>\n<meta property=\"og:url\" content=\"http:\/\/ruuby.ee\/en\/pood\/lapsed\/meisterdamine\/varviplakatid\/omy-hiiglaslik-plakat-baby-pop\/\" \/>\n<meta property=\"og:site_name\" content=\"RUUBY\" \/>\n<meta property=\"article:publisher\" content=\"https:\/\/www.facebook.com\/ruubyconcept\" \/>\n<meta property=\"article:modified_time\" content=\"2026-04-07T22:28:37+00:00\" \/>\n<meta property=\"og:image\" content=\"http:\/\/ruuby.ee\/wp-content\/uploads\/2023\/12\/Screenshot-2023-12-14-at-16.23.36.png\" \/>\n\t<meta property=\"og:image:width\" content=\"1142\" \/>\n\t<meta property=\"og:image:height\" content=\"1150\" \/>\n\t<meta property=\"og:image:type\" content=\"image\/png\" \/>\n<meta name=\"twitter:card\" content=\"summary_large_image\" \/>\n<meta name=\"twitter:label1\" content=\"Estimated reading time\" \/>\n\t<meta name=\"twitter:data1\" content=\"1 minute\" \/>\n<script type=\"application\/ld+json\" class=\"yoast-schema-graph\">{\"@context\":\"https:\\\/\\\/schema.org\",\"@graph\":[{\"@type\":[\"WebPage\",\"ItemPage\"],\"@id\":\"http:\\\/\\\/ruuby.ee\\\/pood\\\/lapsed\\\/meisterdamine\\\/varviplakatid\\\/omy-hiiglaslik-plakat-baby-pop\\\/\",\"url\":\"http:\\\/\\\/ruuby.ee\\\/pood\\\/lapsed\\\/meisterdamine\\\/varviplakatid\\\/omy-hiiglaslik-plakat-baby-pop\\\/\",\"name\":\"OMY - hiiglaslik plakat, BABY POP - RUUBY\",\"isPartOf\":{\"@id\":\"http:\\\/\\\/ruuby.ee\\\/#website\"},\"primaryImageOfPage\":{\"@id\":\"http:\\\/\\\/ruuby.ee\\\/pood\\\/lapsed\\\/meisterdamine\\\/varviplakatid\\\/omy-hiiglaslik-plakat-baby-pop\\\/#primaryimage\"},\"image\":{\"@id\":\"http:\\\/\\\/ruuby.ee\\\/pood\\\/lapsed\\\/meisterdamine\\\/varviplakatid\\\/omy-hiiglaslik-plakat-baby-pop\\\/#primaryimage\"},\"thumbnailUrl\":\"http:\\\/\\\/ruuby.ee\\\/wp-content\\\/uploads\\\/2023\\\/12\\\/Screenshot-2023-12-14-at-16.23.36.png\",\"datePublished\":\"2023-12-14T14:23:55+00:00\",\"dateModified\":\"2026-04-07T22:28:37+00:00\",\"breadcrumb\":{\"@id\":\"http:\\\/\\\/ruuby.ee\\\/pood\\\/lapsed\\\/meisterdamine\\\/varviplakatid\\\/omy-hiiglaslik-plakat-baby-pop\\\/#breadcrumb\"},\"inLanguage\":\"en-GB\",\"potentialAction\":[{\"@type\":\"ReadAction\",\"target\":[\"http:\\\/\\\/ruuby.ee\\\/pood\\\/lapsed\\\/meisterdamine\\\/varviplakatid\\\/omy-hiiglaslik-plakat-baby-pop\\\/\"]}]},{\"@type\":\"ImageObject\",\"inLanguage\":\"en-GB\",\"@id\":\"http:\\\/\\\/ruuby.ee\\\/pood\\\/lapsed\\\/meisterdamine\\\/varviplakatid\\\/omy-hiiglaslik-plakat-baby-pop\\\/#primaryimage\",\"url\":\"http:\\\/\\\/ruuby.ee\\\/wp-content\\\/uploads\\\/2023\\\/12\\\/Screenshot-2023-12-14-at-16.23.36.png\",\"contentUrl\":\"http:\\\/\\\/ruuby.ee\\\/wp-content\\\/uploads\\\/2023\\\/12\\\/Screenshot-2023-12-14-at-16.23.36.png\",\"width\":1142,\"height\":1150},{\"@type\":\"BreadcrumbList\",\"@id\":\"http:\\\/\\\/ruuby.ee\\\/pood\\\/lapsed\\\/meisterdamine\\\/varviplakatid\\\/omy-hiiglaslik-plakat-baby-pop\\\/#breadcrumb\",\"itemListElement\":[{\"@type\":\"ListItem\",\"position\":1,\"name\":\"Kdu\",\"item\":\"http:\\\/\\\/ruuby.ee\\\/\"},{\"@type\":\"ListItem\",\"position\":2,\"name\":\"Pood\",\"item\":\"http:\\\/\\\/ruuby.ee\\\/pood\\\/\"},{\"@type\":\"ListItem\",\"position\":3,\"name\":\"OMY &#8211; hiiglaslik plakat, BABY POP\"}]},{\"@type\":\"WebSite\",\"@id\":\"http:\\\/\\\/ruuby.ee\\\/#website\",\"url\":\"http:\\\/\\\/ruuby.ee\\\/\",\"name\":\"RUUBY\",\"description\":\"Ruubys on \u00fchendatud elustiil ja disain\",\"publisher\":{\"@id\":\"http:\\\/\\\/ruuby.ee\\\/#organization\"},\"alternateName\":\"Ruuby Disain\",\"potentialAction\":[{\"@type\":\"SearchAction\",\"target\":{\"@type\":\"EntryPoint\",\"urlTemplate\":\"http:\\\/\\\/ruuby.ee\\\/?s={search_term_string}\"},\"query-input\":{\"@type\":\"PropertyValueSpecification\",\"valueRequired\":true,\"valueName\":\"search_term_string\"}}],\"inLanguage\":\"en-GB\"},{\"@type\":\"Organization\",\"@id\":\"http:\\\/\\\/ruuby.ee\\\/#organization\",\"name\":\"Ruuby Disain O\u00dc\",\"alternateName\":\"Ruuby\",\"url\":\"http:\\\/\\\/ruuby.ee\\\/\",\"logo\":{\"@type\":\"ImageObject\",\"inLanguage\":\"en-GB\",\"@id\":\"http:\\\/\\\/ruuby.ee\\\/#\\\/schema\\\/logo\\\/image\\\/\",\"url\":\"http:\\\/\\\/ruuby.ee\\\/wp-content\\\/uploads\\\/2023\\\/06\\\/cropped-Black-White-Elegant-Circle-Signature-Fashion-Logo-12_large.png\",\"contentUrl\":\"http:\\\/\\\/ruuby.ee\\\/wp-content\\\/uploads\\\/2023\\\/06\\\/cropped-Black-White-Elegant-Circle-Signature-Fashion-Logo-12_large.png\",\"width\":1280,\"height\":747,\"caption\":\"Ruuby Disain O\u00dc\"},\"image\":{\"@id\":\"http:\\\/\\\/ruuby.ee\\\/#\\\/schema\\\/logo\\\/image\\\/\"},\"sameAs\":[\"https:\\\/\\\/www.facebook.com\\\/ruubyconcept\",\"https:\\\/\\\/www.instagram.com\\\/ruuby_concept\\\/\"]}]}<\/script>\n<!-- \/ Yoast SEO plugin. -->","yoast_head_json":{"title":"OMY - hiiglaslik plakat, BABY POP - RUUBY","robots":{"index":"index","follow":"follow","max-snippet":"max-snippet:-1","max-image-preview":"max-image-preview:large","max-video-preview":"max-video-preview:-1"},"canonical":"http:\/\/ruuby.ee\/en\/pood\/lapsed\/meisterdamine\/varviplakatid\/omy-hiiglaslik-plakat-baby-pop\/","og_locale":"en_GB","og_type":"article","og_title":"OMY - hiiglaslik plakat, BABY POP - RUUBY","og_description":"Lihtne v\u00e4ikelaste v\u00e4rvimine! Ilusas v\u00e4rvilises taskus kokkuvoldituna on see l\u00f5bus, omap\u00e4rane ja graafiline plakat, mida saab jagada k\u00f5ikidele p\u00f5lvkondadele! Liin t\u00e4is huumorit ja palju detaile, t\u00f5eline graafiline teekond, mida jagada k\u00f5igi p\u00f5lvkondade vahel. Piiramatu kunstiline ruum \u00fcksi v\u00f5i koos teistega v\u00e4rvimiseks, p\u00f5randal lahtivoltimiseks, seinale riputamiseks v\u00f5i laudlina kasutamiseks. Lihtne raamida.. VANUSED 3+ Sisu 1 plakat [&hellip;]","og_url":"http:\/\/ruuby.ee\/en\/pood\/lapsed\/meisterdamine\/varviplakatid\/omy-hiiglaslik-plakat-baby-pop\/","og_site_name":"RUUBY","article_publisher":"https:\/\/www.facebook.com\/ruubyconcept","article_modified_time":"2026-04-07T22:28:37+00:00","og_image":[{"width":1142,"height":1150,"url":"http:\/\/ruuby.ee\/wp-content\/uploads\/2023\/12\/Screenshot-2023-12-14-at-16.23.36.png","type":"image\/png"}],"twitter_card":"summary_large_image","twitter_misc":{"Estimated reading time":"1 minute"},"schema":{"@context":"https:\/\/schema.org","@graph":[{"@type":["WebPage","ItemPage"],"@id":"http:\/\/ruuby.ee\/pood\/lapsed\/meisterdamine\/varviplakatid\/omy-hiiglaslik-plakat-baby-pop\/","url":"http:\/\/ruuby.ee\/pood\/lapsed\/meisterdamine\/varviplakatid\/omy-hiiglaslik-plakat-baby-pop\/","name":"OMY - hiiglaslik plakat, BABY POP - RUUBY","isPartOf":{"@id":"http:\/\/ruuby.ee\/#website"},"primaryImageOfPage":{"@id":"http:\/\/ruuby.ee\/pood\/lapsed\/meisterdamine\/varviplakatid\/omy-hiiglaslik-plakat-baby-pop\/#primaryimage"},"image":{"@id":"http:\/\/ruuby.ee\/pood\/lapsed\/meisterdamine\/varviplakatid\/omy-hiiglaslik-plakat-baby-pop\/#primaryimage"},"thumbnailUrl":"http:\/\/ruuby.ee\/wp-content\/uploads\/2023\/12\/Screenshot-2023-12-14-at-16.23.36.png","datePublished":"2023-12-14T14:23:55+00:00","dateModified":"2026-04-07T22:28:37+00:00","breadcrumb":{"@id":"http:\/\/ruuby.ee\/pood\/lapsed\/meisterdamine\/varviplakatid\/omy-hiiglaslik-plakat-baby-pop\/#breadcrumb"},"inLanguage":"en-GB","potentialAction":[{"@type":"ReadAction","target":["http:\/\/ruuby.ee\/pood\/lapsed\/meisterdamine\/varviplakatid\/omy-hiiglaslik-plakat-baby-pop\/"]}]},{"@type":"ImageObject","inLanguage":"en-GB","@id":"http:\/\/ruuby.ee\/pood\/lapsed\/meisterdamine\/varviplakatid\/omy-hiiglaslik-plakat-baby-pop\/#primaryimage","url":"http:\/\/ruuby.ee\/wp-content\/uploads\/2023\/12\/Screenshot-2023-12-14-at-16.23.36.png","contentUrl":"http:\/\/ruuby.ee\/wp-content\/uploads\/2023\/12\/Screenshot-2023-12-14-at-16.23.36.png","width":1142,"height":1150},{"@type":"BreadcrumbList","@id":"http:\/\/ruuby.ee\/pood\/lapsed\/meisterdamine\/varviplakatid\/omy-hiiglaslik-plakat-baby-pop\/#breadcrumb","itemListElement":[{"@type":"ListItem","position":1,"name":"Kdu","item":"http:\/\/ruuby.ee\/"},{"@type":"ListItem","position":2,"name":"Pood","item":"http:\/\/ruuby.ee\/pood\/"},{"@type":"ListItem","position":3,"name":"OMY &#8211; hiiglaslik plakat, BABY POP"}]},{"@type":"WebSite","@id":"http:\/\/ruuby.ee\/#website","url":"http:\/\/ruuby.ee\/","name":"RUUBY","description":"Ruubys on \u00fchendatud elustiil ja disain","publisher":{"@id":"http:\/\/ruuby.ee\/#organization"},"alternateName":"Ruuby Disain","potentialAction":[{"@type":"SearchAction","target":{"@type":"EntryPoint","urlTemplate":"http:\/\/ruuby.ee\/?s={search_term_string}"},"query-input":{"@type":"PropertyValueSpecification","valueRequired":true,"valueName":"search_term_string"}}],"inLanguage":"en-GB"},{"@type":"Organization","@id":"http:\/\/ruuby.ee\/#organization","name":"Ruuby Disain O\u00dc","alternateName":"Ruuby","url":"http:\/\/ruuby.ee\/","logo":{"@type":"ImageObject","inLanguage":"en-GB","@id":"http:\/\/ruuby.ee\/#\/schema\/logo\/image\/","url":"http:\/\/ruuby.ee\/wp-content\/uploads\/2023\/06\/cropped-Black-White-Elegant-Circle-Signature-Fashion-Logo-12_large.png","contentUrl":"http:\/\/ruuby.ee\/wp-content\/uploads\/2023\/06\/cropped-Black-White-Elegant-Circle-Signature-Fashion-Logo-12_large.png","width":1280,"height":747,"caption":"Ruuby Disain O\u00dc"},"image":{"@id":"http:\/\/ruuby.ee\/#\/schema\/logo\/image\/"},"sameAs":["https:\/\/www.facebook.com\/ruubyconcept","https:\/\/www.instagram.com\/ruuby_concept\/"]}]}},"jetpack_sharing_enabled":true,"_links":{"self":[{"href":"http:\/\/ruuby.ee\/en\/wp-json\/wp\/v2\/product\/1841498","targetHints":{"allow":["GET"]}}],"collection":[{"href":"http:\/\/ruuby.ee\/en\/wp-json\/wp\/v2\/product"}],"about":[{"href":"http:\/\/ruuby.ee\/en\/wp-json\/wp\/v2\/types\/product"}],"replies":[{"embeddable":true,"href":"http:\/\/ruuby.ee\/en\/wp-json\/wp\/v2\/comments?post=1841498"}],"wp:featuredmedia":[{"embeddable":true,"href":"http:\/\/ruuby.ee\/en\/wp-json\/wp\/v2\/media\/1841499"}],"wp:attachment":[{"href":"http:\/\/ruuby.ee\/en\/wp-json\/wp\/v2\/media?parent=1841498"}],"wp:term":[{"taxonomy":"product_brand","embeddable":true,"href":"http:\/\/ruuby.ee\/en\/wp-json\/wp\/v2\/product_brand?post=1841498"},{"taxonomy":"product_cat","embeddable":true,"href":"http:\/\/ruuby.ee\/en\/wp-json\/wp\/v2\/product_cat?post=1841498"},{"taxonomy":"product_tag","embeddable":true,"href":"http:\/\/ruuby.ee\/en\/wp-json\/wp\/v2\/product_tag?post=1841498"}],"curies":[{"name":"wp","href":"https:\/\/api.w.org\/{rel}","templated":true}]}}