{"id":1841244,"date":"2023-12-07T16:53:55","date_gmt":"2023-12-07T14:53:55","guid":{"rendered":"http:\/\/ruuby.ee\/?post_type=product&#038;p=1841244"},"modified":"2026-04-08T01:28:37","modified_gmt":"2026-04-07T22:28:37","slug":"nailmatic-ajutine-tattoopen-pink","status":"publish","type":"product","link":"http:\/\/ruuby.ee\/en\/pood\/lapsed\/meisterdamine\/tattoo\/nailmatic-ajutine-tattoopen-pink\/","title":{"rendered":"Nailmatic &#8211; ajutine TATTOOPEN, pink"},"content":{"rendered":"<p>Vegan, julmusevaba!<\/p>\n<p>See on ainulaadne kontseptsioon: v\u00f5tke omaks TATTOOPENi loomingulised seiklused ja uurige uut territooriumi: nahakunsti! See roosa viltpliiats v\u00f5imaldab teil (ja neil) joonistada pestavaid ajutisi t\u00e4toveeringuid.<\/p>\n<p>Lihtne kasutada, kuivab kiiresti, pestakse seebi ja veega maha.<br \/>\nSee on uue seikluse algus: nahakunst!<br \/>\nSee avab uusi loovuse vorme, kaugel ekraanidest ja videom\u00e4ngudest.<\/p>\n<p>Dermatoloogiliselt ja oftalmoloogiliselt testitud.<br \/>\nTehtud Itaalias.<\/p>","protected":false},"excerpt":{"rendered":"<p>Vegan, julmusevaba! See on ainulaadne kontseptsioon: v\u00f5tke omaks TATTOOPENi loomingulised seiklused ja uurige uut territooriumi: nahakunsti! See roosa viltpliiats v\u00f5imaldab teil (ja neil) joonistada pestavaid ajutisi t\u00e4toveeringuid. Lihtne kasutada, kuivab kiiresti, pestakse seebi ja veega maha. See on uue seikluse algus: nahakunst! See avab uusi loovuse vorme, kaugel ekraanidest ja videom\u00e4ngudest. Dermatoloogiliselt ja oftalmoloogiliselt testitud. [&hellip;]<\/p>\n","protected":false},"featured_media":1841245,"comment_status":"open","ping_status":"closed","template":"","meta":[],"product_brand":[],"product_cat":[67,658],"product_tag":[],"class_list":{"0":"post-1841244","1":"product","2":"type-product","3":"status-publish","4":"has-post-thumbnail","6":"product_cat-meisterdamine","7":"product_cat-tattoo","9":"first","10":"outofstock","11":"taxable","12":"shipping-taxable","13":"purchasable","14":"product-type-simple"},"yoast_head":"<!-- This site is optimized with the Yoast SEO plugin v27.3 - https:\/\/yoast.com\/product\/yoast-seo-wordpress\/ -->\n<title>Nailmatic - ajutine TATTOOPEN, pink - RUUBY<\/title>\n<meta name=\"robots\" content=\"index, follow, max-snippet:-1, max-image-preview:large, max-video-preview:-1\" \/>\n<link rel=\"canonical\" href=\"https:\/\/ruuby.ee\/en\/pood\/lapsed\/meisterdamine\/tattoo\/nailmatic-ajutine-tattoopen-pink\/\" \/>\n<meta property=\"og:locale\" content=\"en_GB\" \/>\n<meta property=\"og:type\" content=\"article\" \/>\n<meta property=\"og:title\" content=\"Nailmatic - ajutine TATTOOPEN, pink - RUUBY\" \/>\n<meta property=\"og:description\" content=\"Vegan, julmusevaba! See on ainulaadne kontseptsioon: v\u00f5tke omaks TATTOOPENi loomingulised seiklused ja uurige uut territooriumi: nahakunsti! See roosa viltpliiats v\u00f5imaldab teil (ja neil) joonistada pestavaid ajutisi t\u00e4toveeringuid. Lihtne kasutada, kuivab kiiresti, pestakse seebi ja veega maha. See on uue seikluse algus: nahakunst! See avab uusi loovuse vorme, kaugel ekraanidest ja videom\u00e4ngudest. Dermatoloogiliselt ja oftalmoloogiliselt testitud. [&hellip;]\" \/>\n<meta property=\"og:url\" content=\"https:\/\/ruuby.ee\/en\/pood\/lapsed\/meisterdamine\/tattoo\/nailmatic-ajutine-tattoopen-pink\/\" \/>\n<meta property=\"og:site_name\" content=\"RUUBY\" \/>\n<meta property=\"article:publisher\" content=\"https:\/\/www.facebook.com\/ruubyconcept\" \/>\n<meta property=\"article:modified_time\" content=\"2026-04-07T22:28:37+00:00\" \/>\n<meta property=\"og:image\" content=\"https:\/\/ruuby.ee\/wp-content\/uploads\/2023\/12\/Screenshot-2023-12-07-at-16.53.45.png\" \/>\n\t<meta property=\"og:image:width\" content=\"822\" \/>\n\t<meta property=\"og:image:height\" content=\"956\" \/>\n\t<meta property=\"og:image:type\" content=\"image\/png\" \/>\n<meta name=\"twitter:card\" content=\"summary_large_image\" \/>\n<meta name=\"twitter:label1\" content=\"Estimated reading time\" \/>\n\t<meta name=\"twitter:data1\" content=\"1 minute\" \/>\n<script type=\"application\/ld+json\" class=\"yoast-schema-graph\">{\"@context\":\"https:\\\/\\\/schema.org\",\"@graph\":[{\"@type\":[\"WebPage\",\"ItemPage\"],\"@id\":\"https:\\\/\\\/ruuby.ee\\\/en\\\/pood\\\/lapsed\\\/meisterdamine\\\/tattoo\\\/nailmatic-ajutine-tattoopen-pink\\\/\",\"url\":\"https:\\\/\\\/ruuby.ee\\\/en\\\/pood\\\/lapsed\\\/meisterdamine\\\/tattoo\\\/nailmatic-ajutine-tattoopen-pink\\\/\",\"name\":\"Nailmatic - ajutine TATTOOPEN, pink - RUUBY\",\"isPartOf\":{\"@id\":\"http:\\\/\\\/ruuby.ee\\\/#website\"},\"primaryImageOfPage\":{\"@id\":\"https:\\\/\\\/ruuby.ee\\\/en\\\/pood\\\/lapsed\\\/meisterdamine\\\/tattoo\\\/nailmatic-ajutine-tattoopen-pink\\\/#primaryimage\"},\"image\":{\"@id\":\"https:\\\/\\\/ruuby.ee\\\/en\\\/pood\\\/lapsed\\\/meisterdamine\\\/tattoo\\\/nailmatic-ajutine-tattoopen-pink\\\/#primaryimage\"},\"thumbnailUrl\":\"http:\\\/\\\/ruuby.ee\\\/wp-content\\\/uploads\\\/2023\\\/12\\\/Screenshot-2023-12-07-at-16.53.45.png\",\"datePublished\":\"2023-12-07T14:53:55+00:00\",\"dateModified\":\"2026-04-07T22:28:37+00:00\",\"breadcrumb\":{\"@id\":\"https:\\\/\\\/ruuby.ee\\\/en\\\/pood\\\/lapsed\\\/meisterdamine\\\/tattoo\\\/nailmatic-ajutine-tattoopen-pink\\\/#breadcrumb\"},\"inLanguage\":\"en-GB\",\"potentialAction\":[{\"@type\":\"ReadAction\",\"target\":[\"https:\\\/\\\/ruuby.ee\\\/en\\\/pood\\\/lapsed\\\/meisterdamine\\\/tattoo\\\/nailmatic-ajutine-tattoopen-pink\\\/\"]}]},{\"@type\":\"ImageObject\",\"inLanguage\":\"en-GB\",\"@id\":\"https:\\\/\\\/ruuby.ee\\\/en\\\/pood\\\/lapsed\\\/meisterdamine\\\/tattoo\\\/nailmatic-ajutine-tattoopen-pink\\\/#primaryimage\",\"url\":\"http:\\\/\\\/ruuby.ee\\\/wp-content\\\/uploads\\\/2023\\\/12\\\/Screenshot-2023-12-07-at-16.53.45.png\",\"contentUrl\":\"http:\\\/\\\/ruuby.ee\\\/wp-content\\\/uploads\\\/2023\\\/12\\\/Screenshot-2023-12-07-at-16.53.45.png\",\"width\":822,\"height\":956},{\"@type\":\"BreadcrumbList\",\"@id\":\"https:\\\/\\\/ruuby.ee\\\/en\\\/pood\\\/lapsed\\\/meisterdamine\\\/tattoo\\\/nailmatic-ajutine-tattoopen-pink\\\/#breadcrumb\",\"itemListElement\":[{\"@type\":\"ListItem\",\"position\":1,\"name\":\"Kdu\",\"item\":\"http:\\\/\\\/ruuby.ee\\\/\"},{\"@type\":\"ListItem\",\"position\":2,\"name\":\"Pood\",\"item\":\"http:\\\/\\\/ruuby.ee\\\/pood\\\/\"},{\"@type\":\"ListItem\",\"position\":3,\"name\":\"Nailmatic &#8211; ajutine TATTOOPEN, pink\"}]},{\"@type\":\"WebSite\",\"@id\":\"http:\\\/\\\/ruuby.ee\\\/#website\",\"url\":\"http:\\\/\\\/ruuby.ee\\\/\",\"name\":\"RUUBY\",\"description\":\"Ruubys on \u00fchendatud elustiil ja disain\",\"publisher\":{\"@id\":\"http:\\\/\\\/ruuby.ee\\\/#organization\"},\"alternateName\":\"Ruuby Disain\",\"potentialAction\":[{\"@type\":\"SearchAction\",\"target\":{\"@type\":\"EntryPoint\",\"urlTemplate\":\"http:\\\/\\\/ruuby.ee\\\/?s={search_term_string}\"},\"query-input\":{\"@type\":\"PropertyValueSpecification\",\"valueRequired\":true,\"valueName\":\"search_term_string\"}}],\"inLanguage\":\"en-GB\"},{\"@type\":\"Organization\",\"@id\":\"http:\\\/\\\/ruuby.ee\\\/#organization\",\"name\":\"Ruuby Disain O\u00dc\",\"alternateName\":\"Ruuby\",\"url\":\"http:\\\/\\\/ruuby.ee\\\/\",\"logo\":{\"@type\":\"ImageObject\",\"inLanguage\":\"en-GB\",\"@id\":\"http:\\\/\\\/ruuby.ee\\\/#\\\/schema\\\/logo\\\/image\\\/\",\"url\":\"http:\\\/\\\/ruuby.ee\\\/wp-content\\\/uploads\\\/2023\\\/06\\\/cropped-Black-White-Elegant-Circle-Signature-Fashion-Logo-12_large.png\",\"contentUrl\":\"http:\\\/\\\/ruuby.ee\\\/wp-content\\\/uploads\\\/2023\\\/06\\\/cropped-Black-White-Elegant-Circle-Signature-Fashion-Logo-12_large.png\",\"width\":1280,\"height\":747,\"caption\":\"Ruuby Disain O\u00dc\"},\"image\":{\"@id\":\"http:\\\/\\\/ruuby.ee\\\/#\\\/schema\\\/logo\\\/image\\\/\"},\"sameAs\":[\"https:\\\/\\\/www.facebook.com\\\/ruubyconcept\",\"https:\\\/\\\/www.instagram.com\\\/ruuby_concept\\\/\"]}]}<\/script>\n<!-- \/ Yoast SEO plugin. -->","yoast_head_json":{"title":"Nailmatic - ajutine TATTOOPEN, pink - RUUBY","robots":{"index":"index","follow":"follow","max-snippet":"max-snippet:-1","max-image-preview":"max-image-preview:large","max-video-preview":"max-video-preview:-1"},"canonical":"https:\/\/ruuby.ee\/en\/pood\/lapsed\/meisterdamine\/tattoo\/nailmatic-ajutine-tattoopen-pink\/","og_locale":"en_GB","og_type":"article","og_title":"Nailmatic - ajutine TATTOOPEN, pink - RUUBY","og_description":"Vegan, julmusevaba! See on ainulaadne kontseptsioon: v\u00f5tke omaks TATTOOPENi loomingulised seiklused ja uurige uut territooriumi: nahakunsti! See roosa viltpliiats v\u00f5imaldab teil (ja neil) joonistada pestavaid ajutisi t\u00e4toveeringuid. Lihtne kasutada, kuivab kiiresti, pestakse seebi ja veega maha. See on uue seikluse algus: nahakunst! See avab uusi loovuse vorme, kaugel ekraanidest ja videom\u00e4ngudest. Dermatoloogiliselt ja oftalmoloogiliselt testitud. [&hellip;]","og_url":"https:\/\/ruuby.ee\/en\/pood\/lapsed\/meisterdamine\/tattoo\/nailmatic-ajutine-tattoopen-pink\/","og_site_name":"RUUBY","article_publisher":"https:\/\/www.facebook.com\/ruubyconcept","article_modified_time":"2026-04-07T22:28:37+00:00","og_image":[{"width":822,"height":956,"url":"https:\/\/ruuby.ee\/wp-content\/uploads\/2023\/12\/Screenshot-2023-12-07-at-16.53.45.png","type":"image\/png"}],"twitter_card":"summary_large_image","twitter_misc":{"Estimated reading time":"1 minute"},"schema":{"@context":"https:\/\/schema.org","@graph":[{"@type":["WebPage","ItemPage"],"@id":"https:\/\/ruuby.ee\/en\/pood\/lapsed\/meisterdamine\/tattoo\/nailmatic-ajutine-tattoopen-pink\/","url":"https:\/\/ruuby.ee\/en\/pood\/lapsed\/meisterdamine\/tattoo\/nailmatic-ajutine-tattoopen-pink\/","name":"Nailmatic - ajutine TATTOOPEN, pink - RUUBY","isPartOf":{"@id":"http:\/\/ruuby.ee\/#website"},"primaryImageOfPage":{"@id":"https:\/\/ruuby.ee\/en\/pood\/lapsed\/meisterdamine\/tattoo\/nailmatic-ajutine-tattoopen-pink\/#primaryimage"},"image":{"@id":"https:\/\/ruuby.ee\/en\/pood\/lapsed\/meisterdamine\/tattoo\/nailmatic-ajutine-tattoopen-pink\/#primaryimage"},"thumbnailUrl":"http:\/\/ruuby.ee\/wp-content\/uploads\/2023\/12\/Screenshot-2023-12-07-at-16.53.45.png","datePublished":"2023-12-07T14:53:55+00:00","dateModified":"2026-04-07T22:28:37+00:00","breadcrumb":{"@id":"https:\/\/ruuby.ee\/en\/pood\/lapsed\/meisterdamine\/tattoo\/nailmatic-ajutine-tattoopen-pink\/#breadcrumb"},"inLanguage":"en-GB","potentialAction":[{"@type":"ReadAction","target":["https:\/\/ruuby.ee\/en\/pood\/lapsed\/meisterdamine\/tattoo\/nailmatic-ajutine-tattoopen-pink\/"]}]},{"@type":"ImageObject","inLanguage":"en-GB","@id":"https:\/\/ruuby.ee\/en\/pood\/lapsed\/meisterdamine\/tattoo\/nailmatic-ajutine-tattoopen-pink\/#primaryimage","url":"http:\/\/ruuby.ee\/wp-content\/uploads\/2023\/12\/Screenshot-2023-12-07-at-16.53.45.png","contentUrl":"http:\/\/ruuby.ee\/wp-content\/uploads\/2023\/12\/Screenshot-2023-12-07-at-16.53.45.png","width":822,"height":956},{"@type":"BreadcrumbList","@id":"https:\/\/ruuby.ee\/en\/pood\/lapsed\/meisterdamine\/tattoo\/nailmatic-ajutine-tattoopen-pink\/#breadcrumb","itemListElement":[{"@type":"ListItem","position":1,"name":"Kdu","item":"http:\/\/ruuby.ee\/"},{"@type":"ListItem","position":2,"name":"Pood","item":"http:\/\/ruuby.ee\/pood\/"},{"@type":"ListItem","position":3,"name":"Nailmatic &#8211; ajutine TATTOOPEN, pink"}]},{"@type":"WebSite","@id":"http:\/\/ruuby.ee\/#website","url":"http:\/\/ruuby.ee\/","name":"RUUBY","description":"Ruubys on \u00fchendatud elustiil ja disain","publisher":{"@id":"http:\/\/ruuby.ee\/#organization"},"alternateName":"Ruuby Disain","potentialAction":[{"@type":"SearchAction","target":{"@type":"EntryPoint","urlTemplate":"http:\/\/ruuby.ee\/?s={search_term_string}"},"query-input":{"@type":"PropertyValueSpecification","valueRequired":true,"valueName":"search_term_string"}}],"inLanguage":"en-GB"},{"@type":"Organization","@id":"http:\/\/ruuby.ee\/#organization","name":"Ruuby Disain O\u00dc","alternateName":"Ruuby","url":"http:\/\/ruuby.ee\/","logo":{"@type":"ImageObject","inLanguage":"en-GB","@id":"http:\/\/ruuby.ee\/#\/schema\/logo\/image\/","url":"http:\/\/ruuby.ee\/wp-content\/uploads\/2023\/06\/cropped-Black-White-Elegant-Circle-Signature-Fashion-Logo-12_large.png","contentUrl":"http:\/\/ruuby.ee\/wp-content\/uploads\/2023\/06\/cropped-Black-White-Elegant-Circle-Signature-Fashion-Logo-12_large.png","width":1280,"height":747,"caption":"Ruuby Disain O\u00dc"},"image":{"@id":"http:\/\/ruuby.ee\/#\/schema\/logo\/image\/"},"sameAs":["https:\/\/www.facebook.com\/ruubyconcept","https:\/\/www.instagram.com\/ruuby_concept\/"]}]}},"jetpack_sharing_enabled":true,"_links":{"self":[{"href":"http:\/\/ruuby.ee\/en\/wp-json\/wp\/v2\/product\/1841244","targetHints":{"allow":["GET"]}}],"collection":[{"href":"http:\/\/ruuby.ee\/en\/wp-json\/wp\/v2\/product"}],"about":[{"href":"http:\/\/ruuby.ee\/en\/wp-json\/wp\/v2\/types\/product"}],"replies":[{"embeddable":true,"href":"http:\/\/ruuby.ee\/en\/wp-json\/wp\/v2\/comments?post=1841244"}],"wp:featuredmedia":[{"embeddable":true,"href":"http:\/\/ruuby.ee\/en\/wp-json\/wp\/v2\/media\/1841245"}],"wp:attachment":[{"href":"http:\/\/ruuby.ee\/en\/wp-json\/wp\/v2\/media?parent=1841244"}],"wp:term":[{"taxonomy":"product_brand","embeddable":true,"href":"http:\/\/ruuby.ee\/en\/wp-json\/wp\/v2\/product_brand?post=1841244"},{"taxonomy":"product_cat","embeddable":true,"href":"http:\/\/ruuby.ee\/en\/wp-json\/wp\/v2\/product_cat?post=1841244"},{"taxonomy":"product_tag","embeddable":true,"href":"http:\/\/ruuby.ee\/en\/wp-json\/wp\/v2\/product_tag?post=1841244"}],"curies":[{"name":"wp","href":"https:\/\/api.w.org\/{rel}","templated":true}]}}