{"id":1841218,"date":"2023-12-07T16:31:02","date_gmt":"2023-12-07T14:31:02","guid":{"rendered":"http:\/\/ruuby.ee\/?post_type=product&#038;p=1841218"},"modified":"2026-04-08T01:28:37","modified_gmt":"2026-04-07T22:28:37","slug":"nailmatic-tatoveeringu-komplekt-rock","status":"publish","type":"product","link":"http:\/\/ruuby.ee\/en\/pood\/lapsed\/meisterdamine\/tattoo\/nailmatic-tatoveeringu-komplekt-rock\/","title":{"rendered":"Nailmatic &#8211; t\u00e4toveeringu komplekt, ROCK"},"content":{"rendered":"<p>Karp ajutisi t\u00e4toveeringupliiatseid? See t\u00e4hendab palju ideid t\u00e4toveeringute loomiseks ja suurep\u00e4rase show tegemiseks: kitarr, t\u00e4hed, pealuu, v\u00e4lk, noodid&#8230;<\/p>\n<p>Iga kaart sisaldab inspiratsioonijoonistusi esik\u00fcljel ja fotodena tagak\u00fcljel.<\/p>\n<p>Hoidke inspiratsiooni voolamas: iga kaardi \u00fchel k\u00fcljel on joonised ja teisel k\u00fcljel lapse nahale joonistatud n\u00e4ited.<\/p>\n<p>T\u00e4toveeringu komplekt sisaldab:<br \/>\n&#8211; 1 sinine t\u00e4toveeringu pliiats<br \/>\n&#8211; 1 must t\u00e4toveeringu pliiats<br \/>\n&#8211; 4 kahepoolset mallikaarti ideedega, mida testida<br \/>\n&#8211; 1 kahepoolne juhiste kaart<\/p>\n<p>&#8211; \u00fcmarate otstega kaardid ohutuks m\u00e4ngimiseks.<br \/>\n&#8211; lihtsalt kasutatavad t\u00e4toveeringu pliiatsid<br \/>\n&#8211; dermatoloogiliselt ja oftalmoloogiliselt testitud veep\u00f5hine tint<\/p>\n<p>Pestavad t\u00e4toveeringud, mis kuivavad v\u00e4lkkiirelt ja eemaldatakse seebiveega.<br \/>\nNeed on loodud kehale ja n\u00e4ole joonistamiseks ning on loodud t\u00f5eliselt l\u00f5butsema.<br \/>\nV\u00e4ga k\u00e4ep\u00e4rased, v\u00f5imaldavad teil luua igasuguseid mustreid ja neid v\u00e4rvida. L\u00f5busal pole piiranguid. Proovid, m\u00f5tled \u00fcmber ja alustad uuesti!<\/p>\n<p>Keskkonnas\u00f5bralik tootmisahel:<br \/>\n&#8211; Itaalias valmistatud viltpliiatsid.<br \/>\n&#8211; Prantsusmaal valmistatud kaardid ja kast.<br \/>\n&#8211; PEFC sertifikaadiga paberist valmistatud kaardid (s\u00e4\u00e4stlikult majandatud metsadest)<\/p>","protected":false},"excerpt":{"rendered":"<p>Karp ajutisi t\u00e4toveeringupliiatseid? See t\u00e4hendab palju ideid t\u00e4toveeringute loomiseks ja suurep\u00e4rase show tegemiseks: kitarr, t\u00e4hed, pealuu, v\u00e4lk, noodid&#8230; Iga kaart sisaldab inspiratsioonijoonistusi esik\u00fcljel ja fotodena tagak\u00fcljel. Hoidke inspiratsiooni voolamas: iga kaardi \u00fchel k\u00fcljel on joonised ja teisel k\u00fcljel lapse nahale joonistatud n\u00e4ited. T\u00e4toveeringu komplekt sisaldab: &#8211; 1 sinine t\u00e4toveeringu pliiats &#8211; 1 must t\u00e4toveeringu pliiats [&hellip;]<\/p>\n","protected":false},"featured_media":1841227,"comment_status":"open","ping_status":"closed","template":"","meta":[],"product_brand":[],"product_cat":[657,67,658],"product_tag":[],"class_list":{"0":"post-1841218","1":"product","2":"type-product","3":"status-publish","4":"has-post-thumbnail","6":"product_cat-kinkekomplektid","7":"product_cat-meisterdamine","8":"product_cat-tattoo","10":"first","11":"outofstock","12":"taxable","13":"shipping-taxable","14":"purchasable","15":"product-type-simple"},"yoast_head":"<!-- This site is optimized with the Yoast SEO plugin v27.3 - https:\/\/yoast.com\/product\/yoast-seo-wordpress\/ -->\n<title>Nailmatic - t\u00e4toveeringu komplekt, ROCK - RUUBY<\/title>\n<meta name=\"robots\" content=\"index, follow, max-snippet:-1, max-image-preview:large, max-video-preview:-1\" \/>\n<link rel=\"canonical\" href=\"http:\/\/ruuby.ee\/en\/pood\/lapsed\/meisterdamine\/tattoo\/nailmatic-tatoveeringu-komplekt-rock\/\" \/>\n<meta property=\"og:locale\" content=\"en_GB\" \/>\n<meta property=\"og:type\" content=\"article\" \/>\n<meta property=\"og:title\" content=\"Nailmatic - t\u00e4toveeringu komplekt, ROCK - RUUBY\" \/>\n<meta property=\"og:description\" content=\"Karp ajutisi t\u00e4toveeringupliiatseid? See t\u00e4hendab palju ideid t\u00e4toveeringute loomiseks ja suurep\u00e4rase show tegemiseks: kitarr, t\u00e4hed, pealuu, v\u00e4lk, noodid&#8230; Iga kaart sisaldab inspiratsioonijoonistusi esik\u00fcljel ja fotodena tagak\u00fcljel. Hoidke inspiratsiooni voolamas: iga kaardi \u00fchel k\u00fcljel on joonised ja teisel k\u00fcljel lapse nahale joonistatud n\u00e4ited. T\u00e4toveeringu komplekt sisaldab: &#8211; 1 sinine t\u00e4toveeringu pliiats &#8211; 1 must t\u00e4toveeringu pliiats [&hellip;]\" \/>\n<meta property=\"og:url\" content=\"http:\/\/ruuby.ee\/en\/pood\/lapsed\/meisterdamine\/tattoo\/nailmatic-tatoveeringu-komplekt-rock\/\" \/>\n<meta property=\"og:site_name\" content=\"RUUBY\" \/>\n<meta property=\"article:publisher\" content=\"https:\/\/www.facebook.com\/ruubyconcept\" \/>\n<meta property=\"article:modified_time\" content=\"2026-04-07T22:28:37+00:00\" \/>\n<meta property=\"og:image\" content=\"http:\/\/ruuby.ee\/wp-content\/uploads\/2023\/12\/Screenshot-2023-12-07-at-16.33.23.png\" \/>\n\t<meta property=\"og:image:width\" content=\"1054\" \/>\n\t<meta property=\"og:image:height\" content=\"1036\" \/>\n\t<meta property=\"og:image:type\" content=\"image\/png\" \/>\n<meta name=\"twitter:card\" content=\"summary_large_image\" \/>\n<meta name=\"twitter:label1\" content=\"Estimated reading time\" \/>\n\t<meta name=\"twitter:data1\" content=\"1 minute\" \/>\n<script type=\"application\/ld+json\" class=\"yoast-schema-graph\">{\"@context\":\"https:\\\/\\\/schema.org\",\"@graph\":[{\"@type\":[\"WebPage\",\"ItemPage\"],\"@id\":\"http:\\\/\\\/ruuby.ee\\\/pood\\\/lapsed\\\/meisterdamine\\\/tattoo\\\/nailmatic-tatoveeringu-komplekt-rock\\\/\",\"url\":\"http:\\\/\\\/ruuby.ee\\\/pood\\\/lapsed\\\/meisterdamine\\\/tattoo\\\/nailmatic-tatoveeringu-komplekt-rock\\\/\",\"name\":\"Nailmatic - t\u00e4toveeringu komplekt, ROCK - RUUBY\",\"isPartOf\":{\"@id\":\"http:\\\/\\\/ruuby.ee\\\/en\\\/#website\"},\"primaryImageOfPage\":{\"@id\":\"http:\\\/\\\/ruuby.ee\\\/pood\\\/lapsed\\\/meisterdamine\\\/tattoo\\\/nailmatic-tatoveeringu-komplekt-rock\\\/#primaryimage\"},\"image\":{\"@id\":\"http:\\\/\\\/ruuby.ee\\\/pood\\\/lapsed\\\/meisterdamine\\\/tattoo\\\/nailmatic-tatoveeringu-komplekt-rock\\\/#primaryimage\"},\"thumbnailUrl\":\"http:\\\/\\\/ruuby.ee\\\/wp-content\\\/uploads\\\/2023\\\/12\\\/Screenshot-2023-12-07-at-16.33.23.png\",\"datePublished\":\"2023-12-07T14:31:02+00:00\",\"dateModified\":\"2026-04-07T22:28:37+00:00\",\"breadcrumb\":{\"@id\":\"http:\\\/\\\/ruuby.ee\\\/pood\\\/lapsed\\\/meisterdamine\\\/tattoo\\\/nailmatic-tatoveeringu-komplekt-rock\\\/#breadcrumb\"},\"inLanguage\":\"en-GB\",\"potentialAction\":[{\"@type\":\"ReadAction\",\"target\":[\"http:\\\/\\\/ruuby.ee\\\/pood\\\/lapsed\\\/meisterdamine\\\/tattoo\\\/nailmatic-tatoveeringu-komplekt-rock\\\/\"]}]},{\"@type\":\"ImageObject\",\"inLanguage\":\"en-GB\",\"@id\":\"http:\\\/\\\/ruuby.ee\\\/pood\\\/lapsed\\\/meisterdamine\\\/tattoo\\\/nailmatic-tatoveeringu-komplekt-rock\\\/#primaryimage\",\"url\":\"http:\\\/\\\/ruuby.ee\\\/wp-content\\\/uploads\\\/2023\\\/12\\\/Screenshot-2023-12-07-at-16.33.23.png\",\"contentUrl\":\"http:\\\/\\\/ruuby.ee\\\/wp-content\\\/uploads\\\/2023\\\/12\\\/Screenshot-2023-12-07-at-16.33.23.png\",\"width\":1054,\"height\":1036},{\"@type\":\"BreadcrumbList\",\"@id\":\"http:\\\/\\\/ruuby.ee\\\/pood\\\/lapsed\\\/meisterdamine\\\/tattoo\\\/nailmatic-tatoveeringu-komplekt-rock\\\/#breadcrumb\",\"itemListElement\":[{\"@type\":\"ListItem\",\"position\":1,\"name\":\"Kdu\",\"item\":\"http:\\\/\\\/ruuby.ee\\\/en\\\/\"},{\"@type\":\"ListItem\",\"position\":2,\"name\":\"Pood\",\"item\":\"http:\\\/\\\/ruuby.ee\\\/en\\\/pood\\\/\"},{\"@type\":\"ListItem\",\"position\":3,\"name\":\"Nailmatic &#8211; t\u00e4toveeringu komplekt, ROCK\"}]},{\"@type\":\"WebSite\",\"@id\":\"http:\\\/\\\/ruuby.ee\\\/en\\\/#website\",\"url\":\"http:\\\/\\\/ruuby.ee\\\/en\\\/\",\"name\":\"RUUBY\",\"description\":\"Ruubys on \u00fchendatud elustiil ja disain\",\"publisher\":{\"@id\":\"http:\\\/\\\/ruuby.ee\\\/en\\\/#organization\"},\"alternateName\":\"Ruuby Disain\",\"potentialAction\":[{\"@type\":\"SearchAction\",\"target\":{\"@type\":\"EntryPoint\",\"urlTemplate\":\"http:\\\/\\\/ruuby.ee\\\/en\\\/?s={search_term_string}\"},\"query-input\":{\"@type\":\"PropertyValueSpecification\",\"valueRequired\":true,\"valueName\":\"search_term_string\"}}],\"inLanguage\":\"en-GB\"},{\"@type\":\"Organization\",\"@id\":\"http:\\\/\\\/ruuby.ee\\\/en\\\/#organization\",\"name\":\"Ruuby Disain O\u00dc\",\"alternateName\":\"Ruuby\",\"url\":\"http:\\\/\\\/ruuby.ee\\\/en\\\/\",\"logo\":{\"@type\":\"ImageObject\",\"inLanguage\":\"en-GB\",\"@id\":\"http:\\\/\\\/ruuby.ee\\\/en\\\/#\\\/schema\\\/logo\\\/image\\\/\",\"url\":\"http:\\\/\\\/ruuby.ee\\\/wp-content\\\/uploads\\\/2023\\\/06\\\/cropped-Black-White-Elegant-Circle-Signature-Fashion-Logo-12_large.png\",\"contentUrl\":\"http:\\\/\\\/ruuby.ee\\\/wp-content\\\/uploads\\\/2023\\\/06\\\/cropped-Black-White-Elegant-Circle-Signature-Fashion-Logo-12_large.png\",\"width\":1280,\"height\":747,\"caption\":\"Ruuby Disain O\u00dc\"},\"image\":{\"@id\":\"http:\\\/\\\/ruuby.ee\\\/en\\\/#\\\/schema\\\/logo\\\/image\\\/\"},\"sameAs\":[\"https:\\\/\\\/www.facebook.com\\\/ruubyconcept\",\"https:\\\/\\\/www.instagram.com\\\/ruuby_concept\\\/\"]}]}<\/script>\n<!-- \/ Yoast SEO plugin. -->","yoast_head_json":{"title":"Nailmatic - t\u00e4toveeringu komplekt, ROCK - RUUBY","robots":{"index":"index","follow":"follow","max-snippet":"max-snippet:-1","max-image-preview":"max-image-preview:large","max-video-preview":"max-video-preview:-1"},"canonical":"http:\/\/ruuby.ee\/en\/pood\/lapsed\/meisterdamine\/tattoo\/nailmatic-tatoveeringu-komplekt-rock\/","og_locale":"en_GB","og_type":"article","og_title":"Nailmatic - t\u00e4toveeringu komplekt, ROCK - RUUBY","og_description":"Karp ajutisi t\u00e4toveeringupliiatseid? See t\u00e4hendab palju ideid t\u00e4toveeringute loomiseks ja suurep\u00e4rase show tegemiseks: kitarr, t\u00e4hed, pealuu, v\u00e4lk, noodid&#8230; Iga kaart sisaldab inspiratsioonijoonistusi esik\u00fcljel ja fotodena tagak\u00fcljel. Hoidke inspiratsiooni voolamas: iga kaardi \u00fchel k\u00fcljel on joonised ja teisel k\u00fcljel lapse nahale joonistatud n\u00e4ited. T\u00e4toveeringu komplekt sisaldab: &#8211; 1 sinine t\u00e4toveeringu pliiats &#8211; 1 must t\u00e4toveeringu pliiats [&hellip;]","og_url":"http:\/\/ruuby.ee\/en\/pood\/lapsed\/meisterdamine\/tattoo\/nailmatic-tatoveeringu-komplekt-rock\/","og_site_name":"RUUBY","article_publisher":"https:\/\/www.facebook.com\/ruubyconcept","article_modified_time":"2026-04-07T22:28:37+00:00","og_image":[{"width":1054,"height":1036,"url":"http:\/\/ruuby.ee\/wp-content\/uploads\/2023\/12\/Screenshot-2023-12-07-at-16.33.23.png","type":"image\/png"}],"twitter_card":"summary_large_image","twitter_misc":{"Estimated reading time":"1 minute"},"schema":{"@context":"https:\/\/schema.org","@graph":[{"@type":["WebPage","ItemPage"],"@id":"http:\/\/ruuby.ee\/pood\/lapsed\/meisterdamine\/tattoo\/nailmatic-tatoveeringu-komplekt-rock\/","url":"http:\/\/ruuby.ee\/pood\/lapsed\/meisterdamine\/tattoo\/nailmatic-tatoveeringu-komplekt-rock\/","name":"Nailmatic - t\u00e4toveeringu komplekt, ROCK - RUUBY","isPartOf":{"@id":"http:\/\/ruuby.ee\/en\/#website"},"primaryImageOfPage":{"@id":"http:\/\/ruuby.ee\/pood\/lapsed\/meisterdamine\/tattoo\/nailmatic-tatoveeringu-komplekt-rock\/#primaryimage"},"image":{"@id":"http:\/\/ruuby.ee\/pood\/lapsed\/meisterdamine\/tattoo\/nailmatic-tatoveeringu-komplekt-rock\/#primaryimage"},"thumbnailUrl":"http:\/\/ruuby.ee\/wp-content\/uploads\/2023\/12\/Screenshot-2023-12-07-at-16.33.23.png","datePublished":"2023-12-07T14:31:02+00:00","dateModified":"2026-04-07T22:28:37+00:00","breadcrumb":{"@id":"http:\/\/ruuby.ee\/pood\/lapsed\/meisterdamine\/tattoo\/nailmatic-tatoveeringu-komplekt-rock\/#breadcrumb"},"inLanguage":"en-GB","potentialAction":[{"@type":"ReadAction","target":["http:\/\/ruuby.ee\/pood\/lapsed\/meisterdamine\/tattoo\/nailmatic-tatoveeringu-komplekt-rock\/"]}]},{"@type":"ImageObject","inLanguage":"en-GB","@id":"http:\/\/ruuby.ee\/pood\/lapsed\/meisterdamine\/tattoo\/nailmatic-tatoveeringu-komplekt-rock\/#primaryimage","url":"http:\/\/ruuby.ee\/wp-content\/uploads\/2023\/12\/Screenshot-2023-12-07-at-16.33.23.png","contentUrl":"http:\/\/ruuby.ee\/wp-content\/uploads\/2023\/12\/Screenshot-2023-12-07-at-16.33.23.png","width":1054,"height":1036},{"@type":"BreadcrumbList","@id":"http:\/\/ruuby.ee\/pood\/lapsed\/meisterdamine\/tattoo\/nailmatic-tatoveeringu-komplekt-rock\/#breadcrumb","itemListElement":[{"@type":"ListItem","position":1,"name":"Kdu","item":"http:\/\/ruuby.ee\/en\/"},{"@type":"ListItem","position":2,"name":"Pood","item":"http:\/\/ruuby.ee\/en\/pood\/"},{"@type":"ListItem","position":3,"name":"Nailmatic &#8211; t\u00e4toveeringu komplekt, ROCK"}]},{"@type":"WebSite","@id":"http:\/\/ruuby.ee\/en\/#website","url":"http:\/\/ruuby.ee\/en\/","name":"RUUBY","description":"Ruubys on \u00fchendatud elustiil ja disain","publisher":{"@id":"http:\/\/ruuby.ee\/en\/#organization"},"alternateName":"Ruuby Disain","potentialAction":[{"@type":"SearchAction","target":{"@type":"EntryPoint","urlTemplate":"http:\/\/ruuby.ee\/en\/?s={search_term_string}"},"query-input":{"@type":"PropertyValueSpecification","valueRequired":true,"valueName":"search_term_string"}}],"inLanguage":"en-GB"},{"@type":"Organization","@id":"http:\/\/ruuby.ee\/en\/#organization","name":"Ruuby Disain O\u00dc","alternateName":"Ruuby","url":"http:\/\/ruuby.ee\/en\/","logo":{"@type":"ImageObject","inLanguage":"en-GB","@id":"http:\/\/ruuby.ee\/en\/#\/schema\/logo\/image\/","url":"http:\/\/ruuby.ee\/wp-content\/uploads\/2023\/06\/cropped-Black-White-Elegant-Circle-Signature-Fashion-Logo-12_large.png","contentUrl":"http:\/\/ruuby.ee\/wp-content\/uploads\/2023\/06\/cropped-Black-White-Elegant-Circle-Signature-Fashion-Logo-12_large.png","width":1280,"height":747,"caption":"Ruuby Disain O\u00dc"},"image":{"@id":"http:\/\/ruuby.ee\/en\/#\/schema\/logo\/image\/"},"sameAs":["https:\/\/www.facebook.com\/ruubyconcept","https:\/\/www.instagram.com\/ruuby_concept\/"]}]}},"jetpack_sharing_enabled":true,"_links":{"self":[{"href":"http:\/\/ruuby.ee\/en\/wp-json\/wp\/v2\/product\/1841218","targetHints":{"allow":["GET"]}}],"collection":[{"href":"http:\/\/ruuby.ee\/en\/wp-json\/wp\/v2\/product"}],"about":[{"href":"http:\/\/ruuby.ee\/en\/wp-json\/wp\/v2\/types\/product"}],"replies":[{"embeddable":true,"href":"http:\/\/ruuby.ee\/en\/wp-json\/wp\/v2\/comments?post=1841218"}],"wp:featuredmedia":[{"embeddable":true,"href":"http:\/\/ruuby.ee\/en\/wp-json\/wp\/v2\/media\/1841227"}],"wp:attachment":[{"href":"http:\/\/ruuby.ee\/en\/wp-json\/wp\/v2\/media?parent=1841218"}],"wp:term":[{"taxonomy":"product_brand","embeddable":true,"href":"http:\/\/ruuby.ee\/en\/wp-json\/wp\/v2\/product_brand?post=1841218"},{"taxonomy":"product_cat","embeddable":true,"href":"http:\/\/ruuby.ee\/en\/wp-json\/wp\/v2\/product_cat?post=1841218"},{"taxonomy":"product_tag","embeddable":true,"href":"http:\/\/ruuby.ee\/en\/wp-json\/wp\/v2\/product_tag?post=1841218"}],"curies":[{"name":"wp","href":"https:\/\/api.w.org\/{rel}","templated":true}]}}