{"id":1841111,"date":"2023-12-01T15:25:31","date_gmt":"2023-12-01T13:25:31","guid":{"rendered":"http:\/\/ruuby.ee\/?post_type=product&#038;p=1841111"},"modified":"2026-04-05T01:25:30","modified_gmt":"2026-04-04T22:25:30","slug":"the-mallows-karamellitaidisega-vahukommid-kakao-ja-maldon-soolaga-90g","status":"publish","type":"product","link":"http:\/\/ruuby.ee\/en\/pood\/gurmee\/maiustused\/the-mallows-karamellitaidisega-vahukommid-kakao-ja-maldon-soolaga-90g\/","title":{"rendered":"The Mallows Karamellit\u00e4idisega vahukommid, kakao ja maldon soolaga, 90g"},"content":{"rendered":"<p>Topelt karamelli ja shokolaadiga + kako ja maldon sool on kombinatsioon karamellit\u00e4idisega vahukommidest, mis on kaetud magusa karamellise \u0161okolaadiga ja kr\u00f5bedate meresoola t\u00fckkidega. Vedel karamelli keskosa seguneb esimesel suupistel vanilje vahukommi ja kr\u00f5bedate meresoolat\u00fckkidega, mille tulemuseks on t\u00e4iuslik maitsete tasakaal, mis t\u00e4iendab rikkalikku karamellist \u0161okolaadi.<\/p>\n<p>Koostis: Gl\u00fckoosi-fruktoosi siirup, suhkur, 13,5% kate (suhkur, taimerasv (kookos, palmituuma, palm, p\u00e4evalill, shea, rapsiseemned), v\u00e4hendatud rasvasisaldusega kakaopulber, stabilisaator: E492, emulgaator: E322 (soja) ), naturaalne vanilje maitseaine), 13,5% karamellt\u00e4idis (gl\u00fckoosisiirup, taime\u00f5li (palmi), suhkur, kondenseeritud l\u00f5ss (l\u00f5ss, suhkur), dekstroos, t\u00e4ielikult h\u00fcdrogeenitud taime\u00f5li (rapsiseemned), emulgaator (mono- ja rasvhapete digl\u00fctseriidid (E471)), 7% koorega piima\u0161okolaad karamelliga (suhkur, kakaov\u00f5i, t\u00e4ispiimapulber, kakaomass, l\u00f5ssipulber, karamelliseeritud suhkur, emulgaator: E322 (soja), l\u00f5hna- ja maitseaine, v\u00fcrtsid, looduslik vanilje maitseaine ) (EU), sool, happesuse regulaator (trinaatriumtsitraat (E331iii)), looduslik l\u00f5hna- ja maitseaine), vesi, dekstroos, \u017eelatiin, l\u00f5hna- ja maitseaine.<\/p>","protected":false},"excerpt":{"rendered":"<p>Topelt karamelli ja shokolaadiga + kako ja maldon sool on kombinatsioon karamellit\u00e4idisega vahukommidest, mis on kaetud magusa karamellise \u0161okolaadiga ja kr\u00f5bedate meresoola t\u00fckkidega. Vedel karamelli keskosa seguneb esimesel suupistel vanilje vahukommi ja kr\u00f5bedate meresoolat\u00fckkidega, mille tulemuseks on t\u00e4iuslik maitsete tasakaal, mis t\u00e4iendab rikkalikku karamellist \u0161okolaadi. Koostis: Gl\u00fckoosi-fruktoosi siirup, suhkur, 13,5% kate (suhkur, taimerasv (kookos, palmituuma, [&hellip;]<\/p>\n","protected":false},"featured_media":1841112,"comment_status":"open","ping_status":"closed","template":"","meta":[],"product_brand":[],"product_cat":[26,644],"product_tag":[],"class_list":{"0":"post-1841111","1":"product","2":"type-product","3":"status-publish","4":"has-post-thumbnail","6":"product_cat-gurmee","7":"product_cat-maiustused","9":"first","10":"outofstock","11":"taxable","12":"shipping-taxable","13":"purchasable","14":"product-type-simple"},"yoast_head":"<!-- This site is optimized with the Yoast SEO plugin v27.2 - https:\/\/yoast.com\/product\/yoast-seo-wordpress\/ -->\n<title>The Mallows Karamellit\u00e4idisega vahukommid, kakao ja maldon soolaga, 90g - RUUBY<\/title>\n<meta name=\"robots\" content=\"index, follow, max-snippet:-1, max-image-preview:large, max-video-preview:-1\" \/>\n<link rel=\"canonical\" href=\"http:\/\/ruuby.ee\/en\/pood\/gurmee\/maiustused\/the-mallows-karamellitaidisega-vahukommid-kakao-ja-maldon-soolaga-90g\/\" \/>\n<meta property=\"og:locale\" content=\"en_GB\" \/>\n<meta property=\"og:type\" content=\"article\" \/>\n<meta property=\"og:title\" content=\"The Mallows Karamellit\u00e4idisega vahukommid, kakao ja maldon soolaga, 90g - RUUBY\" \/>\n<meta property=\"og:description\" content=\"Topelt karamelli ja shokolaadiga + kako ja maldon sool on kombinatsioon karamellit\u00e4idisega vahukommidest, mis on kaetud magusa karamellise \u0161okolaadiga ja kr\u00f5bedate meresoola t\u00fckkidega. Vedel karamelli keskosa seguneb esimesel suupistel vanilje vahukommi ja kr\u00f5bedate meresoolat\u00fckkidega, mille tulemuseks on t\u00e4iuslik maitsete tasakaal, mis t\u00e4iendab rikkalikku karamellist \u0161okolaadi. Koostis: Gl\u00fckoosi-fruktoosi siirup, suhkur, 13,5% kate (suhkur, taimerasv (kookos, palmituuma, [&hellip;]\" \/>\n<meta property=\"og:url\" content=\"http:\/\/ruuby.ee\/en\/pood\/gurmee\/maiustused\/the-mallows-karamellitaidisega-vahukommid-kakao-ja-maldon-soolaga-90g\/\" \/>\n<meta property=\"og:site_name\" content=\"RUUBY\" \/>\n<meta property=\"article:publisher\" content=\"https:\/\/www.facebook.com\/ruubyconcept\" \/>\n<meta property=\"article:modified_time\" content=\"2026-04-04T22:25:30+00:00\" \/>\n<meta property=\"og:image\" content=\"http:\/\/ruuby.ee\/wp-content\/uploads\/2023\/12\/Screenshot-2023-12-01-at-15.24.31.png\" \/>\n\t<meta property=\"og:image:width\" content=\"1204\" \/>\n\t<meta property=\"og:image:height\" content=\"1204\" \/>\n\t<meta property=\"og:image:type\" content=\"image\/png\" \/>\n<meta name=\"twitter:card\" content=\"summary_large_image\" \/>\n<meta name=\"twitter:label1\" content=\"Estimated reading time\" \/>\n\t<meta name=\"twitter:data1\" content=\"1 minute\" \/>\n<script type=\"application\/ld+json\" class=\"yoast-schema-graph\">{\"@context\":\"https:\/\/schema.org\",\"@graph\":[{\"@type\":[\"WebPage\",\"ItemPage\"],\"@id\":\"http:\/\/ruuby.ee\/pood\/gurmee\/maiustused\/the-mallows-karamellitaidisega-vahukommid-kakao-ja-maldon-soolaga-90g\/\",\"url\":\"http:\/\/ruuby.ee\/pood\/gurmee\/maiustused\/the-mallows-karamellitaidisega-vahukommid-kakao-ja-maldon-soolaga-90g\/\",\"name\":\"The Mallows Karamellit\u00e4idisega vahukommid, kakao ja maldon soolaga, 90g - RUUBY\",\"isPartOf\":{\"@id\":\"http:\/\/ruuby.ee\/en\/#website\"},\"primaryImageOfPage\":{\"@id\":\"http:\/\/ruuby.ee\/pood\/gurmee\/maiustused\/the-mallows-karamellitaidisega-vahukommid-kakao-ja-maldon-soolaga-90g\/#primaryimage\"},\"image\":{\"@id\":\"http:\/\/ruuby.ee\/pood\/gurmee\/maiustused\/the-mallows-karamellitaidisega-vahukommid-kakao-ja-maldon-soolaga-90g\/#primaryimage\"},\"thumbnailUrl\":\"http:\/\/ruuby.ee\/wp-content\/uploads\/2023\/12\/Screenshot-2023-12-01-at-15.24.31.png\",\"datePublished\":\"2023-12-01T13:25:31+00:00\",\"dateModified\":\"2026-04-04T22:25:30+00:00\",\"breadcrumb\":{\"@id\":\"http:\/\/ruuby.ee\/pood\/gurmee\/maiustused\/the-mallows-karamellitaidisega-vahukommid-kakao-ja-maldon-soolaga-90g\/#breadcrumb\"},\"inLanguage\":\"en-GB\",\"potentialAction\":[{\"@type\":\"ReadAction\",\"target\":[\"http:\/\/ruuby.ee\/pood\/gurmee\/maiustused\/the-mallows-karamellitaidisega-vahukommid-kakao-ja-maldon-soolaga-90g\/\"]}]},{\"@type\":\"ImageObject\",\"inLanguage\":\"en-GB\",\"@id\":\"http:\/\/ruuby.ee\/pood\/gurmee\/maiustused\/the-mallows-karamellitaidisega-vahukommid-kakao-ja-maldon-soolaga-90g\/#primaryimage\",\"url\":\"http:\/\/ruuby.ee\/wp-content\/uploads\/2023\/12\/Screenshot-2023-12-01-at-15.24.31.png\",\"contentUrl\":\"http:\/\/ruuby.ee\/wp-content\/uploads\/2023\/12\/Screenshot-2023-12-01-at-15.24.31.png\",\"width\":1204,\"height\":1204},{\"@type\":\"BreadcrumbList\",\"@id\":\"http:\/\/ruuby.ee\/pood\/gurmee\/maiustused\/the-mallows-karamellitaidisega-vahukommid-kakao-ja-maldon-soolaga-90g\/#breadcrumb\",\"itemListElement\":[{\"@type\":\"ListItem\",\"position\":1,\"name\":\"Kdu\",\"item\":\"http:\/\/ruuby.ee\/en\/\"},{\"@type\":\"ListItem\",\"position\":2,\"name\":\"Pood\",\"item\":\"http:\/\/ruuby.ee\/en\/pood\/\"},{\"@type\":\"ListItem\",\"position\":3,\"name\":\"The Mallows Karamellit\u00e4idisega vahukommid, kakao ja maldon soolaga, 90g\"}]},{\"@type\":\"WebSite\",\"@id\":\"http:\/\/ruuby.ee\/en\/#website\",\"url\":\"http:\/\/ruuby.ee\/en\/\",\"name\":\"RUUBY\",\"description\":\"Ruubys on \u00fchendatud elustiil ja disain\",\"publisher\":{\"@id\":\"http:\/\/ruuby.ee\/en\/#organization\"},\"alternateName\":\"Ruuby Disain\",\"potentialAction\":[{\"@type\":\"SearchAction\",\"target\":{\"@type\":\"EntryPoint\",\"urlTemplate\":\"http:\/\/ruuby.ee\/en\/?s={search_term_string}\"},\"query-input\":{\"@type\":\"PropertyValueSpecification\",\"valueRequired\":true,\"valueName\":\"search_term_string\"}}],\"inLanguage\":\"en-GB\"},{\"@type\":\"Organization\",\"@id\":\"http:\/\/ruuby.ee\/en\/#organization\",\"name\":\"Ruuby Disain O\u00dc\",\"alternateName\":\"Ruuby\",\"url\":\"http:\/\/ruuby.ee\/en\/\",\"logo\":{\"@type\":\"ImageObject\",\"inLanguage\":\"en-GB\",\"@id\":\"http:\/\/ruuby.ee\/en\/#\/schema\/logo\/image\/\",\"url\":\"http:\/\/ruuby.ee\/wp-content\/uploads\/2023\/06\/cropped-Black-White-Elegant-Circle-Signature-Fashion-Logo-12_large.png\",\"contentUrl\":\"http:\/\/ruuby.ee\/wp-content\/uploads\/2023\/06\/cropped-Black-White-Elegant-Circle-Signature-Fashion-Logo-12_large.png\",\"width\":1280,\"height\":747,\"caption\":\"Ruuby Disain O\u00dc\"},\"image\":{\"@id\":\"http:\/\/ruuby.ee\/en\/#\/schema\/logo\/image\/\"},\"sameAs\":[\"https:\/\/www.facebook.com\/ruubyconcept\",\"https:\/\/www.instagram.com\/ruuby_concept\/\"]}]}<\/script>\n<!-- \/ Yoast SEO plugin. -->","yoast_head_json":{"title":"The Mallows Karamellit\u00e4idisega vahukommid, kakao ja maldon soolaga, 90g - RUUBY","robots":{"index":"index","follow":"follow","max-snippet":"max-snippet:-1","max-image-preview":"max-image-preview:large","max-video-preview":"max-video-preview:-1"},"canonical":"http:\/\/ruuby.ee\/en\/pood\/gurmee\/maiustused\/the-mallows-karamellitaidisega-vahukommid-kakao-ja-maldon-soolaga-90g\/","og_locale":"en_GB","og_type":"article","og_title":"The Mallows Karamellit\u00e4idisega vahukommid, kakao ja maldon soolaga, 90g - RUUBY","og_description":"Topelt karamelli ja shokolaadiga + kako ja maldon sool on kombinatsioon karamellit\u00e4idisega vahukommidest, mis on kaetud magusa karamellise \u0161okolaadiga ja kr\u00f5bedate meresoola t\u00fckkidega. Vedel karamelli keskosa seguneb esimesel suupistel vanilje vahukommi ja kr\u00f5bedate meresoolat\u00fckkidega, mille tulemuseks on t\u00e4iuslik maitsete tasakaal, mis t\u00e4iendab rikkalikku karamellist \u0161okolaadi. Koostis: Gl\u00fckoosi-fruktoosi siirup, suhkur, 13,5% kate (suhkur, taimerasv (kookos, palmituuma, [&hellip;]","og_url":"http:\/\/ruuby.ee\/en\/pood\/gurmee\/maiustused\/the-mallows-karamellitaidisega-vahukommid-kakao-ja-maldon-soolaga-90g\/","og_site_name":"RUUBY","article_publisher":"https:\/\/www.facebook.com\/ruubyconcept","article_modified_time":"2026-04-04T22:25:30+00:00","og_image":[{"width":1204,"height":1204,"url":"http:\/\/ruuby.ee\/wp-content\/uploads\/2023\/12\/Screenshot-2023-12-01-at-15.24.31.png","type":"image\/png"}],"twitter_card":"summary_large_image","twitter_misc":{"Estimated reading time":"1 minute"},"schema":{"@context":"https:\/\/schema.org","@graph":[{"@type":["WebPage","ItemPage"],"@id":"http:\/\/ruuby.ee\/pood\/gurmee\/maiustused\/the-mallows-karamellitaidisega-vahukommid-kakao-ja-maldon-soolaga-90g\/","url":"http:\/\/ruuby.ee\/pood\/gurmee\/maiustused\/the-mallows-karamellitaidisega-vahukommid-kakao-ja-maldon-soolaga-90g\/","name":"The Mallows Karamellit\u00e4idisega vahukommid, kakao ja maldon soolaga, 90g - RUUBY","isPartOf":{"@id":"http:\/\/ruuby.ee\/en\/#website"},"primaryImageOfPage":{"@id":"http:\/\/ruuby.ee\/pood\/gurmee\/maiustused\/the-mallows-karamellitaidisega-vahukommid-kakao-ja-maldon-soolaga-90g\/#primaryimage"},"image":{"@id":"http:\/\/ruuby.ee\/pood\/gurmee\/maiustused\/the-mallows-karamellitaidisega-vahukommid-kakao-ja-maldon-soolaga-90g\/#primaryimage"},"thumbnailUrl":"http:\/\/ruuby.ee\/wp-content\/uploads\/2023\/12\/Screenshot-2023-12-01-at-15.24.31.png","datePublished":"2023-12-01T13:25:31+00:00","dateModified":"2026-04-04T22:25:30+00:00","breadcrumb":{"@id":"http:\/\/ruuby.ee\/pood\/gurmee\/maiustused\/the-mallows-karamellitaidisega-vahukommid-kakao-ja-maldon-soolaga-90g\/#breadcrumb"},"inLanguage":"en-GB","potentialAction":[{"@type":"ReadAction","target":["http:\/\/ruuby.ee\/pood\/gurmee\/maiustused\/the-mallows-karamellitaidisega-vahukommid-kakao-ja-maldon-soolaga-90g\/"]}]},{"@type":"ImageObject","inLanguage":"en-GB","@id":"http:\/\/ruuby.ee\/pood\/gurmee\/maiustused\/the-mallows-karamellitaidisega-vahukommid-kakao-ja-maldon-soolaga-90g\/#primaryimage","url":"http:\/\/ruuby.ee\/wp-content\/uploads\/2023\/12\/Screenshot-2023-12-01-at-15.24.31.png","contentUrl":"http:\/\/ruuby.ee\/wp-content\/uploads\/2023\/12\/Screenshot-2023-12-01-at-15.24.31.png","width":1204,"height":1204},{"@type":"BreadcrumbList","@id":"http:\/\/ruuby.ee\/pood\/gurmee\/maiustused\/the-mallows-karamellitaidisega-vahukommid-kakao-ja-maldon-soolaga-90g\/#breadcrumb","itemListElement":[{"@type":"ListItem","position":1,"name":"Kdu","item":"http:\/\/ruuby.ee\/en\/"},{"@type":"ListItem","position":2,"name":"Pood","item":"http:\/\/ruuby.ee\/en\/pood\/"},{"@type":"ListItem","position":3,"name":"The Mallows Karamellit\u00e4idisega vahukommid, kakao ja maldon soolaga, 90g"}]},{"@type":"WebSite","@id":"http:\/\/ruuby.ee\/en\/#website","url":"http:\/\/ruuby.ee\/en\/","name":"RUUBY","description":"Ruubys on \u00fchendatud elustiil ja disain","publisher":{"@id":"http:\/\/ruuby.ee\/en\/#organization"},"alternateName":"Ruuby Disain","potentialAction":[{"@type":"SearchAction","target":{"@type":"EntryPoint","urlTemplate":"http:\/\/ruuby.ee\/en\/?s={search_term_string}"},"query-input":{"@type":"PropertyValueSpecification","valueRequired":true,"valueName":"search_term_string"}}],"inLanguage":"en-GB"},{"@type":"Organization","@id":"http:\/\/ruuby.ee\/en\/#organization","name":"Ruuby Disain O\u00dc","alternateName":"Ruuby","url":"http:\/\/ruuby.ee\/en\/","logo":{"@type":"ImageObject","inLanguage":"en-GB","@id":"http:\/\/ruuby.ee\/en\/#\/schema\/logo\/image\/","url":"http:\/\/ruuby.ee\/wp-content\/uploads\/2023\/06\/cropped-Black-White-Elegant-Circle-Signature-Fashion-Logo-12_large.png","contentUrl":"http:\/\/ruuby.ee\/wp-content\/uploads\/2023\/06\/cropped-Black-White-Elegant-Circle-Signature-Fashion-Logo-12_large.png","width":1280,"height":747,"caption":"Ruuby Disain O\u00dc"},"image":{"@id":"http:\/\/ruuby.ee\/en\/#\/schema\/logo\/image\/"},"sameAs":["https:\/\/www.facebook.com\/ruubyconcept","https:\/\/www.instagram.com\/ruuby_concept\/"]}]}},"jetpack_sharing_enabled":true,"_links":{"self":[{"href":"http:\/\/ruuby.ee\/en\/wp-json\/wp\/v2\/product\/1841111","targetHints":{"allow":["GET"]}}],"collection":[{"href":"http:\/\/ruuby.ee\/en\/wp-json\/wp\/v2\/product"}],"about":[{"href":"http:\/\/ruuby.ee\/en\/wp-json\/wp\/v2\/types\/product"}],"replies":[{"embeddable":true,"href":"http:\/\/ruuby.ee\/en\/wp-json\/wp\/v2\/comments?post=1841111"}],"wp:featuredmedia":[{"embeddable":true,"href":"http:\/\/ruuby.ee\/en\/wp-json\/wp\/v2\/media\/1841112"}],"wp:attachment":[{"href":"http:\/\/ruuby.ee\/en\/wp-json\/wp\/v2\/media?parent=1841111"}],"wp:term":[{"taxonomy":"product_brand","embeddable":true,"href":"http:\/\/ruuby.ee\/en\/wp-json\/wp\/v2\/product_brand?post=1841111"},{"taxonomy":"product_cat","embeddable":true,"href":"http:\/\/ruuby.ee\/en\/wp-json\/wp\/v2\/product_cat?post=1841111"},{"taxonomy":"product_tag","embeddable":true,"href":"http:\/\/ruuby.ee\/en\/wp-json\/wp\/v2\/product_tag?post=1841111"}],"curies":[{"name":"wp","href":"https:\/\/api.w.org\/{rel}","templated":true}]}}