{"id":1841016,"date":"2023-11-22T15:40:32","date_gmt":"2023-11-22T13:40:32","guid":{"rendered":"http:\/\/ruuby.ee\/?post_type=product&#038;p=1841016"},"modified":"2026-04-04T01:25:00","modified_gmt":"2026-04-03T22:25:00","slug":"omy-hiiglaslik-varviplakat-i-%e2%9d%a4%ef%b8%8f-winter","status":"publish","type":"product","link":"http:\/\/ruuby.ee\/en\/pood\/joulueri\/joulumeisterdused-lastele\/omy-hiiglaslik-varviplakat-i-%e2%9d%a4%ef%b8%8f-winter\/","title":{"rendered":"OMY &#8211; hiiglaslik v\u00e4rviplakat, I ?? WINTER"},"content":{"rendered":"<p>Valmistume talvehooajaks k\u00f5ige l\u00f5busamate m\u00e4gede s\u00fcdames!<\/p>\n<p>Humoorikas joon ja palju detaile, t\u00f5eline graafiline kogemus, mida jagada.\u00a0Piiramatu kunstiline ruum \u00fcksi v\u00f5i koos teistega m\u00e4ngimiseks ja v\u00e4rvimiseks, p\u00f5randal v\u00f5i laual lahtivoltimiseks, seinale riputamiseks.<\/p>\n<p>Formaati lihtne raamida.<\/p>\n<p>VANUSED 3+<\/p>\n<p>Sisu 1 plakat<br \/>\nFormaat lahtivolditult: 70 x 100 cm<br \/>\nKoostis 100% paber<br \/>\nDisainitud ja valmistatud Prantsusmaal OMY poolt<\/p>","protected":false},"excerpt":{"rendered":"<p>Valmistume talvehooajaks k\u00f5ige l\u00f5busamate m\u00e4gede s\u00fcdames! Humoorikas joon ja palju detaile, t\u00f5eline graafiline kogemus, mida jagada.\u00a0Piiramatu kunstiline ruum \u00fcksi v\u00f5i koos teistega m\u00e4ngimiseks ja v\u00e4rvimiseks, p\u00f5randal v\u00f5i laual lahtivoltimiseks, seinale riputamiseks. Formaati lihtne raamida. VANUSED 3+ Sisu 1 plakat Formaat lahtivolditult: 70 x 100 cm Koostis 100% paber Disainitud ja valmistatud Prantsusmaal OMY poolt<\/p>","protected":false},"featured_media":1841018,"comment_status":"open","ping_status":"closed","template":"","meta":[],"product_brand":[],"product_cat":[491,953,67,659],"product_tag":[],"class_list":{"0":"post-1841016","1":"product","2":"type-product","3":"status-publish","4":"has-post-thumbnail","6":"product_cat-joulueri","7":"product_cat-joulumeisterdused-lastele","8":"product_cat-meisterdamine","9":"product_cat-varviplakatid","11":"first","12":"outofstock","13":"taxable","14":"shipping-taxable","15":"purchasable","16":"product-type-simple"},"yoast_head":"<!-- This site is optimized with the Yoast SEO plugin v27.2 - https:\/\/yoast.com\/product\/yoast-seo-wordpress\/ -->\n<title>OMY - hiiglaslik v\u00e4rviplakat, I ?? WINTER - RUUBY<\/title>\n<meta name=\"robots\" content=\"index, follow, max-snippet:-1, max-image-preview:large, max-video-preview:-1\" \/>\n<link rel=\"canonical\" href=\"https:\/\/ruuby.ee\/en\/pood\/joulueri\/joulumeisterdused-lastele\/omy-hiiglaslik-varviplakat-i-\u2764\ufe0f-winter\/\" \/>\n<meta property=\"og:locale\" content=\"en_GB\" \/>\n<meta property=\"og:type\" content=\"article\" \/>\n<meta property=\"og:title\" content=\"OMY - hiiglaslik v\u00e4rviplakat, I ?? WINTER - RUUBY\" \/>\n<meta property=\"og:description\" content=\"Valmistume talvehooajaks k\u00f5ige l\u00f5busamate m\u00e4gede s\u00fcdames! Humoorikas joon ja palju detaile, t\u00f5eline graafiline kogemus, mida jagada.\u00a0Piiramatu kunstiline ruum \u00fcksi v\u00f5i koos teistega m\u00e4ngimiseks ja v\u00e4rvimiseks, p\u00f5randal v\u00f5i laual lahtivoltimiseks, seinale riputamiseks. Formaati lihtne raamida. VANUSED 3+ Sisu 1 plakat Formaat lahtivolditult: 70 x 100 cm Koostis 100% paber Disainitud ja valmistatud Prantsusmaal OMY poolt\" \/>\n<meta property=\"og:url\" content=\"https:\/\/ruuby.ee\/en\/pood\/joulueri\/joulumeisterdused-lastele\/omy-hiiglaslik-varviplakat-i-\u2764\ufe0f-winter\/\" \/>\n<meta property=\"og:site_name\" content=\"RUUBY\" \/>\n<meta property=\"article:publisher\" content=\"https:\/\/www.facebook.com\/ruubyconcept\" \/>\n<meta property=\"article:modified_time\" content=\"2026-04-03T22:25:00+00:00\" \/>\n<meta property=\"og:image\" content=\"https:\/\/ruuby.ee\/wp-content\/uploads\/2023\/11\/Screenshot-2023-11-22-at-15.40.50.png\" \/>\n\t<meta property=\"og:image:width\" content=\"1142\" \/>\n\t<meta property=\"og:image:height\" content=\"1144\" \/>\n\t<meta property=\"og:image:type\" content=\"image\/png\" \/>\n<meta name=\"twitter:card\" content=\"summary_large_image\" \/>\n<meta name=\"twitter:label1\" content=\"Estimated reading time\" \/>\n\t<meta name=\"twitter:data1\" content=\"1 minute\" \/>\n<script type=\"application\/ld+json\" class=\"yoast-schema-graph\">{\"@context\":\"https:\/\/schema.org\",\"@graph\":[{\"@type\":[\"WebPage\",\"ItemPage\"],\"@id\":\"https:\/\/ruuby.ee\/pood\/joulueri\/joulumeisterdused-lastele\/omy-hiiglaslik-varviplakat-i-%e2%9d%a4%ef%b8%8f-winter\/\",\"url\":\"https:\/\/ruuby.ee\/pood\/joulueri\/joulumeisterdused-lastele\/omy-hiiglaslik-varviplakat-i-%e2%9d%a4%ef%b8%8f-winter\/\",\"name\":\"OMY - hiiglaslik v\u00e4rviplakat, I ?? WINTER - RUUBY\",\"isPartOf\":{\"@id\":\"https:\/\/ruuby.ee\/en\/#website\"},\"primaryImageOfPage\":{\"@id\":\"https:\/\/ruuby.ee\/pood\/joulueri\/joulumeisterdused-lastele\/omy-hiiglaslik-varviplakat-i-%e2%9d%a4%ef%b8%8f-winter\/#primaryimage\"},\"image\":{\"@id\":\"https:\/\/ruuby.ee\/pood\/joulueri\/joulumeisterdused-lastele\/omy-hiiglaslik-varviplakat-i-%e2%9d%a4%ef%b8%8f-winter\/#primaryimage\"},\"thumbnailUrl\":\"http:\/\/ruuby.ee\/wp-content\/uploads\/2023\/11\/Screenshot-2023-11-22-at-15.40.50.png\",\"datePublished\":\"2023-11-22T13:40:32+00:00\",\"dateModified\":\"2026-04-03T22:25:00+00:00\",\"breadcrumb\":{\"@id\":\"https:\/\/ruuby.ee\/pood\/joulueri\/joulumeisterdused-lastele\/omy-hiiglaslik-varviplakat-i-%e2%9d%a4%ef%b8%8f-winter\/#breadcrumb\"},\"inLanguage\":\"en-GB\",\"potentialAction\":[{\"@type\":\"ReadAction\",\"target\":[\"https:\/\/ruuby.ee\/pood\/joulueri\/joulumeisterdused-lastele\/omy-hiiglaslik-varviplakat-i-%e2%9d%a4%ef%b8%8f-winter\/\"]}]},{\"@type\":\"ImageObject\",\"inLanguage\":\"en-GB\",\"@id\":\"https:\/\/ruuby.ee\/pood\/joulueri\/joulumeisterdused-lastele\/omy-hiiglaslik-varviplakat-i-%e2%9d%a4%ef%b8%8f-winter\/#primaryimage\",\"url\":\"http:\/\/ruuby.ee\/wp-content\/uploads\/2023\/11\/Screenshot-2023-11-22-at-15.40.50.png\",\"contentUrl\":\"http:\/\/ruuby.ee\/wp-content\/uploads\/2023\/11\/Screenshot-2023-11-22-at-15.40.50.png\",\"width\":1142,\"height\":1144},{\"@type\":\"BreadcrumbList\",\"@id\":\"https:\/\/ruuby.ee\/pood\/joulueri\/joulumeisterdused-lastele\/omy-hiiglaslik-varviplakat-i-%e2%9d%a4%ef%b8%8f-winter\/#breadcrumb\",\"itemListElement\":[{\"@type\":\"ListItem\",\"position\":1,\"name\":\"Kdu\",\"item\":\"https:\/\/ruuby.ee\/en\/\"},{\"@type\":\"ListItem\",\"position\":2,\"name\":\"Pood\",\"item\":\"https:\/\/ruuby.ee\/pood\/\"},{\"@type\":\"ListItem\",\"position\":3,\"name\":\"OMY &#8211; hiiglaslik v\u00e4rviplakat, I ?? WINTER\"}]},{\"@type\":\"WebSite\",\"@id\":\"https:\/\/ruuby.ee\/en\/#website\",\"url\":\"https:\/\/ruuby.ee\/en\/\",\"name\":\"RUUBY\",\"description\":\"Ruubys on \u00fchendatud elustiil ja disain\",\"publisher\":{\"@id\":\"https:\/\/ruuby.ee\/en\/#organization\"},\"alternateName\":\"Ruuby Disain\",\"potentialAction\":[{\"@type\":\"SearchAction\",\"target\":{\"@type\":\"EntryPoint\",\"urlTemplate\":\"https:\/\/ruuby.ee\/en\/?s={search_term_string}\"},\"query-input\":{\"@type\":\"PropertyValueSpecification\",\"valueRequired\":true,\"valueName\":\"search_term_string\"}}],\"inLanguage\":\"en-GB\"},{\"@type\":\"Organization\",\"@id\":\"https:\/\/ruuby.ee\/en\/#organization\",\"name\":\"Ruuby Disain O\u00dc\",\"alternateName\":\"Ruuby\",\"url\":\"https:\/\/ruuby.ee\/en\/\",\"logo\":{\"@type\":\"ImageObject\",\"inLanguage\":\"en-GB\",\"@id\":\"https:\/\/ruuby.ee\/en\/#\/schema\/logo\/image\/\",\"url\":\"http:\/\/ruuby.ee\/wp-content\/uploads\/2023\/06\/cropped-Black-White-Elegant-Circle-Signature-Fashion-Logo-12_large.png\",\"contentUrl\":\"http:\/\/ruuby.ee\/wp-content\/uploads\/2023\/06\/cropped-Black-White-Elegant-Circle-Signature-Fashion-Logo-12_large.png\",\"width\":1280,\"height\":747,\"caption\":\"Ruuby Disain O\u00dc\"},\"image\":{\"@id\":\"https:\/\/ruuby.ee\/en\/#\/schema\/logo\/image\/\"},\"sameAs\":[\"https:\/\/www.facebook.com\/ruubyconcept\",\"https:\/\/www.instagram.com\/ruuby_concept\/\"]}]}<\/script>\n<!-- \/ Yoast SEO plugin. -->","yoast_head_json":{"title":"OMY - hiiglaslik v\u00e4rviplakat, I ?? WINTER - RUUBY","robots":{"index":"index","follow":"follow","max-snippet":"max-snippet:-1","max-image-preview":"max-image-preview:large","max-video-preview":"max-video-preview:-1"},"canonical":"https:\/\/ruuby.ee\/en\/pood\/joulueri\/joulumeisterdused-lastele\/omy-hiiglaslik-varviplakat-i-\u2764\ufe0f-winter\/","og_locale":"en_GB","og_type":"article","og_title":"OMY - hiiglaslik v\u00e4rviplakat, I ?? WINTER - RUUBY","og_description":"Valmistume talvehooajaks k\u00f5ige l\u00f5busamate m\u00e4gede s\u00fcdames! Humoorikas joon ja palju detaile, t\u00f5eline graafiline kogemus, mida jagada.\u00a0Piiramatu kunstiline ruum \u00fcksi v\u00f5i koos teistega m\u00e4ngimiseks ja v\u00e4rvimiseks, p\u00f5randal v\u00f5i laual lahtivoltimiseks, seinale riputamiseks. Formaati lihtne raamida. VANUSED 3+ Sisu 1 plakat Formaat lahtivolditult: 70 x 100 cm Koostis 100% paber Disainitud ja valmistatud Prantsusmaal OMY poolt","og_url":"https:\/\/ruuby.ee\/en\/pood\/joulueri\/joulumeisterdused-lastele\/omy-hiiglaslik-varviplakat-i-\u2764\ufe0f-winter\/","og_site_name":"RUUBY","article_publisher":"https:\/\/www.facebook.com\/ruubyconcept","article_modified_time":"2026-04-03T22:25:00+00:00","og_image":[{"width":1142,"height":1144,"url":"https:\/\/ruuby.ee\/wp-content\/uploads\/2023\/11\/Screenshot-2023-11-22-at-15.40.50.png","type":"image\/png"}],"twitter_card":"summary_large_image","twitter_misc":{"Estimated reading time":"1 minute"},"schema":{"@context":"https:\/\/schema.org","@graph":[{"@type":["WebPage","ItemPage"],"@id":"https:\/\/ruuby.ee\/pood\/joulueri\/joulumeisterdused-lastele\/omy-hiiglaslik-varviplakat-i-%e2%9d%a4%ef%b8%8f-winter\/","url":"https:\/\/ruuby.ee\/pood\/joulueri\/joulumeisterdused-lastele\/omy-hiiglaslik-varviplakat-i-%e2%9d%a4%ef%b8%8f-winter\/","name":"OMY - hiiglaslik v\u00e4rviplakat, I ?? WINTER - RUUBY","isPartOf":{"@id":"https:\/\/ruuby.ee\/en\/#website"},"primaryImageOfPage":{"@id":"https:\/\/ruuby.ee\/pood\/joulueri\/joulumeisterdused-lastele\/omy-hiiglaslik-varviplakat-i-%e2%9d%a4%ef%b8%8f-winter\/#primaryimage"},"image":{"@id":"https:\/\/ruuby.ee\/pood\/joulueri\/joulumeisterdused-lastele\/omy-hiiglaslik-varviplakat-i-%e2%9d%a4%ef%b8%8f-winter\/#primaryimage"},"thumbnailUrl":"http:\/\/ruuby.ee\/wp-content\/uploads\/2023\/11\/Screenshot-2023-11-22-at-15.40.50.png","datePublished":"2023-11-22T13:40:32+00:00","dateModified":"2026-04-03T22:25:00+00:00","breadcrumb":{"@id":"https:\/\/ruuby.ee\/pood\/joulueri\/joulumeisterdused-lastele\/omy-hiiglaslik-varviplakat-i-%e2%9d%a4%ef%b8%8f-winter\/#breadcrumb"},"inLanguage":"en-GB","potentialAction":[{"@type":"ReadAction","target":["https:\/\/ruuby.ee\/pood\/joulueri\/joulumeisterdused-lastele\/omy-hiiglaslik-varviplakat-i-%e2%9d%a4%ef%b8%8f-winter\/"]}]},{"@type":"ImageObject","inLanguage":"en-GB","@id":"https:\/\/ruuby.ee\/pood\/joulueri\/joulumeisterdused-lastele\/omy-hiiglaslik-varviplakat-i-%e2%9d%a4%ef%b8%8f-winter\/#primaryimage","url":"http:\/\/ruuby.ee\/wp-content\/uploads\/2023\/11\/Screenshot-2023-11-22-at-15.40.50.png","contentUrl":"http:\/\/ruuby.ee\/wp-content\/uploads\/2023\/11\/Screenshot-2023-11-22-at-15.40.50.png","width":1142,"height":1144},{"@type":"BreadcrumbList","@id":"https:\/\/ruuby.ee\/pood\/joulueri\/joulumeisterdused-lastele\/omy-hiiglaslik-varviplakat-i-%e2%9d%a4%ef%b8%8f-winter\/#breadcrumb","itemListElement":[{"@type":"ListItem","position":1,"name":"Kdu","item":"https:\/\/ruuby.ee\/en\/"},{"@type":"ListItem","position":2,"name":"Pood","item":"https:\/\/ruuby.ee\/pood\/"},{"@type":"ListItem","position":3,"name":"OMY &#8211; hiiglaslik v\u00e4rviplakat, I ?? WINTER"}]},{"@type":"WebSite","@id":"https:\/\/ruuby.ee\/en\/#website","url":"https:\/\/ruuby.ee\/en\/","name":"RUUBY","description":"Ruubys on \u00fchendatud elustiil ja disain","publisher":{"@id":"https:\/\/ruuby.ee\/en\/#organization"},"alternateName":"Ruuby Disain","potentialAction":[{"@type":"SearchAction","target":{"@type":"EntryPoint","urlTemplate":"https:\/\/ruuby.ee\/en\/?s={search_term_string}"},"query-input":{"@type":"PropertyValueSpecification","valueRequired":true,"valueName":"search_term_string"}}],"inLanguage":"en-GB"},{"@type":"Organization","@id":"https:\/\/ruuby.ee\/en\/#organization","name":"Ruuby Disain O\u00dc","alternateName":"Ruuby","url":"https:\/\/ruuby.ee\/en\/","logo":{"@type":"ImageObject","inLanguage":"en-GB","@id":"https:\/\/ruuby.ee\/en\/#\/schema\/logo\/image\/","url":"http:\/\/ruuby.ee\/wp-content\/uploads\/2023\/06\/cropped-Black-White-Elegant-Circle-Signature-Fashion-Logo-12_large.png","contentUrl":"http:\/\/ruuby.ee\/wp-content\/uploads\/2023\/06\/cropped-Black-White-Elegant-Circle-Signature-Fashion-Logo-12_large.png","width":1280,"height":747,"caption":"Ruuby Disain O\u00dc"},"image":{"@id":"https:\/\/ruuby.ee\/en\/#\/schema\/logo\/image\/"},"sameAs":["https:\/\/www.facebook.com\/ruubyconcept","https:\/\/www.instagram.com\/ruuby_concept\/"]}]}},"jetpack_sharing_enabled":true,"_links":{"self":[{"href":"http:\/\/ruuby.ee\/en\/wp-json\/wp\/v2\/product\/1841016","targetHints":{"allow":["GET"]}}],"collection":[{"href":"http:\/\/ruuby.ee\/en\/wp-json\/wp\/v2\/product"}],"about":[{"href":"http:\/\/ruuby.ee\/en\/wp-json\/wp\/v2\/types\/product"}],"replies":[{"embeddable":true,"href":"http:\/\/ruuby.ee\/en\/wp-json\/wp\/v2\/comments?post=1841016"}],"wp:featuredmedia":[{"embeddable":true,"href":"http:\/\/ruuby.ee\/en\/wp-json\/wp\/v2\/media\/1841018"}],"wp:attachment":[{"href":"http:\/\/ruuby.ee\/en\/wp-json\/wp\/v2\/media?parent=1841016"}],"wp:term":[{"taxonomy":"product_brand","embeddable":true,"href":"http:\/\/ruuby.ee\/en\/wp-json\/wp\/v2\/product_brand?post=1841016"},{"taxonomy":"product_cat","embeddable":true,"href":"http:\/\/ruuby.ee\/en\/wp-json\/wp\/v2\/product_cat?post=1841016"},{"taxonomy":"product_tag","embeddable":true,"href":"http:\/\/ruuby.ee\/en\/wp-json\/wp\/v2\/product_tag?post=1841016"}],"curies":[{"name":"wp","href":"https:\/\/api.w.org\/{rel}","templated":true}]}}