{"id":1841009,"date":"2023-11-22T14:42:58","date_gmt":"2023-11-22T12:42:58","guid":{"rendered":"http:\/\/ruuby.ee\/?post_type=product&#038;p=1841009"},"modified":"2026-04-08T01:28:37","modified_gmt":"2026-04-07T22:28:37","slug":"omy-sametised-varvilehed-dino","status":"publish","type":"product","link":"http:\/\/ruuby.ee\/en\/pood\/lapsed\/meisterdamine\/sametised-varvilehed\/omy-sametised-varvilehed-dino\/","title":{"rendered":"OMY &#8211; sametised v\u00e4rvilehed, Dino"},"content":{"rendered":"<p>Tere tulemast OMY Maisoni maagilisse maailma, kus looming ja l\u00f5bu kohtuvad meie uue tootega &#8211; sametised v\u00e4rvilehed!<\/p>\n<p>\u00d5ppige pehmete sametv\u00e4rvimislehtedega l\u00f5butsedes!<\/p>\n<p>Tulge avastage dinosauruste maailma l\u00e4bi nende kuue sametmaali ja v\u00e4rvige!\u00a0Lihtne ja l\u00f5bus samet aitab v\u00e4ikseid v\u00e4rve juhtida, ilma et peaksite liialdama.\u00a0Ideaalne osavuse ja loovuse arendamiseks.<\/p>\n<p>\u00d5ppimine ei ole kunagi olnud nii l\u00f5bus ja nauditav! Meie pehmed sametv\u00e4rvimislehed pakuvad ideaalset platvormi v\u00e4ikestele kunstnikele, et avastada DINO maailma. Siin on m\u00f5ned p\u00f5hjused, miks need lehed on teie laste j\u00e4rgmine lemmik:<\/p>\n<p><strong>L\u00f5bu ja fantaasia \u00fchildus:<\/strong><\/p>\n<p>Kutsuge oma lapsed avastama Kawaii universumit, kus iga v\u00e4rvilise pildi taga peitub l\u00f5bus ja fantaasiarikas maailm. Tassikook, vikerkaar ja armsad kassipojad on vaid algus &#8211; igal lehel avaneb uus seiklus!<\/p>\n<p><strong>6 Sametist V\u00e4rvimispilti<\/strong><\/p>\n<p>Pakkudes mitmekesisust ja loomingulisust, sisaldab komplekt 6 sametist v\u00e4rvimispilti, mis stimuleerivad laste kujutlusv\u00f5imet. Olgu see siis v\u00e4rviline p\u00e4ikeseloojang v\u00f5i l\u00f5busad loomad, igal lehel on midagi erilist.<\/p>\n<p><strong>Lihtne ja L\u00f5bus Samet<\/strong><\/p>\n<p>Meie sametised v\u00e4rvilehed muudavad v\u00e4rvimise lihtsaks ja l\u00f5busaks. V\u00e4rvimine k\u00e4ib kergelt ning sametine pind tagab, et laps saab nautida iga hetke ilma \u00fcle v\u00e4rvi minemata. See on ideaalne viis arendada nii osavust kui ka loovust!<\/p>\n<p><strong>Ideaalne osavuse ja loovuse arendamiseks<\/strong><\/p>\n<p>Oleme loonud need v\u00e4rvilehed, et toetada teie lapse arengut. V\u00e4rvimine mitte ainult ei arenda peenmotoorikat, vaid julgustab ka loovust ja enesev\u00e4ljendust. Laske lastel v\u00e4ljendada oma unistusi l\u00e4bi v\u00e4rvide!<\/p>\n<p>Tule ja liitu meiega OMY Maisoni perekonnas, kus l\u00f5bu ja \u00f5ppimine k\u00e4ivad k\u00e4sik\u00e4es. Meie sametised v\u00e4rvilehed on suurep\u00e4rane kingitus v\u00e4ikestele kunstnikele, tuues nende ellu rohkelt naeru, fantaasiat ja v\u00e4rvir\u00f5\u00f5mu.<\/p>\n<p>Komplekti kuulub 6 lehte.<br \/>\nM\u00f5\u00f5dud 22 x 24 cm<br \/>\nKoostis 100% sametise viimistlusega paber<\/p>","protected":false},"excerpt":{"rendered":"<p>Tere tulemast OMY Maisoni maagilisse maailma, kus looming ja l\u00f5bu kohtuvad meie uue tootega &#8211; sametised v\u00e4rvilehed! \u00d5ppige pehmete sametv\u00e4rvimislehtedega l\u00f5butsedes! Tulge avastage dinosauruste maailma l\u00e4bi nende kuue sametmaali ja v\u00e4rvige!\u00a0Lihtne ja l\u00f5bus samet aitab v\u00e4ikseid v\u00e4rve juhtida, ilma et peaksite liialdama.\u00a0Ideaalne osavuse ja loovuse arendamiseks. \u00d5ppimine ei ole kunagi olnud nii l\u00f5bus ja nauditav! [&hellip;]<\/p>\n","protected":false},"featured_media":1841011,"comment_status":"open","ping_status":"closed","template":"","meta":[],"product_brand":[],"product_cat":[22,67,678],"product_tag":[],"class_list":{"0":"post-1841009","1":"product","2":"type-product","3":"status-publish","4":"has-post-thumbnail","6":"product_cat-lapsed","7":"product_cat-meisterdamine","8":"product_cat-sametised-varvilehed","10":"first","11":"instock","12":"taxable","13":"shipping-taxable","14":"purchasable","15":"product-type-simple"},"yoast_head":"<!-- This site is optimized with the Yoast SEO plugin v27.3 - https:\/\/yoast.com\/product\/yoast-seo-wordpress\/ -->\n<title>OMY - sametised v\u00e4rvilehed, Dino - RUUBY<\/title>\n<meta name=\"robots\" content=\"index, follow, max-snippet:-1, max-image-preview:large, max-video-preview:-1\" \/>\n<link rel=\"canonical\" href=\"https:\/\/ruuby.ee\/en\/pood\/lapsed\/meisterdamine\/sametised-varvilehed\/omy-sametised-varvilehed-dino\/\" \/>\n<meta property=\"og:locale\" content=\"en_GB\" \/>\n<meta property=\"og:type\" content=\"article\" \/>\n<meta property=\"og:title\" content=\"OMY - sametised v\u00e4rvilehed, Dino - RUUBY\" \/>\n<meta property=\"og:description\" content=\"Tere tulemast OMY Maisoni maagilisse maailma, kus looming ja l\u00f5bu kohtuvad meie uue tootega &#8211; sametised v\u00e4rvilehed! \u00d5ppige pehmete sametv\u00e4rvimislehtedega l\u00f5butsedes! Tulge avastage dinosauruste maailma l\u00e4bi nende kuue sametmaali ja v\u00e4rvige!\u00a0Lihtne ja l\u00f5bus samet aitab v\u00e4ikseid v\u00e4rve juhtida, ilma et peaksite liialdama.\u00a0Ideaalne osavuse ja loovuse arendamiseks. \u00d5ppimine ei ole kunagi olnud nii l\u00f5bus ja nauditav! [&hellip;]\" \/>\n<meta property=\"og:url\" content=\"https:\/\/ruuby.ee\/en\/pood\/lapsed\/meisterdamine\/sametised-varvilehed\/omy-sametised-varvilehed-dino\/\" \/>\n<meta property=\"og:site_name\" content=\"RUUBY\" \/>\n<meta property=\"article:publisher\" content=\"https:\/\/www.facebook.com\/ruubyconcept\" \/>\n<meta property=\"article:modified_time\" content=\"2026-04-07T22:28:37+00:00\" \/>\n<meta property=\"og:image\" content=\"https:\/\/ruuby.ee\/wp-content\/uploads\/2023\/11\/Screenshot-2023-11-22-at-14.43.31.png\" \/>\n\t<meta property=\"og:image:width\" content=\"1034\" \/>\n\t<meta property=\"og:image:height\" content=\"1032\" \/>\n\t<meta property=\"og:image:type\" content=\"image\/png\" \/>\n<meta name=\"twitter:card\" content=\"summary_large_image\" \/>\n<meta name=\"twitter:label1\" content=\"Estimated reading time\" \/>\n\t<meta name=\"twitter:data1\" content=\"2 minutes\" \/>\n<script type=\"application\/ld+json\" class=\"yoast-schema-graph\">{\"@context\":\"https:\\\/\\\/schema.org\",\"@graph\":[{\"@type\":[\"WebPage\",\"ItemPage\"],\"@id\":\"https:\\\/\\\/ruuby.ee\\\/pood\\\/lapsed\\\/meisterdamine\\\/sametised-varvilehed\\\/omy-sametised-varvilehed-dino\\\/\",\"url\":\"https:\\\/\\\/ruuby.ee\\\/pood\\\/lapsed\\\/meisterdamine\\\/sametised-varvilehed\\\/omy-sametised-varvilehed-dino\\\/\",\"name\":\"OMY - sametised v\u00e4rvilehed, Dino - RUUBY\",\"isPartOf\":{\"@id\":\"https:\\\/\\\/ruuby.ee\\\/en\\\/#website\"},\"primaryImageOfPage\":{\"@id\":\"https:\\\/\\\/ruuby.ee\\\/pood\\\/lapsed\\\/meisterdamine\\\/sametised-varvilehed\\\/omy-sametised-varvilehed-dino\\\/#primaryimage\"},\"image\":{\"@id\":\"https:\\\/\\\/ruuby.ee\\\/pood\\\/lapsed\\\/meisterdamine\\\/sametised-varvilehed\\\/omy-sametised-varvilehed-dino\\\/#primaryimage\"},\"thumbnailUrl\":\"http:\\\/\\\/ruuby.ee\\\/wp-content\\\/uploads\\\/2023\\\/11\\\/Screenshot-2023-11-22-at-14.43.31.png\",\"datePublished\":\"2023-11-22T12:42:58+00:00\",\"dateModified\":\"2026-04-07T22:28:37+00:00\",\"breadcrumb\":{\"@id\":\"https:\\\/\\\/ruuby.ee\\\/pood\\\/lapsed\\\/meisterdamine\\\/sametised-varvilehed\\\/omy-sametised-varvilehed-dino\\\/#breadcrumb\"},\"inLanguage\":\"en-GB\",\"potentialAction\":[{\"@type\":\"ReadAction\",\"target\":[\"https:\\\/\\\/ruuby.ee\\\/pood\\\/lapsed\\\/meisterdamine\\\/sametised-varvilehed\\\/omy-sametised-varvilehed-dino\\\/\"]}]},{\"@type\":\"ImageObject\",\"inLanguage\":\"en-GB\",\"@id\":\"https:\\\/\\\/ruuby.ee\\\/pood\\\/lapsed\\\/meisterdamine\\\/sametised-varvilehed\\\/omy-sametised-varvilehed-dino\\\/#primaryimage\",\"url\":\"http:\\\/\\\/ruuby.ee\\\/wp-content\\\/uploads\\\/2023\\\/11\\\/Screenshot-2023-11-22-at-14.43.31.png\",\"contentUrl\":\"http:\\\/\\\/ruuby.ee\\\/wp-content\\\/uploads\\\/2023\\\/11\\\/Screenshot-2023-11-22-at-14.43.31.png\",\"width\":1034,\"height\":1032},{\"@type\":\"BreadcrumbList\",\"@id\":\"https:\\\/\\\/ruuby.ee\\\/pood\\\/lapsed\\\/meisterdamine\\\/sametised-varvilehed\\\/omy-sametised-varvilehed-dino\\\/#breadcrumb\",\"itemListElement\":[{\"@type\":\"ListItem\",\"position\":1,\"name\":\"Kdu\",\"item\":\"https:\\\/\\\/ruuby.ee\\\/en\\\/\"},{\"@type\":\"ListItem\",\"position\":2,\"name\":\"Pood\",\"item\":\"https:\\\/\\\/ruuby.ee\\\/en\\\/pood\\\/\"},{\"@type\":\"ListItem\",\"position\":3,\"name\":\"OMY &#8211; sametised v\u00e4rvilehed, Dino\"}]},{\"@type\":\"WebSite\",\"@id\":\"https:\\\/\\\/ruuby.ee\\\/en\\\/#website\",\"url\":\"https:\\\/\\\/ruuby.ee\\\/en\\\/\",\"name\":\"RUUBY\",\"description\":\"Ruubys on \u00fchendatud elustiil ja disain\",\"publisher\":{\"@id\":\"https:\\\/\\\/ruuby.ee\\\/en\\\/#organization\"},\"alternateName\":\"Ruuby Disain\",\"potentialAction\":[{\"@type\":\"SearchAction\",\"target\":{\"@type\":\"EntryPoint\",\"urlTemplate\":\"https:\\\/\\\/ruuby.ee\\\/en\\\/?s={search_term_string}\"},\"query-input\":{\"@type\":\"PropertyValueSpecification\",\"valueRequired\":true,\"valueName\":\"search_term_string\"}}],\"inLanguage\":\"en-GB\"},{\"@type\":\"Organization\",\"@id\":\"https:\\\/\\\/ruuby.ee\\\/en\\\/#organization\",\"name\":\"Ruuby Disain O\u00dc\",\"alternateName\":\"Ruuby\",\"url\":\"https:\\\/\\\/ruuby.ee\\\/en\\\/\",\"logo\":{\"@type\":\"ImageObject\",\"inLanguage\":\"en-GB\",\"@id\":\"https:\\\/\\\/ruuby.ee\\\/en\\\/#\\\/schema\\\/logo\\\/image\\\/\",\"url\":\"http:\\\/\\\/ruuby.ee\\\/wp-content\\\/uploads\\\/2023\\\/06\\\/cropped-Black-White-Elegant-Circle-Signature-Fashion-Logo-12_large.png\",\"contentUrl\":\"http:\\\/\\\/ruuby.ee\\\/wp-content\\\/uploads\\\/2023\\\/06\\\/cropped-Black-White-Elegant-Circle-Signature-Fashion-Logo-12_large.png\",\"width\":1280,\"height\":747,\"caption\":\"Ruuby Disain O\u00dc\"},\"image\":{\"@id\":\"https:\\\/\\\/ruuby.ee\\\/en\\\/#\\\/schema\\\/logo\\\/image\\\/\"},\"sameAs\":[\"https:\\\/\\\/www.facebook.com\\\/ruubyconcept\",\"https:\\\/\\\/www.instagram.com\\\/ruuby_concept\\\/\"]}]}<\/script>\n<!-- \/ Yoast SEO plugin. -->","yoast_head_json":{"title":"OMY - sametised v\u00e4rvilehed, Dino - RUUBY","robots":{"index":"index","follow":"follow","max-snippet":"max-snippet:-1","max-image-preview":"max-image-preview:large","max-video-preview":"max-video-preview:-1"},"canonical":"https:\/\/ruuby.ee\/en\/pood\/lapsed\/meisterdamine\/sametised-varvilehed\/omy-sametised-varvilehed-dino\/","og_locale":"en_GB","og_type":"article","og_title":"OMY - sametised v\u00e4rvilehed, Dino - RUUBY","og_description":"Tere tulemast OMY Maisoni maagilisse maailma, kus looming ja l\u00f5bu kohtuvad meie uue tootega &#8211; sametised v\u00e4rvilehed! \u00d5ppige pehmete sametv\u00e4rvimislehtedega l\u00f5butsedes! Tulge avastage dinosauruste maailma l\u00e4bi nende kuue sametmaali ja v\u00e4rvige!\u00a0Lihtne ja l\u00f5bus samet aitab v\u00e4ikseid v\u00e4rve juhtida, ilma et peaksite liialdama.\u00a0Ideaalne osavuse ja loovuse arendamiseks. \u00d5ppimine ei ole kunagi olnud nii l\u00f5bus ja nauditav! [&hellip;]","og_url":"https:\/\/ruuby.ee\/en\/pood\/lapsed\/meisterdamine\/sametised-varvilehed\/omy-sametised-varvilehed-dino\/","og_site_name":"RUUBY","article_publisher":"https:\/\/www.facebook.com\/ruubyconcept","article_modified_time":"2026-04-07T22:28:37+00:00","og_image":[{"width":1034,"height":1032,"url":"https:\/\/ruuby.ee\/wp-content\/uploads\/2023\/11\/Screenshot-2023-11-22-at-14.43.31.png","type":"image\/png"}],"twitter_card":"summary_large_image","twitter_misc":{"Estimated reading time":"2 minutes"},"schema":{"@context":"https:\/\/schema.org","@graph":[{"@type":["WebPage","ItemPage"],"@id":"https:\/\/ruuby.ee\/pood\/lapsed\/meisterdamine\/sametised-varvilehed\/omy-sametised-varvilehed-dino\/","url":"https:\/\/ruuby.ee\/pood\/lapsed\/meisterdamine\/sametised-varvilehed\/omy-sametised-varvilehed-dino\/","name":"OMY - sametised v\u00e4rvilehed, Dino - RUUBY","isPartOf":{"@id":"https:\/\/ruuby.ee\/en\/#website"},"primaryImageOfPage":{"@id":"https:\/\/ruuby.ee\/pood\/lapsed\/meisterdamine\/sametised-varvilehed\/omy-sametised-varvilehed-dino\/#primaryimage"},"image":{"@id":"https:\/\/ruuby.ee\/pood\/lapsed\/meisterdamine\/sametised-varvilehed\/omy-sametised-varvilehed-dino\/#primaryimage"},"thumbnailUrl":"http:\/\/ruuby.ee\/wp-content\/uploads\/2023\/11\/Screenshot-2023-11-22-at-14.43.31.png","datePublished":"2023-11-22T12:42:58+00:00","dateModified":"2026-04-07T22:28:37+00:00","breadcrumb":{"@id":"https:\/\/ruuby.ee\/pood\/lapsed\/meisterdamine\/sametised-varvilehed\/omy-sametised-varvilehed-dino\/#breadcrumb"},"inLanguage":"en-GB","potentialAction":[{"@type":"ReadAction","target":["https:\/\/ruuby.ee\/pood\/lapsed\/meisterdamine\/sametised-varvilehed\/omy-sametised-varvilehed-dino\/"]}]},{"@type":"ImageObject","inLanguage":"en-GB","@id":"https:\/\/ruuby.ee\/pood\/lapsed\/meisterdamine\/sametised-varvilehed\/omy-sametised-varvilehed-dino\/#primaryimage","url":"http:\/\/ruuby.ee\/wp-content\/uploads\/2023\/11\/Screenshot-2023-11-22-at-14.43.31.png","contentUrl":"http:\/\/ruuby.ee\/wp-content\/uploads\/2023\/11\/Screenshot-2023-11-22-at-14.43.31.png","width":1034,"height":1032},{"@type":"BreadcrumbList","@id":"https:\/\/ruuby.ee\/pood\/lapsed\/meisterdamine\/sametised-varvilehed\/omy-sametised-varvilehed-dino\/#breadcrumb","itemListElement":[{"@type":"ListItem","position":1,"name":"Kdu","item":"https:\/\/ruuby.ee\/en\/"},{"@type":"ListItem","position":2,"name":"Pood","item":"https:\/\/ruuby.ee\/en\/pood\/"},{"@type":"ListItem","position":3,"name":"OMY &#8211; sametised v\u00e4rvilehed, Dino"}]},{"@type":"WebSite","@id":"https:\/\/ruuby.ee\/en\/#website","url":"https:\/\/ruuby.ee\/en\/","name":"RUUBY","description":"Ruubys on \u00fchendatud elustiil ja disain","publisher":{"@id":"https:\/\/ruuby.ee\/en\/#organization"},"alternateName":"Ruuby Disain","potentialAction":[{"@type":"SearchAction","target":{"@type":"EntryPoint","urlTemplate":"https:\/\/ruuby.ee\/en\/?s={search_term_string}"},"query-input":{"@type":"PropertyValueSpecification","valueRequired":true,"valueName":"search_term_string"}}],"inLanguage":"en-GB"},{"@type":"Organization","@id":"https:\/\/ruuby.ee\/en\/#organization","name":"Ruuby Disain O\u00dc","alternateName":"Ruuby","url":"https:\/\/ruuby.ee\/en\/","logo":{"@type":"ImageObject","inLanguage":"en-GB","@id":"https:\/\/ruuby.ee\/en\/#\/schema\/logo\/image\/","url":"http:\/\/ruuby.ee\/wp-content\/uploads\/2023\/06\/cropped-Black-White-Elegant-Circle-Signature-Fashion-Logo-12_large.png","contentUrl":"http:\/\/ruuby.ee\/wp-content\/uploads\/2023\/06\/cropped-Black-White-Elegant-Circle-Signature-Fashion-Logo-12_large.png","width":1280,"height":747,"caption":"Ruuby Disain O\u00dc"},"image":{"@id":"https:\/\/ruuby.ee\/en\/#\/schema\/logo\/image\/"},"sameAs":["https:\/\/www.facebook.com\/ruubyconcept","https:\/\/www.instagram.com\/ruuby_concept\/"]}]}},"jetpack_sharing_enabled":true,"_links":{"self":[{"href":"http:\/\/ruuby.ee\/en\/wp-json\/wp\/v2\/product\/1841009","targetHints":{"allow":["GET"]}}],"collection":[{"href":"http:\/\/ruuby.ee\/en\/wp-json\/wp\/v2\/product"}],"about":[{"href":"http:\/\/ruuby.ee\/en\/wp-json\/wp\/v2\/types\/product"}],"replies":[{"embeddable":true,"href":"http:\/\/ruuby.ee\/en\/wp-json\/wp\/v2\/comments?post=1841009"}],"wp:featuredmedia":[{"embeddable":true,"href":"http:\/\/ruuby.ee\/en\/wp-json\/wp\/v2\/media\/1841011"}],"wp:attachment":[{"href":"http:\/\/ruuby.ee\/en\/wp-json\/wp\/v2\/media?parent=1841009"}],"wp:term":[{"taxonomy":"product_brand","embeddable":true,"href":"http:\/\/ruuby.ee\/en\/wp-json\/wp\/v2\/product_brand?post=1841009"},{"taxonomy":"product_cat","embeddable":true,"href":"http:\/\/ruuby.ee\/en\/wp-json\/wp\/v2\/product_cat?post=1841009"},{"taxonomy":"product_tag","embeddable":true,"href":"http:\/\/ruuby.ee\/en\/wp-json\/wp\/v2\/product_tag?post=1841009"}],"curies":[{"name":"wp","href":"https:\/\/api.w.org\/{rel}","templated":true}]}}