{"id":1840974,"date":"2023-11-21T13:41:44","date_gmt":"2023-11-21T11:41:44","guid":{"rendered":"http:\/\/ruuby.ee\/?post_type=product&#038;p=1840974"},"modified":"2026-04-08T01:28:37","modified_gmt":"2026-04-07T22:28:37","slug":"toot-looduslik-posepuna-peachy-parrot","status":"publish","type":"product","link":"http:\/\/ruuby.ee\/en\/pood\/lapsed\/laste-kosmeetika\/nagu\/toot-looduslik-posepuna-peachy-parrot\/","title":{"rendered":"TOOT! &#8211; Looduslik p\u00f5sepuna \u2013 Peachy Parrot"},"content":{"rendered":"<p>Kas otsite p\u00f5sepuna, millega teie laps saaks metsikuks minna? Peachy Parrotiga saad muretult jumestamist katsetada! \ud83e\udd9c\ud83e\udd9c\ud83e\udd9c<\/p>\n<p>TOOT! Peachy Parrot naturaalne mineraalkosmeetika on t\u00f5eline p\u00f5sepuna pehmes virsikuv\u00e4rvis, kuid ilma ebameeldivate koostisosadeta. See teeb \u00f5nnelikuks mitte ainult lapsed ja teismelised, vaid ka vanemad!<\/p>\n<ul>\n<li>Looduslik ja vegan<\/li>\n<li>Nahas\u00f5bralik<\/li>\n<li>Julmuse vaba<\/li>\n<li>Valmistatud ilma gluteeni ja mikroplastideta<\/li>\n<li>L\u00f5hnavaba<\/li>\n<li>Hea kingitus!<\/li>\n<\/ul>\n<p>Kaal: 3,0 grammi<br \/>\nTehtud Itaalias<br \/>\nM\u00f5\u00f5dud: 7,5 x 7,5 x 1 cm<\/p>\n<p>Sobib eriti h\u00e4sti t\u00fcdrukutele ja poistele vanuses 4-99 aastat.<\/p>\n<p>&nbsp;<\/p>\n<p>Miks on tooted, millega lapsed ja teismelised saavad katsetada, sageli t\u00e4is mitte s\u00f5bralikke koostisosi? See peaks muutuma!<\/p>\n<p>TOOTis! meile meeldib anda lastele ja teismelistele ruumi end vabalt v\u00e4ljendada ja muretult katsetada, teades, et nende naha eest hoolitsetakse samal ajal. K\u00f5ik meie tooted sisaldavad v\u00f5imalikult v\u00e4he koostisosi ja ainult neid koostisosi, mis sobivad eriti h\u00e4sti tundlikule (laste) nahale.<\/p>","protected":false},"excerpt":{"rendered":"<p>Kas otsite p\u00f5sepuna, millega teie laps saaks metsikuks minna? Peachy Parrotiga saad muretult jumestamist katsetada! \ud83e\udd9c\ud83e\udd9c\ud83e\udd9c TOOT! Peachy Parrot naturaalne mineraalkosmeetika on t\u00f5eline p\u00f5sepuna pehmes virsikuv\u00e4rvis, kuid ilma ebameeldivate koostisosadeta. See teeb \u00f5nnelikuks mitte ainult lapsed ja teismelised, vaid ka vanemad! Looduslik ja vegan Nahas\u00f5bralik Julmuse vaba Valmistatud ilma gluteeni ja mikroplastideta L\u00f5hnavaba Hea kingitus! [&hellip;]<\/p>\n","protected":false},"featured_media":1848722,"comment_status":"open","ping_status":"closed","template":"","meta":[],"product_brand":[],"product_cat":[344,667],"product_tag":[],"class_list":{"0":"post-1840974","1":"product","2":"type-product","3":"status-publish","4":"has-post-thumbnail","6":"product_cat-laste-kosmeetika","7":"product_cat-nagu","9":"first","10":"instock","11":"taxable","12":"shipping-taxable","13":"purchasable","14":"product-type-simple"},"yoast_head":"<!-- This site is optimized with the Yoast SEO plugin v27.3 - https:\/\/yoast.com\/product\/yoast-seo-wordpress\/ -->\n<title>TOOT! - Looduslik p\u00f5sepuna \u2013 Peachy Parrot - RUUBY<\/title>\n<meta name=\"robots\" content=\"index, follow, max-snippet:-1, max-image-preview:large, max-video-preview:-1\" \/>\n<link rel=\"canonical\" href=\"https:\/\/ruuby.ee\/en\/pood\/lapsed\/laste-kosmeetika\/nagu\/toot-looduslik-posepuna-peachy-parrot\/\" \/>\n<meta property=\"og:locale\" content=\"en_GB\" \/>\n<meta property=\"og:type\" content=\"article\" \/>\n<meta property=\"og:title\" content=\"TOOT! - Looduslik p\u00f5sepuna \u2013 Peachy Parrot - RUUBY\" \/>\n<meta property=\"og:description\" content=\"Kas otsite p\u00f5sepuna, millega teie laps saaks metsikuks minna? Peachy Parrotiga saad muretult jumestamist katsetada! \ud83e\udd9c\ud83e\udd9c\ud83e\udd9c TOOT! Peachy Parrot naturaalne mineraalkosmeetika on t\u00f5eline p\u00f5sepuna pehmes virsikuv\u00e4rvis, kuid ilma ebameeldivate koostisosadeta. See teeb \u00f5nnelikuks mitte ainult lapsed ja teismelised, vaid ka vanemad! Looduslik ja vegan Nahas\u00f5bralik Julmuse vaba Valmistatud ilma gluteeni ja mikroplastideta L\u00f5hnavaba Hea kingitus! [&hellip;]\" \/>\n<meta property=\"og:url\" content=\"https:\/\/ruuby.ee\/en\/pood\/lapsed\/laste-kosmeetika\/nagu\/toot-looduslik-posepuna-peachy-parrot\/\" \/>\n<meta property=\"og:site_name\" content=\"RUUBY\" \/>\n<meta property=\"article:publisher\" content=\"https:\/\/www.facebook.com\/ruubyconcept\" \/>\n<meta property=\"article:modified_time\" content=\"2026-04-07T22:28:37+00:00\" \/>\n<meta property=\"og:image\" content=\"https:\/\/ruuby.ee\/wp-content\/uploads\/2023\/11\/Screenshot-2024-09-14-at-14.22.16.png\" \/>\n\t<meta property=\"og:image:width\" content=\"1680\" \/>\n\t<meta property=\"og:image:height\" content=\"1284\" \/>\n\t<meta property=\"og:image:type\" content=\"image\/png\" \/>\n<meta name=\"twitter:card\" content=\"summary_large_image\" \/>\n<meta name=\"twitter:label1\" content=\"Estimated reading time\" \/>\n\t<meta name=\"twitter:data1\" content=\"1 minute\" \/>\n<script type=\"application\/ld+json\" class=\"yoast-schema-graph\">{\"@context\":\"https:\\\/\\\/schema.org\",\"@graph\":[{\"@type\":[\"WebPage\",\"ItemPage\"],\"@id\":\"https:\\\/\\\/ruuby.ee\\\/en\\\/pood\\\/lapsed\\\/laste-kosmeetika\\\/nagu\\\/toot-looduslik-posepuna-peachy-parrot\\\/\",\"url\":\"https:\\\/\\\/ruuby.ee\\\/en\\\/pood\\\/lapsed\\\/laste-kosmeetika\\\/nagu\\\/toot-looduslik-posepuna-peachy-parrot\\\/\",\"name\":\"TOOT! - Looduslik p\u00f5sepuna \u2013 Peachy Parrot - RUUBY\",\"isPartOf\":{\"@id\":\"http:\\\/\\\/ruuby.ee\\\/en\\\/#website\"},\"primaryImageOfPage\":{\"@id\":\"https:\\\/\\\/ruuby.ee\\\/en\\\/pood\\\/lapsed\\\/laste-kosmeetika\\\/nagu\\\/toot-looduslik-posepuna-peachy-parrot\\\/#primaryimage\"},\"image\":{\"@id\":\"https:\\\/\\\/ruuby.ee\\\/en\\\/pood\\\/lapsed\\\/laste-kosmeetika\\\/nagu\\\/toot-looduslik-posepuna-peachy-parrot\\\/#primaryimage\"},\"thumbnailUrl\":\"http:\\\/\\\/ruuby.ee\\\/wp-content\\\/uploads\\\/2023\\\/11\\\/Screenshot-2024-09-14-at-14.22.16.png\",\"datePublished\":\"2023-11-21T11:41:44+00:00\",\"dateModified\":\"2026-04-07T22:28:37+00:00\",\"breadcrumb\":{\"@id\":\"https:\\\/\\\/ruuby.ee\\\/en\\\/pood\\\/lapsed\\\/laste-kosmeetika\\\/nagu\\\/toot-looduslik-posepuna-peachy-parrot\\\/#breadcrumb\"},\"inLanguage\":\"en-GB\",\"potentialAction\":[{\"@type\":\"ReadAction\",\"target\":[\"https:\\\/\\\/ruuby.ee\\\/en\\\/pood\\\/lapsed\\\/laste-kosmeetika\\\/nagu\\\/toot-looduslik-posepuna-peachy-parrot\\\/\"]}]},{\"@type\":\"ImageObject\",\"inLanguage\":\"en-GB\",\"@id\":\"https:\\\/\\\/ruuby.ee\\\/en\\\/pood\\\/lapsed\\\/laste-kosmeetika\\\/nagu\\\/toot-looduslik-posepuna-peachy-parrot\\\/#primaryimage\",\"url\":\"http:\\\/\\\/ruuby.ee\\\/wp-content\\\/uploads\\\/2023\\\/11\\\/Screenshot-2024-09-14-at-14.22.16.png\",\"contentUrl\":\"http:\\\/\\\/ruuby.ee\\\/wp-content\\\/uploads\\\/2023\\\/11\\\/Screenshot-2024-09-14-at-14.22.16.png\",\"width\":1680,\"height\":1284},{\"@type\":\"BreadcrumbList\",\"@id\":\"https:\\\/\\\/ruuby.ee\\\/en\\\/pood\\\/lapsed\\\/laste-kosmeetika\\\/nagu\\\/toot-looduslik-posepuna-peachy-parrot\\\/#breadcrumb\",\"itemListElement\":[{\"@type\":\"ListItem\",\"position\":1,\"name\":\"Kdu\",\"item\":\"http:\\\/\\\/ruuby.ee\\\/en\\\/\"},{\"@type\":\"ListItem\",\"position\":2,\"name\":\"Pood\",\"item\":\"http:\\\/\\\/ruuby.ee\\\/en\\\/pood\\\/\"},{\"@type\":\"ListItem\",\"position\":3,\"name\":\"TOOT! &#8211; Looduslik p\u00f5sepuna \u2013 Peachy Parrot\"}]},{\"@type\":\"WebSite\",\"@id\":\"http:\\\/\\\/ruuby.ee\\\/en\\\/#website\",\"url\":\"http:\\\/\\\/ruuby.ee\\\/en\\\/\",\"name\":\"RUUBY\",\"description\":\"Ruubys on \u00fchendatud elustiil ja disain\",\"publisher\":{\"@id\":\"http:\\\/\\\/ruuby.ee\\\/en\\\/#organization\"},\"alternateName\":\"Ruuby Disain\",\"potentialAction\":[{\"@type\":\"SearchAction\",\"target\":{\"@type\":\"EntryPoint\",\"urlTemplate\":\"http:\\\/\\\/ruuby.ee\\\/en\\\/?s={search_term_string}\"},\"query-input\":{\"@type\":\"PropertyValueSpecification\",\"valueRequired\":true,\"valueName\":\"search_term_string\"}}],\"inLanguage\":\"en-GB\"},{\"@type\":\"Organization\",\"@id\":\"http:\\\/\\\/ruuby.ee\\\/en\\\/#organization\",\"name\":\"Ruuby Disain O\u00dc\",\"alternateName\":\"Ruuby\",\"url\":\"http:\\\/\\\/ruuby.ee\\\/en\\\/\",\"logo\":{\"@type\":\"ImageObject\",\"inLanguage\":\"en-GB\",\"@id\":\"http:\\\/\\\/ruuby.ee\\\/en\\\/#\\\/schema\\\/logo\\\/image\\\/\",\"url\":\"http:\\\/\\\/ruuby.ee\\\/wp-content\\\/uploads\\\/2023\\\/06\\\/cropped-Black-White-Elegant-Circle-Signature-Fashion-Logo-12_large.png\",\"contentUrl\":\"http:\\\/\\\/ruuby.ee\\\/wp-content\\\/uploads\\\/2023\\\/06\\\/cropped-Black-White-Elegant-Circle-Signature-Fashion-Logo-12_large.png\",\"width\":1280,\"height\":747,\"caption\":\"Ruuby Disain O\u00dc\"},\"image\":{\"@id\":\"http:\\\/\\\/ruuby.ee\\\/en\\\/#\\\/schema\\\/logo\\\/image\\\/\"},\"sameAs\":[\"https:\\\/\\\/www.facebook.com\\\/ruubyconcept\",\"https:\\\/\\\/www.instagram.com\\\/ruuby_concept\\\/\"]}]}<\/script>\n<!-- \/ Yoast SEO plugin. -->","yoast_head_json":{"title":"TOOT! - Looduslik p\u00f5sepuna \u2013 Peachy Parrot - RUUBY","robots":{"index":"index","follow":"follow","max-snippet":"max-snippet:-1","max-image-preview":"max-image-preview:large","max-video-preview":"max-video-preview:-1"},"canonical":"https:\/\/ruuby.ee\/en\/pood\/lapsed\/laste-kosmeetika\/nagu\/toot-looduslik-posepuna-peachy-parrot\/","og_locale":"en_GB","og_type":"article","og_title":"TOOT! - Looduslik p\u00f5sepuna \u2013 Peachy Parrot - RUUBY","og_description":"Kas otsite p\u00f5sepuna, millega teie laps saaks metsikuks minna? Peachy Parrotiga saad muretult jumestamist katsetada! \ud83e\udd9c\ud83e\udd9c\ud83e\udd9c TOOT! Peachy Parrot naturaalne mineraalkosmeetika on t\u00f5eline p\u00f5sepuna pehmes virsikuv\u00e4rvis, kuid ilma ebameeldivate koostisosadeta. See teeb \u00f5nnelikuks mitte ainult lapsed ja teismelised, vaid ka vanemad! Looduslik ja vegan Nahas\u00f5bralik Julmuse vaba Valmistatud ilma gluteeni ja mikroplastideta L\u00f5hnavaba Hea kingitus! [&hellip;]","og_url":"https:\/\/ruuby.ee\/en\/pood\/lapsed\/laste-kosmeetika\/nagu\/toot-looduslik-posepuna-peachy-parrot\/","og_site_name":"RUUBY","article_publisher":"https:\/\/www.facebook.com\/ruubyconcept","article_modified_time":"2026-04-07T22:28:37+00:00","og_image":[{"width":1680,"height":1284,"url":"https:\/\/ruuby.ee\/wp-content\/uploads\/2023\/11\/Screenshot-2024-09-14-at-14.22.16.png","type":"image\/png"}],"twitter_card":"summary_large_image","twitter_misc":{"Estimated reading time":"1 minute"},"schema":{"@context":"https:\/\/schema.org","@graph":[{"@type":["WebPage","ItemPage"],"@id":"https:\/\/ruuby.ee\/en\/pood\/lapsed\/laste-kosmeetika\/nagu\/toot-looduslik-posepuna-peachy-parrot\/","url":"https:\/\/ruuby.ee\/en\/pood\/lapsed\/laste-kosmeetika\/nagu\/toot-looduslik-posepuna-peachy-parrot\/","name":"TOOT! - Looduslik p\u00f5sepuna \u2013 Peachy Parrot - RUUBY","isPartOf":{"@id":"http:\/\/ruuby.ee\/en\/#website"},"primaryImageOfPage":{"@id":"https:\/\/ruuby.ee\/en\/pood\/lapsed\/laste-kosmeetika\/nagu\/toot-looduslik-posepuna-peachy-parrot\/#primaryimage"},"image":{"@id":"https:\/\/ruuby.ee\/en\/pood\/lapsed\/laste-kosmeetika\/nagu\/toot-looduslik-posepuna-peachy-parrot\/#primaryimage"},"thumbnailUrl":"http:\/\/ruuby.ee\/wp-content\/uploads\/2023\/11\/Screenshot-2024-09-14-at-14.22.16.png","datePublished":"2023-11-21T11:41:44+00:00","dateModified":"2026-04-07T22:28:37+00:00","breadcrumb":{"@id":"https:\/\/ruuby.ee\/en\/pood\/lapsed\/laste-kosmeetika\/nagu\/toot-looduslik-posepuna-peachy-parrot\/#breadcrumb"},"inLanguage":"en-GB","potentialAction":[{"@type":"ReadAction","target":["https:\/\/ruuby.ee\/en\/pood\/lapsed\/laste-kosmeetika\/nagu\/toot-looduslik-posepuna-peachy-parrot\/"]}]},{"@type":"ImageObject","inLanguage":"en-GB","@id":"https:\/\/ruuby.ee\/en\/pood\/lapsed\/laste-kosmeetika\/nagu\/toot-looduslik-posepuna-peachy-parrot\/#primaryimage","url":"http:\/\/ruuby.ee\/wp-content\/uploads\/2023\/11\/Screenshot-2024-09-14-at-14.22.16.png","contentUrl":"http:\/\/ruuby.ee\/wp-content\/uploads\/2023\/11\/Screenshot-2024-09-14-at-14.22.16.png","width":1680,"height":1284},{"@type":"BreadcrumbList","@id":"https:\/\/ruuby.ee\/en\/pood\/lapsed\/laste-kosmeetika\/nagu\/toot-looduslik-posepuna-peachy-parrot\/#breadcrumb","itemListElement":[{"@type":"ListItem","position":1,"name":"Kdu","item":"http:\/\/ruuby.ee\/en\/"},{"@type":"ListItem","position":2,"name":"Pood","item":"http:\/\/ruuby.ee\/en\/pood\/"},{"@type":"ListItem","position":3,"name":"TOOT! &#8211; Looduslik p\u00f5sepuna \u2013 Peachy Parrot"}]},{"@type":"WebSite","@id":"http:\/\/ruuby.ee\/en\/#website","url":"http:\/\/ruuby.ee\/en\/","name":"RUUBY","description":"Ruubys on \u00fchendatud elustiil ja disain","publisher":{"@id":"http:\/\/ruuby.ee\/en\/#organization"},"alternateName":"Ruuby Disain","potentialAction":[{"@type":"SearchAction","target":{"@type":"EntryPoint","urlTemplate":"http:\/\/ruuby.ee\/en\/?s={search_term_string}"},"query-input":{"@type":"PropertyValueSpecification","valueRequired":true,"valueName":"search_term_string"}}],"inLanguage":"en-GB"},{"@type":"Organization","@id":"http:\/\/ruuby.ee\/en\/#organization","name":"Ruuby Disain O\u00dc","alternateName":"Ruuby","url":"http:\/\/ruuby.ee\/en\/","logo":{"@type":"ImageObject","inLanguage":"en-GB","@id":"http:\/\/ruuby.ee\/en\/#\/schema\/logo\/image\/","url":"http:\/\/ruuby.ee\/wp-content\/uploads\/2023\/06\/cropped-Black-White-Elegant-Circle-Signature-Fashion-Logo-12_large.png","contentUrl":"http:\/\/ruuby.ee\/wp-content\/uploads\/2023\/06\/cropped-Black-White-Elegant-Circle-Signature-Fashion-Logo-12_large.png","width":1280,"height":747,"caption":"Ruuby Disain O\u00dc"},"image":{"@id":"http:\/\/ruuby.ee\/en\/#\/schema\/logo\/image\/"},"sameAs":["https:\/\/www.facebook.com\/ruubyconcept","https:\/\/www.instagram.com\/ruuby_concept\/"]}]}},"jetpack_sharing_enabled":true,"_links":{"self":[{"href":"http:\/\/ruuby.ee\/en\/wp-json\/wp\/v2\/product\/1840974","targetHints":{"allow":["GET"]}}],"collection":[{"href":"http:\/\/ruuby.ee\/en\/wp-json\/wp\/v2\/product"}],"about":[{"href":"http:\/\/ruuby.ee\/en\/wp-json\/wp\/v2\/types\/product"}],"replies":[{"embeddable":true,"href":"http:\/\/ruuby.ee\/en\/wp-json\/wp\/v2\/comments?post=1840974"}],"wp:featuredmedia":[{"embeddable":true,"href":"http:\/\/ruuby.ee\/en\/wp-json\/wp\/v2\/media\/1848722"}],"wp:attachment":[{"href":"http:\/\/ruuby.ee\/en\/wp-json\/wp\/v2\/media?parent=1840974"}],"wp:term":[{"taxonomy":"product_brand","embeddable":true,"href":"http:\/\/ruuby.ee\/en\/wp-json\/wp\/v2\/product_brand?post=1840974"},{"taxonomy":"product_cat","embeddable":true,"href":"http:\/\/ruuby.ee\/en\/wp-json\/wp\/v2\/product_cat?post=1840974"},{"taxonomy":"product_tag","embeddable":true,"href":"http:\/\/ruuby.ee\/en\/wp-json\/wp\/v2\/product_tag?post=1840974"}],"curies":[{"name":"wp","href":"https:\/\/api.w.org\/{rel}","templated":true}]}}