{"id":1840914,"date":"2023-11-17T13:21:19","date_gmt":"2023-11-17T11:21:19","guid":{"rendered":"http:\/\/ruuby.ee\/?post_type=product&#038;p=1840914"},"modified":"2026-04-08T01:28:37","modified_gmt":"2026-04-07T22:28:37","slug":"umage-tripod-base-laualambi-statiiv","status":"publish","type":"product","link":"http:\/\/ruuby.ee\/en\/pood\/kodusisustus\/valgustus\/lisad\/umage-tripod-base-laualambi-statiiv\/","title":{"rendered":"UMAGE &#8211; Tripod base, laualambi statiiv"},"content":{"rendered":"<p>Statiivi alus muudab teie lambivarju m\u00f5ne sekundiga laualambiks. Statiivi alus on reguleeritav 2-in-1 statiiv ning selle elegantsed ja tugevad jalad saab asetada kas &#8220;madalasse&#8221; v\u00f5i &#8220;k\u00f5rgesse&#8221; asendisse, muutes selle mitmek\u00fclgseks disainiks mitmele lambivarjule ja otstarbele. V\u00f5imalused on l\u00f5putud, et kujundada oma stiilile ja vajadustele vastav lamp, olgu see siis kombineeritud UMAGE Eos, Silvia, Carmina v\u00f5i Ribboni lambivarjudega v\u00f5i sellega, mis sul juba kodus on.<\/p>\n<p>Kaal: 0,4 kg<\/p>\n<p>M\u00f5\u00f5dud: \u00d8: 15,8 x K: 18,6 cm<\/p>\n<p>Materjal: Alumiiniumist<\/p>","protected":false},"excerpt":{"rendered":"<p>Statiivi alus muudab teie lambivarju m\u00f5ne sekundiga laualambiks. Statiivi alus on reguleeritav 2-in-1 statiiv ning selle elegantsed ja tugevad jalad saab asetada kas &#8220;madalasse&#8221; v\u00f5i &#8220;k\u00f5rgesse&#8221; asendisse, muutes selle mitmek\u00fclgseks disainiks mitmele lambivarjule ja otstarbele. V\u00f5imalused on l\u00f5putud, et kujundada oma stiilile ja vajadustele vastav lamp, olgu see siis kombineeritud UMAGE Eos, Silvia, Carmina v\u00f5i [&hellip;]<\/p>\n","protected":false},"featured_media":1853289,"comment_status":"open","ping_status":"closed","template":"","meta":[],"product_brand":[],"product_cat":[800,59],"product_tag":[806,150],"class_list":{"0":"post-1840914","1":"product","2":"type-product","3":"status-publish","4":"has-post-thumbnail","6":"product_cat-lisad","7":"product_cat-valgustus","8":"product_tag-statiiv","9":"product_tag-umage","11":"first","12":"onbackorder","13":"taxable","14":"shipping-taxable","15":"purchasable","16":"product-type-variable","17":"rtwpvs-product"},"yoast_head":"<!-- This site is optimized with the Yoast SEO plugin v27.3 - https:\/\/yoast.com\/product\/yoast-seo-wordpress\/ -->\n<title>UMAGE - Tripod base, laualambi statiiv - RUUBY<\/title>\n<meta name=\"robots\" content=\"index, follow, max-snippet:-1, max-image-preview:large, max-video-preview:-1\" \/>\n<link rel=\"canonical\" href=\"http:\/\/ruuby.ee\/en\/pood\/kodusisustus\/valgustus\/lisad\/umage-tripod-base-laualambi-statiiv\/\" \/>\n<meta property=\"og:locale\" content=\"en_GB\" \/>\n<meta property=\"og:type\" content=\"article\" \/>\n<meta property=\"og:title\" content=\"UMAGE - Tripod base, laualambi statiiv - RUUBY\" \/>\n<meta property=\"og:description\" content=\"Statiivi alus muudab teie lambivarju m\u00f5ne sekundiga laualambiks. Statiivi alus on reguleeritav 2-in-1 statiiv ning selle elegantsed ja tugevad jalad saab asetada kas &#8220;madalasse&#8221; v\u00f5i &#8220;k\u00f5rgesse&#8221; asendisse, muutes selle mitmek\u00fclgseks disainiks mitmele lambivarjule ja otstarbele. V\u00f5imalused on l\u00f5putud, et kujundada oma stiilile ja vajadustele vastav lamp, olgu see siis kombineeritud UMAGE Eos, Silvia, Carmina v\u00f5i [&hellip;]\" \/>\n<meta property=\"og:url\" content=\"http:\/\/ruuby.ee\/en\/pood\/kodusisustus\/valgustus\/lisad\/umage-tripod-base-laualambi-statiiv\/\" \/>\n<meta property=\"og:site_name\" content=\"RUUBY\" \/>\n<meta property=\"article:publisher\" content=\"https:\/\/www.facebook.com\/ruubyconcept\" \/>\n<meta property=\"article:modified_time\" content=\"2026-04-07T22:28:37+00:00\" \/>\n<meta property=\"og:image\" content=\"http:\/\/ruuby.ee\/wp-content\/uploads\/2023\/11\/Screenshot-2025-05-15-at-09.27.50.png\" \/>\n\t<meta property=\"og:image:width\" content=\"818\" \/>\n\t<meta property=\"og:image:height\" content=\"938\" \/>\n\t<meta property=\"og:image:type\" content=\"image\/png\" \/>\n<meta name=\"twitter:card\" content=\"summary_large_image\" \/>\n<meta name=\"twitter:label1\" content=\"Estimated reading time\" \/>\n\t<meta name=\"twitter:data1\" content=\"1 minute\" \/>\n<script type=\"application\/ld+json\" class=\"yoast-schema-graph\">{\"@context\":\"https:\\\/\\\/schema.org\",\"@graph\":[{\"@type\":[\"WebPage\",\"ItemPage\"],\"@id\":\"http:\\\/\\\/ruuby.ee\\\/pood\\\/kodusisustus\\\/valgustus\\\/lisad\\\/umage-tripod-base-laualambi-statiiv\\\/\",\"url\":\"http:\\\/\\\/ruuby.ee\\\/pood\\\/kodusisustus\\\/valgustus\\\/lisad\\\/umage-tripod-base-laualambi-statiiv\\\/\",\"name\":\"UMAGE - Tripod base, laualambi statiiv - RUUBY\",\"isPartOf\":{\"@id\":\"https:\\\/\\\/ruuby.ee\\\/en\\\/#website\"},\"primaryImageOfPage\":{\"@id\":\"http:\\\/\\\/ruuby.ee\\\/pood\\\/kodusisustus\\\/valgustus\\\/lisad\\\/umage-tripod-base-laualambi-statiiv\\\/#primaryimage\"},\"image\":{\"@id\":\"http:\\\/\\\/ruuby.ee\\\/pood\\\/kodusisustus\\\/valgustus\\\/lisad\\\/umage-tripod-base-laualambi-statiiv\\\/#primaryimage\"},\"thumbnailUrl\":\"http:\\\/\\\/ruuby.ee\\\/wp-content\\\/uploads\\\/2023\\\/11\\\/Screenshot-2025-05-15-at-09.27.50.png\",\"datePublished\":\"2023-11-17T11:21:19+00:00\",\"dateModified\":\"2026-04-07T22:28:37+00:00\",\"breadcrumb\":{\"@id\":\"http:\\\/\\\/ruuby.ee\\\/pood\\\/kodusisustus\\\/valgustus\\\/lisad\\\/umage-tripod-base-laualambi-statiiv\\\/#breadcrumb\"},\"inLanguage\":\"en-GB\",\"potentialAction\":[{\"@type\":\"ReadAction\",\"target\":[\"http:\\\/\\\/ruuby.ee\\\/pood\\\/kodusisustus\\\/valgustus\\\/lisad\\\/umage-tripod-base-laualambi-statiiv\\\/\"]}]},{\"@type\":\"ImageObject\",\"inLanguage\":\"en-GB\",\"@id\":\"http:\\\/\\\/ruuby.ee\\\/pood\\\/kodusisustus\\\/valgustus\\\/lisad\\\/umage-tripod-base-laualambi-statiiv\\\/#primaryimage\",\"url\":\"http:\\\/\\\/ruuby.ee\\\/wp-content\\\/uploads\\\/2023\\\/11\\\/Screenshot-2025-05-15-at-09.27.50.png\",\"contentUrl\":\"http:\\\/\\\/ruuby.ee\\\/wp-content\\\/uploads\\\/2023\\\/11\\\/Screenshot-2025-05-15-at-09.27.50.png\",\"width\":818,\"height\":938},{\"@type\":\"BreadcrumbList\",\"@id\":\"http:\\\/\\\/ruuby.ee\\\/pood\\\/kodusisustus\\\/valgustus\\\/lisad\\\/umage-tripod-base-laualambi-statiiv\\\/#breadcrumb\",\"itemListElement\":[{\"@type\":\"ListItem\",\"position\":1,\"name\":\"Kdu\",\"item\":\"https:\\\/\\\/ruuby.ee\\\/en\\\/\"},{\"@type\":\"ListItem\",\"position\":2,\"name\":\"Pood\",\"item\":\"https:\\\/\\\/ruuby.ee\\\/en\\\/pood\\\/\"},{\"@type\":\"ListItem\",\"position\":3,\"name\":\"UMAGE &#8211; Tripod base, laualambi statiiv\"}]},{\"@type\":\"WebSite\",\"@id\":\"https:\\\/\\\/ruuby.ee\\\/en\\\/#website\",\"url\":\"https:\\\/\\\/ruuby.ee\\\/en\\\/\",\"name\":\"RUUBY\",\"description\":\"Ruubys on \u00fchendatud elustiil ja disain\",\"publisher\":{\"@id\":\"https:\\\/\\\/ruuby.ee\\\/en\\\/#organization\"},\"alternateName\":\"Ruuby Disain\",\"potentialAction\":[{\"@type\":\"SearchAction\",\"target\":{\"@type\":\"EntryPoint\",\"urlTemplate\":\"https:\\\/\\\/ruuby.ee\\\/en\\\/?s={search_term_string}\"},\"query-input\":{\"@type\":\"PropertyValueSpecification\",\"valueRequired\":true,\"valueName\":\"search_term_string\"}}],\"inLanguage\":\"en-GB\"},{\"@type\":\"Organization\",\"@id\":\"https:\\\/\\\/ruuby.ee\\\/en\\\/#organization\",\"name\":\"Ruuby Disain O\u00dc\",\"alternateName\":\"Ruuby\",\"url\":\"https:\\\/\\\/ruuby.ee\\\/en\\\/\",\"logo\":{\"@type\":\"ImageObject\",\"inLanguage\":\"en-GB\",\"@id\":\"https:\\\/\\\/ruuby.ee\\\/en\\\/#\\\/schema\\\/logo\\\/image\\\/\",\"url\":\"http:\\\/\\\/ruuby.ee\\\/wp-content\\\/uploads\\\/2023\\\/06\\\/cropped-Black-White-Elegant-Circle-Signature-Fashion-Logo-12_large.png\",\"contentUrl\":\"http:\\\/\\\/ruuby.ee\\\/wp-content\\\/uploads\\\/2023\\\/06\\\/cropped-Black-White-Elegant-Circle-Signature-Fashion-Logo-12_large.png\",\"width\":1280,\"height\":747,\"caption\":\"Ruuby Disain O\u00dc\"},\"image\":{\"@id\":\"https:\\\/\\\/ruuby.ee\\\/en\\\/#\\\/schema\\\/logo\\\/image\\\/\"},\"sameAs\":[\"https:\\\/\\\/www.facebook.com\\\/ruubyconcept\",\"https:\\\/\\\/www.instagram.com\\\/ruuby_concept\\\/\"]}]}<\/script>\n<!-- \/ Yoast SEO plugin. -->","yoast_head_json":{"title":"UMAGE - Tripod base, laualambi statiiv - RUUBY","robots":{"index":"index","follow":"follow","max-snippet":"max-snippet:-1","max-image-preview":"max-image-preview:large","max-video-preview":"max-video-preview:-1"},"canonical":"http:\/\/ruuby.ee\/en\/pood\/kodusisustus\/valgustus\/lisad\/umage-tripod-base-laualambi-statiiv\/","og_locale":"en_GB","og_type":"article","og_title":"UMAGE - Tripod base, laualambi statiiv - RUUBY","og_description":"Statiivi alus muudab teie lambivarju m\u00f5ne sekundiga laualambiks. Statiivi alus on reguleeritav 2-in-1 statiiv ning selle elegantsed ja tugevad jalad saab asetada kas &#8220;madalasse&#8221; v\u00f5i &#8220;k\u00f5rgesse&#8221; asendisse, muutes selle mitmek\u00fclgseks disainiks mitmele lambivarjule ja otstarbele. V\u00f5imalused on l\u00f5putud, et kujundada oma stiilile ja vajadustele vastav lamp, olgu see siis kombineeritud UMAGE Eos, Silvia, Carmina v\u00f5i [&hellip;]","og_url":"http:\/\/ruuby.ee\/en\/pood\/kodusisustus\/valgustus\/lisad\/umage-tripod-base-laualambi-statiiv\/","og_site_name":"RUUBY","article_publisher":"https:\/\/www.facebook.com\/ruubyconcept","article_modified_time":"2026-04-07T22:28:37+00:00","og_image":[{"width":818,"height":938,"url":"http:\/\/ruuby.ee\/wp-content\/uploads\/2023\/11\/Screenshot-2025-05-15-at-09.27.50.png","type":"image\/png"}],"twitter_card":"summary_large_image","twitter_misc":{"Estimated reading time":"1 minute"},"schema":{"@context":"https:\/\/schema.org","@graph":[{"@type":["WebPage","ItemPage"],"@id":"http:\/\/ruuby.ee\/pood\/kodusisustus\/valgustus\/lisad\/umage-tripod-base-laualambi-statiiv\/","url":"http:\/\/ruuby.ee\/pood\/kodusisustus\/valgustus\/lisad\/umage-tripod-base-laualambi-statiiv\/","name":"UMAGE - Tripod base, laualambi statiiv - RUUBY","isPartOf":{"@id":"https:\/\/ruuby.ee\/en\/#website"},"primaryImageOfPage":{"@id":"http:\/\/ruuby.ee\/pood\/kodusisustus\/valgustus\/lisad\/umage-tripod-base-laualambi-statiiv\/#primaryimage"},"image":{"@id":"http:\/\/ruuby.ee\/pood\/kodusisustus\/valgustus\/lisad\/umage-tripod-base-laualambi-statiiv\/#primaryimage"},"thumbnailUrl":"http:\/\/ruuby.ee\/wp-content\/uploads\/2023\/11\/Screenshot-2025-05-15-at-09.27.50.png","datePublished":"2023-11-17T11:21:19+00:00","dateModified":"2026-04-07T22:28:37+00:00","breadcrumb":{"@id":"http:\/\/ruuby.ee\/pood\/kodusisustus\/valgustus\/lisad\/umage-tripod-base-laualambi-statiiv\/#breadcrumb"},"inLanguage":"en-GB","potentialAction":[{"@type":"ReadAction","target":["http:\/\/ruuby.ee\/pood\/kodusisustus\/valgustus\/lisad\/umage-tripod-base-laualambi-statiiv\/"]}]},{"@type":"ImageObject","inLanguage":"en-GB","@id":"http:\/\/ruuby.ee\/pood\/kodusisustus\/valgustus\/lisad\/umage-tripod-base-laualambi-statiiv\/#primaryimage","url":"http:\/\/ruuby.ee\/wp-content\/uploads\/2023\/11\/Screenshot-2025-05-15-at-09.27.50.png","contentUrl":"http:\/\/ruuby.ee\/wp-content\/uploads\/2023\/11\/Screenshot-2025-05-15-at-09.27.50.png","width":818,"height":938},{"@type":"BreadcrumbList","@id":"http:\/\/ruuby.ee\/pood\/kodusisustus\/valgustus\/lisad\/umage-tripod-base-laualambi-statiiv\/#breadcrumb","itemListElement":[{"@type":"ListItem","position":1,"name":"Kdu","item":"https:\/\/ruuby.ee\/en\/"},{"@type":"ListItem","position":2,"name":"Pood","item":"https:\/\/ruuby.ee\/en\/pood\/"},{"@type":"ListItem","position":3,"name":"UMAGE &#8211; Tripod base, laualambi statiiv"}]},{"@type":"WebSite","@id":"https:\/\/ruuby.ee\/en\/#website","url":"https:\/\/ruuby.ee\/en\/","name":"RUUBY","description":"Ruubys on \u00fchendatud elustiil ja disain","publisher":{"@id":"https:\/\/ruuby.ee\/en\/#organization"},"alternateName":"Ruuby Disain","potentialAction":[{"@type":"SearchAction","target":{"@type":"EntryPoint","urlTemplate":"https:\/\/ruuby.ee\/en\/?s={search_term_string}"},"query-input":{"@type":"PropertyValueSpecification","valueRequired":true,"valueName":"search_term_string"}}],"inLanguage":"en-GB"},{"@type":"Organization","@id":"https:\/\/ruuby.ee\/en\/#organization","name":"Ruuby Disain O\u00dc","alternateName":"Ruuby","url":"https:\/\/ruuby.ee\/en\/","logo":{"@type":"ImageObject","inLanguage":"en-GB","@id":"https:\/\/ruuby.ee\/en\/#\/schema\/logo\/image\/","url":"http:\/\/ruuby.ee\/wp-content\/uploads\/2023\/06\/cropped-Black-White-Elegant-Circle-Signature-Fashion-Logo-12_large.png","contentUrl":"http:\/\/ruuby.ee\/wp-content\/uploads\/2023\/06\/cropped-Black-White-Elegant-Circle-Signature-Fashion-Logo-12_large.png","width":1280,"height":747,"caption":"Ruuby Disain O\u00dc"},"image":{"@id":"https:\/\/ruuby.ee\/en\/#\/schema\/logo\/image\/"},"sameAs":["https:\/\/www.facebook.com\/ruubyconcept","https:\/\/www.instagram.com\/ruuby_concept\/"]}]}},"jetpack_sharing_enabled":true,"_links":{"self":[{"href":"http:\/\/ruuby.ee\/en\/wp-json\/wp\/v2\/product\/1840914","targetHints":{"allow":["GET"]}}],"collection":[{"href":"http:\/\/ruuby.ee\/en\/wp-json\/wp\/v2\/product"}],"about":[{"href":"http:\/\/ruuby.ee\/en\/wp-json\/wp\/v2\/types\/product"}],"replies":[{"embeddable":true,"href":"http:\/\/ruuby.ee\/en\/wp-json\/wp\/v2\/comments?post=1840914"}],"wp:featuredmedia":[{"embeddable":true,"href":"http:\/\/ruuby.ee\/en\/wp-json\/wp\/v2\/media\/1853289"}],"wp:attachment":[{"href":"http:\/\/ruuby.ee\/en\/wp-json\/wp\/v2\/media?parent=1840914"}],"wp:term":[{"taxonomy":"product_brand","embeddable":true,"href":"http:\/\/ruuby.ee\/en\/wp-json\/wp\/v2\/product_brand?post=1840914"},{"taxonomy":"product_cat","embeddable":true,"href":"http:\/\/ruuby.ee\/en\/wp-json\/wp\/v2\/product_cat?post=1840914"},{"taxonomy":"product_tag","embeddable":true,"href":"http:\/\/ruuby.ee\/en\/wp-json\/wp\/v2\/product_tag?post=1840914"}],"curies":[{"name":"wp","href":"https:\/\/api.w.org\/{rel}","templated":true}]}}