{"id":1840897,"date":"2023-11-17T13:14:43","date_gmt":"2023-11-17T11:14:43","guid":{"rendered":"http:\/\/ruuby.ee\/?post_type=product&#038;p=1840897"},"modified":"2026-04-08T01:28:37","modified_gmt":"2026-04-07T22:28:37","slug":"umage-sante-table-laualambi-statiiv","status":"publish","type":"product","link":"http:\/\/ruuby.ee\/en\/pood\/kodusisustus\/valgustus\/lisad\/umage-sante-table-laualambi-statiiv\/","title":{"rendered":"UMAGE &#8211; Sant\u00e9 table, laualambi statiiv"},"content":{"rendered":"<p>See lihtne, kuid stiilne laualambi statiiv, mis on inspireeritud \u0161ampanjafl\u00f6\u00f6di \u00f5rnast varrest, on kujundatud elegantseks aktsendiks igale lauale, konsoollauale v\u00f5i \u00f6\u00f6kapile. Alusel on peidetud integreeritud USB-port, nii et saate laadida telefoni v\u00f5i tahvelarvutit isegi siis, kui valgus on v\u00e4lja l\u00fclitatud.<\/p>\n<p>Saadaval valge, musta, harjatud terasest v\u00f5i harjatud messingist Sant\u00e9 laua saab siduda paljude meie UMAGE lambivarjudega.<\/p>\n<p>Pirn ei kuulu komplekti.<\/p>\n<p>Kaal: 1,7 kg<\/p>\n<p>M\u00f5\u00f5dud: \u00d8: 22 x K: 42 cm<\/p>\n<p>Materjal: Alumiinium, teras, MDF ja ABS<\/p>","protected":false},"excerpt":{"rendered":"<p>See lihtne, kuid stiilne laualambi statiiv, mis on inspireeritud \u0161ampanjafl\u00f6\u00f6di \u00f5rnast varrest, on kujundatud elegantseks aktsendiks igale lauale, konsoollauale v\u00f5i \u00f6\u00f6kapile. Alusel on peidetud integreeritud USB-port, nii et saate laadida telefoni v\u00f5i tahvelarvutit isegi siis, kui valgus on v\u00e4lja l\u00fclitatud. Saadaval valge, musta, harjatud terasest v\u00f5i harjatud messingist Sant\u00e9 laua saab siduda paljude meie UMAGE [&hellip;]<\/p>\n","protected":false},"featured_media":1853296,"comment_status":"open","ping_status":"closed","template":"","meta":[],"product_brand":[],"product_cat":[800,59],"product_tag":[806,150],"class_list":{"0":"post-1840897","1":"product","2":"type-product","3":"status-publish","4":"has-post-thumbnail","6":"product_cat-lisad","7":"product_cat-valgustus","8":"product_tag-statiiv","9":"product_tag-umage","11":"first","12":"onbackorder","13":"taxable","14":"shipping-taxable","15":"purchasable","16":"product-type-variable","17":"rtwpvs-product"},"yoast_head":"<!-- This site is optimized with the Yoast SEO plugin v27.3 - https:\/\/yoast.com\/product\/yoast-seo-wordpress\/ -->\n<title>UMAGE - Sant\u00e9 table, laualambi statiiv - RUUBY<\/title>\n<meta name=\"robots\" content=\"index, follow, max-snippet:-1, max-image-preview:large, max-video-preview:-1\" \/>\n<link rel=\"canonical\" href=\"http:\/\/ruuby.ee\/en\/pood\/kodusisustus\/valgustus\/lisad\/umage-sante-table-laualambi-statiiv\/\" \/>\n<meta property=\"og:locale\" content=\"en_GB\" \/>\n<meta property=\"og:type\" content=\"article\" \/>\n<meta property=\"og:title\" content=\"UMAGE - Sant\u00e9 table, laualambi statiiv - RUUBY\" \/>\n<meta property=\"og:description\" content=\"See lihtne, kuid stiilne laualambi statiiv, mis on inspireeritud \u0161ampanjafl\u00f6\u00f6di \u00f5rnast varrest, on kujundatud elegantseks aktsendiks igale lauale, konsoollauale v\u00f5i \u00f6\u00f6kapile. Alusel on peidetud integreeritud USB-port, nii et saate laadida telefoni v\u00f5i tahvelarvutit isegi siis, kui valgus on v\u00e4lja l\u00fclitatud. Saadaval valge, musta, harjatud terasest v\u00f5i harjatud messingist Sant\u00e9 laua saab siduda paljude meie UMAGE [&hellip;]\" \/>\n<meta property=\"og:url\" content=\"http:\/\/ruuby.ee\/en\/pood\/kodusisustus\/valgustus\/lisad\/umage-sante-table-laualambi-statiiv\/\" \/>\n<meta property=\"og:site_name\" content=\"RUUBY\" \/>\n<meta property=\"article:publisher\" content=\"https:\/\/www.facebook.com\/ruubyconcept\" \/>\n<meta property=\"article:modified_time\" content=\"2026-04-07T22:28:37+00:00\" \/>\n<meta property=\"og:image\" content=\"http:\/\/ruuby.ee\/wp-content\/uploads\/2023\/11\/Screenshot-2025-05-15-at-09.31.20.png\" \/>\n\t<meta property=\"og:image:width\" content=\"876\" \/>\n\t<meta property=\"og:image:height\" content=\"928\" \/>\n\t<meta property=\"og:image:type\" content=\"image\/png\" \/>\n<meta name=\"twitter:card\" content=\"summary_large_image\" \/>\n<meta name=\"twitter:label1\" content=\"Estimated reading time\" \/>\n\t<meta name=\"twitter:data1\" content=\"1 minute\" \/>\n<script type=\"application\/ld+json\" class=\"yoast-schema-graph\">{\"@context\":\"https:\\\/\\\/schema.org\",\"@graph\":[{\"@type\":[\"WebPage\",\"ItemPage\"],\"@id\":\"http:\\\/\\\/ruuby.ee\\\/pood\\\/kodusisustus\\\/valgustus\\\/lisad\\\/umage-sante-table-laualambi-statiiv\\\/\",\"url\":\"http:\\\/\\\/ruuby.ee\\\/pood\\\/kodusisustus\\\/valgustus\\\/lisad\\\/umage-sante-table-laualambi-statiiv\\\/\",\"name\":\"UMAGE - Sant\u00e9 table, laualambi statiiv - RUUBY\",\"isPartOf\":{\"@id\":\"https:\\\/\\\/ruuby.ee\\\/en\\\/#website\"},\"primaryImageOfPage\":{\"@id\":\"http:\\\/\\\/ruuby.ee\\\/pood\\\/kodusisustus\\\/valgustus\\\/lisad\\\/umage-sante-table-laualambi-statiiv\\\/#primaryimage\"},\"image\":{\"@id\":\"http:\\\/\\\/ruuby.ee\\\/pood\\\/kodusisustus\\\/valgustus\\\/lisad\\\/umage-sante-table-laualambi-statiiv\\\/#primaryimage\"},\"thumbnailUrl\":\"http:\\\/\\\/ruuby.ee\\\/wp-content\\\/uploads\\\/2023\\\/11\\\/Screenshot-2025-05-15-at-09.31.20.png\",\"datePublished\":\"2023-11-17T11:14:43+00:00\",\"dateModified\":\"2026-04-07T22:28:37+00:00\",\"breadcrumb\":{\"@id\":\"http:\\\/\\\/ruuby.ee\\\/pood\\\/kodusisustus\\\/valgustus\\\/lisad\\\/umage-sante-table-laualambi-statiiv\\\/#breadcrumb\"},\"inLanguage\":\"en-GB\",\"potentialAction\":[{\"@type\":\"ReadAction\",\"target\":[\"http:\\\/\\\/ruuby.ee\\\/pood\\\/kodusisustus\\\/valgustus\\\/lisad\\\/umage-sante-table-laualambi-statiiv\\\/\"]}]},{\"@type\":\"ImageObject\",\"inLanguage\":\"en-GB\",\"@id\":\"http:\\\/\\\/ruuby.ee\\\/pood\\\/kodusisustus\\\/valgustus\\\/lisad\\\/umage-sante-table-laualambi-statiiv\\\/#primaryimage\",\"url\":\"http:\\\/\\\/ruuby.ee\\\/wp-content\\\/uploads\\\/2023\\\/11\\\/Screenshot-2025-05-15-at-09.31.20.png\",\"contentUrl\":\"http:\\\/\\\/ruuby.ee\\\/wp-content\\\/uploads\\\/2023\\\/11\\\/Screenshot-2025-05-15-at-09.31.20.png\",\"width\":876,\"height\":928},{\"@type\":\"BreadcrumbList\",\"@id\":\"http:\\\/\\\/ruuby.ee\\\/pood\\\/kodusisustus\\\/valgustus\\\/lisad\\\/umage-sante-table-laualambi-statiiv\\\/#breadcrumb\",\"itemListElement\":[{\"@type\":\"ListItem\",\"position\":1,\"name\":\"Kdu\",\"item\":\"https:\\\/\\\/ruuby.ee\\\/en\\\/\"},{\"@type\":\"ListItem\",\"position\":2,\"name\":\"Pood\",\"item\":\"https:\\\/\\\/ruuby.ee\\\/en\\\/pood\\\/\"},{\"@type\":\"ListItem\",\"position\":3,\"name\":\"UMAGE &#8211; Sant\u00e9 table, laualambi statiiv\"}]},{\"@type\":\"WebSite\",\"@id\":\"https:\\\/\\\/ruuby.ee\\\/en\\\/#website\",\"url\":\"https:\\\/\\\/ruuby.ee\\\/en\\\/\",\"name\":\"RUUBY\",\"description\":\"Ruubys on \u00fchendatud elustiil ja disain\",\"publisher\":{\"@id\":\"https:\\\/\\\/ruuby.ee\\\/en\\\/#organization\"},\"alternateName\":\"Ruuby Disain\",\"potentialAction\":[{\"@type\":\"SearchAction\",\"target\":{\"@type\":\"EntryPoint\",\"urlTemplate\":\"https:\\\/\\\/ruuby.ee\\\/en\\\/?s={search_term_string}\"},\"query-input\":{\"@type\":\"PropertyValueSpecification\",\"valueRequired\":true,\"valueName\":\"search_term_string\"}}],\"inLanguage\":\"en-GB\"},{\"@type\":\"Organization\",\"@id\":\"https:\\\/\\\/ruuby.ee\\\/en\\\/#organization\",\"name\":\"Ruuby Disain O\u00dc\",\"alternateName\":\"Ruuby\",\"url\":\"https:\\\/\\\/ruuby.ee\\\/en\\\/\",\"logo\":{\"@type\":\"ImageObject\",\"inLanguage\":\"en-GB\",\"@id\":\"https:\\\/\\\/ruuby.ee\\\/en\\\/#\\\/schema\\\/logo\\\/image\\\/\",\"url\":\"http:\\\/\\\/ruuby.ee\\\/wp-content\\\/uploads\\\/2023\\\/06\\\/cropped-Black-White-Elegant-Circle-Signature-Fashion-Logo-12_large.png\",\"contentUrl\":\"http:\\\/\\\/ruuby.ee\\\/wp-content\\\/uploads\\\/2023\\\/06\\\/cropped-Black-White-Elegant-Circle-Signature-Fashion-Logo-12_large.png\",\"width\":1280,\"height\":747,\"caption\":\"Ruuby Disain O\u00dc\"},\"image\":{\"@id\":\"https:\\\/\\\/ruuby.ee\\\/en\\\/#\\\/schema\\\/logo\\\/image\\\/\"},\"sameAs\":[\"https:\\\/\\\/www.facebook.com\\\/ruubyconcept\",\"https:\\\/\\\/www.instagram.com\\\/ruuby_concept\\\/\"]}]}<\/script>\n<!-- \/ Yoast SEO plugin. -->","yoast_head_json":{"title":"UMAGE - Sant\u00e9 table, laualambi statiiv - RUUBY","robots":{"index":"index","follow":"follow","max-snippet":"max-snippet:-1","max-image-preview":"max-image-preview:large","max-video-preview":"max-video-preview:-1"},"canonical":"http:\/\/ruuby.ee\/en\/pood\/kodusisustus\/valgustus\/lisad\/umage-sante-table-laualambi-statiiv\/","og_locale":"en_GB","og_type":"article","og_title":"UMAGE - Sant\u00e9 table, laualambi statiiv - RUUBY","og_description":"See lihtne, kuid stiilne laualambi statiiv, mis on inspireeritud \u0161ampanjafl\u00f6\u00f6di \u00f5rnast varrest, on kujundatud elegantseks aktsendiks igale lauale, konsoollauale v\u00f5i \u00f6\u00f6kapile. Alusel on peidetud integreeritud USB-port, nii et saate laadida telefoni v\u00f5i tahvelarvutit isegi siis, kui valgus on v\u00e4lja l\u00fclitatud. Saadaval valge, musta, harjatud terasest v\u00f5i harjatud messingist Sant\u00e9 laua saab siduda paljude meie UMAGE [&hellip;]","og_url":"http:\/\/ruuby.ee\/en\/pood\/kodusisustus\/valgustus\/lisad\/umage-sante-table-laualambi-statiiv\/","og_site_name":"RUUBY","article_publisher":"https:\/\/www.facebook.com\/ruubyconcept","article_modified_time":"2026-04-07T22:28:37+00:00","og_image":[{"width":876,"height":928,"url":"http:\/\/ruuby.ee\/wp-content\/uploads\/2023\/11\/Screenshot-2025-05-15-at-09.31.20.png","type":"image\/png"}],"twitter_card":"summary_large_image","twitter_misc":{"Estimated reading time":"1 minute"},"schema":{"@context":"https:\/\/schema.org","@graph":[{"@type":["WebPage","ItemPage"],"@id":"http:\/\/ruuby.ee\/pood\/kodusisustus\/valgustus\/lisad\/umage-sante-table-laualambi-statiiv\/","url":"http:\/\/ruuby.ee\/pood\/kodusisustus\/valgustus\/lisad\/umage-sante-table-laualambi-statiiv\/","name":"UMAGE - Sant\u00e9 table, laualambi statiiv - RUUBY","isPartOf":{"@id":"https:\/\/ruuby.ee\/en\/#website"},"primaryImageOfPage":{"@id":"http:\/\/ruuby.ee\/pood\/kodusisustus\/valgustus\/lisad\/umage-sante-table-laualambi-statiiv\/#primaryimage"},"image":{"@id":"http:\/\/ruuby.ee\/pood\/kodusisustus\/valgustus\/lisad\/umage-sante-table-laualambi-statiiv\/#primaryimage"},"thumbnailUrl":"http:\/\/ruuby.ee\/wp-content\/uploads\/2023\/11\/Screenshot-2025-05-15-at-09.31.20.png","datePublished":"2023-11-17T11:14:43+00:00","dateModified":"2026-04-07T22:28:37+00:00","breadcrumb":{"@id":"http:\/\/ruuby.ee\/pood\/kodusisustus\/valgustus\/lisad\/umage-sante-table-laualambi-statiiv\/#breadcrumb"},"inLanguage":"en-GB","potentialAction":[{"@type":"ReadAction","target":["http:\/\/ruuby.ee\/pood\/kodusisustus\/valgustus\/lisad\/umage-sante-table-laualambi-statiiv\/"]}]},{"@type":"ImageObject","inLanguage":"en-GB","@id":"http:\/\/ruuby.ee\/pood\/kodusisustus\/valgustus\/lisad\/umage-sante-table-laualambi-statiiv\/#primaryimage","url":"http:\/\/ruuby.ee\/wp-content\/uploads\/2023\/11\/Screenshot-2025-05-15-at-09.31.20.png","contentUrl":"http:\/\/ruuby.ee\/wp-content\/uploads\/2023\/11\/Screenshot-2025-05-15-at-09.31.20.png","width":876,"height":928},{"@type":"BreadcrumbList","@id":"http:\/\/ruuby.ee\/pood\/kodusisustus\/valgustus\/lisad\/umage-sante-table-laualambi-statiiv\/#breadcrumb","itemListElement":[{"@type":"ListItem","position":1,"name":"Kdu","item":"https:\/\/ruuby.ee\/en\/"},{"@type":"ListItem","position":2,"name":"Pood","item":"https:\/\/ruuby.ee\/en\/pood\/"},{"@type":"ListItem","position":3,"name":"UMAGE &#8211; Sant\u00e9 table, laualambi statiiv"}]},{"@type":"WebSite","@id":"https:\/\/ruuby.ee\/en\/#website","url":"https:\/\/ruuby.ee\/en\/","name":"RUUBY","description":"Ruubys on \u00fchendatud elustiil ja disain","publisher":{"@id":"https:\/\/ruuby.ee\/en\/#organization"},"alternateName":"Ruuby Disain","potentialAction":[{"@type":"SearchAction","target":{"@type":"EntryPoint","urlTemplate":"https:\/\/ruuby.ee\/en\/?s={search_term_string}"},"query-input":{"@type":"PropertyValueSpecification","valueRequired":true,"valueName":"search_term_string"}}],"inLanguage":"en-GB"},{"@type":"Organization","@id":"https:\/\/ruuby.ee\/en\/#organization","name":"Ruuby Disain O\u00dc","alternateName":"Ruuby","url":"https:\/\/ruuby.ee\/en\/","logo":{"@type":"ImageObject","inLanguage":"en-GB","@id":"https:\/\/ruuby.ee\/en\/#\/schema\/logo\/image\/","url":"http:\/\/ruuby.ee\/wp-content\/uploads\/2023\/06\/cropped-Black-White-Elegant-Circle-Signature-Fashion-Logo-12_large.png","contentUrl":"http:\/\/ruuby.ee\/wp-content\/uploads\/2023\/06\/cropped-Black-White-Elegant-Circle-Signature-Fashion-Logo-12_large.png","width":1280,"height":747,"caption":"Ruuby Disain O\u00dc"},"image":{"@id":"https:\/\/ruuby.ee\/en\/#\/schema\/logo\/image\/"},"sameAs":["https:\/\/www.facebook.com\/ruubyconcept","https:\/\/www.instagram.com\/ruuby_concept\/"]}]}},"jetpack_sharing_enabled":true,"_links":{"self":[{"href":"http:\/\/ruuby.ee\/en\/wp-json\/wp\/v2\/product\/1840897","targetHints":{"allow":["GET"]}}],"collection":[{"href":"http:\/\/ruuby.ee\/en\/wp-json\/wp\/v2\/product"}],"about":[{"href":"http:\/\/ruuby.ee\/en\/wp-json\/wp\/v2\/types\/product"}],"replies":[{"embeddable":true,"href":"http:\/\/ruuby.ee\/en\/wp-json\/wp\/v2\/comments?post=1840897"}],"wp:featuredmedia":[{"embeddable":true,"href":"http:\/\/ruuby.ee\/en\/wp-json\/wp\/v2\/media\/1853296"}],"wp:attachment":[{"href":"http:\/\/ruuby.ee\/en\/wp-json\/wp\/v2\/media?parent=1840897"}],"wp:term":[{"taxonomy":"product_brand","embeddable":true,"href":"http:\/\/ruuby.ee\/en\/wp-json\/wp\/v2\/product_brand?post=1840897"},{"taxonomy":"product_cat","embeddable":true,"href":"http:\/\/ruuby.ee\/en\/wp-json\/wp\/v2\/product_cat?post=1840897"},{"taxonomy":"product_tag","embeddable":true,"href":"http:\/\/ruuby.ee\/en\/wp-json\/wp\/v2\/product_tag?post=1840897"}],"curies":[{"name":"wp","href":"https:\/\/api.w.org\/{rel}","templated":true}]}}