{"id":1840882,"date":"2023-11-17T13:14:24","date_gmt":"2023-11-17T11:14:24","guid":{"rendered":"http:\/\/ruuby.ee\/?post_type=product&#038;p=1840882"},"modified":"2026-04-08T01:28:37","modified_gmt":"2026-04-07T22:28:37","slug":"umage-sante-floor-porandalambi-statiiv","status":"publish","type":"product","link":"http:\/\/ruuby.ee\/en\/pood\/kodusisustus\/valgustus\/lisad\/umage-sante-floor-porandalambi-statiiv\/","title":{"rendered":"UMAGE &#8211; Sant\u00e9 floor, p\u00f5randalambi statiiv"},"content":{"rendered":"<p>Kujutage ette rippvalgustit\u2026 tagurpidi, \u00f5rnalt p\u00f5randalt t\u00f5ustes. See on Sant\u00e9 eriline j\u00f5ud! Sant\u00e9 on glamuurne alus, mis on loodud teie igap\u00e4evaste pidustuste elegantseks kaaslaseks, mis on saadaval harjatud terasest, harjatud messingist, mustast ja valgest. Lambivarju v\u00f5i lambipirniga kombineerituna sobib selle vastupidav, kuid peen disain ideaalselt igasse elutuppa, magamistuppa v\u00f5i esikusse. Valgus liigub kiiresti, erakordsed kujundused p\u00fcsivad.<\/p>\n<p>Pirn ei kuulu komplekti.<\/p>\n<p>Kaal: 3,3 kg<\/p>\n<p>M\u00f5\u00f5dud: \u00d8: 38 x K: 140,0 cm<\/p>\n<p>Materjal: Alumiinium, teras, MDF ja ABS<\/p>","protected":false},"excerpt":{"rendered":"<p>Kujutage ette rippvalgustit\u2026 tagurpidi, \u00f5rnalt p\u00f5randalt t\u00f5ustes. See on Sant\u00e9 eriline j\u00f5ud! Sant\u00e9 on glamuurne alus, mis on loodud teie igap\u00e4evaste pidustuste elegantseks kaaslaseks, mis on saadaval harjatud terasest, harjatud messingist, mustast ja valgest. Lambivarju v\u00f5i lambipirniga kombineerituna sobib selle vastupidav, kuid peen disain ideaalselt igasse elutuppa, magamistuppa v\u00f5i esikusse. Valgus liigub kiiresti, erakordsed kujundused [&hellip;]<\/p>\n","protected":false},"featured_media":1840891,"comment_status":"open","ping_status":"closed","template":"","meta":[],"product_brand":[],"product_cat":[800,59],"product_tag":[806,150],"class_list":{"0":"post-1840882","1":"product","2":"type-product","3":"status-publish","4":"has-post-thumbnail","6":"product_cat-lisad","7":"product_cat-valgustus","8":"product_tag-statiiv","9":"product_tag-umage","11":"first","12":"onbackorder","13":"taxable","14":"shipping-taxable","15":"purchasable","16":"product-type-variable","17":"rtwpvs-product"},"yoast_head":"<!-- This site is optimized with the Yoast SEO plugin v27.3 - https:\/\/yoast.com\/product\/yoast-seo-wordpress\/ -->\n<title>UMAGE - Sant\u00e9 floor, p\u00f5randalambi statiiv - RUUBY<\/title>\n<meta name=\"robots\" content=\"index, follow, max-snippet:-1, max-image-preview:large, max-video-preview:-1\" \/>\n<link rel=\"canonical\" href=\"http:\/\/ruuby.ee\/en\/pood\/kodusisustus\/valgustus\/lisad\/umage-sante-floor-porandalambi-statiiv\/\" \/>\n<meta property=\"og:locale\" content=\"en_GB\" \/>\n<meta property=\"og:type\" content=\"article\" \/>\n<meta property=\"og:title\" content=\"UMAGE - Sant\u00e9 floor, p\u00f5randalambi statiiv - RUUBY\" \/>\n<meta property=\"og:description\" content=\"Kujutage ette rippvalgustit\u2026 tagurpidi, \u00f5rnalt p\u00f5randalt t\u00f5ustes. See on Sant\u00e9 eriline j\u00f5ud! Sant\u00e9 on glamuurne alus, mis on loodud teie igap\u00e4evaste pidustuste elegantseks kaaslaseks, mis on saadaval harjatud terasest, harjatud messingist, mustast ja valgest. Lambivarju v\u00f5i lambipirniga kombineerituna sobib selle vastupidav, kuid peen disain ideaalselt igasse elutuppa, magamistuppa v\u00f5i esikusse. Valgus liigub kiiresti, erakordsed kujundused [&hellip;]\" \/>\n<meta property=\"og:url\" content=\"http:\/\/ruuby.ee\/en\/pood\/kodusisustus\/valgustus\/lisad\/umage-sante-floor-porandalambi-statiiv\/\" \/>\n<meta property=\"og:site_name\" content=\"RUUBY\" \/>\n<meta property=\"article:publisher\" content=\"https:\/\/www.facebook.com\/ruubyconcept\" \/>\n<meta property=\"article:modified_time\" content=\"2026-04-07T22:28:37+00:00\" \/>\n<meta property=\"og:image\" content=\"http:\/\/ruuby.ee\/wp-content\/uploads\/2023\/11\/Screenshot-2023-11-17-at-13.08.52.png\" \/>\n\t<meta property=\"og:image:width\" content=\"978\" \/>\n\t<meta property=\"og:image:height\" content=\"1082\" \/>\n\t<meta property=\"og:image:type\" content=\"image\/png\" \/>\n<meta name=\"twitter:card\" content=\"summary_large_image\" \/>\n<meta name=\"twitter:label1\" content=\"Estimated reading time\" \/>\n\t<meta name=\"twitter:data1\" content=\"1 minute\" \/>\n<script type=\"application\/ld+json\" class=\"yoast-schema-graph\">{\"@context\":\"https:\\\/\\\/schema.org\",\"@graph\":[{\"@type\":[\"WebPage\",\"ItemPage\"],\"@id\":\"http:\\\/\\\/ruuby.ee\\\/pood\\\/kodusisustus\\\/valgustus\\\/lisad\\\/umage-sante-floor-porandalambi-statiiv\\\/\",\"url\":\"http:\\\/\\\/ruuby.ee\\\/pood\\\/kodusisustus\\\/valgustus\\\/lisad\\\/umage-sante-floor-porandalambi-statiiv\\\/\",\"name\":\"UMAGE - Sant\u00e9 floor, p\u00f5randalambi statiiv - RUUBY\",\"isPartOf\":{\"@id\":\"http:\\\/\\\/ruuby.ee\\\/#website\"},\"primaryImageOfPage\":{\"@id\":\"http:\\\/\\\/ruuby.ee\\\/pood\\\/kodusisustus\\\/valgustus\\\/lisad\\\/umage-sante-floor-porandalambi-statiiv\\\/#primaryimage\"},\"image\":{\"@id\":\"http:\\\/\\\/ruuby.ee\\\/pood\\\/kodusisustus\\\/valgustus\\\/lisad\\\/umage-sante-floor-porandalambi-statiiv\\\/#primaryimage\"},\"thumbnailUrl\":\"http:\\\/\\\/ruuby.ee\\\/wp-content\\\/uploads\\\/2023\\\/11\\\/Screenshot-2023-11-17-at-13.08.52.png\",\"datePublished\":\"2023-11-17T11:14:24+00:00\",\"dateModified\":\"2026-04-07T22:28:37+00:00\",\"breadcrumb\":{\"@id\":\"http:\\\/\\\/ruuby.ee\\\/pood\\\/kodusisustus\\\/valgustus\\\/lisad\\\/umage-sante-floor-porandalambi-statiiv\\\/#breadcrumb\"},\"inLanguage\":\"en-GB\",\"potentialAction\":[{\"@type\":\"ReadAction\",\"target\":[\"http:\\\/\\\/ruuby.ee\\\/pood\\\/kodusisustus\\\/valgustus\\\/lisad\\\/umage-sante-floor-porandalambi-statiiv\\\/\"]}]},{\"@type\":\"ImageObject\",\"inLanguage\":\"en-GB\",\"@id\":\"http:\\\/\\\/ruuby.ee\\\/pood\\\/kodusisustus\\\/valgustus\\\/lisad\\\/umage-sante-floor-porandalambi-statiiv\\\/#primaryimage\",\"url\":\"http:\\\/\\\/ruuby.ee\\\/wp-content\\\/uploads\\\/2023\\\/11\\\/Screenshot-2023-11-17-at-13.08.52.png\",\"contentUrl\":\"http:\\\/\\\/ruuby.ee\\\/wp-content\\\/uploads\\\/2023\\\/11\\\/Screenshot-2023-11-17-at-13.08.52.png\",\"width\":978,\"height\":1082},{\"@type\":\"BreadcrumbList\",\"@id\":\"http:\\\/\\\/ruuby.ee\\\/pood\\\/kodusisustus\\\/valgustus\\\/lisad\\\/umage-sante-floor-porandalambi-statiiv\\\/#breadcrumb\",\"itemListElement\":[{\"@type\":\"ListItem\",\"position\":1,\"name\":\"Kdu\",\"item\":\"http:\\\/\\\/ruuby.ee\\\/\"},{\"@type\":\"ListItem\",\"position\":2,\"name\":\"Pood\",\"item\":\"http:\\\/\\\/ruuby.ee\\\/pood\\\/\"},{\"@type\":\"ListItem\",\"position\":3,\"name\":\"UMAGE &#8211; Sant\u00e9 floor, p\u00f5randalambi statiiv\"}]},{\"@type\":\"WebSite\",\"@id\":\"http:\\\/\\\/ruuby.ee\\\/#website\",\"url\":\"http:\\\/\\\/ruuby.ee\\\/\",\"name\":\"RUUBY\",\"description\":\"Ruubys on \u00fchendatud elustiil ja disain\",\"publisher\":{\"@id\":\"http:\\\/\\\/ruuby.ee\\\/#organization\"},\"alternateName\":\"Ruuby Disain\",\"potentialAction\":[{\"@type\":\"SearchAction\",\"target\":{\"@type\":\"EntryPoint\",\"urlTemplate\":\"http:\\\/\\\/ruuby.ee\\\/?s={search_term_string}\"},\"query-input\":{\"@type\":\"PropertyValueSpecification\",\"valueRequired\":true,\"valueName\":\"search_term_string\"}}],\"inLanguage\":\"en-GB\"},{\"@type\":\"Organization\",\"@id\":\"http:\\\/\\\/ruuby.ee\\\/#organization\",\"name\":\"Ruuby Disain O\u00dc\",\"alternateName\":\"Ruuby\",\"url\":\"http:\\\/\\\/ruuby.ee\\\/\",\"logo\":{\"@type\":\"ImageObject\",\"inLanguage\":\"en-GB\",\"@id\":\"http:\\\/\\\/ruuby.ee\\\/#\\\/schema\\\/logo\\\/image\\\/\",\"url\":\"http:\\\/\\\/ruuby.ee\\\/wp-content\\\/uploads\\\/2023\\\/06\\\/cropped-Black-White-Elegant-Circle-Signature-Fashion-Logo-12_large.png\",\"contentUrl\":\"http:\\\/\\\/ruuby.ee\\\/wp-content\\\/uploads\\\/2023\\\/06\\\/cropped-Black-White-Elegant-Circle-Signature-Fashion-Logo-12_large.png\",\"width\":1280,\"height\":747,\"caption\":\"Ruuby Disain O\u00dc\"},\"image\":{\"@id\":\"http:\\\/\\\/ruuby.ee\\\/#\\\/schema\\\/logo\\\/image\\\/\"},\"sameAs\":[\"https:\\\/\\\/www.facebook.com\\\/ruubyconcept\",\"https:\\\/\\\/www.instagram.com\\\/ruuby_concept\\\/\"]}]}<\/script>\n<!-- \/ Yoast SEO plugin. -->","yoast_head_json":{"title":"UMAGE - Sant\u00e9 floor, p\u00f5randalambi statiiv - RUUBY","robots":{"index":"index","follow":"follow","max-snippet":"max-snippet:-1","max-image-preview":"max-image-preview:large","max-video-preview":"max-video-preview:-1"},"canonical":"http:\/\/ruuby.ee\/en\/pood\/kodusisustus\/valgustus\/lisad\/umage-sante-floor-porandalambi-statiiv\/","og_locale":"en_GB","og_type":"article","og_title":"UMAGE - Sant\u00e9 floor, p\u00f5randalambi statiiv - RUUBY","og_description":"Kujutage ette rippvalgustit\u2026 tagurpidi, \u00f5rnalt p\u00f5randalt t\u00f5ustes. See on Sant\u00e9 eriline j\u00f5ud! Sant\u00e9 on glamuurne alus, mis on loodud teie igap\u00e4evaste pidustuste elegantseks kaaslaseks, mis on saadaval harjatud terasest, harjatud messingist, mustast ja valgest. Lambivarju v\u00f5i lambipirniga kombineerituna sobib selle vastupidav, kuid peen disain ideaalselt igasse elutuppa, magamistuppa v\u00f5i esikusse. Valgus liigub kiiresti, erakordsed kujundused [&hellip;]","og_url":"http:\/\/ruuby.ee\/en\/pood\/kodusisustus\/valgustus\/lisad\/umage-sante-floor-porandalambi-statiiv\/","og_site_name":"RUUBY","article_publisher":"https:\/\/www.facebook.com\/ruubyconcept","article_modified_time":"2026-04-07T22:28:37+00:00","og_image":[{"width":978,"height":1082,"url":"http:\/\/ruuby.ee\/wp-content\/uploads\/2023\/11\/Screenshot-2023-11-17-at-13.08.52.png","type":"image\/png"}],"twitter_card":"summary_large_image","twitter_misc":{"Estimated reading time":"1 minute"},"schema":{"@context":"https:\/\/schema.org","@graph":[{"@type":["WebPage","ItemPage"],"@id":"http:\/\/ruuby.ee\/pood\/kodusisustus\/valgustus\/lisad\/umage-sante-floor-porandalambi-statiiv\/","url":"http:\/\/ruuby.ee\/pood\/kodusisustus\/valgustus\/lisad\/umage-sante-floor-porandalambi-statiiv\/","name":"UMAGE - Sant\u00e9 floor, p\u00f5randalambi statiiv - RUUBY","isPartOf":{"@id":"http:\/\/ruuby.ee\/#website"},"primaryImageOfPage":{"@id":"http:\/\/ruuby.ee\/pood\/kodusisustus\/valgustus\/lisad\/umage-sante-floor-porandalambi-statiiv\/#primaryimage"},"image":{"@id":"http:\/\/ruuby.ee\/pood\/kodusisustus\/valgustus\/lisad\/umage-sante-floor-porandalambi-statiiv\/#primaryimage"},"thumbnailUrl":"http:\/\/ruuby.ee\/wp-content\/uploads\/2023\/11\/Screenshot-2023-11-17-at-13.08.52.png","datePublished":"2023-11-17T11:14:24+00:00","dateModified":"2026-04-07T22:28:37+00:00","breadcrumb":{"@id":"http:\/\/ruuby.ee\/pood\/kodusisustus\/valgustus\/lisad\/umage-sante-floor-porandalambi-statiiv\/#breadcrumb"},"inLanguage":"en-GB","potentialAction":[{"@type":"ReadAction","target":["http:\/\/ruuby.ee\/pood\/kodusisustus\/valgustus\/lisad\/umage-sante-floor-porandalambi-statiiv\/"]}]},{"@type":"ImageObject","inLanguage":"en-GB","@id":"http:\/\/ruuby.ee\/pood\/kodusisustus\/valgustus\/lisad\/umage-sante-floor-porandalambi-statiiv\/#primaryimage","url":"http:\/\/ruuby.ee\/wp-content\/uploads\/2023\/11\/Screenshot-2023-11-17-at-13.08.52.png","contentUrl":"http:\/\/ruuby.ee\/wp-content\/uploads\/2023\/11\/Screenshot-2023-11-17-at-13.08.52.png","width":978,"height":1082},{"@type":"BreadcrumbList","@id":"http:\/\/ruuby.ee\/pood\/kodusisustus\/valgustus\/lisad\/umage-sante-floor-porandalambi-statiiv\/#breadcrumb","itemListElement":[{"@type":"ListItem","position":1,"name":"Kdu","item":"http:\/\/ruuby.ee\/"},{"@type":"ListItem","position":2,"name":"Pood","item":"http:\/\/ruuby.ee\/pood\/"},{"@type":"ListItem","position":3,"name":"UMAGE &#8211; Sant\u00e9 floor, p\u00f5randalambi statiiv"}]},{"@type":"WebSite","@id":"http:\/\/ruuby.ee\/#website","url":"http:\/\/ruuby.ee\/","name":"RUUBY","description":"Ruubys on \u00fchendatud elustiil ja disain","publisher":{"@id":"http:\/\/ruuby.ee\/#organization"},"alternateName":"Ruuby Disain","potentialAction":[{"@type":"SearchAction","target":{"@type":"EntryPoint","urlTemplate":"http:\/\/ruuby.ee\/?s={search_term_string}"},"query-input":{"@type":"PropertyValueSpecification","valueRequired":true,"valueName":"search_term_string"}}],"inLanguage":"en-GB"},{"@type":"Organization","@id":"http:\/\/ruuby.ee\/#organization","name":"Ruuby Disain O\u00dc","alternateName":"Ruuby","url":"http:\/\/ruuby.ee\/","logo":{"@type":"ImageObject","inLanguage":"en-GB","@id":"http:\/\/ruuby.ee\/#\/schema\/logo\/image\/","url":"http:\/\/ruuby.ee\/wp-content\/uploads\/2023\/06\/cropped-Black-White-Elegant-Circle-Signature-Fashion-Logo-12_large.png","contentUrl":"http:\/\/ruuby.ee\/wp-content\/uploads\/2023\/06\/cropped-Black-White-Elegant-Circle-Signature-Fashion-Logo-12_large.png","width":1280,"height":747,"caption":"Ruuby Disain O\u00dc"},"image":{"@id":"http:\/\/ruuby.ee\/#\/schema\/logo\/image\/"},"sameAs":["https:\/\/www.facebook.com\/ruubyconcept","https:\/\/www.instagram.com\/ruuby_concept\/"]}]}},"jetpack_sharing_enabled":true,"_links":{"self":[{"href":"http:\/\/ruuby.ee\/en\/wp-json\/wp\/v2\/product\/1840882","targetHints":{"allow":["GET"]}}],"collection":[{"href":"http:\/\/ruuby.ee\/en\/wp-json\/wp\/v2\/product"}],"about":[{"href":"http:\/\/ruuby.ee\/en\/wp-json\/wp\/v2\/types\/product"}],"replies":[{"embeddable":true,"href":"http:\/\/ruuby.ee\/en\/wp-json\/wp\/v2\/comments?post=1840882"}],"wp:featuredmedia":[{"embeddable":true,"href":"http:\/\/ruuby.ee\/en\/wp-json\/wp\/v2\/media\/1840891"}],"wp:attachment":[{"href":"http:\/\/ruuby.ee\/en\/wp-json\/wp\/v2\/media?parent=1840882"}],"wp:term":[{"taxonomy":"product_brand","embeddable":true,"href":"http:\/\/ruuby.ee\/en\/wp-json\/wp\/v2\/product_brand?post=1840882"},{"taxonomy":"product_cat","embeddable":true,"href":"http:\/\/ruuby.ee\/en\/wp-json\/wp\/v2\/product_cat?post=1840882"},{"taxonomy":"product_tag","embeddable":true,"href":"http:\/\/ruuby.ee\/en\/wp-json\/wp\/v2\/product_tag?post=1840882"}],"curies":[{"name":"wp","href":"https:\/\/api.w.org\/{rel}","templated":true}]}}