{"id":1840868,"date":"2023-11-17T13:00:43","date_gmt":"2023-11-17T11:00:43","guid":{"rendered":"http:\/\/ruuby.ee\/?post_type=product&#038;p=1840868"},"modified":"2026-04-03T01:24:37","modified_gmt":"2026-04-02T22:24:37","slug":"umage-rosette-canopy-e27","status":"publish","type":"product","link":"http:\/\/ruuby.ee\/en\/pood\/kodusisustus\/valgustus\/lisad\/umage-rosette-canopy-e27\/","title":{"rendered":"UMAGE &#8211; Rosette, Canopy E27"},"content":{"rendered":"<p>Minimalistlik ja funktsionaalne \u2013 Rosette on metallist sokkel, mis toob teie lambivarjus v\u00e4lja parima. Valmistatud terasest ja saadaval nii musta kui valgena, saad selle sokli paigaldada otse elektrikontakti v\u00f5i selle k\u00f5rvale. Lihtsalt \u00fchenda see oma lemmiklambivarjuga ja pane oma kodu parimasse valgusesse!<\/p>\n<p>Pirn ei kuulu komplekti.<\/p>\n<p>M\u00f5\u00f5dud: 2.5 cm<\/p>\n<p>Materjal: Teras ja PS, sh. 2,1 m \/ \u00a0tekstiilist n\u00f6\u00f6r ja metallist sokkel<\/p>","protected":false},"excerpt":{"rendered":"<p>Minimalistlik ja funktsionaalne \u2013 Rosette on metallist sokkel, mis toob teie lambivarjus v\u00e4lja parima. Valmistatud terasest ja saadaval nii musta kui valgena, saad selle sokli paigaldada otse elektrikontakti v\u00f5i selle k\u00f5rvale. Lihtsalt \u00fchenda see oma lemmiklambivarjuga ja pane oma kodu parimasse valgusesse! Pirn ei kuulu komplekti. M\u00f5\u00f5dud: 2.5 cm Materjal: Teras ja PS, sh. 2,1 [&hellip;]<\/p>\n","protected":false},"featured_media":1852334,"comment_status":"open","ping_status":"closed","template":"","meta":[],"product_brand":[],"product_cat":[42,800,59],"product_tag":[803,150],"class_list":{"0":"post-1840868","1":"product","2":"type-product","3":"status-publish","4":"has-post-thumbnail","6":"product_cat-kodusisustus","7":"product_cat-lisad","8":"product_cat-valgustus","9":"product_tag-rosette","10":"product_tag-umage","12":"first","13":"onbackorder","14":"taxable","15":"shipping-taxable","16":"purchasable","17":"product-type-variable","18":"rtwpvs-product"},"yoast_head":"<!-- This site is optimized with the Yoast SEO plugin v27.2 - https:\/\/yoast.com\/product\/yoast-seo-wordpress\/ -->\n<title>UMAGE - Rosette, Canopy E27 - RUUBY<\/title>\n<meta name=\"robots\" content=\"index, follow, max-snippet:-1, max-image-preview:large, max-video-preview:-1\" \/>\n<link rel=\"canonical\" href=\"http:\/\/ruuby.ee\/en\/pood\/kodusisustus\/valgustus\/lisad\/umage-rosette-canopy-e27\/\" \/>\n<meta property=\"og:locale\" content=\"en_GB\" \/>\n<meta property=\"og:type\" content=\"article\" \/>\n<meta property=\"og:title\" content=\"UMAGE - Rosette, Canopy E27 - RUUBY\" \/>\n<meta property=\"og:description\" content=\"Minimalistlik ja funktsionaalne \u2013 Rosette on metallist sokkel, mis toob teie lambivarjus v\u00e4lja parima. Valmistatud terasest ja saadaval nii musta kui valgena, saad selle sokli paigaldada otse elektrikontakti v\u00f5i selle k\u00f5rvale. Lihtsalt \u00fchenda see oma lemmiklambivarjuga ja pane oma kodu parimasse valgusesse! Pirn ei kuulu komplekti. M\u00f5\u00f5dud: 2.5 cm Materjal: Teras ja PS, sh. 2,1 [&hellip;]\" \/>\n<meta property=\"og:url\" content=\"http:\/\/ruuby.ee\/en\/pood\/kodusisustus\/valgustus\/lisad\/umage-rosette-canopy-e27\/\" \/>\n<meta property=\"og:site_name\" content=\"RUUBY\" \/>\n<meta property=\"article:publisher\" content=\"https:\/\/www.facebook.com\/ruubyconcept\" \/>\n<meta property=\"article:modified_time\" content=\"2026-04-02T22:24:37+00:00\" \/>\n<meta property=\"og:image\" content=\"http:\/\/ruuby.ee\/wp-content\/uploads\/2023\/11\/Screenshot-2025-03-27-at-11.43.50.png\" \/>\n\t<meta property=\"og:image:width\" content=\"1596\" \/>\n\t<meta property=\"og:image:height\" content=\"1138\" \/>\n\t<meta property=\"og:image:type\" content=\"image\/png\" \/>\n<meta name=\"twitter:card\" content=\"summary_large_image\" \/>\n<meta name=\"twitter:label1\" content=\"Estimated reading time\" \/>\n\t<meta name=\"twitter:data1\" content=\"1 minute\" \/>\n<script type=\"application\/ld+json\" class=\"yoast-schema-graph\">{\"@context\":\"https:\/\/schema.org\",\"@graph\":[{\"@type\":[\"WebPage\",\"ItemPage\"],\"@id\":\"http:\/\/ruuby.ee\/en\/pood\/kodusisustus\/valgustus\/lisad\/umage-rosette-canopy-e27\/\",\"url\":\"http:\/\/ruuby.ee\/en\/pood\/kodusisustus\/valgustus\/lisad\/umage-rosette-canopy-e27\/\",\"name\":\"UMAGE - Rosette, Canopy E27 - RUUBY\",\"isPartOf\":{\"@id\":\"https:\/\/ruuby.ee\/en\/#website\"},\"primaryImageOfPage\":{\"@id\":\"http:\/\/ruuby.ee\/en\/pood\/kodusisustus\/valgustus\/lisad\/umage-rosette-canopy-e27\/#primaryimage\"},\"image\":{\"@id\":\"http:\/\/ruuby.ee\/en\/pood\/kodusisustus\/valgustus\/lisad\/umage-rosette-canopy-e27\/#primaryimage\"},\"thumbnailUrl\":\"http:\/\/ruuby.ee\/wp-content\/uploads\/2023\/11\/Screenshot-2025-03-27-at-11.43.50.png\",\"datePublished\":\"2023-11-17T11:00:43+00:00\",\"dateModified\":\"2026-04-02T22:24:37+00:00\",\"breadcrumb\":{\"@id\":\"http:\/\/ruuby.ee\/en\/pood\/kodusisustus\/valgustus\/lisad\/umage-rosette-canopy-e27\/#breadcrumb\"},\"inLanguage\":\"en-GB\",\"potentialAction\":[{\"@type\":\"ReadAction\",\"target\":[\"http:\/\/ruuby.ee\/en\/pood\/kodusisustus\/valgustus\/lisad\/umage-rosette-canopy-e27\/\"]}]},{\"@type\":\"ImageObject\",\"inLanguage\":\"en-GB\",\"@id\":\"http:\/\/ruuby.ee\/en\/pood\/kodusisustus\/valgustus\/lisad\/umage-rosette-canopy-e27\/#primaryimage\",\"url\":\"http:\/\/ruuby.ee\/wp-content\/uploads\/2023\/11\/Screenshot-2025-03-27-at-11.43.50.png\",\"contentUrl\":\"http:\/\/ruuby.ee\/wp-content\/uploads\/2023\/11\/Screenshot-2025-03-27-at-11.43.50.png\",\"width\":1596,\"height\":1138},{\"@type\":\"BreadcrumbList\",\"@id\":\"http:\/\/ruuby.ee\/en\/pood\/kodusisustus\/valgustus\/lisad\/umage-rosette-canopy-e27\/#breadcrumb\",\"itemListElement\":[{\"@type\":\"ListItem\",\"position\":1,\"name\":\"Kdu\",\"item\":\"https:\/\/ruuby.ee\/en\/\"},{\"@type\":\"ListItem\",\"position\":2,\"name\":\"Pood\",\"item\":\"https:\/\/ruuby.ee\/pood\/\"},{\"@type\":\"ListItem\",\"position\":3,\"name\":\"UMAGE &#8211; Rosette, Canopy E27\"}]},{\"@type\":\"WebSite\",\"@id\":\"https:\/\/ruuby.ee\/en\/#website\",\"url\":\"https:\/\/ruuby.ee\/en\/\",\"name\":\"RUUBY\",\"description\":\"Ruubys on \u00fchendatud elustiil ja disain\",\"publisher\":{\"@id\":\"https:\/\/ruuby.ee\/en\/#organization\"},\"alternateName\":\"Ruuby Disain\",\"potentialAction\":[{\"@type\":\"SearchAction\",\"target\":{\"@type\":\"EntryPoint\",\"urlTemplate\":\"https:\/\/ruuby.ee\/en\/?s={search_term_string}\"},\"query-input\":{\"@type\":\"PropertyValueSpecification\",\"valueRequired\":true,\"valueName\":\"search_term_string\"}}],\"inLanguage\":\"en-GB\"},{\"@type\":\"Organization\",\"@id\":\"https:\/\/ruuby.ee\/en\/#organization\",\"name\":\"Ruuby Disain O\u00dc\",\"alternateName\":\"Ruuby\",\"url\":\"https:\/\/ruuby.ee\/en\/\",\"logo\":{\"@type\":\"ImageObject\",\"inLanguage\":\"en-GB\",\"@id\":\"https:\/\/ruuby.ee\/en\/#\/schema\/logo\/image\/\",\"url\":\"http:\/\/ruuby.ee\/wp-content\/uploads\/2023\/06\/cropped-Black-White-Elegant-Circle-Signature-Fashion-Logo-12_large.png\",\"contentUrl\":\"http:\/\/ruuby.ee\/wp-content\/uploads\/2023\/06\/cropped-Black-White-Elegant-Circle-Signature-Fashion-Logo-12_large.png\",\"width\":1280,\"height\":747,\"caption\":\"Ruuby Disain O\u00dc\"},\"image\":{\"@id\":\"https:\/\/ruuby.ee\/en\/#\/schema\/logo\/image\/\"},\"sameAs\":[\"https:\/\/www.facebook.com\/ruubyconcept\",\"https:\/\/www.instagram.com\/ruuby_concept\/\"]}]}<\/script>\n<!-- \/ Yoast SEO plugin. -->","yoast_head_json":{"title":"UMAGE - Rosette, Canopy E27 - RUUBY","robots":{"index":"index","follow":"follow","max-snippet":"max-snippet:-1","max-image-preview":"max-image-preview:large","max-video-preview":"max-video-preview:-1"},"canonical":"http:\/\/ruuby.ee\/en\/pood\/kodusisustus\/valgustus\/lisad\/umage-rosette-canopy-e27\/","og_locale":"en_GB","og_type":"article","og_title":"UMAGE - Rosette, Canopy E27 - RUUBY","og_description":"Minimalistlik ja funktsionaalne \u2013 Rosette on metallist sokkel, mis toob teie lambivarjus v\u00e4lja parima. Valmistatud terasest ja saadaval nii musta kui valgena, saad selle sokli paigaldada otse elektrikontakti v\u00f5i selle k\u00f5rvale. Lihtsalt \u00fchenda see oma lemmiklambivarjuga ja pane oma kodu parimasse valgusesse! Pirn ei kuulu komplekti. M\u00f5\u00f5dud: 2.5 cm Materjal: Teras ja PS, sh. 2,1 [&hellip;]","og_url":"http:\/\/ruuby.ee\/en\/pood\/kodusisustus\/valgustus\/lisad\/umage-rosette-canopy-e27\/","og_site_name":"RUUBY","article_publisher":"https:\/\/www.facebook.com\/ruubyconcept","article_modified_time":"2026-04-02T22:24:37+00:00","og_image":[{"width":1596,"height":1138,"url":"http:\/\/ruuby.ee\/wp-content\/uploads\/2023\/11\/Screenshot-2025-03-27-at-11.43.50.png","type":"image\/png"}],"twitter_card":"summary_large_image","twitter_misc":{"Estimated reading time":"1 minute"},"schema":{"@context":"https:\/\/schema.org","@graph":[{"@type":["WebPage","ItemPage"],"@id":"http:\/\/ruuby.ee\/en\/pood\/kodusisustus\/valgustus\/lisad\/umage-rosette-canopy-e27\/","url":"http:\/\/ruuby.ee\/en\/pood\/kodusisustus\/valgustus\/lisad\/umage-rosette-canopy-e27\/","name":"UMAGE - Rosette, Canopy E27 - RUUBY","isPartOf":{"@id":"https:\/\/ruuby.ee\/en\/#website"},"primaryImageOfPage":{"@id":"http:\/\/ruuby.ee\/en\/pood\/kodusisustus\/valgustus\/lisad\/umage-rosette-canopy-e27\/#primaryimage"},"image":{"@id":"http:\/\/ruuby.ee\/en\/pood\/kodusisustus\/valgustus\/lisad\/umage-rosette-canopy-e27\/#primaryimage"},"thumbnailUrl":"http:\/\/ruuby.ee\/wp-content\/uploads\/2023\/11\/Screenshot-2025-03-27-at-11.43.50.png","datePublished":"2023-11-17T11:00:43+00:00","dateModified":"2026-04-02T22:24:37+00:00","breadcrumb":{"@id":"http:\/\/ruuby.ee\/en\/pood\/kodusisustus\/valgustus\/lisad\/umage-rosette-canopy-e27\/#breadcrumb"},"inLanguage":"en-GB","potentialAction":[{"@type":"ReadAction","target":["http:\/\/ruuby.ee\/en\/pood\/kodusisustus\/valgustus\/lisad\/umage-rosette-canopy-e27\/"]}]},{"@type":"ImageObject","inLanguage":"en-GB","@id":"http:\/\/ruuby.ee\/en\/pood\/kodusisustus\/valgustus\/lisad\/umage-rosette-canopy-e27\/#primaryimage","url":"http:\/\/ruuby.ee\/wp-content\/uploads\/2023\/11\/Screenshot-2025-03-27-at-11.43.50.png","contentUrl":"http:\/\/ruuby.ee\/wp-content\/uploads\/2023\/11\/Screenshot-2025-03-27-at-11.43.50.png","width":1596,"height":1138},{"@type":"BreadcrumbList","@id":"http:\/\/ruuby.ee\/en\/pood\/kodusisustus\/valgustus\/lisad\/umage-rosette-canopy-e27\/#breadcrumb","itemListElement":[{"@type":"ListItem","position":1,"name":"Kdu","item":"https:\/\/ruuby.ee\/en\/"},{"@type":"ListItem","position":2,"name":"Pood","item":"https:\/\/ruuby.ee\/pood\/"},{"@type":"ListItem","position":3,"name":"UMAGE &#8211; Rosette, Canopy E27"}]},{"@type":"WebSite","@id":"https:\/\/ruuby.ee\/en\/#website","url":"https:\/\/ruuby.ee\/en\/","name":"RUUBY","description":"Ruubys on \u00fchendatud elustiil ja disain","publisher":{"@id":"https:\/\/ruuby.ee\/en\/#organization"},"alternateName":"Ruuby Disain","potentialAction":[{"@type":"SearchAction","target":{"@type":"EntryPoint","urlTemplate":"https:\/\/ruuby.ee\/en\/?s={search_term_string}"},"query-input":{"@type":"PropertyValueSpecification","valueRequired":true,"valueName":"search_term_string"}}],"inLanguage":"en-GB"},{"@type":"Organization","@id":"https:\/\/ruuby.ee\/en\/#organization","name":"Ruuby Disain O\u00dc","alternateName":"Ruuby","url":"https:\/\/ruuby.ee\/en\/","logo":{"@type":"ImageObject","inLanguage":"en-GB","@id":"https:\/\/ruuby.ee\/en\/#\/schema\/logo\/image\/","url":"http:\/\/ruuby.ee\/wp-content\/uploads\/2023\/06\/cropped-Black-White-Elegant-Circle-Signature-Fashion-Logo-12_large.png","contentUrl":"http:\/\/ruuby.ee\/wp-content\/uploads\/2023\/06\/cropped-Black-White-Elegant-Circle-Signature-Fashion-Logo-12_large.png","width":1280,"height":747,"caption":"Ruuby Disain O\u00dc"},"image":{"@id":"https:\/\/ruuby.ee\/en\/#\/schema\/logo\/image\/"},"sameAs":["https:\/\/www.facebook.com\/ruubyconcept","https:\/\/www.instagram.com\/ruuby_concept\/"]}]}},"jetpack_sharing_enabled":true,"_links":{"self":[{"href":"http:\/\/ruuby.ee\/en\/wp-json\/wp\/v2\/product\/1840868","targetHints":{"allow":["GET"]}}],"collection":[{"href":"http:\/\/ruuby.ee\/en\/wp-json\/wp\/v2\/product"}],"about":[{"href":"http:\/\/ruuby.ee\/en\/wp-json\/wp\/v2\/types\/product"}],"replies":[{"embeddable":true,"href":"http:\/\/ruuby.ee\/en\/wp-json\/wp\/v2\/comments?post=1840868"}],"wp:featuredmedia":[{"embeddable":true,"href":"http:\/\/ruuby.ee\/en\/wp-json\/wp\/v2\/media\/1852334"}],"wp:attachment":[{"href":"http:\/\/ruuby.ee\/en\/wp-json\/wp\/v2\/media?parent=1840868"}],"wp:term":[{"taxonomy":"product_brand","embeddable":true,"href":"http:\/\/ruuby.ee\/en\/wp-json\/wp\/v2\/product_brand?post=1840868"},{"taxonomy":"product_cat","embeddable":true,"href":"http:\/\/ruuby.ee\/en\/wp-json\/wp\/v2\/product_cat?post=1840868"},{"taxonomy":"product_tag","embeddable":true,"href":"http:\/\/ruuby.ee\/en\/wp-json\/wp\/v2\/product_tag?post=1840868"}],"curies":[{"name":"wp","href":"https:\/\/api.w.org\/{rel}","templated":true}]}}