{"id":1840805,"date":"2023-11-14T21:18:42","date_gmt":"2023-11-14T19:18:42","guid":{"rendered":"http:\/\/ruuby.ee\/?post_type=product&#038;p=1840805"},"modified":"2026-04-04T01:25:00","modified_gmt":"2026-04-03T22:25:00","slug":"umage-valgusti-eos-micro","status":"publish","type":"product","link":"http:\/\/ruuby.ee\/en\/pood\/kodusisustus\/valgustus\/laualamabid\/umage-valgusti-eos-micro\/","title":{"rendered":"UMAGE &#8211; Valgusti Eos, micro"},"content":{"rendered":"<p>Eose lambivari ammutab oma j\u00f5u ja lummava ilu oma pehmetest sulgedest, mis loovad koju sooja atmosf\u00e4\u00e4ri. T\u00e4iesti looduslikest hanesulgedest valmistatud ainulaadsed ja k\u00e4sitsi valmistatud lambivarjud pakuvad pehmet ja sooja valgust ning lisavad igale sisekujundusele rafineeritud ja elegantse puudutuse.<\/p>\n<p>Eos on painduv lambivari, mida saab kasutada nii p\u00f5randa-, laua- kui rippvalgustina. Lambivarju saab kombineerida paljude erinevate UMAGE valgustitarvikutega: perekond Sant\u00e9, perekond Willow, statiiviperekond v\u00f5i ripatsina, mis ripub Rosette, Cannonballi v\u00f5i juhtmekomplekti k\u00fclge.<\/p>\n<p>Saadaval kolmes erinevas loodusest inspireeritud v\u00e4rvitoonis.<\/p>\n<p>Puhastamine: Kergesti puhastatav f\u00f6\u00f6niga<\/p>\n<p>Kasutamine: Seda lambivarju saab kasutada p\u00f5randa-, laua- ja rippvalgustina.<\/p>\n<p>Seda toodet saab 180\u00b0 p\u00f6\u00f6rata, et muuta valguse suunda ja visuaalset v\u00e4ljendust<\/p>\n<p>E26 \/ E27 &#8211; max 15 W LED (ei kuulu komplekti)<\/p>\n<p>M\u00f5\u00f5dud: \u00d8: 22 cm H: 16 cm<\/p>\n<p>&nbsp;<\/p>","protected":false},"excerpt":{"rendered":"<p>Eose lambivari ammutab oma j\u00f5u ja lummava ilu oma pehmetest sulgedest, mis loovad koju sooja atmosf\u00e4\u00e4ri. T\u00e4iesti looduslikest hanesulgedest valmistatud ainulaadsed ja k\u00e4sitsi valmistatud lambivarjud pakuvad pehmet ja sooja valgust ning lisavad igale sisekujundusele rafineeritud ja elegantse puudutuse. Eos on painduv lambivari, mida saab kasutada nii p\u00f5randa-, laua- kui rippvalgustina. Lambivarju saab kombineerida paljude erinevate [&hellip;]<\/p>\n","protected":false},"featured_media":1848743,"comment_status":"open","ping_status":"closed","template":"","meta":[],"product_brand":[],"product_cat":[798,796,797,59],"product_tag":[801,257,150,256],"class_list":{"0":"post-1840805","1":"product","2":"type-product","3":"status-publish","4":"has-post-thumbnail","6":"product_cat-laelambid","7":"product_cat-laualamabid","8":"product_cat-porandalambid","9":"product_cat-valgustus","10":"product_tag-eos","11":"product_tag-laevalgusti","12":"product_tag-umage","13":"product_tag-valgusti","15":"first","16":"onbackorder","17":"taxable","18":"shipping-taxable","19":"purchasable","20":"product-type-variable","21":"rtwpvs-product"},"yoast_head":"<!-- This site is optimized with the Yoast SEO plugin v27.2 - https:\/\/yoast.com\/product\/yoast-seo-wordpress\/ -->\n<title>UMAGE - Valgusti Eos, micro - RUUBY<\/title>\n<meta name=\"robots\" content=\"index, follow, max-snippet:-1, max-image-preview:large, max-video-preview:-1\" \/>\n<link rel=\"canonical\" href=\"http:\/\/ruuby.ee\/en\/pood\/kodusisustus\/valgustus\/laualamabid\/umage-valgusti-eos-micro\/\" \/>\n<meta property=\"og:locale\" content=\"en_GB\" \/>\n<meta property=\"og:type\" content=\"article\" \/>\n<meta property=\"og:title\" content=\"UMAGE - Valgusti Eos, micro - RUUBY\" \/>\n<meta property=\"og:description\" content=\"Eose lambivari ammutab oma j\u00f5u ja lummava ilu oma pehmetest sulgedest, mis loovad koju sooja atmosf\u00e4\u00e4ri. T\u00e4iesti looduslikest hanesulgedest valmistatud ainulaadsed ja k\u00e4sitsi valmistatud lambivarjud pakuvad pehmet ja sooja valgust ning lisavad igale sisekujundusele rafineeritud ja elegantse puudutuse. Eos on painduv lambivari, mida saab kasutada nii p\u00f5randa-, laua- kui rippvalgustina. Lambivarju saab kombineerida paljude erinevate [&hellip;]\" \/>\n<meta property=\"og:url\" content=\"http:\/\/ruuby.ee\/en\/pood\/kodusisustus\/valgustus\/laualamabid\/umage-valgusti-eos-micro\/\" \/>\n<meta property=\"og:site_name\" content=\"RUUBY\" \/>\n<meta property=\"article:publisher\" content=\"https:\/\/www.facebook.com\/ruubyconcept\" \/>\n<meta property=\"article:modified_time\" content=\"2026-04-03T22:25:00+00:00\" \/>\n<meta property=\"og:image\" content=\"http:\/\/ruuby.ee\/wp-content\/uploads\/2023\/11\/IMG_0502-1.webp\" \/>\n\t<meta property=\"og:image:width\" content=\"900\" \/>\n\t<meta property=\"og:image:height\" content=\"700\" \/>\n\t<meta property=\"og:image:type\" content=\"image\/webp\" \/>\n<meta name=\"twitter:card\" content=\"summary_large_image\" \/>\n<meta name=\"twitter:label1\" content=\"Estimated reading time\" \/>\n\t<meta name=\"twitter:data1\" content=\"1 minute\" \/>\n<script type=\"application\/ld+json\" class=\"yoast-schema-graph\">{\"@context\":\"https:\/\/schema.org\",\"@graph\":[{\"@type\":[\"WebPage\",\"ItemPage\"],\"@id\":\"http:\/\/ruuby.ee\/en\/pood\/kodusisustus\/valgustus\/laualamabid\/umage-valgusti-eos-micro\/\",\"url\":\"http:\/\/ruuby.ee\/en\/pood\/kodusisustus\/valgustus\/laualamabid\/umage-valgusti-eos-micro\/\",\"name\":\"UMAGE - Valgusti Eos, micro - RUUBY\",\"isPartOf\":{\"@id\":\"https:\/\/ruuby.ee\/en\/#website\"},\"primaryImageOfPage\":{\"@id\":\"http:\/\/ruuby.ee\/en\/pood\/kodusisustus\/valgustus\/laualamabid\/umage-valgusti-eos-micro\/#primaryimage\"},\"image\":{\"@id\":\"http:\/\/ruuby.ee\/en\/pood\/kodusisustus\/valgustus\/laualamabid\/umage-valgusti-eos-micro\/#primaryimage\"},\"thumbnailUrl\":\"http:\/\/ruuby.ee\/wp-content\/uploads\/2023\/11\/IMG_0502-1.webp\",\"datePublished\":\"2023-11-14T19:18:42+00:00\",\"dateModified\":\"2026-04-03T22:25:00+00:00\",\"breadcrumb\":{\"@id\":\"http:\/\/ruuby.ee\/en\/pood\/kodusisustus\/valgustus\/laualamabid\/umage-valgusti-eos-micro\/#breadcrumb\"},\"inLanguage\":\"en-GB\",\"potentialAction\":[{\"@type\":\"ReadAction\",\"target\":[\"http:\/\/ruuby.ee\/en\/pood\/kodusisustus\/valgustus\/laualamabid\/umage-valgusti-eos-micro\/\"]}]},{\"@type\":\"ImageObject\",\"inLanguage\":\"en-GB\",\"@id\":\"http:\/\/ruuby.ee\/en\/pood\/kodusisustus\/valgustus\/laualamabid\/umage-valgusti-eos-micro\/#primaryimage\",\"url\":\"http:\/\/ruuby.ee\/wp-content\/uploads\/2023\/11\/IMG_0502-1.webp\",\"contentUrl\":\"http:\/\/ruuby.ee\/wp-content\/uploads\/2023\/11\/IMG_0502-1.webp\",\"width\":900,\"height\":700},{\"@type\":\"BreadcrumbList\",\"@id\":\"http:\/\/ruuby.ee\/en\/pood\/kodusisustus\/valgustus\/laualamabid\/umage-valgusti-eos-micro\/#breadcrumb\",\"itemListElement\":[{\"@type\":\"ListItem\",\"position\":1,\"name\":\"Kdu\",\"item\":\"https:\/\/ruuby.ee\/en\/\"},{\"@type\":\"ListItem\",\"position\":2,\"name\":\"Pood\",\"item\":\"https:\/\/ruuby.ee\/pood\/\"},{\"@type\":\"ListItem\",\"position\":3,\"name\":\"UMAGE &#8211; Valgusti Eos, micro\"}]},{\"@type\":\"WebSite\",\"@id\":\"https:\/\/ruuby.ee\/en\/#website\",\"url\":\"https:\/\/ruuby.ee\/en\/\",\"name\":\"RUUBY\",\"description\":\"Ruubys on \u00fchendatud elustiil ja disain\",\"publisher\":{\"@id\":\"https:\/\/ruuby.ee\/en\/#organization\"},\"alternateName\":\"Ruuby Disain\",\"potentialAction\":[{\"@type\":\"SearchAction\",\"target\":{\"@type\":\"EntryPoint\",\"urlTemplate\":\"https:\/\/ruuby.ee\/en\/?s={search_term_string}\"},\"query-input\":{\"@type\":\"PropertyValueSpecification\",\"valueRequired\":true,\"valueName\":\"search_term_string\"}}],\"inLanguage\":\"en-GB\"},{\"@type\":\"Organization\",\"@id\":\"https:\/\/ruuby.ee\/en\/#organization\",\"name\":\"Ruuby Disain O\u00dc\",\"alternateName\":\"Ruuby\",\"url\":\"https:\/\/ruuby.ee\/en\/\",\"logo\":{\"@type\":\"ImageObject\",\"inLanguage\":\"en-GB\",\"@id\":\"https:\/\/ruuby.ee\/en\/#\/schema\/logo\/image\/\",\"url\":\"http:\/\/ruuby.ee\/wp-content\/uploads\/2023\/06\/cropped-Black-White-Elegant-Circle-Signature-Fashion-Logo-12_large.png\",\"contentUrl\":\"http:\/\/ruuby.ee\/wp-content\/uploads\/2023\/06\/cropped-Black-White-Elegant-Circle-Signature-Fashion-Logo-12_large.png\",\"width\":1280,\"height\":747,\"caption\":\"Ruuby Disain O\u00dc\"},\"image\":{\"@id\":\"https:\/\/ruuby.ee\/en\/#\/schema\/logo\/image\/\"},\"sameAs\":[\"https:\/\/www.facebook.com\/ruubyconcept\",\"https:\/\/www.instagram.com\/ruuby_concept\/\"]}]}<\/script>\n<!-- \/ Yoast SEO plugin. -->","yoast_head_json":{"title":"UMAGE - Valgusti Eos, micro - RUUBY","robots":{"index":"index","follow":"follow","max-snippet":"max-snippet:-1","max-image-preview":"max-image-preview:large","max-video-preview":"max-video-preview:-1"},"canonical":"http:\/\/ruuby.ee\/en\/pood\/kodusisustus\/valgustus\/laualamabid\/umage-valgusti-eos-micro\/","og_locale":"en_GB","og_type":"article","og_title":"UMAGE - Valgusti Eos, micro - RUUBY","og_description":"Eose lambivari ammutab oma j\u00f5u ja lummava ilu oma pehmetest sulgedest, mis loovad koju sooja atmosf\u00e4\u00e4ri. T\u00e4iesti looduslikest hanesulgedest valmistatud ainulaadsed ja k\u00e4sitsi valmistatud lambivarjud pakuvad pehmet ja sooja valgust ning lisavad igale sisekujundusele rafineeritud ja elegantse puudutuse. Eos on painduv lambivari, mida saab kasutada nii p\u00f5randa-, laua- kui rippvalgustina. Lambivarju saab kombineerida paljude erinevate [&hellip;]","og_url":"http:\/\/ruuby.ee\/en\/pood\/kodusisustus\/valgustus\/laualamabid\/umage-valgusti-eos-micro\/","og_site_name":"RUUBY","article_publisher":"https:\/\/www.facebook.com\/ruubyconcept","article_modified_time":"2026-04-03T22:25:00+00:00","og_image":[{"width":900,"height":700,"url":"http:\/\/ruuby.ee\/wp-content\/uploads\/2023\/11\/IMG_0502-1.webp","type":"image\/webp"}],"twitter_card":"summary_large_image","twitter_misc":{"Estimated reading time":"1 minute"},"schema":{"@context":"https:\/\/schema.org","@graph":[{"@type":["WebPage","ItemPage"],"@id":"http:\/\/ruuby.ee\/en\/pood\/kodusisustus\/valgustus\/laualamabid\/umage-valgusti-eos-micro\/","url":"http:\/\/ruuby.ee\/en\/pood\/kodusisustus\/valgustus\/laualamabid\/umage-valgusti-eos-micro\/","name":"UMAGE - Valgusti Eos, micro - RUUBY","isPartOf":{"@id":"https:\/\/ruuby.ee\/en\/#website"},"primaryImageOfPage":{"@id":"http:\/\/ruuby.ee\/en\/pood\/kodusisustus\/valgustus\/laualamabid\/umage-valgusti-eos-micro\/#primaryimage"},"image":{"@id":"http:\/\/ruuby.ee\/en\/pood\/kodusisustus\/valgustus\/laualamabid\/umage-valgusti-eos-micro\/#primaryimage"},"thumbnailUrl":"http:\/\/ruuby.ee\/wp-content\/uploads\/2023\/11\/IMG_0502-1.webp","datePublished":"2023-11-14T19:18:42+00:00","dateModified":"2026-04-03T22:25:00+00:00","breadcrumb":{"@id":"http:\/\/ruuby.ee\/en\/pood\/kodusisustus\/valgustus\/laualamabid\/umage-valgusti-eos-micro\/#breadcrumb"},"inLanguage":"en-GB","potentialAction":[{"@type":"ReadAction","target":["http:\/\/ruuby.ee\/en\/pood\/kodusisustus\/valgustus\/laualamabid\/umage-valgusti-eos-micro\/"]}]},{"@type":"ImageObject","inLanguage":"en-GB","@id":"http:\/\/ruuby.ee\/en\/pood\/kodusisustus\/valgustus\/laualamabid\/umage-valgusti-eos-micro\/#primaryimage","url":"http:\/\/ruuby.ee\/wp-content\/uploads\/2023\/11\/IMG_0502-1.webp","contentUrl":"http:\/\/ruuby.ee\/wp-content\/uploads\/2023\/11\/IMG_0502-1.webp","width":900,"height":700},{"@type":"BreadcrumbList","@id":"http:\/\/ruuby.ee\/en\/pood\/kodusisustus\/valgustus\/laualamabid\/umage-valgusti-eos-micro\/#breadcrumb","itemListElement":[{"@type":"ListItem","position":1,"name":"Kdu","item":"https:\/\/ruuby.ee\/en\/"},{"@type":"ListItem","position":2,"name":"Pood","item":"https:\/\/ruuby.ee\/pood\/"},{"@type":"ListItem","position":3,"name":"UMAGE &#8211; Valgusti Eos, micro"}]},{"@type":"WebSite","@id":"https:\/\/ruuby.ee\/en\/#website","url":"https:\/\/ruuby.ee\/en\/","name":"RUUBY","description":"Ruubys on \u00fchendatud elustiil ja disain","publisher":{"@id":"https:\/\/ruuby.ee\/en\/#organization"},"alternateName":"Ruuby Disain","potentialAction":[{"@type":"SearchAction","target":{"@type":"EntryPoint","urlTemplate":"https:\/\/ruuby.ee\/en\/?s={search_term_string}"},"query-input":{"@type":"PropertyValueSpecification","valueRequired":true,"valueName":"search_term_string"}}],"inLanguage":"en-GB"},{"@type":"Organization","@id":"https:\/\/ruuby.ee\/en\/#organization","name":"Ruuby Disain O\u00dc","alternateName":"Ruuby","url":"https:\/\/ruuby.ee\/en\/","logo":{"@type":"ImageObject","inLanguage":"en-GB","@id":"https:\/\/ruuby.ee\/en\/#\/schema\/logo\/image\/","url":"http:\/\/ruuby.ee\/wp-content\/uploads\/2023\/06\/cropped-Black-White-Elegant-Circle-Signature-Fashion-Logo-12_large.png","contentUrl":"http:\/\/ruuby.ee\/wp-content\/uploads\/2023\/06\/cropped-Black-White-Elegant-Circle-Signature-Fashion-Logo-12_large.png","width":1280,"height":747,"caption":"Ruuby Disain O\u00dc"},"image":{"@id":"https:\/\/ruuby.ee\/en\/#\/schema\/logo\/image\/"},"sameAs":["https:\/\/www.facebook.com\/ruubyconcept","https:\/\/www.instagram.com\/ruuby_concept\/"]}]}},"jetpack_sharing_enabled":true,"_links":{"self":[{"href":"http:\/\/ruuby.ee\/en\/wp-json\/wp\/v2\/product\/1840805","targetHints":{"allow":["GET"]}}],"collection":[{"href":"http:\/\/ruuby.ee\/en\/wp-json\/wp\/v2\/product"}],"about":[{"href":"http:\/\/ruuby.ee\/en\/wp-json\/wp\/v2\/types\/product"}],"replies":[{"embeddable":true,"href":"http:\/\/ruuby.ee\/en\/wp-json\/wp\/v2\/comments?post=1840805"}],"wp:featuredmedia":[{"embeddable":true,"href":"http:\/\/ruuby.ee\/en\/wp-json\/wp\/v2\/media\/1848743"}],"wp:attachment":[{"href":"http:\/\/ruuby.ee\/en\/wp-json\/wp\/v2\/media?parent=1840805"}],"wp:term":[{"taxonomy":"product_brand","embeddable":true,"href":"http:\/\/ruuby.ee\/en\/wp-json\/wp\/v2\/product_brand?post=1840805"},{"taxonomy":"product_cat","embeddable":true,"href":"http:\/\/ruuby.ee\/en\/wp-json\/wp\/v2\/product_cat?post=1840805"},{"taxonomy":"product_tag","embeddable":true,"href":"http:\/\/ruuby.ee\/en\/wp-json\/wp\/v2\/product_tag?post=1840805"}],"curies":[{"name":"wp","href":"https:\/\/api.w.org\/{rel}","templated":true}]}}