{"id":1840690,"date":"2023-11-06T13:58:13","date_gmt":"2023-11-06T11:58:13","guid":{"rendered":"http:\/\/ruuby.ee\/?post_type=product&#038;p=1840690"},"modified":"2026-04-08T01:28:38","modified_gmt":"2026-04-07T22:28:38","slug":"pole-to-pole-the-wave-soogilaua-tool","status":"publish","type":"product","link":"http:\/\/ruuby.ee\/en\/pood\/kodusisustus\/moobel\/toolid\/pole-to-pole-the-wave-soogilaua-tool\/","title":{"rendered":"Pole to Pole &#8211; The Wave, s\u00f6\u00f6gilaua tool"},"content":{"rendered":"<p>Wave tool on oma nime saanud selle \u00fcmbritseva seljatoe vapustava koemustri j\u00e4rgi.<\/p>\n<p>See tool on kaasaegne luksuslik pilgup\u00fc\u00fcdja teie interj\u00f6\u00f6ris \u2013 unikaalse disainiga silmapaistev funktsioon, mis tekitab teie \u00f5htus\u00f6\u00f6gik\u00fclaliste seas kindlasti vestluse. Kui teile meeldib pikka aega s\u00f6\u00f6gilaua taga h\u00e4ngida, siis on Wave tool ideaalne valik.<\/p>\n<p>Selle 5 cm vahtpadi ja mugav seljatugi loovad ideaalse istumisasendi pikkadeks \u00f5htuteks laua taga.<\/p>\n<p>Toote suurus: Laius: 60 CM S\u00fcgavus: 54 CM K\u00f5rgus: 78,5 CM Istme k\u00f5rgus: 48 CM K\u00e4epideme k\u00f5rgus (ees): 70 CM<\/p>\n<p>Materjalid: Iste vineerist ja metallraam \/ vaht 25kg\/m3 \/ Kangast, jalad must pulberv\u00e4rvitud alumiinium.<\/p>","protected":false},"excerpt":{"rendered":"<p>Wave tool on oma nime saanud selle \u00fcmbritseva seljatoe vapustava koemustri j\u00e4rgi. See tool on kaasaegne luksuslik pilgup\u00fc\u00fcdja teie interj\u00f6\u00f6ris \u2013 unikaalse disainiga silmapaistev funktsioon, mis tekitab teie \u00f5htus\u00f6\u00f6gik\u00fclaliste seas kindlasti vestluse. Kui teile meeldib pikka aega s\u00f6\u00f6gilaua taga h\u00e4ngida, siis on Wave tool ideaalne valik. Selle 5 cm vahtpadi ja mugav seljatugi loovad ideaalse [&hellip;]<\/p>\n","protected":false},"featured_media":1848435,"comment_status":"open","ping_status":"closed","template":"","meta":[],"product_brand":[],"product_cat":[42,1016,555],"product_tag":[],"class_list":{"0":"post-1840690","1":"product","2":"type-product","3":"status-publish","4":"has-post-thumbnail","6":"product_cat-kodusisustus","7":"product_cat-soogitoolid","8":"product_cat-toolid","10":"first","11":"onbackorder","12":"taxable","13":"shipping-taxable","14":"purchasable","15":"product-type-variable","16":"rtwpvs-product"},"yoast_head":"<!-- This site is optimized with the Yoast SEO plugin v27.3 - https:\/\/yoast.com\/product\/yoast-seo-wordpress\/ -->\n<title>Pole to Pole - The Wave, s\u00f6\u00f6gilaua tool - RUUBY<\/title>\n<meta name=\"robots\" content=\"index, follow, max-snippet:-1, max-image-preview:large, max-video-preview:-1\" \/>\n<link rel=\"canonical\" href=\"http:\/\/ruuby.ee\/en\/pood\/kodusisustus\/moobel\/toolid\/pole-to-pole-the-wave-soogilaua-tool\/\" \/>\n<meta property=\"og:locale\" content=\"en_GB\" \/>\n<meta property=\"og:type\" content=\"article\" \/>\n<meta property=\"og:title\" content=\"Pole to Pole - The Wave, s\u00f6\u00f6gilaua tool - RUUBY\" \/>\n<meta property=\"og:description\" content=\"Wave tool on oma nime saanud selle \u00fcmbritseva seljatoe vapustava koemustri j\u00e4rgi. See tool on kaasaegne luksuslik pilgup\u00fc\u00fcdja teie interj\u00f6\u00f6ris \u2013 unikaalse disainiga silmapaistev funktsioon, mis tekitab teie \u00f5htus\u00f6\u00f6gik\u00fclaliste seas kindlasti vestluse. Kui teile meeldib pikka aega s\u00f6\u00f6gilaua taga h\u00e4ngida, siis on Wave tool ideaalne valik. Selle 5 cm vahtpadi ja mugav seljatugi loovad ideaalse [&hellip;]\" \/>\n<meta property=\"og:url\" content=\"http:\/\/ruuby.ee\/en\/pood\/kodusisustus\/moobel\/toolid\/pole-to-pole-the-wave-soogilaua-tool\/\" \/>\n<meta property=\"og:site_name\" content=\"RUUBY\" \/>\n<meta property=\"article:publisher\" content=\"https:\/\/www.facebook.com\/ruubyconcept\" \/>\n<meta property=\"article:modified_time\" content=\"2026-04-07T22:28:38+00:00\" \/>\n<meta property=\"og:image\" content=\"http:\/\/ruuby.ee\/wp-content\/uploads\/2023\/11\/Screenshot-2024-09-05-at-15.59.38.png\" \/>\n\t<meta property=\"og:image:width\" content=\"862\" \/>\n\t<meta property=\"og:image:height\" content=\"750\" \/>\n\t<meta property=\"og:image:type\" content=\"image\/png\" \/>\n<meta name=\"twitter:card\" content=\"summary_large_image\" \/>\n<meta name=\"twitter:label1\" content=\"Estimated reading time\" \/>\n\t<meta name=\"twitter:data1\" content=\"1 minute\" \/>\n<script type=\"application\/ld+json\" class=\"yoast-schema-graph\">{\"@context\":\"https:\\\/\\\/schema.org\",\"@graph\":[{\"@type\":[\"WebPage\",\"ItemPage\"],\"@id\":\"http:\\\/\\\/ruuby.ee\\\/pood\\\/kodusisustus\\\/moobel\\\/toolid\\\/pole-to-pole-the-wave-soogilaua-tool\\\/\",\"url\":\"http:\\\/\\\/ruuby.ee\\\/pood\\\/kodusisustus\\\/moobel\\\/toolid\\\/pole-to-pole-the-wave-soogilaua-tool\\\/\",\"name\":\"Pole to Pole - The Wave, s\u00f6\u00f6gilaua tool - RUUBY\",\"isPartOf\":{\"@id\":\"http:\\\/\\\/ruuby.ee\\\/en\\\/#website\"},\"primaryImageOfPage\":{\"@id\":\"http:\\\/\\\/ruuby.ee\\\/pood\\\/kodusisustus\\\/moobel\\\/toolid\\\/pole-to-pole-the-wave-soogilaua-tool\\\/#primaryimage\"},\"image\":{\"@id\":\"http:\\\/\\\/ruuby.ee\\\/pood\\\/kodusisustus\\\/moobel\\\/toolid\\\/pole-to-pole-the-wave-soogilaua-tool\\\/#primaryimage\"},\"thumbnailUrl\":\"http:\\\/\\\/ruuby.ee\\\/wp-content\\\/uploads\\\/2023\\\/11\\\/Screenshot-2024-09-05-at-15.59.38.png\",\"datePublished\":\"2023-11-06T11:58:13+00:00\",\"dateModified\":\"2026-04-07T22:28:38+00:00\",\"breadcrumb\":{\"@id\":\"http:\\\/\\\/ruuby.ee\\\/pood\\\/kodusisustus\\\/moobel\\\/toolid\\\/pole-to-pole-the-wave-soogilaua-tool\\\/#breadcrumb\"},\"inLanguage\":\"en-GB\",\"potentialAction\":[{\"@type\":\"ReadAction\",\"target\":[\"http:\\\/\\\/ruuby.ee\\\/pood\\\/kodusisustus\\\/moobel\\\/toolid\\\/pole-to-pole-the-wave-soogilaua-tool\\\/\"]}]},{\"@type\":\"ImageObject\",\"inLanguage\":\"en-GB\",\"@id\":\"http:\\\/\\\/ruuby.ee\\\/pood\\\/kodusisustus\\\/moobel\\\/toolid\\\/pole-to-pole-the-wave-soogilaua-tool\\\/#primaryimage\",\"url\":\"http:\\\/\\\/ruuby.ee\\\/wp-content\\\/uploads\\\/2023\\\/11\\\/Screenshot-2024-09-05-at-15.59.38.png\",\"contentUrl\":\"http:\\\/\\\/ruuby.ee\\\/wp-content\\\/uploads\\\/2023\\\/11\\\/Screenshot-2024-09-05-at-15.59.38.png\",\"width\":862,\"height\":750},{\"@type\":\"BreadcrumbList\",\"@id\":\"http:\\\/\\\/ruuby.ee\\\/pood\\\/kodusisustus\\\/moobel\\\/toolid\\\/pole-to-pole-the-wave-soogilaua-tool\\\/#breadcrumb\",\"itemListElement\":[{\"@type\":\"ListItem\",\"position\":1,\"name\":\"Kdu\",\"item\":\"http:\\\/\\\/ruuby.ee\\\/en\\\/\"},{\"@type\":\"ListItem\",\"position\":2,\"name\":\"Pood\",\"item\":\"http:\\\/\\\/ruuby.ee\\\/en\\\/pood\\\/\"},{\"@type\":\"ListItem\",\"position\":3,\"name\":\"Pole to Pole &#8211; The Wave, s\u00f6\u00f6gilaua tool\"}]},{\"@type\":\"WebSite\",\"@id\":\"http:\\\/\\\/ruuby.ee\\\/en\\\/#website\",\"url\":\"http:\\\/\\\/ruuby.ee\\\/en\\\/\",\"name\":\"RUUBY\",\"description\":\"Ruubys on \u00fchendatud elustiil ja disain\",\"publisher\":{\"@id\":\"http:\\\/\\\/ruuby.ee\\\/en\\\/#organization\"},\"alternateName\":\"Ruuby Disain\",\"potentialAction\":[{\"@type\":\"SearchAction\",\"target\":{\"@type\":\"EntryPoint\",\"urlTemplate\":\"http:\\\/\\\/ruuby.ee\\\/en\\\/?s={search_term_string}\"},\"query-input\":{\"@type\":\"PropertyValueSpecification\",\"valueRequired\":true,\"valueName\":\"search_term_string\"}}],\"inLanguage\":\"en-GB\"},{\"@type\":\"Organization\",\"@id\":\"http:\\\/\\\/ruuby.ee\\\/en\\\/#organization\",\"name\":\"Ruuby Disain O\u00dc\",\"alternateName\":\"Ruuby\",\"url\":\"http:\\\/\\\/ruuby.ee\\\/en\\\/\",\"logo\":{\"@type\":\"ImageObject\",\"inLanguage\":\"en-GB\",\"@id\":\"http:\\\/\\\/ruuby.ee\\\/en\\\/#\\\/schema\\\/logo\\\/image\\\/\",\"url\":\"http:\\\/\\\/ruuby.ee\\\/wp-content\\\/uploads\\\/2023\\\/06\\\/cropped-Black-White-Elegant-Circle-Signature-Fashion-Logo-12_large.png\",\"contentUrl\":\"http:\\\/\\\/ruuby.ee\\\/wp-content\\\/uploads\\\/2023\\\/06\\\/cropped-Black-White-Elegant-Circle-Signature-Fashion-Logo-12_large.png\",\"width\":1280,\"height\":747,\"caption\":\"Ruuby Disain O\u00dc\"},\"image\":{\"@id\":\"http:\\\/\\\/ruuby.ee\\\/en\\\/#\\\/schema\\\/logo\\\/image\\\/\"},\"sameAs\":[\"https:\\\/\\\/www.facebook.com\\\/ruubyconcept\",\"https:\\\/\\\/www.instagram.com\\\/ruuby_concept\\\/\"]}]}<\/script>\n<!-- \/ Yoast SEO plugin. -->","yoast_head_json":{"title":"Pole to Pole - The Wave, s\u00f6\u00f6gilaua tool - RUUBY","robots":{"index":"index","follow":"follow","max-snippet":"max-snippet:-1","max-image-preview":"max-image-preview:large","max-video-preview":"max-video-preview:-1"},"canonical":"http:\/\/ruuby.ee\/en\/pood\/kodusisustus\/moobel\/toolid\/pole-to-pole-the-wave-soogilaua-tool\/","og_locale":"en_GB","og_type":"article","og_title":"Pole to Pole - The Wave, s\u00f6\u00f6gilaua tool - RUUBY","og_description":"Wave tool on oma nime saanud selle \u00fcmbritseva seljatoe vapustava koemustri j\u00e4rgi. See tool on kaasaegne luksuslik pilgup\u00fc\u00fcdja teie interj\u00f6\u00f6ris \u2013 unikaalse disainiga silmapaistev funktsioon, mis tekitab teie \u00f5htus\u00f6\u00f6gik\u00fclaliste seas kindlasti vestluse. Kui teile meeldib pikka aega s\u00f6\u00f6gilaua taga h\u00e4ngida, siis on Wave tool ideaalne valik. Selle 5 cm vahtpadi ja mugav seljatugi loovad ideaalse [&hellip;]","og_url":"http:\/\/ruuby.ee\/en\/pood\/kodusisustus\/moobel\/toolid\/pole-to-pole-the-wave-soogilaua-tool\/","og_site_name":"RUUBY","article_publisher":"https:\/\/www.facebook.com\/ruubyconcept","article_modified_time":"2026-04-07T22:28:38+00:00","og_image":[{"width":862,"height":750,"url":"http:\/\/ruuby.ee\/wp-content\/uploads\/2023\/11\/Screenshot-2024-09-05-at-15.59.38.png","type":"image\/png"}],"twitter_card":"summary_large_image","twitter_misc":{"Estimated reading time":"1 minute"},"schema":{"@context":"https:\/\/schema.org","@graph":[{"@type":["WebPage","ItemPage"],"@id":"http:\/\/ruuby.ee\/pood\/kodusisustus\/moobel\/toolid\/pole-to-pole-the-wave-soogilaua-tool\/","url":"http:\/\/ruuby.ee\/pood\/kodusisustus\/moobel\/toolid\/pole-to-pole-the-wave-soogilaua-tool\/","name":"Pole to Pole - The Wave, s\u00f6\u00f6gilaua tool - RUUBY","isPartOf":{"@id":"http:\/\/ruuby.ee\/en\/#website"},"primaryImageOfPage":{"@id":"http:\/\/ruuby.ee\/pood\/kodusisustus\/moobel\/toolid\/pole-to-pole-the-wave-soogilaua-tool\/#primaryimage"},"image":{"@id":"http:\/\/ruuby.ee\/pood\/kodusisustus\/moobel\/toolid\/pole-to-pole-the-wave-soogilaua-tool\/#primaryimage"},"thumbnailUrl":"http:\/\/ruuby.ee\/wp-content\/uploads\/2023\/11\/Screenshot-2024-09-05-at-15.59.38.png","datePublished":"2023-11-06T11:58:13+00:00","dateModified":"2026-04-07T22:28:38+00:00","breadcrumb":{"@id":"http:\/\/ruuby.ee\/pood\/kodusisustus\/moobel\/toolid\/pole-to-pole-the-wave-soogilaua-tool\/#breadcrumb"},"inLanguage":"en-GB","potentialAction":[{"@type":"ReadAction","target":["http:\/\/ruuby.ee\/pood\/kodusisustus\/moobel\/toolid\/pole-to-pole-the-wave-soogilaua-tool\/"]}]},{"@type":"ImageObject","inLanguage":"en-GB","@id":"http:\/\/ruuby.ee\/pood\/kodusisustus\/moobel\/toolid\/pole-to-pole-the-wave-soogilaua-tool\/#primaryimage","url":"http:\/\/ruuby.ee\/wp-content\/uploads\/2023\/11\/Screenshot-2024-09-05-at-15.59.38.png","contentUrl":"http:\/\/ruuby.ee\/wp-content\/uploads\/2023\/11\/Screenshot-2024-09-05-at-15.59.38.png","width":862,"height":750},{"@type":"BreadcrumbList","@id":"http:\/\/ruuby.ee\/pood\/kodusisustus\/moobel\/toolid\/pole-to-pole-the-wave-soogilaua-tool\/#breadcrumb","itemListElement":[{"@type":"ListItem","position":1,"name":"Kdu","item":"http:\/\/ruuby.ee\/en\/"},{"@type":"ListItem","position":2,"name":"Pood","item":"http:\/\/ruuby.ee\/en\/pood\/"},{"@type":"ListItem","position":3,"name":"Pole to Pole &#8211; The Wave, s\u00f6\u00f6gilaua tool"}]},{"@type":"WebSite","@id":"http:\/\/ruuby.ee\/en\/#website","url":"http:\/\/ruuby.ee\/en\/","name":"RUUBY","description":"Ruubys on \u00fchendatud elustiil ja disain","publisher":{"@id":"http:\/\/ruuby.ee\/en\/#organization"},"alternateName":"Ruuby Disain","potentialAction":[{"@type":"SearchAction","target":{"@type":"EntryPoint","urlTemplate":"http:\/\/ruuby.ee\/en\/?s={search_term_string}"},"query-input":{"@type":"PropertyValueSpecification","valueRequired":true,"valueName":"search_term_string"}}],"inLanguage":"en-GB"},{"@type":"Organization","@id":"http:\/\/ruuby.ee\/en\/#organization","name":"Ruuby Disain O\u00dc","alternateName":"Ruuby","url":"http:\/\/ruuby.ee\/en\/","logo":{"@type":"ImageObject","inLanguage":"en-GB","@id":"http:\/\/ruuby.ee\/en\/#\/schema\/logo\/image\/","url":"http:\/\/ruuby.ee\/wp-content\/uploads\/2023\/06\/cropped-Black-White-Elegant-Circle-Signature-Fashion-Logo-12_large.png","contentUrl":"http:\/\/ruuby.ee\/wp-content\/uploads\/2023\/06\/cropped-Black-White-Elegant-Circle-Signature-Fashion-Logo-12_large.png","width":1280,"height":747,"caption":"Ruuby Disain O\u00dc"},"image":{"@id":"http:\/\/ruuby.ee\/en\/#\/schema\/logo\/image\/"},"sameAs":["https:\/\/www.facebook.com\/ruubyconcept","https:\/\/www.instagram.com\/ruuby_concept\/"]}]}},"jetpack_sharing_enabled":true,"_links":{"self":[{"href":"http:\/\/ruuby.ee\/en\/wp-json\/wp\/v2\/product\/1840690","targetHints":{"allow":["GET"]}}],"collection":[{"href":"http:\/\/ruuby.ee\/en\/wp-json\/wp\/v2\/product"}],"about":[{"href":"http:\/\/ruuby.ee\/en\/wp-json\/wp\/v2\/types\/product"}],"replies":[{"embeddable":true,"href":"http:\/\/ruuby.ee\/en\/wp-json\/wp\/v2\/comments?post=1840690"}],"wp:featuredmedia":[{"embeddable":true,"href":"http:\/\/ruuby.ee\/en\/wp-json\/wp\/v2\/media\/1848435"}],"wp:attachment":[{"href":"http:\/\/ruuby.ee\/en\/wp-json\/wp\/v2\/media?parent=1840690"}],"wp:term":[{"taxonomy":"product_brand","embeddable":true,"href":"http:\/\/ruuby.ee\/en\/wp-json\/wp\/v2\/product_brand?post=1840690"},{"taxonomy":"product_cat","embeddable":true,"href":"http:\/\/ruuby.ee\/en\/wp-json\/wp\/v2\/product_cat?post=1840690"},{"taxonomy":"product_tag","embeddable":true,"href":"http:\/\/ruuby.ee\/en\/wp-json\/wp\/v2\/product_tag?post=1840690"}],"curies":[{"name":"wp","href":"https:\/\/api.w.org\/{rel}","templated":true}]}}