{"id":1840549,"date":"2023-10-26T13:58:35","date_gmt":"2023-10-26T10:58:35","guid":{"rendered":"http:\/\/ruuby.ee\/?post_type=product&#038;p=1840549"},"modified":"2026-04-04T01:25:01","modified_gmt":"2026-04-03T22:25:01","slug":"umage-valgusti-eos-esther","status":"publish","type":"product","link":"http:\/\/ruuby.ee\/en\/pood\/kodusisustus\/valgustus\/laualamabid\/umage-valgusti-eos-esther\/","title":{"rendered":"Umage &#8211; valgusti, Eos Esther"},"content":{"rendered":"<p>Nimi Eos p\u00e4rineb kreeka m\u00fctoloogiast, koidujumalannast, viidates sellele, kuidas lambivari n\u00e4eb v\u00e4lja nagu pilved taevas. Esther on saadaval kolmes erinevas suuruses viies v\u00e4rvitoonis ning neid saab segada ja sobitada kobaratena, et luua lakke h\u00fcpnotiseerivaid pilvi.<\/p>\n<p>Ester on laes rippuv elegantne ja sale pilv. Lambivarju saab p\u00f6\u00f6rata ja riputada nelja erineva nurga alt, suurendades sellega lambivarju paindlikkust ja visuaalset efekti. Estheri ovaalne kuju teeb sellest elegantse lahenduse s\u00f6\u00f6gilauale.<\/p>\n<ul>\n<li>Seda toodet saab 180\u00b0 p\u00f6\u00f6rata, et muuta valguse suunda ja visuaalset v\u00e4ljendust<\/li>\n<li>E26 \/ E27 &#8211; max 15 W LED (ei kuulu komplekti)<\/li>\n<li>Seda lambivarju saab kasutada p\u00f5randa-, laua- ja rippvalgustina.<\/li>\n<li>Kergesti puhastatav f\u00f6\u00f6niga<\/li>\n<li>Pleekimine v\u00f5ib olla p\u00f5hjustatud otsesest p\u00e4ikesekiirgusest<\/li>\n<\/ul>\n<p>M\u00f5\u00f5dud:<\/p>\n<p>Esther mini K: 16 L: 52 P: 44 cm<br \/>\nEster keskmine: K: 22 L: 66 P: 52 cm<br \/>\nEster suur: K: 24 L: 79 P: 64 cm<\/p>\n<p>Kaal:<\/p>\n<p>Eos mini: 0,40 kg<br \/>\nEos keskmine: 0,62 kg<br \/>\nEos suur: 1,0 kg<\/p>\n<p>Materjal: hanesuled, tekstiil ja teras<\/p>","protected":false},"excerpt":{"rendered":"<p>Nimi Eos p\u00e4rineb kreeka m\u00fctoloogiast, koidujumalannast, viidates sellele, kuidas lambivari n\u00e4eb v\u00e4lja nagu pilved taevas. Esther on saadaval kolmes erinevas suuruses viies v\u00e4rvitoonis ning neid saab segada ja sobitada kobaratena, et luua lakke h\u00fcpnotiseerivaid pilvi. Ester on laes rippuv elegantne ja sale pilv. Lambivarju saab p\u00f6\u00f6rata ja riputada nelja erineva nurga alt, suurendades sellega lambivarju [&hellip;]<\/p>\n","protected":false},"featured_media":1840552,"comment_status":"open","ping_status":"closed","template":"","meta":[],"product_brand":[],"product_cat":[798,796,797,59],"product_tag":[801,150,533],"class_list":{"0":"post-1840549","1":"product","2":"type-product","3":"status-publish","4":"has-post-thumbnail","6":"product_cat-laelambid","7":"product_cat-laualamabid","8":"product_cat-porandalambid","9":"product_cat-valgustus","10":"product_tag-eos","11":"product_tag-umage","12":"product_tag-vlagusti","14":"first","15":"onbackorder","16":"taxable","17":"shipping-taxable","18":"purchasable","19":"product-type-variable","20":"rtwpvs-product"},"yoast_head":"<!-- This site is optimized with the Yoast SEO plugin v27.2 - https:\/\/yoast.com\/product\/yoast-seo-wordpress\/ -->\n<title>Umage - valgusti, Eos Esther - RUUBY<\/title>\n<meta name=\"robots\" content=\"index, follow, max-snippet:-1, max-image-preview:large, max-video-preview:-1\" \/>\n<link rel=\"canonical\" href=\"https:\/\/ruuby.ee\/en\/pood\/kodusisustus\/valgustus\/laualamabid\/umage-valgusti-eos-esther\/\" \/>\n<meta property=\"og:locale\" content=\"en_GB\" \/>\n<meta property=\"og:type\" content=\"article\" \/>\n<meta property=\"og:title\" content=\"Umage - valgusti, Eos Esther - RUUBY\" \/>\n<meta property=\"og:description\" content=\"Nimi Eos p\u00e4rineb kreeka m\u00fctoloogiast, koidujumalannast, viidates sellele, kuidas lambivari n\u00e4eb v\u00e4lja nagu pilved taevas. Esther on saadaval kolmes erinevas suuruses viies v\u00e4rvitoonis ning neid saab segada ja sobitada kobaratena, et luua lakke h\u00fcpnotiseerivaid pilvi. Ester on laes rippuv elegantne ja sale pilv. Lambivarju saab p\u00f6\u00f6rata ja riputada nelja erineva nurga alt, suurendades sellega lambivarju [&hellip;]\" \/>\n<meta property=\"og:url\" content=\"https:\/\/ruuby.ee\/en\/pood\/kodusisustus\/valgustus\/laualamabid\/umage-valgusti-eos-esther\/\" \/>\n<meta property=\"og:site_name\" content=\"RUUBY\" \/>\n<meta property=\"article:publisher\" content=\"https:\/\/www.facebook.com\/ruubyconcept\" \/>\n<meta property=\"article:modified_time\" content=\"2026-04-03T22:25:01+00:00\" \/>\n<meta property=\"og:image\" content=\"https:\/\/ruuby.ee\/wp-content\/uploads\/2023\/10\/Screenshot-2023-10-26-at-13.44.49.png\" \/>\n\t<meta property=\"og:image:width\" content=\"1054\" \/>\n\t<meta property=\"og:image:height\" content=\"978\" \/>\n\t<meta property=\"og:image:type\" content=\"image\/png\" \/>\n<meta name=\"twitter:card\" content=\"summary_large_image\" \/>\n<meta name=\"twitter:label1\" content=\"Estimated reading time\" \/>\n\t<meta name=\"twitter:data1\" content=\"2 minutes\" \/>\n<script type=\"application\/ld+json\" class=\"yoast-schema-graph\">{\"@context\":\"https:\/\/schema.org\",\"@graph\":[{\"@type\":[\"WebPage\",\"ItemPage\"],\"@id\":\"https:\/\/ruuby.ee\/pood\/kodusisustus\/valgustus\/laualamabid\/umage-valgusti-eos-esther\/\",\"url\":\"https:\/\/ruuby.ee\/pood\/kodusisustus\/valgustus\/laualamabid\/umage-valgusti-eos-esther\/\",\"name\":\"Umage - valgusti, Eos Esther - RUUBY\",\"isPartOf\":{\"@id\":\"https:\/\/ruuby.ee\/en\/#website\"},\"primaryImageOfPage\":{\"@id\":\"https:\/\/ruuby.ee\/pood\/kodusisustus\/valgustus\/laualamabid\/umage-valgusti-eos-esther\/#primaryimage\"},\"image\":{\"@id\":\"https:\/\/ruuby.ee\/pood\/kodusisustus\/valgustus\/laualamabid\/umage-valgusti-eos-esther\/#primaryimage\"},\"thumbnailUrl\":\"http:\/\/ruuby.ee\/wp-content\/uploads\/2023\/10\/Screenshot-2023-10-26-at-13.44.49.png\",\"datePublished\":\"2023-10-26T10:58:35+00:00\",\"dateModified\":\"2026-04-03T22:25:01+00:00\",\"breadcrumb\":{\"@id\":\"https:\/\/ruuby.ee\/pood\/kodusisustus\/valgustus\/laualamabid\/umage-valgusti-eos-esther\/#breadcrumb\"},\"inLanguage\":\"en-GB\",\"potentialAction\":[{\"@type\":\"ReadAction\",\"target\":[\"https:\/\/ruuby.ee\/pood\/kodusisustus\/valgustus\/laualamabid\/umage-valgusti-eos-esther\/\"]}]},{\"@type\":\"ImageObject\",\"inLanguage\":\"en-GB\",\"@id\":\"https:\/\/ruuby.ee\/pood\/kodusisustus\/valgustus\/laualamabid\/umage-valgusti-eos-esther\/#primaryimage\",\"url\":\"http:\/\/ruuby.ee\/wp-content\/uploads\/2023\/10\/Screenshot-2023-10-26-at-13.44.49.png\",\"contentUrl\":\"http:\/\/ruuby.ee\/wp-content\/uploads\/2023\/10\/Screenshot-2023-10-26-at-13.44.49.png\",\"width\":1054,\"height\":978},{\"@type\":\"BreadcrumbList\",\"@id\":\"https:\/\/ruuby.ee\/pood\/kodusisustus\/valgustus\/laualamabid\/umage-valgusti-eos-esther\/#breadcrumb\",\"itemListElement\":[{\"@type\":\"ListItem\",\"position\":1,\"name\":\"Kdu\",\"item\":\"https:\/\/ruuby.ee\/en\/\"},{\"@type\":\"ListItem\",\"position\":2,\"name\":\"Pood\",\"item\":\"https:\/\/ruuby.ee\/pood\/\"},{\"@type\":\"ListItem\",\"position\":3,\"name\":\"Umage &#8211; valgusti, Eos Esther\"}]},{\"@type\":\"WebSite\",\"@id\":\"https:\/\/ruuby.ee\/en\/#website\",\"url\":\"https:\/\/ruuby.ee\/en\/\",\"name\":\"RUUBY\",\"description\":\"Ruubys on \u00fchendatud elustiil ja disain\",\"publisher\":{\"@id\":\"https:\/\/ruuby.ee\/en\/#organization\"},\"alternateName\":\"Ruuby Disain\",\"potentialAction\":[{\"@type\":\"SearchAction\",\"target\":{\"@type\":\"EntryPoint\",\"urlTemplate\":\"https:\/\/ruuby.ee\/en\/?s={search_term_string}\"},\"query-input\":{\"@type\":\"PropertyValueSpecification\",\"valueRequired\":true,\"valueName\":\"search_term_string\"}}],\"inLanguage\":\"en-GB\"},{\"@type\":\"Organization\",\"@id\":\"https:\/\/ruuby.ee\/en\/#organization\",\"name\":\"Ruuby Disain O\u00dc\",\"alternateName\":\"Ruuby\",\"url\":\"https:\/\/ruuby.ee\/en\/\",\"logo\":{\"@type\":\"ImageObject\",\"inLanguage\":\"en-GB\",\"@id\":\"https:\/\/ruuby.ee\/en\/#\/schema\/logo\/image\/\",\"url\":\"http:\/\/ruuby.ee\/wp-content\/uploads\/2023\/06\/cropped-Black-White-Elegant-Circle-Signature-Fashion-Logo-12_large.png\",\"contentUrl\":\"http:\/\/ruuby.ee\/wp-content\/uploads\/2023\/06\/cropped-Black-White-Elegant-Circle-Signature-Fashion-Logo-12_large.png\",\"width\":1280,\"height\":747,\"caption\":\"Ruuby Disain O\u00dc\"},\"image\":{\"@id\":\"https:\/\/ruuby.ee\/en\/#\/schema\/logo\/image\/\"},\"sameAs\":[\"https:\/\/www.facebook.com\/ruubyconcept\",\"https:\/\/www.instagram.com\/ruuby_concept\/\"]}]}<\/script>\n<!-- \/ Yoast SEO plugin. -->","yoast_head_json":{"title":"Umage - valgusti, Eos Esther - RUUBY","robots":{"index":"index","follow":"follow","max-snippet":"max-snippet:-1","max-image-preview":"max-image-preview:large","max-video-preview":"max-video-preview:-1"},"canonical":"https:\/\/ruuby.ee\/en\/pood\/kodusisustus\/valgustus\/laualamabid\/umage-valgusti-eos-esther\/","og_locale":"en_GB","og_type":"article","og_title":"Umage - valgusti, Eos Esther - RUUBY","og_description":"Nimi Eos p\u00e4rineb kreeka m\u00fctoloogiast, koidujumalannast, viidates sellele, kuidas lambivari n\u00e4eb v\u00e4lja nagu pilved taevas. Esther on saadaval kolmes erinevas suuruses viies v\u00e4rvitoonis ning neid saab segada ja sobitada kobaratena, et luua lakke h\u00fcpnotiseerivaid pilvi. Ester on laes rippuv elegantne ja sale pilv. Lambivarju saab p\u00f6\u00f6rata ja riputada nelja erineva nurga alt, suurendades sellega lambivarju [&hellip;]","og_url":"https:\/\/ruuby.ee\/en\/pood\/kodusisustus\/valgustus\/laualamabid\/umage-valgusti-eos-esther\/","og_site_name":"RUUBY","article_publisher":"https:\/\/www.facebook.com\/ruubyconcept","article_modified_time":"2026-04-03T22:25:01+00:00","og_image":[{"width":1054,"height":978,"url":"https:\/\/ruuby.ee\/wp-content\/uploads\/2023\/10\/Screenshot-2023-10-26-at-13.44.49.png","type":"image\/png"}],"twitter_card":"summary_large_image","twitter_misc":{"Estimated reading time":"2 minutes"},"schema":{"@context":"https:\/\/schema.org","@graph":[{"@type":["WebPage","ItemPage"],"@id":"https:\/\/ruuby.ee\/pood\/kodusisustus\/valgustus\/laualamabid\/umage-valgusti-eos-esther\/","url":"https:\/\/ruuby.ee\/pood\/kodusisustus\/valgustus\/laualamabid\/umage-valgusti-eos-esther\/","name":"Umage - valgusti, Eos Esther - RUUBY","isPartOf":{"@id":"https:\/\/ruuby.ee\/en\/#website"},"primaryImageOfPage":{"@id":"https:\/\/ruuby.ee\/pood\/kodusisustus\/valgustus\/laualamabid\/umage-valgusti-eos-esther\/#primaryimage"},"image":{"@id":"https:\/\/ruuby.ee\/pood\/kodusisustus\/valgustus\/laualamabid\/umage-valgusti-eos-esther\/#primaryimage"},"thumbnailUrl":"http:\/\/ruuby.ee\/wp-content\/uploads\/2023\/10\/Screenshot-2023-10-26-at-13.44.49.png","datePublished":"2023-10-26T10:58:35+00:00","dateModified":"2026-04-03T22:25:01+00:00","breadcrumb":{"@id":"https:\/\/ruuby.ee\/pood\/kodusisustus\/valgustus\/laualamabid\/umage-valgusti-eos-esther\/#breadcrumb"},"inLanguage":"en-GB","potentialAction":[{"@type":"ReadAction","target":["https:\/\/ruuby.ee\/pood\/kodusisustus\/valgustus\/laualamabid\/umage-valgusti-eos-esther\/"]}]},{"@type":"ImageObject","inLanguage":"en-GB","@id":"https:\/\/ruuby.ee\/pood\/kodusisustus\/valgustus\/laualamabid\/umage-valgusti-eos-esther\/#primaryimage","url":"http:\/\/ruuby.ee\/wp-content\/uploads\/2023\/10\/Screenshot-2023-10-26-at-13.44.49.png","contentUrl":"http:\/\/ruuby.ee\/wp-content\/uploads\/2023\/10\/Screenshot-2023-10-26-at-13.44.49.png","width":1054,"height":978},{"@type":"BreadcrumbList","@id":"https:\/\/ruuby.ee\/pood\/kodusisustus\/valgustus\/laualamabid\/umage-valgusti-eos-esther\/#breadcrumb","itemListElement":[{"@type":"ListItem","position":1,"name":"Kdu","item":"https:\/\/ruuby.ee\/en\/"},{"@type":"ListItem","position":2,"name":"Pood","item":"https:\/\/ruuby.ee\/pood\/"},{"@type":"ListItem","position":3,"name":"Umage &#8211; valgusti, Eos Esther"}]},{"@type":"WebSite","@id":"https:\/\/ruuby.ee\/en\/#website","url":"https:\/\/ruuby.ee\/en\/","name":"RUUBY","description":"Ruubys on \u00fchendatud elustiil ja disain","publisher":{"@id":"https:\/\/ruuby.ee\/en\/#organization"},"alternateName":"Ruuby Disain","potentialAction":[{"@type":"SearchAction","target":{"@type":"EntryPoint","urlTemplate":"https:\/\/ruuby.ee\/en\/?s={search_term_string}"},"query-input":{"@type":"PropertyValueSpecification","valueRequired":true,"valueName":"search_term_string"}}],"inLanguage":"en-GB"},{"@type":"Organization","@id":"https:\/\/ruuby.ee\/en\/#organization","name":"Ruuby Disain O\u00dc","alternateName":"Ruuby","url":"https:\/\/ruuby.ee\/en\/","logo":{"@type":"ImageObject","inLanguage":"en-GB","@id":"https:\/\/ruuby.ee\/en\/#\/schema\/logo\/image\/","url":"http:\/\/ruuby.ee\/wp-content\/uploads\/2023\/06\/cropped-Black-White-Elegant-Circle-Signature-Fashion-Logo-12_large.png","contentUrl":"http:\/\/ruuby.ee\/wp-content\/uploads\/2023\/06\/cropped-Black-White-Elegant-Circle-Signature-Fashion-Logo-12_large.png","width":1280,"height":747,"caption":"Ruuby Disain O\u00dc"},"image":{"@id":"https:\/\/ruuby.ee\/en\/#\/schema\/logo\/image\/"},"sameAs":["https:\/\/www.facebook.com\/ruubyconcept","https:\/\/www.instagram.com\/ruuby_concept\/"]}]}},"jetpack_sharing_enabled":true,"_links":{"self":[{"href":"http:\/\/ruuby.ee\/en\/wp-json\/wp\/v2\/product\/1840549","targetHints":{"allow":["GET"]}}],"collection":[{"href":"http:\/\/ruuby.ee\/en\/wp-json\/wp\/v2\/product"}],"about":[{"href":"http:\/\/ruuby.ee\/en\/wp-json\/wp\/v2\/types\/product"}],"replies":[{"embeddable":true,"href":"http:\/\/ruuby.ee\/en\/wp-json\/wp\/v2\/comments?post=1840549"}],"wp:featuredmedia":[{"embeddable":true,"href":"http:\/\/ruuby.ee\/en\/wp-json\/wp\/v2\/media\/1840552"}],"wp:attachment":[{"href":"http:\/\/ruuby.ee\/en\/wp-json\/wp\/v2\/media?parent=1840549"}],"wp:term":[{"taxonomy":"product_brand","embeddable":true,"href":"http:\/\/ruuby.ee\/en\/wp-json\/wp\/v2\/product_brand?post=1840549"},{"taxonomy":"product_cat","embeddable":true,"href":"http:\/\/ruuby.ee\/en\/wp-json\/wp\/v2\/product_cat?post=1840549"},{"taxonomy":"product_tag","embeddable":true,"href":"http:\/\/ruuby.ee\/en\/wp-json\/wp\/v2\/product_tag?post=1840549"}],"curies":[{"name":"wp","href":"https:\/\/api.w.org\/{rel}","templated":true}]}}