{"id":1840397,"date":"2023-10-24T13:22:52","date_gmt":"2023-10-24T10:22:52","guid":{"rendered":"http:\/\/ruuby.ee\/?post_type=product&#038;p=1840397"},"modified":"2026-04-08T01:28:38","modified_gmt":"2026-04-07T22:28:38","slug":"elensen-line-diivanilaud-h55cm","status":"publish","type":"product","link":"http:\/\/ruuby.ee\/en\/pood\/kodusisustus\/moobel\/lauad\/elensen-line-diivanilaud-h55cm\/","title":{"rendered":"ELENSEN - Line, coffee table, h55cm"},"content":{"rendered":"<p>Uus kollektsioon algab kohe! LINE Diivanilaud on meie valikus midagi muud \u2013 \u00fcmmargune laud, mille panipaik on valmistatud t\u00e4istammest ja tammespoonist, mis tagab nii vastupidavuse kui ka vapustava loomuliku esteetika, mis t\u00e4iendab iga sisustust. Seda saab kasutada koos LINE Side lauaga \u2013 veel \u00fcks uus toode valikus. LINE on ideaalne t\u00e4iendus igale eluruumile.<br \/>\nSee 40 cm l\u00e4bim\u00f5\u00f5duga kohvilaud pakub piisavalt pinda teie jookide, suupistete, raamatute ja dekoratiivesemete jaoks. Selle ideaalne 55 cm k\u00f5rgus loob t\u00e4iusliku tasakaalu funktsionaalsuse ja stiili vahel, muutes selle mugavaks nii k\u00fclaliste l\u00f5bustamiseks kui ka l\u00f5\u00f5gastavateks \u00f5htuteks kodus. Selle kohvilaua \u00fcks silmapaistvamaid omadusi on selle hoiuruum. See geniaalne hoiulahendus, mis on peidetud diskreetselt lauaplaadi alla, v\u00f5imaldab teil hoida oma elutuba korras ja organiseeritult ning p\u00e4\u00e4sete h\u00f5lpsalt juurde oma lemmikajakirjadele, kaugjuhtimispultidele ja muule olulisele.<br \/>\nPakume kolme peent v\u00e4rvivalikut, mis vastavad teie isiklikule maitsele ja sisekujunduse eelistustele. Valige sooja ja ajatu Darkish tamme, elegantse ja kaasaegse valge tamme v\u00f5i rikkaliku ja luksusliku musta tamme vahel.<\/p>\n<p>T\u00e4iustage oma elamispinda meie LINE kollektsiooni elegantsi ja praktilisusega.<\/p>\n<p>M\u00f5\u00f5dud: 40cm, H:55cm<\/p>","protected":false},"excerpt":{"rendered":"<p>Uus kollektsioon algab kohe! LINE Diivanilaud on meie valikus midagi muud \u2013 \u00fcmmargune laud, mille panipaik on valmistatud t\u00e4istammest ja tammespoonist, mis tagab nii vastupidavuse kui ka vapustava loomuliku esteetika, mis t\u00e4iendab iga sisustust. Seda saab kasutada koos LINE Side lauaga \u2013 veel \u00fcks uus toode valikus. LINE on ideaalne t\u00e4iendus igale eluruumile. See 40 [&hellip;]<\/p>\n","protected":false},"featured_media":1840404,"comment_status":"open","ping_status":"closed","template":"","meta":[],"product_brand":[],"product_cat":[42,556],"product_tag":[360,327,156],"class_list":{"0":"post-1840397","1":"product","2":"type-product","3":"status-publish","4":"has-post-thumbnail","6":"product_cat-kodusisustus","7":"product_cat-lauad","8":"product_tag-diivanilaud","9":"product_tag-elensen","10":"product_tag-moobel","12":"first","13":"onbackorder","14":"taxable","15":"shipping-taxable","16":"purchasable","17":"product-type-variable","18":"rtwpvs-product"},"yoast_head":"<!-- This site is optimized with the Yoast SEO plugin v27.3 - https:\/\/yoast.com\/product\/yoast-seo-wordpress\/ -->\n<title>ELENSEN - Line, diivanilaud, h55cm - RUUBY<\/title>\n<meta name=\"robots\" content=\"index, follow, max-snippet:-1, max-image-preview:large, max-video-preview:-1\" \/>\n<link rel=\"canonical\" href=\"http:\/\/ruuby.ee\/en\/pood\/kodusisustus\/moobel\/lauad\/elensen-line-diivanilaud-h55cm\/\" \/>\n<meta property=\"og:locale\" content=\"en_GB\" \/>\n<meta property=\"og:type\" content=\"article\" \/>\n<meta property=\"og:title\" content=\"ELENSEN - Line, diivanilaud, h55cm - RUUBY\" \/>\n<meta property=\"og:description\" content=\"Uus kollektsioon algab kohe! LINE Diivanilaud on meie valikus midagi muud \u2013 \u00fcmmargune laud, mille panipaik on valmistatud t\u00e4istammest ja tammespoonist, mis tagab nii vastupidavuse kui ka vapustava loomuliku esteetika, mis t\u00e4iendab iga sisustust. Seda saab kasutada koos LINE Side lauaga \u2013 veel \u00fcks uus toode valikus. LINE on ideaalne t\u00e4iendus igale eluruumile. See 40 [&hellip;]\" \/>\n<meta property=\"og:url\" content=\"http:\/\/ruuby.ee\/en\/pood\/kodusisustus\/moobel\/lauad\/elensen-line-diivanilaud-h55cm\/\" \/>\n<meta property=\"og:site_name\" content=\"RUUBY\" \/>\n<meta property=\"article:publisher\" content=\"https:\/\/www.facebook.com\/ruubyconcept\" \/>\n<meta property=\"article:modified_time\" content=\"2026-04-07T22:28:38+00:00\" \/>\n<meta property=\"og:image\" content=\"http:\/\/ruuby.ee\/wp-content\/uploads\/2023\/10\/Screenshot-2023-10-24-at-13.22.18.png\" \/>\n\t<meta property=\"og:image:width\" content=\"1716\" \/>\n\t<meta property=\"og:image:height\" content=\"1170\" \/>\n\t<meta property=\"og:image:type\" content=\"image\/png\" \/>\n<meta name=\"twitter:card\" content=\"summary_large_image\" \/>\n<meta name=\"twitter:label1\" content=\"Estimated reading time\" \/>\n\t<meta name=\"twitter:data1\" content=\"1 minute\" \/>\n<script type=\"application\/ld+json\" class=\"yoast-schema-graph\">{\"@context\":\"https:\\\/\\\/schema.org\",\"@graph\":[{\"@type\":[\"WebPage\",\"ItemPage\"],\"@id\":\"http:\\\/\\\/ruuby.ee\\\/pood\\\/kodusisustus\\\/moobel\\\/lauad\\\/elensen-line-diivanilaud-h55cm\\\/\",\"url\":\"http:\\\/\\\/ruuby.ee\\\/pood\\\/kodusisustus\\\/moobel\\\/lauad\\\/elensen-line-diivanilaud-h55cm\\\/\",\"name\":\"ELENSEN - Line, diivanilaud, h55cm - RUUBY\",\"isPartOf\":{\"@id\":\"http:\\\/\\\/ruuby.ee\\\/en\\\/#website\"},\"primaryImageOfPage\":{\"@id\":\"http:\\\/\\\/ruuby.ee\\\/pood\\\/kodusisustus\\\/moobel\\\/lauad\\\/elensen-line-diivanilaud-h55cm\\\/#primaryimage\"},\"image\":{\"@id\":\"http:\\\/\\\/ruuby.ee\\\/pood\\\/kodusisustus\\\/moobel\\\/lauad\\\/elensen-line-diivanilaud-h55cm\\\/#primaryimage\"},\"thumbnailUrl\":\"http:\\\/\\\/ruuby.ee\\\/wp-content\\\/uploads\\\/2023\\\/10\\\/Screenshot-2023-10-24-at-13.22.18.png\",\"datePublished\":\"2023-10-24T10:22:52+00:00\",\"dateModified\":\"2026-04-07T22:28:38+00:00\",\"breadcrumb\":{\"@id\":\"http:\\\/\\\/ruuby.ee\\\/pood\\\/kodusisustus\\\/moobel\\\/lauad\\\/elensen-line-diivanilaud-h55cm\\\/#breadcrumb\"},\"inLanguage\":\"en-GB\",\"potentialAction\":[{\"@type\":\"ReadAction\",\"target\":[\"http:\\\/\\\/ruuby.ee\\\/pood\\\/kodusisustus\\\/moobel\\\/lauad\\\/elensen-line-diivanilaud-h55cm\\\/\"]}]},{\"@type\":\"ImageObject\",\"inLanguage\":\"en-GB\",\"@id\":\"http:\\\/\\\/ruuby.ee\\\/pood\\\/kodusisustus\\\/moobel\\\/lauad\\\/elensen-line-diivanilaud-h55cm\\\/#primaryimage\",\"url\":\"http:\\\/\\\/ruuby.ee\\\/wp-content\\\/uploads\\\/2023\\\/10\\\/Screenshot-2023-10-24-at-13.22.18.png\",\"contentUrl\":\"http:\\\/\\\/ruuby.ee\\\/wp-content\\\/uploads\\\/2023\\\/10\\\/Screenshot-2023-10-24-at-13.22.18.png\",\"width\":1716,\"height\":1170},{\"@type\":\"BreadcrumbList\",\"@id\":\"http:\\\/\\\/ruuby.ee\\\/pood\\\/kodusisustus\\\/moobel\\\/lauad\\\/elensen-line-diivanilaud-h55cm\\\/#breadcrumb\",\"itemListElement\":[{\"@type\":\"ListItem\",\"position\":1,\"name\":\"Kdu\",\"item\":\"http:\\\/\\\/ruuby.ee\\\/en\\\/\"},{\"@type\":\"ListItem\",\"position\":2,\"name\":\"Pood\",\"item\":\"http:\\\/\\\/ruuby.ee\\\/en\\\/pood\\\/\"},{\"@type\":\"ListItem\",\"position\":3,\"name\":\"ELENSEN &#8211; Line, diivanilaud, h55cm\"}]},{\"@type\":\"WebSite\",\"@id\":\"http:\\\/\\\/ruuby.ee\\\/en\\\/#website\",\"url\":\"http:\\\/\\\/ruuby.ee\\\/en\\\/\",\"name\":\"RUUBY\",\"description\":\"Ruubys on \u00fchendatud elustiil ja disain\",\"publisher\":{\"@id\":\"http:\\\/\\\/ruuby.ee\\\/en\\\/#organization\"},\"alternateName\":\"Ruuby Disain\",\"potentialAction\":[{\"@type\":\"SearchAction\",\"target\":{\"@type\":\"EntryPoint\",\"urlTemplate\":\"http:\\\/\\\/ruuby.ee\\\/en\\\/?s={search_term_string}\"},\"query-input\":{\"@type\":\"PropertyValueSpecification\",\"valueRequired\":true,\"valueName\":\"search_term_string\"}}],\"inLanguage\":\"en-GB\"},{\"@type\":\"Organization\",\"@id\":\"http:\\\/\\\/ruuby.ee\\\/en\\\/#organization\",\"name\":\"Ruuby Disain O\u00dc\",\"alternateName\":\"Ruuby\",\"url\":\"http:\\\/\\\/ruuby.ee\\\/en\\\/\",\"logo\":{\"@type\":\"ImageObject\",\"inLanguage\":\"en-GB\",\"@id\":\"http:\\\/\\\/ruuby.ee\\\/en\\\/#\\\/schema\\\/logo\\\/image\\\/\",\"url\":\"http:\\\/\\\/ruuby.ee\\\/wp-content\\\/uploads\\\/2023\\\/06\\\/cropped-Black-White-Elegant-Circle-Signature-Fashion-Logo-12_large.png\",\"contentUrl\":\"http:\\\/\\\/ruuby.ee\\\/wp-content\\\/uploads\\\/2023\\\/06\\\/cropped-Black-White-Elegant-Circle-Signature-Fashion-Logo-12_large.png\",\"width\":1280,\"height\":747,\"caption\":\"Ruuby Disain O\u00dc\"},\"image\":{\"@id\":\"http:\\\/\\\/ruuby.ee\\\/en\\\/#\\\/schema\\\/logo\\\/image\\\/\"},\"sameAs\":[\"https:\\\/\\\/www.facebook.com\\\/ruubyconcept\",\"https:\\\/\\\/www.instagram.com\\\/ruuby_concept\\\/\"]}]}<\/script>\n<!-- \/ Yoast SEO plugin. -->","yoast_head_json":{"title":"ELENSEN - Line, diivanilaud, h55cm - RUUBY","robots":{"index":"index","follow":"follow","max-snippet":"max-snippet:-1","max-image-preview":"max-image-preview:large","max-video-preview":"max-video-preview:-1"},"canonical":"http:\/\/ruuby.ee\/en\/pood\/kodusisustus\/moobel\/lauad\/elensen-line-diivanilaud-h55cm\/","og_locale":"en_GB","og_type":"article","og_title":"ELENSEN - Line, diivanilaud, h55cm - RUUBY","og_description":"Uus kollektsioon algab kohe! LINE Diivanilaud on meie valikus midagi muud \u2013 \u00fcmmargune laud, mille panipaik on valmistatud t\u00e4istammest ja tammespoonist, mis tagab nii vastupidavuse kui ka vapustava loomuliku esteetika, mis t\u00e4iendab iga sisustust. Seda saab kasutada koos LINE Side lauaga \u2013 veel \u00fcks uus toode valikus. LINE on ideaalne t\u00e4iendus igale eluruumile. See 40 [&hellip;]","og_url":"http:\/\/ruuby.ee\/en\/pood\/kodusisustus\/moobel\/lauad\/elensen-line-diivanilaud-h55cm\/","og_site_name":"RUUBY","article_publisher":"https:\/\/www.facebook.com\/ruubyconcept","article_modified_time":"2026-04-07T22:28:38+00:00","og_image":[{"width":1716,"height":1170,"url":"http:\/\/ruuby.ee\/wp-content\/uploads\/2023\/10\/Screenshot-2023-10-24-at-13.22.18.png","type":"image\/png"}],"twitter_card":"summary_large_image","twitter_misc":{"Estimated reading time":"1 minute"},"schema":{"@context":"https:\/\/schema.org","@graph":[{"@type":["WebPage","ItemPage"],"@id":"http:\/\/ruuby.ee\/pood\/kodusisustus\/moobel\/lauad\/elensen-line-diivanilaud-h55cm\/","url":"http:\/\/ruuby.ee\/pood\/kodusisustus\/moobel\/lauad\/elensen-line-diivanilaud-h55cm\/","name":"ELENSEN - Line, diivanilaud, h55cm - RUUBY","isPartOf":{"@id":"http:\/\/ruuby.ee\/en\/#website"},"primaryImageOfPage":{"@id":"http:\/\/ruuby.ee\/pood\/kodusisustus\/moobel\/lauad\/elensen-line-diivanilaud-h55cm\/#primaryimage"},"image":{"@id":"http:\/\/ruuby.ee\/pood\/kodusisustus\/moobel\/lauad\/elensen-line-diivanilaud-h55cm\/#primaryimage"},"thumbnailUrl":"http:\/\/ruuby.ee\/wp-content\/uploads\/2023\/10\/Screenshot-2023-10-24-at-13.22.18.png","datePublished":"2023-10-24T10:22:52+00:00","dateModified":"2026-04-07T22:28:38+00:00","breadcrumb":{"@id":"http:\/\/ruuby.ee\/pood\/kodusisustus\/moobel\/lauad\/elensen-line-diivanilaud-h55cm\/#breadcrumb"},"inLanguage":"en-GB","potentialAction":[{"@type":"ReadAction","target":["http:\/\/ruuby.ee\/pood\/kodusisustus\/moobel\/lauad\/elensen-line-diivanilaud-h55cm\/"]}]},{"@type":"ImageObject","inLanguage":"en-GB","@id":"http:\/\/ruuby.ee\/pood\/kodusisustus\/moobel\/lauad\/elensen-line-diivanilaud-h55cm\/#primaryimage","url":"http:\/\/ruuby.ee\/wp-content\/uploads\/2023\/10\/Screenshot-2023-10-24-at-13.22.18.png","contentUrl":"http:\/\/ruuby.ee\/wp-content\/uploads\/2023\/10\/Screenshot-2023-10-24-at-13.22.18.png","width":1716,"height":1170},{"@type":"BreadcrumbList","@id":"http:\/\/ruuby.ee\/pood\/kodusisustus\/moobel\/lauad\/elensen-line-diivanilaud-h55cm\/#breadcrumb","itemListElement":[{"@type":"ListItem","position":1,"name":"Kdu","item":"http:\/\/ruuby.ee\/en\/"},{"@type":"ListItem","position":2,"name":"Pood","item":"http:\/\/ruuby.ee\/en\/pood\/"},{"@type":"ListItem","position":3,"name":"ELENSEN &#8211; Line, diivanilaud, h55cm"}]},{"@type":"WebSite","@id":"http:\/\/ruuby.ee\/en\/#website","url":"http:\/\/ruuby.ee\/en\/","name":"RUUBY","description":"Ruubys on \u00fchendatud elustiil ja disain","publisher":{"@id":"http:\/\/ruuby.ee\/en\/#organization"},"alternateName":"Ruuby Disain","potentialAction":[{"@type":"SearchAction","target":{"@type":"EntryPoint","urlTemplate":"http:\/\/ruuby.ee\/en\/?s={search_term_string}"},"query-input":{"@type":"PropertyValueSpecification","valueRequired":true,"valueName":"search_term_string"}}],"inLanguage":"en-GB"},{"@type":"Organization","@id":"http:\/\/ruuby.ee\/en\/#organization","name":"Ruuby Disain O\u00dc","alternateName":"Ruuby","url":"http:\/\/ruuby.ee\/en\/","logo":{"@type":"ImageObject","inLanguage":"en-GB","@id":"http:\/\/ruuby.ee\/en\/#\/schema\/logo\/image\/","url":"http:\/\/ruuby.ee\/wp-content\/uploads\/2023\/06\/cropped-Black-White-Elegant-Circle-Signature-Fashion-Logo-12_large.png","contentUrl":"http:\/\/ruuby.ee\/wp-content\/uploads\/2023\/06\/cropped-Black-White-Elegant-Circle-Signature-Fashion-Logo-12_large.png","width":1280,"height":747,"caption":"Ruuby Disain O\u00dc"},"image":{"@id":"http:\/\/ruuby.ee\/en\/#\/schema\/logo\/image\/"},"sameAs":["https:\/\/www.facebook.com\/ruubyconcept","https:\/\/www.instagram.com\/ruuby_concept\/"]}]}},"jetpack_sharing_enabled":true,"_links":{"self":[{"href":"http:\/\/ruuby.ee\/en\/wp-json\/wp\/v2\/product\/1840397","targetHints":{"allow":["GET"]}}],"collection":[{"href":"http:\/\/ruuby.ee\/en\/wp-json\/wp\/v2\/product"}],"about":[{"href":"http:\/\/ruuby.ee\/en\/wp-json\/wp\/v2\/types\/product"}],"replies":[{"embeddable":true,"href":"http:\/\/ruuby.ee\/en\/wp-json\/wp\/v2\/comments?post=1840397"}],"wp:featuredmedia":[{"embeddable":true,"href":"http:\/\/ruuby.ee\/en\/wp-json\/wp\/v2\/media\/1840404"}],"wp:attachment":[{"href":"http:\/\/ruuby.ee\/en\/wp-json\/wp\/v2\/media?parent=1840397"}],"wp:term":[{"taxonomy":"product_brand","embeddable":true,"href":"http:\/\/ruuby.ee\/en\/wp-json\/wp\/v2\/product_brand?post=1840397"},{"taxonomy":"product_cat","embeddable":true,"href":"http:\/\/ruuby.ee\/en\/wp-json\/wp\/v2\/product_cat?post=1840397"},{"taxonomy":"product_tag","embeddable":true,"href":"http:\/\/ruuby.ee\/en\/wp-json\/wp\/v2\/product_tag?post=1840397"}],"curies":[{"name":"wp","href":"https:\/\/api.w.org\/{rel}","templated":true}]}}