{"id":1840355,"date":"2023-10-22T14:30:23","date_gmt":"2023-10-22T11:30:23","guid":{"rendered":"http:\/\/ruuby.ee\/?post_type=product&#038;p=1840355"},"modified":"2026-04-04T01:25:01","modified_gmt":"2026-04-03T22:25:01","slug":"umage-riiul-stories","status":"publish","type":"product","link":"http:\/\/ruuby.ee\/en\/pood\/kodusisustus\/moobel\/kapid\/umage-riiul-stories\/","title":{"rendered":"UMAGE &#8211; Riiul, Stories"},"content":{"rendered":"<p>Stories on paindlik riiuli\u00fcksus, kuhu saate eksponeerida asju, mis teile k\u00f5ige rohkem meeldivad ja jagada oma elulugusid.<\/p>\n<p>Stories koosneb 4 riiulist, millest \u00fchel on messingplaadiga auk, kuhu saate panna kalakestega pallakvaariumi v\u00f5i hoopiski kauni lillevaasi. Riiuliga on kaasas ka kolm puidust kasti, millel on veneetsia roost esiosa, mis v\u00f5imaldab h\u00f5lpsalt oma asju kaunilt peita. Lugusid saab laiendada vajaliku suuruseni ja isikup\u00e4rastada mitmete riiulitarvikutega, sealhulgas klaaskaussi, t\u00e4iendavate hoiualuste ja abilauaga.<\/p>\n<p>Stories on valmistatud tammepuust ja sellel on nelja koonilise jalaga lihtne visuaalne atraktsioon, mis loob elegantse ja peene v\u00e4limuse. Riiulis\u00fcsteemil on neli messingist jalga, mida saab reguleerida ja tasandada kaldp\u00f5randate j\u00e4rgi, mida sageli n\u00e4eb Kopenhaageni vanades korterites<\/p>\n<p>M\u00f5\u00f5dud: (H x W x D) 147.8 x 110 x 35 cm<\/p>\n<p>Kaal: 25.0 kg<\/p>\n<p>Materjal: T\u00e4ispuidust tamm, MDF ja teras<\/p>\n<p>&nbsp;<\/p>","protected":false},"excerpt":{"rendered":"<p>Stories on paindlik riiuli\u00fcksus, kuhu saate eksponeerida asju, mis teile k\u00f5ige rohkem meeldivad ja jagada oma elulugusid. Stories koosneb 4 riiulist, millest \u00fchel on messingplaadiga auk, kuhu saate panna kalakestega pallakvaariumi v\u00f5i hoopiski kauni lillevaasi. Riiuliga on kaasas ka kolm puidust kasti, millel on veneetsia roost esiosa, mis v\u00f5imaldab h\u00f5lpsalt oma asju kaunilt peita. Lugusid [&hellip;]<\/p>\n","protected":false},"featured_media":1840362,"comment_status":"open","ping_status":"closed","template":"","meta":[],"product_brand":[],"product_cat":[56],"product_tag":[361,235,150],"class_list":{"0":"post-1840355","1":"product","2":"type-product","3":"status-publish","4":"has-post-thumbnail","6":"product_cat-kapid","7":"product_tag-riiul","8":"product_tag-sisustus","9":"product_tag-umage","11":"first","12":"onbackorder","13":"taxable","14":"shipping-taxable","15":"purchasable","16":"product-type-variable","17":"rtwpvs-product"},"yoast_head":"<!-- This site is optimized with the Yoast SEO plugin v27.2 - https:\/\/yoast.com\/product\/yoast-seo-wordpress\/ -->\n<title>UMAGE - Riiul, Stories - RUUBY<\/title>\n<meta name=\"robots\" content=\"index, follow, max-snippet:-1, max-image-preview:large, max-video-preview:-1\" \/>\n<link rel=\"canonical\" href=\"https:\/\/ruuby.ee\/en\/pood\/kodusisustus\/moobel\/kapid\/umage-riiul-stories\/\" \/>\n<meta property=\"og:locale\" content=\"en_GB\" \/>\n<meta property=\"og:type\" content=\"article\" \/>\n<meta property=\"og:title\" content=\"UMAGE - Riiul, Stories - RUUBY\" \/>\n<meta property=\"og:description\" content=\"Stories on paindlik riiuli\u00fcksus, kuhu saate eksponeerida asju, mis teile k\u00f5ige rohkem meeldivad ja jagada oma elulugusid. Stories koosneb 4 riiulist, millest \u00fchel on messingplaadiga auk, kuhu saate panna kalakestega pallakvaariumi v\u00f5i hoopiski kauni lillevaasi. Riiuliga on kaasas ka kolm puidust kasti, millel on veneetsia roost esiosa, mis v\u00f5imaldab h\u00f5lpsalt oma asju kaunilt peita. Lugusid [&hellip;]\" \/>\n<meta property=\"og:url\" content=\"https:\/\/ruuby.ee\/en\/pood\/kodusisustus\/moobel\/kapid\/umage-riiul-stories\/\" \/>\n<meta property=\"og:site_name\" content=\"RUUBY\" \/>\n<meta property=\"article:publisher\" content=\"https:\/\/www.facebook.com\/ruubyconcept\" \/>\n<meta property=\"article:modified_time\" content=\"2026-04-03T22:25:01+00:00\" \/>\n<meta property=\"og:image\" content=\"https:\/\/ruuby.ee\/wp-content\/uploads\/2023\/10\/Screenshot-2023-10-22-at-14.25.33.png\" \/>\n\t<meta property=\"og:image:width\" content=\"914\" \/>\n\t<meta property=\"og:image:height\" content=\"1012\" \/>\n\t<meta property=\"og:image:type\" content=\"image\/png\" \/>\n<meta name=\"twitter:card\" content=\"summary_large_image\" \/>\n<meta name=\"twitter:label1\" content=\"Estimated reading time\" \/>\n\t<meta name=\"twitter:data1\" content=\"1 minute\" \/>\n<script type=\"application\/ld+json\" class=\"yoast-schema-graph\">{\"@context\":\"https:\/\/schema.org\",\"@graph\":[{\"@type\":[\"WebPage\",\"ItemPage\"],\"@id\":\"https:\/\/ruuby.ee\/en\/pood\/kodusisustus\/moobel\/kapid\/umage-riiul-stories\/\",\"url\":\"https:\/\/ruuby.ee\/en\/pood\/kodusisustus\/moobel\/kapid\/umage-riiul-stories\/\",\"name\":\"UMAGE - Riiul, Stories - RUUBY\",\"isPartOf\":{\"@id\":\"https:\/\/ruuby.ee\/en\/#website\"},\"primaryImageOfPage\":{\"@id\":\"https:\/\/ruuby.ee\/en\/pood\/kodusisustus\/moobel\/kapid\/umage-riiul-stories\/#primaryimage\"},\"image\":{\"@id\":\"https:\/\/ruuby.ee\/en\/pood\/kodusisustus\/moobel\/kapid\/umage-riiul-stories\/#primaryimage\"},\"thumbnailUrl\":\"http:\/\/ruuby.ee\/wp-content\/uploads\/2023\/10\/Screenshot-2023-10-22-at-14.25.33.png\",\"datePublished\":\"2023-10-22T11:30:23+00:00\",\"dateModified\":\"2026-04-03T22:25:01+00:00\",\"breadcrumb\":{\"@id\":\"https:\/\/ruuby.ee\/en\/pood\/kodusisustus\/moobel\/kapid\/umage-riiul-stories\/#breadcrumb\"},\"inLanguage\":\"en-GB\",\"potentialAction\":[{\"@type\":\"ReadAction\",\"target\":[\"https:\/\/ruuby.ee\/en\/pood\/kodusisustus\/moobel\/kapid\/umage-riiul-stories\/\"]}]},{\"@type\":\"ImageObject\",\"inLanguage\":\"en-GB\",\"@id\":\"https:\/\/ruuby.ee\/en\/pood\/kodusisustus\/moobel\/kapid\/umage-riiul-stories\/#primaryimage\",\"url\":\"http:\/\/ruuby.ee\/wp-content\/uploads\/2023\/10\/Screenshot-2023-10-22-at-14.25.33.png\",\"contentUrl\":\"http:\/\/ruuby.ee\/wp-content\/uploads\/2023\/10\/Screenshot-2023-10-22-at-14.25.33.png\",\"width\":914,\"height\":1012},{\"@type\":\"BreadcrumbList\",\"@id\":\"https:\/\/ruuby.ee\/en\/pood\/kodusisustus\/moobel\/kapid\/umage-riiul-stories\/#breadcrumb\",\"itemListElement\":[{\"@type\":\"ListItem\",\"position\":1,\"name\":\"Kdu\",\"item\":\"https:\/\/ruuby.ee\/en\/\"},{\"@type\":\"ListItem\",\"position\":2,\"name\":\"Pood\",\"item\":\"https:\/\/ruuby.ee\/pood\/\"},{\"@type\":\"ListItem\",\"position\":3,\"name\":\"UMAGE &#8211; Riiul, Stories\"}]},{\"@type\":\"WebSite\",\"@id\":\"https:\/\/ruuby.ee\/en\/#website\",\"url\":\"https:\/\/ruuby.ee\/en\/\",\"name\":\"RUUBY\",\"description\":\"Ruubys on \u00fchendatud elustiil ja disain\",\"publisher\":{\"@id\":\"https:\/\/ruuby.ee\/en\/#organization\"},\"alternateName\":\"Ruuby Disain\",\"potentialAction\":[{\"@type\":\"SearchAction\",\"target\":{\"@type\":\"EntryPoint\",\"urlTemplate\":\"https:\/\/ruuby.ee\/en\/?s={search_term_string}\"},\"query-input\":{\"@type\":\"PropertyValueSpecification\",\"valueRequired\":true,\"valueName\":\"search_term_string\"}}],\"inLanguage\":\"en-GB\"},{\"@type\":\"Organization\",\"@id\":\"https:\/\/ruuby.ee\/en\/#organization\",\"name\":\"Ruuby Disain O\u00dc\",\"alternateName\":\"Ruuby\",\"url\":\"https:\/\/ruuby.ee\/en\/\",\"logo\":{\"@type\":\"ImageObject\",\"inLanguage\":\"en-GB\",\"@id\":\"https:\/\/ruuby.ee\/en\/#\/schema\/logo\/image\/\",\"url\":\"http:\/\/ruuby.ee\/wp-content\/uploads\/2023\/06\/cropped-Black-White-Elegant-Circle-Signature-Fashion-Logo-12_large.png\",\"contentUrl\":\"http:\/\/ruuby.ee\/wp-content\/uploads\/2023\/06\/cropped-Black-White-Elegant-Circle-Signature-Fashion-Logo-12_large.png\",\"width\":1280,\"height\":747,\"caption\":\"Ruuby Disain O\u00dc\"},\"image\":{\"@id\":\"https:\/\/ruuby.ee\/en\/#\/schema\/logo\/image\/\"},\"sameAs\":[\"https:\/\/www.facebook.com\/ruubyconcept\",\"https:\/\/www.instagram.com\/ruuby_concept\/\"]}]}<\/script>\n<!-- \/ Yoast SEO plugin. -->","yoast_head_json":{"title":"UMAGE - Riiul, Stories - RUUBY","robots":{"index":"index","follow":"follow","max-snippet":"max-snippet:-1","max-image-preview":"max-image-preview:large","max-video-preview":"max-video-preview:-1"},"canonical":"https:\/\/ruuby.ee\/en\/pood\/kodusisustus\/moobel\/kapid\/umage-riiul-stories\/","og_locale":"en_GB","og_type":"article","og_title":"UMAGE - Riiul, Stories - RUUBY","og_description":"Stories on paindlik riiuli\u00fcksus, kuhu saate eksponeerida asju, mis teile k\u00f5ige rohkem meeldivad ja jagada oma elulugusid. Stories koosneb 4 riiulist, millest \u00fchel on messingplaadiga auk, kuhu saate panna kalakestega pallakvaariumi v\u00f5i hoopiski kauni lillevaasi. Riiuliga on kaasas ka kolm puidust kasti, millel on veneetsia roost esiosa, mis v\u00f5imaldab h\u00f5lpsalt oma asju kaunilt peita. Lugusid [&hellip;]","og_url":"https:\/\/ruuby.ee\/en\/pood\/kodusisustus\/moobel\/kapid\/umage-riiul-stories\/","og_site_name":"RUUBY","article_publisher":"https:\/\/www.facebook.com\/ruubyconcept","article_modified_time":"2026-04-03T22:25:01+00:00","og_image":[{"width":914,"height":1012,"url":"https:\/\/ruuby.ee\/wp-content\/uploads\/2023\/10\/Screenshot-2023-10-22-at-14.25.33.png","type":"image\/png"}],"twitter_card":"summary_large_image","twitter_misc":{"Estimated reading time":"1 minute"},"schema":{"@context":"https:\/\/schema.org","@graph":[{"@type":["WebPage","ItemPage"],"@id":"https:\/\/ruuby.ee\/en\/pood\/kodusisustus\/moobel\/kapid\/umage-riiul-stories\/","url":"https:\/\/ruuby.ee\/en\/pood\/kodusisustus\/moobel\/kapid\/umage-riiul-stories\/","name":"UMAGE - Riiul, Stories - RUUBY","isPartOf":{"@id":"https:\/\/ruuby.ee\/en\/#website"},"primaryImageOfPage":{"@id":"https:\/\/ruuby.ee\/en\/pood\/kodusisustus\/moobel\/kapid\/umage-riiul-stories\/#primaryimage"},"image":{"@id":"https:\/\/ruuby.ee\/en\/pood\/kodusisustus\/moobel\/kapid\/umage-riiul-stories\/#primaryimage"},"thumbnailUrl":"http:\/\/ruuby.ee\/wp-content\/uploads\/2023\/10\/Screenshot-2023-10-22-at-14.25.33.png","datePublished":"2023-10-22T11:30:23+00:00","dateModified":"2026-04-03T22:25:01+00:00","breadcrumb":{"@id":"https:\/\/ruuby.ee\/en\/pood\/kodusisustus\/moobel\/kapid\/umage-riiul-stories\/#breadcrumb"},"inLanguage":"en-GB","potentialAction":[{"@type":"ReadAction","target":["https:\/\/ruuby.ee\/en\/pood\/kodusisustus\/moobel\/kapid\/umage-riiul-stories\/"]}]},{"@type":"ImageObject","inLanguage":"en-GB","@id":"https:\/\/ruuby.ee\/en\/pood\/kodusisustus\/moobel\/kapid\/umage-riiul-stories\/#primaryimage","url":"http:\/\/ruuby.ee\/wp-content\/uploads\/2023\/10\/Screenshot-2023-10-22-at-14.25.33.png","contentUrl":"http:\/\/ruuby.ee\/wp-content\/uploads\/2023\/10\/Screenshot-2023-10-22-at-14.25.33.png","width":914,"height":1012},{"@type":"BreadcrumbList","@id":"https:\/\/ruuby.ee\/en\/pood\/kodusisustus\/moobel\/kapid\/umage-riiul-stories\/#breadcrumb","itemListElement":[{"@type":"ListItem","position":1,"name":"Kdu","item":"https:\/\/ruuby.ee\/en\/"},{"@type":"ListItem","position":2,"name":"Pood","item":"https:\/\/ruuby.ee\/pood\/"},{"@type":"ListItem","position":3,"name":"UMAGE &#8211; Riiul, Stories"}]},{"@type":"WebSite","@id":"https:\/\/ruuby.ee\/en\/#website","url":"https:\/\/ruuby.ee\/en\/","name":"RUUBY","description":"Ruubys on \u00fchendatud elustiil ja disain","publisher":{"@id":"https:\/\/ruuby.ee\/en\/#organization"},"alternateName":"Ruuby Disain","potentialAction":[{"@type":"SearchAction","target":{"@type":"EntryPoint","urlTemplate":"https:\/\/ruuby.ee\/en\/?s={search_term_string}"},"query-input":{"@type":"PropertyValueSpecification","valueRequired":true,"valueName":"search_term_string"}}],"inLanguage":"en-GB"},{"@type":"Organization","@id":"https:\/\/ruuby.ee\/en\/#organization","name":"Ruuby Disain O\u00dc","alternateName":"Ruuby","url":"https:\/\/ruuby.ee\/en\/","logo":{"@type":"ImageObject","inLanguage":"en-GB","@id":"https:\/\/ruuby.ee\/en\/#\/schema\/logo\/image\/","url":"http:\/\/ruuby.ee\/wp-content\/uploads\/2023\/06\/cropped-Black-White-Elegant-Circle-Signature-Fashion-Logo-12_large.png","contentUrl":"http:\/\/ruuby.ee\/wp-content\/uploads\/2023\/06\/cropped-Black-White-Elegant-Circle-Signature-Fashion-Logo-12_large.png","width":1280,"height":747,"caption":"Ruuby Disain O\u00dc"},"image":{"@id":"https:\/\/ruuby.ee\/en\/#\/schema\/logo\/image\/"},"sameAs":["https:\/\/www.facebook.com\/ruubyconcept","https:\/\/www.instagram.com\/ruuby_concept\/"]}]}},"jetpack_sharing_enabled":true,"_links":{"self":[{"href":"http:\/\/ruuby.ee\/en\/wp-json\/wp\/v2\/product\/1840355","targetHints":{"allow":["GET"]}}],"collection":[{"href":"http:\/\/ruuby.ee\/en\/wp-json\/wp\/v2\/product"}],"about":[{"href":"http:\/\/ruuby.ee\/en\/wp-json\/wp\/v2\/types\/product"}],"replies":[{"embeddable":true,"href":"http:\/\/ruuby.ee\/en\/wp-json\/wp\/v2\/comments?post=1840355"}],"wp:featuredmedia":[{"embeddable":true,"href":"http:\/\/ruuby.ee\/en\/wp-json\/wp\/v2\/media\/1840362"}],"wp:attachment":[{"href":"http:\/\/ruuby.ee\/en\/wp-json\/wp\/v2\/media?parent=1840355"}],"wp:term":[{"taxonomy":"product_brand","embeddable":true,"href":"http:\/\/ruuby.ee\/en\/wp-json\/wp\/v2\/product_brand?post=1840355"},{"taxonomy":"product_cat","embeddable":true,"href":"http:\/\/ruuby.ee\/en\/wp-json\/wp\/v2\/product_cat?post=1840355"},{"taxonomy":"product_tag","embeddable":true,"href":"http:\/\/ruuby.ee\/en\/wp-json\/wp\/v2\/product_tag?post=1840355"}],"curies":[{"name":"wp","href":"https:\/\/api.w.org\/{rel}","templated":true}]}}