{"id":1840315,"date":"2023-10-20T16:34:32","date_gmt":"2023-10-20T13:34:32","guid":{"rendered":"http:\/\/ruuby.ee\/?post_type=product&#038;p=1840315"},"modified":"2026-04-08T01:28:38","modified_gmt":"2026-04-07T22:28:38","slug":"lubech-living-mail-me-lillepott-must","status":"publish","type":"product","link":"http:\/\/ruuby.ee\/en\/pood\/kodusisustus\/vaasid\/lubech-living-mail-me-lillepott-must\/","title":{"rendered":"L\u00fcbech Living &#8211; Mail Me lillepott, must"},"content":{"rendered":"<p>Mail Me lillepott saabub lamedalt pakitud ja niipea, kui sisestate lille v\u00f5i \u00fcrdi, laieneb see ja muutub k\u00f5ige ilusamaks j\u00e4tkusuutlikuks lillepottiks. Mail Me on inspireeritud kunagisest OOhh disainist &#8211; lillekott, mis on n\u00fc\u00fcd viidud uuele ja veelgi CO2-s\u00f5bralikumale tasemele.<\/p>\n<p>OOhh Collectioni Mail Me n\u00e4gemus on olnud k\u00f5ige CO2-neutraalsema toote kujundamine. Toode, mis ei pea disaini osas j\u00e4releandmisi tegema, et t\u00e4ita OOhh j\u00e4tkusuutlikke eesm\u00e4rke. See on t\u00f5eliselt h\u00e4sti disainitud lillepott, kus tootmine, materjal ja transport on nii l\u00e4hedal CO2-neutraalsusele, kui oskame soovida, kuid suudame siiski pakkuda h\u00e4sti disainitud lillepoti, mis n\u00e4eb ilus v\u00e4lja igas keskkonnas. Valige Mail Me ja saate t\u00f5eliselt kaasaegse disaini, mis on j\u00e4tkusuutlik ja p\u00f5nev samm uue p\u00f5lvkonna s\u00e4\u00e4stva interj\u00f6\u00f6ri suunas.<\/p>\n<p>Materjalid on OOhh&#8217;i vanapaber, taaskasutatud lainepaber ja seest leiate kompostitavast materjalist voodri, mis tagab teile veekindla toote.<\/p>\n<ul>\n<li>K\u00e4sitsi valmistatud<\/li>\n<li>Valmistatud vanapaberist ja seest naturaalsest lateksist, et muuta see veekindlaks<\/li>\n<li>\u00d5iglase kaubanduse naiste projekt Sri Lankal<\/li>\n<li>S\u00e4\u00e4stev tootmine ja j\u00e4tkusuutlik materjal<\/li>\n<li>Saada postiga lapik lillepott \u2013 kes oleks arvanud, et see on v\u00f5imalik?<\/li>\n<\/ul>\n<p>M\u00f5\u00f5dud: H15 x L23,5 cm<\/p>","protected":false},"excerpt":{"rendered":"<p>Mail Me lillepott saabub lamedalt pakitud ja niipea, kui sisestate lille v\u00f5i \u00fcrdi, laieneb see ja muutub k\u00f5ige ilusamaks j\u00e4tkusuutlikuks lillepottiks. Mail Me on inspireeritud kunagisest OOhh disainist &#8211; lillekott, mis on n\u00fc\u00fcd viidud uuele ja veelgi CO2-s\u00f5bralikumale tasemele. OOhh Collectioni Mail Me n\u00e4gemus on olnud k\u00f5ige CO2-neutraalsema toote kujundamine. Toode, mis ei pea disaini [&hellip;]<\/p>\n","protected":false},"featured_media":1840319,"comment_status":"open","ping_status":"closed","template":"","meta":[],"product_brand":[],"product_cat":[62],"product_tag":[],"class_list":{"0":"post-1840315","1":"product","2":"type-product","3":"status-publish","4":"has-post-thumbnail","6":"product_cat-vaasid","8":"first","9":"instock","10":"taxable","11":"shipping-taxable","12":"purchasable","13":"product-type-simple"},"yoast_head":"<!-- This site is optimized with the Yoast SEO plugin v27.3 - https:\/\/yoast.com\/product\/yoast-seo-wordpress\/ -->\n<title>L\u00fcbech Living - Mail Me lillepott, must - RUUBY<\/title>\n<meta name=\"robots\" content=\"index, follow, max-snippet:-1, max-image-preview:large, max-video-preview:-1\" \/>\n<link rel=\"canonical\" href=\"https:\/\/ruuby.ee\/en\/pood\/kodusisustus\/vaasid\/lubech-living-mail-me-lillepott-must\/\" \/>\n<meta property=\"og:locale\" content=\"en_GB\" \/>\n<meta property=\"og:type\" content=\"article\" \/>\n<meta property=\"og:title\" content=\"L\u00fcbech Living - Mail Me lillepott, must - RUUBY\" \/>\n<meta property=\"og:description\" content=\"Mail Me lillepott saabub lamedalt pakitud ja niipea, kui sisestate lille v\u00f5i \u00fcrdi, laieneb see ja muutub k\u00f5ige ilusamaks j\u00e4tkusuutlikuks lillepottiks. Mail Me on inspireeritud kunagisest OOhh disainist &#8211; lillekott, mis on n\u00fc\u00fcd viidud uuele ja veelgi CO2-s\u00f5bralikumale tasemele. OOhh Collectioni Mail Me n\u00e4gemus on olnud k\u00f5ige CO2-neutraalsema toote kujundamine. Toode, mis ei pea disaini [&hellip;]\" \/>\n<meta property=\"og:url\" content=\"https:\/\/ruuby.ee\/en\/pood\/kodusisustus\/vaasid\/lubech-living-mail-me-lillepott-must\/\" \/>\n<meta property=\"og:site_name\" content=\"RUUBY\" \/>\n<meta property=\"article:publisher\" content=\"https:\/\/www.facebook.com\/ruubyconcept\" \/>\n<meta property=\"article:modified_time\" content=\"2026-04-07T22:28:38+00:00\" \/>\n<meta property=\"og:image\" content=\"https:\/\/ruuby.ee\/wp-content\/uploads\/2023\/10\/Screenshot-2023-10-20-at-16.31.51-966x1024.png\" \/>\n\t<meta property=\"og:image:width\" content=\"966\" \/>\n\t<meta property=\"og:image:height\" content=\"1024\" \/>\n\t<meta property=\"og:image:type\" content=\"image\/png\" \/>\n<meta name=\"twitter:card\" content=\"summary_large_image\" \/>\n<meta name=\"twitter:label1\" content=\"Estimated reading time\" \/>\n\t<meta name=\"twitter:data1\" content=\"2 minutes\" \/>\n<script type=\"application\/ld+json\" class=\"yoast-schema-graph\">{\"@context\":\"https:\\\/\\\/schema.org\",\"@graph\":[{\"@type\":[\"WebPage\",\"ItemPage\"],\"@id\":\"https:\\\/\\\/ruuby.ee\\\/pood\\\/kodusisustus\\\/vaasid\\\/lubech-living-mail-me-lillepott-must\\\/\",\"url\":\"https:\\\/\\\/ruuby.ee\\\/pood\\\/kodusisustus\\\/vaasid\\\/lubech-living-mail-me-lillepott-must\\\/\",\"name\":\"L\u00fcbech Living - Mail Me lillepott, must - RUUBY\",\"isPartOf\":{\"@id\":\"http:\\\/\\\/ruuby.ee\\\/en\\\/#website\"},\"primaryImageOfPage\":{\"@id\":\"https:\\\/\\\/ruuby.ee\\\/pood\\\/kodusisustus\\\/vaasid\\\/lubech-living-mail-me-lillepott-must\\\/#primaryimage\"},\"image\":{\"@id\":\"https:\\\/\\\/ruuby.ee\\\/pood\\\/kodusisustus\\\/vaasid\\\/lubech-living-mail-me-lillepott-must\\\/#primaryimage\"},\"thumbnailUrl\":\"http:\\\/\\\/ruuby.ee\\\/wp-content\\\/uploads\\\/2023\\\/10\\\/Screenshot-2023-10-20-at-16.31.51.png\",\"datePublished\":\"2023-10-20T13:34:32+00:00\",\"dateModified\":\"2026-04-07T22:28:38+00:00\",\"breadcrumb\":{\"@id\":\"https:\\\/\\\/ruuby.ee\\\/pood\\\/kodusisustus\\\/vaasid\\\/lubech-living-mail-me-lillepott-must\\\/#breadcrumb\"},\"inLanguage\":\"en-GB\",\"potentialAction\":[{\"@type\":\"ReadAction\",\"target\":[\"https:\\\/\\\/ruuby.ee\\\/pood\\\/kodusisustus\\\/vaasid\\\/lubech-living-mail-me-lillepott-must\\\/\"]}]},{\"@type\":\"ImageObject\",\"inLanguage\":\"en-GB\",\"@id\":\"https:\\\/\\\/ruuby.ee\\\/pood\\\/kodusisustus\\\/vaasid\\\/lubech-living-mail-me-lillepott-must\\\/#primaryimage\",\"url\":\"http:\\\/\\\/ruuby.ee\\\/wp-content\\\/uploads\\\/2023\\\/10\\\/Screenshot-2023-10-20-at-16.31.51.png\",\"contentUrl\":\"http:\\\/\\\/ruuby.ee\\\/wp-content\\\/uploads\\\/2023\\\/10\\\/Screenshot-2023-10-20-at-16.31.51.png\",\"width\":1092,\"height\":1158},{\"@type\":\"BreadcrumbList\",\"@id\":\"https:\\\/\\\/ruuby.ee\\\/pood\\\/kodusisustus\\\/vaasid\\\/lubech-living-mail-me-lillepott-must\\\/#breadcrumb\",\"itemListElement\":[{\"@type\":\"ListItem\",\"position\":1,\"name\":\"Kdu\",\"item\":\"http:\\\/\\\/ruuby.ee\\\/en\\\/\"},{\"@type\":\"ListItem\",\"position\":2,\"name\":\"Pood\",\"item\":\"http:\\\/\\\/ruuby.ee\\\/en\\\/pood\\\/\"},{\"@type\":\"ListItem\",\"position\":3,\"name\":\"L\u00fcbech Living &#8211; Mail Me lillepott, must\"}]},{\"@type\":\"WebSite\",\"@id\":\"http:\\\/\\\/ruuby.ee\\\/en\\\/#website\",\"url\":\"http:\\\/\\\/ruuby.ee\\\/en\\\/\",\"name\":\"RUUBY\",\"description\":\"Ruubys on \u00fchendatud elustiil ja disain\",\"publisher\":{\"@id\":\"http:\\\/\\\/ruuby.ee\\\/en\\\/#organization\"},\"alternateName\":\"Ruuby Disain\",\"potentialAction\":[{\"@type\":\"SearchAction\",\"target\":{\"@type\":\"EntryPoint\",\"urlTemplate\":\"http:\\\/\\\/ruuby.ee\\\/en\\\/?s={search_term_string}\"},\"query-input\":{\"@type\":\"PropertyValueSpecification\",\"valueRequired\":true,\"valueName\":\"search_term_string\"}}],\"inLanguage\":\"en-GB\"},{\"@type\":\"Organization\",\"@id\":\"http:\\\/\\\/ruuby.ee\\\/en\\\/#organization\",\"name\":\"Ruuby Disain O\u00dc\",\"alternateName\":\"Ruuby\",\"url\":\"http:\\\/\\\/ruuby.ee\\\/en\\\/\",\"logo\":{\"@type\":\"ImageObject\",\"inLanguage\":\"en-GB\",\"@id\":\"http:\\\/\\\/ruuby.ee\\\/en\\\/#\\\/schema\\\/logo\\\/image\\\/\",\"url\":\"http:\\\/\\\/ruuby.ee\\\/wp-content\\\/uploads\\\/2023\\\/06\\\/cropped-Black-White-Elegant-Circle-Signature-Fashion-Logo-12_large.png\",\"contentUrl\":\"http:\\\/\\\/ruuby.ee\\\/wp-content\\\/uploads\\\/2023\\\/06\\\/cropped-Black-White-Elegant-Circle-Signature-Fashion-Logo-12_large.png\",\"width\":1280,\"height\":747,\"caption\":\"Ruuby Disain O\u00dc\"},\"image\":{\"@id\":\"http:\\\/\\\/ruuby.ee\\\/en\\\/#\\\/schema\\\/logo\\\/image\\\/\"},\"sameAs\":[\"https:\\\/\\\/www.facebook.com\\\/ruubyconcept\",\"https:\\\/\\\/www.instagram.com\\\/ruuby_concept\\\/\"]}]}<\/script>\n<!-- \/ Yoast SEO plugin. -->","yoast_head_json":{"title":"L\u00fcbech Living - Mail Me lillepott, must - RUUBY","robots":{"index":"index","follow":"follow","max-snippet":"max-snippet:-1","max-image-preview":"max-image-preview:large","max-video-preview":"max-video-preview:-1"},"canonical":"https:\/\/ruuby.ee\/en\/pood\/kodusisustus\/vaasid\/lubech-living-mail-me-lillepott-must\/","og_locale":"en_GB","og_type":"article","og_title":"L\u00fcbech Living - Mail Me lillepott, must - RUUBY","og_description":"Mail Me lillepott saabub lamedalt pakitud ja niipea, kui sisestate lille v\u00f5i \u00fcrdi, laieneb see ja muutub k\u00f5ige ilusamaks j\u00e4tkusuutlikuks lillepottiks. Mail Me on inspireeritud kunagisest OOhh disainist &#8211; lillekott, mis on n\u00fc\u00fcd viidud uuele ja veelgi CO2-s\u00f5bralikumale tasemele. OOhh Collectioni Mail Me n\u00e4gemus on olnud k\u00f5ige CO2-neutraalsema toote kujundamine. Toode, mis ei pea disaini [&hellip;]","og_url":"https:\/\/ruuby.ee\/en\/pood\/kodusisustus\/vaasid\/lubech-living-mail-me-lillepott-must\/","og_site_name":"RUUBY","article_publisher":"https:\/\/www.facebook.com\/ruubyconcept","article_modified_time":"2026-04-07T22:28:38+00:00","og_image":[{"width":966,"height":1024,"url":"https:\/\/ruuby.ee\/wp-content\/uploads\/2023\/10\/Screenshot-2023-10-20-at-16.31.51-966x1024.png","type":"image\/png"}],"twitter_card":"summary_large_image","twitter_misc":{"Estimated reading time":"2 minutes"},"schema":{"@context":"https:\/\/schema.org","@graph":[{"@type":["WebPage","ItemPage"],"@id":"https:\/\/ruuby.ee\/pood\/kodusisustus\/vaasid\/lubech-living-mail-me-lillepott-must\/","url":"https:\/\/ruuby.ee\/pood\/kodusisustus\/vaasid\/lubech-living-mail-me-lillepott-must\/","name":"L\u00fcbech Living - Mail Me lillepott, must - RUUBY","isPartOf":{"@id":"http:\/\/ruuby.ee\/en\/#website"},"primaryImageOfPage":{"@id":"https:\/\/ruuby.ee\/pood\/kodusisustus\/vaasid\/lubech-living-mail-me-lillepott-must\/#primaryimage"},"image":{"@id":"https:\/\/ruuby.ee\/pood\/kodusisustus\/vaasid\/lubech-living-mail-me-lillepott-must\/#primaryimage"},"thumbnailUrl":"http:\/\/ruuby.ee\/wp-content\/uploads\/2023\/10\/Screenshot-2023-10-20-at-16.31.51.png","datePublished":"2023-10-20T13:34:32+00:00","dateModified":"2026-04-07T22:28:38+00:00","breadcrumb":{"@id":"https:\/\/ruuby.ee\/pood\/kodusisustus\/vaasid\/lubech-living-mail-me-lillepott-must\/#breadcrumb"},"inLanguage":"en-GB","potentialAction":[{"@type":"ReadAction","target":["https:\/\/ruuby.ee\/pood\/kodusisustus\/vaasid\/lubech-living-mail-me-lillepott-must\/"]}]},{"@type":"ImageObject","inLanguage":"en-GB","@id":"https:\/\/ruuby.ee\/pood\/kodusisustus\/vaasid\/lubech-living-mail-me-lillepott-must\/#primaryimage","url":"http:\/\/ruuby.ee\/wp-content\/uploads\/2023\/10\/Screenshot-2023-10-20-at-16.31.51.png","contentUrl":"http:\/\/ruuby.ee\/wp-content\/uploads\/2023\/10\/Screenshot-2023-10-20-at-16.31.51.png","width":1092,"height":1158},{"@type":"BreadcrumbList","@id":"https:\/\/ruuby.ee\/pood\/kodusisustus\/vaasid\/lubech-living-mail-me-lillepott-must\/#breadcrumb","itemListElement":[{"@type":"ListItem","position":1,"name":"Kdu","item":"http:\/\/ruuby.ee\/en\/"},{"@type":"ListItem","position":2,"name":"Pood","item":"http:\/\/ruuby.ee\/en\/pood\/"},{"@type":"ListItem","position":3,"name":"L\u00fcbech Living &#8211; Mail Me lillepott, must"}]},{"@type":"WebSite","@id":"http:\/\/ruuby.ee\/en\/#website","url":"http:\/\/ruuby.ee\/en\/","name":"RUUBY","description":"Ruubys on \u00fchendatud elustiil ja disain","publisher":{"@id":"http:\/\/ruuby.ee\/en\/#organization"},"alternateName":"Ruuby Disain","potentialAction":[{"@type":"SearchAction","target":{"@type":"EntryPoint","urlTemplate":"http:\/\/ruuby.ee\/en\/?s={search_term_string}"},"query-input":{"@type":"PropertyValueSpecification","valueRequired":true,"valueName":"search_term_string"}}],"inLanguage":"en-GB"},{"@type":"Organization","@id":"http:\/\/ruuby.ee\/en\/#organization","name":"Ruuby Disain O\u00dc","alternateName":"Ruuby","url":"http:\/\/ruuby.ee\/en\/","logo":{"@type":"ImageObject","inLanguage":"en-GB","@id":"http:\/\/ruuby.ee\/en\/#\/schema\/logo\/image\/","url":"http:\/\/ruuby.ee\/wp-content\/uploads\/2023\/06\/cropped-Black-White-Elegant-Circle-Signature-Fashion-Logo-12_large.png","contentUrl":"http:\/\/ruuby.ee\/wp-content\/uploads\/2023\/06\/cropped-Black-White-Elegant-Circle-Signature-Fashion-Logo-12_large.png","width":1280,"height":747,"caption":"Ruuby Disain O\u00dc"},"image":{"@id":"http:\/\/ruuby.ee\/en\/#\/schema\/logo\/image\/"},"sameAs":["https:\/\/www.facebook.com\/ruubyconcept","https:\/\/www.instagram.com\/ruuby_concept\/"]}]}},"jetpack_sharing_enabled":true,"_links":{"self":[{"href":"http:\/\/ruuby.ee\/en\/wp-json\/wp\/v2\/product\/1840315","targetHints":{"allow":["GET"]}}],"collection":[{"href":"http:\/\/ruuby.ee\/en\/wp-json\/wp\/v2\/product"}],"about":[{"href":"http:\/\/ruuby.ee\/en\/wp-json\/wp\/v2\/types\/product"}],"replies":[{"embeddable":true,"href":"http:\/\/ruuby.ee\/en\/wp-json\/wp\/v2\/comments?post=1840315"}],"wp:featuredmedia":[{"embeddable":true,"href":"http:\/\/ruuby.ee\/en\/wp-json\/wp\/v2\/media\/1840319"}],"wp:attachment":[{"href":"http:\/\/ruuby.ee\/en\/wp-json\/wp\/v2\/media?parent=1840315"}],"wp:term":[{"taxonomy":"product_brand","embeddable":true,"href":"http:\/\/ruuby.ee\/en\/wp-json\/wp\/v2\/product_brand?post=1840315"},{"taxonomy":"product_cat","embeddable":true,"href":"http:\/\/ruuby.ee\/en\/wp-json\/wp\/v2\/product_cat?post=1840315"},{"taxonomy":"product_tag","embeddable":true,"href":"http:\/\/ruuby.ee\/en\/wp-json\/wp\/v2\/product_tag?post=1840315"}],"curies":[{"name":"wp","href":"https:\/\/api.w.org\/{rel}","templated":true}]}}