{"id":1840313,"date":"2023-10-20T16:18:56","date_gmt":"2023-10-20T13:18:56","guid":{"rendered":"http:\/\/ruuby.ee\/?post_type=product&#038;p=1840313"},"modified":"2026-04-05T01:25:31","modified_gmt":"2026-04-04T22:25:31","slug":"lubech-living-rippuv-dekoratsioon-sh-2-lille-hallikas","status":"publish","type":"product","link":"http:\/\/ruuby.ee\/en\/pood\/joulueri\/jouluehted\/lubech-living-rippuv-dekoratsioon-sh-2-lille-hallikas\/","title":{"rendered":"L\u00fcbech Living &#8211; rippuv dekoratsioon sh. 2 lille, hallikas"},"content":{"rendered":"<p>Dekoratiivne lillekaunistus sh. 2 tk paberlillega pulgakesi. Riputage see seinale v\u00f5i oksale.<\/p>\n<ul>\n<li>K\u00e4sitsi valmistatud<\/li>\n<li>Valmistatud 100% taaskasutatud paberist<\/li>\n<li>\u00d5iglase kaubanduse naiste projekt Sri Lankal<\/li>\n<li>S\u00e4\u00e4stev tootmine ja j\u00e4tkusuutlik materjal<\/li>\n<li>Disainer Susanne Frost L\u00fcbech<\/li>\n<\/ul>\n<p>M\u00f5\u00f5dud: H18 x W6 cm<\/p>","protected":false},"excerpt":{"rendered":"<p>Dekoratiivne lillekaunistus sh. 2 tk paberlillega pulgakesi. Riputage see seinale v\u00f5i oksale. K\u00e4sitsi valmistatud Valmistatud 100% taaskasutatud paberist \u00d5iglase kaubanduse naiste projekt Sri Lankal S\u00e4\u00e4stev tootmine ja j\u00e4tkusuutlik materjal Disainer Susanne Frost L\u00fcbech M\u00f5\u00f5dud: H18 x W6 cm<\/p>","protected":false},"featured_media":1840314,"comment_status":"open","ping_status":"closed","template":"","meta":[],"product_brand":[],"product_cat":[58,949,491],"product_tag":[],"class_list":{"0":"post-1840313","1":"product","2":"type-product","3":"status-publish","4":"has-post-thumbnail","6":"product_cat-dekoratsioon","7":"product_cat-jouluehted","8":"product_cat-joulueri","10":"first","11":"instock","12":"taxable","13":"shipping-taxable","14":"purchasable","15":"product-type-simple"},"yoast_head":"<!-- This site is optimized with the Yoast SEO plugin v27.2 - https:\/\/yoast.com\/product\/yoast-seo-wordpress\/ -->\n<title>L\u00fcbech Living - rippuv dekoratsioon sh. 2 lille, hallikas - RUUBY<\/title>\n<meta name=\"robots\" content=\"index, follow, max-snippet:-1, max-image-preview:large, max-video-preview:-1\" \/>\n<link rel=\"canonical\" href=\"http:\/\/ruuby.ee\/en\/pood\/joulueri\/jouluehted\/lubech-living-rippuv-dekoratsioon-sh-2-lille-hallikas\/\" \/>\n<meta property=\"og:locale\" content=\"en_GB\" \/>\n<meta property=\"og:type\" content=\"article\" \/>\n<meta property=\"og:title\" content=\"L\u00fcbech Living - rippuv dekoratsioon sh. 2 lille, hallikas - RUUBY\" \/>\n<meta property=\"og:description\" content=\"Dekoratiivne lillekaunistus sh. 2 tk paberlillega pulgakesi. Riputage see seinale v\u00f5i oksale. K\u00e4sitsi valmistatud Valmistatud 100% taaskasutatud paberist \u00d5iglase kaubanduse naiste projekt Sri Lankal S\u00e4\u00e4stev tootmine ja j\u00e4tkusuutlik materjal Disainer Susanne Frost L\u00fcbech M\u00f5\u00f5dud: H18 x W6 cm\" \/>\n<meta property=\"og:url\" content=\"http:\/\/ruuby.ee\/en\/pood\/joulueri\/jouluehted\/lubech-living-rippuv-dekoratsioon-sh-2-lille-hallikas\/\" \/>\n<meta property=\"og:site_name\" content=\"RUUBY\" \/>\n<meta property=\"article:publisher\" content=\"https:\/\/www.facebook.com\/ruubyconcept\" \/>\n<meta property=\"article:modified_time\" content=\"2026-04-04T22:25:31+00:00\" \/>\n<meta property=\"og:image\" content=\"http:\/\/ruuby.ee\/wp-content\/uploads\/2023\/10\/Screenshot-2023-10-20-at-16.17.47.png\" \/>\n\t<meta property=\"og:image:width\" content=\"1146\" \/>\n\t<meta property=\"og:image:height\" content=\"1278\" \/>\n\t<meta property=\"og:image:type\" content=\"image\/png\" \/>\n<meta name=\"twitter:card\" content=\"summary_large_image\" \/>\n<meta name=\"twitter:label1\" content=\"Estimated reading time\" \/>\n\t<meta name=\"twitter:data1\" content=\"1 minute\" \/>\n<script type=\"application\/ld+json\" class=\"yoast-schema-graph\">{\"@context\":\"https:\/\/schema.org\",\"@graph\":[{\"@type\":[\"WebPage\",\"ItemPage\"],\"@id\":\"http:\/\/ruuby.ee\/en\/pood\/joulueri\/jouluehted\/lubech-living-rippuv-dekoratsioon-sh-2-lille-hallikas\/\",\"url\":\"http:\/\/ruuby.ee\/en\/pood\/joulueri\/jouluehted\/lubech-living-rippuv-dekoratsioon-sh-2-lille-hallikas\/\",\"name\":\"L\u00fcbech Living - rippuv dekoratsioon sh. 2 lille, hallikas - RUUBY\",\"isPartOf\":{\"@id\":\"http:\/\/ruuby.ee\/#website\"},\"primaryImageOfPage\":{\"@id\":\"http:\/\/ruuby.ee\/en\/pood\/joulueri\/jouluehted\/lubech-living-rippuv-dekoratsioon-sh-2-lille-hallikas\/#primaryimage\"},\"image\":{\"@id\":\"http:\/\/ruuby.ee\/en\/pood\/joulueri\/jouluehted\/lubech-living-rippuv-dekoratsioon-sh-2-lille-hallikas\/#primaryimage\"},\"thumbnailUrl\":\"http:\/\/ruuby.ee\/wp-content\/uploads\/2023\/10\/Screenshot-2023-10-20-at-16.17.47.png\",\"datePublished\":\"2023-10-20T13:18:56+00:00\",\"dateModified\":\"2026-04-04T22:25:31+00:00\",\"breadcrumb\":{\"@id\":\"http:\/\/ruuby.ee\/en\/pood\/joulueri\/jouluehted\/lubech-living-rippuv-dekoratsioon-sh-2-lille-hallikas\/#breadcrumb\"},\"inLanguage\":\"en-GB\",\"potentialAction\":[{\"@type\":\"ReadAction\",\"target\":[\"http:\/\/ruuby.ee\/en\/pood\/joulueri\/jouluehted\/lubech-living-rippuv-dekoratsioon-sh-2-lille-hallikas\/\"]}]},{\"@type\":\"ImageObject\",\"inLanguage\":\"en-GB\",\"@id\":\"http:\/\/ruuby.ee\/en\/pood\/joulueri\/jouluehted\/lubech-living-rippuv-dekoratsioon-sh-2-lille-hallikas\/#primaryimage\",\"url\":\"http:\/\/ruuby.ee\/wp-content\/uploads\/2023\/10\/Screenshot-2023-10-20-at-16.17.47.png\",\"contentUrl\":\"http:\/\/ruuby.ee\/wp-content\/uploads\/2023\/10\/Screenshot-2023-10-20-at-16.17.47.png\",\"width\":1146,\"height\":1278},{\"@type\":\"BreadcrumbList\",\"@id\":\"http:\/\/ruuby.ee\/en\/pood\/joulueri\/jouluehted\/lubech-living-rippuv-dekoratsioon-sh-2-lille-hallikas\/#breadcrumb\",\"itemListElement\":[{\"@type\":\"ListItem\",\"position\":1,\"name\":\"Kdu\",\"item\":\"http:\/\/ruuby.ee\/\"},{\"@type\":\"ListItem\",\"position\":2,\"name\":\"Pood\",\"item\":\"https:\/\/ruuby.ee\/en\/pood\/\"},{\"@type\":\"ListItem\",\"position\":3,\"name\":\"L\u00fcbech Living &#8211; rippuv dekoratsioon sh. 2 lille, hallikas\"}]},{\"@type\":\"WebSite\",\"@id\":\"http:\/\/ruuby.ee\/#website\",\"url\":\"http:\/\/ruuby.ee\/\",\"name\":\"RUUBY\",\"description\":\"Ruubys on \u00fchendatud elustiil ja disain\",\"publisher\":{\"@id\":\"http:\/\/ruuby.ee\/#organization\"},\"alternateName\":\"Ruuby Disain\",\"potentialAction\":[{\"@type\":\"SearchAction\",\"target\":{\"@type\":\"EntryPoint\",\"urlTemplate\":\"http:\/\/ruuby.ee\/?s={search_term_string}\"},\"query-input\":{\"@type\":\"PropertyValueSpecification\",\"valueRequired\":true,\"valueName\":\"search_term_string\"}}],\"inLanguage\":\"en-GB\"},{\"@type\":\"Organization\",\"@id\":\"http:\/\/ruuby.ee\/#organization\",\"name\":\"Ruuby Disain O\u00dc\",\"alternateName\":\"Ruuby\",\"url\":\"http:\/\/ruuby.ee\/\",\"logo\":{\"@type\":\"ImageObject\",\"inLanguage\":\"en-GB\",\"@id\":\"http:\/\/ruuby.ee\/#\/schema\/logo\/image\/\",\"url\":\"http:\/\/ruuby.ee\/wp-content\/uploads\/2023\/06\/cropped-Black-White-Elegant-Circle-Signature-Fashion-Logo-12_large.png\",\"contentUrl\":\"http:\/\/ruuby.ee\/wp-content\/uploads\/2023\/06\/cropped-Black-White-Elegant-Circle-Signature-Fashion-Logo-12_large.png\",\"width\":1280,\"height\":747,\"caption\":\"Ruuby Disain O\u00dc\"},\"image\":{\"@id\":\"http:\/\/ruuby.ee\/#\/schema\/logo\/image\/\"},\"sameAs\":[\"https:\/\/www.facebook.com\/ruubyconcept\",\"https:\/\/www.instagram.com\/ruuby_concept\/\"]}]}<\/script>\n<!-- \/ Yoast SEO plugin. -->","yoast_head_json":{"title":"L\u00fcbech Living - rippuv dekoratsioon sh. 2 lille, hallikas - RUUBY","robots":{"index":"index","follow":"follow","max-snippet":"max-snippet:-1","max-image-preview":"max-image-preview:large","max-video-preview":"max-video-preview:-1"},"canonical":"http:\/\/ruuby.ee\/en\/pood\/joulueri\/jouluehted\/lubech-living-rippuv-dekoratsioon-sh-2-lille-hallikas\/","og_locale":"en_GB","og_type":"article","og_title":"L\u00fcbech Living - rippuv dekoratsioon sh. 2 lille, hallikas - RUUBY","og_description":"Dekoratiivne lillekaunistus sh. 2 tk paberlillega pulgakesi. Riputage see seinale v\u00f5i oksale. K\u00e4sitsi valmistatud Valmistatud 100% taaskasutatud paberist \u00d5iglase kaubanduse naiste projekt Sri Lankal S\u00e4\u00e4stev tootmine ja j\u00e4tkusuutlik materjal Disainer Susanne Frost L\u00fcbech M\u00f5\u00f5dud: H18 x W6 cm","og_url":"http:\/\/ruuby.ee\/en\/pood\/joulueri\/jouluehted\/lubech-living-rippuv-dekoratsioon-sh-2-lille-hallikas\/","og_site_name":"RUUBY","article_publisher":"https:\/\/www.facebook.com\/ruubyconcept","article_modified_time":"2026-04-04T22:25:31+00:00","og_image":[{"width":1146,"height":1278,"url":"http:\/\/ruuby.ee\/wp-content\/uploads\/2023\/10\/Screenshot-2023-10-20-at-16.17.47.png","type":"image\/png"}],"twitter_card":"summary_large_image","twitter_misc":{"Estimated reading time":"1 minute"},"schema":{"@context":"https:\/\/schema.org","@graph":[{"@type":["WebPage","ItemPage"],"@id":"http:\/\/ruuby.ee\/en\/pood\/joulueri\/jouluehted\/lubech-living-rippuv-dekoratsioon-sh-2-lille-hallikas\/","url":"http:\/\/ruuby.ee\/en\/pood\/joulueri\/jouluehted\/lubech-living-rippuv-dekoratsioon-sh-2-lille-hallikas\/","name":"L\u00fcbech Living - rippuv dekoratsioon sh. 2 lille, hallikas - RUUBY","isPartOf":{"@id":"http:\/\/ruuby.ee\/#website"},"primaryImageOfPage":{"@id":"http:\/\/ruuby.ee\/en\/pood\/joulueri\/jouluehted\/lubech-living-rippuv-dekoratsioon-sh-2-lille-hallikas\/#primaryimage"},"image":{"@id":"http:\/\/ruuby.ee\/en\/pood\/joulueri\/jouluehted\/lubech-living-rippuv-dekoratsioon-sh-2-lille-hallikas\/#primaryimage"},"thumbnailUrl":"http:\/\/ruuby.ee\/wp-content\/uploads\/2023\/10\/Screenshot-2023-10-20-at-16.17.47.png","datePublished":"2023-10-20T13:18:56+00:00","dateModified":"2026-04-04T22:25:31+00:00","breadcrumb":{"@id":"http:\/\/ruuby.ee\/en\/pood\/joulueri\/jouluehted\/lubech-living-rippuv-dekoratsioon-sh-2-lille-hallikas\/#breadcrumb"},"inLanguage":"en-GB","potentialAction":[{"@type":"ReadAction","target":["http:\/\/ruuby.ee\/en\/pood\/joulueri\/jouluehted\/lubech-living-rippuv-dekoratsioon-sh-2-lille-hallikas\/"]}]},{"@type":"ImageObject","inLanguage":"en-GB","@id":"http:\/\/ruuby.ee\/en\/pood\/joulueri\/jouluehted\/lubech-living-rippuv-dekoratsioon-sh-2-lille-hallikas\/#primaryimage","url":"http:\/\/ruuby.ee\/wp-content\/uploads\/2023\/10\/Screenshot-2023-10-20-at-16.17.47.png","contentUrl":"http:\/\/ruuby.ee\/wp-content\/uploads\/2023\/10\/Screenshot-2023-10-20-at-16.17.47.png","width":1146,"height":1278},{"@type":"BreadcrumbList","@id":"http:\/\/ruuby.ee\/en\/pood\/joulueri\/jouluehted\/lubech-living-rippuv-dekoratsioon-sh-2-lille-hallikas\/#breadcrumb","itemListElement":[{"@type":"ListItem","position":1,"name":"Kdu","item":"http:\/\/ruuby.ee\/"},{"@type":"ListItem","position":2,"name":"Pood","item":"https:\/\/ruuby.ee\/en\/pood\/"},{"@type":"ListItem","position":3,"name":"L\u00fcbech Living &#8211; rippuv dekoratsioon sh. 2 lille, hallikas"}]},{"@type":"WebSite","@id":"http:\/\/ruuby.ee\/#website","url":"http:\/\/ruuby.ee\/","name":"RUUBY","description":"Ruubys on \u00fchendatud elustiil ja disain","publisher":{"@id":"http:\/\/ruuby.ee\/#organization"},"alternateName":"Ruuby Disain","potentialAction":[{"@type":"SearchAction","target":{"@type":"EntryPoint","urlTemplate":"http:\/\/ruuby.ee\/?s={search_term_string}"},"query-input":{"@type":"PropertyValueSpecification","valueRequired":true,"valueName":"search_term_string"}}],"inLanguage":"en-GB"},{"@type":"Organization","@id":"http:\/\/ruuby.ee\/#organization","name":"Ruuby Disain O\u00dc","alternateName":"Ruuby","url":"http:\/\/ruuby.ee\/","logo":{"@type":"ImageObject","inLanguage":"en-GB","@id":"http:\/\/ruuby.ee\/#\/schema\/logo\/image\/","url":"http:\/\/ruuby.ee\/wp-content\/uploads\/2023\/06\/cropped-Black-White-Elegant-Circle-Signature-Fashion-Logo-12_large.png","contentUrl":"http:\/\/ruuby.ee\/wp-content\/uploads\/2023\/06\/cropped-Black-White-Elegant-Circle-Signature-Fashion-Logo-12_large.png","width":1280,"height":747,"caption":"Ruuby Disain O\u00dc"},"image":{"@id":"http:\/\/ruuby.ee\/#\/schema\/logo\/image\/"},"sameAs":["https:\/\/www.facebook.com\/ruubyconcept","https:\/\/www.instagram.com\/ruuby_concept\/"]}]}},"jetpack_sharing_enabled":true,"_links":{"self":[{"href":"http:\/\/ruuby.ee\/en\/wp-json\/wp\/v2\/product\/1840313","targetHints":{"allow":["GET"]}}],"collection":[{"href":"http:\/\/ruuby.ee\/en\/wp-json\/wp\/v2\/product"}],"about":[{"href":"http:\/\/ruuby.ee\/en\/wp-json\/wp\/v2\/types\/product"}],"replies":[{"embeddable":true,"href":"http:\/\/ruuby.ee\/en\/wp-json\/wp\/v2\/comments?post=1840313"}],"wp:featuredmedia":[{"embeddable":true,"href":"http:\/\/ruuby.ee\/en\/wp-json\/wp\/v2\/media\/1840314"}],"wp:attachment":[{"href":"http:\/\/ruuby.ee\/en\/wp-json\/wp\/v2\/media?parent=1840313"}],"wp:term":[{"taxonomy":"product_brand","embeddable":true,"href":"http:\/\/ruuby.ee\/en\/wp-json\/wp\/v2\/product_brand?post=1840313"},{"taxonomy":"product_cat","embeddable":true,"href":"http:\/\/ruuby.ee\/en\/wp-json\/wp\/v2\/product_cat?post=1840313"},{"taxonomy":"product_tag","embeddable":true,"href":"http:\/\/ruuby.ee\/en\/wp-json\/wp\/v2\/product_tag?post=1840313"}],"curies":[{"name":"wp","href":"https:\/\/api.w.org\/{rel}","templated":true}]}}