{"id":1840305,"date":"2023-11-01T07:00:14","date_gmt":"2023-11-01T05:00:14","guid":{"rendered":"http:\/\/ruuby.ee\/?post_type=product&#038;p=1840305"},"modified":"2026-04-03T01:24:37","modified_gmt":"2026-04-02T22:24:37","slug":"lubech-living-kalenderkuunal-koos-kuunlahoidjaga-hall","status":"publish","type":"product","link":"http:\/\/ruuby.ee\/en\/pood\/joulueri\/joulukuunlad\/lubech-living-kalenderkuunal-koos-kuunlahoidjaga-hall\/","title":{"rendered":"L\u00fcbech Living &#8211; kalenderk\u00fc\u00fcnal koos k\u00fc\u00fcnlahoidjaga, hall"},"content":{"rendered":"<p>Hygge \u2013 naudi Taani traditsioonilist j\u00f5uluk\u00fc\u00fcnalde traditsiooni. Nautige puhast skandinaavialikku v\u00e4limust v\u00f5i kasutage alust edasiseks kaunistamiseks. Kas olete teadlik, et parafiinist valmistatud k\u00fc\u00fcnlad on puhtamad kui puhtast steariinist valmistatud k\u00fc\u00fcnlad?<\/p>\n<p>Vance Kitira Timber\u00ae k\u00fc\u00fcnlad on valatud puhtast toidukvaliteediga parafiinist ja toodetud 100% puuvillasest tahtist. See on parafiin, mis on heaks kiidetud kasutamiseks toiduainet\u00f6\u00f6stuses, t\u00e4ielikult rafineeritud ja puhtaim parafiin turul. Puhas ja l\u00e4bipaistev parafiin, mis on t\u00e4ielikult puhastatud lisanditest ja m\u00e4\u00e4rdunud osakestest ning me kasutame seda sellistes toiduainetes nagu juust, \u0161okolaad ja kook jne. Tulemuseks on uskumatult ilus k\u00fc\u00fcnal, millel on ainulaadne ja selge s\u00e4ra.<\/p>\n<p>Vance Kitira Timber\u00ae k\u00fc\u00fcnlad on testitud ja sertifitseeritud SGS laboris Prantsusmaal. Testis j\u00f5uti j\u00e4reldusele, et k\u00fc\u00fcnlad ei eralda p\u00f5lemisel v\u00e4hiosakesi. K\u00fc\u00fcnlaid kasutavad ilma probleemideta nii astmahaiged kui ka allergilised kasutajad.<\/p>\n<p>T\u00e4nu sellele t\u00e4iesti puhtale vahale, mis on puhastatud k\u00f5igist mustustest ja \u00f5lij\u00e4\u00e4kidest, saame erakordselt pikki p\u00f5lemistunde vastupidiselt halva kvaliteediga k\u00fc\u00fcnaldele, kus \u00f5lij\u00e4\u00e4gid panevad k\u00fc\u00fcnlad kiiresti p\u00f5lema.<\/p>\n<p>M\u00f5\u00f5dud: k\u00fc\u00fcnal\u00a0D4 x H30cm, k\u00fc\u00fcnlahoidja: D8,5 x H3cm.<\/p>","protected":false},"excerpt":{"rendered":"<p>Hygge \u2013 naudi Taani traditsioonilist j\u00f5uluk\u00fc\u00fcnalde traditsiooni. Nautige puhast skandinaavialikku v\u00e4limust v\u00f5i kasutage alust edasiseks kaunistamiseks. Kas olete teadlik, et parafiinist valmistatud k\u00fc\u00fcnlad on puhtamad kui puhtast steariinist valmistatud k\u00fc\u00fcnlad? Vance Kitira Timber\u00ae k\u00fc\u00fcnlad on valatud puhtast toidukvaliteediga parafiinist ja toodetud 100% puuvillasest tahtist. See on parafiin, mis on heaks kiidetud kasutamiseks toiduainet\u00f6\u00f6stuses, t\u00e4ielikult rafineeritud [&hellip;]<\/p>\n","protected":false},"featured_media":1840306,"comment_status":"open","ping_status":"closed","template":"","meta":[],"product_brand":[],"product_cat":[491,951],"product_tag":[],"class_list":{"0":"post-1840305","1":"product","2":"type-product","3":"status-publish","4":"has-post-thumbnail","6":"product_cat-joulueri","7":"product_cat-joulukuunlad","9":"first","10":"instock","11":"taxable","12":"shipping-taxable","13":"purchasable","14":"product-type-simple"},"yoast_head":"<!-- This site is optimized with the Yoast SEO plugin v27.2 - https:\/\/yoast.com\/product\/yoast-seo-wordpress\/ -->\n<title>L\u00fcbech Living - kalenderk\u00fc\u00fcnal koos k\u00fc\u00fcnlahoidjaga, hall - RUUBY<\/title>\n<meta name=\"robots\" content=\"index, follow, max-snippet:-1, max-image-preview:large, max-video-preview:-1\" \/>\n<link rel=\"canonical\" href=\"https:\/\/ruuby.ee\/en\/pood\/joulueri\/joulukuunlad\/lubech-living-kalenderkuunal-koos-kuunlahoidjaga-hall\/\" \/>\n<meta property=\"og:locale\" content=\"en_GB\" \/>\n<meta property=\"og:type\" content=\"article\" \/>\n<meta property=\"og:title\" content=\"L\u00fcbech Living - kalenderk\u00fc\u00fcnal koos k\u00fc\u00fcnlahoidjaga, hall - RUUBY\" \/>\n<meta property=\"og:description\" content=\"Hygge \u2013 naudi Taani traditsioonilist j\u00f5uluk\u00fc\u00fcnalde traditsiooni. Nautige puhast skandinaavialikku v\u00e4limust v\u00f5i kasutage alust edasiseks kaunistamiseks. Kas olete teadlik, et parafiinist valmistatud k\u00fc\u00fcnlad on puhtamad kui puhtast steariinist valmistatud k\u00fc\u00fcnlad? Vance Kitira Timber\u00ae k\u00fc\u00fcnlad on valatud puhtast toidukvaliteediga parafiinist ja toodetud 100% puuvillasest tahtist. See on parafiin, mis on heaks kiidetud kasutamiseks toiduainet\u00f6\u00f6stuses, t\u00e4ielikult rafineeritud [&hellip;]\" \/>\n<meta property=\"og:url\" content=\"https:\/\/ruuby.ee\/en\/pood\/joulueri\/joulukuunlad\/lubech-living-kalenderkuunal-koos-kuunlahoidjaga-hall\/\" \/>\n<meta property=\"og:site_name\" content=\"RUUBY\" \/>\n<meta property=\"article:publisher\" content=\"https:\/\/www.facebook.com\/ruubyconcept\" \/>\n<meta property=\"article:modified_time\" content=\"2026-04-02T22:24:37+00:00\" \/>\n<meta property=\"og:image\" content=\"https:\/\/ruuby.ee\/wp-content\/uploads\/2023\/10\/Screenshot-2023-10-20-at-16.06.28.png\" \/>\n\t<meta property=\"og:image:width\" content=\"1112\" \/>\n\t<meta property=\"og:image:height\" content=\"1132\" \/>\n\t<meta property=\"og:image:type\" content=\"image\/png\" \/>\n<meta name=\"twitter:card\" content=\"summary_large_image\" \/>\n<meta name=\"twitter:label1\" content=\"Estimated reading time\" \/>\n\t<meta name=\"twitter:data1\" content=\"2 minutes\" \/>\n<script type=\"application\/ld+json\" class=\"yoast-schema-graph\">{\"@context\":\"https:\/\/schema.org\",\"@graph\":[{\"@type\":[\"WebPage\",\"ItemPage\"],\"@id\":\"https:\/\/ruuby.ee\/pood\/joulueri\/joulukuunlad\/lubech-living-kalenderkuunal-koos-kuunlahoidjaga-hall\/\",\"url\":\"https:\/\/ruuby.ee\/pood\/joulueri\/joulukuunlad\/lubech-living-kalenderkuunal-koos-kuunlahoidjaga-hall\/\",\"name\":\"L\u00fcbech Living - kalenderk\u00fc\u00fcnal koos k\u00fc\u00fcnlahoidjaga, hall - RUUBY\",\"isPartOf\":{\"@id\":\"https:\/\/ruuby.ee\/en\/#website\"},\"primaryImageOfPage\":{\"@id\":\"https:\/\/ruuby.ee\/pood\/joulueri\/joulukuunlad\/lubech-living-kalenderkuunal-koos-kuunlahoidjaga-hall\/#primaryimage\"},\"image\":{\"@id\":\"https:\/\/ruuby.ee\/pood\/joulueri\/joulukuunlad\/lubech-living-kalenderkuunal-koos-kuunlahoidjaga-hall\/#primaryimage\"},\"thumbnailUrl\":\"http:\/\/ruuby.ee\/wp-content\/uploads\/2023\/10\/Screenshot-2023-10-20-at-16.06.28.png\",\"datePublished\":\"2023-11-01T05:00:14+00:00\",\"dateModified\":\"2026-04-02T22:24:37+00:00\",\"breadcrumb\":{\"@id\":\"https:\/\/ruuby.ee\/pood\/joulueri\/joulukuunlad\/lubech-living-kalenderkuunal-koos-kuunlahoidjaga-hall\/#breadcrumb\"},\"inLanguage\":\"en-GB\",\"potentialAction\":[{\"@type\":\"ReadAction\",\"target\":[\"https:\/\/ruuby.ee\/pood\/joulueri\/joulukuunlad\/lubech-living-kalenderkuunal-koos-kuunlahoidjaga-hall\/\"]}]},{\"@type\":\"ImageObject\",\"inLanguage\":\"en-GB\",\"@id\":\"https:\/\/ruuby.ee\/pood\/joulueri\/joulukuunlad\/lubech-living-kalenderkuunal-koos-kuunlahoidjaga-hall\/#primaryimage\",\"url\":\"http:\/\/ruuby.ee\/wp-content\/uploads\/2023\/10\/Screenshot-2023-10-20-at-16.06.28.png\",\"contentUrl\":\"http:\/\/ruuby.ee\/wp-content\/uploads\/2023\/10\/Screenshot-2023-10-20-at-16.06.28.png\",\"width\":1112,\"height\":1132},{\"@type\":\"BreadcrumbList\",\"@id\":\"https:\/\/ruuby.ee\/pood\/joulueri\/joulukuunlad\/lubech-living-kalenderkuunal-koos-kuunlahoidjaga-hall\/#breadcrumb\",\"itemListElement\":[{\"@type\":\"ListItem\",\"position\":1,\"name\":\"Kdu\",\"item\":\"https:\/\/ruuby.ee\/en\/\"},{\"@type\":\"ListItem\",\"position\":2,\"name\":\"Pood\",\"item\":\"https:\/\/ruuby.ee\/pood\/\"},{\"@type\":\"ListItem\",\"position\":3,\"name\":\"L\u00fcbech Living &#8211; kalenderk\u00fc\u00fcnal koos k\u00fc\u00fcnlahoidjaga, hall\"}]},{\"@type\":\"WebSite\",\"@id\":\"https:\/\/ruuby.ee\/en\/#website\",\"url\":\"https:\/\/ruuby.ee\/en\/\",\"name\":\"RUUBY\",\"description\":\"Ruubys on \u00fchendatud elustiil ja disain\",\"publisher\":{\"@id\":\"https:\/\/ruuby.ee\/en\/#organization\"},\"alternateName\":\"Ruuby Disain\",\"potentialAction\":[{\"@type\":\"SearchAction\",\"target\":{\"@type\":\"EntryPoint\",\"urlTemplate\":\"https:\/\/ruuby.ee\/en\/?s={search_term_string}\"},\"query-input\":{\"@type\":\"PropertyValueSpecification\",\"valueRequired\":true,\"valueName\":\"search_term_string\"}}],\"inLanguage\":\"en-GB\"},{\"@type\":\"Organization\",\"@id\":\"https:\/\/ruuby.ee\/en\/#organization\",\"name\":\"Ruuby Disain O\u00dc\",\"alternateName\":\"Ruuby\",\"url\":\"https:\/\/ruuby.ee\/en\/\",\"logo\":{\"@type\":\"ImageObject\",\"inLanguage\":\"en-GB\",\"@id\":\"https:\/\/ruuby.ee\/en\/#\/schema\/logo\/image\/\",\"url\":\"http:\/\/ruuby.ee\/wp-content\/uploads\/2023\/06\/cropped-Black-White-Elegant-Circle-Signature-Fashion-Logo-12_large.png\",\"contentUrl\":\"http:\/\/ruuby.ee\/wp-content\/uploads\/2023\/06\/cropped-Black-White-Elegant-Circle-Signature-Fashion-Logo-12_large.png\",\"width\":1280,\"height\":747,\"caption\":\"Ruuby Disain O\u00dc\"},\"image\":{\"@id\":\"https:\/\/ruuby.ee\/en\/#\/schema\/logo\/image\/\"},\"sameAs\":[\"https:\/\/www.facebook.com\/ruubyconcept\",\"https:\/\/www.instagram.com\/ruuby_concept\/\"]}]}<\/script>\n<!-- \/ Yoast SEO plugin. -->","yoast_head_json":{"title":"L\u00fcbech Living - kalenderk\u00fc\u00fcnal koos k\u00fc\u00fcnlahoidjaga, hall - RUUBY","robots":{"index":"index","follow":"follow","max-snippet":"max-snippet:-1","max-image-preview":"max-image-preview:large","max-video-preview":"max-video-preview:-1"},"canonical":"https:\/\/ruuby.ee\/en\/pood\/joulueri\/joulukuunlad\/lubech-living-kalenderkuunal-koos-kuunlahoidjaga-hall\/","og_locale":"en_GB","og_type":"article","og_title":"L\u00fcbech Living - kalenderk\u00fc\u00fcnal koos k\u00fc\u00fcnlahoidjaga, hall - RUUBY","og_description":"Hygge \u2013 naudi Taani traditsioonilist j\u00f5uluk\u00fc\u00fcnalde traditsiooni. Nautige puhast skandinaavialikku v\u00e4limust v\u00f5i kasutage alust edasiseks kaunistamiseks. Kas olete teadlik, et parafiinist valmistatud k\u00fc\u00fcnlad on puhtamad kui puhtast steariinist valmistatud k\u00fc\u00fcnlad? Vance Kitira Timber\u00ae k\u00fc\u00fcnlad on valatud puhtast toidukvaliteediga parafiinist ja toodetud 100% puuvillasest tahtist. See on parafiin, mis on heaks kiidetud kasutamiseks toiduainet\u00f6\u00f6stuses, t\u00e4ielikult rafineeritud [&hellip;]","og_url":"https:\/\/ruuby.ee\/en\/pood\/joulueri\/joulukuunlad\/lubech-living-kalenderkuunal-koos-kuunlahoidjaga-hall\/","og_site_name":"RUUBY","article_publisher":"https:\/\/www.facebook.com\/ruubyconcept","article_modified_time":"2026-04-02T22:24:37+00:00","og_image":[{"width":1112,"height":1132,"url":"https:\/\/ruuby.ee\/wp-content\/uploads\/2023\/10\/Screenshot-2023-10-20-at-16.06.28.png","type":"image\/png"}],"twitter_card":"summary_large_image","twitter_misc":{"Estimated reading time":"2 minutes"},"schema":{"@context":"https:\/\/schema.org","@graph":[{"@type":["WebPage","ItemPage"],"@id":"https:\/\/ruuby.ee\/pood\/joulueri\/joulukuunlad\/lubech-living-kalenderkuunal-koos-kuunlahoidjaga-hall\/","url":"https:\/\/ruuby.ee\/pood\/joulueri\/joulukuunlad\/lubech-living-kalenderkuunal-koos-kuunlahoidjaga-hall\/","name":"L\u00fcbech Living - kalenderk\u00fc\u00fcnal koos k\u00fc\u00fcnlahoidjaga, hall - RUUBY","isPartOf":{"@id":"https:\/\/ruuby.ee\/en\/#website"},"primaryImageOfPage":{"@id":"https:\/\/ruuby.ee\/pood\/joulueri\/joulukuunlad\/lubech-living-kalenderkuunal-koos-kuunlahoidjaga-hall\/#primaryimage"},"image":{"@id":"https:\/\/ruuby.ee\/pood\/joulueri\/joulukuunlad\/lubech-living-kalenderkuunal-koos-kuunlahoidjaga-hall\/#primaryimage"},"thumbnailUrl":"http:\/\/ruuby.ee\/wp-content\/uploads\/2023\/10\/Screenshot-2023-10-20-at-16.06.28.png","datePublished":"2023-11-01T05:00:14+00:00","dateModified":"2026-04-02T22:24:37+00:00","breadcrumb":{"@id":"https:\/\/ruuby.ee\/pood\/joulueri\/joulukuunlad\/lubech-living-kalenderkuunal-koos-kuunlahoidjaga-hall\/#breadcrumb"},"inLanguage":"en-GB","potentialAction":[{"@type":"ReadAction","target":["https:\/\/ruuby.ee\/pood\/joulueri\/joulukuunlad\/lubech-living-kalenderkuunal-koos-kuunlahoidjaga-hall\/"]}]},{"@type":"ImageObject","inLanguage":"en-GB","@id":"https:\/\/ruuby.ee\/pood\/joulueri\/joulukuunlad\/lubech-living-kalenderkuunal-koos-kuunlahoidjaga-hall\/#primaryimage","url":"http:\/\/ruuby.ee\/wp-content\/uploads\/2023\/10\/Screenshot-2023-10-20-at-16.06.28.png","contentUrl":"http:\/\/ruuby.ee\/wp-content\/uploads\/2023\/10\/Screenshot-2023-10-20-at-16.06.28.png","width":1112,"height":1132},{"@type":"BreadcrumbList","@id":"https:\/\/ruuby.ee\/pood\/joulueri\/joulukuunlad\/lubech-living-kalenderkuunal-koos-kuunlahoidjaga-hall\/#breadcrumb","itemListElement":[{"@type":"ListItem","position":1,"name":"Kdu","item":"https:\/\/ruuby.ee\/en\/"},{"@type":"ListItem","position":2,"name":"Pood","item":"https:\/\/ruuby.ee\/pood\/"},{"@type":"ListItem","position":3,"name":"L\u00fcbech Living &#8211; kalenderk\u00fc\u00fcnal koos k\u00fc\u00fcnlahoidjaga, hall"}]},{"@type":"WebSite","@id":"https:\/\/ruuby.ee\/en\/#website","url":"https:\/\/ruuby.ee\/en\/","name":"RUUBY","description":"Ruubys on \u00fchendatud elustiil ja disain","publisher":{"@id":"https:\/\/ruuby.ee\/en\/#organization"},"alternateName":"Ruuby Disain","potentialAction":[{"@type":"SearchAction","target":{"@type":"EntryPoint","urlTemplate":"https:\/\/ruuby.ee\/en\/?s={search_term_string}"},"query-input":{"@type":"PropertyValueSpecification","valueRequired":true,"valueName":"search_term_string"}}],"inLanguage":"en-GB"},{"@type":"Organization","@id":"https:\/\/ruuby.ee\/en\/#organization","name":"Ruuby Disain O\u00dc","alternateName":"Ruuby","url":"https:\/\/ruuby.ee\/en\/","logo":{"@type":"ImageObject","inLanguage":"en-GB","@id":"https:\/\/ruuby.ee\/en\/#\/schema\/logo\/image\/","url":"http:\/\/ruuby.ee\/wp-content\/uploads\/2023\/06\/cropped-Black-White-Elegant-Circle-Signature-Fashion-Logo-12_large.png","contentUrl":"http:\/\/ruuby.ee\/wp-content\/uploads\/2023\/06\/cropped-Black-White-Elegant-Circle-Signature-Fashion-Logo-12_large.png","width":1280,"height":747,"caption":"Ruuby Disain O\u00dc"},"image":{"@id":"https:\/\/ruuby.ee\/en\/#\/schema\/logo\/image\/"},"sameAs":["https:\/\/www.facebook.com\/ruubyconcept","https:\/\/www.instagram.com\/ruuby_concept\/"]}]}},"jetpack_sharing_enabled":true,"_links":{"self":[{"href":"http:\/\/ruuby.ee\/en\/wp-json\/wp\/v2\/product\/1840305","targetHints":{"allow":["GET"]}}],"collection":[{"href":"http:\/\/ruuby.ee\/en\/wp-json\/wp\/v2\/product"}],"about":[{"href":"http:\/\/ruuby.ee\/en\/wp-json\/wp\/v2\/types\/product"}],"replies":[{"embeddable":true,"href":"http:\/\/ruuby.ee\/en\/wp-json\/wp\/v2\/comments?post=1840305"}],"wp:featuredmedia":[{"embeddable":true,"href":"http:\/\/ruuby.ee\/en\/wp-json\/wp\/v2\/media\/1840306"}],"wp:attachment":[{"href":"http:\/\/ruuby.ee\/en\/wp-json\/wp\/v2\/media?parent=1840305"}],"wp:term":[{"taxonomy":"product_brand","embeddable":true,"href":"http:\/\/ruuby.ee\/en\/wp-json\/wp\/v2\/product_brand?post=1840305"},{"taxonomy":"product_cat","embeddable":true,"href":"http:\/\/ruuby.ee\/en\/wp-json\/wp\/v2\/product_cat?post=1840305"},{"taxonomy":"product_tag","embeddable":true,"href":"http:\/\/ruuby.ee\/en\/wp-json\/wp\/v2\/product_tag?post=1840305"}],"curies":[{"name":"wp","href":"https:\/\/api.w.org\/{rel}","templated":true}]}}