{"id":1840283,"date":"2023-11-01T07:00:02","date_gmt":"2023-11-01T05:00:02","guid":{"rendered":"http:\/\/ruuby.ee\/?post_type=product&#038;p=1840283"},"modified":"2026-04-05T01:25:31","modified_gmt":"2026-04-04T22:25:31","slug":"lubech-living-jouluehted-6tk-karbis-must","status":"publish","type":"product","link":"http:\/\/ruuby.ee\/en\/pood\/joulueri\/jouluehted\/lubech-living-jouluehted-6tk-karbis-must\/","title":{"rendered":"L\u00fcbech Living &#8211; J\u00f5uluehted, 6tk karbis, must"},"content":{"rendered":"<p>Tule ja avasta midagi t\u00e4iesti uut, kaunist ja ajatut!<\/p>\n<p>See kaunis j\u00f5ulupall pole mitte ainult vapustav, vaid selle valmistasid ka Sri Lanka \u00f5iglase kaubanduse projekti naised OOhhi vanapaberist. Iga pall on k\u00e4sit\u00f6\u00f6na valminud ja igale detailile on p\u00f6\u00f6ratud t\u00e4helepanu, muutes iga\u00fche neist ainulaadseks. Kasutatav paber p\u00e4rineb taaskasutatud materjalidest, nagu aegunud ajaleht ja muu vanapaber, mis tagab, et sellel tootel on minimaalne keskkonnam\u00f5ju.<\/p>\n<p>\u00d5iglase kaubanduse projekti naised t\u00f6\u00f6tavad suure uhkusega, et luua ilusaid ja j\u00e4tkusuutlikke tooteid, teenides oma pingutuste eest \u00f5iglast tasu. Ostes \u00fche j\u00f5ulupallidest, ei saa te mitte ainult kaunist lisandit oma p\u00fchadekaunistuseks, vaid toetate ka naiste ja nende perede toimetulekut.<\/p>\n<p>\u00dcksk\u00f5ik, kas riputate selle j\u00f5ulupalli oma kuusele v\u00f5i kasutate seda oma kodu kaunistamiseks, on see kindlasti vestluse alustaja. See on ideaalne kingitus keskkonnateadlikele s\u00f5pradele ja perele ning see jagab sel p\u00fchadehooajal kindlasti r\u00f5\u00f5mu ja tuju. Nii et miks mitte lisada oma p\u00fchadekaunistust veidi j\u00e4tkusuutlikkust OOhh Pulpi j\u00f5ulukuuli ja v\u00f5ib-olla m\u00f5ne muu OOhh Pulpi j\u00f5uluehetega?<\/p>\n<p>OOhh&#8217;s Zero Waste paber toodetakse ettev\u00f5ttesiseselt meie enda \u00fcleliigsest paberist, mis v\u00f5rdub 20 000 kg j\u00e4\u00e4tmetega aastas pluss v\u00e4ljast kogutud j\u00e4\u00e4tmed. Paberi pehmus v\u00f5imaldab meil kujundada paberist k\u00f5ige ilusamad kujundid. Zero Waste paper on suurep\u00e4rane n\u00e4ide tuleviku keskkonnas\u00f5bralikust arengust.<\/p>\n<p>Diameeter 8cm.<\/p>","protected":false},"excerpt":{"rendered":"<p>Tule ja avasta midagi t\u00e4iesti uut, kaunist ja ajatut! See kaunis j\u00f5ulupall pole mitte ainult vapustav, vaid selle valmistasid ka Sri Lanka \u00f5iglase kaubanduse projekti naised OOhhi vanapaberist. Iga pall on k\u00e4sit\u00f6\u00f6na valminud ja igale detailile on p\u00f6\u00f6ratud t\u00e4helepanu, muutes iga\u00fche neist ainulaadseks. Kasutatav paber p\u00e4rineb taaskasutatud materjalidest, nagu aegunud ajaleht ja muu vanapaber, mis [&hellip;]<\/p>\n","protected":false},"featured_media":1840284,"comment_status":"open","ping_status":"closed","template":"","meta":[],"product_brand":[],"product_cat":[949,491],"product_tag":[],"class_list":{"0":"post-1840283","1":"product","2":"type-product","3":"status-publish","4":"has-post-thumbnail","6":"product_cat-jouluehted","7":"product_cat-joulueri","9":"first","10":"instock","11":"taxable","12":"shipping-taxable","13":"purchasable","14":"product-type-simple"},"yoast_head":"<!-- This site is optimized with the Yoast SEO plugin v27.2 - https:\/\/yoast.com\/product\/yoast-seo-wordpress\/ -->\n<title>L\u00fcbech Living - J\u00f5uluehted, 6tk karbis, must - RUUBY<\/title>\n<meta name=\"robots\" content=\"index, follow, max-snippet:-1, max-image-preview:large, max-video-preview:-1\" \/>\n<link rel=\"canonical\" href=\"https:\/\/ruuby.ee\/en\/pood\/joulueri\/jouluehted\/lubech-living-jouluehted-6tk-karbis-must\/\" \/>\n<meta property=\"og:locale\" content=\"en_GB\" \/>\n<meta property=\"og:type\" content=\"article\" \/>\n<meta property=\"og:title\" content=\"L\u00fcbech Living - J\u00f5uluehted, 6tk karbis, must - RUUBY\" \/>\n<meta property=\"og:description\" content=\"Tule ja avasta midagi t\u00e4iesti uut, kaunist ja ajatut! See kaunis j\u00f5ulupall pole mitte ainult vapustav, vaid selle valmistasid ka Sri Lanka \u00f5iglase kaubanduse projekti naised OOhhi vanapaberist. Iga pall on k\u00e4sit\u00f6\u00f6na valminud ja igale detailile on p\u00f6\u00f6ratud t\u00e4helepanu, muutes iga\u00fche neist ainulaadseks. Kasutatav paber p\u00e4rineb taaskasutatud materjalidest, nagu aegunud ajaleht ja muu vanapaber, mis [&hellip;]\" \/>\n<meta property=\"og:url\" content=\"https:\/\/ruuby.ee\/en\/pood\/joulueri\/jouluehted\/lubech-living-jouluehted-6tk-karbis-must\/\" \/>\n<meta property=\"og:site_name\" content=\"RUUBY\" \/>\n<meta property=\"article:publisher\" content=\"https:\/\/www.facebook.com\/ruubyconcept\" \/>\n<meta property=\"article:modified_time\" content=\"2026-04-04T22:25:31+00:00\" \/>\n<meta property=\"og:image\" content=\"https:\/\/ruuby.ee\/wp-content\/uploads\/2023\/10\/Screenshot-2023-10-20-at-15.46.18.png\" \/>\n\t<meta property=\"og:image:width\" content=\"1048\" \/>\n\t<meta property=\"og:image:height\" content=\"1128\" \/>\n\t<meta property=\"og:image:type\" content=\"image\/png\" \/>\n<meta name=\"twitter:card\" content=\"summary_large_image\" \/>\n<meta name=\"twitter:label1\" content=\"Estimated reading time\" \/>\n\t<meta name=\"twitter:data1\" content=\"2 minutes\" \/>\n<script type=\"application\/ld+json\" class=\"yoast-schema-graph\">{\"@context\":\"https:\/\/schema.org\",\"@graph\":[{\"@type\":[\"WebPage\",\"ItemPage\"],\"@id\":\"https:\/\/ruuby.ee\/pood\/joulueri\/jouluehted\/lubech-living-jouluehted-6tk-karbis-must\/\",\"url\":\"https:\/\/ruuby.ee\/pood\/joulueri\/jouluehted\/lubech-living-jouluehted-6tk-karbis-must\/\",\"name\":\"L\u00fcbech Living - J\u00f5uluehted, 6tk karbis, must - RUUBY\",\"isPartOf\":{\"@id\":\"http:\/\/ruuby.ee\/#website\"},\"primaryImageOfPage\":{\"@id\":\"https:\/\/ruuby.ee\/pood\/joulueri\/jouluehted\/lubech-living-jouluehted-6tk-karbis-must\/#primaryimage\"},\"image\":{\"@id\":\"https:\/\/ruuby.ee\/pood\/joulueri\/jouluehted\/lubech-living-jouluehted-6tk-karbis-must\/#primaryimage\"},\"thumbnailUrl\":\"http:\/\/ruuby.ee\/wp-content\/uploads\/2023\/10\/Screenshot-2023-10-20-at-15.46.18.png\",\"datePublished\":\"2023-11-01T05:00:02+00:00\",\"dateModified\":\"2026-04-04T22:25:31+00:00\",\"breadcrumb\":{\"@id\":\"https:\/\/ruuby.ee\/pood\/joulueri\/jouluehted\/lubech-living-jouluehted-6tk-karbis-must\/#breadcrumb\"},\"inLanguage\":\"en-GB\",\"potentialAction\":[{\"@type\":\"ReadAction\",\"target\":[\"https:\/\/ruuby.ee\/pood\/joulueri\/jouluehted\/lubech-living-jouluehted-6tk-karbis-must\/\"]}]},{\"@type\":\"ImageObject\",\"inLanguage\":\"en-GB\",\"@id\":\"https:\/\/ruuby.ee\/pood\/joulueri\/jouluehted\/lubech-living-jouluehted-6tk-karbis-must\/#primaryimage\",\"url\":\"http:\/\/ruuby.ee\/wp-content\/uploads\/2023\/10\/Screenshot-2023-10-20-at-15.46.18.png\",\"contentUrl\":\"http:\/\/ruuby.ee\/wp-content\/uploads\/2023\/10\/Screenshot-2023-10-20-at-15.46.18.png\",\"width\":1048,\"height\":1128},{\"@type\":\"BreadcrumbList\",\"@id\":\"https:\/\/ruuby.ee\/pood\/joulueri\/jouluehted\/lubech-living-jouluehted-6tk-karbis-must\/#breadcrumb\",\"itemListElement\":[{\"@type\":\"ListItem\",\"position\":1,\"name\":\"Kdu\",\"item\":\"http:\/\/ruuby.ee\/\"},{\"@type\":\"ListItem\",\"position\":2,\"name\":\"Pood\",\"item\":\"https:\/\/ruuby.ee\/en\/pood\/\"},{\"@type\":\"ListItem\",\"position\":3,\"name\":\"L\u00fcbech Living &#8211; J\u00f5uluehted, 6tk karbis, must\"}]},{\"@type\":\"WebSite\",\"@id\":\"http:\/\/ruuby.ee\/#website\",\"url\":\"http:\/\/ruuby.ee\/\",\"name\":\"RUUBY\",\"description\":\"Ruubys on \u00fchendatud elustiil ja disain\",\"publisher\":{\"@id\":\"http:\/\/ruuby.ee\/#organization\"},\"alternateName\":\"Ruuby Disain\",\"potentialAction\":[{\"@type\":\"SearchAction\",\"target\":{\"@type\":\"EntryPoint\",\"urlTemplate\":\"http:\/\/ruuby.ee\/?s={search_term_string}\"},\"query-input\":{\"@type\":\"PropertyValueSpecification\",\"valueRequired\":true,\"valueName\":\"search_term_string\"}}],\"inLanguage\":\"en-GB\"},{\"@type\":\"Organization\",\"@id\":\"http:\/\/ruuby.ee\/#organization\",\"name\":\"Ruuby Disain O\u00dc\",\"alternateName\":\"Ruuby\",\"url\":\"http:\/\/ruuby.ee\/\",\"logo\":{\"@type\":\"ImageObject\",\"inLanguage\":\"en-GB\",\"@id\":\"http:\/\/ruuby.ee\/#\/schema\/logo\/image\/\",\"url\":\"http:\/\/ruuby.ee\/wp-content\/uploads\/2023\/06\/cropped-Black-White-Elegant-Circle-Signature-Fashion-Logo-12_large.png\",\"contentUrl\":\"http:\/\/ruuby.ee\/wp-content\/uploads\/2023\/06\/cropped-Black-White-Elegant-Circle-Signature-Fashion-Logo-12_large.png\",\"width\":1280,\"height\":747,\"caption\":\"Ruuby Disain O\u00dc\"},\"image\":{\"@id\":\"http:\/\/ruuby.ee\/#\/schema\/logo\/image\/\"},\"sameAs\":[\"https:\/\/www.facebook.com\/ruubyconcept\",\"https:\/\/www.instagram.com\/ruuby_concept\/\"]}]}<\/script>\n<!-- \/ Yoast SEO plugin. -->","yoast_head_json":{"title":"L\u00fcbech Living - J\u00f5uluehted, 6tk karbis, must - RUUBY","robots":{"index":"index","follow":"follow","max-snippet":"max-snippet:-1","max-image-preview":"max-image-preview:large","max-video-preview":"max-video-preview:-1"},"canonical":"https:\/\/ruuby.ee\/en\/pood\/joulueri\/jouluehted\/lubech-living-jouluehted-6tk-karbis-must\/","og_locale":"en_GB","og_type":"article","og_title":"L\u00fcbech Living - J\u00f5uluehted, 6tk karbis, must - RUUBY","og_description":"Tule ja avasta midagi t\u00e4iesti uut, kaunist ja ajatut! See kaunis j\u00f5ulupall pole mitte ainult vapustav, vaid selle valmistasid ka Sri Lanka \u00f5iglase kaubanduse projekti naised OOhhi vanapaberist. Iga pall on k\u00e4sit\u00f6\u00f6na valminud ja igale detailile on p\u00f6\u00f6ratud t\u00e4helepanu, muutes iga\u00fche neist ainulaadseks. Kasutatav paber p\u00e4rineb taaskasutatud materjalidest, nagu aegunud ajaleht ja muu vanapaber, mis [&hellip;]","og_url":"https:\/\/ruuby.ee\/en\/pood\/joulueri\/jouluehted\/lubech-living-jouluehted-6tk-karbis-must\/","og_site_name":"RUUBY","article_publisher":"https:\/\/www.facebook.com\/ruubyconcept","article_modified_time":"2026-04-04T22:25:31+00:00","og_image":[{"width":1048,"height":1128,"url":"https:\/\/ruuby.ee\/wp-content\/uploads\/2023\/10\/Screenshot-2023-10-20-at-15.46.18.png","type":"image\/png"}],"twitter_card":"summary_large_image","twitter_misc":{"Estimated reading time":"2 minutes"},"schema":{"@context":"https:\/\/schema.org","@graph":[{"@type":["WebPage","ItemPage"],"@id":"https:\/\/ruuby.ee\/pood\/joulueri\/jouluehted\/lubech-living-jouluehted-6tk-karbis-must\/","url":"https:\/\/ruuby.ee\/pood\/joulueri\/jouluehted\/lubech-living-jouluehted-6tk-karbis-must\/","name":"L\u00fcbech Living - J\u00f5uluehted, 6tk karbis, must - RUUBY","isPartOf":{"@id":"http:\/\/ruuby.ee\/#website"},"primaryImageOfPage":{"@id":"https:\/\/ruuby.ee\/pood\/joulueri\/jouluehted\/lubech-living-jouluehted-6tk-karbis-must\/#primaryimage"},"image":{"@id":"https:\/\/ruuby.ee\/pood\/joulueri\/jouluehted\/lubech-living-jouluehted-6tk-karbis-must\/#primaryimage"},"thumbnailUrl":"http:\/\/ruuby.ee\/wp-content\/uploads\/2023\/10\/Screenshot-2023-10-20-at-15.46.18.png","datePublished":"2023-11-01T05:00:02+00:00","dateModified":"2026-04-04T22:25:31+00:00","breadcrumb":{"@id":"https:\/\/ruuby.ee\/pood\/joulueri\/jouluehted\/lubech-living-jouluehted-6tk-karbis-must\/#breadcrumb"},"inLanguage":"en-GB","potentialAction":[{"@type":"ReadAction","target":["https:\/\/ruuby.ee\/pood\/joulueri\/jouluehted\/lubech-living-jouluehted-6tk-karbis-must\/"]}]},{"@type":"ImageObject","inLanguage":"en-GB","@id":"https:\/\/ruuby.ee\/pood\/joulueri\/jouluehted\/lubech-living-jouluehted-6tk-karbis-must\/#primaryimage","url":"http:\/\/ruuby.ee\/wp-content\/uploads\/2023\/10\/Screenshot-2023-10-20-at-15.46.18.png","contentUrl":"http:\/\/ruuby.ee\/wp-content\/uploads\/2023\/10\/Screenshot-2023-10-20-at-15.46.18.png","width":1048,"height":1128},{"@type":"BreadcrumbList","@id":"https:\/\/ruuby.ee\/pood\/joulueri\/jouluehted\/lubech-living-jouluehted-6tk-karbis-must\/#breadcrumb","itemListElement":[{"@type":"ListItem","position":1,"name":"Kdu","item":"http:\/\/ruuby.ee\/"},{"@type":"ListItem","position":2,"name":"Pood","item":"https:\/\/ruuby.ee\/en\/pood\/"},{"@type":"ListItem","position":3,"name":"L\u00fcbech Living &#8211; J\u00f5uluehted, 6tk karbis, must"}]},{"@type":"WebSite","@id":"http:\/\/ruuby.ee\/#website","url":"http:\/\/ruuby.ee\/","name":"RUUBY","description":"Ruubys on \u00fchendatud elustiil ja disain","publisher":{"@id":"http:\/\/ruuby.ee\/#organization"},"alternateName":"Ruuby Disain","potentialAction":[{"@type":"SearchAction","target":{"@type":"EntryPoint","urlTemplate":"http:\/\/ruuby.ee\/?s={search_term_string}"},"query-input":{"@type":"PropertyValueSpecification","valueRequired":true,"valueName":"search_term_string"}}],"inLanguage":"en-GB"},{"@type":"Organization","@id":"http:\/\/ruuby.ee\/#organization","name":"Ruuby Disain O\u00dc","alternateName":"Ruuby","url":"http:\/\/ruuby.ee\/","logo":{"@type":"ImageObject","inLanguage":"en-GB","@id":"http:\/\/ruuby.ee\/#\/schema\/logo\/image\/","url":"http:\/\/ruuby.ee\/wp-content\/uploads\/2023\/06\/cropped-Black-White-Elegant-Circle-Signature-Fashion-Logo-12_large.png","contentUrl":"http:\/\/ruuby.ee\/wp-content\/uploads\/2023\/06\/cropped-Black-White-Elegant-Circle-Signature-Fashion-Logo-12_large.png","width":1280,"height":747,"caption":"Ruuby Disain O\u00dc"},"image":{"@id":"http:\/\/ruuby.ee\/#\/schema\/logo\/image\/"},"sameAs":["https:\/\/www.facebook.com\/ruubyconcept","https:\/\/www.instagram.com\/ruuby_concept\/"]}]}},"jetpack_sharing_enabled":true,"_links":{"self":[{"href":"http:\/\/ruuby.ee\/en\/wp-json\/wp\/v2\/product\/1840283","targetHints":{"allow":["GET"]}}],"collection":[{"href":"http:\/\/ruuby.ee\/en\/wp-json\/wp\/v2\/product"}],"about":[{"href":"http:\/\/ruuby.ee\/en\/wp-json\/wp\/v2\/types\/product"}],"replies":[{"embeddable":true,"href":"http:\/\/ruuby.ee\/en\/wp-json\/wp\/v2\/comments?post=1840283"}],"wp:featuredmedia":[{"embeddable":true,"href":"http:\/\/ruuby.ee\/en\/wp-json\/wp\/v2\/media\/1840284"}],"wp:attachment":[{"href":"http:\/\/ruuby.ee\/en\/wp-json\/wp\/v2\/media?parent=1840283"}],"wp:term":[{"taxonomy":"product_brand","embeddable":true,"href":"http:\/\/ruuby.ee\/en\/wp-json\/wp\/v2\/product_brand?post=1840283"},{"taxonomy":"product_cat","embeddable":true,"href":"http:\/\/ruuby.ee\/en\/wp-json\/wp\/v2\/product_cat?post=1840283"},{"taxonomy":"product_tag","embeddable":true,"href":"http:\/\/ruuby.ee\/en\/wp-json\/wp\/v2\/product_tag?post=1840283"}],"curies":[{"name":"wp","href":"https:\/\/api.w.org\/{rel}","templated":true}]}}