{"id":1840226,"date":"2023-10-18T15:04:21","date_gmt":"2023-10-18T12:04:21","guid":{"rendered":"http:\/\/ruuby.ee\/?post_type=product&#038;p=1840226"},"modified":"2026-04-04T01:25:01","modified_gmt":"2026-04-03T22:25:01","slug":"umage-seinalamp-omni-wall","status":"publish","type":"product","link":"http:\/\/ruuby.ee\/en\/pood\/kodusisustus\/valgustus\/seinalambid\/umage-seinalamp-omni-wall\/","title":{"rendered":"UMAGE &#8211; seinalamp, Omni Wall"},"content":{"rendered":"<p>Oma lihtsa disainiga Omni seinalamp \u00fchendab vormi ja funktsiooni vaevata, heidab pehmet ja rahulikku valgust, mis muudab iga ruumi atmosf\u00e4\u00e4ri.<\/p>\n<p>Disaini keskmes on multifunktsionaalsus ja paindlikkus. Omni seina saab h\u00f5lpsasti 360 kraadi p\u00f6\u00f6rata, v\u00f5imaldades teil valgust raamida vastavalt soovitud \u00f5hkkonnale. Olenemata sellest, kas eelistate horisontaalset v\u00f5i vertikaalset orientatsiooni v\u00f5i midagi vahepealset, kohandub Omni sein teie ruumiga, pakkudes t\u00e4ielikku kontrolli valgustuse suuna \u00fcle. Lambi p\u00f5hjas asuv h\u00e4mardatav funktsioon v\u00f5imaldab teil valgust kohandada, suurendades disaini paindlikkust veelgi.<\/p>\n<p>Kaasates vormi ja funktsiooni messingist ja punktiirjoontest valguse s\u00fcmfoonias, heidab Omni seinalamp pehme valguse k\u00f5igele alates teie voodikohast kuni seinte maalimiseni.<\/p>\n<p>M\u00f5\u00f5dud: H \u00d7 W \u00d7 D: 16.6 \u00d7 74 \u00d7 14.7 cm<\/p>\n<p>Materjalid: Teras, alumiinium, PP ja PMMA<\/p>\n<p>See lamp on h\u00e4mardatav, CRI: 94 \u226530000 H., Sisseehitatud 17W LED-paneel.<\/p>","protected":false},"excerpt":{"rendered":"<p>Ruuby showroomi laos olemas Brushed Brass &#8211; \u00a01tk kohe saadaval.<\/p>","protected":false},"featured_media":1840234,"comment_status":"open","ping_status":"closed","template":"","meta":[],"product_brand":[],"product_cat":[799,59],"product_tag":[],"class_list":{"0":"post-1840226","1":"product","2":"type-product","3":"status-publish","4":"has-post-thumbnail","6":"product_cat-seinalambid","7":"product_cat-valgustus","9":"first","10":"onbackorder","11":"sale","12":"taxable","13":"shipping-taxable","14":"purchasable","15":"product-type-variable","16":"rtwpvs-product"},"yoast_head":"<!-- This site is optimized with the Yoast SEO plugin v27.2 - https:\/\/yoast.com\/product\/yoast-seo-wordpress\/ -->\n<title>UMAGE - seinalamp, Omni Wall - RUUBY<\/title>\n<meta name=\"robots\" content=\"index, follow, max-snippet:-1, max-image-preview:large, max-video-preview:-1\" \/>\n<link rel=\"canonical\" href=\"http:\/\/ruuby.ee\/en\/pood\/kodusisustus\/valgustus\/seinalambid\/umage-seinalamp-omni-wall\/\" \/>\n<meta property=\"og:locale\" content=\"en_GB\" \/>\n<meta property=\"og:type\" content=\"article\" \/>\n<meta property=\"og:title\" content=\"UMAGE - seinalamp, Omni Wall - RUUBY\" \/>\n<meta property=\"og:description\" content=\"Ruuby showroomi laos olemas Brushed Brass - \u00a01tk kohe saadaval.\" \/>\n<meta property=\"og:url\" content=\"http:\/\/ruuby.ee\/en\/pood\/kodusisustus\/valgustus\/seinalambid\/umage-seinalamp-omni-wall\/\" \/>\n<meta property=\"og:site_name\" content=\"RUUBY\" \/>\n<meta property=\"article:publisher\" content=\"https:\/\/www.facebook.com\/ruubyconcept\" \/>\n<meta property=\"article:modified_time\" content=\"2026-04-03T22:25:01+00:00\" \/>\n<meta property=\"og:image\" content=\"http:\/\/ruuby.ee\/wp-content\/uploads\/2023\/10\/Screenshot-2023-10-18-at-15.02.18.png\" \/>\n\t<meta property=\"og:image:width\" content=\"1056\" \/>\n\t<meta property=\"og:image:height\" content=\"956\" \/>\n\t<meta property=\"og:image:type\" content=\"image\/png\" \/>\n<meta name=\"twitter:card\" content=\"summary_large_image\" \/>\n<meta name=\"twitter:label1\" content=\"Estimated reading time\" \/>\n\t<meta name=\"twitter:data1\" content=\"1 minute\" \/>\n<script type=\"application\/ld+json\" class=\"yoast-schema-graph\">{\"@context\":\"https:\/\/schema.org\",\"@graph\":[{\"@type\":[\"WebPage\",\"ItemPage\"],\"@id\":\"http:\/\/ruuby.ee\/en\/pood\/kodusisustus\/valgustus\/seinalambid\/umage-seinalamp-omni-wall\/\",\"url\":\"http:\/\/ruuby.ee\/en\/pood\/kodusisustus\/valgustus\/seinalambid\/umage-seinalamp-omni-wall\/\",\"name\":\"UMAGE - seinalamp, Omni Wall - RUUBY\",\"isPartOf\":{\"@id\":\"https:\/\/ruuby.ee\/en\/#website\"},\"primaryImageOfPage\":{\"@id\":\"http:\/\/ruuby.ee\/en\/pood\/kodusisustus\/valgustus\/seinalambid\/umage-seinalamp-omni-wall\/#primaryimage\"},\"image\":{\"@id\":\"http:\/\/ruuby.ee\/en\/pood\/kodusisustus\/valgustus\/seinalambid\/umage-seinalamp-omni-wall\/#primaryimage\"},\"thumbnailUrl\":\"http:\/\/ruuby.ee\/wp-content\/uploads\/2023\/10\/Screenshot-2023-10-18-at-15.02.18.png\",\"datePublished\":\"2023-10-18T12:04:21+00:00\",\"dateModified\":\"2026-04-03T22:25:01+00:00\",\"breadcrumb\":{\"@id\":\"http:\/\/ruuby.ee\/en\/pood\/kodusisustus\/valgustus\/seinalambid\/umage-seinalamp-omni-wall\/#breadcrumb\"},\"inLanguage\":\"en-GB\",\"potentialAction\":[{\"@type\":\"ReadAction\",\"target\":[\"http:\/\/ruuby.ee\/en\/pood\/kodusisustus\/valgustus\/seinalambid\/umage-seinalamp-omni-wall\/\"]}]},{\"@type\":\"ImageObject\",\"inLanguage\":\"en-GB\",\"@id\":\"http:\/\/ruuby.ee\/en\/pood\/kodusisustus\/valgustus\/seinalambid\/umage-seinalamp-omni-wall\/#primaryimage\",\"url\":\"http:\/\/ruuby.ee\/wp-content\/uploads\/2023\/10\/Screenshot-2023-10-18-at-15.02.18.png\",\"contentUrl\":\"http:\/\/ruuby.ee\/wp-content\/uploads\/2023\/10\/Screenshot-2023-10-18-at-15.02.18.png\",\"width\":1056,\"height\":956},{\"@type\":\"BreadcrumbList\",\"@id\":\"http:\/\/ruuby.ee\/en\/pood\/kodusisustus\/valgustus\/seinalambid\/umage-seinalamp-omni-wall\/#breadcrumb\",\"itemListElement\":[{\"@type\":\"ListItem\",\"position\":1,\"name\":\"Kdu\",\"item\":\"https:\/\/ruuby.ee\/en\/\"},{\"@type\":\"ListItem\",\"position\":2,\"name\":\"Pood\",\"item\":\"https:\/\/ruuby.ee\/pood\/\"},{\"@type\":\"ListItem\",\"position\":3,\"name\":\"UMAGE &#8211; seinalamp, Omni Wall\"}]},{\"@type\":\"WebSite\",\"@id\":\"https:\/\/ruuby.ee\/en\/#website\",\"url\":\"https:\/\/ruuby.ee\/en\/\",\"name\":\"RUUBY\",\"description\":\"Ruubys on \u00fchendatud elustiil ja disain\",\"publisher\":{\"@id\":\"https:\/\/ruuby.ee\/en\/#organization\"},\"alternateName\":\"Ruuby Disain\",\"potentialAction\":[{\"@type\":\"SearchAction\",\"target\":{\"@type\":\"EntryPoint\",\"urlTemplate\":\"https:\/\/ruuby.ee\/en\/?s={search_term_string}\"},\"query-input\":{\"@type\":\"PropertyValueSpecification\",\"valueRequired\":true,\"valueName\":\"search_term_string\"}}],\"inLanguage\":\"en-GB\"},{\"@type\":\"Organization\",\"@id\":\"https:\/\/ruuby.ee\/en\/#organization\",\"name\":\"Ruuby Disain O\u00dc\",\"alternateName\":\"Ruuby\",\"url\":\"https:\/\/ruuby.ee\/en\/\",\"logo\":{\"@type\":\"ImageObject\",\"inLanguage\":\"en-GB\",\"@id\":\"https:\/\/ruuby.ee\/en\/#\/schema\/logo\/image\/\",\"url\":\"http:\/\/ruuby.ee\/wp-content\/uploads\/2023\/06\/cropped-Black-White-Elegant-Circle-Signature-Fashion-Logo-12_large.png\",\"contentUrl\":\"http:\/\/ruuby.ee\/wp-content\/uploads\/2023\/06\/cropped-Black-White-Elegant-Circle-Signature-Fashion-Logo-12_large.png\",\"width\":1280,\"height\":747,\"caption\":\"Ruuby Disain O\u00dc\"},\"image\":{\"@id\":\"https:\/\/ruuby.ee\/en\/#\/schema\/logo\/image\/\"},\"sameAs\":[\"https:\/\/www.facebook.com\/ruubyconcept\",\"https:\/\/www.instagram.com\/ruuby_concept\/\"]}]}<\/script>\n<!-- \/ Yoast SEO plugin. -->","yoast_head_json":{"title":"UMAGE - seinalamp, Omni Wall - RUUBY","robots":{"index":"index","follow":"follow","max-snippet":"max-snippet:-1","max-image-preview":"max-image-preview:large","max-video-preview":"max-video-preview:-1"},"canonical":"http:\/\/ruuby.ee\/en\/pood\/kodusisustus\/valgustus\/seinalambid\/umage-seinalamp-omni-wall\/","og_locale":"en_GB","og_type":"article","og_title":"UMAGE - seinalamp, Omni Wall - RUUBY","og_description":"Ruuby showroomi laos olemas Brushed Brass - \u00a01tk kohe saadaval.","og_url":"http:\/\/ruuby.ee\/en\/pood\/kodusisustus\/valgustus\/seinalambid\/umage-seinalamp-omni-wall\/","og_site_name":"RUUBY","article_publisher":"https:\/\/www.facebook.com\/ruubyconcept","article_modified_time":"2026-04-03T22:25:01+00:00","og_image":[{"width":1056,"height":956,"url":"http:\/\/ruuby.ee\/wp-content\/uploads\/2023\/10\/Screenshot-2023-10-18-at-15.02.18.png","type":"image\/png"}],"twitter_card":"summary_large_image","twitter_misc":{"Estimated reading time":"1 minute"},"schema":{"@context":"https:\/\/schema.org","@graph":[{"@type":["WebPage","ItemPage"],"@id":"http:\/\/ruuby.ee\/en\/pood\/kodusisustus\/valgustus\/seinalambid\/umage-seinalamp-omni-wall\/","url":"http:\/\/ruuby.ee\/en\/pood\/kodusisustus\/valgustus\/seinalambid\/umage-seinalamp-omni-wall\/","name":"UMAGE - seinalamp, Omni Wall - RUUBY","isPartOf":{"@id":"https:\/\/ruuby.ee\/en\/#website"},"primaryImageOfPage":{"@id":"http:\/\/ruuby.ee\/en\/pood\/kodusisustus\/valgustus\/seinalambid\/umage-seinalamp-omni-wall\/#primaryimage"},"image":{"@id":"http:\/\/ruuby.ee\/en\/pood\/kodusisustus\/valgustus\/seinalambid\/umage-seinalamp-omni-wall\/#primaryimage"},"thumbnailUrl":"http:\/\/ruuby.ee\/wp-content\/uploads\/2023\/10\/Screenshot-2023-10-18-at-15.02.18.png","datePublished":"2023-10-18T12:04:21+00:00","dateModified":"2026-04-03T22:25:01+00:00","breadcrumb":{"@id":"http:\/\/ruuby.ee\/en\/pood\/kodusisustus\/valgustus\/seinalambid\/umage-seinalamp-omni-wall\/#breadcrumb"},"inLanguage":"en-GB","potentialAction":[{"@type":"ReadAction","target":["http:\/\/ruuby.ee\/en\/pood\/kodusisustus\/valgustus\/seinalambid\/umage-seinalamp-omni-wall\/"]}]},{"@type":"ImageObject","inLanguage":"en-GB","@id":"http:\/\/ruuby.ee\/en\/pood\/kodusisustus\/valgustus\/seinalambid\/umage-seinalamp-omni-wall\/#primaryimage","url":"http:\/\/ruuby.ee\/wp-content\/uploads\/2023\/10\/Screenshot-2023-10-18-at-15.02.18.png","contentUrl":"http:\/\/ruuby.ee\/wp-content\/uploads\/2023\/10\/Screenshot-2023-10-18-at-15.02.18.png","width":1056,"height":956},{"@type":"BreadcrumbList","@id":"http:\/\/ruuby.ee\/en\/pood\/kodusisustus\/valgustus\/seinalambid\/umage-seinalamp-omni-wall\/#breadcrumb","itemListElement":[{"@type":"ListItem","position":1,"name":"Kdu","item":"https:\/\/ruuby.ee\/en\/"},{"@type":"ListItem","position":2,"name":"Pood","item":"https:\/\/ruuby.ee\/pood\/"},{"@type":"ListItem","position":3,"name":"UMAGE &#8211; seinalamp, Omni Wall"}]},{"@type":"WebSite","@id":"https:\/\/ruuby.ee\/en\/#website","url":"https:\/\/ruuby.ee\/en\/","name":"RUUBY","description":"Ruubys on \u00fchendatud elustiil ja disain","publisher":{"@id":"https:\/\/ruuby.ee\/en\/#organization"},"alternateName":"Ruuby Disain","potentialAction":[{"@type":"SearchAction","target":{"@type":"EntryPoint","urlTemplate":"https:\/\/ruuby.ee\/en\/?s={search_term_string}"},"query-input":{"@type":"PropertyValueSpecification","valueRequired":true,"valueName":"search_term_string"}}],"inLanguage":"en-GB"},{"@type":"Organization","@id":"https:\/\/ruuby.ee\/en\/#organization","name":"Ruuby Disain O\u00dc","alternateName":"Ruuby","url":"https:\/\/ruuby.ee\/en\/","logo":{"@type":"ImageObject","inLanguage":"en-GB","@id":"https:\/\/ruuby.ee\/en\/#\/schema\/logo\/image\/","url":"http:\/\/ruuby.ee\/wp-content\/uploads\/2023\/06\/cropped-Black-White-Elegant-Circle-Signature-Fashion-Logo-12_large.png","contentUrl":"http:\/\/ruuby.ee\/wp-content\/uploads\/2023\/06\/cropped-Black-White-Elegant-Circle-Signature-Fashion-Logo-12_large.png","width":1280,"height":747,"caption":"Ruuby Disain O\u00dc"},"image":{"@id":"https:\/\/ruuby.ee\/en\/#\/schema\/logo\/image\/"},"sameAs":["https:\/\/www.facebook.com\/ruubyconcept","https:\/\/www.instagram.com\/ruuby_concept\/"]}]}},"jetpack_sharing_enabled":true,"_links":{"self":[{"href":"http:\/\/ruuby.ee\/en\/wp-json\/wp\/v2\/product\/1840226","targetHints":{"allow":["GET"]}}],"collection":[{"href":"http:\/\/ruuby.ee\/en\/wp-json\/wp\/v2\/product"}],"about":[{"href":"http:\/\/ruuby.ee\/en\/wp-json\/wp\/v2\/types\/product"}],"replies":[{"embeddable":true,"href":"http:\/\/ruuby.ee\/en\/wp-json\/wp\/v2\/comments?post=1840226"}],"wp:featuredmedia":[{"embeddable":true,"href":"http:\/\/ruuby.ee\/en\/wp-json\/wp\/v2\/media\/1840234"}],"wp:attachment":[{"href":"http:\/\/ruuby.ee\/en\/wp-json\/wp\/v2\/media?parent=1840226"}],"wp:term":[{"taxonomy":"product_brand","embeddable":true,"href":"http:\/\/ruuby.ee\/en\/wp-json\/wp\/v2\/product_brand?post=1840226"},{"taxonomy":"product_cat","embeddable":true,"href":"http:\/\/ruuby.ee\/en\/wp-json\/wp\/v2\/product_cat?post=1840226"},{"taxonomy":"product_tag","embeddable":true,"href":"http:\/\/ruuby.ee\/en\/wp-json\/wp\/v2\/product_tag?post=1840226"}],"curies":[{"name":"wp","href":"https:\/\/api.w.org\/{rel}","templated":true}]}}